{"id":5565,"date":"2022-02-22T01:51:04","date_gmt":"2022-02-22T01:51:04","guid":{"rendered":"https:\/\/medicinasinc.com\/no\/?post_type=product&#038;p=5565"},"modified":"2022-03-22T00:49:39","modified_gmt":"2022-03-22T00:49:39","slug":"kjop-mdpv-metylendioksypyrovaleron-pulver","status":"publish","type":"product","link":"https:\/\/medicinasinc.com\/no\/product\/kjop-mdpv-metylendioksypyrovaleron-pulver\/","title":{"rendered":"Kj\u00f8p MDPV (Methylenedioxypyrovalerone) Pulver"},"content":{"rendered":"<p>MDPV er tilgjengelig for kj\u00f8p her.<\/p>\n<p>kj\u00f8p MDPV online for eget bruk eller for \u00e5 videreselge. Vi kan garantere at v\u00e5rt MDPV-pulver til salgs er av h\u00f8yeste kvalitet som for tiden er tilgjengelig p\u00e5 markedet. Western Union, MoneyGram og bitcoins er blant betalingsmetodene vi godtar. Vi har ogs\u00e5 et bredt utvalg av forskjellige forskningskjemikalier til salgs, inkludert JWH-018. V\u00e6r oppmerksom p\u00e5 at vi ikke er ansvarlige for hvordan v\u00e5r MDPV til salgs i USA brukes av v\u00e5re kunder.<\/p>\n<p>Et sentralstimulerende middel av katinonklassen, MDPV (Methylenedioxypyrovalerone) pulver kan kj\u00f8pes p\u00e5 nettet. Det er en noradrenalin-dopamin reopptakshemmer og en psykotropisk sentralstimulerende medisin. P\u00e5 1960-tallet skapte et team ved Boehringer Ingelheim det.<br \/> PULVERFORM AV MDPV (METHYLENEDIOXYPYROVALERONE):<br \/> P\u00e5 grunn av sin fine tekstur og tendens til \u00e5 klebe sammen n\u00e5r det utsettes for fuktighet, blir hydrokloridsaltet ofte forvekslet med sukkerpulver.<br \/> MDPVs stimulerende egenskaper har blitt sammenlignet med egenskapene til kokain, metylfenidat og amfetamin.<\/p>\n<div class=\"entry-content gbtr_product_description\">\n<h3 class=\"fusion-responsive-typography-calculated \" data-fontsize=\"16\" data-lineheight=\"24px\"><\/h3>\n<\/p><\/div>\n","protected":false},"excerpt":{"rendered":"<div class=\"woocommerce-product-details__short-description\">\n<p>Kj\u00f8p MDPV for salg online i Storbritannia, Europa her p\u00e5 Bestglobalmeds.com. \u00c5 kj\u00f8pe forskningskjemikalier Metylendioksypyrovaleron p\u00e5 nettet er veldig vanskelig. Men vi kan tilby toppkvalitets MDPV for salg til sv\u00e6rt lave priser. Ingenting godt kommer lett, og det tar oss mye arbeid \u00e5 ha den beste kvaliteten MDPV for salg.<\/p>\n<p><b>Methylenedioxypyrovalerone<\/b>\u00a0(MDPV) er et sentralstimulerende middel i katinonklassen som fungerer som en noradrenalin-dopamin reopptakshemmer (NDRI). Den ble f\u00f8rst utviklet p\u00e5 1960-tallet av et team ved Boehringer Ingelheim.<\/p>\n<h3 class=\"fusion-responsive-typography-calculated\" data-fontsize=\"16\" data-lineheight=\"24px\">MDPV (Methylenedioxypyrovalerone) pulver er et sentralstimulerende middel i katinonklassen.<\/h3>\n<\/p><\/div>\n","protected":false},"featured_media":5576,"comment_status":"open","ping_status":"closed","template":"","meta":[],"product_brand":[],"product_cat":[2014],"product_tag":[3136,3138,3139,3140,3145,3146,3147,3148,3153,3158,3159,3160,3161,3162,3189,3137,3141,3143,3142,3149,3150,3152,3151,3157,3155,3156,3154,3144,3163,3164,3165,3168,3169,3167,3166,3172,3173,3178,3179,3180,3181,3183,3170,3174,3175,3176,3182,3171,3177,3184,3185,3186,3187,3188],"class_list":{"0":"post-5565","1":"product","2":"type-product","3":"status-publish","4":"has-post-thumbnail","6":"product_cat-kjpe-forskning-kjemikalier","7":"product_tag-badesalt-til-salg","8":"product_tag-buy-mdpv","9":"product_tag-buy-mdpv-1g","10":"product_tag-buy-mdpv-cheap","11":"product_tag-buy-mdpv-powder-online-2019","12":"product_tag-buy-mdpv-powder-online-free","13":"product_tag-buy-mdpv-powdera-online","14":"product_tag-buy-mdpv-powdera-online-casino","15":"product_tag-buy-mdpv-usa","16":"product_tag-buy-methylenedioxypyrovalerone-powdera-online-ecouter","17":"product_tag-buy-methylenedioxypyrovalerone-powdera-online-com","18":"product_tag-buy-methylenedioxypyrovalerone-powdera-online-fr","19":"product_tag-buy-methylenedioxypyrovalerone-power-online","20":"product_tag-how-to-buy-mdpv","21":"product_tag-hvor-kan-kjpe-mdpv","22":"product_tag-kjp-dekstrometorfan-pulver-p-nettet","23":"product_tag-kjp-mdpv-europe","24":"product_tag-kjp-mdpv-online-usa","25":"product_tag-kjp-mdpv-online","26":"product_tag-kjp-mdpv-powdera-online-ecouter","27":"product_tag-kjp-mdpv-powdera-online-fr","28":"product_tag-kjp-mdpv-uk","29":"product_tag-kjp-mdpv-power-online","30":"product_tag-kjp-methylenedioxypyrovalerone-powdera-online","31":"product_tag-kj-c3-b8p-methylenedioxypyrovalerone-powder-online-review","32":"product_tag-kjp-metylendioksypyrovaleron-pulver-online-anmeldelser","33":"product_tag-kj-c3-b8p-metylendioksypyrovaleron-pulver-online-indonesia","34":"product_tag-kjp-mdpv-plantemat","35":"product_tag-mdpv-badesalt-kjp","36":"product_tag-mdpv-badesalt-kjp-p-nett","37":"product_tag-mdpv-badesalt-til-salg","38":"product_tag-mdpv-drug","39":"product_tag-mdpv-online-kjp","40":"product_tag-mdpv-buy-usa","41":"product_tag-mdpv-kjp-uk","42":"product_tag-mdpv-powder-for-sale-amazon","43":"product_tag-mdpv-powder-for-sale-craigslist","44":"product_tag-mdpv-powder-for-sale-uk","45":"product_tag-mdpv-powder-for-sale-united-states","46":"product_tag-mdpv-powder-for-sale-usa","47":"product_tag-mdpv-powder-for-sale-walmart","48":"product_tag-mdpv-pulver","49":"product_tag-mdpv-pulver-til-salgs","50":"product_tag-mdpv-pulver-til-salg-ebay","51":"product_tag-mdpv-pulver-til-salg-florida","52":"product_tag-mdpv-pulver-til-salg-michigan","53":"product_tag-mdpv-pulver-til-salg-uten","54":"product_tag-mdpv-pulver-til-salg-2019","55":"product_tag-mdpv-pulver-til-salg-nr-meg","56":"product_tag-methylenedioxypyrovalerone-buy","57":"product_tag-methylenedioxypyrovalerone-buy-online","58":"product_tag-methylenedioxypyrovalerone-powder","59":"product_tag-metylendioksypyrovaleron-pulver-foundation","60":"product_tag-metylendioksypyrovaleron-pulver-gjennomgang","62":"first","63":"instock","64":"shipping-taxable","65":"purchasable","66":"product-type-variable","67":"has-default-attributes"},"yoast_head":"<!-- This site is optimized with the Yoast SEO plugin v27.3 - https:\/\/yoast.com\/product\/yoast-seo-wordpress\/ -->\n<title>Kj\u00f8p MDPV (Methylenedioxypyrovalerone) Pulver - Beste globale medisiner<\/title>\n<meta name=\"description\" content=\"Kj\u00f8p MDPV for salg online i Storbritannia, Europa her hos Bestglobalmeds. \u00c5 kj\u00f8pe forskningskjemikalier Metylendioksypyrovaleron p\u00e5 nettet er veldig vanskelig. Men vi kan tilby toppkvalitets MDPV for salg til sv\u00e6rt lave priser.\" \/>\n<meta name=\"robots\" content=\"index, follow, max-snippet:-1, max-image-preview:large, max-video-preview:-1\" \/>\n<link rel=\"canonical\" href=\"https:\/\/medicinasinc.com\/no\/product\/kjop-mdpv-metylendioksypyrovaleron-pulver\/\" \/>\n<meta property=\"og:locale\" content=\"nn_NO\" \/>\n<meta property=\"og:type\" content=\"article\" \/>\n<meta property=\"og:title\" content=\"Kj\u00f8p MDPV (Methylenedioxypyrovalerone) Pulver - Beste globale medisiner\" \/>\n<meta property=\"og:description\" content=\"Kj\u00f8p MDPV for salg online i Storbritannia, Europa her hos Bestglobalmeds. \u00c5 kj\u00f8pe forskningskjemikalier Metylendioksypyrovaleron p\u00e5 nettet er veldig vanskelig. Men vi kan tilby toppkvalitets MDPV for salg til sv\u00e6rt lave priser.\" \/>\n<meta property=\"og:url\" content=\"https:\/\/medicinasinc.com\/no\/product\/kjop-mdpv-metylendioksypyrovaleron-pulver\/\" \/>\n<meta property=\"og:site_name\" content=\"Medicinas Inc\" \/>\n<meta property=\"article:modified_time\" content=\"2022-03-22T00:49:39+00:00\" \/>\n<meta property=\"og:image\" content=\"https:\/\/medicinasinc.com\/no\/wp-content\/uploads\/sites\/14\/2022\/02\/buy-methylenedioxypyrovalerone.jpg\" \/>\n\t<meta property=\"og:image:width\" content=\"1400\" \/>\n\t<meta property=\"og:image:height\" content=\"700\" \/>\n\t<meta property=\"og:image:type\" content=\"image\/jpeg\" \/>\n<meta name=\"twitter:card\" content=\"summary_large_image\" \/>\n<meta name=\"twitter:label1\" content=\"Est. reading time\" \/>\n\t<meta name=\"twitter:data1\" content=\"1 minutt\" \/>\n<script type=\"application\/ld+json\" class=\"yoast-schema-graph\">{\"@context\":\"https:\\\/\\\/schema.org\",\"@graph\":[{\"@type\":\"WebPage\",\"@id\":\"https:\\\/\\\/medicinasinc.com\\\/no\\\/product\\\/kjop-mdpv-metylendioksypyrovaleron-pulver\\\/\",\"url\":\"https:\\\/\\\/medicinasinc.com\\\/no\\\/product\\\/kjop-mdpv-metylendioksypyrovaleron-pulver\\\/\",\"name\":\"Kj\u00f8p MDPV (Methylenedioxypyrovalerone) Pulver - Beste globale medisiner\",\"isPartOf\":{\"@id\":\"https:\\\/\\\/medicinasinc.com\\\/no\\\/#website\"},\"primaryImageOfPage\":{\"@id\":\"https:\\\/\\\/medicinasinc.com\\\/no\\\/product\\\/kjop-mdpv-metylendioksypyrovaleron-pulver\\\/#primaryimage\"},\"image\":{\"@id\":\"https:\\\/\\\/medicinasinc.com\\\/no\\\/product\\\/kjop-mdpv-metylendioksypyrovaleron-pulver\\\/#primaryimage\"},\"thumbnailUrl\":\"https:\\\/\\\/medicinasinc.com\\\/no\\\/wp-content\\\/uploads\\\/sites\\\/14\\\/2022\\\/02\\\/buy-methylenedioxypyrovalerone.jpg\",\"datePublished\":\"2022-02-22T01:51:04+00:00\",\"dateModified\":\"2022-03-22T00:49:39+00:00\",\"description\":\"Kj\u00f8p MDPV for salg online i Storbritannia, Europa her hos Bestglobalmeds. \u00c5 kj\u00f8pe forskningskjemikalier Metylendioksypyrovaleron p\u00e5 nettet er veldig vanskelig. Men vi kan tilby toppkvalitets MDPV for salg til sv\u00e6rt lave priser.\",\"breadcrumb\":{\"@id\":\"https:\\\/\\\/medicinasinc.com\\\/no\\\/product\\\/kjop-mdpv-metylendioksypyrovaleron-pulver\\\/#breadcrumb\"},\"inLanguage\":\"nn-NO\",\"potentialAction\":[{\"@type\":\"ReadAction\",\"target\":[\"https:\\\/\\\/medicinasinc.com\\\/no\\\/product\\\/kjop-mdpv-metylendioksypyrovaleron-pulver\\\/\"]}]},{\"@type\":\"ImageObject\",\"inLanguage\":\"nn-NO\",\"@id\":\"https:\\\/\\\/medicinasinc.com\\\/no\\\/product\\\/kjop-mdpv-metylendioksypyrovaleron-pulver\\\/#primaryimage\",\"url\":\"https:\\\/\\\/medicinasinc.com\\\/no\\\/wp-content\\\/uploads\\\/sites\\\/14\\\/2022\\\/02\\\/buy-methylenedioxypyrovalerone.jpg\",\"contentUrl\":\"https:\\\/\\\/medicinasinc.com\\\/no\\\/wp-content\\\/uploads\\\/sites\\\/14\\\/2022\\\/02\\\/buy-methylenedioxypyrovalerone.jpg\",\"width\":1400,\"height\":700},{\"@type\":\"BreadcrumbList\",\"@id\":\"https:\\\/\\\/medicinasinc.com\\\/no\\\/product\\\/kjop-mdpv-metylendioksypyrovaleron-pulver\\\/#breadcrumb\",\"itemListElement\":[{\"@type\":\"ListItem\",\"position\":1,\"name\":\"Butikk\",\"item\":\"https:\\\/\\\/medicinasinc.com\\\/no\\\/butikk\\\/\"},{\"@type\":\"ListItem\",\"position\":2,\"name\":\"Kj\u00f8p MDPV (Methylenedioxypyrovalerone) Pulver\"}]},{\"@type\":\"WebSite\",\"@id\":\"https:\\\/\\\/medicinasinc.com\\\/no\\\/#website\",\"url\":\"https:\\\/\\\/medicinasinc.com\\\/no\\\/\",\"name\":\"Medicinas Inc\",\"description\":\"Helsemedisinsk klinikk\",\"potentialAction\":[{\"@type\":\"SearchAction\",\"target\":{\"@type\":\"EntryPoint\",\"urlTemplate\":\"https:\\\/\\\/medicinasinc.com\\\/no\\\/?s={search_term_string}\"},\"query-input\":{\"@type\":\"PropertyValueSpecification\",\"valueRequired\":true,\"valueName\":\"search_term_string\"}}],\"inLanguage\":\"nn-NO\"}]}<\/script>\n<!-- \/ Yoast SEO plugin. -->","yoast_head_json":{"title":"Kj\u00f8p MDPV (Methylenedioxypyrovalerone) Pulver - Beste globale medisiner","description":"Kj\u00f8p MDPV for salg online i Storbritannia, Europa her hos Bestglobalmeds. \u00c5 kj\u00f8pe forskningskjemikalier Metylendioksypyrovaleron p\u00e5 nettet er veldig vanskelig. Men vi kan tilby toppkvalitets MDPV for salg til sv\u00e6rt lave priser.","robots":{"index":"index","follow":"follow","max-snippet":"max-snippet:-1","max-image-preview":"max-image-preview:large","max-video-preview":"max-video-preview:-1"},"canonical":"https:\/\/medicinasinc.com\/no\/product\/kjop-mdpv-metylendioksypyrovaleron-pulver\/","og_locale":"nn_NO","og_type":"article","og_title":"Kj\u00f8p MDPV (Methylenedioxypyrovalerone) Pulver - Beste globale medisiner","og_description":"Kj\u00f8p MDPV for salg online i Storbritannia, Europa her hos Bestglobalmeds. \u00c5 kj\u00f8pe forskningskjemikalier Metylendioksypyrovaleron p\u00e5 nettet er veldig vanskelig. Men vi kan tilby toppkvalitets MDPV for salg til sv\u00e6rt lave priser.","og_url":"https:\/\/medicinasinc.com\/no\/product\/kjop-mdpv-metylendioksypyrovaleron-pulver\/","og_site_name":"Medicinas Inc","article_modified_time":"2022-03-22T00:49:39+00:00","og_image":[{"width":1400,"height":700,"url":"https:\/\/medicinasinc.com\/no\/wp-content\/uploads\/sites\/14\/2022\/02\/buy-methylenedioxypyrovalerone.jpg","type":"image\/jpeg"}],"twitter_card":"summary_large_image","twitter_misc":{"Est. reading time":"1 minutt"},"schema":{"@context":"https:\/\/schema.org","@graph":[{"@type":"WebPage","@id":"https:\/\/medicinasinc.com\/no\/product\/kjop-mdpv-metylendioksypyrovaleron-pulver\/","url":"https:\/\/medicinasinc.com\/no\/product\/kjop-mdpv-metylendioksypyrovaleron-pulver\/","name":"Kj\u00f8p MDPV (Methylenedioxypyrovalerone) Pulver - Beste globale medisiner","isPartOf":{"@id":"https:\/\/medicinasinc.com\/no\/#website"},"primaryImageOfPage":{"@id":"https:\/\/medicinasinc.com\/no\/product\/kjop-mdpv-metylendioksypyrovaleron-pulver\/#primaryimage"},"image":{"@id":"https:\/\/medicinasinc.com\/no\/product\/kjop-mdpv-metylendioksypyrovaleron-pulver\/#primaryimage"},"thumbnailUrl":"https:\/\/medicinasinc.com\/no\/wp-content\/uploads\/sites\/14\/2022\/02\/buy-methylenedioxypyrovalerone.jpg","datePublished":"2022-02-22T01:51:04+00:00","dateModified":"2022-03-22T00:49:39+00:00","description":"Kj\u00f8p MDPV for salg online i Storbritannia, Europa her hos Bestglobalmeds. \u00c5 kj\u00f8pe forskningskjemikalier Metylendioksypyrovaleron p\u00e5 nettet er veldig vanskelig. Men vi kan tilby toppkvalitets MDPV for salg til sv\u00e6rt lave priser.","breadcrumb":{"@id":"https:\/\/medicinasinc.com\/no\/product\/kjop-mdpv-metylendioksypyrovaleron-pulver\/#breadcrumb"},"inLanguage":"nn-NO","potentialAction":[{"@type":"ReadAction","target":["https:\/\/medicinasinc.com\/no\/product\/kjop-mdpv-metylendioksypyrovaleron-pulver\/"]}]},{"@type":"ImageObject","inLanguage":"nn-NO","@id":"https:\/\/medicinasinc.com\/no\/product\/kjop-mdpv-metylendioksypyrovaleron-pulver\/#primaryimage","url":"https:\/\/medicinasinc.com\/no\/wp-content\/uploads\/sites\/14\/2022\/02\/buy-methylenedioxypyrovalerone.jpg","contentUrl":"https:\/\/medicinasinc.com\/no\/wp-content\/uploads\/sites\/14\/2022\/02\/buy-methylenedioxypyrovalerone.jpg","width":1400,"height":700},{"@type":"BreadcrumbList","@id":"https:\/\/medicinasinc.com\/no\/product\/kjop-mdpv-metylendioksypyrovaleron-pulver\/#breadcrumb","itemListElement":[{"@type":"ListItem","position":1,"name":"Butikk","item":"https:\/\/medicinasinc.com\/no\/butikk\/"},{"@type":"ListItem","position":2,"name":"Kj\u00f8p MDPV (Methylenedioxypyrovalerone) Pulver"}]},{"@type":"WebSite","@id":"https:\/\/medicinasinc.com\/no\/#website","url":"https:\/\/medicinasinc.com\/no\/","name":"Medicinas Inc","description":"Helsemedisinsk klinikk","potentialAction":[{"@type":"SearchAction","target":{"@type":"EntryPoint","urlTemplate":"https:\/\/medicinasinc.com\/no\/?s={search_term_string}"},"query-input":{"@type":"PropertyValueSpecification","valueRequired":true,"valueName":"search_term_string"}}],"inLanguage":"nn-NO"}]}},"_links":{"self":[{"href":"https:\/\/medicinasinc.com\/no\/wp-json\/wp\/v2\/product\/5565","targetHints":{"allow":["GET"]}}],"collection":[{"href":"https:\/\/medicinasinc.com\/no\/wp-json\/wp\/v2\/product"}],"about":[{"href":"https:\/\/medicinasinc.com\/no\/wp-json\/wp\/v2\/types\/product"}],"replies":[{"embeddable":true,"href":"https:\/\/medicinasinc.com\/no\/wp-json\/wp\/v2\/comments?post=5565"}],"wp:featuredmedia":[{"embeddable":true,"href":"https:\/\/medicinasinc.com\/no\/wp-json\/wp\/v2\/media\/5576"}],"wp:attachment":[{"href":"https:\/\/medicinasinc.com\/no\/wp-json\/wp\/v2\/media?parent=5565"}],"wp:term":[{"taxonomy":"product_brand","embeddable":true,"href":"https:\/\/medicinasinc.com\/no\/wp-json\/wp\/v2\/product_brand?post=5565"},{"taxonomy":"product_cat","embeddable":true,"href":"https:\/\/medicinasinc.com\/no\/wp-json\/wp\/v2\/product_cat?post=5565"},{"taxonomy":"product_tag","embeddable":true,"href":"https:\/\/medicinasinc.com\/no\/wp-json\/wp\/v2\/product_tag?post=5565"}],"curies":[{"name":"wp","href":"https:\/\/api.w.org\/{rel}","templated":true}]}}