{"id":5564,"date":"2022-02-22T01:48:50","date_gmt":"2022-02-22T01:48:50","guid":{"rendered":"https:\/\/medicinasinc.com\/no\/?post_type=product&#038;p=5564"},"modified":"2022-03-22T00:49:48","modified_gmt":"2022-03-22T00:49:48","slug":"kjop-mdai-krystall-pulver","status":"publish","type":"product","link":"https:\/\/medicinasinc.com\/no\/product\/kjop-mdai-krystall-pulver\/","title":{"rendered":"Kj\u00f8p MDAI Crystal &amp; Pulver"},"content":{"rendered":"<p>Kj\u00f8p online for MDAI-krystall og pulver.<\/p>\n<p>MDAI-krystaller og -pulver til salgs til rabatterte priser.<\/p>\n<p>Kj\u00f8p MDAI fra oss.<\/p>\n<p>V\u00e5rt prim\u00e6re m\u00e5l er \u00e5 gi kundene banebrytende informasjon og f\u00f8rsteklasses tjenester. Letegrupper og fullskala produksjonsanlegg kan finne RC i den mengde og kvalitet de trenger. En oversikt over RC som im\u00f8tekommer alle dine interesser og m\u00e5l kan du finne her. V\u00e5rt firma foresl\u00e5r verdens drivende kjemikalier basert p\u00e5 de nyeste teknologiske fremskritt. Alle elementene p\u00e5 denne listen har ingen praktisk bruk for mennesker.<\/p>\n<p>Bruk av medisiner i laboratoriet, til vitenskapelige form\u00e5l og for studier b\u00f8r oppmuntres. De registrerte kjemikaliene kan bare brukes til unders\u00f8kelser, fors\u00f8k og tester. Bunter som nylig er produsert av Kinas ledende forskningsfasiliteter i RC-markedet er n\u00e5 tilgjengelige.<\/p>\n<p>Hvis du gj\u00f8r en avtale n\u00e5, leverer vi pakken din hvor som helst i USA, Europa eller verden. For \u00e5 m\u00f8te dine behov, samarbeider vi med en rekke ledende globale laboratorier som planlegger \u00e5 bygge opp RC, og foresp\u00f8rselen din er av st\u00f8rste betydning for firmaet v\u00e5rt.<\/p>\n<p>V\u00e5r leverand\u00f8r er basert i USA og opererer over hele verden. P\u00e5 nettstedet kan forbrukere enkelt sjekke estimeringen og tilgjengeligheten til RC for deres egne behov. Kunder. Ta kontakt med v\u00e5r vennlige og flerspr\u00e5klige kundeservice for \u00e5 l\u00e6re hvordan du sender en foresp\u00f8rsel. Hvis du er interessert i \u00e5 s\u00f8ke blandede eller rabatterte stoffer, vennligst kontakt oss for mer informasjon. Hvis du ikke finner det du leter etter p\u00e5 siden v\u00e5r, ikke n\u00f8l med \u00e5 kontakte oss for \u00e5 f\u00e5 hjelp. Kvalitet er det viktigste hensynet n\u00e5r man skaffer kjemikalier for studier.<\/p>\n","protected":false},"excerpt":{"rendered":"<p>Kj\u00f8p MDAI Crystal &amp; Pulver til salgs i Storbritannia, Europa billig p\u00e5 nett. MDAI eller 5,6-metylendioksy-2-aminoindan Kj\u00f8p MDAI eller 5,6-metylendioksy-2-aminoindan .<\/p>\n","protected":false},"featured_media":5574,"comment_status":"open","ping_status":"closed","template":"","meta":[],"product_brand":[],"product_cat":[2014],"product_tag":[3093,3094,3095,3125,3126,3128,3129,3130,3131,3127,3132,2522,3097,3099,3100,3101,3102,2530,3107,3108,3133,3135,3096,3098,3106,3110,3118,2532,3104,3103,3105,2525,3109,3114,3115,3112,3116,3113,3111,3119,3117,3120,3121,517,2549,3123,3122,3124,3134],"class_list":{"0":"post-5564","1":"product","2":"type-product","3":"status-publish","4":"has-post-thumbnail","6":"product_cat-kjpe-forskning-kjemikalier","7":"product_tag-4mmc-til-salgs","8":"product_tag-amfetamin-til-salg","9":"product_tag-bath-salts-for-sale","10":"product_tag-ordre-mdai-krystall","11":"product_tag-ordre-mdma","12":"product_tag-ordre-mefedron","13":"product_tag-bestille-mefedron-plante-mat","14":"product_tag-bestille-meth-online","15":"product_tag-rekkeflge-metylon","16":"product_tag-bestille-mjau-mjau","17":"product_tag-ordre-mkat","18":"product_tag-buy-4mmc","19":"product_tag-buy-bath-salts","20":"product_tag-buy-lsd","21":"product_tag-buy-mdai","22":"product_tag-buy-mdai-crystal","23":"product_tag-buy-mdai-powder","24":"product_tag-buy-mephedrone-online","25":"product_tag-buy-tryptamine","26":"product_tag-crystal-meth-til-salg","27":"product_tag-fenetylamin-til-salg","28":"product_tag-hvor-kan-kjpe-mdai-pulver","29":"product_tag-kjpe-amfetamin-fart","30":"product_tag-kjp-crystal-meth","31":"product_tag-kjpe-fenetylamin","32":"product_tag-mdai-krystall-kjp","33":"product_tag-mdai-pulver-kjp","34":"product_tag-kj-c3-b8p-mefedron-plante-mat","35":"product_tag-kj-c3-b8p-metylon","36":"product_tag-kjp-mjau-mjau","37":"product_tag-kj-c3-b8p-mkat","38":"product_tag-kjp-mefedron","39":"product_tag-lsd-til-salg","40":"product_tag-mdai-crystal-reddit","41":"product_tag-mdai-crystal-retail","42":"product_tag-mdai-krystall-til-salg","43":"product_tag-mdai-crystal-wholesale","44":"product_tag-mdai-krystall-rekkeflge","45":"product_tag-mdai-krystall-effekt","46":"product_tag-mdai-powder-for-sale","47":"product_tag-mdai-til-salg","48":"product_tag-mdai-pulver-online","49":"product_tag-mdai-pulver-ordre","50":"product_tag-mdma-til-salg","51":"product_tag-mefedron-til-salg","52":"product_tag-metylon-til-salgs","53":"product_tag-mjau-mjau-salg","54":"product_tag-mkat-til-salg","55":"product_tag-tryptamin-til-salg","57":"first","58":"instock","59":"shipping-taxable","60":"purchasable","61":"product-type-variable","62":"has-default-attributes"},"yoast_head":"<!-- This site is optimized with the Yoast SEO plugin v27.3 - https:\/\/yoast.com\/product\/yoast-seo-wordpress\/ -->\n<title>Kj\u00f8p MDAI Crystal &amp; Pulverbillig p\u00e5 nett - Beste globale medisiner<\/title>\n<meta name=\"description\" content=\"Kj\u00f8p MDAI Crystal &amp; Pulver til salgs i Storbritannia, Europa billig p\u00e5 nett. MDAI eller 5,6-metylendioksy-2-aminoindan Kj\u00f8p MDAI eller 5,6-metylendioksy-2-aminoindan.\" \/>\n<meta name=\"robots\" content=\"index, follow, max-snippet:-1, max-image-preview:large, max-video-preview:-1\" \/>\n<link rel=\"canonical\" href=\"https:\/\/medicinasinc.com\/no\/product\/kjop-mdai-krystall-pulver\/\" \/>\n<meta property=\"og:locale\" content=\"nn_NO\" \/>\n<meta property=\"og:type\" content=\"article\" \/>\n<meta property=\"og:title\" content=\"Kj\u00f8p MDAI Crystal &amp; Pulverbillig p\u00e5 nett - Beste globale medisiner\" \/>\n<meta property=\"og:description\" content=\"Kj\u00f8p MDAI Crystal &amp; Pulver til salgs i Storbritannia, Europa billig p\u00e5 nett. MDAI eller 5,6-metylendioksy-2-aminoindan Kj\u00f8p MDAI eller 5,6-metylendioksy-2-aminoindan.\" \/>\n<meta property=\"og:url\" content=\"https:\/\/medicinasinc.com\/no\/product\/kjop-mdai-krystall-pulver\/\" \/>\n<meta property=\"og:site_name\" content=\"Medicinas Inc\" \/>\n<meta property=\"article:modified_time\" content=\"2022-03-22T00:49:48+00:00\" \/>\n<meta property=\"og:image\" content=\"https:\/\/medicinasinc.com\/no\/wp-content\/uploads\/sites\/14\/2022\/02\/buy-mdai-crystal-powder-cheap-online.jpg\" \/>\n\t<meta property=\"og:image:width\" content=\"600\" \/>\n\t<meta property=\"og:image:height\" content=\"600\" \/>\n\t<meta property=\"og:image:type\" content=\"image\/jpeg\" \/>\n<meta name=\"twitter:card\" content=\"summary_large_image\" \/>\n<meta name=\"twitter:label1\" content=\"Est. reading time\" \/>\n\t<meta name=\"twitter:data1\" content=\"2 minutt\" \/>\n<script type=\"application\/ld+json\" class=\"yoast-schema-graph\">{\"@context\":\"https:\\\/\\\/schema.org\",\"@graph\":[{\"@type\":\"WebPage\",\"@id\":\"https:\\\/\\\/medicinasinc.com\\\/no\\\/product\\\/kjop-mdai-krystall-pulver\\\/\",\"url\":\"https:\\\/\\\/medicinasinc.com\\\/no\\\/product\\\/kjop-mdai-krystall-pulver\\\/\",\"name\":\"Kj\u00f8p MDAI Crystal &amp; Pulverbillig p\u00e5 nett - Beste globale medisiner\",\"isPartOf\":{\"@id\":\"https:\\\/\\\/medicinasinc.com\\\/no\\\/#website\"},\"primaryImageOfPage\":{\"@id\":\"https:\\\/\\\/medicinasinc.com\\\/no\\\/product\\\/kjop-mdai-krystall-pulver\\\/#primaryimage\"},\"image\":{\"@id\":\"https:\\\/\\\/medicinasinc.com\\\/no\\\/product\\\/kjop-mdai-krystall-pulver\\\/#primaryimage\"},\"thumbnailUrl\":\"https:\\\/\\\/medicinasinc.com\\\/no\\\/wp-content\\\/uploads\\\/sites\\\/14\\\/2022\\\/02\\\/buy-mdai-crystal-powder-cheap-online.jpg\",\"datePublished\":\"2022-02-22T01:48:50+00:00\",\"dateModified\":\"2022-03-22T00:49:48+00:00\",\"description\":\"Kj\u00f8p MDAI Crystal &amp; Pulver til salgs i Storbritannia, Europa billig p\u00e5 nett. MDAI eller 5,6-metylendioksy-2-aminoindan Kj\u00f8p MDAI eller 5,6-metylendioksy-2-aminoindan.\",\"breadcrumb\":{\"@id\":\"https:\\\/\\\/medicinasinc.com\\\/no\\\/product\\\/kjop-mdai-krystall-pulver\\\/#breadcrumb\"},\"inLanguage\":\"nn-NO\",\"potentialAction\":[{\"@type\":\"ReadAction\",\"target\":[\"https:\\\/\\\/medicinasinc.com\\\/no\\\/product\\\/kjop-mdai-krystall-pulver\\\/\"]}]},{\"@type\":\"ImageObject\",\"inLanguage\":\"nn-NO\",\"@id\":\"https:\\\/\\\/medicinasinc.com\\\/no\\\/product\\\/kjop-mdai-krystall-pulver\\\/#primaryimage\",\"url\":\"https:\\\/\\\/medicinasinc.com\\\/no\\\/wp-content\\\/uploads\\\/sites\\\/14\\\/2022\\\/02\\\/buy-mdai-crystal-powder-cheap-online.jpg\",\"contentUrl\":\"https:\\\/\\\/medicinasinc.com\\\/no\\\/wp-content\\\/uploads\\\/sites\\\/14\\\/2022\\\/02\\\/buy-mdai-crystal-powder-cheap-online.jpg\",\"width\":600,\"height\":600},{\"@type\":\"BreadcrumbList\",\"@id\":\"https:\\\/\\\/medicinasinc.com\\\/no\\\/product\\\/kjop-mdai-krystall-pulver\\\/#breadcrumb\",\"itemListElement\":[{\"@type\":\"ListItem\",\"position\":1,\"name\":\"Butikk\",\"item\":\"https:\\\/\\\/medicinasinc.com\\\/no\\\/butikk\\\/\"},{\"@type\":\"ListItem\",\"position\":2,\"name\":\"Kj\u00f8p MDAI Crystal &amp; Pulver\"}]},{\"@type\":\"WebSite\",\"@id\":\"https:\\\/\\\/medicinasinc.com\\\/no\\\/#website\",\"url\":\"https:\\\/\\\/medicinasinc.com\\\/no\\\/\",\"name\":\"Medicinas Inc\",\"description\":\"Helsemedisinsk klinikk\",\"potentialAction\":[{\"@type\":\"SearchAction\",\"target\":{\"@type\":\"EntryPoint\",\"urlTemplate\":\"https:\\\/\\\/medicinasinc.com\\\/no\\\/?s={search_term_string}\"},\"query-input\":{\"@type\":\"PropertyValueSpecification\",\"valueRequired\":true,\"valueName\":\"search_term_string\"}}],\"inLanguage\":\"nn-NO\"}]}<\/script>\n<!-- \/ Yoast SEO plugin. -->","yoast_head_json":{"title":"Kj\u00f8p MDAI Crystal &amp; Pulverbillig p\u00e5 nett - Beste globale medisiner","description":"Kj\u00f8p MDAI Crystal &amp; Pulver til salgs i Storbritannia, Europa billig p\u00e5 nett. MDAI eller 5,6-metylendioksy-2-aminoindan Kj\u00f8p MDAI eller 5,6-metylendioksy-2-aminoindan.","robots":{"index":"index","follow":"follow","max-snippet":"max-snippet:-1","max-image-preview":"max-image-preview:large","max-video-preview":"max-video-preview:-1"},"canonical":"https:\/\/medicinasinc.com\/no\/product\/kjop-mdai-krystall-pulver\/","og_locale":"nn_NO","og_type":"article","og_title":"Kj\u00f8p MDAI Crystal &amp; Pulverbillig p\u00e5 nett - Beste globale medisiner","og_description":"Kj\u00f8p MDAI Crystal &amp; Pulver til salgs i Storbritannia, Europa billig p\u00e5 nett. MDAI eller 5,6-metylendioksy-2-aminoindan Kj\u00f8p MDAI eller 5,6-metylendioksy-2-aminoindan.","og_url":"https:\/\/medicinasinc.com\/no\/product\/kjop-mdai-krystall-pulver\/","og_site_name":"Medicinas Inc","article_modified_time":"2022-03-22T00:49:48+00:00","og_image":[{"width":600,"height":600,"url":"https:\/\/medicinasinc.com\/no\/wp-content\/uploads\/sites\/14\/2022\/02\/buy-mdai-crystal-powder-cheap-online.jpg","type":"image\/jpeg"}],"twitter_card":"summary_large_image","twitter_misc":{"Est. reading time":"2 minutt"},"schema":{"@context":"https:\/\/schema.org","@graph":[{"@type":"WebPage","@id":"https:\/\/medicinasinc.com\/no\/product\/kjop-mdai-krystall-pulver\/","url":"https:\/\/medicinasinc.com\/no\/product\/kjop-mdai-krystall-pulver\/","name":"Kj\u00f8p MDAI Crystal &amp; Pulverbillig p\u00e5 nett - Beste globale medisiner","isPartOf":{"@id":"https:\/\/medicinasinc.com\/no\/#website"},"primaryImageOfPage":{"@id":"https:\/\/medicinasinc.com\/no\/product\/kjop-mdai-krystall-pulver\/#primaryimage"},"image":{"@id":"https:\/\/medicinasinc.com\/no\/product\/kjop-mdai-krystall-pulver\/#primaryimage"},"thumbnailUrl":"https:\/\/medicinasinc.com\/no\/wp-content\/uploads\/sites\/14\/2022\/02\/buy-mdai-crystal-powder-cheap-online.jpg","datePublished":"2022-02-22T01:48:50+00:00","dateModified":"2022-03-22T00:49:48+00:00","description":"Kj\u00f8p MDAI Crystal &amp; Pulver til salgs i Storbritannia, Europa billig p\u00e5 nett. MDAI eller 5,6-metylendioksy-2-aminoindan Kj\u00f8p MDAI eller 5,6-metylendioksy-2-aminoindan.","breadcrumb":{"@id":"https:\/\/medicinasinc.com\/no\/product\/kjop-mdai-krystall-pulver\/#breadcrumb"},"inLanguage":"nn-NO","potentialAction":[{"@type":"ReadAction","target":["https:\/\/medicinasinc.com\/no\/product\/kjop-mdai-krystall-pulver\/"]}]},{"@type":"ImageObject","inLanguage":"nn-NO","@id":"https:\/\/medicinasinc.com\/no\/product\/kjop-mdai-krystall-pulver\/#primaryimage","url":"https:\/\/medicinasinc.com\/no\/wp-content\/uploads\/sites\/14\/2022\/02\/buy-mdai-crystal-powder-cheap-online.jpg","contentUrl":"https:\/\/medicinasinc.com\/no\/wp-content\/uploads\/sites\/14\/2022\/02\/buy-mdai-crystal-powder-cheap-online.jpg","width":600,"height":600},{"@type":"BreadcrumbList","@id":"https:\/\/medicinasinc.com\/no\/product\/kjop-mdai-krystall-pulver\/#breadcrumb","itemListElement":[{"@type":"ListItem","position":1,"name":"Butikk","item":"https:\/\/medicinasinc.com\/no\/butikk\/"},{"@type":"ListItem","position":2,"name":"Kj\u00f8p MDAI Crystal &amp; Pulver"}]},{"@type":"WebSite","@id":"https:\/\/medicinasinc.com\/no\/#website","url":"https:\/\/medicinasinc.com\/no\/","name":"Medicinas Inc","description":"Helsemedisinsk klinikk","potentialAction":[{"@type":"SearchAction","target":{"@type":"EntryPoint","urlTemplate":"https:\/\/medicinasinc.com\/no\/?s={search_term_string}"},"query-input":{"@type":"PropertyValueSpecification","valueRequired":true,"valueName":"search_term_string"}}],"inLanguage":"nn-NO"}]}},"_links":{"self":[{"href":"https:\/\/medicinasinc.com\/no\/wp-json\/wp\/v2\/product\/5564","targetHints":{"allow":["GET"]}}],"collection":[{"href":"https:\/\/medicinasinc.com\/no\/wp-json\/wp\/v2\/product"}],"about":[{"href":"https:\/\/medicinasinc.com\/no\/wp-json\/wp\/v2\/types\/product"}],"replies":[{"embeddable":true,"href":"https:\/\/medicinasinc.com\/no\/wp-json\/wp\/v2\/comments?post=5564"}],"wp:featuredmedia":[{"embeddable":true,"href":"https:\/\/medicinasinc.com\/no\/wp-json\/wp\/v2\/media\/5574"}],"wp:attachment":[{"href":"https:\/\/medicinasinc.com\/no\/wp-json\/wp\/v2\/media?parent=5564"}],"wp:term":[{"taxonomy":"product_brand","embeddable":true,"href":"https:\/\/medicinasinc.com\/no\/wp-json\/wp\/v2\/product_brand?post=5564"},{"taxonomy":"product_cat","embeddable":true,"href":"https:\/\/medicinasinc.com\/no\/wp-json\/wp\/v2\/product_cat?post=5564"},{"taxonomy":"product_tag","embeddable":true,"href":"https:\/\/medicinasinc.com\/no\/wp-json\/wp\/v2\/product_tag?post=5564"}],"curies":[{"name":"wp","href":"https:\/\/api.w.org\/{rel}","templated":true}]}}