{"id":5563,"date":"2022-02-22T01:47:13","date_gmt":"2022-02-22T01:47:13","guid":{"rendered":"https:\/\/medicinasinc.com\/no\/?post_type=product&#038;p=5563"},"modified":"2022-03-22T00:49:58","modified_gmt":"2022-03-22T00:49:58","slug":"kjop-elfenben-bolge-badesalt","status":"publish","type":"product","link":"https:\/\/medicinasinc.com\/no\/product\/kjop-elfenben-bolge-badesalt\/","title":{"rendered":"Kj\u00f8p elfenbens b\u00f8lgebadesalt"},"content":{"rendered":"<p>Badesalt fra Best Global Meds er av beste kvalitet og vil gi deg en f\u00f8lelse av ren og oppfrisket etter en avslappende bl\u00f8tlegging. Fordi vi kun selger produkter av h\u00f8yeste kvalitet, kan du v\u00e6re trygg p\u00e5 at du vet at kj\u00f8pet &laquo;kj\u00f8p elfenbensb\u00f8lgebadesalt p\u00e5 nettet&raquo; kommer i perfekt stand. Ogs\u00e5 tilgjengelig til rimelige priser i bulk og i detaljhandel er flere typer konsentrerte badesalt.<\/p>\n<p>Duften av v\u00e5re badesalt fyller rommet!<\/p>\n<p>The Ivory Wave Bath Salts kan kj\u00f8pes online.<\/p>\n<p>Hvor kan du kj\u00f8pe Ivory Wave Bath Salts via Internett? Elfenbensb\u00f8lgebadesalt kan kj\u00f8pes online fra Chemicals Lab uten anstrengelse eller klossethet. Hver gang du kj\u00f8per elfenbensb\u00f8lgebadesalt fra v\u00e5rt nettapotek, g\u00e5r vi utover for \u00e5 sikre at du f\u00e5r best mulig pris. V\u00e5rt oppdrag hos Best Global Meds er \u00e5 senke kundenes kostnader og samtidig \u00f8ke verdien de mottar.<\/p>\n","protected":false},"excerpt":{"rendered":"<div class=\"woocommerce-product-details__short-description\">\n<p>Betaler du for mye for elfenbensb\u00f8lgebadesalt p\u00e5 nettet? Kj\u00f8p elfenbensb\u00f8lgebadesalt til salgs i Storbritannia, Europa online hos Best Global Meds. Bli kjent med elfenbensb\u00f8lgebadesalt til salgs<\/p>\n<p>&nbsp;<\/p>\n<\/p><\/div>\n","protected":false},"featured_media":5572,"comment_status":"open","ping_status":"closed","template":"","meta":[],"product_brand":[],"product_cat":[2014],"product_tag":[3091,3081,3084,3092,3083,3082,3086,3090,3087,3085,3088,3089],"class_list":{"0":"post-5563","1":"product","2":"type-product","3":"status-publish","4":"has-post-thumbnail","6":"product_cat-kjpe-forskning-kjemikalier","7":"product_tag-bestill-elfenben-blge-badesalt-p-nett","8":"product_tag-buy-ivory-wave-bath-salts-online","9":"product_tag-elfenben-blge-badesalt-til-salg","10":"product_tag-hvor-kan-kjpe-elfenben-blge-badesalt","11":"product_tag-ivory-wave-bath-salts","12":"product_tag-kjpe-elvory-blge-badesalt","13":"product_tag-elvory-blge-badesalt-effekt","14":"product_tag-elvory-blge-bad-salt-engros","15":"product_tag-lvory-blge-bad-salt-europa","16":"product_tag-elvory-blge-badesalt-kjp","17":"product_tag-lvory-blge-badesalt-p-nett","18":"product_tag-elvory-blge-bad-salt-orden","20":"first","21":"instock","22":"shipping-taxable","23":"purchasable","24":"product-type-variable"},"yoast_head":"<!-- This site is optimized with the Yoast SEO plugin v27.3 - https:\/\/yoast.com\/product\/yoast-seo-wordpress\/ -->\n<title>Kj\u00f8p Ivory Wave Bath Salt - Lvory Wave Bath Salt - Beste Global Meds<\/title>\n<meta name=\"description\" content=\"Betaler du for mye for elfenbensb\u00f8lgebadesalt p\u00e5 nettet? Kj\u00f8p elfenbensb\u00f8lgebadesalt til salgs i Storbritannia, Europa online hos Best Global Meds. Bli kjent med elfenbensb\u00f8lgebadesalt for salg\" \/>\n<meta name=\"robots\" content=\"index, follow, max-snippet:-1, max-image-preview:large, max-video-preview:-1\" \/>\n<link rel=\"canonical\" href=\"https:\/\/medicinasinc.com\/no\/product\/kjop-elfenben-bolge-badesalt\/\" \/>\n<meta property=\"og:locale\" content=\"nn_NO\" \/>\n<meta property=\"og:type\" content=\"article\" \/>\n<meta property=\"og:title\" content=\"Kj\u00f8p Ivory Wave Bath Salt - Lvory Wave Bath Salt - Beste Global Meds\" \/>\n<meta property=\"og:description\" content=\"Betaler du for mye for elfenbensb\u00f8lgebadesalt p\u00e5 nettet? Kj\u00f8p elfenbensb\u00f8lgebadesalt til salgs i Storbritannia, Europa online hos Best Global Meds. Bli kjent med elfenbensb\u00f8lgebadesalt for salg\" \/>\n<meta property=\"og:url\" content=\"https:\/\/medicinasinc.com\/no\/product\/kjop-elfenben-bolge-badesalt\/\" \/>\n<meta property=\"og:site_name\" content=\"Medicinas Inc\" \/>\n<meta property=\"article:modified_time\" content=\"2022-03-22T00:49:58+00:00\" \/>\n<meta property=\"og:image\" content=\"https:\/\/medicinasinc.com\/no\/wp-content\/uploads\/sites\/14\/2022\/02\/Buy-Lvory-Wave-Bath-Salt.jpg\" \/>\n\t<meta property=\"og:image:width\" content=\"450\" \/>\n\t<meta property=\"og:image:height\" content=\"316\" \/>\n\t<meta property=\"og:image:type\" content=\"image\/jpeg\" \/>\n<meta name=\"twitter:card\" content=\"summary_large_image\" \/>\n<meta name=\"twitter:label1\" content=\"Est. reading time\" \/>\n\t<meta name=\"twitter:data1\" content=\"1 minutt\" \/>\n<script type=\"application\/ld+json\" class=\"yoast-schema-graph\">{\"@context\":\"https:\\\/\\\/schema.org\",\"@graph\":[{\"@type\":\"WebPage\",\"@id\":\"https:\\\/\\\/medicinasinc.com\\\/no\\\/product\\\/kjop-elfenben-bolge-badesalt\\\/\",\"url\":\"https:\\\/\\\/medicinasinc.com\\\/no\\\/product\\\/kjop-elfenben-bolge-badesalt\\\/\",\"name\":\"Kj\u00f8p Ivory Wave Bath Salt - Lvory Wave Bath Salt - Beste Global Meds\",\"isPartOf\":{\"@id\":\"https:\\\/\\\/medicinasinc.com\\\/no\\\/#website\"},\"primaryImageOfPage\":{\"@id\":\"https:\\\/\\\/medicinasinc.com\\\/no\\\/product\\\/kjop-elfenben-bolge-badesalt\\\/#primaryimage\"},\"image\":{\"@id\":\"https:\\\/\\\/medicinasinc.com\\\/no\\\/product\\\/kjop-elfenben-bolge-badesalt\\\/#primaryimage\"},\"thumbnailUrl\":\"https:\\\/\\\/medicinasinc.com\\\/no\\\/wp-content\\\/uploads\\\/sites\\\/14\\\/2022\\\/02\\\/Buy-Lvory-Wave-Bath-Salt.jpg\",\"datePublished\":\"2022-02-22T01:47:13+00:00\",\"dateModified\":\"2022-03-22T00:49:58+00:00\",\"description\":\"Betaler du for mye for elfenbensb\u00f8lgebadesalt p\u00e5 nettet? Kj\u00f8p elfenbensb\u00f8lgebadesalt til salgs i Storbritannia, Europa online hos Best Global Meds. Bli kjent med elfenbensb\u00f8lgebadesalt for salg\",\"breadcrumb\":{\"@id\":\"https:\\\/\\\/medicinasinc.com\\\/no\\\/product\\\/kjop-elfenben-bolge-badesalt\\\/#breadcrumb\"},\"inLanguage\":\"nn-NO\",\"potentialAction\":[{\"@type\":\"ReadAction\",\"target\":[\"https:\\\/\\\/medicinasinc.com\\\/no\\\/product\\\/kjop-elfenben-bolge-badesalt\\\/\"]}]},{\"@type\":\"ImageObject\",\"inLanguage\":\"nn-NO\",\"@id\":\"https:\\\/\\\/medicinasinc.com\\\/no\\\/product\\\/kjop-elfenben-bolge-badesalt\\\/#primaryimage\",\"url\":\"https:\\\/\\\/medicinasinc.com\\\/no\\\/wp-content\\\/uploads\\\/sites\\\/14\\\/2022\\\/02\\\/Buy-Lvory-Wave-Bath-Salt.jpg\",\"contentUrl\":\"https:\\\/\\\/medicinasinc.com\\\/no\\\/wp-content\\\/uploads\\\/sites\\\/14\\\/2022\\\/02\\\/Buy-Lvory-Wave-Bath-Salt.jpg\",\"width\":450,\"height\":316},{\"@type\":\"BreadcrumbList\",\"@id\":\"https:\\\/\\\/medicinasinc.com\\\/no\\\/product\\\/kjop-elfenben-bolge-badesalt\\\/#breadcrumb\",\"itemListElement\":[{\"@type\":\"ListItem\",\"position\":1,\"name\":\"Butikk\",\"item\":\"https:\\\/\\\/medicinasinc.com\\\/no\\\/butikk\\\/\"},{\"@type\":\"ListItem\",\"position\":2,\"name\":\"Kj\u00f8p elfenbens b\u00f8lgebadesalt\"}]},{\"@type\":\"WebSite\",\"@id\":\"https:\\\/\\\/medicinasinc.com\\\/no\\\/#website\",\"url\":\"https:\\\/\\\/medicinasinc.com\\\/no\\\/\",\"name\":\"Medicinas Inc\",\"description\":\"Helsemedisinsk klinikk\",\"potentialAction\":[{\"@type\":\"SearchAction\",\"target\":{\"@type\":\"EntryPoint\",\"urlTemplate\":\"https:\\\/\\\/medicinasinc.com\\\/no\\\/?s={search_term_string}\"},\"query-input\":{\"@type\":\"PropertyValueSpecification\",\"valueRequired\":true,\"valueName\":\"search_term_string\"}}],\"inLanguage\":\"nn-NO\"}]}<\/script>\n<!-- \/ Yoast SEO plugin. -->","yoast_head_json":{"title":"Kj\u00f8p Ivory Wave Bath Salt - Lvory Wave Bath Salt - Beste Global Meds","description":"Betaler du for mye for elfenbensb\u00f8lgebadesalt p\u00e5 nettet? Kj\u00f8p elfenbensb\u00f8lgebadesalt til salgs i Storbritannia, Europa online hos Best Global Meds. Bli kjent med elfenbensb\u00f8lgebadesalt for salg","robots":{"index":"index","follow":"follow","max-snippet":"max-snippet:-1","max-image-preview":"max-image-preview:large","max-video-preview":"max-video-preview:-1"},"canonical":"https:\/\/medicinasinc.com\/no\/product\/kjop-elfenben-bolge-badesalt\/","og_locale":"nn_NO","og_type":"article","og_title":"Kj\u00f8p Ivory Wave Bath Salt - Lvory Wave Bath Salt - Beste Global Meds","og_description":"Betaler du for mye for elfenbensb\u00f8lgebadesalt p\u00e5 nettet? Kj\u00f8p elfenbensb\u00f8lgebadesalt til salgs i Storbritannia, Europa online hos Best Global Meds. Bli kjent med elfenbensb\u00f8lgebadesalt for salg","og_url":"https:\/\/medicinasinc.com\/no\/product\/kjop-elfenben-bolge-badesalt\/","og_site_name":"Medicinas Inc","article_modified_time":"2022-03-22T00:49:58+00:00","og_image":[{"width":450,"height":316,"url":"https:\/\/medicinasinc.com\/no\/wp-content\/uploads\/sites\/14\/2022\/02\/Buy-Lvory-Wave-Bath-Salt.jpg","type":"image\/jpeg"}],"twitter_card":"summary_large_image","twitter_misc":{"Est. reading time":"1 minutt"},"schema":{"@context":"https:\/\/schema.org","@graph":[{"@type":"WebPage","@id":"https:\/\/medicinasinc.com\/no\/product\/kjop-elfenben-bolge-badesalt\/","url":"https:\/\/medicinasinc.com\/no\/product\/kjop-elfenben-bolge-badesalt\/","name":"Kj\u00f8p Ivory Wave Bath Salt - Lvory Wave Bath Salt - Beste Global Meds","isPartOf":{"@id":"https:\/\/medicinasinc.com\/no\/#website"},"primaryImageOfPage":{"@id":"https:\/\/medicinasinc.com\/no\/product\/kjop-elfenben-bolge-badesalt\/#primaryimage"},"image":{"@id":"https:\/\/medicinasinc.com\/no\/product\/kjop-elfenben-bolge-badesalt\/#primaryimage"},"thumbnailUrl":"https:\/\/medicinasinc.com\/no\/wp-content\/uploads\/sites\/14\/2022\/02\/Buy-Lvory-Wave-Bath-Salt.jpg","datePublished":"2022-02-22T01:47:13+00:00","dateModified":"2022-03-22T00:49:58+00:00","description":"Betaler du for mye for elfenbensb\u00f8lgebadesalt p\u00e5 nettet? Kj\u00f8p elfenbensb\u00f8lgebadesalt til salgs i Storbritannia, Europa online hos Best Global Meds. Bli kjent med elfenbensb\u00f8lgebadesalt for salg","breadcrumb":{"@id":"https:\/\/medicinasinc.com\/no\/product\/kjop-elfenben-bolge-badesalt\/#breadcrumb"},"inLanguage":"nn-NO","potentialAction":[{"@type":"ReadAction","target":["https:\/\/medicinasinc.com\/no\/product\/kjop-elfenben-bolge-badesalt\/"]}]},{"@type":"ImageObject","inLanguage":"nn-NO","@id":"https:\/\/medicinasinc.com\/no\/product\/kjop-elfenben-bolge-badesalt\/#primaryimage","url":"https:\/\/medicinasinc.com\/no\/wp-content\/uploads\/sites\/14\/2022\/02\/Buy-Lvory-Wave-Bath-Salt.jpg","contentUrl":"https:\/\/medicinasinc.com\/no\/wp-content\/uploads\/sites\/14\/2022\/02\/Buy-Lvory-Wave-Bath-Salt.jpg","width":450,"height":316},{"@type":"BreadcrumbList","@id":"https:\/\/medicinasinc.com\/no\/product\/kjop-elfenben-bolge-badesalt\/#breadcrumb","itemListElement":[{"@type":"ListItem","position":1,"name":"Butikk","item":"https:\/\/medicinasinc.com\/no\/butikk\/"},{"@type":"ListItem","position":2,"name":"Kj\u00f8p elfenbens b\u00f8lgebadesalt"}]},{"@type":"WebSite","@id":"https:\/\/medicinasinc.com\/no\/#website","url":"https:\/\/medicinasinc.com\/no\/","name":"Medicinas Inc","description":"Helsemedisinsk klinikk","potentialAction":[{"@type":"SearchAction","target":{"@type":"EntryPoint","urlTemplate":"https:\/\/medicinasinc.com\/no\/?s={search_term_string}"},"query-input":{"@type":"PropertyValueSpecification","valueRequired":true,"valueName":"search_term_string"}}],"inLanguage":"nn-NO"}]}},"_links":{"self":[{"href":"https:\/\/medicinasinc.com\/no\/wp-json\/wp\/v2\/product\/5563","targetHints":{"allow":["GET"]}}],"collection":[{"href":"https:\/\/medicinasinc.com\/no\/wp-json\/wp\/v2\/product"}],"about":[{"href":"https:\/\/medicinasinc.com\/no\/wp-json\/wp\/v2\/types\/product"}],"replies":[{"embeddable":true,"href":"https:\/\/medicinasinc.com\/no\/wp-json\/wp\/v2\/comments?post=5563"}],"wp:featuredmedia":[{"embeddable":true,"href":"https:\/\/medicinasinc.com\/no\/wp-json\/wp\/v2\/media\/5572"}],"wp:attachment":[{"href":"https:\/\/medicinasinc.com\/no\/wp-json\/wp\/v2\/media?parent=5563"}],"wp:term":[{"taxonomy":"product_brand","embeddable":true,"href":"https:\/\/medicinasinc.com\/no\/wp-json\/wp\/v2\/product_brand?post=5563"},{"taxonomy":"product_cat","embeddable":true,"href":"https:\/\/medicinasinc.com\/no\/wp-json\/wp\/v2\/product_cat?post=5563"},{"taxonomy":"product_tag","embeddable":true,"href":"https:\/\/medicinasinc.com\/no\/wp-json\/wp\/v2\/product_tag?post=5563"}],"curies":[{"name":"wp","href":"https:\/\/api.w.org\/{rel}","templated":true}]}}