{"id":5549,"date":"2022-02-22T01:34:03","date_gmt":"2022-02-22T01:34:03","guid":{"rendered":"https:\/\/medicinasinc.com\/no\/?post_type=product&#038;p=5549"},"modified":"2022-03-22T00:50:07","modified_gmt":"2022-03-22T00:50:07","slug":"kjop-jwh-210-kjemisk-pulver","status":"publish","type":"product","link":"https:\/\/medicinasinc.com\/no\/product\/kjop-jwh-210-kjemisk-pulver\/","title":{"rendered":"Kj\u00f8p JWH-210 kjemisk pulver"},"content":{"rendered":"<p>Det kjemiske pulveret til JWH-210 kan kj\u00f8pes p\u00e5 nettet.<\/p>\n<p>Kj\u00f8p JWH-210 Chemical Powder p\u00e5 internett. En av de mest brukte antidepressiva i USA er JWH-210. Cannabinoiden har en kraftig effekt.<\/p>\n<p>online WH-210-pulver<\/p>\n<p>For smertelindring fungerer JWH-210-pulver fra naftoylindolfamilien som en cannabinoidagonist b\u00e5de p\u00e5 CB1- og CB2-reseptorene , med en Ki-verdi p\u00e5 0,46 nM for CB1 og 0,69 nM for CB2. Som et 4-substituert naftoylderivat har det en sterkere bindingsaffinitet (dvs. lavere Ki) ved CB1 enn b\u00e5de 4-metyl- og 4-N-propylhomologene, JWH-122 (CB1 Ki 0,69 nM) samt JWH-182 (CB1 Ki 0,65 nM), og 4-metoksymolekylet JWH-081 (CB1 Ki 1,2 nM). John W. Huffman, som gjorde oppdagelsen, ble hedret med \u00e6ren av \u00e5 f\u00e5 sitt funn oppkalt etter seg.<\/p>\n<p>Det er to typer cannabinoidreseptorer i kroppen: CB1 og CB2. JWH-210 er smertestillende og fungerer som en agonist for begge. CB1 Ki er ved 0,46 nM, og CB2 Ki ved 0,69 nM. Et sterkt 4-substituert naftoylderivat av naftoylindol-serien, det har en h\u00f8yere affinitet for CB1-binding enn JWH-122, JWH-182 og JWH-081 av f\u00f8rste generasjons syntetiske cannabinoider (1).<\/p>\n<p> Metabolske veier: JWH-210 har flere kjente metabolitter, inkludert N-pentansyre-metabolitt (p\u00e5viselig i urin), N-(4-hydroksypentyl)-metabolitt (p\u00e5viselig i urin og serum), N-(5-hydroksypentyl)-metabolitt (p\u00e5visbar i urin og serum), og 5 hydroksyindolmetabolitt (p\u00e5viselig i urin og serum) (p\u00e5viselig i urin og serum). Det er ogs\u00e5 blitt uttalt at naftoylringen har blitt hydroksylert (2).<\/p>\n<p>N\u00e5r den spr\u00f8ytes p\u00e5 planter, har JWH-210 samme effekt og toksisitet som marihuana, if\u00f8lge brukere. Innen 2-5 minutter etter injeksjon begynner effekten \u00e5 merkes. Lite er kjent om effektene av JWH-210 alene, men syntetiske cannabinoider for\u00e5rsaker vanligvis hum\u00f8r og perseptuelle endringer, panikkanfall og agitasjon, en h\u00f8y lik den for cannabis, og mindre hallusinogene effekter (visuelle og auditive).<\/p>\n","protected":false},"excerpt":{"rendered":"<p>Kj\u00f8p JWH-210 kjemisk pulver til salgs online i Storbritannia, Europa, EU. JWH-210 Chemical Powder er et smertestillende kjemikalie fra naftoylindolfamilien. <\/p>\n<h3 class=\"product_title\"> JWH-210 pulver p\u00e5 nett kj\u00f8p original JWH-210 99 % renhet <\/h3>\n","protected":false},"featured_media":5560,"comment_status":"open","ping_status":"closed","template":"","meta":[],"product_brand":[],"product_cat":[2014],"product_tag":[3070,3071,3072,3034,3080,3077,3075,3076,3074,3078,3079,3047,3073],"class_list":{"0":"post-5549","1":"product","2":"type-product","3":"status-publish","4":"has-post-thumbnail","6":"product_cat-kjpe-forskning-kjemikalier","7":"product_tag-buy-jwh-210","8":"product_tag-buy-jwh-210-europe","9":"product_tag-buy-jwh-210-uk","10":"product_tag-jwh-018","11":"product_tag-jwh-210-gjennomgang","12":"product_tag-jwh-210-bestilling","13":"product_tag-jwh-210-dosering","14":"product_tag-jwh-210-legal-status-usa","15":"product_tag-jwh-210-kjp","16":"product_tag-jwh-210-psykonaut","17":"product_tag-jwh-210-reddit","18":"product_tag-jwh-250","19":"product_tag-kj-c3-b8p-jwh-210-usa","21":"first","22":"instock","23":"shipping-taxable","24":"purchasable","25":"product-type-variable","26":"has-default-attributes"},"yoast_head":"<!-- This site is optimized with the Yoast SEO plugin v27.3 - https:\/\/yoast.com\/product\/yoast-seo-wordpress\/ -->\n<title>Kj\u00f8p JWH-210 Chemical Powder - Beste globale medisiner<\/title>\n<meta name=\"description\" content=\"Kj\u00f8p JWH-210 kjemisk pulver til salgs online i Storbritannia, Europa. JWH-210 Chemical Powder er et smertestillende kjemikalie fra naftoylindolfamilien.\" \/>\n<meta name=\"robots\" content=\"index, follow, max-snippet:-1, max-image-preview:large, max-video-preview:-1\" \/>\n<link rel=\"canonical\" href=\"https:\/\/medicinasinc.com\/no\/product\/kjop-jwh-210-kjemisk-pulver\/\" \/>\n<meta property=\"og:locale\" content=\"nn_NO\" \/>\n<meta property=\"og:type\" content=\"article\" \/>\n<meta property=\"og:title\" content=\"Kj\u00f8p JWH-210 Chemical Powder - Beste globale medisiner\" \/>\n<meta property=\"og:description\" content=\"Kj\u00f8p JWH-210 kjemisk pulver til salgs online i Storbritannia, Europa. JWH-210 Chemical Powder er et smertestillende kjemikalie fra naftoylindolfamilien.\" \/>\n<meta property=\"og:url\" content=\"https:\/\/medicinasinc.com\/no\/product\/kjop-jwh-210-kjemisk-pulver\/\" \/>\n<meta property=\"og:site_name\" content=\"Medicinas Inc\" \/>\n<meta property=\"article:modified_time\" content=\"2022-03-22T00:50:07+00:00\" \/>\n<meta property=\"og:image\" content=\"https:\/\/medicinasinc.com\/no\/wp-content\/uploads\/sites\/14\/2022\/02\/Buy-JWH-210-Chemical-Powder-Online.jpg\" \/>\n\t<meta property=\"og:image:width\" content=\"600\" \/>\n\t<meta property=\"og:image:height\" content=\"600\" \/>\n\t<meta property=\"og:image:type\" content=\"image\/jpeg\" \/>\n<meta name=\"twitter:card\" content=\"summary_large_image\" \/>\n<meta name=\"twitter:label1\" content=\"Est. reading time\" \/>\n\t<meta name=\"twitter:data1\" content=\"2 minutt\" \/>\n<script type=\"application\/ld+json\" class=\"yoast-schema-graph\">{\"@context\":\"https:\\\/\\\/schema.org\",\"@graph\":[{\"@type\":\"WebPage\",\"@id\":\"https:\\\/\\\/medicinasinc.com\\\/no\\\/product\\\/kjop-jwh-210-kjemisk-pulver\\\/\",\"url\":\"https:\\\/\\\/medicinasinc.com\\\/no\\\/product\\\/kjop-jwh-210-kjemisk-pulver\\\/\",\"name\":\"Kj\u00f8p JWH-210 Chemical Powder - Beste globale medisiner\",\"isPartOf\":{\"@id\":\"https:\\\/\\\/medicinasinc.com\\\/no\\\/#website\"},\"primaryImageOfPage\":{\"@id\":\"https:\\\/\\\/medicinasinc.com\\\/no\\\/product\\\/kjop-jwh-210-kjemisk-pulver\\\/#primaryimage\"},\"image\":{\"@id\":\"https:\\\/\\\/medicinasinc.com\\\/no\\\/product\\\/kjop-jwh-210-kjemisk-pulver\\\/#primaryimage\"},\"thumbnailUrl\":\"https:\\\/\\\/medicinasinc.com\\\/no\\\/wp-content\\\/uploads\\\/sites\\\/14\\\/2022\\\/02\\\/Buy-JWH-210-Chemical-Powder-Online.jpg\",\"datePublished\":\"2022-02-22T01:34:03+00:00\",\"dateModified\":\"2022-03-22T00:50:07+00:00\",\"description\":\"Kj\u00f8p JWH-210 kjemisk pulver til salgs online i Storbritannia, Europa. JWH-210 Chemical Powder er et smertestillende kjemikalie fra naftoylindolfamilien.\",\"breadcrumb\":{\"@id\":\"https:\\\/\\\/medicinasinc.com\\\/no\\\/product\\\/kjop-jwh-210-kjemisk-pulver\\\/#breadcrumb\"},\"inLanguage\":\"nn-NO\",\"potentialAction\":[{\"@type\":\"ReadAction\",\"target\":[\"https:\\\/\\\/medicinasinc.com\\\/no\\\/product\\\/kjop-jwh-210-kjemisk-pulver\\\/\"]}]},{\"@type\":\"ImageObject\",\"inLanguage\":\"nn-NO\",\"@id\":\"https:\\\/\\\/medicinasinc.com\\\/no\\\/product\\\/kjop-jwh-210-kjemisk-pulver\\\/#primaryimage\",\"url\":\"https:\\\/\\\/medicinasinc.com\\\/no\\\/wp-content\\\/uploads\\\/sites\\\/14\\\/2022\\\/02\\\/Buy-JWH-210-Chemical-Powder-Online.jpg\",\"contentUrl\":\"https:\\\/\\\/medicinasinc.com\\\/no\\\/wp-content\\\/uploads\\\/sites\\\/14\\\/2022\\\/02\\\/Buy-JWH-210-Chemical-Powder-Online.jpg\",\"width\":600,\"height\":600},{\"@type\":\"BreadcrumbList\",\"@id\":\"https:\\\/\\\/medicinasinc.com\\\/no\\\/product\\\/kjop-jwh-210-kjemisk-pulver\\\/#breadcrumb\",\"itemListElement\":[{\"@type\":\"ListItem\",\"position\":1,\"name\":\"Butikk\",\"item\":\"https:\\\/\\\/medicinasinc.com\\\/no\\\/butikk\\\/\"},{\"@type\":\"ListItem\",\"position\":2,\"name\":\"Kj\u00f8p JWH-210 kjemisk pulver\"}]},{\"@type\":\"WebSite\",\"@id\":\"https:\\\/\\\/medicinasinc.com\\\/no\\\/#website\",\"url\":\"https:\\\/\\\/medicinasinc.com\\\/no\\\/\",\"name\":\"Medicinas Inc\",\"description\":\"Helsemedisinsk klinikk\",\"potentialAction\":[{\"@type\":\"SearchAction\",\"target\":{\"@type\":\"EntryPoint\",\"urlTemplate\":\"https:\\\/\\\/medicinasinc.com\\\/no\\\/?s={search_term_string}\"},\"query-input\":{\"@type\":\"PropertyValueSpecification\",\"valueRequired\":true,\"valueName\":\"search_term_string\"}}],\"inLanguage\":\"nn-NO\"}]}<\/script>\n<!-- \/ Yoast SEO plugin. -->","yoast_head_json":{"title":"Kj\u00f8p JWH-210 Chemical Powder - Beste globale medisiner","description":"Kj\u00f8p JWH-210 kjemisk pulver til salgs online i Storbritannia, Europa. JWH-210 Chemical Powder er et smertestillende kjemikalie fra naftoylindolfamilien.","robots":{"index":"index","follow":"follow","max-snippet":"max-snippet:-1","max-image-preview":"max-image-preview:large","max-video-preview":"max-video-preview:-1"},"canonical":"https:\/\/medicinasinc.com\/no\/product\/kjop-jwh-210-kjemisk-pulver\/","og_locale":"nn_NO","og_type":"article","og_title":"Kj\u00f8p JWH-210 Chemical Powder - Beste globale medisiner","og_description":"Kj\u00f8p JWH-210 kjemisk pulver til salgs online i Storbritannia, Europa. JWH-210 Chemical Powder er et smertestillende kjemikalie fra naftoylindolfamilien.","og_url":"https:\/\/medicinasinc.com\/no\/product\/kjop-jwh-210-kjemisk-pulver\/","og_site_name":"Medicinas Inc","article_modified_time":"2022-03-22T00:50:07+00:00","og_image":[{"width":600,"height":600,"url":"https:\/\/medicinasinc.com\/no\/wp-content\/uploads\/sites\/14\/2022\/02\/Buy-JWH-210-Chemical-Powder-Online.jpg","type":"image\/jpeg"}],"twitter_card":"summary_large_image","twitter_misc":{"Est. reading time":"2 minutt"},"schema":{"@context":"https:\/\/schema.org","@graph":[{"@type":"WebPage","@id":"https:\/\/medicinasinc.com\/no\/product\/kjop-jwh-210-kjemisk-pulver\/","url":"https:\/\/medicinasinc.com\/no\/product\/kjop-jwh-210-kjemisk-pulver\/","name":"Kj\u00f8p JWH-210 Chemical Powder - Beste globale medisiner","isPartOf":{"@id":"https:\/\/medicinasinc.com\/no\/#website"},"primaryImageOfPage":{"@id":"https:\/\/medicinasinc.com\/no\/product\/kjop-jwh-210-kjemisk-pulver\/#primaryimage"},"image":{"@id":"https:\/\/medicinasinc.com\/no\/product\/kjop-jwh-210-kjemisk-pulver\/#primaryimage"},"thumbnailUrl":"https:\/\/medicinasinc.com\/no\/wp-content\/uploads\/sites\/14\/2022\/02\/Buy-JWH-210-Chemical-Powder-Online.jpg","datePublished":"2022-02-22T01:34:03+00:00","dateModified":"2022-03-22T00:50:07+00:00","description":"Kj\u00f8p JWH-210 kjemisk pulver til salgs online i Storbritannia, Europa. JWH-210 Chemical Powder er et smertestillende kjemikalie fra naftoylindolfamilien.","breadcrumb":{"@id":"https:\/\/medicinasinc.com\/no\/product\/kjop-jwh-210-kjemisk-pulver\/#breadcrumb"},"inLanguage":"nn-NO","potentialAction":[{"@type":"ReadAction","target":["https:\/\/medicinasinc.com\/no\/product\/kjop-jwh-210-kjemisk-pulver\/"]}]},{"@type":"ImageObject","inLanguage":"nn-NO","@id":"https:\/\/medicinasinc.com\/no\/product\/kjop-jwh-210-kjemisk-pulver\/#primaryimage","url":"https:\/\/medicinasinc.com\/no\/wp-content\/uploads\/sites\/14\/2022\/02\/Buy-JWH-210-Chemical-Powder-Online.jpg","contentUrl":"https:\/\/medicinasinc.com\/no\/wp-content\/uploads\/sites\/14\/2022\/02\/Buy-JWH-210-Chemical-Powder-Online.jpg","width":600,"height":600},{"@type":"BreadcrumbList","@id":"https:\/\/medicinasinc.com\/no\/product\/kjop-jwh-210-kjemisk-pulver\/#breadcrumb","itemListElement":[{"@type":"ListItem","position":1,"name":"Butikk","item":"https:\/\/medicinasinc.com\/no\/butikk\/"},{"@type":"ListItem","position":2,"name":"Kj\u00f8p JWH-210 kjemisk pulver"}]},{"@type":"WebSite","@id":"https:\/\/medicinasinc.com\/no\/#website","url":"https:\/\/medicinasinc.com\/no\/","name":"Medicinas Inc","description":"Helsemedisinsk klinikk","potentialAction":[{"@type":"SearchAction","target":{"@type":"EntryPoint","urlTemplate":"https:\/\/medicinasinc.com\/no\/?s={search_term_string}"},"query-input":{"@type":"PropertyValueSpecification","valueRequired":true,"valueName":"search_term_string"}}],"inLanguage":"nn-NO"}]}},"_links":{"self":[{"href":"https:\/\/medicinasinc.com\/no\/wp-json\/wp\/v2\/product\/5549","targetHints":{"allow":["GET"]}}],"collection":[{"href":"https:\/\/medicinasinc.com\/no\/wp-json\/wp\/v2\/product"}],"about":[{"href":"https:\/\/medicinasinc.com\/no\/wp-json\/wp\/v2\/types\/product"}],"replies":[{"embeddable":true,"href":"https:\/\/medicinasinc.com\/no\/wp-json\/wp\/v2\/comments?post=5549"}],"wp:featuredmedia":[{"embeddable":true,"href":"https:\/\/medicinasinc.com\/no\/wp-json\/wp\/v2\/media\/5560"}],"wp:attachment":[{"href":"https:\/\/medicinasinc.com\/no\/wp-json\/wp\/v2\/media?parent=5549"}],"wp:term":[{"taxonomy":"product_brand","embeddable":true,"href":"https:\/\/medicinasinc.com\/no\/wp-json\/wp\/v2\/product_brand?post=5549"},{"taxonomy":"product_cat","embeddable":true,"href":"https:\/\/medicinasinc.com\/no\/wp-json\/wp\/v2\/product_cat?post=5549"},{"taxonomy":"product_tag","embeddable":true,"href":"https:\/\/medicinasinc.com\/no\/wp-json\/wp\/v2\/product_tag?post=5549"}],"curies":[{"name":"wp","href":"https:\/\/api.w.org\/{rel}","templated":true}]}}