{"id":5548,"date":"2022-02-22T01:32:32","date_gmt":"2022-02-22T01:32:32","guid":{"rendered":"https:\/\/medicinasinc.com\/no\/?post_type=product&#038;p=5548"},"modified":"2022-03-22T00:50:19","modified_gmt":"2022-03-22T00:50:19","slug":"kjop-jwh-018-kjemikalier","status":"publish","type":"product","link":"https:\/\/medicinasinc.com\/no\/product\/kjop-jwh-018-kjemikalier\/","title":{"rendered":"Kj\u00f8p JWH-018 Chemical"},"content":{"rendered":"<p>JWH-018-pulver kan kj\u00f8pes ved hjelp av western union\/MoneyGram eller bitcoins her p\u00e5 siden v\u00e5r. Den er garantert minst 99,8 prosent ren. Ethvert parti av v\u00e5re forskningskjemikalier kan leveres med et analysesertifikat (COA).<\/p>\n<p>Ett gram JWH-018 hver bestillingsenhet inneholder minimum 99,8 % ren JWH-018.<\/p>\n<p>Til salgs er JWH 018 spray.<\/p>\n<p>F\u00f8r vi g\u00e5r inn i JWH-018, vil vi gjerne gi deg en kort introduksjon til CBD.<br \/> I f\u00f8lge US Public Library of Medicine, CBD, forkortelse for cannabidiol, er et syntetisk kjemikalie som stammer fra Cannabis sativa-planten, noen ganger kjent som cannabis eller hjelp.<br \/> I produkter som oljer og spiselige varer, brukes det for \u00e5 indusere en f\u00f8lelse av ro og avslapning. I likhet med sin fetter, THC (delta-9-tetrahydrocannabinoider), har ikke CBD en psykotropisk effekt p\u00e5 kroppen.<br \/> Zests hjemmelagde blanding &laquo;Zest&raquo; inneholder en konstruert cannabinoid kjent som JWH-018. P\u00e5 grunn av dens lignende berusende effekt som 9-THC, brukes denne Zest-cannabinoiden ulovlig. Mens JWH-018 er merkbart mer potent enn tilsvarende cannabism\u00e5linger, gir den ogs\u00e5 enorme utfordringer for p\u00e5visning ved standard 9-THC-teststudier. JWH-018<br \/> JWH-018 ble lagt til DEAs liste over medisiner og syntetiske stoffer i juli 2009. Noen jurisdiksjoner har iverksatt tiltak for \u00e5 forby salg eller eierskap av Flavour (JWH-018), inkludert Alabama, Arkansas , Georgia, Kansas, Kentucky, North Dakota og Tennessee til tross for de rapporterte fangstene av Flavour i Ohio og Florida.<br \/> N\u00e5r det gjelder jwh-018 spray, har du kommet til riktig sted hvis du vil ha det beste. Vi sender varer av h\u00f8y kvalitet i store kvanta over hele verden. Sprayen jwh-018 kan bli din i l\u00f8pet av de neste fem virkedagene hvis du bestiller n\u00e5. Online jwh-018 kj\u00f8p.<\/p>\n","protected":false},"excerpt":{"rendered":"<div class=\"woocommerce-product-details__short-description\">\n<p>Vi har JWH-018 til salgs p\u00e5 nettstedet v\u00e5rt. Aldri tidligere sett utgifter. En spray- og pulverversjon av Best JWH-018 Essence er n\u00e5 tilgjengelig for kj\u00f8p. Bestglobalmeds.com er stedet for \u00e5 kj\u00f8pe JWH-018 online.<\/p>\n<p>Kj\u00f8p JWH-018 fra en anerkjent forhandler p\u00e5 nettet. \u00d8nsker \u00e5 kj\u00f8pe h\u00f8ykvalitets jwh-018 til en billig penge. Bestill fra oss og bli med i rekken av forn\u00f8yde kunder.<\/p>\n<p>JWH-018<\/p>\n<p>Produktet er helt nytt.<\/p>\n<p>Kj\u00f8p JWH-018<\/p>\n<p>Aktivt stoff:<br \/> Aktivt etter:<br \/> Aktivtid:<br \/> En ordreenhet:<\/p>\n<p>JWH-018<br \/> 20-30 min. etter bruk<br \/> 4-5 timer<br \/> 1g av min 99<\/p>\n<\/p><\/div>\n","protected":false},"featured_media":5558,"comment_status":"open","ping_status":"closed","template":"","meta":[],"product_brand":[],"product_cat":[2014],"product_tag":[3050,3053,3054,3055,3063,3059,3067,3057,3058,3061,3060,3062,3064,3065,3066,3068,3056,3051,3052,3069],"class_list":{"0":"post-5548","1":"product","2":"type-product","3":"status-publish","4":"has-post-thumbnail","6":"product_cat-kjpe-forskning-kjemikalier","7":"product_tag-buy-jwh-018","8":"product_tag-how-to-make-jwh-018-spray","9":"product_tag-jwh-pulver","10":"product_tag-jwh-018-alternativ","11":"product_tag-jwh-018-anmeldelse","12":"product_tag-jwh-018-ordre","13":"product_tag-jwh-018-engros","14":"product_tag-jwh-018-for-sale","15":"product_tag-jwh-018-online-kjp","16":"product_tag-jwh-018-pris","17":"product_tag-jwh-018-pulver-pris","18":"product_tag-jwh-018-reddit","19":"product_tag-jwh-018-salg","20":"product_tag-jwh-018-spray-til-salg-uk","21":"product_tag-jwh-018-walmart","22":"product_tag-jwh-250-spray","23":"product_tag-jwh-018-kj-c3-b8p","24":"product_tag-kj-c3-b8p-jwh-018-kjemikalier","25":"product_tag-kj-c3-b8p-jwh-018-pulver","26":"product_tag-produkter-som-inneholder-jwh-018","28":"first","29":"instock","30":"shipping-taxable","31":"purchasable","32":"product-type-variable","33":"has-default-attributes"},"yoast_head":"<!-- This site is optimized with the Yoast SEO plugin v27.3 - https:\/\/yoast.com\/product\/yoast-seo-wordpress\/ -->\n<title>Kj\u00f8p JWH-018 Chemical - JWH-018 Chemical Online - Beste globale medisiner<\/title>\n<meta name=\"description\" content=\"Kj\u00f8p JWH-018 Chemical Powder UK, UAE, Europa, Kina i v\u00e5r Bestglobalmeds.com nettbutikk med rask levering over hele verden! Den beste JWH-018 for bestilling finner du her!\" \/>\n<meta name=\"robots\" content=\"index, follow, max-snippet:-1, max-image-preview:large, max-video-preview:-1\" \/>\n<link rel=\"canonical\" href=\"https:\/\/medicinasinc.com\/no\/product\/kjop-jwh-018-kjemikalier\/\" \/>\n<meta property=\"og:locale\" content=\"nn_NO\" \/>\n<meta property=\"og:type\" content=\"article\" \/>\n<meta property=\"og:title\" content=\"Kj\u00f8p JWH-018 Chemical - JWH-018 Chemical Online - Beste globale medisiner\" \/>\n<meta property=\"og:description\" content=\"Kj\u00f8p JWH-018 Chemical Powder UK, UAE, Europa, Kina i v\u00e5r Bestglobalmeds.com nettbutikk med rask levering over hele verden! Den beste JWH-018 for bestilling finner du her!\" \/>\n<meta property=\"og:url\" content=\"https:\/\/medicinasinc.com\/no\/product\/kjop-jwh-018-kjemikalier\/\" \/>\n<meta property=\"og:site_name\" content=\"Medicinas Inc\" \/>\n<meta property=\"article:modified_time\" content=\"2022-03-22T00:50:19+00:00\" \/>\n<meta property=\"og:image\" content=\"https:\/\/medicinasinc.com\/no\/wp-content\/uploads\/sites\/14\/2022\/02\/Buy-JWH-018-Chemical.jpg\" \/>\n\t<meta property=\"og:image:width\" content=\"593\" \/>\n\t<meta property=\"og:image:height\" content=\"400\" \/>\n\t<meta property=\"og:image:type\" content=\"image\/jpeg\" \/>\n<meta name=\"twitter:card\" content=\"summary_large_image\" \/>\n<meta name=\"twitter:label1\" content=\"Est. reading time\" \/>\n\t<meta name=\"twitter:data1\" content=\"2 minutt\" \/>\n<script type=\"application\/ld+json\" class=\"yoast-schema-graph\">{\"@context\":\"https:\\\/\\\/schema.org\",\"@graph\":[{\"@type\":\"WebPage\",\"@id\":\"https:\\\/\\\/medicinasinc.com\\\/no\\\/product\\\/kjop-jwh-018-kjemikalier\\\/\",\"url\":\"https:\\\/\\\/medicinasinc.com\\\/no\\\/product\\\/kjop-jwh-018-kjemikalier\\\/\",\"name\":\"Kj\u00f8p JWH-018 Chemical - JWH-018 Chemical Online - Beste globale medisiner\",\"isPartOf\":{\"@id\":\"https:\\\/\\\/medicinasinc.com\\\/no\\\/#website\"},\"primaryImageOfPage\":{\"@id\":\"https:\\\/\\\/medicinasinc.com\\\/no\\\/product\\\/kjop-jwh-018-kjemikalier\\\/#primaryimage\"},\"image\":{\"@id\":\"https:\\\/\\\/medicinasinc.com\\\/no\\\/product\\\/kjop-jwh-018-kjemikalier\\\/#primaryimage\"},\"thumbnailUrl\":\"https:\\\/\\\/medicinasinc.com\\\/no\\\/wp-content\\\/uploads\\\/sites\\\/14\\\/2022\\\/02\\\/Buy-JWH-018-Chemical.jpg\",\"datePublished\":\"2022-02-22T01:32:32+00:00\",\"dateModified\":\"2022-03-22T00:50:19+00:00\",\"description\":\"Kj\u00f8p JWH-018 Chemical Powder UK, UAE, Europa, Kina i v\u00e5r Bestglobalmeds.com nettbutikk med rask levering over hele verden! Den beste JWH-018 for bestilling finner du her!\",\"breadcrumb\":{\"@id\":\"https:\\\/\\\/medicinasinc.com\\\/no\\\/product\\\/kjop-jwh-018-kjemikalier\\\/#breadcrumb\"},\"inLanguage\":\"nn-NO\",\"potentialAction\":[{\"@type\":\"ReadAction\",\"target\":[\"https:\\\/\\\/medicinasinc.com\\\/no\\\/product\\\/kjop-jwh-018-kjemikalier\\\/\"]}]},{\"@type\":\"ImageObject\",\"inLanguage\":\"nn-NO\",\"@id\":\"https:\\\/\\\/medicinasinc.com\\\/no\\\/product\\\/kjop-jwh-018-kjemikalier\\\/#primaryimage\",\"url\":\"https:\\\/\\\/medicinasinc.com\\\/no\\\/wp-content\\\/uploads\\\/sites\\\/14\\\/2022\\\/02\\\/Buy-JWH-018-Chemical.jpg\",\"contentUrl\":\"https:\\\/\\\/medicinasinc.com\\\/no\\\/wp-content\\\/uploads\\\/sites\\\/14\\\/2022\\\/02\\\/Buy-JWH-018-Chemical.jpg\",\"width\":593,\"height\":400},{\"@type\":\"BreadcrumbList\",\"@id\":\"https:\\\/\\\/medicinasinc.com\\\/no\\\/product\\\/kjop-jwh-018-kjemikalier\\\/#breadcrumb\",\"itemListElement\":[{\"@type\":\"ListItem\",\"position\":1,\"name\":\"Butikk\",\"item\":\"https:\\\/\\\/medicinasinc.com\\\/no\\\/butikk\\\/\"},{\"@type\":\"ListItem\",\"position\":2,\"name\":\"Kj\u00f8p JWH-018 Chemical\"}]},{\"@type\":\"WebSite\",\"@id\":\"https:\\\/\\\/medicinasinc.com\\\/no\\\/#website\",\"url\":\"https:\\\/\\\/medicinasinc.com\\\/no\\\/\",\"name\":\"Medicinas Inc\",\"description\":\"Helsemedisinsk klinikk\",\"potentialAction\":[{\"@type\":\"SearchAction\",\"target\":{\"@type\":\"EntryPoint\",\"urlTemplate\":\"https:\\\/\\\/medicinasinc.com\\\/no\\\/?s={search_term_string}\"},\"query-input\":{\"@type\":\"PropertyValueSpecification\",\"valueRequired\":true,\"valueName\":\"search_term_string\"}}],\"inLanguage\":\"nn-NO\"}]}<\/script>\n<!-- \/ Yoast SEO plugin. -->","yoast_head_json":{"title":"Kj\u00f8p JWH-018 Chemical - JWH-018 Chemical Online - Beste globale medisiner","description":"Kj\u00f8p JWH-018 Chemical Powder UK, UAE, Europa, Kina i v\u00e5r Bestglobalmeds.com nettbutikk med rask levering over hele verden! Den beste JWH-018 for bestilling finner du her!","robots":{"index":"index","follow":"follow","max-snippet":"max-snippet:-1","max-image-preview":"max-image-preview:large","max-video-preview":"max-video-preview:-1"},"canonical":"https:\/\/medicinasinc.com\/no\/product\/kjop-jwh-018-kjemikalier\/","og_locale":"nn_NO","og_type":"article","og_title":"Kj\u00f8p JWH-018 Chemical - JWH-018 Chemical Online - Beste globale medisiner","og_description":"Kj\u00f8p JWH-018 Chemical Powder UK, UAE, Europa, Kina i v\u00e5r Bestglobalmeds.com nettbutikk med rask levering over hele verden! Den beste JWH-018 for bestilling finner du her!","og_url":"https:\/\/medicinasinc.com\/no\/product\/kjop-jwh-018-kjemikalier\/","og_site_name":"Medicinas Inc","article_modified_time":"2022-03-22T00:50:19+00:00","og_image":[{"width":593,"height":400,"url":"https:\/\/medicinasinc.com\/no\/wp-content\/uploads\/sites\/14\/2022\/02\/Buy-JWH-018-Chemical.jpg","type":"image\/jpeg"}],"twitter_card":"summary_large_image","twitter_misc":{"Est. reading time":"2 minutt"},"schema":{"@context":"https:\/\/schema.org","@graph":[{"@type":"WebPage","@id":"https:\/\/medicinasinc.com\/no\/product\/kjop-jwh-018-kjemikalier\/","url":"https:\/\/medicinasinc.com\/no\/product\/kjop-jwh-018-kjemikalier\/","name":"Kj\u00f8p JWH-018 Chemical - JWH-018 Chemical Online - Beste globale medisiner","isPartOf":{"@id":"https:\/\/medicinasinc.com\/no\/#website"},"primaryImageOfPage":{"@id":"https:\/\/medicinasinc.com\/no\/product\/kjop-jwh-018-kjemikalier\/#primaryimage"},"image":{"@id":"https:\/\/medicinasinc.com\/no\/product\/kjop-jwh-018-kjemikalier\/#primaryimage"},"thumbnailUrl":"https:\/\/medicinasinc.com\/no\/wp-content\/uploads\/sites\/14\/2022\/02\/Buy-JWH-018-Chemical.jpg","datePublished":"2022-02-22T01:32:32+00:00","dateModified":"2022-03-22T00:50:19+00:00","description":"Kj\u00f8p JWH-018 Chemical Powder UK, UAE, Europa, Kina i v\u00e5r Bestglobalmeds.com nettbutikk med rask levering over hele verden! Den beste JWH-018 for bestilling finner du her!","breadcrumb":{"@id":"https:\/\/medicinasinc.com\/no\/product\/kjop-jwh-018-kjemikalier\/#breadcrumb"},"inLanguage":"nn-NO","potentialAction":[{"@type":"ReadAction","target":["https:\/\/medicinasinc.com\/no\/product\/kjop-jwh-018-kjemikalier\/"]}]},{"@type":"ImageObject","inLanguage":"nn-NO","@id":"https:\/\/medicinasinc.com\/no\/product\/kjop-jwh-018-kjemikalier\/#primaryimage","url":"https:\/\/medicinasinc.com\/no\/wp-content\/uploads\/sites\/14\/2022\/02\/Buy-JWH-018-Chemical.jpg","contentUrl":"https:\/\/medicinasinc.com\/no\/wp-content\/uploads\/sites\/14\/2022\/02\/Buy-JWH-018-Chemical.jpg","width":593,"height":400},{"@type":"BreadcrumbList","@id":"https:\/\/medicinasinc.com\/no\/product\/kjop-jwh-018-kjemikalier\/#breadcrumb","itemListElement":[{"@type":"ListItem","position":1,"name":"Butikk","item":"https:\/\/medicinasinc.com\/no\/butikk\/"},{"@type":"ListItem","position":2,"name":"Kj\u00f8p JWH-018 Chemical"}]},{"@type":"WebSite","@id":"https:\/\/medicinasinc.com\/no\/#website","url":"https:\/\/medicinasinc.com\/no\/","name":"Medicinas Inc","description":"Helsemedisinsk klinikk","potentialAction":[{"@type":"SearchAction","target":{"@type":"EntryPoint","urlTemplate":"https:\/\/medicinasinc.com\/no\/?s={search_term_string}"},"query-input":{"@type":"PropertyValueSpecification","valueRequired":true,"valueName":"search_term_string"}}],"inLanguage":"nn-NO"}]}},"_links":{"self":[{"href":"https:\/\/medicinasinc.com\/no\/wp-json\/wp\/v2\/product\/5548","targetHints":{"allow":["GET"]}}],"collection":[{"href":"https:\/\/medicinasinc.com\/no\/wp-json\/wp\/v2\/product"}],"about":[{"href":"https:\/\/medicinasinc.com\/no\/wp-json\/wp\/v2\/types\/product"}],"replies":[{"embeddable":true,"href":"https:\/\/medicinasinc.com\/no\/wp-json\/wp\/v2\/comments?post=5548"}],"wp:featuredmedia":[{"embeddable":true,"href":"https:\/\/medicinasinc.com\/no\/wp-json\/wp\/v2\/media\/5558"}],"wp:attachment":[{"href":"https:\/\/medicinasinc.com\/no\/wp-json\/wp\/v2\/media?parent=5548"}],"wp:term":[{"taxonomy":"product_brand","embeddable":true,"href":"https:\/\/medicinasinc.com\/no\/wp-json\/wp\/v2\/product_brand?post=5548"},{"taxonomy":"product_cat","embeddable":true,"href":"https:\/\/medicinasinc.com\/no\/wp-json\/wp\/v2\/product_cat?post=5548"},{"taxonomy":"product_tag","embeddable":true,"href":"https:\/\/medicinasinc.com\/no\/wp-json\/wp\/v2\/product_tag?post=5548"}],"curies":[{"name":"wp","href":"https:\/\/api.w.org\/{rel}","templated":true}]}}