{"id":5547,"date":"2022-02-22T01:30:48","date_gmt":"2022-02-22T01:30:48","guid":{"rendered":"https:\/\/medicinasinc.com\/no\/?post_type=product&#038;p=5547"},"modified":"2022-03-22T00:50:28","modified_gmt":"2022-03-22T00:50:28","slug":"kjop-jwh-200-kjemikalier","status":"publish","type":"product","link":"https:\/\/medicinasinc.com\/no\/product\/kjop-jwh-200-kjemikalier\/","title":{"rendered":"Kj\u00f8p JWH-200 Chemical"},"content":{"rendered":"<p>Foresp\u00f8rsel om kj\u00f8p av kjemikalie JWH-200<\/p>\n<p>I naftoylindolfamilien er AM-678 (1-pentyl-3-(1-naftoyl)indol) et smertestillende middel som er en komplett agonist ved b\u00e5de CB1- og CB2-cannabinoidreseptorene, med en liten preferanse for CB2-reseptoren. Det brukes i syntetiske cannabisprodukter som selges lovlig som &laquo;r\u00f8kelsesblandinger&raquo; i noen land fordi det har effekter p\u00e5 dyr som kan sammenlignes med effekten av tetrahydrocannabinol (THC), en cannabinoid som finnes naturlig i cannabis. Forskningskjemikalier JWH-200<\/p>\n<p>Ved bruk av Wistar-rotter som hadde f\u00e5tt et etanolekstrakt som inneholder JWH-200, ble den metabolske aktiviteten til stoffet studert. Dette ble fulgt av ekstraksjon av JWH-200-metabolitter fra 24-timers urinpr\u00f8ver ved bruk av b\u00e5de flytende og faste separasjonsfaser. De ekstraherte kjemikaliene ble separert og identifisert ved bruk av GC-MS. Hovedsignalet var hydroksylerte N-dealkylerte metabolitter, ikke JWH-200 eller dens N-dealkylerte metabolitt. Det observerte masseskiftet antyder at molekylets naftalen- og indolhydroksylgrupper sannsynligvis vil gjennomg\u00e5 hydroksylering. De hydroksylerte metabolittene var mye konjugert med glukuronid hos mennesker, selv om indolringen og pentylsidekjeden var de prim\u00e6re stedene for metabolisme.<\/p>\n<p>Forskning kjemisk bruk av JWH-200<\/p>\n<p>Mediene har rapporterte minst ett tilfelle av JWH-200-avhengighet. I \u00e5tte m\u00e5neder drakk brukeren JWH-018 p\u00e5 daglig basis. Sammenlignet med effektene av cannabisavhengighet, var abstinenssymptomene mer alvorlige her. Etter behandling har JWH-200 vist seg \u00e5 generere betydelige endringer i CB1-reseptortetthet. Mindre raskt enn sammenlignbare cannabinoider, for\u00e5rsaker det toleranse for effektene.<\/p>\n","protected":false},"excerpt":{"rendered":"<div class=\"woocommerce-product-details__short-description\">\n<p>Kj\u00f8p JWH-200 kjemisk pulver\u00a0for salg i Storbritannia, Europa p\u00e5 nettet. (1-(2-morfolin-4-yletyl)indol-3-yl)-naftalen-1-ylmetanon er et annet navn. Kom og kj\u00f8p n\u00e5!. Vi har den beste diskrete pakke- og fraktmetoden.<\/p>\n<\/p><\/div>\n","protected":false},"featured_media":5556,"comment_status":"open","ping_status":"closed","template":"","meta":[],"product_brand":[],"product_cat":[2014],"product_tag":[3029,3032,3049,3033,3034,3035,3043,3040,3037,3038,3046,3041,3042,3044,3045,3039,3047,3036,3030,3031,3048],"class_list":{"0":"post-5547","1":"product","2":"type-product","3":"status-publish","4":"has-post-thumbnail","6":"product_cat-kjpe-forskning-kjemikalier","7":"product_tag-am-2233","8":"product_tag-buy-jwh-200-research-chemicals","9":"product_tag-hvor-kan-bestilles-jwh-200-forskningskjemikalier","10":"product_tag-hvordan-bestille-jwh-200-online","11":"product_tag-jwh-018","12":"product_tag-jwh-073","13":"product_tag-jwh-200-anmeldelse","14":"product_tag-jwh-200-bestilling","15":"product_tag-jwh-200-effect","16":"product_tag-jwh-200-effekter","17":"product_tag-jwh-200-engros","18":"product_tag-jwh-200-reddit","19":"product_tag-jwh-200-retail","20":"product_tag-jwh-200-salg","21":"product_tag-jwh-200-selg","22":"product_tag-jwh-200-til-salgs","23":"product_tag-jwh-250","24":"product_tag-jwh-200-kj-c3-b8p","25":"product_tag-kj-c3-b8p-jwh-200-kjemikalier","26":"product_tag-kj-c3-b8p-jwh-200-online","27":"product_tag-kjp-jwh-200-forskningskjemikalier","29":"first","30":"instock","31":"shipping-taxable","32":"purchasable","33":"product-type-variable","34":"has-default-attributes"},"yoast_head":"<!-- This site is optimized with the Yoast SEO plugin v27.3 - https:\/\/yoast.com\/product\/yoast-seo-wordpress\/ -->\n<title>Kj\u00f8p JWH-200 Chemical - JWH-200 Chemical - Beste globale medisiner<\/title>\n<meta name=\"description\" content=\"Kj\u00f8p JWH-200 Kjemisk pulver\u00a0for salg i Storbritannia, Europa p\u00e5 nett. (1-(2-morfolin-4-yletyl)indol-3-yl)-naftalen-1-ylmetanon er et annet navn. Kom og kj\u00f8p n\u00e5!. Vi har den beste diskrete pakke- og fraktmetoden.\" \/>\n<meta name=\"robots\" content=\"index, follow, max-snippet:-1, max-image-preview:large, max-video-preview:-1\" \/>\n<link rel=\"canonical\" href=\"https:\/\/medicinasinc.com\/no\/product\/kjop-jwh-200-kjemikalier\/\" \/>\n<meta property=\"og:locale\" content=\"nn_NO\" \/>\n<meta property=\"og:type\" content=\"article\" \/>\n<meta property=\"og:title\" content=\"Kj\u00f8p JWH-200 Chemical - JWH-200 Chemical - Beste globale medisiner\" \/>\n<meta property=\"og:description\" content=\"Kj\u00f8p JWH-200 Kjemisk pulver\u00a0for salg i Storbritannia, Europa p\u00e5 nett. (1-(2-morfolin-4-yletyl)indol-3-yl)-naftalen-1-ylmetanon er et annet navn. Kom og kj\u00f8p n\u00e5!. Vi har den beste diskrete pakke- og fraktmetoden.\" \/>\n<meta property=\"og:url\" content=\"https:\/\/medicinasinc.com\/no\/product\/kjop-jwh-200-kjemikalier\/\" \/>\n<meta property=\"og:site_name\" content=\"Medicinas Inc\" \/>\n<meta property=\"article:modified_time\" content=\"2022-03-22T00:50:28+00:00\" \/>\n<meta property=\"og:image\" content=\"https:\/\/medicinasinc.com\/no\/wp-content\/uploads\/sites\/14\/2022\/02\/Buy-JWH-200-Chemical.jpg\" \/>\n\t<meta property=\"og:image:width\" content=\"458\" \/>\n\t<meta property=\"og:image:height\" content=\"458\" \/>\n\t<meta property=\"og:image:type\" content=\"image\/jpeg\" \/>\n<meta name=\"twitter:card\" content=\"summary_large_image\" \/>\n<meta name=\"twitter:label1\" content=\"Est. reading time\" \/>\n\t<meta name=\"twitter:data1\" content=\"2 minutt\" \/>\n<script type=\"application\/ld+json\" class=\"yoast-schema-graph\">{\"@context\":\"https:\\\/\\\/schema.org\",\"@graph\":[{\"@type\":\"WebPage\",\"@id\":\"https:\\\/\\\/medicinasinc.com\\\/no\\\/product\\\/kjop-jwh-200-kjemikalier\\\/\",\"url\":\"https:\\\/\\\/medicinasinc.com\\\/no\\\/product\\\/kjop-jwh-200-kjemikalier\\\/\",\"name\":\"Kj\u00f8p JWH-200 Chemical - JWH-200 Chemical - Beste globale medisiner\",\"isPartOf\":{\"@id\":\"https:\\\/\\\/medicinasinc.com\\\/no\\\/#website\"},\"primaryImageOfPage\":{\"@id\":\"https:\\\/\\\/medicinasinc.com\\\/no\\\/product\\\/kjop-jwh-200-kjemikalier\\\/#primaryimage\"},\"image\":{\"@id\":\"https:\\\/\\\/medicinasinc.com\\\/no\\\/product\\\/kjop-jwh-200-kjemikalier\\\/#primaryimage\"},\"thumbnailUrl\":\"https:\\\/\\\/medicinasinc.com\\\/no\\\/wp-content\\\/uploads\\\/sites\\\/14\\\/2022\\\/02\\\/Buy-JWH-200-Chemical.jpg\",\"datePublished\":\"2022-02-22T01:30:48+00:00\",\"dateModified\":\"2022-03-22T00:50:28+00:00\",\"description\":\"Kj\u00f8p JWH-200 Kjemisk pulver\u00a0for salg i Storbritannia, Europa p\u00e5 nett. (1-(2-morfolin-4-yletyl)indol-3-yl)-naftalen-1-ylmetanon er et annet navn. Kom og kj\u00f8p n\u00e5!. Vi har den beste diskrete pakke- og fraktmetoden.\",\"breadcrumb\":{\"@id\":\"https:\\\/\\\/medicinasinc.com\\\/no\\\/product\\\/kjop-jwh-200-kjemikalier\\\/#breadcrumb\"},\"inLanguage\":\"nn-NO\",\"potentialAction\":[{\"@type\":\"ReadAction\",\"target\":[\"https:\\\/\\\/medicinasinc.com\\\/no\\\/product\\\/kjop-jwh-200-kjemikalier\\\/\"]}]},{\"@type\":\"ImageObject\",\"inLanguage\":\"nn-NO\",\"@id\":\"https:\\\/\\\/medicinasinc.com\\\/no\\\/product\\\/kjop-jwh-200-kjemikalier\\\/#primaryimage\",\"url\":\"https:\\\/\\\/medicinasinc.com\\\/no\\\/wp-content\\\/uploads\\\/sites\\\/14\\\/2022\\\/02\\\/Buy-JWH-200-Chemical.jpg\",\"contentUrl\":\"https:\\\/\\\/medicinasinc.com\\\/no\\\/wp-content\\\/uploads\\\/sites\\\/14\\\/2022\\\/02\\\/Buy-JWH-200-Chemical.jpg\",\"width\":458,\"height\":458},{\"@type\":\"BreadcrumbList\",\"@id\":\"https:\\\/\\\/medicinasinc.com\\\/no\\\/product\\\/kjop-jwh-200-kjemikalier\\\/#breadcrumb\",\"itemListElement\":[{\"@type\":\"ListItem\",\"position\":1,\"name\":\"Butikk\",\"item\":\"https:\\\/\\\/medicinasinc.com\\\/no\\\/butikk\\\/\"},{\"@type\":\"ListItem\",\"position\":2,\"name\":\"Kj\u00f8p JWH-200 Chemical\"}]},{\"@type\":\"WebSite\",\"@id\":\"https:\\\/\\\/medicinasinc.com\\\/no\\\/#website\",\"url\":\"https:\\\/\\\/medicinasinc.com\\\/no\\\/\",\"name\":\"Medicinas Inc\",\"description\":\"Helsemedisinsk klinikk\",\"potentialAction\":[{\"@type\":\"SearchAction\",\"target\":{\"@type\":\"EntryPoint\",\"urlTemplate\":\"https:\\\/\\\/medicinasinc.com\\\/no\\\/?s={search_term_string}\"},\"query-input\":{\"@type\":\"PropertyValueSpecification\",\"valueRequired\":true,\"valueName\":\"search_term_string\"}}],\"inLanguage\":\"nn-NO\"}]}<\/script>\n<!-- \/ Yoast SEO plugin. -->","yoast_head_json":{"title":"Kj\u00f8p JWH-200 Chemical - JWH-200 Chemical - Beste globale medisiner","description":"Kj\u00f8p JWH-200 Kjemisk pulver\u00a0for salg i Storbritannia, Europa p\u00e5 nett. (1-(2-morfolin-4-yletyl)indol-3-yl)-naftalen-1-ylmetanon er et annet navn. Kom og kj\u00f8p n\u00e5!. Vi har den beste diskrete pakke- og fraktmetoden.","robots":{"index":"index","follow":"follow","max-snippet":"max-snippet:-1","max-image-preview":"max-image-preview:large","max-video-preview":"max-video-preview:-1"},"canonical":"https:\/\/medicinasinc.com\/no\/product\/kjop-jwh-200-kjemikalier\/","og_locale":"nn_NO","og_type":"article","og_title":"Kj\u00f8p JWH-200 Chemical - JWH-200 Chemical - Beste globale medisiner","og_description":"Kj\u00f8p JWH-200 Kjemisk pulver\u00a0for salg i Storbritannia, Europa p\u00e5 nett. (1-(2-morfolin-4-yletyl)indol-3-yl)-naftalen-1-ylmetanon er et annet navn. Kom og kj\u00f8p n\u00e5!. Vi har den beste diskrete pakke- og fraktmetoden.","og_url":"https:\/\/medicinasinc.com\/no\/product\/kjop-jwh-200-kjemikalier\/","og_site_name":"Medicinas Inc","article_modified_time":"2022-03-22T00:50:28+00:00","og_image":[{"width":458,"height":458,"url":"https:\/\/medicinasinc.com\/no\/wp-content\/uploads\/sites\/14\/2022\/02\/Buy-JWH-200-Chemical.jpg","type":"image\/jpeg"}],"twitter_card":"summary_large_image","twitter_misc":{"Est. reading time":"2 minutt"},"schema":{"@context":"https:\/\/schema.org","@graph":[{"@type":"WebPage","@id":"https:\/\/medicinasinc.com\/no\/product\/kjop-jwh-200-kjemikalier\/","url":"https:\/\/medicinasinc.com\/no\/product\/kjop-jwh-200-kjemikalier\/","name":"Kj\u00f8p JWH-200 Chemical - JWH-200 Chemical - Beste globale medisiner","isPartOf":{"@id":"https:\/\/medicinasinc.com\/no\/#website"},"primaryImageOfPage":{"@id":"https:\/\/medicinasinc.com\/no\/product\/kjop-jwh-200-kjemikalier\/#primaryimage"},"image":{"@id":"https:\/\/medicinasinc.com\/no\/product\/kjop-jwh-200-kjemikalier\/#primaryimage"},"thumbnailUrl":"https:\/\/medicinasinc.com\/no\/wp-content\/uploads\/sites\/14\/2022\/02\/Buy-JWH-200-Chemical.jpg","datePublished":"2022-02-22T01:30:48+00:00","dateModified":"2022-03-22T00:50:28+00:00","description":"Kj\u00f8p JWH-200 Kjemisk pulver\u00a0for salg i Storbritannia, Europa p\u00e5 nett. (1-(2-morfolin-4-yletyl)indol-3-yl)-naftalen-1-ylmetanon er et annet navn. Kom og kj\u00f8p n\u00e5!. Vi har den beste diskrete pakke- og fraktmetoden.","breadcrumb":{"@id":"https:\/\/medicinasinc.com\/no\/product\/kjop-jwh-200-kjemikalier\/#breadcrumb"},"inLanguage":"nn-NO","potentialAction":[{"@type":"ReadAction","target":["https:\/\/medicinasinc.com\/no\/product\/kjop-jwh-200-kjemikalier\/"]}]},{"@type":"ImageObject","inLanguage":"nn-NO","@id":"https:\/\/medicinasinc.com\/no\/product\/kjop-jwh-200-kjemikalier\/#primaryimage","url":"https:\/\/medicinasinc.com\/no\/wp-content\/uploads\/sites\/14\/2022\/02\/Buy-JWH-200-Chemical.jpg","contentUrl":"https:\/\/medicinasinc.com\/no\/wp-content\/uploads\/sites\/14\/2022\/02\/Buy-JWH-200-Chemical.jpg","width":458,"height":458},{"@type":"BreadcrumbList","@id":"https:\/\/medicinasinc.com\/no\/product\/kjop-jwh-200-kjemikalier\/#breadcrumb","itemListElement":[{"@type":"ListItem","position":1,"name":"Butikk","item":"https:\/\/medicinasinc.com\/no\/butikk\/"},{"@type":"ListItem","position":2,"name":"Kj\u00f8p JWH-200 Chemical"}]},{"@type":"WebSite","@id":"https:\/\/medicinasinc.com\/no\/#website","url":"https:\/\/medicinasinc.com\/no\/","name":"Medicinas Inc","description":"Helsemedisinsk klinikk","potentialAction":[{"@type":"SearchAction","target":{"@type":"EntryPoint","urlTemplate":"https:\/\/medicinasinc.com\/no\/?s={search_term_string}"},"query-input":{"@type":"PropertyValueSpecification","valueRequired":true,"valueName":"search_term_string"}}],"inLanguage":"nn-NO"}]}},"_links":{"self":[{"href":"https:\/\/medicinasinc.com\/no\/wp-json\/wp\/v2\/product\/5547","targetHints":{"allow":["GET"]}}],"collection":[{"href":"https:\/\/medicinasinc.com\/no\/wp-json\/wp\/v2\/product"}],"about":[{"href":"https:\/\/medicinasinc.com\/no\/wp-json\/wp\/v2\/types\/product"}],"replies":[{"embeddable":true,"href":"https:\/\/medicinasinc.com\/no\/wp-json\/wp\/v2\/comments?post=5547"}],"wp:featuredmedia":[{"embeddable":true,"href":"https:\/\/medicinasinc.com\/no\/wp-json\/wp\/v2\/media\/5556"}],"wp:attachment":[{"href":"https:\/\/medicinasinc.com\/no\/wp-json\/wp\/v2\/media?parent=5547"}],"wp:term":[{"taxonomy":"product_brand","embeddable":true,"href":"https:\/\/medicinasinc.com\/no\/wp-json\/wp\/v2\/product_brand?post=5547"},{"taxonomy":"product_cat","embeddable":true,"href":"https:\/\/medicinasinc.com\/no\/wp-json\/wp\/v2\/product_cat?post=5547"},{"taxonomy":"product_tag","embeddable":true,"href":"https:\/\/medicinasinc.com\/no\/wp-json\/wp\/v2\/product_tag?post=5547"}],"curies":[{"name":"wp","href":"https:\/\/api.w.org\/{rel}","templated":true}]}}