{"id":5523,"date":"2022-02-22T01:06:52","date_gmt":"2022-02-22T01:06:52","guid":{"rendered":"https:\/\/medicinasinc.com\/no\/?post_type=product&#038;p=5523"},"modified":"2022-03-22T00:50:39","modified_gmt":"2022-03-22T00:50:39","slug":"kjop-hdep-28-novel-etylnaftidat","status":"publish","type":"product","link":"https:\/\/medicinasinc.com\/no\/product\/kjop-hdep-28-novel-etylnaftidat\/","title":{"rendered":"Kj\u00f8p hdep-28 Novel Ethylnaphtidate"},"content":{"rendered":"<p>Etylnaphtidate HDEP-28 Til salgs<\/p>\n<p>3,4-methylenedioxy-N-ethylcathinone er ofte sitert som en entaktogen energigiver. 1-(1,3-benzodioksol-5-yl)-2-(etylamino)-1-propanon er navnet gitt til etylon. Den ordin\u00e6re massen til C12H15NO3 er 221,251999 Da, mens den monoisotopiske massen er 221,104996 Da. Dette er den underkjernefysiske formelen. Kj\u00f8p kinesisk etylen. Etylone er en uvurderlig edelsten som kan kj\u00f8pes. Etylene edelstener kan kj\u00f8pes. Leverand\u00f8r av Ethylone. Etylon er p\u00e5 salg. rabatt Ethylone<\/p>\n<p>ACD\/Labs og ChemAxon samarbeidet om \u00e5 gjennomf\u00f8re en evaluering av Ethylone. N\u00e5r det gjelder egenskapene som ACD\/Labs sp\u00e5dde, fant de fire #H sikkerhetsakseptorer, fire #Fritt dreiende verdipapirer, en refraksjonsrekord p\u00e5 1,54 med en overflatepressfaktor p\u00e5 44,3470001220703dyne\/cm, en eksplosjonsmotivasjon p\u00e5 172,845\u00b0C, og en begrensning p\u00e5 362.188\u00b0C ved 760 mmHg.<\/p>\n<p>Dette er en vanlig forekomst i logikk og vitenskapelig programvare.<\/p>\n<p>Dette produktet ble utviklet i et fors\u00f8k p\u00e5 \u00e5 oppfylle kravene i ISO17025:2005 og Guide 34:2009.<\/p>\n<p>Du kan stole p\u00e5 at vi f\u00e5r jobben gjort raskt og effektivt siden vi er den beste organisasjonen i verden. Kunder kan forvente kun de beste kvalitetsproduktene fra oss! P\u00e5 en m\u00e5te som i hovedsak stemmer overens med det vi ofte forventer n\u00e5r vi kj\u00f8per noe<\/p>\n<p>Slik kan vi kj\u00f8pe produktene av h\u00f8yeste kvalitet til de rimeligste prisene, og vi kan overf\u00f8re besparelsene til deg!<\/p>\n<p>Som et resultat krever vi at alle v\u00e5re kunder skal behandle varene sine for \u00e5 sikre n\u00f8yaktighet og lovlighet. Fordi vi bryr oss om kundene v\u00e5re og deres tilfredshet, utf\u00f8rer vi v\u00e5re egne tester p\u00e5 hver forsendelse for \u00e5 bekrefte at kvaliteten p\u00e5 de gjenv\u00e6rende delene er 100 %.<\/p>\n<p>V\u00e5rt firmas fremtid avhenger av at vi svarer p\u00e5 oppfordringen din i en vennlig m\u00e5te, uansett hvor presserende det m\u00e5tte v\u00e6re. Uansett situasjon kan du alltid stole p\u00e5 at vi gir deg de beste medisinene og delikat fyrverkeri til de beste prisene, alt levert p\u00e5 den mest diskrete m\u00e5ten du kan tenke deg! Hvis det ikke er for mye tr\u00f8bbel, ha tro og legg inn foresp\u00f8rselen din med overbevisning!<\/p>\n<p>P\u00e5 grunn av v\u00e5r demonstrerte styrke, kan du sette din lit til oss og fortsette \u00e5 gj\u00f8re forretninger med oss \u200b\u200bn\u00e5r du m\u00e5tte \u00f8nske, s\u00e5 lenge vi er rundt. Din undergang vil ikke bli tolerert.<\/p>\n<p>Det er enkelt \u00e5 f\u00f8lge pakkens reise takket v\u00e6re de medf\u00f8lgende tallene vi inkluderer med forsendelsen.<\/p>\n","protected":false},"excerpt":{"rendered":"<p>Kj\u00f8p Ethylnaphtidate HDEP-28 for salg i Storbritannia, Europa. Acetat av etyl 2-(naftalen-2-yl)-2-(piperidin-2-yl). Sp\u00f8r om hdep-28, det nye etylnaftidatet.<\/p>\n<p>Kj\u00f8p hdep-28 Novel Ethylnaphtidate 1 oz p\u00e5 Amazon.com<\/p>\n<p>Ethylnaphtidate, eller HDEP-28, er en erstatning for det forbudte fenidatet serien.<\/p>\n<p>Kunder kan n\u00e5 kj\u00f8pe Etylnaftidat.<br \/> HDEP-28, ogs\u00e5 kjent som etylnaftidat, er ment \u00e5 ta rollen som den nylig forbudte kjemikaliserien fenidat.<br \/> Sammenlignet med &amp; #8216;Fenidater,&#8217; kunder som bruker dette produktet i laboratoriet, b\u00f8r forvente et lignende spekter av resultater.<br \/> IUPAC sp\u00e5r at forskere vil finne HDEP 28 \/ Etylnaphhidate som en utmerket erstatning for etylfenidat. 2-(naftalen-2-yl)-2-(piperidin-2-yl)acetat<br \/> N\/A<br \/> Formel C19H23NO2<br \/> Molekylvekt er 297,40<\/p>\n","protected":false},"featured_media":5535,"comment_status":"open","ping_status":"closed","template":"","meta":[],"product_brand":[],"product_cat":[2014],"product_tag":[],"class_list":{"0":"post-5523","1":"product","2":"type-product","3":"status-publish","4":"has-post-thumbnail","6":"product_cat-kjpe-forskning-kjemikalier","8":"first","9":"instock","10":"shipping-taxable","11":"purchasable","12":"product-type-variable","13":"has-default-attributes"},"yoast_head":"<!-- This site is optimized with the Yoast SEO plugin v27.3 - https:\/\/yoast.com\/product\/yoast-seo-wordpress\/ -->\n<title>Kj\u00f8p hdep-28 Novel Ethylnaphtidate - Beste globale medisiner<\/title>\n<meta name=\"description\" content=\"Kj\u00f8p hdep-28 Novel Ethylnaphtidate for salg i Storbritannia, Europa Online. IUPAC: etyl-2-(naftalen-2-yl)-2-(piperidin-2-yl)acetat. Bestill hdep-28 Novel Ethylnaphtidate\" \/>\n<meta name=\"robots\" content=\"index, follow, max-snippet:-1, max-image-preview:large, max-video-preview:-1\" \/>\n<link rel=\"canonical\" href=\"https:\/\/medicinasinc.com\/no\/product\/kjop-hdep-28-novel-etylnaftidat\/\" \/>\n<meta property=\"og:locale\" content=\"nn_NO\" \/>\n<meta property=\"og:type\" content=\"article\" \/>\n<meta property=\"og:title\" content=\"Kj\u00f8p hdep-28 Novel Ethylnaphtidate - Beste globale medisiner\" \/>\n<meta property=\"og:description\" content=\"Kj\u00f8p hdep-28 Novel Ethylnaphtidate for salg i Storbritannia, Europa Online. IUPAC: etyl-2-(naftalen-2-yl)-2-(piperidin-2-yl)acetat. Bestill hdep-28 Novel Ethylnaphtidate\" \/>\n<meta property=\"og:url\" content=\"https:\/\/medicinasinc.com\/no\/product\/kjop-hdep-28-novel-etylnaftidat\/\" \/>\n<meta property=\"og:site_name\" content=\"Medicinas Inc\" \/>\n<meta property=\"article:modified_time\" content=\"2022-03-22T00:50:39+00:00\" \/>\n<meta property=\"og:image\" content=\"https:\/\/medicinasinc.com\/no\/wp-content\/uploads\/sites\/14\/2022\/02\/Buy-hdep-28-Novel-Ethylnaphthidate.jpg\" \/>\n\t<meta property=\"og:image:width\" content=\"600\" \/>\n\t<meta property=\"og:image:height\" content=\"600\" \/>\n\t<meta property=\"og:image:type\" content=\"image\/jpeg\" \/>\n<meta name=\"twitter:card\" content=\"summary_large_image\" \/>\n<meta name=\"twitter:label1\" content=\"Est. reading time\" \/>\n\t<meta name=\"twitter:data1\" content=\"2 minutt\" \/>\n<script type=\"application\/ld+json\" class=\"yoast-schema-graph\">{\"@context\":\"https:\\\/\\\/schema.org\",\"@graph\":[{\"@type\":\"WebPage\",\"@id\":\"https:\\\/\\\/medicinasinc.com\\\/no\\\/product\\\/kjop-hdep-28-novel-etylnaftidat\\\/\",\"url\":\"https:\\\/\\\/medicinasinc.com\\\/no\\\/product\\\/kjop-hdep-28-novel-etylnaftidat\\\/\",\"name\":\"Kj\u00f8p hdep-28 Novel Ethylnaphtidate - Beste globale medisiner\",\"isPartOf\":{\"@id\":\"https:\\\/\\\/medicinasinc.com\\\/no\\\/#website\"},\"primaryImageOfPage\":{\"@id\":\"https:\\\/\\\/medicinasinc.com\\\/no\\\/product\\\/kjop-hdep-28-novel-etylnaftidat\\\/#primaryimage\"},\"image\":{\"@id\":\"https:\\\/\\\/medicinasinc.com\\\/no\\\/product\\\/kjop-hdep-28-novel-etylnaftidat\\\/#primaryimage\"},\"thumbnailUrl\":\"https:\\\/\\\/medicinasinc.com\\\/no\\\/wp-content\\\/uploads\\\/sites\\\/14\\\/2022\\\/02\\\/Buy-hdep-28-Novel-Ethylnaphthidate.jpg\",\"datePublished\":\"2022-02-22T01:06:52+00:00\",\"dateModified\":\"2022-03-22T00:50:39+00:00\",\"description\":\"Kj\u00f8p hdep-28 Novel Ethylnaphtidate for salg i Storbritannia, Europa Online. IUPAC: etyl-2-(naftalen-2-yl)-2-(piperidin-2-yl)acetat. Bestill hdep-28 Novel Ethylnaphtidate\",\"breadcrumb\":{\"@id\":\"https:\\\/\\\/medicinasinc.com\\\/no\\\/product\\\/kjop-hdep-28-novel-etylnaftidat\\\/#breadcrumb\"},\"inLanguage\":\"nn-NO\",\"potentialAction\":[{\"@type\":\"ReadAction\",\"target\":[\"https:\\\/\\\/medicinasinc.com\\\/no\\\/product\\\/kjop-hdep-28-novel-etylnaftidat\\\/\"]}]},{\"@type\":\"ImageObject\",\"inLanguage\":\"nn-NO\",\"@id\":\"https:\\\/\\\/medicinasinc.com\\\/no\\\/product\\\/kjop-hdep-28-novel-etylnaftidat\\\/#primaryimage\",\"url\":\"https:\\\/\\\/medicinasinc.com\\\/no\\\/wp-content\\\/uploads\\\/sites\\\/14\\\/2022\\\/02\\\/Buy-hdep-28-Novel-Ethylnaphthidate.jpg\",\"contentUrl\":\"https:\\\/\\\/medicinasinc.com\\\/no\\\/wp-content\\\/uploads\\\/sites\\\/14\\\/2022\\\/02\\\/Buy-hdep-28-Novel-Ethylnaphthidate.jpg\",\"width\":600,\"height\":600},{\"@type\":\"BreadcrumbList\",\"@id\":\"https:\\\/\\\/medicinasinc.com\\\/no\\\/product\\\/kjop-hdep-28-novel-etylnaftidat\\\/#breadcrumb\",\"itemListElement\":[{\"@type\":\"ListItem\",\"position\":1,\"name\":\"Butikk\",\"item\":\"https:\\\/\\\/medicinasinc.com\\\/no\\\/butikk\\\/\"},{\"@type\":\"ListItem\",\"position\":2,\"name\":\"Kj\u00f8p hdep-28 Novel Ethylnaphtidate\"}]},{\"@type\":\"WebSite\",\"@id\":\"https:\\\/\\\/medicinasinc.com\\\/no\\\/#website\",\"url\":\"https:\\\/\\\/medicinasinc.com\\\/no\\\/\",\"name\":\"Medicinas Inc\",\"description\":\"Helsemedisinsk klinikk\",\"potentialAction\":[{\"@type\":\"SearchAction\",\"target\":{\"@type\":\"EntryPoint\",\"urlTemplate\":\"https:\\\/\\\/medicinasinc.com\\\/no\\\/?s={search_term_string}\"},\"query-input\":{\"@type\":\"PropertyValueSpecification\",\"valueRequired\":true,\"valueName\":\"search_term_string\"}}],\"inLanguage\":\"nn-NO\"}]}<\/script>\n<!-- \/ Yoast SEO plugin. -->","yoast_head_json":{"title":"Kj\u00f8p hdep-28 Novel Ethylnaphtidate - Beste globale medisiner","description":"Kj\u00f8p hdep-28 Novel Ethylnaphtidate for salg i Storbritannia, Europa Online. IUPAC: etyl-2-(naftalen-2-yl)-2-(piperidin-2-yl)acetat. Bestill hdep-28 Novel Ethylnaphtidate","robots":{"index":"index","follow":"follow","max-snippet":"max-snippet:-1","max-image-preview":"max-image-preview:large","max-video-preview":"max-video-preview:-1"},"canonical":"https:\/\/medicinasinc.com\/no\/product\/kjop-hdep-28-novel-etylnaftidat\/","og_locale":"nn_NO","og_type":"article","og_title":"Kj\u00f8p hdep-28 Novel Ethylnaphtidate - Beste globale medisiner","og_description":"Kj\u00f8p hdep-28 Novel Ethylnaphtidate for salg i Storbritannia, Europa Online. IUPAC: etyl-2-(naftalen-2-yl)-2-(piperidin-2-yl)acetat. Bestill hdep-28 Novel Ethylnaphtidate","og_url":"https:\/\/medicinasinc.com\/no\/product\/kjop-hdep-28-novel-etylnaftidat\/","og_site_name":"Medicinas Inc","article_modified_time":"2022-03-22T00:50:39+00:00","og_image":[{"width":600,"height":600,"url":"https:\/\/medicinasinc.com\/no\/wp-content\/uploads\/sites\/14\/2022\/02\/Buy-hdep-28-Novel-Ethylnaphthidate.jpg","type":"image\/jpeg"}],"twitter_card":"summary_large_image","twitter_misc":{"Est. reading time":"2 minutt"},"schema":{"@context":"https:\/\/schema.org","@graph":[{"@type":"WebPage","@id":"https:\/\/medicinasinc.com\/no\/product\/kjop-hdep-28-novel-etylnaftidat\/","url":"https:\/\/medicinasinc.com\/no\/product\/kjop-hdep-28-novel-etylnaftidat\/","name":"Kj\u00f8p hdep-28 Novel Ethylnaphtidate - Beste globale medisiner","isPartOf":{"@id":"https:\/\/medicinasinc.com\/no\/#website"},"primaryImageOfPage":{"@id":"https:\/\/medicinasinc.com\/no\/product\/kjop-hdep-28-novel-etylnaftidat\/#primaryimage"},"image":{"@id":"https:\/\/medicinasinc.com\/no\/product\/kjop-hdep-28-novel-etylnaftidat\/#primaryimage"},"thumbnailUrl":"https:\/\/medicinasinc.com\/no\/wp-content\/uploads\/sites\/14\/2022\/02\/Buy-hdep-28-Novel-Ethylnaphthidate.jpg","datePublished":"2022-02-22T01:06:52+00:00","dateModified":"2022-03-22T00:50:39+00:00","description":"Kj\u00f8p hdep-28 Novel Ethylnaphtidate for salg i Storbritannia, Europa Online. IUPAC: etyl-2-(naftalen-2-yl)-2-(piperidin-2-yl)acetat. Bestill hdep-28 Novel Ethylnaphtidate","breadcrumb":{"@id":"https:\/\/medicinasinc.com\/no\/product\/kjop-hdep-28-novel-etylnaftidat\/#breadcrumb"},"inLanguage":"nn-NO","potentialAction":[{"@type":"ReadAction","target":["https:\/\/medicinasinc.com\/no\/product\/kjop-hdep-28-novel-etylnaftidat\/"]}]},{"@type":"ImageObject","inLanguage":"nn-NO","@id":"https:\/\/medicinasinc.com\/no\/product\/kjop-hdep-28-novel-etylnaftidat\/#primaryimage","url":"https:\/\/medicinasinc.com\/no\/wp-content\/uploads\/sites\/14\/2022\/02\/Buy-hdep-28-Novel-Ethylnaphthidate.jpg","contentUrl":"https:\/\/medicinasinc.com\/no\/wp-content\/uploads\/sites\/14\/2022\/02\/Buy-hdep-28-Novel-Ethylnaphthidate.jpg","width":600,"height":600},{"@type":"BreadcrumbList","@id":"https:\/\/medicinasinc.com\/no\/product\/kjop-hdep-28-novel-etylnaftidat\/#breadcrumb","itemListElement":[{"@type":"ListItem","position":1,"name":"Butikk","item":"https:\/\/medicinasinc.com\/no\/butikk\/"},{"@type":"ListItem","position":2,"name":"Kj\u00f8p hdep-28 Novel Ethylnaphtidate"}]},{"@type":"WebSite","@id":"https:\/\/medicinasinc.com\/no\/#website","url":"https:\/\/medicinasinc.com\/no\/","name":"Medicinas Inc","description":"Helsemedisinsk klinikk","potentialAction":[{"@type":"SearchAction","target":{"@type":"EntryPoint","urlTemplate":"https:\/\/medicinasinc.com\/no\/?s={search_term_string}"},"query-input":{"@type":"PropertyValueSpecification","valueRequired":true,"valueName":"search_term_string"}}],"inLanguage":"nn-NO"}]}},"_links":{"self":[{"href":"https:\/\/medicinasinc.com\/no\/wp-json\/wp\/v2\/product\/5523","targetHints":{"allow":["GET"]}}],"collection":[{"href":"https:\/\/medicinasinc.com\/no\/wp-json\/wp\/v2\/product"}],"about":[{"href":"https:\/\/medicinasinc.com\/no\/wp-json\/wp\/v2\/types\/product"}],"replies":[{"embeddable":true,"href":"https:\/\/medicinasinc.com\/no\/wp-json\/wp\/v2\/comments?post=5523"}],"wp:featuredmedia":[{"embeddable":true,"href":"https:\/\/medicinasinc.com\/no\/wp-json\/wp\/v2\/media\/5535"}],"wp:attachment":[{"href":"https:\/\/medicinasinc.com\/no\/wp-json\/wp\/v2\/media?parent=5523"}],"wp:term":[{"taxonomy":"product_brand","embeddable":true,"href":"https:\/\/medicinasinc.com\/no\/wp-json\/wp\/v2\/product_brand?post=5523"},{"taxonomy":"product_cat","embeddable":true,"href":"https:\/\/medicinasinc.com\/no\/wp-json\/wp\/v2\/product_cat?post=5523"},{"taxonomy":"product_tag","embeddable":true,"href":"https:\/\/medicinasinc.com\/no\/wp-json\/wp\/v2\/product_tag?post=5523"}],"curies":[{"name":"wp","href":"https:\/\/api.w.org\/{rel}","templated":true}]}}