{"id":5522,"date":"2022-02-22T01:05:36","date_gmt":"2022-02-22T01:05:36","guid":{"rendered":"https:\/\/medicinasinc.com\/no\/?post_type=product&#038;p=5522"},"modified":"2022-03-22T00:50:49","modified_gmt":"2022-03-22T00:50:49","slug":"kjop-fub-akb48-pulver","status":"publish","type":"product","link":"https:\/\/medicinasinc.com\/no\/product\/kjop-fub-akb48-pulver\/","title":{"rendered":"Kj\u00f8p Fub Akb48 Powder"},"content":{"rendered":"<p>Rent Fub Akb48-pulver \u00e5 kj\u00f8pe<\/p>\n<p>Hvis du vil vite mer om effekten av FUB-AKB48 (ogs\u00e5 kjent som AFUBINACA eller FUB-APINACA) p\u00e5 CB1-reseptoren, er dette den syntetiske cannabinoid for deg.<\/p>\n<p>For den kjemiske formelen, bruk f\u00f8lgende: C25H26FN3O.<br \/> I IUPAC-nomenklaturen: N-[(4-fluorfenyl)metyl]-1-adamantan-1-yl<br \/> -1H-indazol<br \/> -3-karboksamid<br \/> Utseende:<br \/> Renhet:<\/p>\n","protected":false},"excerpt":{"rendered":"<p>Betal med Bitcoin for FUB-AKB48-pulverlevering til Europa. Kj\u00f8p FUB-AKB48 Powder i Europa fra en britisk leverand\u00f8r til en lav pris. En europeisk FUB-AKB48-pulverbutikk, hvor du kan f\u00e5 FUB-AKB48-pulver med 99 prosent renhet.<\/p>\n<p>F\u00e5 1 oz. av Pure Fub Akb48 Powder fra oss i dag! Fake weed er en indol som har blitt brukt i medisinproduksjon og er n\u00e5 tilgjengelig for salg med syntetiske marihuana kombinert aktive komponenter.<\/p>\n<p>Med Bitcoin kan du f\u00e5 rent og h\u00f8ykvalitets FUB-AKB48 Powder online, som i tillegg til lovlige medisiner, forskningskjemikalier og r\u00e5 medisinske pulver.<\/p>\n","protected":false},"featured_media":5533,"comment_status":"open","ping_status":"closed","template":"","meta":[],"product_brand":[],"product_cat":[2596],"product_tag":[3026,3028,3017,3027,3015,3022,3023,3024,3018,3019,3021,3020,3025,3016,3013,3014],"class_list":{"0":"post-5522","1":"product","2":"type-product","3":"status-publish","4":"has-post-thumbnail","6":"product_cat-cannabinoider-til-salg","7":"product_tag-fub-akb48-anmeldelse","8":"product_tag-fub-akb48-engros","9":"product_tag-fub-akb48-for-sale","10":"product_tag-fub-akb48-frakt","11":"product_tag-fub-akb48-kina-leverandr","12":"product_tag-fub-akb48-powder-online","13":"product_tag-fub-akb48-powder-order","14":"product_tag-fub-akb48-powder-reddit","15":"product_tag-fub-akb48-pulver","16":"product_tag-fub-akb48-powder-kj-c3-b8p","17":"product_tag-fub-akb48-pulver-til-salg","18":"product_tag-fub-akb48-pulver-effekt","19":"product_tag-fub-akb48-render","20":"product_tag-fub-akb48-effekt","21":"product_tag-kjp-fub-akb48-eu","22":"product_tag-kj-c3-b8p-fub-akb48-pulver","24":"first","25":"instock","26":"shipping-taxable","27":"purchasable","28":"product-type-variable","29":"has-default-attributes"},"yoast_head":"<!-- This site is optimized with the Yoast SEO plugin v27.3 - https:\/\/yoast.com\/product\/yoast-seo-wordpress\/ -->\n<title>Kj\u00f8p Fub Akb48 Powder - Fub Akb48 Online - Beste globale medisiner<\/title>\n<meta name=\"description\" content=\"Kj\u00f8p FUB-AKB48 Pulver for salg EU-frakt, Bitcoin-betaling. Billig FUB-AKB48 Pulverleverand\u00f8r Storbritannia - kj\u00f8p forskningskjemikalier i Europa. FUB-AKB48 Pulverbutikk i Europa\" \/>\n<meta name=\"robots\" content=\"index, follow, max-snippet:-1, max-image-preview:large, max-video-preview:-1\" \/>\n<link rel=\"canonical\" href=\"https:\/\/medicinasinc.com\/no\/product\/kjop-fub-akb48-pulver\/\" \/>\n<meta property=\"og:locale\" content=\"nn_NO\" \/>\n<meta property=\"og:type\" content=\"article\" \/>\n<meta property=\"og:title\" content=\"Kj\u00f8p Fub Akb48 Powder - Fub Akb48 Online - Beste globale medisiner\" \/>\n<meta property=\"og:description\" content=\"Kj\u00f8p FUB-AKB48 Pulver for salg EU-frakt, Bitcoin-betaling. Billig FUB-AKB48 Pulverleverand\u00f8r Storbritannia - kj\u00f8p forskningskjemikalier i Europa. FUB-AKB48 Pulverbutikk i Europa\" \/>\n<meta property=\"og:url\" content=\"https:\/\/medicinasinc.com\/no\/product\/kjop-fub-akb48-pulver\/\" \/>\n<meta property=\"og:site_name\" content=\"Medicinas Inc\" \/>\n<meta property=\"article:modified_time\" content=\"2022-03-22T00:50:49+00:00\" \/>\n<meta property=\"og:image\" content=\"https:\/\/medicinasinc.com\/no\/wp-content\/uploads\/sites\/14\/2022\/02\/Buy-Fub-Akb48-Powder.jpeg\" \/>\n\t<meta property=\"og:image:width\" content=\"800\" \/>\n\t<meta property=\"og:image:height\" content=\"438\" \/>\n\t<meta property=\"og:image:type\" content=\"image\/jpeg\" \/>\n<meta name=\"twitter:card\" content=\"summary_large_image\" \/>\n<meta name=\"twitter:label1\" content=\"Est. reading time\" \/>\n\t<meta name=\"twitter:data1\" content=\"1 minutt\" \/>\n<script type=\"application\/ld+json\" class=\"yoast-schema-graph\">{\"@context\":\"https:\\\/\\\/schema.org\",\"@graph\":[{\"@type\":\"WebPage\",\"@id\":\"https:\\\/\\\/medicinasinc.com\\\/no\\\/product\\\/kjop-fub-akb48-pulver\\\/\",\"url\":\"https:\\\/\\\/medicinasinc.com\\\/no\\\/product\\\/kjop-fub-akb48-pulver\\\/\",\"name\":\"Kj\u00f8p Fub Akb48 Powder - Fub Akb48 Online - Beste globale medisiner\",\"isPartOf\":{\"@id\":\"https:\\\/\\\/medicinasinc.com\\\/no\\\/#website\"},\"primaryImageOfPage\":{\"@id\":\"https:\\\/\\\/medicinasinc.com\\\/no\\\/product\\\/kjop-fub-akb48-pulver\\\/#primaryimage\"},\"image\":{\"@id\":\"https:\\\/\\\/medicinasinc.com\\\/no\\\/product\\\/kjop-fub-akb48-pulver\\\/#primaryimage\"},\"thumbnailUrl\":\"https:\\\/\\\/medicinasinc.com\\\/no\\\/wp-content\\\/uploads\\\/sites\\\/14\\\/2022\\\/02\\\/Buy-Fub-Akb48-Powder.jpeg\",\"datePublished\":\"2022-02-22T01:05:36+00:00\",\"dateModified\":\"2022-03-22T00:50:49+00:00\",\"description\":\"Kj\u00f8p FUB-AKB48 Pulver for salg EU-frakt, Bitcoin-betaling. Billig FUB-AKB48 Pulverleverand\u00f8r Storbritannia - kj\u00f8p forskningskjemikalier i Europa. FUB-AKB48 Pulverbutikk i Europa\",\"breadcrumb\":{\"@id\":\"https:\\\/\\\/medicinasinc.com\\\/no\\\/product\\\/kjop-fub-akb48-pulver\\\/#breadcrumb\"},\"inLanguage\":\"nn-NO\",\"potentialAction\":[{\"@type\":\"ReadAction\",\"target\":[\"https:\\\/\\\/medicinasinc.com\\\/no\\\/product\\\/kjop-fub-akb48-pulver\\\/\"]}]},{\"@type\":\"ImageObject\",\"inLanguage\":\"nn-NO\",\"@id\":\"https:\\\/\\\/medicinasinc.com\\\/no\\\/product\\\/kjop-fub-akb48-pulver\\\/#primaryimage\",\"url\":\"https:\\\/\\\/medicinasinc.com\\\/no\\\/wp-content\\\/uploads\\\/sites\\\/14\\\/2022\\\/02\\\/Buy-Fub-Akb48-Powder.jpeg\",\"contentUrl\":\"https:\\\/\\\/medicinasinc.com\\\/no\\\/wp-content\\\/uploads\\\/sites\\\/14\\\/2022\\\/02\\\/Buy-Fub-Akb48-Powder.jpeg\",\"width\":800,\"height\":438},{\"@type\":\"BreadcrumbList\",\"@id\":\"https:\\\/\\\/medicinasinc.com\\\/no\\\/product\\\/kjop-fub-akb48-pulver\\\/#breadcrumb\",\"itemListElement\":[{\"@type\":\"ListItem\",\"position\":1,\"name\":\"Butikk\",\"item\":\"https:\\\/\\\/medicinasinc.com\\\/no\\\/butikk\\\/\"},{\"@type\":\"ListItem\",\"position\":2,\"name\":\"Kj\u00f8p Fub Akb48 Powder\"}]},{\"@type\":\"WebSite\",\"@id\":\"https:\\\/\\\/medicinasinc.com\\\/no\\\/#website\",\"url\":\"https:\\\/\\\/medicinasinc.com\\\/no\\\/\",\"name\":\"Medicinas Inc\",\"description\":\"Helsemedisinsk klinikk\",\"potentialAction\":[{\"@type\":\"SearchAction\",\"target\":{\"@type\":\"EntryPoint\",\"urlTemplate\":\"https:\\\/\\\/medicinasinc.com\\\/no\\\/?s={search_term_string}\"},\"query-input\":{\"@type\":\"PropertyValueSpecification\",\"valueRequired\":true,\"valueName\":\"search_term_string\"}}],\"inLanguage\":\"nn-NO\"}]}<\/script>\n<!-- \/ Yoast SEO plugin. -->","yoast_head_json":{"title":"Kj\u00f8p Fub Akb48 Powder - Fub Akb48 Online - Beste globale medisiner","description":"Kj\u00f8p FUB-AKB48 Pulver for salg EU-frakt, Bitcoin-betaling. Billig FUB-AKB48 Pulverleverand\u00f8r Storbritannia - kj\u00f8p forskningskjemikalier i Europa. FUB-AKB48 Pulverbutikk i Europa","robots":{"index":"index","follow":"follow","max-snippet":"max-snippet:-1","max-image-preview":"max-image-preview:large","max-video-preview":"max-video-preview:-1"},"canonical":"https:\/\/medicinasinc.com\/no\/product\/kjop-fub-akb48-pulver\/","og_locale":"nn_NO","og_type":"article","og_title":"Kj\u00f8p Fub Akb48 Powder - Fub Akb48 Online - Beste globale medisiner","og_description":"Kj\u00f8p FUB-AKB48 Pulver for salg EU-frakt, Bitcoin-betaling. Billig FUB-AKB48 Pulverleverand\u00f8r Storbritannia - kj\u00f8p forskningskjemikalier i Europa. FUB-AKB48 Pulverbutikk i Europa","og_url":"https:\/\/medicinasinc.com\/no\/product\/kjop-fub-akb48-pulver\/","og_site_name":"Medicinas Inc","article_modified_time":"2022-03-22T00:50:49+00:00","og_image":[{"width":800,"height":438,"url":"https:\/\/medicinasinc.com\/no\/wp-content\/uploads\/sites\/14\/2022\/02\/Buy-Fub-Akb48-Powder.jpeg","type":"image\/jpeg"}],"twitter_card":"summary_large_image","twitter_misc":{"Est. reading time":"1 minutt"},"schema":{"@context":"https:\/\/schema.org","@graph":[{"@type":"WebPage","@id":"https:\/\/medicinasinc.com\/no\/product\/kjop-fub-akb48-pulver\/","url":"https:\/\/medicinasinc.com\/no\/product\/kjop-fub-akb48-pulver\/","name":"Kj\u00f8p Fub Akb48 Powder - Fub Akb48 Online - Beste globale medisiner","isPartOf":{"@id":"https:\/\/medicinasinc.com\/no\/#website"},"primaryImageOfPage":{"@id":"https:\/\/medicinasinc.com\/no\/product\/kjop-fub-akb48-pulver\/#primaryimage"},"image":{"@id":"https:\/\/medicinasinc.com\/no\/product\/kjop-fub-akb48-pulver\/#primaryimage"},"thumbnailUrl":"https:\/\/medicinasinc.com\/no\/wp-content\/uploads\/sites\/14\/2022\/02\/Buy-Fub-Akb48-Powder.jpeg","datePublished":"2022-02-22T01:05:36+00:00","dateModified":"2022-03-22T00:50:49+00:00","description":"Kj\u00f8p FUB-AKB48 Pulver for salg EU-frakt, Bitcoin-betaling. Billig FUB-AKB48 Pulverleverand\u00f8r Storbritannia - kj\u00f8p forskningskjemikalier i Europa. FUB-AKB48 Pulverbutikk i Europa","breadcrumb":{"@id":"https:\/\/medicinasinc.com\/no\/product\/kjop-fub-akb48-pulver\/#breadcrumb"},"inLanguage":"nn-NO","potentialAction":[{"@type":"ReadAction","target":["https:\/\/medicinasinc.com\/no\/product\/kjop-fub-akb48-pulver\/"]}]},{"@type":"ImageObject","inLanguage":"nn-NO","@id":"https:\/\/medicinasinc.com\/no\/product\/kjop-fub-akb48-pulver\/#primaryimage","url":"https:\/\/medicinasinc.com\/no\/wp-content\/uploads\/sites\/14\/2022\/02\/Buy-Fub-Akb48-Powder.jpeg","contentUrl":"https:\/\/medicinasinc.com\/no\/wp-content\/uploads\/sites\/14\/2022\/02\/Buy-Fub-Akb48-Powder.jpeg","width":800,"height":438},{"@type":"BreadcrumbList","@id":"https:\/\/medicinasinc.com\/no\/product\/kjop-fub-akb48-pulver\/#breadcrumb","itemListElement":[{"@type":"ListItem","position":1,"name":"Butikk","item":"https:\/\/medicinasinc.com\/no\/butikk\/"},{"@type":"ListItem","position":2,"name":"Kj\u00f8p Fub Akb48 Powder"}]},{"@type":"WebSite","@id":"https:\/\/medicinasinc.com\/no\/#website","url":"https:\/\/medicinasinc.com\/no\/","name":"Medicinas Inc","description":"Helsemedisinsk klinikk","potentialAction":[{"@type":"SearchAction","target":{"@type":"EntryPoint","urlTemplate":"https:\/\/medicinasinc.com\/no\/?s={search_term_string}"},"query-input":{"@type":"PropertyValueSpecification","valueRequired":true,"valueName":"search_term_string"}}],"inLanguage":"nn-NO"}]}},"_links":{"self":[{"href":"https:\/\/medicinasinc.com\/no\/wp-json\/wp\/v2\/product\/5522","targetHints":{"allow":["GET"]}}],"collection":[{"href":"https:\/\/medicinasinc.com\/no\/wp-json\/wp\/v2\/product"}],"about":[{"href":"https:\/\/medicinasinc.com\/no\/wp-json\/wp\/v2\/types\/product"}],"replies":[{"embeddable":true,"href":"https:\/\/medicinasinc.com\/no\/wp-json\/wp\/v2\/comments?post=5522"}],"wp:featuredmedia":[{"embeddable":true,"href":"https:\/\/medicinasinc.com\/no\/wp-json\/wp\/v2\/media\/5533"}],"wp:attachment":[{"href":"https:\/\/medicinasinc.com\/no\/wp-json\/wp\/v2\/media?parent=5522"}],"wp:term":[{"taxonomy":"product_brand","embeddable":true,"href":"https:\/\/medicinasinc.com\/no\/wp-json\/wp\/v2\/product_brand?post=5522"},{"taxonomy":"product_cat","embeddable":true,"href":"https:\/\/medicinasinc.com\/no\/wp-json\/wp\/v2\/product_cat?post=5522"},{"taxonomy":"product_tag","embeddable":true,"href":"https:\/\/medicinasinc.com\/no\/wp-json\/wp\/v2\/product_tag?post=5522"}],"curies":[{"name":"wp","href":"https:\/\/api.w.org\/{rel}","templated":true}]}}