{"id":5521,"date":"2022-02-22T01:04:16","date_gmt":"2022-02-22T01:04:16","guid":{"rendered":"https:\/\/medicinasinc.com\/no\/?post_type=product&#038;p=5521"},"modified":"2022-03-22T00:51:02","modified_gmt":"2022-03-22T00:51:02","slug":"kjop-flubromazepam-4mg-pellets","status":"publish","type":"product","link":"https:\/\/medicinasinc.com\/no\/product\/kjop-flubromazepam-4mg-pellets\/","title":{"rendered":"Kj\u00f8p Flubromazepam 4mg Pellets"},"content":{"rendered":"<p>RIMELIGE FLUBROMAZEPAM 4MG PELLETS LEVERT TIL EU<\/p>\n<p>Flubromazepam 4mg Pellets er tilgjengelig for kj\u00f8p i Europa p\u00e5 dette stedet.<\/p>\n<p>Du kan bruke Bitcoin til \u00e5 betale for Flubromazepam Pellets 4 mg. <\/p>\n<p>Benzodiazepinderivatet Flubromazepam er det f\u00f8rste i sitt slag. 7-brom-5-(2-fluorfenyl)-1,3-dihydro-1,4-benzodiazepin-2-on er det fulle kjemiske navnet. Dette stoffet ligner strukturelt p\u00e5 Bromazepam, et beroligende, angstdempende og s\u00f8vnhjelpemiddel som ogs\u00e5 er kjent som et benzodiazepin.<\/p>\n<p>Et oransje pellet-lignende utseende indikerer tilstedev\u00e6relsen av 7-bromo-5-(2) -fluorphenyl)-1,3-dihydro-1,4 benzodiazepin-2-one.<\/p>\n<p>Flubromazepam 4mg Pellets kan kj\u00f8pes online ved \u00e5 bruke en Bitcoin-adresse.<\/p>\n<p>4mg Pellets of Flubromazepam for Salg<\/p>\n<p>&nbsp;<\/p>\n<p>Flubromazepam 4mg Pellets kan kj\u00f8pes over internett.<br \/> Hva brukes Flubromazepam til?<\/p>\n<p>Et benzodiazepinderivat, flubromazepam har eksistert siden 1960, da den f\u00f8rst ble produsert. Inntil 2012, da det begynte \u00e5 bli markedsf\u00f8rt som unders\u00f8kelsesmateriale, hadde det aldri blitt annonsert som et legemiddel, og mange hadde glemt det f\u00f8r 2012. Flubromazepams formel er praktisk talt identisk med fenazepam, et annet benzodiazepin som ble popul\u00e6rt av farmas\u00f8ytiske selskaper i flere land.<\/p>\n","protected":false},"excerpt":{"rendered":"<div class=\"woocommerce-product-details__short-description\">\n<p>Kj\u00f8p Flubromazepam 4mg Pellets for salg EU, Storbritannia, Europa frakt, Bitcoin betaling. Billig Flubromazepam 4mg Pellets leverand\u00f8r &#8211; kj\u00f8p forskningskjemikalier i Europa.<\/p>\n<p><em>Kj\u00f8p Flubromazepam<\/em>\u00a0(<em>4mg<\/em>)\u00a0<em>Pellets<\/em>\u00a0til den beste prisen. Vi garanterer trygg og sikker frakt over hele verden.<\/p>\n<p>Kj\u00f8p Flubromazepam 4mg Pellets online. Flubromazepam er til salgs i form av 4 mg pellets, farget knallgul, en litt annen nyanse av gult enn det n\u00e5v\u00e6rende partiet med Pyrazolam som for tiden er tilgjengelig i USA.<\/p>\n<\/p><\/div>\n","protected":false},"featured_media":5531,"comment_status":"open","ping_status":"closed","template":"","meta":[],"product_brand":[],"product_cat":[2014],"product_tag":[3009,2998,2999,3000,3001,3002,3003,3005,3006,3007,3008,3004,3011,3012,3010],"class_list":{"0":"post-5521","1":"product","2":"type-product","3":"status-publish","4":"has-post-thumbnail","6":"product_cat-kjpe-forskning-kjemikalier","7":"product_tag-bestille-flubromazepam","8":"product_tag-buy-flubromazepam","9":"product_tag-buy-flubromazepam-pellets","10":"product_tag-flubromazepam","11":"product_tag-flubromazepam-4-mg","12":"product_tag-flubromazepam-4mg","13":"product_tag-flubromazepam-4mg-til-salgs","14":"product_tag-flubromazepam-europe-kjp","15":"product_tag-flubromazepam-google","16":"product_tag-flubromazepam-pellets","17":"product_tag-flubromazepam-reddit","18":"product_tag-flubromazepam-effekt","19":"product_tag-frakt-flubromazepam-4mg-pall","20":"product_tag-hvor-kan-kjpe-kjpe-flubromazepam-pellets","21":"product_tag-kvalitets-flubromazepam-4mg","23":"first","24":"instock","25":"shipping-taxable","26":"purchasable","27":"product-type-variable","28":"has-default-attributes"},"yoast_head":"<!-- This site is optimized with the Yoast SEO plugin v27.3 - https:\/\/yoast.com\/product\/yoast-seo-wordpress\/ -->\n<title>Kj\u00f8p Flubromazepam 4mg Pellets - Beste beste globale medisiner<\/title>\n<meta name=\"description\" content=\"Kj\u00f8p Flubromazepam 4mg Pellets for salg EU, Storbritannia, Europa frakt, Bitcoin betaling. Billig Flubromazepam 4mg Pellets leverand\u00f8r - kj\u00f8p forskningskjemikalier i Europa.\" \/>\n<meta name=\"robots\" content=\"index, follow, max-snippet:-1, max-image-preview:large, max-video-preview:-1\" \/>\n<link rel=\"canonical\" href=\"https:\/\/medicinasinc.com\/no\/product\/kjop-flubromazepam-4mg-pellets\/\" \/>\n<meta property=\"og:locale\" content=\"nn_NO\" \/>\n<meta property=\"og:type\" content=\"article\" \/>\n<meta property=\"og:title\" content=\"Kj\u00f8p Flubromazepam 4mg Pellets - Beste beste globale medisiner\" \/>\n<meta property=\"og:description\" content=\"Kj\u00f8p Flubromazepam 4mg Pellets for salg EU, Storbritannia, Europa frakt, Bitcoin betaling. Billig Flubromazepam 4mg Pellets leverand\u00f8r - kj\u00f8p forskningskjemikalier i Europa.\" \/>\n<meta property=\"og:url\" content=\"https:\/\/medicinasinc.com\/no\/product\/kjop-flubromazepam-4mg-pellets\/\" \/>\n<meta property=\"og:site_name\" content=\"Medicinas Inc\" \/>\n<meta property=\"article:modified_time\" content=\"2022-03-22T00:51:02+00:00\" \/>\n<meta property=\"og:image\" content=\"https:\/\/medicinasinc.com\/no\/wp-content\/uploads\/sites\/14\/2022\/02\/Buy-Flubromazepam-4mg-Pellets-1.jpg\" \/>\n\t<meta property=\"og:image:width\" content=\"350\" \/>\n\t<meta property=\"og:image:height\" content=\"350\" \/>\n\t<meta property=\"og:image:type\" content=\"image\/jpeg\" \/>\n<meta name=\"twitter:card\" content=\"summary_large_image\" \/>\n<meta name=\"twitter:label1\" content=\"Est. reading time\" \/>\n\t<meta name=\"twitter:data1\" content=\"1 minutt\" \/>\n<script type=\"application\/ld+json\" class=\"yoast-schema-graph\">{\"@context\":\"https:\\\/\\\/schema.org\",\"@graph\":[{\"@type\":\"WebPage\",\"@id\":\"https:\\\/\\\/medicinasinc.com\\\/no\\\/product\\\/kjop-flubromazepam-4mg-pellets\\\/\",\"url\":\"https:\\\/\\\/medicinasinc.com\\\/no\\\/product\\\/kjop-flubromazepam-4mg-pellets\\\/\",\"name\":\"Kj\u00f8p Flubromazepam 4mg Pellets - Beste beste globale medisiner\",\"isPartOf\":{\"@id\":\"https:\\\/\\\/medicinasinc.com\\\/no\\\/#website\"},\"primaryImageOfPage\":{\"@id\":\"https:\\\/\\\/medicinasinc.com\\\/no\\\/product\\\/kjop-flubromazepam-4mg-pellets\\\/#primaryimage\"},\"image\":{\"@id\":\"https:\\\/\\\/medicinasinc.com\\\/no\\\/product\\\/kjop-flubromazepam-4mg-pellets\\\/#primaryimage\"},\"thumbnailUrl\":\"https:\\\/\\\/medicinasinc.com\\\/no\\\/wp-content\\\/uploads\\\/sites\\\/14\\\/2022\\\/02\\\/Buy-Flubromazepam-4mg-Pellets-1.jpg\",\"datePublished\":\"2022-02-22T01:04:16+00:00\",\"dateModified\":\"2022-03-22T00:51:02+00:00\",\"description\":\"Kj\u00f8p Flubromazepam 4mg Pellets for salg EU, Storbritannia, Europa frakt, Bitcoin betaling. Billig Flubromazepam 4mg Pellets leverand\u00f8r - kj\u00f8p forskningskjemikalier i Europa.\",\"breadcrumb\":{\"@id\":\"https:\\\/\\\/medicinasinc.com\\\/no\\\/product\\\/kjop-flubromazepam-4mg-pellets\\\/#breadcrumb\"},\"inLanguage\":\"nn-NO\",\"potentialAction\":[{\"@type\":\"ReadAction\",\"target\":[\"https:\\\/\\\/medicinasinc.com\\\/no\\\/product\\\/kjop-flubromazepam-4mg-pellets\\\/\"]}]},{\"@type\":\"ImageObject\",\"inLanguage\":\"nn-NO\",\"@id\":\"https:\\\/\\\/medicinasinc.com\\\/no\\\/product\\\/kjop-flubromazepam-4mg-pellets\\\/#primaryimage\",\"url\":\"https:\\\/\\\/medicinasinc.com\\\/no\\\/wp-content\\\/uploads\\\/sites\\\/14\\\/2022\\\/02\\\/Buy-Flubromazepam-4mg-Pellets-1.jpg\",\"contentUrl\":\"https:\\\/\\\/medicinasinc.com\\\/no\\\/wp-content\\\/uploads\\\/sites\\\/14\\\/2022\\\/02\\\/Buy-Flubromazepam-4mg-Pellets-1.jpg\",\"width\":350,\"height\":350},{\"@type\":\"BreadcrumbList\",\"@id\":\"https:\\\/\\\/medicinasinc.com\\\/no\\\/product\\\/kjop-flubromazepam-4mg-pellets\\\/#breadcrumb\",\"itemListElement\":[{\"@type\":\"ListItem\",\"position\":1,\"name\":\"Butikk\",\"item\":\"https:\\\/\\\/medicinasinc.com\\\/no\\\/butikk\\\/\"},{\"@type\":\"ListItem\",\"position\":2,\"name\":\"Kj\u00f8p Flubromazepam 4mg Pellets\"}]},{\"@type\":\"WebSite\",\"@id\":\"https:\\\/\\\/medicinasinc.com\\\/no\\\/#website\",\"url\":\"https:\\\/\\\/medicinasinc.com\\\/no\\\/\",\"name\":\"Medicinas Inc\",\"description\":\"Helsemedisinsk klinikk\",\"potentialAction\":[{\"@type\":\"SearchAction\",\"target\":{\"@type\":\"EntryPoint\",\"urlTemplate\":\"https:\\\/\\\/medicinasinc.com\\\/no\\\/?s={search_term_string}\"},\"query-input\":{\"@type\":\"PropertyValueSpecification\",\"valueRequired\":true,\"valueName\":\"search_term_string\"}}],\"inLanguage\":\"nn-NO\"}]}<\/script>\n<!-- \/ Yoast SEO plugin. -->","yoast_head_json":{"title":"Kj\u00f8p Flubromazepam 4mg Pellets - Beste beste globale medisiner","description":"Kj\u00f8p Flubromazepam 4mg Pellets for salg EU, Storbritannia, Europa frakt, Bitcoin betaling. Billig Flubromazepam 4mg Pellets leverand\u00f8r - kj\u00f8p forskningskjemikalier i Europa.","robots":{"index":"index","follow":"follow","max-snippet":"max-snippet:-1","max-image-preview":"max-image-preview:large","max-video-preview":"max-video-preview:-1"},"canonical":"https:\/\/medicinasinc.com\/no\/product\/kjop-flubromazepam-4mg-pellets\/","og_locale":"nn_NO","og_type":"article","og_title":"Kj\u00f8p Flubromazepam 4mg Pellets - Beste beste globale medisiner","og_description":"Kj\u00f8p Flubromazepam 4mg Pellets for salg EU, Storbritannia, Europa frakt, Bitcoin betaling. Billig Flubromazepam 4mg Pellets leverand\u00f8r - kj\u00f8p forskningskjemikalier i Europa.","og_url":"https:\/\/medicinasinc.com\/no\/product\/kjop-flubromazepam-4mg-pellets\/","og_site_name":"Medicinas Inc","article_modified_time":"2022-03-22T00:51:02+00:00","og_image":[{"width":350,"height":350,"url":"https:\/\/medicinasinc.com\/no\/wp-content\/uploads\/sites\/14\/2022\/02\/Buy-Flubromazepam-4mg-Pellets-1.jpg","type":"image\/jpeg"}],"twitter_card":"summary_large_image","twitter_misc":{"Est. reading time":"1 minutt"},"schema":{"@context":"https:\/\/schema.org","@graph":[{"@type":"WebPage","@id":"https:\/\/medicinasinc.com\/no\/product\/kjop-flubromazepam-4mg-pellets\/","url":"https:\/\/medicinasinc.com\/no\/product\/kjop-flubromazepam-4mg-pellets\/","name":"Kj\u00f8p Flubromazepam 4mg Pellets - Beste beste globale medisiner","isPartOf":{"@id":"https:\/\/medicinasinc.com\/no\/#website"},"primaryImageOfPage":{"@id":"https:\/\/medicinasinc.com\/no\/product\/kjop-flubromazepam-4mg-pellets\/#primaryimage"},"image":{"@id":"https:\/\/medicinasinc.com\/no\/product\/kjop-flubromazepam-4mg-pellets\/#primaryimage"},"thumbnailUrl":"https:\/\/medicinasinc.com\/no\/wp-content\/uploads\/sites\/14\/2022\/02\/Buy-Flubromazepam-4mg-Pellets-1.jpg","datePublished":"2022-02-22T01:04:16+00:00","dateModified":"2022-03-22T00:51:02+00:00","description":"Kj\u00f8p Flubromazepam 4mg Pellets for salg EU, Storbritannia, Europa frakt, Bitcoin betaling. Billig Flubromazepam 4mg Pellets leverand\u00f8r - kj\u00f8p forskningskjemikalier i Europa.","breadcrumb":{"@id":"https:\/\/medicinasinc.com\/no\/product\/kjop-flubromazepam-4mg-pellets\/#breadcrumb"},"inLanguage":"nn-NO","potentialAction":[{"@type":"ReadAction","target":["https:\/\/medicinasinc.com\/no\/product\/kjop-flubromazepam-4mg-pellets\/"]}]},{"@type":"ImageObject","inLanguage":"nn-NO","@id":"https:\/\/medicinasinc.com\/no\/product\/kjop-flubromazepam-4mg-pellets\/#primaryimage","url":"https:\/\/medicinasinc.com\/no\/wp-content\/uploads\/sites\/14\/2022\/02\/Buy-Flubromazepam-4mg-Pellets-1.jpg","contentUrl":"https:\/\/medicinasinc.com\/no\/wp-content\/uploads\/sites\/14\/2022\/02\/Buy-Flubromazepam-4mg-Pellets-1.jpg","width":350,"height":350},{"@type":"BreadcrumbList","@id":"https:\/\/medicinasinc.com\/no\/product\/kjop-flubromazepam-4mg-pellets\/#breadcrumb","itemListElement":[{"@type":"ListItem","position":1,"name":"Butikk","item":"https:\/\/medicinasinc.com\/no\/butikk\/"},{"@type":"ListItem","position":2,"name":"Kj\u00f8p Flubromazepam 4mg Pellets"}]},{"@type":"WebSite","@id":"https:\/\/medicinasinc.com\/no\/#website","url":"https:\/\/medicinasinc.com\/no\/","name":"Medicinas Inc","description":"Helsemedisinsk klinikk","potentialAction":[{"@type":"SearchAction","target":{"@type":"EntryPoint","urlTemplate":"https:\/\/medicinasinc.com\/no\/?s={search_term_string}"},"query-input":{"@type":"PropertyValueSpecification","valueRequired":true,"valueName":"search_term_string"}}],"inLanguage":"nn-NO"}]}},"_links":{"self":[{"href":"https:\/\/medicinasinc.com\/no\/wp-json\/wp\/v2\/product\/5521","targetHints":{"allow":["GET"]}}],"collection":[{"href":"https:\/\/medicinasinc.com\/no\/wp-json\/wp\/v2\/product"}],"about":[{"href":"https:\/\/medicinasinc.com\/no\/wp-json\/wp\/v2\/types\/product"}],"replies":[{"embeddable":true,"href":"https:\/\/medicinasinc.com\/no\/wp-json\/wp\/v2\/comments?post=5521"}],"wp:featuredmedia":[{"embeddable":true,"href":"https:\/\/medicinasinc.com\/no\/wp-json\/wp\/v2\/media\/5531"}],"wp:attachment":[{"href":"https:\/\/medicinasinc.com\/no\/wp-json\/wp\/v2\/media?parent=5521"}],"wp:term":[{"taxonomy":"product_brand","embeddable":true,"href":"https:\/\/medicinasinc.com\/no\/wp-json\/wp\/v2\/product_brand?post=5521"},{"taxonomy":"product_cat","embeddable":true,"href":"https:\/\/medicinasinc.com\/no\/wp-json\/wp\/v2\/product_cat?post=5521"},{"taxonomy":"product_tag","embeddable":true,"href":"https:\/\/medicinasinc.com\/no\/wp-json\/wp\/v2\/product_tag?post=5521"}],"curies":[{"name":"wp","href":"https:\/\/api.w.org\/{rel}","templated":true}]}}