{"id":5520,"date":"2022-02-22T01:02:44","date_gmt":"2022-02-22T01:02:44","guid":{"rendered":"https:\/\/medicinasinc.com\/no\/?post_type=product&#038;p=5520"},"modified":"2022-03-22T00:51:11","modified_gmt":"2022-03-22T00:51:11","slug":"kjope-fentanyl-tabletter","status":"publish","type":"product","link":"https:\/\/medicinasinc.com\/no\/product\/kjope-fentanyl-tabletter\/","title":{"rendered":"Kj\u00f8p fentanyltabletter"},"content":{"rendered":"<p>Fentanylpiller, ogs\u00e5 kjent som fentanil, er en sv\u00e6rt sterk syntetisk smertestillende opioid med kort virkningstid og raskt innsettende. Opioidreseptorer stimuleres sterkt av dette stoffet. Styrken til fentanyl sies \u00e5 v\u00e6re 50-100 ganger st\u00f8rre enn for morfin.<\/p>\n<p>Paul Janssens Fentanyl Pills ble dannet i 1960 og ble en umiddelbar suksess, og fulgte i fotsporene til Demerols petidin. Fentanyl ble laget ved \u00e5 teste analoger av det opioidaktive stoffet petidin, som er strukturelt knyttet til fentanyl.<\/p>\n<p>Fentonisk sitrat (fentanylsitrat, som er saltet som dannes ved \u00e5 blande fentanyl og sitronsyre med en 1:1 ratio) kom p\u00e5 det medisinske markedet p\u00e5 begynnelsen av 60-tallet under handelsnavnet Sublimaze p\u00e5 grunn av dets omfattende bruk. Sufentanil, alfentanil, remifentanil og lofentanil er bare noen f\u00e5 av de mange fentanylanalogene som siden har blitt laget og tatt i klinisk bruk.<\/p>\n<p>Piller som inneholder fentanyl Palliativ bruk av fentanyl begynte p\u00e5 midten av 1990-tallet med utvikling av fentanylplaster, som raskt ble fulgt av fentanylpastiller, oppl\u00f8sningstabletter og sublingual spray, som alle absorberes via munnens overflate. Fentanyl var det mest foreskrevne syntetiske opioidet i USA i 2012. P\u00e5 verdensbasis ble det ansl\u00e5tt at 1700 kg plast ble konsumert i 2013.<\/p>\n<p>Rekreasjonsbruken av fentanyl har resultert i tusenvis av overdosed\u00f8dsfall pr. \u00e5r. Upassende medisinsk bruk har ogs\u00e5 f\u00f8rt til d\u00f8dsfall. P\u00e5 grunn av sin h\u00f8ye terapeutiske indeks (270), er fentanyl et sv\u00e6rt trygt kirurgisk bed\u00f8velsesmiddel n\u00e5r det administreres under n\u00f8ye oppsyn; men p\u00e5 grunn av dens enorme styrke, kreves det n\u00f8yaktige m\u00e5linger av ekstremt fortynnet l\u00f8sning.<\/p>\n<p>en effektiv dose og d\u00f8delig dose av pulverisert fentanyl ville v\u00e6re vanskelig eller umulig \u00e5 skille med det blotte \u00f8ye hvis de ble plassert ved siden av hverandre; dette er grunnen til at det er upraktisk \u00e5 n\u00f8yaktig kvantifisere en dose rent fentanylpulver uten moderne vitenskapelig utstyr.<\/p>\n<p>Bestill fentanylpiller, -pulver, -plaster og -v\u00e6ske online n\u00e5!<\/p>\n<div class=\"product -neste-forrige\">\n<div class=\"product-prev\"><\/div><\/div>\n","protected":false},"excerpt":{"rendered":"<p>V\u00e5r nettvirksomhet selger Fentanyl-tabletter for salg i Storbritannia, EU og Europa med rask verdensomspennende frakt! Du finner den beste fentanylen for nettkj\u00f8p her!<\/p>\n<p>Kj\u00f8p Fentanyl-piller online i Storbritannia, Europa og resten av verden med rask internasjonal levering fra nettapoteket v\u00e5rt i dag! Du finner den beste fentanylen for nettkj\u00f8p her! Sp\u00f8r om hvor du kan f\u00e5 tak i Fentanyl-tabletter.<\/p>\n<p>Piller som inneholder fentanyl Fentanylplasteret ble f\u00f8rst tilbudt for palliativ bruk p\u00e5 midten av 1990-tallet, og fentanyl-lollipop, oppl\u00f8sende piller og sublingual spray ble alle utgitt i det f\u00f8lgende ti\u00e5r gjennom absorpsjon gjennom huden i munnen.<\/p>\n","protected":false},"featured_media":5529,"comment_status":"open","ping_status":"closed","template":"","meta":[],"product_brand":[],"product_cat":[2014],"product_tag":[2990,2991,2992,2975,2841,2976,2977,2979,2996,2982,2980,2985,2986,2987,2981,2983,2850,2988,2997,2994,2974,2973,2843,2978,2984,2989,2993,2995],"class_list":{"0":"post-5520","1":"product","2":"type-product","3":"status-publish","4":"has-post-thumbnail","6":"product_cat-kjpe-forskning-kjemikalier","7":"product_tag-bestille-fentanyl-vske-online","8":"product_tag-bestille-fentanyl-online","9":"product_tag-bestille-fentanyl-plaster-online","10":"product_tag-buy-fentanyl-no-prescription","11":"product_tag-buy-fentanyl-online","12":"product_tag-buy-fentanyl-online-uk","13":"product_tag-buy-fentanyl-powder","14":"product_tag-carfentanil-for-sale","15":"product_tag-det-beste-stedet--kjpe-fentanyl-vske-p-nettet","16":"product_tag-fentanyl-for-sale-online","17":"product_tag-fentanyl-kjp-p-nett","18":"product_tag-fentanyl-patches-for-sale","19":"product_tag-fentanyl-pills-for-sale","20":"product_tag-fentanyl-powder-price","21":"product_tag-fentanyl-til-salg","22":"product_tag-fentanyl-v-c3-a6ske-til-salg","23":"product_tag-fentanylpulver-til-salgs","24":"product_tag-how-to-buy-fentanyl-liquid-online","25":"product_tag-hvor-kan-kjpes-fentanyl-vske-p-nettet","26":"product_tag-kjp-fentanyl-p-nettet","27":"product_tag-kjp-fentanyl-vske-p-nettet","28":"product_tag-kjp-fentanyl-sitrat-online","29":"product_tag-kjp-fentanyl-pulver-p-nettet","30":"product_tag-kjpe-fentanyl-online","31":"product_tag-fentanyl-plaster-nettapotek","32":"product_tag-opiat-forskning-kjemikalier-til-salg","33":"product_tag-purchase-fentanyl-liquid-online","34":"product_tag-ren-fentanyl","36":"first","37":"instock","38":"shipping-taxable","39":"purchasable","40":"product-type-variable","41":"has-default-attributes"},"yoast_head":"<!-- This site is optimized with the Yoast SEO plugin v27.3 - https:\/\/yoast.com\/product\/yoast-seo-wordpress\/ -->\n<title>Kj\u00f8p Fentanyl-tabletter - Fentanyl-piller - Beste globale medisiner<\/title>\n<meta name=\"description\" content=\"Kj\u00f8p Fentanyl-tabletter til salgs Storbritannia, EU Europa i v\u00e5r nettbutikk med rask levering over hele verden! Den beste fentanylen for bestilling finner du her!\" \/>\n<meta name=\"robots\" content=\"index, follow, max-snippet:-1, max-image-preview:large, max-video-preview:-1\" \/>\n<link rel=\"canonical\" href=\"https:\/\/medicinasinc.com\/no\/product\/kjope-fentanyl-tabletter\/\" \/>\n<meta property=\"og:locale\" content=\"nn_NO\" \/>\n<meta property=\"og:type\" content=\"article\" \/>\n<meta property=\"og:title\" content=\"Kj\u00f8p Fentanyl-tabletter - Fentanyl-piller - Beste globale medisiner\" \/>\n<meta property=\"og:description\" content=\"Kj\u00f8p Fentanyl-tabletter til salgs Storbritannia, EU Europa i v\u00e5r nettbutikk med rask levering over hele verden! Den beste fentanylen for bestilling finner du her!\" \/>\n<meta property=\"og:url\" content=\"https:\/\/medicinasinc.com\/no\/product\/kjope-fentanyl-tabletter\/\" \/>\n<meta property=\"og:site_name\" content=\"Medicinas Inc\" \/>\n<meta property=\"article:modified_time\" content=\"2022-03-22T00:51:11+00:00\" \/>\n<meta property=\"og:image\" content=\"https:\/\/medicinasinc.com\/no\/wp-content\/uploads\/sites\/14\/2022\/02\/Buy-Fentanyl-Tablets.jpg\" \/>\n\t<meta property=\"og:image:width\" content=\"600\" \/>\n\t<meta property=\"og:image:height\" content=\"600\" \/>\n\t<meta property=\"og:image:type\" content=\"image\/jpeg\" \/>\n<meta name=\"twitter:card\" content=\"summary_large_image\" \/>\n<meta name=\"twitter:label1\" content=\"Est. reading time\" \/>\n\t<meta name=\"twitter:data1\" content=\"2 minutt\" \/>\n<script type=\"application\/ld+json\" class=\"yoast-schema-graph\">{\"@context\":\"https:\\\/\\\/schema.org\",\"@graph\":[{\"@type\":\"WebPage\",\"@id\":\"https:\\\/\\\/medicinasinc.com\\\/no\\\/product\\\/kjope-fentanyl-tabletter\\\/\",\"url\":\"https:\\\/\\\/medicinasinc.com\\\/no\\\/product\\\/kjope-fentanyl-tabletter\\\/\",\"name\":\"Kj\u00f8p Fentanyl-tabletter - Fentanyl-piller - Beste globale medisiner\",\"isPartOf\":{\"@id\":\"https:\\\/\\\/medicinasinc.com\\\/no\\\/#website\"},\"primaryImageOfPage\":{\"@id\":\"https:\\\/\\\/medicinasinc.com\\\/no\\\/product\\\/kjope-fentanyl-tabletter\\\/#primaryimage\"},\"image\":{\"@id\":\"https:\\\/\\\/medicinasinc.com\\\/no\\\/product\\\/kjope-fentanyl-tabletter\\\/#primaryimage\"},\"thumbnailUrl\":\"https:\\\/\\\/medicinasinc.com\\\/no\\\/wp-content\\\/uploads\\\/sites\\\/14\\\/2022\\\/02\\\/Buy-Fentanyl-Tablets.jpg\",\"datePublished\":\"2022-02-22T01:02:44+00:00\",\"dateModified\":\"2022-03-22T00:51:11+00:00\",\"description\":\"Kj\u00f8p Fentanyl-tabletter til salgs Storbritannia, EU Europa i v\u00e5r nettbutikk med rask levering over hele verden! Den beste fentanylen for bestilling finner du her!\",\"breadcrumb\":{\"@id\":\"https:\\\/\\\/medicinasinc.com\\\/no\\\/product\\\/kjope-fentanyl-tabletter\\\/#breadcrumb\"},\"inLanguage\":\"nn-NO\",\"potentialAction\":[{\"@type\":\"ReadAction\",\"target\":[\"https:\\\/\\\/medicinasinc.com\\\/no\\\/product\\\/kjope-fentanyl-tabletter\\\/\"]}]},{\"@type\":\"ImageObject\",\"inLanguage\":\"nn-NO\",\"@id\":\"https:\\\/\\\/medicinasinc.com\\\/no\\\/product\\\/kjope-fentanyl-tabletter\\\/#primaryimage\",\"url\":\"https:\\\/\\\/medicinasinc.com\\\/no\\\/wp-content\\\/uploads\\\/sites\\\/14\\\/2022\\\/02\\\/Buy-Fentanyl-Tablets.jpg\",\"contentUrl\":\"https:\\\/\\\/medicinasinc.com\\\/no\\\/wp-content\\\/uploads\\\/sites\\\/14\\\/2022\\\/02\\\/Buy-Fentanyl-Tablets.jpg\",\"width\":600,\"height\":600},{\"@type\":\"BreadcrumbList\",\"@id\":\"https:\\\/\\\/medicinasinc.com\\\/no\\\/product\\\/kjope-fentanyl-tabletter\\\/#breadcrumb\",\"itemListElement\":[{\"@type\":\"ListItem\",\"position\":1,\"name\":\"Butikk\",\"item\":\"https:\\\/\\\/medicinasinc.com\\\/no\\\/butikk\\\/\"},{\"@type\":\"ListItem\",\"position\":2,\"name\":\"Kj\u00f8p fentanyltabletter\"}]},{\"@type\":\"WebSite\",\"@id\":\"https:\\\/\\\/medicinasinc.com\\\/no\\\/#website\",\"url\":\"https:\\\/\\\/medicinasinc.com\\\/no\\\/\",\"name\":\"Medicinas Inc\",\"description\":\"Helsemedisinsk klinikk\",\"potentialAction\":[{\"@type\":\"SearchAction\",\"target\":{\"@type\":\"EntryPoint\",\"urlTemplate\":\"https:\\\/\\\/medicinasinc.com\\\/no\\\/?s={search_term_string}\"},\"query-input\":{\"@type\":\"PropertyValueSpecification\",\"valueRequired\":true,\"valueName\":\"search_term_string\"}}],\"inLanguage\":\"nn-NO\"}]}<\/script>\n<!-- \/ Yoast SEO plugin. -->","yoast_head_json":{"title":"Kj\u00f8p Fentanyl-tabletter - Fentanyl-piller - Beste globale medisiner","description":"Kj\u00f8p Fentanyl-tabletter til salgs Storbritannia, EU Europa i v\u00e5r nettbutikk med rask levering over hele verden! Den beste fentanylen for bestilling finner du her!","robots":{"index":"index","follow":"follow","max-snippet":"max-snippet:-1","max-image-preview":"max-image-preview:large","max-video-preview":"max-video-preview:-1"},"canonical":"https:\/\/medicinasinc.com\/no\/product\/kjope-fentanyl-tabletter\/","og_locale":"nn_NO","og_type":"article","og_title":"Kj\u00f8p Fentanyl-tabletter - Fentanyl-piller - Beste globale medisiner","og_description":"Kj\u00f8p Fentanyl-tabletter til salgs Storbritannia, EU Europa i v\u00e5r nettbutikk med rask levering over hele verden! Den beste fentanylen for bestilling finner du her!","og_url":"https:\/\/medicinasinc.com\/no\/product\/kjope-fentanyl-tabletter\/","og_site_name":"Medicinas Inc","article_modified_time":"2022-03-22T00:51:11+00:00","og_image":[{"width":600,"height":600,"url":"https:\/\/medicinasinc.com\/no\/wp-content\/uploads\/sites\/14\/2022\/02\/Buy-Fentanyl-Tablets.jpg","type":"image\/jpeg"}],"twitter_card":"summary_large_image","twitter_misc":{"Est. reading time":"2 minutt"},"schema":{"@context":"https:\/\/schema.org","@graph":[{"@type":"WebPage","@id":"https:\/\/medicinasinc.com\/no\/product\/kjope-fentanyl-tabletter\/","url":"https:\/\/medicinasinc.com\/no\/product\/kjope-fentanyl-tabletter\/","name":"Kj\u00f8p Fentanyl-tabletter - Fentanyl-piller - Beste globale medisiner","isPartOf":{"@id":"https:\/\/medicinasinc.com\/no\/#website"},"primaryImageOfPage":{"@id":"https:\/\/medicinasinc.com\/no\/product\/kjope-fentanyl-tabletter\/#primaryimage"},"image":{"@id":"https:\/\/medicinasinc.com\/no\/product\/kjope-fentanyl-tabletter\/#primaryimage"},"thumbnailUrl":"https:\/\/medicinasinc.com\/no\/wp-content\/uploads\/sites\/14\/2022\/02\/Buy-Fentanyl-Tablets.jpg","datePublished":"2022-02-22T01:02:44+00:00","dateModified":"2022-03-22T00:51:11+00:00","description":"Kj\u00f8p Fentanyl-tabletter til salgs Storbritannia, EU Europa i v\u00e5r nettbutikk med rask levering over hele verden! Den beste fentanylen for bestilling finner du her!","breadcrumb":{"@id":"https:\/\/medicinasinc.com\/no\/product\/kjope-fentanyl-tabletter\/#breadcrumb"},"inLanguage":"nn-NO","potentialAction":[{"@type":"ReadAction","target":["https:\/\/medicinasinc.com\/no\/product\/kjope-fentanyl-tabletter\/"]}]},{"@type":"ImageObject","inLanguage":"nn-NO","@id":"https:\/\/medicinasinc.com\/no\/product\/kjope-fentanyl-tabletter\/#primaryimage","url":"https:\/\/medicinasinc.com\/no\/wp-content\/uploads\/sites\/14\/2022\/02\/Buy-Fentanyl-Tablets.jpg","contentUrl":"https:\/\/medicinasinc.com\/no\/wp-content\/uploads\/sites\/14\/2022\/02\/Buy-Fentanyl-Tablets.jpg","width":600,"height":600},{"@type":"BreadcrumbList","@id":"https:\/\/medicinasinc.com\/no\/product\/kjope-fentanyl-tabletter\/#breadcrumb","itemListElement":[{"@type":"ListItem","position":1,"name":"Butikk","item":"https:\/\/medicinasinc.com\/no\/butikk\/"},{"@type":"ListItem","position":2,"name":"Kj\u00f8p fentanyltabletter"}]},{"@type":"WebSite","@id":"https:\/\/medicinasinc.com\/no\/#website","url":"https:\/\/medicinasinc.com\/no\/","name":"Medicinas Inc","description":"Helsemedisinsk klinikk","potentialAction":[{"@type":"SearchAction","target":{"@type":"EntryPoint","urlTemplate":"https:\/\/medicinasinc.com\/no\/?s={search_term_string}"},"query-input":{"@type":"PropertyValueSpecification","valueRequired":true,"valueName":"search_term_string"}}],"inLanguage":"nn-NO"}]}},"_links":{"self":[{"href":"https:\/\/medicinasinc.com\/no\/wp-json\/wp\/v2\/product\/5520","targetHints":{"allow":["GET"]}}],"collection":[{"href":"https:\/\/medicinasinc.com\/no\/wp-json\/wp\/v2\/product"}],"about":[{"href":"https:\/\/medicinasinc.com\/no\/wp-json\/wp\/v2\/types\/product"}],"replies":[{"embeddable":true,"href":"https:\/\/medicinasinc.com\/no\/wp-json\/wp\/v2\/comments?post=5520"}],"wp:featuredmedia":[{"embeddable":true,"href":"https:\/\/medicinasinc.com\/no\/wp-json\/wp\/v2\/media\/5529"}],"wp:attachment":[{"href":"https:\/\/medicinasinc.com\/no\/wp-json\/wp\/v2\/media?parent=5520"}],"wp:term":[{"taxonomy":"product_brand","embeddable":true,"href":"https:\/\/medicinasinc.com\/no\/wp-json\/wp\/v2\/product_brand?post=5520"},{"taxonomy":"product_cat","embeddable":true,"href":"https:\/\/medicinasinc.com\/no\/wp-json\/wp\/v2\/product_cat?post=5520"},{"taxonomy":"product_tag","embeddable":true,"href":"https:\/\/medicinasinc.com\/no\/wp-json\/wp\/v2\/product_tag?post=5520"}],"curies":[{"name":"wp","href":"https:\/\/api.w.org\/{rel}","templated":true}]}}