{"id":5497,"date":"2022-02-22T00:36:43","date_gmt":"2022-02-22T00:36:43","guid":{"rendered":"https:\/\/medicinasinc.com\/no\/?post_type=product&#038;p=5497"},"modified":"2022-03-22T00:51:21","modified_gmt":"2022-03-22T00:51:21","slug":"kjope-etizolam-pulver","status":"publish","type":"product","link":"https:\/\/medicinasinc.com\/no\/product\/kjope-etizolam-pulver\/","title":{"rendered":"Kj\u00f8p Etizolam pulver"},"content":{"rendered":"<p>Etizolams kjemi<\/p>\n<p>Etizolams kjemiske navn er &laquo;4-(2-klorfenyl)-2-etyl-9-metyl-6H-tieno[3,2-f][1,2,4] triazolo[4,3-a][1,4]diazepin.&raquo; Dette legemidlets molekylvekt ble bestemt til \u00e5 v\u00e6re 342,07 g\/mol, og renheten ble beregnet til \u00e5 v\u00e6re 99,5 prosent eller h\u00f8yere i sine fineste former. Dette legemidlets molekyl har vist seg \u00e5 v\u00e6re stabilt i minst to eller tre \u00e5r ved romtemperatur eller mellom 20oC og 25oC, som er den anbefalte lagringstemperaturen. Til tross for sin status som et forskningskjemikalie, har leger foreskrevet Etizolam for \u00e5 behandle angstpasienter.<\/p>\n<p>Etizolams opprinnelse og utvikling<\/p>\n<p>Etizolam, et gr\u00e5tt forskningskjemikalie, debuterte i 2011 som et over- beroligende middel. P\u00e5 grunn av den rimelige kostnaden, det store utvalget av produkter og de mange bruksomr\u00e5dene, har det senere blitt et popul\u00e6rt valg for mange mennesker. Det er ikke kjent hvor formelen kom fra, men den har v\u00e6rt knyttet til forskning fra 1990-tallet.<\/p>\n<p>For \u00e5 behandle det som plager deg, kan Etizolam bli foreskrevet.<\/p>\n<p>Anti-depressiva. , muskelavslappende og angstdempende effekter er kjent for \u00e5 oppst\u00e5 n\u00e5r Etizolam administreres, og det har blitt foreskrevet for medisinsk bruk i slike tilfeller. Selv om denne effekten ikke vises hos alle brukere, har medisinen potensial til \u00e5 \u00f8ke sulten. Stressreduksjon og hukommelsesreorganisering er ytterligere to veldokumenterte bruksomr\u00e5der for denne medisinen. Av rekreasjonsmessige \u00e5rsaker er stoffet kjent for \u00e5 for\u00e5rsake effekter som blant annet egooppbl\u00e5sing, emosjonell undertrykkelse og en \u00f8kt f\u00f8lelse av n\u00f8kternhet. Folk har ogs\u00e5 brukt det til rekreasjonsform\u00e5l.<\/p>\n<p>Hva Etizolam gj\u00f8r med kroppen din<\/p>\n<p>En lang rekke mennesker, fra forskere til allmennheten, har brukt medisinen. N\u00e5r den brukes, har medisinen en rekke effekter p\u00e5 kroppen, sinnet og oppfatningen av ens eget selv. Stoffet f\u00e5r deg til \u00e5 f\u00f8le deg svak og ute av stand til \u00e5 regulere kroppen din. Det er en \u00f8kning i personens evne til \u00e5 puste fritt, s\u00e5 vel som fysisk lykke. S\u00f8vnighet og s\u00f8vnmangel kan ogs\u00e5 oppst\u00e5 som en bivirkning av medisinen. I tillegg har stoffet kognitive effekter siden det p\u00e5virker kroppens kapasitet til \u00e5 fullf\u00f8re vanlige operasjoner ved \u00e5 forstyrre den motoriske nervefunksjonen. Hippocampus-regionen i hjernen kan p\u00e5virkes, noe som kan f\u00f8re til korttidshukommelsestap.<\/p>\n<p>Medisinen reduserer ogs\u00e5 motivasjonen og energiniv\u00e5et, og den har ogs\u00e5 effekt p\u00e5 hjernens evne til \u00e5 fatte tanker .<\/p>\n<p>Toksisitet kan ogs\u00e5 v\u00e6re for\u00e5rsaket av tilstedev\u00e6relsen av forurensninger i medisinen.<\/p>\n<p>Etizolam: Anbefalt dosering og bivirkninger i klinisk praksis<\/p>\n<p>Fra 0,2 mg til 5 mg, er stoffets dosealternativer vidtg\u00e5ende. Lette doser av medisinen er mellom 0,2 mg og 1 mg, mens den mest foreskrevne mengden er mellom 1-2 mg. En h\u00f8y dose er en som overstiger eller er lik 5 milligram.<\/p>\n<p>Som et resultat ender mange mennesker opp med \u00e5 ta en h\u00f8yere dose for \u00e5 oppleve hele spekteret av gunstige effekter som legemidlet er oppf\u00f8rt for . En h\u00f8yere dose kan ha et bredere spekter av effekter, men det har ogs\u00e5 farligere bivirkninger, som store skader eller d\u00f8d under de mest ekstreme omstendighetene.<\/p>\n<p>Det er lovlig \u00e5 ta Etizolam<\/p>\n<p>Til tross for dets klassifisering som et kontrollert og planlagt-I-stoff, er ikke stoffets produksjon, levering og besittelse forbudt i de fleste land.<\/p>\n<p>Vet du hvor du kan f\u00e5 tak i Etizolam-pulver?<\/p>\n<p>For laboratorier, apotek, forskningsinstitusjoner og folk tilbyr v\u00e5r nettbutikk med medisiner h\u00f8ykvalitets FUB \u2013 AKB48 til en rimelig pris.<\/p>\n","protected":false},"excerpt":{"rendered":"<div class=\"woocommerce-product-details__short-description\">\n<p>Kj\u00f8p Etizolam-pulver for salg Storbritannia, EU, Europa\u00a0tilgjengelig til den laveste prisen. Etizolam-pulver brukes som medisin for \u00e5 behandle angst, s\u00f8vnl\u00f8shet og panikkanfall.<\/p>\n<p>Etizolam-pulver kan kj\u00f8pes p\u00e5 nettet. Hvor kan man kj\u00f8pe Etizolam-pulver p\u00e5 nettet?<\/p>\n<p>Etizolam-pulver av h\u00f8yeste kvalitet er tilgjengelig fra BestGlobalMeds.com, det mest p\u00e5litelige internettapoteket.<\/p>\n<p>I tillegg til Etizolam, andre merkenavn for det inkluderer Etilam og Etizest. Etizolam er en syntetisk designeranalog av thienodiazepin som har depressive egenskaper som kan sammenlignes med benzodiazepiner n\u00e5r det gjelder \u00e5 redusere angst, stress og fremme muskelavslapning. I tillegg til tabletter, pulver og oppl\u00f8sning er det et popul\u00e6rt forskningskjemikalie.<\/p>\n<\/p><\/div>\n","protected":false},"featured_media":5509,"comment_status":"open","ping_status":"closed","template":"","meta":[],"product_brand":[],"product_cat":[2014],"product_tag":[2898,2903,2904,2905,2906,2911,2912,2913,2914,2927,2959,2958,2916,2915,2917,2954,2922,2923,2924,2925,2928,2930,2931,2941,2936,2937,2938,2939,2944,2945,2946,2949,2951,2952,2953,2920,2950,2926,2940,2934,2929,2921,2942,2943,2933,2932,2947,2948,2955,2918,2919,2956,2957,2964,2963,2968,2971,2970,2969,2967,2966,2965,2900,2910,2901,2902,2907,2908,2909,2899,2961,2935,2960,2962,2972],"class_list":{"0":"post-5497","1":"product","2":"type-product","3":"status-publish","4":"has-post-thumbnail","6":"product_cat-kjpe-forskning-kjemikalier","7":"product_tag-etizolam-pulver-1-g","8":"product_tag-buy-etizolam-powder","9":"product_tag-buy-etizolam-powder-by-the-gram-usa","10":"product_tag-buy-etizolam-powder-online","11":"product_tag-buy-etizolam-powder-uk","12":"product_tag-buy-etizolam-usa-domestic","13":"product_tag-buy-etizolam-usa-overnight-delivery","14":"product_tag-buy-etizolam-with-paypal","15":"product_tag-buy-liquid-etizolam-usa","16":"product_tag-etizolam-pulver-dose","17":"product_tag-er-etizolam-sikker","18":"product_tag-er-etizolam-vanedannende-og-hvorfor-er-etizolam-misbrukes","19":"product_tag-etizolam-30-ml","20":"product_tag-etizolam-1","21":"product_tag-etizolam-dosering","22":"product_tag-etizolam-lsning-kjp","23":"product_tag-etizolam-powder-canada","24":"product_tag-etizolam-powder-china","25":"product_tag-etizolam-powder-city","26":"product_tag-etizolam-powder-credit-card","27":"product_tag-etizolam-powder-dosing","28":"product_tag-etizolam-powder-europe","29":"product_tag-etizolam-powder-for-sale","30":"product_tag-etizolam-pulver-sted","31":"product_tag-etizolam-powder-online","32":"product_tag-etizolam-powder-price","33":"product_tag-etizolam-powder-prices","34":"product_tag-etizolam-powder-reddit","35":"product_tag-etizolam-powder-to-solution","36":"product_tag-etizolam-powder-uk","37":"product_tag-etizolam-powder-us","38":"product_tag-etizolam-powder-usa-vendor","39":"product_tag-etizolam-powder-vendor","40":"product_tag-etizolam-powder-wholesale","41":"product_tag-etizolam-powders","42":"product_tag-etizolam-pulver-australia","43":"product_tag-etizolam-pulver-bruker","44":"product_tag-etizolam-pulver-dosering","45":"product_tag-etizolam-pulver-gjennomgang","46":"product_tag-etizolam-pulver-hy","47":"product_tag-etizolam-pulver-eu","48":"product_tag-etizolam-pulver-kjp","49":"product_tag-etizolam-pulver-1-c3-lselighet","50":"product_tag-etizolam-pulver-smak","51":"product_tag-anmeldelser-av-etizolam-pulver-til-salg","52":"product_tag-etizolam-pulver-til-salg-kina","53":"product_tag-etizolam-pulver-usa","54":"product_tag-etizolam-pulver-usa-leverandr-c3-b8r","55":"product_tag-etizolam-tabletter","56":"product_tag-etizolam-til-salg-usa","57":"product_tag-etizolam-vske","58":"product_tag-etizolam-xanax-pulver","59":"product_tag-how-to-ingest-etizolam-powder","60":"product_tag-hva-bruker-vanligvis-etizolam-til","61":"product_tag-hva-er-lsningsmidlene-brukt-for--konvertere-etizolam","62":"product_tag-hva-er-viktigheten-av-etizolam-vske","63":"product_tag-hvor-kan-kjpes-etizolam-pulver","64":"product_tag-hvor-kan-kjpes-etizolam-online","65":"product_tag-hvor-kan-kjpes-etizolam","66":"product_tag-hva-er-etizolam-hy-aktig","67":"product_tag-hva-er-etizolam-lignende","68":"product_tag-hva-smaker-etizolam-pulver","69":"product_tag-kjp-etizolam-japan","70":"product_tag-kjpe-etizol-kraft","71":"product_tag-kjp-etizolam-online-forente-stater","72":"product_tag-kjp-etizolam-online-usa","73":"product_tag-kj-c3-b8p-etizolam-pulver-usa","74":"product_tag-kjp-etizolam-pulver-usa-med-kredittkort","75":"product_tag-kjpe-etizolam-pulver","76":"product_tag-kjpe-aniracetam-pulver","77":"product_tag-leie-etizol-pulver","78":"product_tag-etizolam-pulver-mling","79":"product_tag-pulver-i-ett-1-c3-b8sning","80":"product_tag-reddit-etizolam-leverandrer","81":"product_tag-vil-etizolam-pulver-opplses-i-olivenolje","83":"first","84":"instock","85":"shipping-taxable","86":"purchasable","87":"product-type-variable","88":"has-default-attributes"},"yoast_head":"<!-- This site is optimized with the Yoast SEO plugin v27.3 - https:\/\/yoast.com\/product\/yoast-seo-wordpress\/ -->\n<title>Kj\u00f8p Etizolam pulver - Etizolam pulver Europa - Beste globale medisiner<\/title>\n<meta name=\"description\" content=\"Kj\u00f8p Etizolam-pulver til salgs Storbritannia, EU, Europa\u00a0tilgjengelig til den laveste prisen. Etizolam-pulver brukes som medisin for \u00e5 behandle angst, s\u00f8vnl\u00f8shet og panikkanfall.\" \/>\n<meta name=\"robots\" content=\"index, follow, max-snippet:-1, max-image-preview:large, max-video-preview:-1\" \/>\n<link rel=\"canonical\" href=\"https:\/\/medicinasinc.com\/no\/product\/kjope-etizolam-pulver\/\" \/>\n<meta property=\"og:locale\" content=\"nn_NO\" \/>\n<meta property=\"og:type\" content=\"article\" \/>\n<meta property=\"og:title\" content=\"Kj\u00f8p Etizolam pulver - Etizolam pulver Europa - Beste globale medisiner\" \/>\n<meta property=\"og:description\" content=\"Kj\u00f8p Etizolam-pulver til salgs Storbritannia, EU, Europa\u00a0tilgjengelig til den laveste prisen. Etizolam-pulver brukes som medisin for \u00e5 behandle angst, s\u00f8vnl\u00f8shet og panikkanfall.\" \/>\n<meta property=\"og:url\" content=\"https:\/\/medicinasinc.com\/no\/product\/kjope-etizolam-pulver\/\" \/>\n<meta property=\"og:site_name\" content=\"Medicinas Inc\" \/>\n<meta property=\"article:modified_time\" content=\"2022-03-22T00:51:21+00:00\" \/>\n<meta property=\"og:image\" content=\"https:\/\/medicinasinc.com\/no\/wp-content\/uploads\/sites\/14\/2022\/02\/Buy_Etizolam_powder.jpg\" \/>\n\t<meta property=\"og:image:width\" content=\"500\" \/>\n\t<meta property=\"og:image:height\" content=\"500\" \/>\n\t<meta property=\"og:image:type\" content=\"image\/jpeg\" \/>\n<meta name=\"twitter:card\" content=\"summary_large_image\" \/>\n<meta name=\"twitter:label1\" content=\"Est. reading time\" \/>\n\t<meta name=\"twitter:data1\" content=\"3 minutt\" \/>\n<script type=\"application\/ld+json\" class=\"yoast-schema-graph\">{\"@context\":\"https:\\\/\\\/schema.org\",\"@graph\":[{\"@type\":\"WebPage\",\"@id\":\"https:\\\/\\\/medicinasinc.com\\\/no\\\/product\\\/kjope-etizolam-pulver\\\/\",\"url\":\"https:\\\/\\\/medicinasinc.com\\\/no\\\/product\\\/kjope-etizolam-pulver\\\/\",\"name\":\"Kj\u00f8p Etizolam pulver - Etizolam pulver Europa - Beste globale medisiner\",\"isPartOf\":{\"@id\":\"https:\\\/\\\/medicinasinc.com\\\/no\\\/#website\"},\"primaryImageOfPage\":{\"@id\":\"https:\\\/\\\/medicinasinc.com\\\/no\\\/product\\\/kjope-etizolam-pulver\\\/#primaryimage\"},\"image\":{\"@id\":\"https:\\\/\\\/medicinasinc.com\\\/no\\\/product\\\/kjope-etizolam-pulver\\\/#primaryimage\"},\"thumbnailUrl\":\"https:\\\/\\\/medicinasinc.com\\\/no\\\/wp-content\\\/uploads\\\/sites\\\/14\\\/2022\\\/02\\\/Buy_Etizolam_powder.jpg\",\"datePublished\":\"2022-02-22T00:36:43+00:00\",\"dateModified\":\"2022-03-22T00:51:21+00:00\",\"description\":\"Kj\u00f8p Etizolam-pulver til salgs Storbritannia, EU, Europa\u00a0tilgjengelig til den laveste prisen. Etizolam-pulver brukes som medisin for \u00e5 behandle angst, s\u00f8vnl\u00f8shet og panikkanfall.\",\"breadcrumb\":{\"@id\":\"https:\\\/\\\/medicinasinc.com\\\/no\\\/product\\\/kjope-etizolam-pulver\\\/#breadcrumb\"},\"inLanguage\":\"nn-NO\",\"potentialAction\":[{\"@type\":\"ReadAction\",\"target\":[\"https:\\\/\\\/medicinasinc.com\\\/no\\\/product\\\/kjope-etizolam-pulver\\\/\"]}]},{\"@type\":\"ImageObject\",\"inLanguage\":\"nn-NO\",\"@id\":\"https:\\\/\\\/medicinasinc.com\\\/no\\\/product\\\/kjope-etizolam-pulver\\\/#primaryimage\",\"url\":\"https:\\\/\\\/medicinasinc.com\\\/no\\\/wp-content\\\/uploads\\\/sites\\\/14\\\/2022\\\/02\\\/Buy_Etizolam_powder.jpg\",\"contentUrl\":\"https:\\\/\\\/medicinasinc.com\\\/no\\\/wp-content\\\/uploads\\\/sites\\\/14\\\/2022\\\/02\\\/Buy_Etizolam_powder.jpg\",\"width\":500,\"height\":500},{\"@type\":\"BreadcrumbList\",\"@id\":\"https:\\\/\\\/medicinasinc.com\\\/no\\\/product\\\/kjope-etizolam-pulver\\\/#breadcrumb\",\"itemListElement\":[{\"@type\":\"ListItem\",\"position\":1,\"name\":\"Butikk\",\"item\":\"https:\\\/\\\/medicinasinc.com\\\/no\\\/butikk\\\/\"},{\"@type\":\"ListItem\",\"position\":2,\"name\":\"Kj\u00f8p Etizolam pulver\"}]},{\"@type\":\"WebSite\",\"@id\":\"https:\\\/\\\/medicinasinc.com\\\/no\\\/#website\",\"url\":\"https:\\\/\\\/medicinasinc.com\\\/no\\\/\",\"name\":\"Medicinas Inc\",\"description\":\"Helsemedisinsk klinikk\",\"potentialAction\":[{\"@type\":\"SearchAction\",\"target\":{\"@type\":\"EntryPoint\",\"urlTemplate\":\"https:\\\/\\\/medicinasinc.com\\\/no\\\/?s={search_term_string}\"},\"query-input\":{\"@type\":\"PropertyValueSpecification\",\"valueRequired\":true,\"valueName\":\"search_term_string\"}}],\"inLanguage\":\"nn-NO\"}]}<\/script>\n<!-- \/ Yoast SEO plugin. -->","yoast_head_json":{"title":"Kj\u00f8p Etizolam pulver - Etizolam pulver Europa - Beste globale medisiner","description":"Kj\u00f8p Etizolam-pulver til salgs Storbritannia, EU, Europa\u00a0tilgjengelig til den laveste prisen. Etizolam-pulver brukes som medisin for \u00e5 behandle angst, s\u00f8vnl\u00f8shet og panikkanfall.","robots":{"index":"index","follow":"follow","max-snippet":"max-snippet:-1","max-image-preview":"max-image-preview:large","max-video-preview":"max-video-preview:-1"},"canonical":"https:\/\/medicinasinc.com\/no\/product\/kjope-etizolam-pulver\/","og_locale":"nn_NO","og_type":"article","og_title":"Kj\u00f8p Etizolam pulver - Etizolam pulver Europa - Beste globale medisiner","og_description":"Kj\u00f8p Etizolam-pulver til salgs Storbritannia, EU, Europa\u00a0tilgjengelig til den laveste prisen. Etizolam-pulver brukes som medisin for \u00e5 behandle angst, s\u00f8vnl\u00f8shet og panikkanfall.","og_url":"https:\/\/medicinasinc.com\/no\/product\/kjope-etizolam-pulver\/","og_site_name":"Medicinas Inc","article_modified_time":"2022-03-22T00:51:21+00:00","og_image":[{"width":500,"height":500,"url":"https:\/\/medicinasinc.com\/no\/wp-content\/uploads\/sites\/14\/2022\/02\/Buy_Etizolam_powder.jpg","type":"image\/jpeg"}],"twitter_card":"summary_large_image","twitter_misc":{"Est. reading time":"3 minutt"},"schema":{"@context":"https:\/\/schema.org","@graph":[{"@type":"WebPage","@id":"https:\/\/medicinasinc.com\/no\/product\/kjope-etizolam-pulver\/","url":"https:\/\/medicinasinc.com\/no\/product\/kjope-etizolam-pulver\/","name":"Kj\u00f8p Etizolam pulver - Etizolam pulver Europa - Beste globale medisiner","isPartOf":{"@id":"https:\/\/medicinasinc.com\/no\/#website"},"primaryImageOfPage":{"@id":"https:\/\/medicinasinc.com\/no\/product\/kjope-etizolam-pulver\/#primaryimage"},"image":{"@id":"https:\/\/medicinasinc.com\/no\/product\/kjope-etizolam-pulver\/#primaryimage"},"thumbnailUrl":"https:\/\/medicinasinc.com\/no\/wp-content\/uploads\/sites\/14\/2022\/02\/Buy_Etizolam_powder.jpg","datePublished":"2022-02-22T00:36:43+00:00","dateModified":"2022-03-22T00:51:21+00:00","description":"Kj\u00f8p Etizolam-pulver til salgs Storbritannia, EU, Europa\u00a0tilgjengelig til den laveste prisen. Etizolam-pulver brukes som medisin for \u00e5 behandle angst, s\u00f8vnl\u00f8shet og panikkanfall.","breadcrumb":{"@id":"https:\/\/medicinasinc.com\/no\/product\/kjope-etizolam-pulver\/#breadcrumb"},"inLanguage":"nn-NO","potentialAction":[{"@type":"ReadAction","target":["https:\/\/medicinasinc.com\/no\/product\/kjope-etizolam-pulver\/"]}]},{"@type":"ImageObject","inLanguage":"nn-NO","@id":"https:\/\/medicinasinc.com\/no\/product\/kjope-etizolam-pulver\/#primaryimage","url":"https:\/\/medicinasinc.com\/no\/wp-content\/uploads\/sites\/14\/2022\/02\/Buy_Etizolam_powder.jpg","contentUrl":"https:\/\/medicinasinc.com\/no\/wp-content\/uploads\/sites\/14\/2022\/02\/Buy_Etizolam_powder.jpg","width":500,"height":500},{"@type":"BreadcrumbList","@id":"https:\/\/medicinasinc.com\/no\/product\/kjope-etizolam-pulver\/#breadcrumb","itemListElement":[{"@type":"ListItem","position":1,"name":"Butikk","item":"https:\/\/medicinasinc.com\/no\/butikk\/"},{"@type":"ListItem","position":2,"name":"Kj\u00f8p Etizolam pulver"}]},{"@type":"WebSite","@id":"https:\/\/medicinasinc.com\/no\/#website","url":"https:\/\/medicinasinc.com\/no\/","name":"Medicinas Inc","description":"Helsemedisinsk klinikk","potentialAction":[{"@type":"SearchAction","target":{"@type":"EntryPoint","urlTemplate":"https:\/\/medicinasinc.com\/no\/?s={search_term_string}"},"query-input":{"@type":"PropertyValueSpecification","valueRequired":true,"valueName":"search_term_string"}}],"inLanguage":"nn-NO"}]}},"_links":{"self":[{"href":"https:\/\/medicinasinc.com\/no\/wp-json\/wp\/v2\/product\/5497","targetHints":{"allow":["GET"]}}],"collection":[{"href":"https:\/\/medicinasinc.com\/no\/wp-json\/wp\/v2\/product"}],"about":[{"href":"https:\/\/medicinasinc.com\/no\/wp-json\/wp\/v2\/types\/product"}],"replies":[{"embeddable":true,"href":"https:\/\/medicinasinc.com\/no\/wp-json\/wp\/v2\/comments?post=5497"}],"wp:featuredmedia":[{"embeddable":true,"href":"https:\/\/medicinasinc.com\/no\/wp-json\/wp\/v2\/media\/5509"}],"wp:attachment":[{"href":"https:\/\/medicinasinc.com\/no\/wp-json\/wp\/v2\/media?parent=5497"}],"wp:term":[{"taxonomy":"product_brand","embeddable":true,"href":"https:\/\/medicinasinc.com\/no\/wp-json\/wp\/v2\/product_brand?post=5497"},{"taxonomy":"product_cat","embeddable":true,"href":"https:\/\/medicinasinc.com\/no\/wp-json\/wp\/v2\/product_cat?post=5497"},{"taxonomy":"product_tag","embeddable":true,"href":"https:\/\/medicinasinc.com\/no\/wp-json\/wp\/v2\/product_tag?post=5497"}],"curies":[{"name":"wp","href":"https:\/\/api.w.org\/{rel}","templated":true}]}}