{"id":5496,"date":"2022-02-22T00:34:51","date_gmt":"2022-02-22T00:34:51","guid":{"rendered":"https:\/\/medicinasinc.com\/no\/?post_type=product&#038;p=5496"},"modified":"2022-03-22T00:51:30","modified_gmt":"2022-03-22T00:51:30","slug":"kjop-fentanyl-sitrat-injeksjon","status":"publish","type":"product","link":"https:\/\/medicinasinc.com\/no\/product\/kjop-fentanyl-sitrat-injeksjon\/","title":{"rendered":"Kj\u00f8p Fentanyl Citrate Injection"},"content":{"rendered":"<p>Den inneholder et fentanylsitrat tilsvarende en dose p\u00e5 50 mikrogram per milliliter.<\/p>\n<p>Fentanylcitrat, 100 mikrogram per 2 ml ampulle, er den aktive ingrediensen i hver ampulle.<\/p>\n<p> Omtrent 500 mikrogram fentanylsitrat er i hver 10 ml ampulle.<\/p>\n<p>Fentanylcitrat, 2500 mikrogram per hetteglass, er inneholdt i hvert hetteglass.<\/p>\n<p>&nbsp;<\/p>\n<p> F\u00f8lgende er i denne medisinen:<\/p>\n<p>\u2022 Hver 2 ml ampulle inneholder 7,1 mg (eller 0,31 mmol) natrium, noe som gj\u00f8r den praktisk talt &laquo;natriumfri.&raquo;<\/p>\n<p>Hver 10 ml ampulle inneholder 35,4 mg (eller 1,54 mmol) natrium, som tilsvarer 2 % av WHOs anbefalte maksimale daglige inntak for en voksen p\u00e5 2 g natrium.<\/p>\n<p>9 prosent av Verdens helseorganisasjons anbefalte maksimale daglige inntak p\u00e5 2 gram natrium for en voksen er funnet i et 50 ml hetteglass som inneholder 177 mg natrium.<\/p>\n<p>Opioidanalgetikum fentanyl brukes:<\/p>\n<p>&#8211; i beskjedne doser for korte kirurgiske inngrep for \u00e5 gi smertestillende<\/p>\n<p>i l\u00f8pet av livet -sparende behandling for pasienter som er avhengige av respiratorer<\/p>\n<p>som bruker nevroleptika som en del av nevroleptanalgesitiln\u00e6rmingen<\/p>\n<p>Hjerteinfarktets smertefulle symptomer kan lindres ved bruk av opioider<\/p>\n<p>Diskuter med pasienter behovet for en behandlingssluttstrategi med fentanyl f\u00f8r du starter opioidbehandling, for \u00e5 minimere risikoen for avhengighet og medikamentabstinenssyndrom (se pkt. 4.4).<\/p>\n<p>Intraven\u00f8s bolus eller infusjon administrering.<\/p>\n<p>Subkutan injeksjon.<\/p>\n<p>S\u00e5 lenge pasientens luftveier kan reguleres, b\u00f8r fentanyl kun administreres i et kontrollert milj\u00f8 (se pkt. 4.4 Spesielle advarsler og forsiktighetsregler for bruk). <\/p>\n<p>Det foresl\u00e5s at en kort intraven\u00f8s dose av et antikolinergika administreres rett f\u00f8r anestesiinduksjon for \u00e5 unng\u00e5 bradykardi.<\/p>\n<p>Det anbefales \u00e5 bruke hansker mens du \u00e5pner ampullen.<\/p>\n","protected":false},"excerpt":{"rendered":"<p>Kj\u00f8p Fentanyl Citrate Injection 50 mikrogram\/ml Injection for salg fra de beste forskningslaboratoriene i Storbritannia, Europa, Kina, EU. Diskret frakt p\u00e5 alle ordre %100 garanti, Bestill Fentanyl 50ml<\/p>\n<p>Kj\u00f8p 50 mikrogram\/ml Fentanyl Citrate Injection fra de ledende forskningslaboratoriene i Storbritannia, Europa, Kina og EU. Bestill Fentanyl 50mg med full tillit vel vitende om at pakken din kommer diskret.<\/p>\n<p>Injeksjon av Fentanyl 50 mikrogram\/ml.<br \/> Injeksjon av Fentanyl, 100 mikrogram i 2 milliliter v\u00e6ske<br \/> Injeksjon av Fentanyl 250 mikrogram\/ml.<br \/> Injeksjon av Fentanyl 500 mikrogram\/10ml<br \/> Injeksjon av Fentanyl 1000 mikrogram\/20ml<br \/> Injeksjon av Fentanyl 2500 mikrogram\/50 ml<\/p>\n<p>Den inneholder en fentanylcitrat tilsvarende en dose p\u00e5 50 mikrogram per milliliter.<\/p>\n<p>Fentanylcitrat, 100 mikrogram per 2 ml ampulle, er den aktive ingrediensen i hver ampulle.<\/p>\n<p>Omtrent 500 mikrogram fentanylcitrat er inneholdt i hver 10 ml ampulle.<\/p>\n<p>Fentanylcitrat, 2500 mikrogram per hetteglass, er inneholdt i hvert hetteglass.<\/p>\n","protected":false},"featured_media":5507,"comment_status":"open","ping_status":"closed","template":"","meta":[],"product_brand":[],"product_cat":[2014],"product_tag":[2893,2892,2868,2869,2870,2871,2876,2877,2878,2879,2880,2881,2882,2883,2885,2884,2886,2887,2889,2888,2890,2897,2895,2896,2891,2867,2872,2874,2873,2875,2894],"class_list":{"0":"post-5496","1":"product","2":"type-product","3":"status-publish","4":"has-post-thumbnail","6":"product_cat-kjpe-forskning-kjemikalier","7":"product_tag-bestille-fentanyl-sitrat-injeksjon-online","8":"product_tag-ordre-fentanyl-sitrat-injeksjon","9":"product_tag-buy-fentanyl-100-microgram-2ml-injection-online","10":"product_tag-buy-fentanyl-1000-microgram-20ml-injection","11":"product_tag-buy-fentanyl-1000-microgram-20ml-injection-online","12":"product_tag-buy-fentanyl-250-microgram-5ml-injection","13":"product_tag-buy-fentanyl-500-microgram-10ml-injection","14":"product_tag-buy-fentanyl-500-microgram-10ml-injection-online","15":"product_tag-buy-fentanyl-citrate-injection","16":"product_tag-buy-fentanyl-citrate-injection-online","17":"product_tag-fentanyl-100-mikrogram-2ml-injeksjon","18":"product_tag-fentanyl-1000-mikrogram-20ml-injeksjon","19":"product_tag-fentanyl-250-microgram-5ml-injection","20":"product_tag-fentanyl-2500-microgram-50ml-injection","21":"product_tag-fentanyl-50-micrograms-ml-injection","22":"product_tag-fentanyl-50-mikrogram-ml-injeksjon","23":"product_tag-fentanyl-50-mikrogram-ml-opplsning-til-injeksjon","24":"product_tag-fentanyl-500-mikrogram-10ml-injeksjon","25":"product_tag-fentanyl-sitrat-injeksjon-priser","26":"product_tag-fentanyl-sitrat-injeksjon","27":"product_tag-how-to-buy-fentanyl-citrate-injection-online","28":"product_tag-hvor-kan-bestilles-fentanyl-sitrat-injeksjon-online","29":"product_tag-hvor-kan-kjpes-fentanyl-citrat-injeksjon","30":"product_tag-hvor-kan-kjpes-fentanyl-sitrat-injeksjon-p-nettet","31":"product_tag-hvordan-bestille-fentanyl-sitrat-injeksjon-p-nettet","32":"product_tag-kjp-fentanyl-100-mikrogram-2ml-injeksjon","33":"product_tag-kjp-fentanyl-250-mikrogram-5ml-injeksjon-online","34":"product_tag-kjp-fentanyl-2500-mikrogram-50ml-injeksjon-online","35":"product_tag-kjp-fentanyl-2500-mikrogram-50ml-injeksjon","36":"product_tag-kjp-fentanyl-50-mikrogram-ml-injeksjon-online","37":"product_tag-priser-p-fentanyl-sitrat-injeksjon","39":"first","40":"instock","41":"shipping-taxable","42":"purchasable","43":"product-type-variable"},"yoast_head":"<!-- This site is optimized with the Yoast SEO plugin v27.3 - https:\/\/yoast.com\/product\/yoast-seo-wordpress\/ -->\n<title>Kj\u00f8p Fentanyl Citrate Injection - Beste beste globale medisiner<\/title>\n<meta name=\"description\" content=\"Kj\u00f8p Fentanyl Citrate Injection 50 mikrogram\/ml Injection for salg fra de beste forskningslaboratoriene i Storbritannia, Europa, Kina, EU. Diskret frakt p\u00e5 all ordre 0-garanti, Bestill Fentanyl 50ml\" \/>\n<meta name=\"robots\" content=\"index, follow, max-snippet:-1, max-image-preview:large, max-video-preview:-1\" \/>\n<link rel=\"canonical\" href=\"https:\/\/medicinasinc.com\/no\/product\/kjop-fentanyl-sitrat-injeksjon\/\" \/>\n<meta property=\"og:locale\" content=\"nn_NO\" \/>\n<meta property=\"og:type\" content=\"article\" \/>\n<meta property=\"og:title\" content=\"Kj\u00f8p Fentanyl Citrate Injection - Beste beste globale medisiner\" \/>\n<meta property=\"og:description\" content=\"Kj\u00f8p Fentanyl Citrate Injection 50 mikrogram\/ml Injection for salg fra de beste forskningslaboratoriene i Storbritannia, Europa, Kina, EU. Diskret frakt p\u00e5 all ordre 0-garanti, Bestill Fentanyl 50ml\" \/>\n<meta property=\"og:url\" content=\"https:\/\/medicinasinc.com\/no\/product\/kjop-fentanyl-sitrat-injeksjon\/\" \/>\n<meta property=\"og:site_name\" content=\"Medicinas Inc\" \/>\n<meta property=\"article:modified_time\" content=\"2022-03-22T00:51:30+00:00\" \/>\n<meta property=\"og:image\" content=\"https:\/\/medicinasinc.com\/no\/wp-content\/uploads\/sites\/14\/2022\/02\/Fentanyl-50-microgram.jpg\" \/>\n\t<meta property=\"og:image:width\" content=\"1996\" \/>\n\t<meta property=\"og:image:height\" content=\"1128\" \/>\n\t<meta property=\"og:image:type\" content=\"image\/jpeg\" \/>\n<meta name=\"twitter:card\" content=\"summary_large_image\" \/>\n<meta name=\"twitter:label1\" content=\"Est. reading time\" \/>\n\t<meta name=\"twitter:data1\" content=\"2 minutt\" \/>\n<script type=\"application\/ld+json\" class=\"yoast-schema-graph\">{\"@context\":\"https:\\\/\\\/schema.org\",\"@graph\":[{\"@type\":\"WebPage\",\"@id\":\"https:\\\/\\\/medicinasinc.com\\\/no\\\/product\\\/kjop-fentanyl-sitrat-injeksjon\\\/\",\"url\":\"https:\\\/\\\/medicinasinc.com\\\/no\\\/product\\\/kjop-fentanyl-sitrat-injeksjon\\\/\",\"name\":\"Kj\u00f8p Fentanyl Citrate Injection - Beste beste globale medisiner\",\"isPartOf\":{\"@id\":\"https:\\\/\\\/medicinasinc.com\\\/no\\\/#website\"},\"primaryImageOfPage\":{\"@id\":\"https:\\\/\\\/medicinasinc.com\\\/no\\\/product\\\/kjop-fentanyl-sitrat-injeksjon\\\/#primaryimage\"},\"image\":{\"@id\":\"https:\\\/\\\/medicinasinc.com\\\/no\\\/product\\\/kjop-fentanyl-sitrat-injeksjon\\\/#primaryimage\"},\"thumbnailUrl\":\"https:\\\/\\\/medicinasinc.com\\\/no\\\/wp-content\\\/uploads\\\/sites\\\/14\\\/2022\\\/02\\\/Fentanyl-50-microgram.jpg\",\"datePublished\":\"2022-02-22T00:34:51+00:00\",\"dateModified\":\"2022-03-22T00:51:30+00:00\",\"description\":\"Kj\u00f8p Fentanyl Citrate Injection 50 mikrogram\\\/ml Injection for salg fra de beste forskningslaboratoriene i Storbritannia, Europa, Kina, EU. Diskret frakt p\u00e5 all ordre 0-garanti, Bestill Fentanyl 50ml\",\"breadcrumb\":{\"@id\":\"https:\\\/\\\/medicinasinc.com\\\/no\\\/product\\\/kjop-fentanyl-sitrat-injeksjon\\\/#breadcrumb\"},\"inLanguage\":\"nn-NO\",\"potentialAction\":[{\"@type\":\"ReadAction\",\"target\":[\"https:\\\/\\\/medicinasinc.com\\\/no\\\/product\\\/kjop-fentanyl-sitrat-injeksjon\\\/\"]}]},{\"@type\":\"ImageObject\",\"inLanguage\":\"nn-NO\",\"@id\":\"https:\\\/\\\/medicinasinc.com\\\/no\\\/product\\\/kjop-fentanyl-sitrat-injeksjon\\\/#primaryimage\",\"url\":\"https:\\\/\\\/medicinasinc.com\\\/no\\\/wp-content\\\/uploads\\\/sites\\\/14\\\/2022\\\/02\\\/Fentanyl-50-microgram.jpg\",\"contentUrl\":\"https:\\\/\\\/medicinasinc.com\\\/no\\\/wp-content\\\/uploads\\\/sites\\\/14\\\/2022\\\/02\\\/Fentanyl-50-microgram.jpg\",\"width\":1996,\"height\":1128},{\"@type\":\"BreadcrumbList\",\"@id\":\"https:\\\/\\\/medicinasinc.com\\\/no\\\/product\\\/kjop-fentanyl-sitrat-injeksjon\\\/#breadcrumb\",\"itemListElement\":[{\"@type\":\"ListItem\",\"position\":1,\"name\":\"Butikk\",\"item\":\"https:\\\/\\\/medicinasinc.com\\\/no\\\/butikk\\\/\"},{\"@type\":\"ListItem\",\"position\":2,\"name\":\"Kj\u00f8p Fentanyl Citrate Injection\"}]},{\"@type\":\"WebSite\",\"@id\":\"https:\\\/\\\/medicinasinc.com\\\/no\\\/#website\",\"url\":\"https:\\\/\\\/medicinasinc.com\\\/no\\\/\",\"name\":\"Medicinas Inc\",\"description\":\"Helsemedisinsk klinikk\",\"potentialAction\":[{\"@type\":\"SearchAction\",\"target\":{\"@type\":\"EntryPoint\",\"urlTemplate\":\"https:\\\/\\\/medicinasinc.com\\\/no\\\/?s={search_term_string}\"},\"query-input\":{\"@type\":\"PropertyValueSpecification\",\"valueRequired\":true,\"valueName\":\"search_term_string\"}}],\"inLanguage\":\"nn-NO\"}]}<\/script>\n<!-- \/ Yoast SEO plugin. -->","yoast_head_json":{"title":"Kj\u00f8p Fentanyl Citrate Injection - Beste beste globale medisiner","description":"Kj\u00f8p Fentanyl Citrate Injection 50 mikrogram\/ml Injection for salg fra de beste forskningslaboratoriene i Storbritannia, Europa, Kina, EU. Diskret frakt p\u00e5 all ordre 0-garanti, Bestill Fentanyl 50ml","robots":{"index":"index","follow":"follow","max-snippet":"max-snippet:-1","max-image-preview":"max-image-preview:large","max-video-preview":"max-video-preview:-1"},"canonical":"https:\/\/medicinasinc.com\/no\/product\/kjop-fentanyl-sitrat-injeksjon\/","og_locale":"nn_NO","og_type":"article","og_title":"Kj\u00f8p Fentanyl Citrate Injection - Beste beste globale medisiner","og_description":"Kj\u00f8p Fentanyl Citrate Injection 50 mikrogram\/ml Injection for salg fra de beste forskningslaboratoriene i Storbritannia, Europa, Kina, EU. Diskret frakt p\u00e5 all ordre 0-garanti, Bestill Fentanyl 50ml","og_url":"https:\/\/medicinasinc.com\/no\/product\/kjop-fentanyl-sitrat-injeksjon\/","og_site_name":"Medicinas Inc","article_modified_time":"2022-03-22T00:51:30+00:00","og_image":[{"width":1996,"height":1128,"url":"https:\/\/medicinasinc.com\/no\/wp-content\/uploads\/sites\/14\/2022\/02\/Fentanyl-50-microgram.jpg","type":"image\/jpeg"}],"twitter_card":"summary_large_image","twitter_misc":{"Est. reading time":"2 minutt"},"schema":{"@context":"https:\/\/schema.org","@graph":[{"@type":"WebPage","@id":"https:\/\/medicinasinc.com\/no\/product\/kjop-fentanyl-sitrat-injeksjon\/","url":"https:\/\/medicinasinc.com\/no\/product\/kjop-fentanyl-sitrat-injeksjon\/","name":"Kj\u00f8p Fentanyl Citrate Injection - Beste beste globale medisiner","isPartOf":{"@id":"https:\/\/medicinasinc.com\/no\/#website"},"primaryImageOfPage":{"@id":"https:\/\/medicinasinc.com\/no\/product\/kjop-fentanyl-sitrat-injeksjon\/#primaryimage"},"image":{"@id":"https:\/\/medicinasinc.com\/no\/product\/kjop-fentanyl-sitrat-injeksjon\/#primaryimage"},"thumbnailUrl":"https:\/\/medicinasinc.com\/no\/wp-content\/uploads\/sites\/14\/2022\/02\/Fentanyl-50-microgram.jpg","datePublished":"2022-02-22T00:34:51+00:00","dateModified":"2022-03-22T00:51:30+00:00","description":"Kj\u00f8p Fentanyl Citrate Injection 50 mikrogram\/ml Injection for salg fra de beste forskningslaboratoriene i Storbritannia, Europa, Kina, EU. Diskret frakt p\u00e5 all ordre 0-garanti, Bestill Fentanyl 50ml","breadcrumb":{"@id":"https:\/\/medicinasinc.com\/no\/product\/kjop-fentanyl-sitrat-injeksjon\/#breadcrumb"},"inLanguage":"nn-NO","potentialAction":[{"@type":"ReadAction","target":["https:\/\/medicinasinc.com\/no\/product\/kjop-fentanyl-sitrat-injeksjon\/"]}]},{"@type":"ImageObject","inLanguage":"nn-NO","@id":"https:\/\/medicinasinc.com\/no\/product\/kjop-fentanyl-sitrat-injeksjon\/#primaryimage","url":"https:\/\/medicinasinc.com\/no\/wp-content\/uploads\/sites\/14\/2022\/02\/Fentanyl-50-microgram.jpg","contentUrl":"https:\/\/medicinasinc.com\/no\/wp-content\/uploads\/sites\/14\/2022\/02\/Fentanyl-50-microgram.jpg","width":1996,"height":1128},{"@type":"BreadcrumbList","@id":"https:\/\/medicinasinc.com\/no\/product\/kjop-fentanyl-sitrat-injeksjon\/#breadcrumb","itemListElement":[{"@type":"ListItem","position":1,"name":"Butikk","item":"https:\/\/medicinasinc.com\/no\/butikk\/"},{"@type":"ListItem","position":2,"name":"Kj\u00f8p Fentanyl Citrate Injection"}]},{"@type":"WebSite","@id":"https:\/\/medicinasinc.com\/no\/#website","url":"https:\/\/medicinasinc.com\/no\/","name":"Medicinas Inc","description":"Helsemedisinsk klinikk","potentialAction":[{"@type":"SearchAction","target":{"@type":"EntryPoint","urlTemplate":"https:\/\/medicinasinc.com\/no\/?s={search_term_string}"},"query-input":{"@type":"PropertyValueSpecification","valueRequired":true,"valueName":"search_term_string"}}],"inLanguage":"nn-NO"}]}},"_links":{"self":[{"href":"https:\/\/medicinasinc.com\/no\/wp-json\/wp\/v2\/product\/5496","targetHints":{"allow":["GET"]}}],"collection":[{"href":"https:\/\/medicinasinc.com\/no\/wp-json\/wp\/v2\/product"}],"about":[{"href":"https:\/\/medicinasinc.com\/no\/wp-json\/wp\/v2\/types\/product"}],"replies":[{"embeddable":true,"href":"https:\/\/medicinasinc.com\/no\/wp-json\/wp\/v2\/comments?post=5496"}],"wp:featuredmedia":[{"embeddable":true,"href":"https:\/\/medicinasinc.com\/no\/wp-json\/wp\/v2\/media\/5507"}],"wp:attachment":[{"href":"https:\/\/medicinasinc.com\/no\/wp-json\/wp\/v2\/media?parent=5496"}],"wp:term":[{"taxonomy":"product_brand","embeddable":true,"href":"https:\/\/medicinasinc.com\/no\/wp-json\/wp\/v2\/product_brand?post=5496"},{"taxonomy":"product_cat","embeddable":true,"href":"https:\/\/medicinasinc.com\/no\/wp-json\/wp\/v2\/product_cat?post=5496"},{"taxonomy":"product_tag","embeddable":true,"href":"https:\/\/medicinasinc.com\/no\/wp-json\/wp\/v2\/product_tag?post=5496"}],"curies":[{"name":"wp","href":"https:\/\/api.w.org\/{rel}","templated":true}]}}