{"id":5495,"date":"2022-02-22T00:33:03","date_gmt":"2022-02-22T00:33:03","guid":{"rendered":"https:\/\/medicinasinc.com\/no\/?post_type=product&#038;p=5495"},"modified":"2022-03-22T00:51:44","modified_gmt":"2022-03-22T00:51:44","slug":"kjope-fentanyl-pulver","status":"publish","type":"product","link":"https:\/\/medicinasinc.com\/no\/product\/kjope-fentanyl-pulver\/","title":{"rendered":"Kj\u00f8p fentanylpulver"},"content":{"rendered":"<p>Kj\u00f8p av fentanylpulver p\u00e5 nett<\/p>\n<p>Du kan f\u00e5 fentanylpulver til salgs hos oss til en god pris. F\u0435nt\u0430n\u0443l Powd\u0435r er tilgjengelig i h\u00f8y renhet. Det er en fantastisk avtale! De mest effektive medisinene rundt om i verden<\/p>\n<p>Hva er fentanylpulver?<\/p>\n<p>Fentanyl, ogs\u00e5 kjent som fentanil, er et opioid som brukes som smertestillende middel og i kombinasjon med andre medisiner for anestesi . For det meste varer effekten mindre enn en time eller to. Fentanyl er tilgjengelig i en rekke former, inkludert injeksjoner, hudplaster og oral absorpsjon. F\u0435nt\u0430n\u0443l er ogs\u00e5 noen ganger tilgjengelig som et pulver. Laboratorier bruker vanligvis pulveret.<\/p>\n<p>&nbsp;<\/p>\n<p>Kj\u00f8p Fentanyl-pulver online hos Beste globale medisiner<\/p>\n<p>Du lurer kanskje p\u00e5 hva et opioid er. Opioider er en klasse legemidler. Opioider er stoffer som interagerer med opioidreseptorer for \u00e5 produsere opiumlignende effekter. Vicodin, oxycontin, oxycodon og percocet faller alle inn i denne kategorien. Fentanyl er ogs\u00e5 inkludert i beroligende midler. Et beroligende middel er en type medisin eller stoff som brukes til \u00e5 roe sentralnervesystemet. Du kan si at fentanyl brukes til \u00e5 roe sentralnervesystemet. u-47700 Powder er ogs\u00e5 et godt dempende middel. Det beste stedet \u00e5 f\u00e5 Fentanyl er p\u00e5 nettet.<\/p>\n<p>Kvalme, forstoppelse, tretthet og forvirring er blant de vanligste bivirkningene. \u00c5 redusere pusteanstrengelsen (respirasjonsdepresjon), serotoneinsyndrom og lavt blodtrykk er alle mulige bivirkninger av stoffet. Ved \u00e5 aktivere -opioidreseptorene virker fentanyl delvis. For en gitt mengde er den 75 ganger sterkere enn morf. Noen fentanylanaloger kan v\u00e6re 10 000 ganger sterkere enn morfin. Fentanylpulver til salgs<\/p>\n","protected":false},"excerpt":{"rendered":"<p>Ved hjelp av nettstedet v\u00e5rt Bestglobalmeds.com kan du kj\u00f8pe FENTANYL POWDER for salg i Storbritannia og EU. Du vil finne den rimeligste FENTANYL her!<\/p>\n<p>Fentanyl i pulverform, blotterpapir og bulkproduksjon i Kina er noen av m\u00e5tene ikke-farmas\u00f8ytisk fentanyl selges p\u00e5.<\/p>\n<p>Fentanyl brukes til \u00e5 behandle smerter som ikke kan lindres med andre medisiner, for eksempel kroniske eller uutholdelige smerter. Dette stoffet er en narkotisk smertestillende medikament.<br \/> Vi sender diskret og gir en pengene-tilbake-garanti n\u00e5r du bestiller Fentanyl fra oss.<\/p>\n","protected":false},"featured_media":5505,"comment_status":"open","ping_status":"closed","template":"","meta":[],"product_brand":[],"product_cat":[2014],"product_tag":[2856,2857,2858,2859,2841,2846,2861,2849,2852,2853,2848,2854,2850,2851,2864,2862,2863,2865,2866,2855,2839,2840,2842,2844,2845,2843,2847,2860],"class_list":{"0":"post-5495","1":"product","2":"type-product","3":"status-publish","4":"has-post-thumbnail","6":"product_cat-kjpe-forskning-kjemikalier","7":"product_tag-bestille-fentanyl-pulver-nr-meg","8":"product_tag-bestille-fentanyl-pulver-p-nettet","9":"product_tag-bestill-rent-fentanyl-hcl-pulver-p-nettet","10":"product_tag-bestill-rent-fentanyl-pulver-p-nettet","11":"product_tag-buy-fentanyl-online","12":"product_tag-buy-fentanyl-powder-with-paypal","13":"product_tag-det-beste-stedet--kjpe-fentanyl-pulver-p-nettet","14":"product_tag-fentanyl-pulver-europa","15":"product_tag-fentanyl-powder-overnight","16":"product_tag-fentanyl-powder-reddit","17":"product_tag-fentanyl-pulver-effekt","18":"product_tag-fentanyl-pulver-frakt","19":"product_tag-fentanylpulver-til-salgs","20":"product_tag-fentanyl-pulver-til-salg-online","21":"product_tag-hvor-kan-kjpes-fentanyl-pulver-p-nettet","22":"product_tag-hvor-kan-jeg-kjpe-fentanyl-pulver-p-nettet","23":"product_tag-hvor-kan-kjpes-fentanyl-hcl-pulver-p-nettet","24":"product_tag-hvor-kan-kjpes-ren-fentanyl-hcl-pulver-p-nettet","25":"product_tag-hvor-kan-kjpes-rent-fentanyl-pulver-p-nettet","26":"product_tag-hvordan-kjpe-fentanyl-pulver-p-nettet","27":"product_tag-kjp-fentanyl-hcl-online","28":"product_tag-kjp-fentanyl-hcl-pulver-p-nettet","29":"product_tag-kjp-fentanyl-pulver-p-mrk-nett","30":"product_tag-kjp-fentanyl-pulver-sikker","31":"product_tag-kjp-fentanyl-pulver-usa","32":"product_tag-kjp-fentanyl-pulver-p-nettet","33":"product_tag-kjp-rent-fentanyl-pulver-p-nettet","34":"product_tag-purchase-fentanyl-powder-online","36":"first","37":"instock","38":"shipping-taxable","39":"purchasable","40":"product-type-variable","41":"has-default-attributes"},"yoast_head":"<!-- This site is optimized with the Yoast SEO plugin v27.3 - https:\/\/yoast.com\/product\/yoast-seo-wordpress\/ -->\n<title>Kj\u00f8p Fentanyl Powder Online - Beste beste globale medisiner<\/title>\n<meta name=\"description\" content=\"Kj\u00f8p FENTANYL POWDER til salgs Storbritannia, EU Europa i v\u00e5r Bestglobalmeds.com nettbutikk med rask levering over hele verden! Den beste FENTANYL for bestilling finner du her!\" \/>\n<meta name=\"robots\" content=\"index, follow, max-snippet:-1, max-image-preview:large, max-video-preview:-1\" \/>\n<link rel=\"canonical\" href=\"https:\/\/medicinasinc.com\/no\/product\/kjope-fentanyl-pulver\/\" \/>\n<meta property=\"og:locale\" content=\"nn_NO\" \/>\n<meta property=\"og:type\" content=\"article\" \/>\n<meta property=\"og:title\" content=\"Kj\u00f8p Fentanyl Powder Online - Beste beste globale medisiner\" \/>\n<meta property=\"og:description\" content=\"Kj\u00f8p FENTANYL POWDER til salgs Storbritannia, EU Europa i v\u00e5r Bestglobalmeds.com nettbutikk med rask levering over hele verden! Den beste FENTANYL for bestilling finner du her!\" \/>\n<meta property=\"og:url\" content=\"https:\/\/medicinasinc.com\/no\/product\/kjope-fentanyl-pulver\/\" \/>\n<meta property=\"og:site_name\" content=\"Medicinas Inc\" \/>\n<meta property=\"article:modified_time\" content=\"2022-03-22T00:51:44+00:00\" \/>\n<meta property=\"og:image\" content=\"https:\/\/medicinasinc.com\/no\/wp-content\/uploads\/sites\/14\/2022\/02\/Buy-Fentanyl-Powder-Online.jpg\" \/>\n\t<meta property=\"og:image:width\" content=\"768\" \/>\n\t<meta property=\"og:image:height\" content=\"768\" \/>\n\t<meta property=\"og:image:type\" content=\"image\/jpeg\" \/>\n<meta name=\"twitter:card\" content=\"summary_large_image\" \/>\n<meta name=\"twitter:label1\" content=\"Est. reading time\" \/>\n\t<meta name=\"twitter:data1\" content=\"2 minutt\" \/>\n<script type=\"application\/ld+json\" class=\"yoast-schema-graph\">{\"@context\":\"https:\\\/\\\/schema.org\",\"@graph\":[{\"@type\":\"WebPage\",\"@id\":\"https:\\\/\\\/medicinasinc.com\\\/no\\\/product\\\/kjope-fentanyl-pulver\\\/\",\"url\":\"https:\\\/\\\/medicinasinc.com\\\/no\\\/product\\\/kjope-fentanyl-pulver\\\/\",\"name\":\"Kj\u00f8p Fentanyl Powder Online - Beste beste globale medisiner\",\"isPartOf\":{\"@id\":\"https:\\\/\\\/medicinasinc.com\\\/no\\\/#website\"},\"primaryImageOfPage\":{\"@id\":\"https:\\\/\\\/medicinasinc.com\\\/no\\\/product\\\/kjope-fentanyl-pulver\\\/#primaryimage\"},\"image\":{\"@id\":\"https:\\\/\\\/medicinasinc.com\\\/no\\\/product\\\/kjope-fentanyl-pulver\\\/#primaryimage\"},\"thumbnailUrl\":\"https:\\\/\\\/medicinasinc.com\\\/no\\\/wp-content\\\/uploads\\\/sites\\\/14\\\/2022\\\/02\\\/Buy-Fentanyl-Powder-Online.jpg\",\"datePublished\":\"2022-02-22T00:33:03+00:00\",\"dateModified\":\"2022-03-22T00:51:44+00:00\",\"description\":\"Kj\u00f8p FENTANYL POWDER til salgs Storbritannia, EU Europa i v\u00e5r Bestglobalmeds.com nettbutikk med rask levering over hele verden! Den beste FENTANYL for bestilling finner du her!\",\"breadcrumb\":{\"@id\":\"https:\\\/\\\/medicinasinc.com\\\/no\\\/product\\\/kjope-fentanyl-pulver\\\/#breadcrumb\"},\"inLanguage\":\"nn-NO\",\"potentialAction\":[{\"@type\":\"ReadAction\",\"target\":[\"https:\\\/\\\/medicinasinc.com\\\/no\\\/product\\\/kjope-fentanyl-pulver\\\/\"]}]},{\"@type\":\"ImageObject\",\"inLanguage\":\"nn-NO\",\"@id\":\"https:\\\/\\\/medicinasinc.com\\\/no\\\/product\\\/kjope-fentanyl-pulver\\\/#primaryimage\",\"url\":\"https:\\\/\\\/medicinasinc.com\\\/no\\\/wp-content\\\/uploads\\\/sites\\\/14\\\/2022\\\/02\\\/Buy-Fentanyl-Powder-Online.jpg\",\"contentUrl\":\"https:\\\/\\\/medicinasinc.com\\\/no\\\/wp-content\\\/uploads\\\/sites\\\/14\\\/2022\\\/02\\\/Buy-Fentanyl-Powder-Online.jpg\",\"width\":768,\"height\":768},{\"@type\":\"BreadcrumbList\",\"@id\":\"https:\\\/\\\/medicinasinc.com\\\/no\\\/product\\\/kjope-fentanyl-pulver\\\/#breadcrumb\",\"itemListElement\":[{\"@type\":\"ListItem\",\"position\":1,\"name\":\"Butikk\",\"item\":\"https:\\\/\\\/medicinasinc.com\\\/no\\\/butikk\\\/\"},{\"@type\":\"ListItem\",\"position\":2,\"name\":\"Kj\u00f8p fentanylpulver\"}]},{\"@type\":\"WebSite\",\"@id\":\"https:\\\/\\\/medicinasinc.com\\\/no\\\/#website\",\"url\":\"https:\\\/\\\/medicinasinc.com\\\/no\\\/\",\"name\":\"Medicinas Inc\",\"description\":\"Helsemedisinsk klinikk\",\"potentialAction\":[{\"@type\":\"SearchAction\",\"target\":{\"@type\":\"EntryPoint\",\"urlTemplate\":\"https:\\\/\\\/medicinasinc.com\\\/no\\\/?s={search_term_string}\"},\"query-input\":{\"@type\":\"PropertyValueSpecification\",\"valueRequired\":true,\"valueName\":\"search_term_string\"}}],\"inLanguage\":\"nn-NO\"}]}<\/script>\n<!-- \/ Yoast SEO plugin. -->","yoast_head_json":{"title":"Kj\u00f8p Fentanyl Powder Online - Beste beste globale medisiner","description":"Kj\u00f8p FENTANYL POWDER til salgs Storbritannia, EU Europa i v\u00e5r Bestglobalmeds.com nettbutikk med rask levering over hele verden! Den beste FENTANYL for bestilling finner du her!","robots":{"index":"index","follow":"follow","max-snippet":"max-snippet:-1","max-image-preview":"max-image-preview:large","max-video-preview":"max-video-preview:-1"},"canonical":"https:\/\/medicinasinc.com\/no\/product\/kjope-fentanyl-pulver\/","og_locale":"nn_NO","og_type":"article","og_title":"Kj\u00f8p Fentanyl Powder Online - Beste beste globale medisiner","og_description":"Kj\u00f8p FENTANYL POWDER til salgs Storbritannia, EU Europa i v\u00e5r Bestglobalmeds.com nettbutikk med rask levering over hele verden! Den beste FENTANYL for bestilling finner du her!","og_url":"https:\/\/medicinasinc.com\/no\/product\/kjope-fentanyl-pulver\/","og_site_name":"Medicinas Inc","article_modified_time":"2022-03-22T00:51:44+00:00","og_image":[{"width":768,"height":768,"url":"https:\/\/medicinasinc.com\/no\/wp-content\/uploads\/sites\/14\/2022\/02\/Buy-Fentanyl-Powder-Online.jpg","type":"image\/jpeg"}],"twitter_card":"summary_large_image","twitter_misc":{"Est. reading time":"2 minutt"},"schema":{"@context":"https:\/\/schema.org","@graph":[{"@type":"WebPage","@id":"https:\/\/medicinasinc.com\/no\/product\/kjope-fentanyl-pulver\/","url":"https:\/\/medicinasinc.com\/no\/product\/kjope-fentanyl-pulver\/","name":"Kj\u00f8p Fentanyl Powder Online - Beste beste globale medisiner","isPartOf":{"@id":"https:\/\/medicinasinc.com\/no\/#website"},"primaryImageOfPage":{"@id":"https:\/\/medicinasinc.com\/no\/product\/kjope-fentanyl-pulver\/#primaryimage"},"image":{"@id":"https:\/\/medicinasinc.com\/no\/product\/kjope-fentanyl-pulver\/#primaryimage"},"thumbnailUrl":"https:\/\/medicinasinc.com\/no\/wp-content\/uploads\/sites\/14\/2022\/02\/Buy-Fentanyl-Powder-Online.jpg","datePublished":"2022-02-22T00:33:03+00:00","dateModified":"2022-03-22T00:51:44+00:00","description":"Kj\u00f8p FENTANYL POWDER til salgs Storbritannia, EU Europa i v\u00e5r Bestglobalmeds.com nettbutikk med rask levering over hele verden! Den beste FENTANYL for bestilling finner du her!","breadcrumb":{"@id":"https:\/\/medicinasinc.com\/no\/product\/kjope-fentanyl-pulver\/#breadcrumb"},"inLanguage":"nn-NO","potentialAction":[{"@type":"ReadAction","target":["https:\/\/medicinasinc.com\/no\/product\/kjope-fentanyl-pulver\/"]}]},{"@type":"ImageObject","inLanguage":"nn-NO","@id":"https:\/\/medicinasinc.com\/no\/product\/kjope-fentanyl-pulver\/#primaryimage","url":"https:\/\/medicinasinc.com\/no\/wp-content\/uploads\/sites\/14\/2022\/02\/Buy-Fentanyl-Powder-Online.jpg","contentUrl":"https:\/\/medicinasinc.com\/no\/wp-content\/uploads\/sites\/14\/2022\/02\/Buy-Fentanyl-Powder-Online.jpg","width":768,"height":768},{"@type":"BreadcrumbList","@id":"https:\/\/medicinasinc.com\/no\/product\/kjope-fentanyl-pulver\/#breadcrumb","itemListElement":[{"@type":"ListItem","position":1,"name":"Butikk","item":"https:\/\/medicinasinc.com\/no\/butikk\/"},{"@type":"ListItem","position":2,"name":"Kj\u00f8p fentanylpulver"}]},{"@type":"WebSite","@id":"https:\/\/medicinasinc.com\/no\/#website","url":"https:\/\/medicinasinc.com\/no\/","name":"Medicinas Inc","description":"Helsemedisinsk klinikk","potentialAction":[{"@type":"SearchAction","target":{"@type":"EntryPoint","urlTemplate":"https:\/\/medicinasinc.com\/no\/?s={search_term_string}"},"query-input":{"@type":"PropertyValueSpecification","valueRequired":true,"valueName":"search_term_string"}}],"inLanguage":"nn-NO"}]}},"_links":{"self":[{"href":"https:\/\/medicinasinc.com\/no\/wp-json\/wp\/v2\/product\/5495","targetHints":{"allow":["GET"]}}],"collection":[{"href":"https:\/\/medicinasinc.com\/no\/wp-json\/wp\/v2\/product"}],"about":[{"href":"https:\/\/medicinasinc.com\/no\/wp-json\/wp\/v2\/types\/product"}],"replies":[{"embeddable":true,"href":"https:\/\/medicinasinc.com\/no\/wp-json\/wp\/v2\/comments?post=5495"}],"wp:featuredmedia":[{"embeddable":true,"href":"https:\/\/medicinasinc.com\/no\/wp-json\/wp\/v2\/media\/5505"}],"wp:attachment":[{"href":"https:\/\/medicinasinc.com\/no\/wp-json\/wp\/v2\/media?parent=5495"}],"wp:term":[{"taxonomy":"product_brand","embeddable":true,"href":"https:\/\/medicinasinc.com\/no\/wp-json\/wp\/v2\/product_brand?post=5495"},{"taxonomy":"product_cat","embeddable":true,"href":"https:\/\/medicinasinc.com\/no\/wp-json\/wp\/v2\/product_cat?post=5495"},{"taxonomy":"product_tag","embeddable":true,"href":"https:\/\/medicinasinc.com\/no\/wp-json\/wp\/v2\/product_tag?post=5495"}],"curies":[{"name":"wp","href":"https:\/\/api.w.org\/{rel}","templated":true}]}}