{"id":5494,"date":"2022-02-22T00:31:52","date_gmt":"2022-02-22T00:31:52","guid":{"rendered":"https:\/\/medicinasinc.com\/no\/?post_type=product&#038;p=5494"},"modified":"2022-03-22T00:51:53","modified_gmt":"2022-03-22T00:51:53","slug":"kjop-diklazepam-2-mg-pellets","status":"publish","type":"product","link":"https:\/\/medicinasinc.com\/no\/product\/kjop-diklazepam-2-mg-pellets\/","title":{"rendered":"Kj\u00f8p Diklazepam 2 mg pellets"},"content":{"rendered":"<p><strong>HVOR KAN JEG F\u00c5 DICLAZEPAM 2MG PELLETS I EU?<\/strong><\/p>\n<p>2 mg Diclazepam I Europa finner du kanskje et anlegg som lagrer pellets. Bitcoin kan brukes til \u00e5 kj\u00f8pe 2mg Diclazepam Pellets p\u00e5 nettet.<\/p>\n<p>Et av de siste benzodiazepinene som er gjort tilgjengelig for utpr\u00f8ving er diclazepam, eller klorodiazepam. Dette stoffet er ogs\u00e5 diazepam og deklorazepams 1-metylhomolog. Dens fulle kjemiske navn er 7-klor-5-(2-klorofenyl)-1-metyl-1,3-dihydro-2H-1,4-benzodiazepin-2-on. Fordi dette molekylet er s\u00e5 nytt, er det mange muligheter for forskning.<\/p>\n<p>IUPAC-nomenklaturen for denne forbindelsen lyder som f\u00f8lger: 7,5-klor-5-(2-klorfenyl)-1-metyl-1 ,3-dihydro-2H-1,4-benzodiazepin-2-on<br \/> CAS-nummer: 2894-68-0 0<br \/> Synonymer: Benzodiazepinet klordiazepoksid (2&#8242;-klor-diazepoksid)<br \/> Dette er den kjemiske formelen for C16H12Cl2-N2O<br \/> 95,8 prosent av sin opprinnelige form.<br \/> Hvite pellets er den vanligste fargen.<\/p>\n<p>Det er enkelt \u00e5 kj\u00f8pe Diclazepam 2mg Pellets online med Bitcoin.<\/p>\n<p>Kostnaden for diklazepam 2mg pellets<\/p>\n","protected":false},"excerpt":{"rendered":"<p>Kj\u00f8p diklazepampellet, billig diklazepam 2mg pellet til salgs Storbritannia, Europa, kj\u00f8p h\u00f8ykvalitets diklazepam i Storbritannia levering over natten, diklazepampris.<\/p>\n<p>Kj\u00f8p diklazepam 2mg pellets med gratis frakt til EU. Europas st\u00f8rste forhandler av Diclazepam 2mg Pellets. 2mg Diclazepam Pellets kan kj\u00f8pes p\u00e5 nettet ved hjelp av Bitcoin.<\/p>\n<p>Diclazepam tilbys vanligvis online av &#8216;headshops&#8217; eller&#8217;forskningskjemikalie&#8217; leverand\u00f8rer i form av hvite, 1 mg pellets og, p\u00e5 en sjeldnere basis, lilla, 2 mg pellets.<\/p>\n<p>Kj\u00f8p Diclazepam 2 mg pellets p\u00e5 nett er en dagligdags betegnelse for 7-klor-5-1-metyl-1 ,3-dihydro-2H-1,4-benzodiazepin-2-on.<\/p>\n<p>Online kj\u00f8p av Diclazepam Pellets 2mg. Diklazepam (ogs\u00e5 kjent som klorodiazepam) er et syntetisk benzodiazepin-depressivt middel som, n\u00e5r det tas, viser sammenlignbare effekter som diazepam, inkludert angstundertrykkelse, desinhibering, krampestillende, hypnotisk, muskelavslappende og hukommelsestap. [2<\/p>\n","protected":false},"featured_media":5503,"comment_status":"open","ping_status":"closed","template":"","meta":[],"product_brand":[],"product_cat":[1117],"product_tag":[2836,2835,2838,2834,2837],"class_list":{"0":"post-5494","1":"product","2":"type-product","3":"status-publish","4":"has-post-thumbnail","6":"product_cat-kjop-smerte-sove-sexpiller","7":"product_tag-ordre-diklazepam-2-mg","8":"product_tag-diklazepam-2-mg","9":"product_tag-hvor-kan-kjpes-diklazepam-2-mg-pellets","10":"product_tag-kjp-diklazepam-2-mg-pellets","11":"product_tag-kvalitets-diklazepam-2-mg","13":"first","14":"instock","15":"shipping-taxable","16":"purchasable","17":"product-type-variable","18":"has-default-attributes"},"yoast_head":"<!-- This site is optimized with the Yoast SEO plugin v27.3 - https:\/\/yoast.com\/product\/yoast-seo-wordpress\/ -->\n<title>Kj\u00f8p Diclazepam 2 mg pellets - Diclazepam Til salgs - Beste globale medisiner<\/title>\n<meta name=\"description\" content=\"Kj\u00f8p diklazepampellet, billig diklazepam 2mg pellet til salgs Storbritannia, Europa, kj\u00f8p h\u00f8ykvalitets diklazepam i Storbritannia levering over natten, diklazepampris.\" \/>\n<meta name=\"robots\" content=\"index, follow, max-snippet:-1, max-image-preview:large, max-video-preview:-1\" \/>\n<link rel=\"canonical\" href=\"https:\/\/medicinasinc.com\/no\/product\/kjop-diklazepam-2-mg-pellets\/\" \/>\n<meta property=\"og:locale\" content=\"nn_NO\" \/>\n<meta property=\"og:type\" content=\"article\" \/>\n<meta property=\"og:title\" content=\"Kj\u00f8p Diclazepam 2 mg pellets - Diclazepam Til salgs - Beste globale medisiner\" \/>\n<meta property=\"og:description\" content=\"Kj\u00f8p diklazepampellet, billig diklazepam 2mg pellet til salgs Storbritannia, Europa, kj\u00f8p h\u00f8ykvalitets diklazepam i Storbritannia levering over natten, diklazepampris.\" \/>\n<meta property=\"og:url\" content=\"https:\/\/medicinasinc.com\/no\/product\/kjop-diklazepam-2-mg-pellets\/\" \/>\n<meta property=\"og:site_name\" content=\"Medicinas Inc\" \/>\n<meta property=\"article:modified_time\" content=\"2022-03-22T00:51:53+00:00\" \/>\n<meta property=\"og:image\" content=\"https:\/\/medicinasinc.com\/no\/wp-content\/uploads\/sites\/14\/2022\/02\/Buy-Diclazepam-Pellets-2mg.jpg\" \/>\n\t<meta property=\"og:image:width\" content=\"566\" \/>\n\t<meta property=\"og:image:height\" content=\"462\" \/>\n\t<meta property=\"og:image:type\" content=\"image\/jpeg\" \/>\n<meta name=\"twitter:card\" content=\"summary_large_image\" \/>\n<meta name=\"twitter:label1\" content=\"Est. reading time\" \/>\n\t<meta name=\"twitter:data1\" content=\"1 minutt\" \/>\n<script type=\"application\/ld+json\" class=\"yoast-schema-graph\">{\"@context\":\"https:\\\/\\\/schema.org\",\"@graph\":[{\"@type\":\"WebPage\",\"@id\":\"https:\\\/\\\/medicinasinc.com\\\/no\\\/product\\\/kjop-diklazepam-2-mg-pellets\\\/\",\"url\":\"https:\\\/\\\/medicinasinc.com\\\/no\\\/product\\\/kjop-diklazepam-2-mg-pellets\\\/\",\"name\":\"Kj\u00f8p Diclazepam 2 mg pellets - Diclazepam Til salgs - Beste globale medisiner\",\"isPartOf\":{\"@id\":\"https:\\\/\\\/medicinasinc.com\\\/no\\\/#website\"},\"primaryImageOfPage\":{\"@id\":\"https:\\\/\\\/medicinasinc.com\\\/no\\\/product\\\/kjop-diklazepam-2-mg-pellets\\\/#primaryimage\"},\"image\":{\"@id\":\"https:\\\/\\\/medicinasinc.com\\\/no\\\/product\\\/kjop-diklazepam-2-mg-pellets\\\/#primaryimage\"},\"thumbnailUrl\":\"https:\\\/\\\/medicinasinc.com\\\/no\\\/wp-content\\\/uploads\\\/sites\\\/14\\\/2022\\\/02\\\/Buy-Diclazepam-Pellets-2mg.jpg\",\"datePublished\":\"2022-02-22T00:31:52+00:00\",\"dateModified\":\"2022-03-22T00:51:53+00:00\",\"description\":\"Kj\u00f8p diklazepampellet, billig diklazepam 2mg pellet til salgs Storbritannia, Europa, kj\u00f8p h\u00f8ykvalitets diklazepam i Storbritannia levering over natten, diklazepampris.\",\"breadcrumb\":{\"@id\":\"https:\\\/\\\/medicinasinc.com\\\/no\\\/product\\\/kjop-diklazepam-2-mg-pellets\\\/#breadcrumb\"},\"inLanguage\":\"nn-NO\",\"potentialAction\":[{\"@type\":\"ReadAction\",\"target\":[\"https:\\\/\\\/medicinasinc.com\\\/no\\\/product\\\/kjop-diklazepam-2-mg-pellets\\\/\"]}]},{\"@type\":\"ImageObject\",\"inLanguage\":\"nn-NO\",\"@id\":\"https:\\\/\\\/medicinasinc.com\\\/no\\\/product\\\/kjop-diklazepam-2-mg-pellets\\\/#primaryimage\",\"url\":\"https:\\\/\\\/medicinasinc.com\\\/no\\\/wp-content\\\/uploads\\\/sites\\\/14\\\/2022\\\/02\\\/Buy-Diclazepam-Pellets-2mg.jpg\",\"contentUrl\":\"https:\\\/\\\/medicinasinc.com\\\/no\\\/wp-content\\\/uploads\\\/sites\\\/14\\\/2022\\\/02\\\/Buy-Diclazepam-Pellets-2mg.jpg\",\"width\":566,\"height\":462},{\"@type\":\"BreadcrumbList\",\"@id\":\"https:\\\/\\\/medicinasinc.com\\\/no\\\/product\\\/kjop-diklazepam-2-mg-pellets\\\/#breadcrumb\",\"itemListElement\":[{\"@type\":\"ListItem\",\"position\":1,\"name\":\"Butikk\",\"item\":\"https:\\\/\\\/medicinasinc.com\\\/no\\\/butikk\\\/\"},{\"@type\":\"ListItem\",\"position\":2,\"name\":\"Kj\u00f8p Diklazepam 2 mg pellets\"}]},{\"@type\":\"WebSite\",\"@id\":\"https:\\\/\\\/medicinasinc.com\\\/no\\\/#website\",\"url\":\"https:\\\/\\\/medicinasinc.com\\\/no\\\/\",\"name\":\"Medicinas Inc\",\"description\":\"Helsemedisinsk klinikk\",\"potentialAction\":[{\"@type\":\"SearchAction\",\"target\":{\"@type\":\"EntryPoint\",\"urlTemplate\":\"https:\\\/\\\/medicinasinc.com\\\/no\\\/?s={search_term_string}\"},\"query-input\":{\"@type\":\"PropertyValueSpecification\",\"valueRequired\":true,\"valueName\":\"search_term_string\"}}],\"inLanguage\":\"nn-NO\"}]}<\/script>\n<!-- \/ Yoast SEO plugin. -->","yoast_head_json":{"title":"Kj\u00f8p Diclazepam 2 mg pellets - Diclazepam Til salgs - Beste globale medisiner","description":"Kj\u00f8p diklazepampellet, billig diklazepam 2mg pellet til salgs Storbritannia, Europa, kj\u00f8p h\u00f8ykvalitets diklazepam i Storbritannia levering over natten, diklazepampris.","robots":{"index":"index","follow":"follow","max-snippet":"max-snippet:-1","max-image-preview":"max-image-preview:large","max-video-preview":"max-video-preview:-1"},"canonical":"https:\/\/medicinasinc.com\/no\/product\/kjop-diklazepam-2-mg-pellets\/","og_locale":"nn_NO","og_type":"article","og_title":"Kj\u00f8p Diclazepam 2 mg pellets - Diclazepam Til salgs - Beste globale medisiner","og_description":"Kj\u00f8p diklazepampellet, billig diklazepam 2mg pellet til salgs Storbritannia, Europa, kj\u00f8p h\u00f8ykvalitets diklazepam i Storbritannia levering over natten, diklazepampris.","og_url":"https:\/\/medicinasinc.com\/no\/product\/kjop-diklazepam-2-mg-pellets\/","og_site_name":"Medicinas Inc","article_modified_time":"2022-03-22T00:51:53+00:00","og_image":[{"width":566,"height":462,"url":"https:\/\/medicinasinc.com\/no\/wp-content\/uploads\/sites\/14\/2022\/02\/Buy-Diclazepam-Pellets-2mg.jpg","type":"image\/jpeg"}],"twitter_card":"summary_large_image","twitter_misc":{"Est. reading time":"1 minutt"},"schema":{"@context":"https:\/\/schema.org","@graph":[{"@type":"WebPage","@id":"https:\/\/medicinasinc.com\/no\/product\/kjop-diklazepam-2-mg-pellets\/","url":"https:\/\/medicinasinc.com\/no\/product\/kjop-diklazepam-2-mg-pellets\/","name":"Kj\u00f8p Diclazepam 2 mg pellets - Diclazepam Til salgs - Beste globale medisiner","isPartOf":{"@id":"https:\/\/medicinasinc.com\/no\/#website"},"primaryImageOfPage":{"@id":"https:\/\/medicinasinc.com\/no\/product\/kjop-diklazepam-2-mg-pellets\/#primaryimage"},"image":{"@id":"https:\/\/medicinasinc.com\/no\/product\/kjop-diklazepam-2-mg-pellets\/#primaryimage"},"thumbnailUrl":"https:\/\/medicinasinc.com\/no\/wp-content\/uploads\/sites\/14\/2022\/02\/Buy-Diclazepam-Pellets-2mg.jpg","datePublished":"2022-02-22T00:31:52+00:00","dateModified":"2022-03-22T00:51:53+00:00","description":"Kj\u00f8p diklazepampellet, billig diklazepam 2mg pellet til salgs Storbritannia, Europa, kj\u00f8p h\u00f8ykvalitets diklazepam i Storbritannia levering over natten, diklazepampris.","breadcrumb":{"@id":"https:\/\/medicinasinc.com\/no\/product\/kjop-diklazepam-2-mg-pellets\/#breadcrumb"},"inLanguage":"nn-NO","potentialAction":[{"@type":"ReadAction","target":["https:\/\/medicinasinc.com\/no\/product\/kjop-diklazepam-2-mg-pellets\/"]}]},{"@type":"ImageObject","inLanguage":"nn-NO","@id":"https:\/\/medicinasinc.com\/no\/product\/kjop-diklazepam-2-mg-pellets\/#primaryimage","url":"https:\/\/medicinasinc.com\/no\/wp-content\/uploads\/sites\/14\/2022\/02\/Buy-Diclazepam-Pellets-2mg.jpg","contentUrl":"https:\/\/medicinasinc.com\/no\/wp-content\/uploads\/sites\/14\/2022\/02\/Buy-Diclazepam-Pellets-2mg.jpg","width":566,"height":462},{"@type":"BreadcrumbList","@id":"https:\/\/medicinasinc.com\/no\/product\/kjop-diklazepam-2-mg-pellets\/#breadcrumb","itemListElement":[{"@type":"ListItem","position":1,"name":"Butikk","item":"https:\/\/medicinasinc.com\/no\/butikk\/"},{"@type":"ListItem","position":2,"name":"Kj\u00f8p Diklazepam 2 mg pellets"}]},{"@type":"WebSite","@id":"https:\/\/medicinasinc.com\/no\/#website","url":"https:\/\/medicinasinc.com\/no\/","name":"Medicinas Inc","description":"Helsemedisinsk klinikk","potentialAction":[{"@type":"SearchAction","target":{"@type":"EntryPoint","urlTemplate":"https:\/\/medicinasinc.com\/no\/?s={search_term_string}"},"query-input":{"@type":"PropertyValueSpecification","valueRequired":true,"valueName":"search_term_string"}}],"inLanguage":"nn-NO"}]}},"_links":{"self":[{"href":"https:\/\/medicinasinc.com\/no\/wp-json\/wp\/v2\/product\/5494","targetHints":{"allow":["GET"]}}],"collection":[{"href":"https:\/\/medicinasinc.com\/no\/wp-json\/wp\/v2\/product"}],"about":[{"href":"https:\/\/medicinasinc.com\/no\/wp-json\/wp\/v2\/types\/product"}],"replies":[{"embeddable":true,"href":"https:\/\/medicinasinc.com\/no\/wp-json\/wp\/v2\/comments?post=5494"}],"wp:featuredmedia":[{"embeddable":true,"href":"https:\/\/medicinasinc.com\/no\/wp-json\/wp\/v2\/media\/5503"}],"wp:attachment":[{"href":"https:\/\/medicinasinc.com\/no\/wp-json\/wp\/v2\/media?parent=5494"}],"wp:term":[{"taxonomy":"product_brand","embeddable":true,"href":"https:\/\/medicinasinc.com\/no\/wp-json\/wp\/v2\/product_brand?post=5494"},{"taxonomy":"product_cat","embeddable":true,"href":"https:\/\/medicinasinc.com\/no\/wp-json\/wp\/v2\/product_cat?post=5494"},{"taxonomy":"product_tag","embeddable":true,"href":"https:\/\/medicinasinc.com\/no\/wp-json\/wp\/v2\/product_tag?post=5494"}],"curies":[{"name":"wp","href":"https:\/\/api.w.org\/{rel}","templated":true}]}}