{"id":5471,"date":"2022-02-22T00:08:30","date_gmt":"2022-02-22T00:08:30","guid":{"rendered":"https:\/\/medicinasinc.com\/no\/?post_type=product&#038;p=5471"},"modified":"2022-03-22T00:52:02","modified_gmt":"2022-03-22T00:52:02","slug":"kjop-krystall-met-metamfetamin","status":"publish","type":"product","link":"https:\/\/medicinasinc.com\/no\/product\/kjop-krystall-met-metamfetamin\/","title":{"rendered":"Kj\u00f8p Crystal Meth (metamfetamin)"},"content":{"rendered":"<p><strong>Hvor kan man kj\u00f8pe Crystal Meth &#8211; Metamfetamin<\/strong><\/p>\n<p>Ville til \u00e5 kj\u00f8pe Crystal Meth, ofte kjent som edelstensmeth, er en sentralnervesystemets (CNS) sentralstimulerende medisin som har betydelig likheter med amfetamin, verdens nest mest popul\u00e6re klasse av ulovlige medisiner, bak maryjane.<br \/> Som med amfetamin, fremmer det \u00f8kt aktivitet, redusert appetitt og en generell f\u00f8lelse av velv\u00e6re.<\/p>\n<p>Der er noen f\u00e5 anerkjente farmas\u00f8ytiske bruksomr\u00e5der for Crystal Meth \u2013 Metamfetamin, inkludert behandling av narkolepsi, mangel p\u00e5 kapasitet til \u00e5 konsentrere seg regelmessig, og for forbig\u00e5ende bruk, som f.eks. likevel er disse medisinske bruksomr\u00e5dene begrenset.<\/p>\n<p>Crystal Meth, som kokain, kan r\u00f8ykes. Chemical Inc. selger Crystal Meth \u2013 Metamfetamin.<\/p>\n<p>Hvilke egenskaper har Crystal Meth \u2013 Metamfetamin?<\/p>\n<p>Metamfetamin brukes til \u00e5 behandle f\u00f8lgende tilstander:<\/p>\n<p>ADHDNarkolepsi<\/p>\n<p>Medisinske bruksomr\u00e5der er begrenset.<\/p>\n<p>Crystal Meth \u2013 Metamfetamin, som kokain, kan r\u00f8ykes.<\/p>\n<figure class=\"wp-caption alignleft\"><img loading=\"lazy\" decoding=\"async\" class=\" n3VNCb\" src=\"https:\/\/www.detoxplusuk.com\/wp-content\/uploads\/sites\/14\/2019\/01\/Crystal-meth-e1546508093797.png\" alt=\"Crystal Meth - Methamphetamine | chemical Inc\" width=\"600\" height=\"351\" data-iml=\"71374\" \/><figcaption class=\"wp-caption-text\">Kj\u00f8p Crystal Meth med Bitcoins<\/figcaption><\/figure>\n<h2><strong>Hva er egenskapene til metamfetamin?<\/strong><\/h2>\n<p><span class=\"tagify__tag-text\">Crystal Meth \u2013 Metamfetamin<\/span>\u00a0er for behandling av:<\/p>\n<ul>\n<li> ADHD narkolepsi<\/li>\n<li>Fedme Det for\u00e5rsaker s\u00e5ledes utvidet handling, redusert sult og generell f\u00f8lelse av velstand. P\u00e5 det tidspunktet n\u00e5r det brukes i overflod, har det en gradvis \u00f8deleggende innvirkning p\u00e5 det fokale sansesystemet.<\/li>\n<\/ul>\n<h2><\/h2>\n<h2><\/h2>\n<h2><strong>Hva er forholdsregler for\u00a0<\/strong>Crystal Meth<strong>?<\/strong><\/h2>\n<ul>\n<li>Hvis du tror du har vist seg \u00e5 v\u00e6re gravid mens du bruker stoffet, fortell legen din umiddelbart for \u00e5 opprettholde en strategisk avstand fra vanskeligheter.<\/li>\n<li>Hvis du opplever hjertesykdommer,<\/li>\n<\/ul>\n<h2><strong>Hva er bivirkningene av\u00a0<\/strong>Crystal Meth<strong>? <\/strong><\/h2>\n<p>Uvennlige effekter av metamfetamin inkluderer:<\/p>\n<ul>\n<li>En \u00f8kning i puls<\/li>\n<li>\u00d8kende kroppstemperatur<\/li>\n<li>En \u00f8kning i grad av avslapping<\/li>\n<li>Utvidede elever<\/li>\n<li>Sk\u00e6lv F\u00f8lelser av henrykkelse<\/li>\n<li>\u00d8kt angst<\/li>\n<li>Irritabilitet<\/li>\n<li>Paranoia<\/li>\n<li>Voldelig og flyktig oppf\u00f8rsel<\/li>\n<li>Midlertidig hyperaktivitet Se etter spesialist for terapeutisk vurdering.<\/li>\n<\/ul>\n<h2><strong>Hva skjer n hvis du g\u00e5r glipp av eller overdoser\u00a0<\/strong>Crystal Meth<strong>?<\/strong><\/h2>\n<p>\u00c5 skj\u00f8re en porsjon metamfetamin er alt annet enn en stor pr\u00f8velse, men du kan ta akkurat den tiden du husker det, b\u00f8r likevel avst\u00e5 fra \u00e5 ta todelte m\u00e5linger.<\/p>\n<p>&nbsp;<\/p>\n<p><span class=\"tagify__tag-text\">metamfetamin<\/span>\u00a0er foresl\u00e5tt \u00e5 beholde senteret, n\u00e5r det er overdosert, det kan rett og slett f\u00f8re til reelle medisinske tilstander, s\u00e5 det er det beste valget \u00e5 s\u00f8ke krisehjelp fra eksperter p\u00e5 velv\u00e6re. <span class=\"tagify__tag-text\"><a href=\"https:\/\/www.bestglobalmeds.com\/product\/research-chemicals\/buy-crystal-meth\/\">Bestill Crystal Meth<\/a>\u00a0\u2013 Metamfetamin p\u00e5 nettet<\/span>\u00a0hos Chemical Inc<\/p>\n<h2><strong>Hvordan oppbevares metamfetamin?<\/strong><\/h2>\n<p>I tillegg, der det ikke er lys og varme, oppbevar metamfetaminer der ved romtemperatur. Skyll heller ikke denne medisinen. Barna og kj\u00e6ledyrene dine m\u00e5 ikke koble sammen denne medisinen p\u00e5 noen m\u00e5te.<\/p>\n<h2><strong>Hvor kan du kj\u00f8pe\u00a0<\/strong>Crystal Meth\u00a0<strong>p\u00e5 nettet?<\/strong><\/h2>\n<p>Men, du kan kj\u00f8pe Crystal Meth \u2013 Metamfetamin p\u00e5 nett i den mest antatte nettbutikken \u2013 Chemical Inc.<\/p>\n<p>Kj\u00f8p Metamfetamin uten rettsmiddel, Metamfetaminer tilgjengelig for kj\u00f8p p\u00e5 nettet, best case scenario kostnad.<br \/> Kj\u00f8p de beste medisiner her p\u00e5 dette tidspunktet! <span class=\"tagify__tag-text\">Kj\u00f8p Crystal Meth Online<\/span><\/p>\n<h3><b>Meth-brukere b\u00f8r ikke vente med \u00e5 s\u00f8ke behandling<\/b><\/h3>\n<p>Mens mange fysiske symptomene kan reverseres med riktig behandling, de fremskredne aldringseffektene og tannr\u00e5te er vanskelig \u00e5 reversere, og skaden ofte permanent.<\/p>\n<p>I tillegg kan metamfetaminbruk for\u00e5rsake psykose, eller psykotisk atferd, der brukere mister kontakten med virkeligheten og opplever sterke vrangforestillinger, paranoia, hallusinasjoner og tvangsmessig atferd som hindrer dem i \u00e5 virkelig innse skaden de gj\u00f8r p\u00e5 seg selv.<\/p>\n<p>Det er viktig at den rusavhengige strekker seg ut og finner hjelp umiddelbart, eller lider av disse. fysiske og psykologiske effekter, og andre vanlige symptomer som \u00f8delagte forhold, \u00f8konomisk n\u00f8d og kriminelle anklager.<\/p>\n<p>Avhengighet ber\u00f8rer nesten alle familier, og \u00f8delegger fysisk og mental helse, forhold og personlig \u00f8konomi. M\u00f8dre, fedre, br\u00f8dre, s\u00f8stre, d\u00f8tre og s\u00f8nner.<\/p>\n<p>Ingen er immun mot den skremmende langsiktige virkningen av hardt rusmisbruk.<br \/> Det som f\u00f8lger er en n\u00f8ktern skildring av EKTE individer.<\/p>\n<p>Vi har blitt offer for fristelsen av narkotikabruk \u2013 i dette tilfellet metamfetamin \u2013 med dens \u00f8deleggende virkninger er altfor tydelige.<br \/> Hvis du eller en du er glad i lider av en metamfetaminavhengighet, eller Hvis du vil vite mer, kan du sjekke ut f\u00f8lgende nettsteder for \u00e5 f\u00e5 hjelp til \u00e5 f\u00e5 gjenopprettingshjelp.<\/p>\n","protected":false},"excerpt":{"rendered":"<div class=\"woocommerce-product-details__short-description\">\n<p>Kj\u00f8p Crystal Meth for salg Storbritannia, EU, Europa, USA, Kina for \u00e5 behandle kreft ved hjelp av bestglobalmeds.com. Det beste stedet hvor du kan kj\u00f8pe metamfetamin billig p\u00e5 nett.<\/p>\n<p>Kj\u00f8p billig Crystal Meth p\u00e5 nett Uten resept selger vi Crystal Meth online og sender globalt innen 24\/48 timer. Bestill n\u00e5.<\/p>\n<p>Begrepet &#8220;crystal meth&#8221; refererer til krystallmetamfetamin, et kraftig og sv\u00e6rt vanedannende sentralstimulerende middel som p\u00e5virker sentralnervesystemet.<\/p>\n<p>Du kan n\u00e5 kj\u00f8pe krystallmetam p\u00e5 nettet og f\u00e5 det levert dagen etter. Den mest aktuelle eller mest rene formen for krystallmetamfetamin er nesten ren. Den er luktfri og ikke-giftig.<\/p>\n<p>Meth\u0430m\u0440h\u0435t\u0430mn\u0435 Jeg er en tilb\u00f8yelig sentralnerv\u00f8s \u0443t\u0435m stimulans th\u0430t jeg m\u043et\u0443\u0435d \u0430 et r\u0435\u0441r\u0435\u0430t\u043en\u0430l \u0430nd \u0430n \u0501 \u0441\u043et\u0435nt \u0441\u0435ntral nerv\u00f8s \u0443t\u0435m stimulerende th\u0430t m\u043et\u0443\u0435d \u0430 et r\u0435\u0441r\u0435\u0430t\u043en\u0430l \u0430nd\u0430n \u0430n \u0501 \u0441\u043et\u0435m\u0430n\u0443 th\u0435m dag<\/b> oppover<\/p>\n","protected":false},"featured_media":5483,"comment_status":"open","ping_status":"closed","template":"","meta":[],"product_brand":[],"product_cat":[2014],"product_tag":[2830,2816,2802,2814,2806,2807,2808,2811,2812,2813,2809,2810,2815,2820,2829,2817,2818,2819,2823,2800,2801,2799,2803,2832,2821,2822,2824,2825,2804,2805,2826,2827,2828,2831,2833],"class_list":{"0":"post-5471","1":"product","2":"type-product","3":"status-publish","4":"has-post-thumbnail","6":"product_cat-kjpe-forskning-kjemikalier","7":"product_tag-rdr-rtl-mth-n-drknt","8":"product_tag-fr","9":"product_tag-chr-d1-96-d1-95t-d1-96n-d0-b0","10":"product_tag-ck","11":"product_tag-crystal-mth-australia","12":"product_tag-krystall-m-effekt","13":"product_tag-crystal-mth-europe","14":"product_tag-crystal-mth-reddit","15":"product_tag-crystal-mth-shipping","16":"product_tag-crystal-mth-uk","17":"product_tag-crystal-m-d0-b5th-til-salg","18":"product_tag-crystal-mth-germany","19":"product_tag-dunke","20":"product_tag-er","21":"product_tag-rdr-crystal-mth-n-tr","22":"product_tag-g-fort","23":"product_tag-go-go-ju","24":"product_tag-gk","25":"product_tag-n-dz","26":"product_tag-bu-crystal-mth-nln","27":"product_tag-bu-rtl-meth-on-deepweb","28":"product_tag-kjp-crystal-med-in-australiaale-nr-deg","29":"product_tag-chlk","30":"product_tag-rtl-mth-for-l-online","31":"product_tag-l-a-gl","32":"product_tag-meth","33":"product_tag-pk","34":"product_tag-rakettdrivstoff","35":"product_tag-sukkerspinn","36":"product_tag-sveiv","37":"product_tag-sb-snacks","38":"product_tag-tweek","39":"product_tag-i-d0-b0-d1-95t","40":"product_tag-rtl-meth-h","41":"product_tag-rtl-mth-vndr-n-usa","43":"first","44":"instock","45":"shipping-taxable","46":"purchasable","47":"product-type-variable","48":"has-default-attributes"},"yoast_head":"<!-- This site is optimized with the Yoast SEO plugin v27.3 - https:\/\/yoast.com\/product\/yoast-seo-wordpress\/ -->\n<title>Kj\u00f8p Crystal Meth (metamfetamin) - Beste beste globale medisiner<\/title>\n<meta name=\"description\" content=\"Kj\u00f8p Crystal Meth for salg Storbritannia, EU, Europa, USA, Kina for \u00e5 behandle kreft ved hjelp av bestglobalmeds.com. Det beste stedet hvor du kan kj\u00f8pe metamfetamin billig p\u00e5 nett.\" \/>\n<meta name=\"robots\" content=\"index, follow, max-snippet:-1, max-image-preview:large, max-video-preview:-1\" \/>\n<link rel=\"canonical\" href=\"https:\/\/medicinasinc.com\/no\/product\/kjop-krystall-met-metamfetamin\/\" \/>\n<meta property=\"og:locale\" content=\"nn_NO\" \/>\n<meta property=\"og:type\" content=\"article\" \/>\n<meta property=\"og:title\" content=\"Kj\u00f8p Crystal Meth (metamfetamin) - Beste beste globale medisiner\" \/>\n<meta property=\"og:description\" content=\"Kj\u00f8p Crystal Meth for salg Storbritannia, EU, Europa, USA, Kina for \u00e5 behandle kreft ved hjelp av bestglobalmeds.com. Det beste stedet hvor du kan kj\u00f8pe metamfetamin billig p\u00e5 nett.\" \/>\n<meta property=\"og:url\" content=\"https:\/\/medicinasinc.com\/no\/product\/kjop-krystall-met-metamfetamin\/\" \/>\n<meta property=\"og:site_name\" content=\"Medicinas Inc\" \/>\n<meta property=\"article:modified_time\" content=\"2022-03-22T00:52:02+00:00\" \/>\n<meta property=\"og:image\" content=\"https:\/\/medicinasinc.com\/no\/wp-content\/uploads\/sites\/14\/2022\/02\/Buy-Crystal-Meth.jpg\" \/>\n\t<meta property=\"og:image:width\" content=\"1024\" \/>\n\t<meta property=\"og:image:height\" content=\"768\" \/>\n\t<meta property=\"og:image:type\" content=\"image\/jpeg\" \/>\n<meta name=\"twitter:card\" content=\"summary_large_image\" \/>\n<meta name=\"twitter:label1\" content=\"Est. reading time\" \/>\n\t<meta name=\"twitter:data1\" content=\"3 minutt\" \/>\n<script type=\"application\/ld+json\" class=\"yoast-schema-graph\">{\"@context\":\"https:\\\/\\\/schema.org\",\"@graph\":[{\"@type\":\"WebPage\",\"@id\":\"https:\\\/\\\/medicinasinc.com\\\/no\\\/product\\\/kjop-krystall-met-metamfetamin\\\/\",\"url\":\"https:\\\/\\\/medicinasinc.com\\\/no\\\/product\\\/kjop-krystall-met-metamfetamin\\\/\",\"name\":\"Kj\u00f8p Crystal Meth (metamfetamin) - Beste beste globale medisiner\",\"isPartOf\":{\"@id\":\"https:\\\/\\\/medicinasinc.com\\\/no\\\/#website\"},\"primaryImageOfPage\":{\"@id\":\"https:\\\/\\\/medicinasinc.com\\\/no\\\/product\\\/kjop-krystall-met-metamfetamin\\\/#primaryimage\"},\"image\":{\"@id\":\"https:\\\/\\\/medicinasinc.com\\\/no\\\/product\\\/kjop-krystall-met-metamfetamin\\\/#primaryimage\"},\"thumbnailUrl\":\"https:\\\/\\\/medicinasinc.com\\\/no\\\/wp-content\\\/uploads\\\/sites\\\/14\\\/2022\\\/02\\\/Buy-Crystal-Meth.jpg\",\"datePublished\":\"2022-02-22T00:08:30+00:00\",\"dateModified\":\"2022-03-22T00:52:02+00:00\",\"description\":\"Kj\u00f8p Crystal Meth for salg Storbritannia, EU, Europa, USA, Kina for \u00e5 behandle kreft ved hjelp av bestglobalmeds.com. Det beste stedet hvor du kan kj\u00f8pe metamfetamin billig p\u00e5 nett.\",\"breadcrumb\":{\"@id\":\"https:\\\/\\\/medicinasinc.com\\\/no\\\/product\\\/kjop-krystall-met-metamfetamin\\\/#breadcrumb\"},\"inLanguage\":\"nn-NO\",\"potentialAction\":[{\"@type\":\"ReadAction\",\"target\":[\"https:\\\/\\\/medicinasinc.com\\\/no\\\/product\\\/kjop-krystall-met-metamfetamin\\\/\"]}]},{\"@type\":\"ImageObject\",\"inLanguage\":\"nn-NO\",\"@id\":\"https:\\\/\\\/medicinasinc.com\\\/no\\\/product\\\/kjop-krystall-met-metamfetamin\\\/#primaryimage\",\"url\":\"https:\\\/\\\/medicinasinc.com\\\/no\\\/wp-content\\\/uploads\\\/sites\\\/14\\\/2022\\\/02\\\/Buy-Crystal-Meth.jpg\",\"contentUrl\":\"https:\\\/\\\/medicinasinc.com\\\/no\\\/wp-content\\\/uploads\\\/sites\\\/14\\\/2022\\\/02\\\/Buy-Crystal-Meth.jpg\",\"width\":1024,\"height\":768},{\"@type\":\"BreadcrumbList\",\"@id\":\"https:\\\/\\\/medicinasinc.com\\\/no\\\/product\\\/kjop-krystall-met-metamfetamin\\\/#breadcrumb\",\"itemListElement\":[{\"@type\":\"ListItem\",\"position\":1,\"name\":\"Butikk\",\"item\":\"https:\\\/\\\/medicinasinc.com\\\/no\\\/butikk\\\/\"},{\"@type\":\"ListItem\",\"position\":2,\"name\":\"Kj\u00f8p Crystal Meth (metamfetamin)\"}]},{\"@type\":\"WebSite\",\"@id\":\"https:\\\/\\\/medicinasinc.com\\\/no\\\/#website\",\"url\":\"https:\\\/\\\/medicinasinc.com\\\/no\\\/\",\"name\":\"Medicinas Inc\",\"description\":\"Helsemedisinsk klinikk\",\"potentialAction\":[{\"@type\":\"SearchAction\",\"target\":{\"@type\":\"EntryPoint\",\"urlTemplate\":\"https:\\\/\\\/medicinasinc.com\\\/no\\\/?s={search_term_string}\"},\"query-input\":{\"@type\":\"PropertyValueSpecification\",\"valueRequired\":true,\"valueName\":\"search_term_string\"}}],\"inLanguage\":\"nn-NO\"}]}<\/script>\n<!-- \/ Yoast SEO plugin. -->","yoast_head_json":{"title":"Kj\u00f8p Crystal Meth (metamfetamin) - Beste beste globale medisiner","description":"Kj\u00f8p Crystal Meth for salg Storbritannia, EU, Europa, USA, Kina for \u00e5 behandle kreft ved hjelp av bestglobalmeds.com. Det beste stedet hvor du kan kj\u00f8pe metamfetamin billig p\u00e5 nett.","robots":{"index":"index","follow":"follow","max-snippet":"max-snippet:-1","max-image-preview":"max-image-preview:large","max-video-preview":"max-video-preview:-1"},"canonical":"https:\/\/medicinasinc.com\/no\/product\/kjop-krystall-met-metamfetamin\/","og_locale":"nn_NO","og_type":"article","og_title":"Kj\u00f8p Crystal Meth (metamfetamin) - Beste beste globale medisiner","og_description":"Kj\u00f8p Crystal Meth for salg Storbritannia, EU, Europa, USA, Kina for \u00e5 behandle kreft ved hjelp av bestglobalmeds.com. Det beste stedet hvor du kan kj\u00f8pe metamfetamin billig p\u00e5 nett.","og_url":"https:\/\/medicinasinc.com\/no\/product\/kjop-krystall-met-metamfetamin\/","og_site_name":"Medicinas Inc","article_modified_time":"2022-03-22T00:52:02+00:00","og_image":[{"width":1024,"height":768,"url":"https:\/\/medicinasinc.com\/no\/wp-content\/uploads\/sites\/14\/2022\/02\/Buy-Crystal-Meth.jpg","type":"image\/jpeg"}],"twitter_card":"summary_large_image","twitter_misc":{"Est. reading time":"3 minutt"},"schema":{"@context":"https:\/\/schema.org","@graph":[{"@type":"WebPage","@id":"https:\/\/medicinasinc.com\/no\/product\/kjop-krystall-met-metamfetamin\/","url":"https:\/\/medicinasinc.com\/no\/product\/kjop-krystall-met-metamfetamin\/","name":"Kj\u00f8p Crystal Meth (metamfetamin) - Beste beste globale medisiner","isPartOf":{"@id":"https:\/\/medicinasinc.com\/no\/#website"},"primaryImageOfPage":{"@id":"https:\/\/medicinasinc.com\/no\/product\/kjop-krystall-met-metamfetamin\/#primaryimage"},"image":{"@id":"https:\/\/medicinasinc.com\/no\/product\/kjop-krystall-met-metamfetamin\/#primaryimage"},"thumbnailUrl":"https:\/\/medicinasinc.com\/no\/wp-content\/uploads\/sites\/14\/2022\/02\/Buy-Crystal-Meth.jpg","datePublished":"2022-02-22T00:08:30+00:00","dateModified":"2022-03-22T00:52:02+00:00","description":"Kj\u00f8p Crystal Meth for salg Storbritannia, EU, Europa, USA, Kina for \u00e5 behandle kreft ved hjelp av bestglobalmeds.com. Det beste stedet hvor du kan kj\u00f8pe metamfetamin billig p\u00e5 nett.","breadcrumb":{"@id":"https:\/\/medicinasinc.com\/no\/product\/kjop-krystall-met-metamfetamin\/#breadcrumb"},"inLanguage":"nn-NO","potentialAction":[{"@type":"ReadAction","target":["https:\/\/medicinasinc.com\/no\/product\/kjop-krystall-met-metamfetamin\/"]}]},{"@type":"ImageObject","inLanguage":"nn-NO","@id":"https:\/\/medicinasinc.com\/no\/product\/kjop-krystall-met-metamfetamin\/#primaryimage","url":"https:\/\/medicinasinc.com\/no\/wp-content\/uploads\/sites\/14\/2022\/02\/Buy-Crystal-Meth.jpg","contentUrl":"https:\/\/medicinasinc.com\/no\/wp-content\/uploads\/sites\/14\/2022\/02\/Buy-Crystal-Meth.jpg","width":1024,"height":768},{"@type":"BreadcrumbList","@id":"https:\/\/medicinasinc.com\/no\/product\/kjop-krystall-met-metamfetamin\/#breadcrumb","itemListElement":[{"@type":"ListItem","position":1,"name":"Butikk","item":"https:\/\/medicinasinc.com\/no\/butikk\/"},{"@type":"ListItem","position":2,"name":"Kj\u00f8p Crystal Meth (metamfetamin)"}]},{"@type":"WebSite","@id":"https:\/\/medicinasinc.com\/no\/#website","url":"https:\/\/medicinasinc.com\/no\/","name":"Medicinas Inc","description":"Helsemedisinsk klinikk","potentialAction":[{"@type":"SearchAction","target":{"@type":"EntryPoint","urlTemplate":"https:\/\/medicinasinc.com\/no\/?s={search_term_string}"},"query-input":{"@type":"PropertyValueSpecification","valueRequired":true,"valueName":"search_term_string"}}],"inLanguage":"nn-NO"}]}},"_links":{"self":[{"href":"https:\/\/medicinasinc.com\/no\/wp-json\/wp\/v2\/product\/5471","targetHints":{"allow":["GET"]}}],"collection":[{"href":"https:\/\/medicinasinc.com\/no\/wp-json\/wp\/v2\/product"}],"about":[{"href":"https:\/\/medicinasinc.com\/no\/wp-json\/wp\/v2\/types\/product"}],"replies":[{"embeddable":true,"href":"https:\/\/medicinasinc.com\/no\/wp-json\/wp\/v2\/comments?post=5471"}],"wp:featuredmedia":[{"embeddable":true,"href":"https:\/\/medicinasinc.com\/no\/wp-json\/wp\/v2\/media\/5483"}],"wp:attachment":[{"href":"https:\/\/medicinasinc.com\/no\/wp-json\/wp\/v2\/media?parent=5471"}],"wp:term":[{"taxonomy":"product_brand","embeddable":true,"href":"https:\/\/medicinasinc.com\/no\/wp-json\/wp\/v2\/product_brand?post=5471"},{"taxonomy":"product_cat","embeddable":true,"href":"https:\/\/medicinasinc.com\/no\/wp-json\/wp\/v2\/product_cat?post=5471"},{"taxonomy":"product_tag","embeddable":true,"href":"https:\/\/medicinasinc.com\/no\/wp-json\/wp\/v2\/product_tag?post=5471"}],"curies":[{"name":"wp","href":"https:\/\/api.w.org\/{rel}","templated":true}]}}