{"id":5470,"date":"2022-02-22T00:06:57","date_gmt":"2022-02-22T00:06:57","guid":{"rendered":"https:\/\/medicinasinc.com\/no\/?post_type=product&#038;p=5470"},"modified":"2022-03-22T00:52:11","modified_gmt":"2022-03-22T00:52:11","slug":"kjop-th-pvp-krystall","status":"publish","type":"product","link":"https:\/\/medicinasinc.com\/no\/product\/kjop-th-pvp-krystall\/","title":{"rendered":"Kj\u00f8p TH-PVP Crystal"},"content":{"rendered":"<p>Kj\u00f8p TH-PVP-krystall med rabatt p\u00e5 nettet.<\/p>\n<p>Kj\u00f8p TH-PVP-krystall med rabatt p\u00e5 nettet.<\/p>\n<p>Kj\u00f8p TH-PVP p\u00e5 nettet fra verdens mest anerkjente kontortransportselskap .<\/p>\n<p>TH-PVP, i likhet med PVP, er et energiapparat. Lite er kjent om dette kjemikaliet i denne forbindelse, noe som skaper en enorm mulighet for forskning.<\/p>\n<p>Vi er den beste leverand\u00f8ren av TH-PVP i Kina og er allment ansett som den beste TH-PVP Reddit-forhandleren. Hvis du leter etter en legitim TH-PVP-kuppselger, g\u00e5 ikke lenger enn oss.<\/p>\n<p>KJ\u00d8P TH-PVP P\u00c5 NETT FRA V\u00c5R BUTIKK<\/p>\n<p>Hvis du ser etter en TH -PVP-butikk p\u00e5 nettet som lar deg trygt kj\u00f8pe en TH-PVP-perle, Classicarabians er det beste alternativet. Vi har en rekke forskjellige syntetiske stoffer for forskningsform\u00e5l tilgjengelig, sammen med TH-PVP og andre TH-PVP-ekvivalenter. Teknikken v\u00e5r er ganske klar og ukomplisert for \u00e5 bruke den avanserte oppf\u00f8ringen for \u00e5 f\u00e5 TH-PVP-edelstener billig p\u00e5 nettet fra produsenter og leverand\u00f8rer i Kina.<\/p>\n<p>Hvis du bor i USA, Canada, Storbritannia, Australia, eller Europa og trenger en vare snarest, tilbyr vi verdensomspennende frakt. Uansett oppfordrer vi deg til \u00e5 gj\u00f8re deg kjent med bruken og symptomene til TH-PVP f\u00f8r du ber om. I tillegg b\u00f8r du v\u00e6re klar over visse reelle konsekvenser forbundet med \u00e5 kj\u00f8pe TH-PVP-edelstener online uten en kur i staten din. Classicarabians er den st\u00f8rste selgeren av TH-PVP p\u00e5 nett, noe som lar deg supplere din logiske unders\u00f8kelse med det lettest tilgjengelige stoffmaterialet. Uansett oppfordrer vi deg til \u00e5 gj\u00f8re deg kjent med bruken og symptomene til TH-PVP f\u00f8r du ber om. I tillegg b\u00f8r du v\u00e6re klar over visse reelle konsekvenser forbundet med \u00e5 kj\u00f8pe TH-PVP-edelstener online uten en kur i din delstat.<\/p>\n<p>Vi tilbyr den st\u00f8rste mengden og kvaliteten p\u00e5 ting. Gj\u00f8r en innsats for ikke \u00e5 sl\u00f8se bort tiden din. Send inn foresp\u00f8rselen din n\u00e5 og varen vil bli levert hjem til deg. I tillegg har vi d\u00f8dsstjernevoks.<\/p>\n","protected":false},"excerpt":{"rendered":"<div class=\"woocommerce-product-details__short-description\">\n<div class=\"char\">SPESIFIKASJON<\/div>\n<div class=\"specification\">\n<div class=\"sprow\"><span class=\"spname\">Produktnavn:<\/span><span class=\"sptext\">TH-PVP<\/span><\/div>\n<div class=\"sprow\"><span class=\"spname\">IUPAC-navn:<\/span> <span class=\"sptext\">2-(pyrrolidin-1-yl)-1-(5,6,7,8-tetrahydronaftalen-2-yl)pentan-1-on<\/span><\/div>\n<div class=\"sprow\"><span class=\"spname\">Andre navn:<\/span><span class=\"sptext\">TH-\u03b1-PVP<\/span><\/div>\n<div class=\"sprow\"> <span class=\"spname\">Cas Number:<\/span><span class=\"sptext\">583123-2-1<\/span><\/div>\n<div class=\"sprow\"><span class=\"spname \">Molekyl\u00e6r formel:<\/span><span class=\"sptext\">C19H27NO<\/span><\/div>\n<div class=\"sprow\"><span class=\"spname\">Effekt:<\/span><span class=\"sptext\">stimulerende, psykedelisk<\/span><\/div>\n<div class=\"sprow\"><span class=\"spname\">Renhet av stoffet:<\/span><span class=\"sptext\"> 99,9 %<\/span><\/div>\n<div class=\"sprow\"><\/div>\n<\/p><\/div>\n<p><em>Kj\u00f8p<\/em>\u00a0h\u00f8ykvalitets\u00a0<em>TH pvp p\u00e5 linje<\/em>\u00a0til engrospriser Kina\u00a0<em>TH pvp<\/em>\u00a0leverand\u00f8r. &#8230; hvor du kan\u00a0<em>kj\u00f8pe<\/em>\u00a0th-pvp\u00a0<em>crystal online billig<\/em>\u00a0til engros\u00a0<em>priser<\/em><\/p>\n<p><em>Kj\u00f8p TH<\/em> &#8211;<em>PVP<\/em>\u00a0Rock\u00a0<em>Crystal<\/em> fra Approved Drug Supplies for best pris p\u00e5 Bestglobalmeds.com<\/p>\n<p>Kj\u00f8p TH-PVP Crystal til den laveste prisen p\u00e5 nettet. Verdensomspennende frakt er garantert trygg og sikker hos oss. th-pvp\u00a0anmeldelse<\/p>\n<p>Hvor kan jeg kj\u00f8pe rimelige TH-PVP-krystaller?<\/p>\n<p>Krystaller til salgs | Kj\u00f8p TH-PVP Crystal online | Kj\u00f8p TH-PVP Krystallpulver til salgs | Kj\u00f8p billig TH-PVP Krystallpulver | Hvor kan du kj\u00f8pe TH-PVP Krystallpulver online | Ekte TH-PVP Crystal online.<\/p>\n<\/p><\/div>\n","protected":false},"featured_media":5481,"comment_status":"open","ping_status":"closed","template":"","meta":[],"product_brand":[],"product_cat":[2014],"product_tag":[2783,2784,2785,2781,2798,2778,2779,2780,2786,2782,2787,2793,2788,2791,2792,2789,2790,2796,2797,2794,2795],"class_list":{"0":"post-5470","1":"product","2":"type-product","3":"status-publish","4":"has-post-thumbnail","6":"product_cat-kjpe-forskning-kjemikalier","7":"product_tag-orden-te-pvp-bergkrystall","8":"product_tag-bestille-th-pvp-bergkrystall-eu","9":"product_tag-bestill-th-pvp-rock-crystal-online","10":"product_tag-buy-th-pvp-rock-crystal-usa","11":"product_tag-hvor-kan-kjpe-th-pvp-bergkrystall","12":"product_tag-kjp-th-pvp-bergkrystall","13":"product_tag-kjp-th-pvp-rock-crystal-online","14":"product_tag-kjp-th-pvp-bergkrystall-stimulator","15":"product_tag-kjpte-th-pvp-bergkrystall","16":"product_tag-post-th-pvp-bergkrystall","17":"product_tag-th-pvp-bergkrystall","18":"product_tag-th-pvp-rock-crystal-review","19":"product_tag-th-pvp-bergkrystall-australia","20":"product_tag-th-pvp-rock-crystal-online","21":"product_tag-th-pvp-rock-crystal-reddit","22":"product_tag-th-pvp-bergkrystall-til-salg","23":"product_tag-th-pvp-bergkrystall-til-salg-uk","24":"product_tag-th-pvp-bergkrystall-leverandr","25":"product_tag-th-pvp-bergkrystallleverandr","26":"product_tag-th-pvp-bergkrystall-stimulanter","27":"product_tag-th-pvp-bergkrystall-stimulanter-til-salg","29":"first","30":"instock","31":"shipping-taxable","32":"purchasable","33":"product-type-variable","34":"has-default-attributes"},"yoast_head":"<!-- This site is optimized with the Yoast SEO plugin v27.3 - https:\/\/yoast.com\/product\/yoast-seo-wordpress\/ -->\n<title>Kj\u00f8p billig TH-PVP Crystal Online - Best Global Medicina<\/title>\n<meta name=\"description\" content=\"Kj\u00f8p billig TH-PVP-krystall p\u00e5 nett. Ekte TH-PVP-krystall p\u00e5 nett \u2013 TH-PVP-krystall til salgs | Kj\u00f8p TH-PVP Crystal online | Kj\u00f8p TH-PVP Krystallpulver til salgs| Kj\u00f8p billig TH-PVP Krystallpulver | Hvor kan du kj\u00f8pe TH-PVP Krystallpulver online.\" \/>\n<meta name=\"robots\" content=\"index, follow, max-snippet:-1, max-image-preview:large, max-video-preview:-1\" \/>\n<link rel=\"canonical\" href=\"https:\/\/medicinasinc.com\/no\/product\/kjop-th-pvp-krystall\/\" \/>\n<meta property=\"og:locale\" content=\"nn_NO\" \/>\n<meta property=\"og:type\" content=\"article\" \/>\n<meta property=\"og:title\" content=\"Kj\u00f8p billig TH-PVP Crystal Online - Best Global Medicina\" \/>\n<meta property=\"og:description\" content=\"Kj\u00f8p billig TH-PVP-krystall p\u00e5 nett. Ekte TH-PVP-krystall p\u00e5 nett \u2013 TH-PVP-krystall til salgs | Kj\u00f8p TH-PVP Crystal online | Kj\u00f8p TH-PVP Krystallpulver til salgs| Kj\u00f8p billig TH-PVP Krystallpulver | Hvor kan du kj\u00f8pe TH-PVP Krystallpulver online.\" \/>\n<meta property=\"og:url\" content=\"https:\/\/medicinasinc.com\/no\/product\/kjop-th-pvp-krystall\/\" \/>\n<meta property=\"og:site_name\" content=\"Medicinas Inc\" \/>\n<meta property=\"article:modified_time\" content=\"2022-03-22T00:52:11+00:00\" \/>\n<meta property=\"og:image\" content=\"https:\/\/medicinasinc.com\/no\/wp-content\/uploads\/sites\/14\/2022\/02\/buy-cheap-th-pvp-crystal-online.jpg\" \/>\n\t<meta property=\"og:image:width\" content=\"600\" \/>\n\t<meta property=\"og:image:height\" content=\"600\" \/>\n\t<meta property=\"og:image:type\" content=\"image\/jpeg\" \/>\n<meta name=\"twitter:card\" content=\"summary_large_image\" \/>\n<meta name=\"twitter:label1\" content=\"Est. reading time\" \/>\n\t<meta name=\"twitter:data1\" content=\"2 minutt\" \/>\n<script type=\"application\/ld+json\" class=\"yoast-schema-graph\">{\"@context\":\"https:\\\/\\\/schema.org\",\"@graph\":[{\"@type\":\"WebPage\",\"@id\":\"https:\\\/\\\/medicinasinc.com\\\/no\\\/product\\\/kjop-th-pvp-krystall\\\/\",\"url\":\"https:\\\/\\\/medicinasinc.com\\\/no\\\/product\\\/kjop-th-pvp-krystall\\\/\",\"name\":\"Kj\u00f8p billig TH-PVP Crystal Online - Best Global Medicina\",\"isPartOf\":{\"@id\":\"https:\\\/\\\/medicinasinc.com\\\/no\\\/#website\"},\"primaryImageOfPage\":{\"@id\":\"https:\\\/\\\/medicinasinc.com\\\/no\\\/product\\\/kjop-th-pvp-krystall\\\/#primaryimage\"},\"image\":{\"@id\":\"https:\\\/\\\/medicinasinc.com\\\/no\\\/product\\\/kjop-th-pvp-krystall\\\/#primaryimage\"},\"thumbnailUrl\":\"https:\\\/\\\/medicinasinc.com\\\/no\\\/wp-content\\\/uploads\\\/sites\\\/14\\\/2022\\\/02\\\/buy-cheap-th-pvp-crystal-online.jpg\",\"datePublished\":\"2022-02-22T00:06:57+00:00\",\"dateModified\":\"2022-03-22T00:52:11+00:00\",\"description\":\"Kj\u00f8p billig TH-PVP-krystall p\u00e5 nett. Ekte TH-PVP-krystall p\u00e5 nett \u2013 TH-PVP-krystall til salgs | Kj\u00f8p TH-PVP Crystal online | Kj\u00f8p TH-PVP Krystallpulver til salgs| Kj\u00f8p billig TH-PVP Krystallpulver | Hvor kan du kj\u00f8pe TH-PVP Krystallpulver online.\",\"breadcrumb\":{\"@id\":\"https:\\\/\\\/medicinasinc.com\\\/no\\\/product\\\/kjop-th-pvp-krystall\\\/#breadcrumb\"},\"inLanguage\":\"nn-NO\",\"potentialAction\":[{\"@type\":\"ReadAction\",\"target\":[\"https:\\\/\\\/medicinasinc.com\\\/no\\\/product\\\/kjop-th-pvp-krystall\\\/\"]}]},{\"@type\":\"ImageObject\",\"inLanguage\":\"nn-NO\",\"@id\":\"https:\\\/\\\/medicinasinc.com\\\/no\\\/product\\\/kjop-th-pvp-krystall\\\/#primaryimage\",\"url\":\"https:\\\/\\\/medicinasinc.com\\\/no\\\/wp-content\\\/uploads\\\/sites\\\/14\\\/2022\\\/02\\\/buy-cheap-th-pvp-crystal-online.jpg\",\"contentUrl\":\"https:\\\/\\\/medicinasinc.com\\\/no\\\/wp-content\\\/uploads\\\/sites\\\/14\\\/2022\\\/02\\\/buy-cheap-th-pvp-crystal-online.jpg\",\"width\":600,\"height\":600},{\"@type\":\"BreadcrumbList\",\"@id\":\"https:\\\/\\\/medicinasinc.com\\\/no\\\/product\\\/kjop-th-pvp-krystall\\\/#breadcrumb\",\"itemListElement\":[{\"@type\":\"ListItem\",\"position\":1,\"name\":\"Butikk\",\"item\":\"https:\\\/\\\/medicinasinc.com\\\/no\\\/butikk\\\/\"},{\"@type\":\"ListItem\",\"position\":2,\"name\":\"Kj\u00f8p TH-PVP Crystal\"}]},{\"@type\":\"WebSite\",\"@id\":\"https:\\\/\\\/medicinasinc.com\\\/no\\\/#website\",\"url\":\"https:\\\/\\\/medicinasinc.com\\\/no\\\/\",\"name\":\"Medicinas Inc\",\"description\":\"Helsemedisinsk klinikk\",\"potentialAction\":[{\"@type\":\"SearchAction\",\"target\":{\"@type\":\"EntryPoint\",\"urlTemplate\":\"https:\\\/\\\/medicinasinc.com\\\/no\\\/?s={search_term_string}\"},\"query-input\":{\"@type\":\"PropertyValueSpecification\",\"valueRequired\":true,\"valueName\":\"search_term_string\"}}],\"inLanguage\":\"nn-NO\"}]}<\/script>\n<!-- \/ Yoast SEO plugin. -->","yoast_head_json":{"title":"Kj\u00f8p billig TH-PVP Crystal Online - Best Global Medicina","description":"Kj\u00f8p billig TH-PVP-krystall p\u00e5 nett. Ekte TH-PVP-krystall p\u00e5 nett \u2013 TH-PVP-krystall til salgs | Kj\u00f8p TH-PVP Crystal online | Kj\u00f8p TH-PVP Krystallpulver til salgs| Kj\u00f8p billig TH-PVP Krystallpulver | Hvor kan du kj\u00f8pe TH-PVP Krystallpulver online.","robots":{"index":"index","follow":"follow","max-snippet":"max-snippet:-1","max-image-preview":"max-image-preview:large","max-video-preview":"max-video-preview:-1"},"canonical":"https:\/\/medicinasinc.com\/no\/product\/kjop-th-pvp-krystall\/","og_locale":"nn_NO","og_type":"article","og_title":"Kj\u00f8p billig TH-PVP Crystal Online - Best Global Medicina","og_description":"Kj\u00f8p billig TH-PVP-krystall p\u00e5 nett. Ekte TH-PVP-krystall p\u00e5 nett \u2013 TH-PVP-krystall til salgs | Kj\u00f8p TH-PVP Crystal online | Kj\u00f8p TH-PVP Krystallpulver til salgs| Kj\u00f8p billig TH-PVP Krystallpulver | Hvor kan du kj\u00f8pe TH-PVP Krystallpulver online.","og_url":"https:\/\/medicinasinc.com\/no\/product\/kjop-th-pvp-krystall\/","og_site_name":"Medicinas Inc","article_modified_time":"2022-03-22T00:52:11+00:00","og_image":[{"width":600,"height":600,"url":"https:\/\/medicinasinc.com\/no\/wp-content\/uploads\/sites\/14\/2022\/02\/buy-cheap-th-pvp-crystal-online.jpg","type":"image\/jpeg"}],"twitter_card":"summary_large_image","twitter_misc":{"Est. reading time":"2 minutt"},"schema":{"@context":"https:\/\/schema.org","@graph":[{"@type":"WebPage","@id":"https:\/\/medicinasinc.com\/no\/product\/kjop-th-pvp-krystall\/","url":"https:\/\/medicinasinc.com\/no\/product\/kjop-th-pvp-krystall\/","name":"Kj\u00f8p billig TH-PVP Crystal Online - Best Global Medicina","isPartOf":{"@id":"https:\/\/medicinasinc.com\/no\/#website"},"primaryImageOfPage":{"@id":"https:\/\/medicinasinc.com\/no\/product\/kjop-th-pvp-krystall\/#primaryimage"},"image":{"@id":"https:\/\/medicinasinc.com\/no\/product\/kjop-th-pvp-krystall\/#primaryimage"},"thumbnailUrl":"https:\/\/medicinasinc.com\/no\/wp-content\/uploads\/sites\/14\/2022\/02\/buy-cheap-th-pvp-crystal-online.jpg","datePublished":"2022-02-22T00:06:57+00:00","dateModified":"2022-03-22T00:52:11+00:00","description":"Kj\u00f8p billig TH-PVP-krystall p\u00e5 nett. Ekte TH-PVP-krystall p\u00e5 nett \u2013 TH-PVP-krystall til salgs | Kj\u00f8p TH-PVP Crystal online | Kj\u00f8p TH-PVP Krystallpulver til salgs| Kj\u00f8p billig TH-PVP Krystallpulver | Hvor kan du kj\u00f8pe TH-PVP Krystallpulver online.","breadcrumb":{"@id":"https:\/\/medicinasinc.com\/no\/product\/kjop-th-pvp-krystall\/#breadcrumb"},"inLanguage":"nn-NO","potentialAction":[{"@type":"ReadAction","target":["https:\/\/medicinasinc.com\/no\/product\/kjop-th-pvp-krystall\/"]}]},{"@type":"ImageObject","inLanguage":"nn-NO","@id":"https:\/\/medicinasinc.com\/no\/product\/kjop-th-pvp-krystall\/#primaryimage","url":"https:\/\/medicinasinc.com\/no\/wp-content\/uploads\/sites\/14\/2022\/02\/buy-cheap-th-pvp-crystal-online.jpg","contentUrl":"https:\/\/medicinasinc.com\/no\/wp-content\/uploads\/sites\/14\/2022\/02\/buy-cheap-th-pvp-crystal-online.jpg","width":600,"height":600},{"@type":"BreadcrumbList","@id":"https:\/\/medicinasinc.com\/no\/product\/kjop-th-pvp-krystall\/#breadcrumb","itemListElement":[{"@type":"ListItem","position":1,"name":"Butikk","item":"https:\/\/medicinasinc.com\/no\/butikk\/"},{"@type":"ListItem","position":2,"name":"Kj\u00f8p TH-PVP Crystal"}]},{"@type":"WebSite","@id":"https:\/\/medicinasinc.com\/no\/#website","url":"https:\/\/medicinasinc.com\/no\/","name":"Medicinas Inc","description":"Helsemedisinsk klinikk","potentialAction":[{"@type":"SearchAction","target":{"@type":"EntryPoint","urlTemplate":"https:\/\/medicinasinc.com\/no\/?s={search_term_string}"},"query-input":{"@type":"PropertyValueSpecification","valueRequired":true,"valueName":"search_term_string"}}],"inLanguage":"nn-NO"}]}},"_links":{"self":[{"href":"https:\/\/medicinasinc.com\/no\/wp-json\/wp\/v2\/product\/5470","targetHints":{"allow":["GET"]}}],"collection":[{"href":"https:\/\/medicinasinc.com\/no\/wp-json\/wp\/v2\/product"}],"about":[{"href":"https:\/\/medicinasinc.com\/no\/wp-json\/wp\/v2\/types\/product"}],"replies":[{"embeddable":true,"href":"https:\/\/medicinasinc.com\/no\/wp-json\/wp\/v2\/comments?post=5470"}],"wp:featuredmedia":[{"embeddable":true,"href":"https:\/\/medicinasinc.com\/no\/wp-json\/wp\/v2\/media\/5481"}],"wp:attachment":[{"href":"https:\/\/medicinasinc.com\/no\/wp-json\/wp\/v2\/media?parent=5470"}],"wp:term":[{"taxonomy":"product_brand","embeddable":true,"href":"https:\/\/medicinasinc.com\/no\/wp-json\/wp\/v2\/product_brand?post=5470"},{"taxonomy":"product_cat","embeddable":true,"href":"https:\/\/medicinasinc.com\/no\/wp-json\/wp\/v2\/product_cat?post=5470"},{"taxonomy":"product_tag","embeddable":true,"href":"https:\/\/medicinasinc.com\/no\/wp-json\/wp\/v2\/product_tag?post=5470"}],"curies":[{"name":"wp","href":"https:\/\/api.w.org\/{rel}","templated":true}]}}