{"id":5469,"date":"2022-02-22T00:05:12","date_gmt":"2022-02-22T00:05:12","guid":{"rendered":"https:\/\/medicinasinc.com\/no\/?post_type=product&#038;p=5469"},"modified":"2022-03-22T00:52:24","modified_gmt":"2022-03-22T00:52:24","slug":"kjope-klonazolam-pulver","status":"publish","type":"product","link":"https:\/\/medicinasinc.com\/no\/product\/kjope-klonazolam-pulver\/","title":{"rendered":"Kj\u00f8p Clonazolam Powder"},"content":{"rendered":"<h1 style=\"font-weight: 600\"><b><strong>Kj\u00f8p Clonazolam Powder\u00a0<\/strong><\/b><\/h1>\n<p style=\"font-weight: 400\">High Store Europas ledende Clonazolam Kjemikaliegrossistleverand\u00f8r<\/p>\n<h2 style=\"font-weight: 600\">CLONAZOLAM Powder EU-leverand\u00f8r, Storbritannia<\/h2>\n<ul style=\"font-weight: 400\">\n<li>Spores\u00a0 &#8211; Spores forsikret eller normal levering<\/li>\n<li>Bankoverf\u00f8ring eller bitcoin-betalingsdetaljer ved utsjekking .<\/li>\n<li>Forsendelse mandag til fredag<\/li>\n<li><b><strong>V\u00e6r oppmerksom p\u00e5 at du kun er dekket for tap etter 30 dager 1 x gratis reshipment p\u00e5 en sporet forsikret tjeneste &#8211; Beklager ingen unntak !<\/strong><\/b><\/li>\n<\/ul>\n<h3 style=\"font-weight: 600\"><\/h3>\n<h3 style=\"font-weight: 600\"><b><strong>Klonazolampulver\u00a0<\/strong><\/b><\/h3>\n<ul style=\"font-weight: 400\">\n<li><b><a href=\"https:\/\/psychonautwiki.org\/wiki\/Sedation\">Sedasjon<\/a><\/b>\u00a0\u2013 Klonazolam har potensial til \u00e5 virke ekstremt beroligende og resulterer ofte i en overveldende sl\u00f8v tilstand. P\u00e5 h\u00f8yere niv\u00e5er f\u00f8rer dette til at brukere plutselig f\u00f8ler at de er ekstremt s\u00f8vnmangel og ikke har sovet p\u00e5 flere dager, noe som tvinger dem til \u00e5 sette seg ned og generelt f\u00f8le at de hele tiden er p\u00e5 randen av \u00e5 besvime i stedet for \u00e5 delta i fysiske aktiviteter. Denne f\u00f8lelsen av s\u00f8vnmangel \u00f8ker proporsjonalt med dosering og blir til slutt kraftig nok til \u00e5 tvinge en person til fullstendig bevisstl\u00f8shet.<\/li>\n<li><b><a href=\"https:\/\/psychonautwiki.org\/wiki\/Muscle_relaxation\"> Muskelavslapping<\/a><\/b>\u00a0\u2013 Denne effekten er spesielt sterk sammenlignet med andre benzodiazepiner som\u00a0<a href=\"https:\/\/psychonautwiki.org\/wiki\/Alprazolam\">alprazolam<\/a>.<\/li>\n<li><b><a href=\"https:\/\/psychonautwiki.org\/wiki\/Motor_control_loss\">Tap motorkontroll<\/a><\/b><\/li>\n<li><b><a href=\"https:\/\/psychonautwiki.org\/wiki\/Dizziness\">Svimmelhet<\/a><\/b><\/li>\n<li><b><a href=\"https:\/\/psychonautwiki.org\/wiki\/Increased_libido\">\u00d8kt libido<\/a><\/b><\/li>\n<li><b><a href=\"https:\/\/psychonautwiki.org\/wiki\/Respiratory_depression\">Respirasjonsdepresjon<\/a><\/b><\/li>\n<\/ul>\n<p style=\"font-weight: 400\"><b><strong>Klonazolam\u00a0<\/strong><\/b>er i benzodiazepinklassen. Benzodiazepiner inneholder en benzenring smeltet sammen med en diazepinring, som er en syvleddet ring som har de to nitrogenbestanddelene plassert ved R1 og R4. Benzylringen til klonazolam er substituert ved R8 med en nitrogruppe NO2-. Diazepinringen er ogs\u00e5 bundet ved R6 til en 2-klorert fenylring.<\/p>\n<p style=\"font-weight: 400\"><a href=\"https:\/\/www.bestglobalmeds.com\/product\/ research-chemicals\/buy-clonazolam-powder\/\">Klonazolam<\/a> inneholder en 1-metylert triazolring fusjonert til og inkorporerer R1 og R2 i diazepinringen. Klonazolam tilh\u00f8rer en klasse benzodiazepiner som inneholder denne sammensmeltede triazolringen, kalt triazolobenzodiazepiner, kjennetegnet ved suffikset -zolam. Andre nitrobenzodiazepiner inkluderer klonazepam og flunitrazepam.<\/p>\n<p style=\"font-weight: 400\">6-(2-klorfenyl)-1-metyl-8-nitro-4H-s-triazolo- (4,3- a)-(1,4)-benzodiazepin<\/p>\n<p>Dette produktet selges kun for forskningsform\u00e5l og skal ikke brukes til andre form\u00e5l, inkludert, men ikke begrenset til, in vivo diagnostiske form\u00e5l, i matvarer, i legemidler, i medisinsk utstyr og\/eller kosmetikk for mennesker og\/eller dyr.<\/p>\n<p style=\"font-weight: 400\">F\u00f8r du bestiller, m\u00e5 du forsikre deg om at du er riktig utstyrt for forskningskjemikalier og at arbeidsomr\u00e5det ditt er godt ventilert.<\/p>\n<p style=\"font-weight: 400\">Du m\u00e5 v\u00e6re 18 \u00e5r eller eldre for \u00e5 bestille dette produktet.<\/p>\n","protected":false},"excerpt":{"rendered":"<div class=\"woocommerce-product-details__short-description\">\n<p>Kj\u00f8p rent h\u00f8ykvalitets Clonazolam-pulver Europa, Storbritannia, EU online med Bitcoin &#8211; Kj\u00f8p lovlige stoffer p\u00e5 nettet, kj\u00f8p klonazolam-kjemikalier, kj\u00f8p r\u00e5 farmas\u00f8ytisk pulver.<\/p>\n<p>Med Bitcoin kan du kj\u00f8pe rent, h\u00f8ykvalitets Clonazolam-pulver p\u00e5 nettet. Du kan kj\u00f8pe lovlige medisiner, forskningskjemikalier og farmas\u00f8ytiske r\u00e5pulver over hele internett.<\/p>\n<p>Kj\u00f8p Clonazolam for \u00e5 redusere angst- og panikkanfallene dine. Det har en positiv effekt p\u00e5 ditt mentale velv\u00e6re.<\/p>\n<p>Hvor kan jeg f\u00e5 tak i Clonazolam i U.S.A.? Selger av klonazolam, rask levering, god kvalitet og mulighet til \u00e5 unng\u00e5 toll enkelt<\/p>\n<p>Handle klonazolampulver p\u00e5 internett. Klonazolam er strukturelt identisk med Clonazepam, med unntak av 1,2,4-triazolringen fusjonert til benzenringen. Hva brukes Clonazolam til, og hvordan hjelper det mennesker? I mellomtiden er klonazolam utelukkende tilgjengelig for forskningsform\u00e5l og ikke til konsum.<\/p>\n<\/p><\/div>\n","protected":false},"featured_media":5479,"comment_status":"open","ping_status":"closed","template":"","meta":[],"product_brand":[],"product_cat":[2014],"product_tag":[2772,2748,2750,2751,2752,2753,2756,2758,2759,2760,2765,2757,2766,2768,2776,2777,2775,2770,2769,2749,2754,2764,2755,2762,2763,2761,2767,2774,2773,2771],"class_list":{"0":"post-5469","1":"product","2":"type-product","3":"status-publish","4":"has-post-thumbnail","6":"product_cat-kjpe-forskning-kjemikalier","7":"product_tag-bestille-c-lam-trott-2019-pulver","8":"product_tag-buy-cheap-clonazolam-powder-online","9":"product_tag-buy-clonazolam","10":"product_tag-buy-clonazolam-online","11":"product_tag-buy-clonazolam-powder","12":"product_tag-buy-clonazolam-powder-online","13":"product_tag-clonazolam-kjp","14":"product_tag-clonazolam-powder","15":"product_tag-clonazolam-powder-education","16":"product_tag-clonazolam-powder-eu","17":"product_tag-clonazolam-research","18":"product_tag-klonazolam-til-salg","19":"product_tag-clonitrazolam-powder-best-price-online","20":"product_tag-eclonazolam-powder-for-sale","21":"product_tag-hvor-kan-kjpe-klonazolam-pulver-p-nettet","22":"product_tag-hvor-kan-kjpes-klonitrazolam-pulver-p-nettet","23":"product_tag-hvor-kan-kjpes-klonazolam-pulver","24":"product_tag-how-f-c3-a5-pure-clonazolam-powder-p-c3-a5-net","25":"product_tag-hvordan-konsumere-klonazolam-pulver","26":"product_tag-kj-c3-b8p-klon-musling-pulver","27":"product_tag-kjp-rent-klonazolam-pulver-p-nettet","28":"product_tag-klonazolam-pris","29":"product_tag-klonazolam","30":"product_tag-klonazolam-pulver-p-nett","31":"product_tag-klonazolam-pulver-pris","32":"product_tag-klonazolam-pulver-i-canada","33":"product_tag-krystallinsk-klonazolam-pulver","34":"product_tag-kvalitets-klonazolam-pulver","35":"product_tag-pure-clonazolam-powder","36":"product_tag-hvordan-bestille-klonazolam-pulver-p-nettet","38":"first","39":"instock","40":"shipping-taxable","41":"purchasable","42":"product-type-variable","43":"has-default-attributes"},"yoast_head":"<!-- This site is optimized with the Yoast SEO plugin v27.3 - https:\/\/yoast.com\/product\/yoast-seo-wordpress\/ -->\n<title>Kj\u00f8p Clonazolam Powder - Clonazolam Powder - Best Best Global Meds<\/title>\n<meta name=\"description\" content=\"Kj\u00f8p rent h\u00f8ykvalitets Clonazolam-pulver Europa, Storbritannia, EU online med Bitcoin - Kj\u00f8p lovlige stoffer p\u00e5 nettet, kj\u00f8p klonazolam-kjemikalier, kj\u00f8p r\u00e5 farmas\u00f8ytiske pulvere.\" \/>\n<meta name=\"robots\" content=\"index, follow, max-snippet:-1, max-image-preview:large, max-video-preview:-1\" \/>\n<link rel=\"canonical\" href=\"https:\/\/medicinasinc.com\/no\/product\/kjope-klonazolam-pulver\/\" \/>\n<meta property=\"og:locale\" content=\"nn_NO\" \/>\n<meta property=\"og:type\" content=\"article\" \/>\n<meta property=\"og:title\" content=\"Kj\u00f8p Clonazolam Powder - Clonazolam Powder - Best Best Global Meds\" \/>\n<meta property=\"og:description\" content=\"Kj\u00f8p rent h\u00f8ykvalitets Clonazolam-pulver Europa, Storbritannia, EU online med Bitcoin - Kj\u00f8p lovlige stoffer p\u00e5 nettet, kj\u00f8p klonazolam-kjemikalier, kj\u00f8p r\u00e5 farmas\u00f8ytiske pulvere.\" \/>\n<meta property=\"og:url\" content=\"https:\/\/medicinasinc.com\/no\/product\/kjope-klonazolam-pulver\/\" \/>\n<meta property=\"og:site_name\" content=\"Medicinas Inc\" \/>\n<meta property=\"article:modified_time\" content=\"2022-03-22T00:52:24+00:00\" \/>\n<meta property=\"og:image\" content=\"https:\/\/medicinasinc.com\/no\/wp-content\/uploads\/sites\/14\/2022\/02\/Buy-Clonazolam-Powder.jpeg\" \/>\n\t<meta property=\"og:image:width\" content=\"566\" \/>\n\t<meta property=\"og:image:height\" content=\"600\" \/>\n\t<meta property=\"og:image:type\" content=\"image\/jpeg\" \/>\n<meta name=\"twitter:card\" content=\"summary_large_image\" \/>\n<meta name=\"twitter:label1\" content=\"Est. reading time\" \/>\n\t<meta name=\"twitter:data1\" content=\"2 minutt\" \/>\n<script type=\"application\/ld+json\" class=\"yoast-schema-graph\">{\"@context\":\"https:\\\/\\\/schema.org\",\"@graph\":[{\"@type\":\"WebPage\",\"@id\":\"https:\\\/\\\/medicinasinc.com\\\/no\\\/product\\\/kjope-klonazolam-pulver\\\/\",\"url\":\"https:\\\/\\\/medicinasinc.com\\\/no\\\/product\\\/kjope-klonazolam-pulver\\\/\",\"name\":\"Kj\u00f8p Clonazolam Powder - Clonazolam Powder - Best Best Global Meds\",\"isPartOf\":{\"@id\":\"https:\\\/\\\/medicinasinc.com\\\/no\\\/#website\"},\"primaryImageOfPage\":{\"@id\":\"https:\\\/\\\/medicinasinc.com\\\/no\\\/product\\\/kjope-klonazolam-pulver\\\/#primaryimage\"},\"image\":{\"@id\":\"https:\\\/\\\/medicinasinc.com\\\/no\\\/product\\\/kjope-klonazolam-pulver\\\/#primaryimage\"},\"thumbnailUrl\":\"https:\\\/\\\/medicinasinc.com\\\/no\\\/wp-content\\\/uploads\\\/sites\\\/14\\\/2022\\\/02\\\/Buy-Clonazolam-Powder.jpeg\",\"datePublished\":\"2022-02-22T00:05:12+00:00\",\"dateModified\":\"2022-03-22T00:52:24+00:00\",\"description\":\"Kj\u00f8p rent h\u00f8ykvalitets Clonazolam-pulver Europa, Storbritannia, EU online med Bitcoin - Kj\u00f8p lovlige stoffer p\u00e5 nettet, kj\u00f8p klonazolam-kjemikalier, kj\u00f8p r\u00e5 farmas\u00f8ytiske pulvere.\",\"breadcrumb\":{\"@id\":\"https:\\\/\\\/medicinasinc.com\\\/no\\\/product\\\/kjope-klonazolam-pulver\\\/#breadcrumb\"},\"inLanguage\":\"nn-NO\",\"potentialAction\":[{\"@type\":\"ReadAction\",\"target\":[\"https:\\\/\\\/medicinasinc.com\\\/no\\\/product\\\/kjope-klonazolam-pulver\\\/\"]}]},{\"@type\":\"ImageObject\",\"inLanguage\":\"nn-NO\",\"@id\":\"https:\\\/\\\/medicinasinc.com\\\/no\\\/product\\\/kjope-klonazolam-pulver\\\/#primaryimage\",\"url\":\"https:\\\/\\\/medicinasinc.com\\\/no\\\/wp-content\\\/uploads\\\/sites\\\/14\\\/2022\\\/02\\\/Buy-Clonazolam-Powder.jpeg\",\"contentUrl\":\"https:\\\/\\\/medicinasinc.com\\\/no\\\/wp-content\\\/uploads\\\/sites\\\/14\\\/2022\\\/02\\\/Buy-Clonazolam-Powder.jpeg\",\"width\":566,\"height\":600},{\"@type\":\"BreadcrumbList\",\"@id\":\"https:\\\/\\\/medicinasinc.com\\\/no\\\/product\\\/kjope-klonazolam-pulver\\\/#breadcrumb\",\"itemListElement\":[{\"@type\":\"ListItem\",\"position\":1,\"name\":\"Butikk\",\"item\":\"https:\\\/\\\/medicinasinc.com\\\/no\\\/butikk\\\/\"},{\"@type\":\"ListItem\",\"position\":2,\"name\":\"Kj\u00f8p Clonazolam Powder\"}]},{\"@type\":\"WebSite\",\"@id\":\"https:\\\/\\\/medicinasinc.com\\\/no\\\/#website\",\"url\":\"https:\\\/\\\/medicinasinc.com\\\/no\\\/\",\"name\":\"Medicinas Inc\",\"description\":\"Helsemedisinsk klinikk\",\"potentialAction\":[{\"@type\":\"SearchAction\",\"target\":{\"@type\":\"EntryPoint\",\"urlTemplate\":\"https:\\\/\\\/medicinasinc.com\\\/no\\\/?s={search_term_string}\"},\"query-input\":{\"@type\":\"PropertyValueSpecification\",\"valueRequired\":true,\"valueName\":\"search_term_string\"}}],\"inLanguage\":\"nn-NO\"}]}<\/script>\n<!-- \/ Yoast SEO plugin. -->","yoast_head_json":{"title":"Kj\u00f8p Clonazolam Powder - Clonazolam Powder - Best Best Global Meds","description":"Kj\u00f8p rent h\u00f8ykvalitets Clonazolam-pulver Europa, Storbritannia, EU online med Bitcoin - Kj\u00f8p lovlige stoffer p\u00e5 nettet, kj\u00f8p klonazolam-kjemikalier, kj\u00f8p r\u00e5 farmas\u00f8ytiske pulvere.","robots":{"index":"index","follow":"follow","max-snippet":"max-snippet:-1","max-image-preview":"max-image-preview:large","max-video-preview":"max-video-preview:-1"},"canonical":"https:\/\/medicinasinc.com\/no\/product\/kjope-klonazolam-pulver\/","og_locale":"nn_NO","og_type":"article","og_title":"Kj\u00f8p Clonazolam Powder - Clonazolam Powder - Best Best Global Meds","og_description":"Kj\u00f8p rent h\u00f8ykvalitets Clonazolam-pulver Europa, Storbritannia, EU online med Bitcoin - Kj\u00f8p lovlige stoffer p\u00e5 nettet, kj\u00f8p klonazolam-kjemikalier, kj\u00f8p r\u00e5 farmas\u00f8ytiske pulvere.","og_url":"https:\/\/medicinasinc.com\/no\/product\/kjope-klonazolam-pulver\/","og_site_name":"Medicinas Inc","article_modified_time":"2022-03-22T00:52:24+00:00","og_image":[{"width":566,"height":600,"url":"https:\/\/medicinasinc.com\/no\/wp-content\/uploads\/sites\/14\/2022\/02\/Buy-Clonazolam-Powder.jpeg","type":"image\/jpeg"}],"twitter_card":"summary_large_image","twitter_misc":{"Est. reading time":"2 minutt"},"schema":{"@context":"https:\/\/schema.org","@graph":[{"@type":"WebPage","@id":"https:\/\/medicinasinc.com\/no\/product\/kjope-klonazolam-pulver\/","url":"https:\/\/medicinasinc.com\/no\/product\/kjope-klonazolam-pulver\/","name":"Kj\u00f8p Clonazolam Powder - Clonazolam Powder - Best Best Global Meds","isPartOf":{"@id":"https:\/\/medicinasinc.com\/no\/#website"},"primaryImageOfPage":{"@id":"https:\/\/medicinasinc.com\/no\/product\/kjope-klonazolam-pulver\/#primaryimage"},"image":{"@id":"https:\/\/medicinasinc.com\/no\/product\/kjope-klonazolam-pulver\/#primaryimage"},"thumbnailUrl":"https:\/\/medicinasinc.com\/no\/wp-content\/uploads\/sites\/14\/2022\/02\/Buy-Clonazolam-Powder.jpeg","datePublished":"2022-02-22T00:05:12+00:00","dateModified":"2022-03-22T00:52:24+00:00","description":"Kj\u00f8p rent h\u00f8ykvalitets Clonazolam-pulver Europa, Storbritannia, EU online med Bitcoin - Kj\u00f8p lovlige stoffer p\u00e5 nettet, kj\u00f8p klonazolam-kjemikalier, kj\u00f8p r\u00e5 farmas\u00f8ytiske pulvere.","breadcrumb":{"@id":"https:\/\/medicinasinc.com\/no\/product\/kjope-klonazolam-pulver\/#breadcrumb"},"inLanguage":"nn-NO","potentialAction":[{"@type":"ReadAction","target":["https:\/\/medicinasinc.com\/no\/product\/kjope-klonazolam-pulver\/"]}]},{"@type":"ImageObject","inLanguage":"nn-NO","@id":"https:\/\/medicinasinc.com\/no\/product\/kjope-klonazolam-pulver\/#primaryimage","url":"https:\/\/medicinasinc.com\/no\/wp-content\/uploads\/sites\/14\/2022\/02\/Buy-Clonazolam-Powder.jpeg","contentUrl":"https:\/\/medicinasinc.com\/no\/wp-content\/uploads\/sites\/14\/2022\/02\/Buy-Clonazolam-Powder.jpeg","width":566,"height":600},{"@type":"BreadcrumbList","@id":"https:\/\/medicinasinc.com\/no\/product\/kjope-klonazolam-pulver\/#breadcrumb","itemListElement":[{"@type":"ListItem","position":1,"name":"Butikk","item":"https:\/\/medicinasinc.com\/no\/butikk\/"},{"@type":"ListItem","position":2,"name":"Kj\u00f8p Clonazolam Powder"}]},{"@type":"WebSite","@id":"https:\/\/medicinasinc.com\/no\/#website","url":"https:\/\/medicinasinc.com\/no\/","name":"Medicinas Inc","description":"Helsemedisinsk klinikk","potentialAction":[{"@type":"SearchAction","target":{"@type":"EntryPoint","urlTemplate":"https:\/\/medicinasinc.com\/no\/?s={search_term_string}"},"query-input":{"@type":"PropertyValueSpecification","valueRequired":true,"valueName":"search_term_string"}}],"inLanguage":"nn-NO"}]}},"_links":{"self":[{"href":"https:\/\/medicinasinc.com\/no\/wp-json\/wp\/v2\/product\/5469","targetHints":{"allow":["GET"]}}],"collection":[{"href":"https:\/\/medicinasinc.com\/no\/wp-json\/wp\/v2\/product"}],"about":[{"href":"https:\/\/medicinasinc.com\/no\/wp-json\/wp\/v2\/types\/product"}],"replies":[{"embeddable":true,"href":"https:\/\/medicinasinc.com\/no\/wp-json\/wp\/v2\/comments?post=5469"}],"wp:featuredmedia":[{"embeddable":true,"href":"https:\/\/medicinasinc.com\/no\/wp-json\/wp\/v2\/media\/5479"}],"wp:attachment":[{"href":"https:\/\/medicinasinc.com\/no\/wp-json\/wp\/v2\/media?parent=5469"}],"wp:term":[{"taxonomy":"product_brand","embeddable":true,"href":"https:\/\/medicinasinc.com\/no\/wp-json\/wp\/v2\/product_brand?post=5469"},{"taxonomy":"product_cat","embeddable":true,"href":"https:\/\/medicinasinc.com\/no\/wp-json\/wp\/v2\/product_cat?post=5469"},{"taxonomy":"product_tag","embeddable":true,"href":"https:\/\/medicinasinc.com\/no\/wp-json\/wp\/v2\/product_tag?post=5469"}],"curies":[{"name":"wp","href":"https:\/\/api.w.org\/{rel}","templated":true}]}}