{"id":5468,"date":"2022-02-22T00:04:03","date_gmt":"2022-02-22T00:04:03","guid":{"rendered":"https:\/\/medicinasinc.com\/no\/?post_type=product&#038;p=5468"},"modified":"2022-03-22T00:52:33","modified_gmt":"2022-03-22T00:52:33","slug":"kjop-4-cl-pvp-krystaller","status":"publish","type":"product","link":"https:\/\/medicinasinc.com\/no\/product\/kjop-4-cl-pvp-krystaller\/","title":{"rendered":"Kj\u00f8p 4-CL-PVP-krystaller"},"content":{"rendered":"<p>Hva er egentlig 4-CL-PVP?<\/p>\n<p>Den krystallinske ekvivalenten til a-PVP er 4-CL-PVP. Det er et klassisk sentralstimulerende middel. 4-CL-PVP-forskningsunders\u00f8kelser produserer ofte funn av pratsomhet, \u00f8kt \u00e5rv\u00e5kenhet, \u00f8kt energi og andre stimulerende effekter. 4-CL-effekter PVP-er varer ofte mindre enn tre timer. I tillegg har stoffet blitt rapportert \u00e5 generere milde til alvorlige euforiske effekter. Forskere som leter etter en erstatning for a-PVP vil finne at 4-CL-PVP er en akseptabel erstatning. 4-CL-PVP er en reopptakshemmer av noradrenalin og dopamin. Dette faktum bidrar betydelig til de stimulerende egenskapene til dette kjemikaliet.<\/p>\n<p>Hvor kan jeg kj\u00f8pe 4-CL-PVP?<\/p>\n<p>Chemical Planet selger 4-CL-PVP av sv\u00e6rt h\u00f8y kvalitet. Vanligvis leveres v\u00e5r 4-CL-PVP i krystallform. Hvis du ikke ser skjemaet du leter etter, vennligst kontakt oss for \u00e5 finne ut n\u00e5r det vil v\u00e6re tilgjengelig igjen.<\/p>\n<p>Hvis du \u00f8nsker \u00e5 kj\u00f8pe 4-Cl-PVP fra Chemical Planet, m\u00e5 du v\u00e6re p\u00e5 minst 18 \u00e5r gammel og fullt ut i samsvar med alle lokale forskningskjemiske lover. V\u00e5re forbindelser er kun ment for forskningsbruk og er ikke til konsum av mennesker eller dyr.<\/p>\n<p>&nbsp;<\/p>\n<p>Lovligheten til 4-CL-PVP<\/p>\n<p>De fleste av land over hele verden har avst\u00e5tt fra \u00e5 erkl\u00e6re 4-CL-PVP som et forbudt kjemikalie. Dette betyr at det er uplanlagt p\u00e5 de fleste steder. Hvis du trenger ytterligere informasjon om den juridiske statusen til 4-CL-PVP, vennligst kontakt dine f\u00f8derale myndigheter.<\/p>\n<p>Oppbevares alltid p\u00e5 et kj\u00f8lig, t\u00f8rt sted for \u00e5 sikre lengst mulig holdbarhet. Dette produktet er utelukkende ment for rettsmedisinske og forskningsform\u00e5l. Som s\u00e5dan er den IKKE ment for konsum eller noen form for in vivo-eksperimentering p\u00e5 dyr eller andre levende vesener.<\/p>\n","protected":false},"excerpt":{"rendered":"<p>4-CL-PVP-krystaller til salgs i Storbritannia, Europa og EU. Kj\u00f8p 4-CL-PVP krystaller online til den beste prisen, med gratis frakt tilgjengelig over hele verden.<\/p>\n<p>For salg er 4-CL-PVP krystaller.<\/p>\n<p>Kj\u00f8p 4-CL-PVP krystaller online til den beste prisen, med gratis frakt tilgjengelig over hele verden.<\/p>\n<p>Kj\u00f8p 4-CL-PVP-krystaller med rabatt p\u00e5 nettet.<\/p>\n<p>4-CL-PVP-krystall er et nytt stimulerende middel og motstykke av den mye popul\u00e6re a-PVP.<\/p>\n","protected":false},"featured_media":5477,"comment_status":"open","ping_status":"closed","template":"","meta":[],"product_brand":[],"product_cat":[2014],"product_tag":[2739,2740,2738,2742,2743,2741,2746,2747,2744,2745],"class_list":{"0":"post-5468","1":"product","2":"type-product","3":"status-publish","4":"has-post-thumbnail","6":"product_cat-kjpe-forskning-kjemikalier","7":"product_tag-4-cl-pvp-effekt","8":"product_tag-4-cl-pvp-europe","9":"product_tag-4-cl-pvp-krystaller-til-salg","10":"product_tag-4-cl-pvp-order","11":"product_tag-4-cl-pvp-reddit","12":"product_tag-4-cl-pvp-til-salgs","13":"product_tag-buy-4-cl-pvp-crystals-online","14":"product_tag-hvor-kan-kjpe-4-cl-pvp-krystaller-online","15":"product_tag-kjp-4-cl-pvp","16":"product_tag-kjp-4-cl-pvp-krystall-online","18":"first","19":"instock","20":"shipping-taxable","21":"purchasable","22":"product-type-variable","23":"has-default-attributes"},"yoast_head":"<!-- This site is optimized with the Yoast SEO plugin v27.3 - https:\/\/yoast.com\/product\/yoast-seo-wordpress\/ -->\n<title>Kj\u00f8p 4-CL-PVP-krystaller - 4-CL-PVP-krystaller - Beste globale medisiner<\/title>\n<meta name=\"description\" content=\"Kj\u00f8p 4-CL-PVP-krystaller for salg i Storbritannia, Europa, EU. Kj\u00f8p 4-CL-PVP-krystaller\u00a0p\u00e5 nettet, gratis frakt av toppkvalitet over hele verden tilgjengelig, billigste noensinne, beste pris \u00e5 bestille.\" \/>\n<meta name=\"robots\" content=\"index, follow, max-snippet:-1, max-image-preview:large, max-video-preview:-1\" \/>\n<link rel=\"canonical\" href=\"https:\/\/medicinasinc.com\/no\/product\/kjop-4-cl-pvp-krystaller\/\" \/>\n<meta property=\"og:locale\" content=\"nn_NO\" \/>\n<meta property=\"og:type\" content=\"article\" \/>\n<meta property=\"og:title\" content=\"Kj\u00f8p 4-CL-PVP-krystaller - 4-CL-PVP-krystaller - Beste globale medisiner\" \/>\n<meta property=\"og:description\" content=\"Kj\u00f8p 4-CL-PVP-krystaller for salg i Storbritannia, Europa, EU. Kj\u00f8p 4-CL-PVP-krystaller\u00a0p\u00e5 nettet, gratis frakt av toppkvalitet over hele verden tilgjengelig, billigste noensinne, beste pris \u00e5 bestille.\" \/>\n<meta property=\"og:url\" content=\"https:\/\/medicinasinc.com\/no\/product\/kjop-4-cl-pvp-krystaller\/\" \/>\n<meta property=\"og:site_name\" content=\"Medicinas Inc\" \/>\n<meta property=\"article:modified_time\" content=\"2022-03-22T00:52:33+00:00\" \/>\n<meta property=\"og:image\" content=\"https:\/\/medicinasinc.com\/no\/wp-content\/uploads\/sites\/14\/2022\/02\/Buy-4-CL-PVP-Crystals.jpg\" \/>\n\t<meta property=\"og:image:width\" content=\"275\" \/>\n\t<meta property=\"og:image:height\" content=\"183\" \/>\n\t<meta property=\"og:image:type\" content=\"image\/jpeg\" \/>\n<meta name=\"twitter:card\" content=\"summary_large_image\" \/>\n<meta name=\"twitter:label1\" content=\"Est. reading time\" \/>\n\t<meta name=\"twitter:data1\" content=\"2 minutt\" \/>\n<script type=\"application\/ld+json\" class=\"yoast-schema-graph\">{\"@context\":\"https:\\\/\\\/schema.org\",\"@graph\":[{\"@type\":\"WebPage\",\"@id\":\"https:\\\/\\\/medicinasinc.com\\\/no\\\/product\\\/kjop-4-cl-pvp-krystaller\\\/\",\"url\":\"https:\\\/\\\/medicinasinc.com\\\/no\\\/product\\\/kjop-4-cl-pvp-krystaller\\\/\",\"name\":\"Kj\u00f8p 4-CL-PVP-krystaller - 4-CL-PVP-krystaller - Beste globale medisiner\",\"isPartOf\":{\"@id\":\"https:\\\/\\\/medicinasinc.com\\\/no\\\/#website\"},\"primaryImageOfPage\":{\"@id\":\"https:\\\/\\\/medicinasinc.com\\\/no\\\/product\\\/kjop-4-cl-pvp-krystaller\\\/#primaryimage\"},\"image\":{\"@id\":\"https:\\\/\\\/medicinasinc.com\\\/no\\\/product\\\/kjop-4-cl-pvp-krystaller\\\/#primaryimage\"},\"thumbnailUrl\":\"https:\\\/\\\/medicinasinc.com\\\/no\\\/wp-content\\\/uploads\\\/sites\\\/14\\\/2022\\\/02\\\/Buy-4-CL-PVP-Crystals.jpg\",\"datePublished\":\"2022-02-22T00:04:03+00:00\",\"dateModified\":\"2022-03-22T00:52:33+00:00\",\"description\":\"Kj\u00f8p 4-CL-PVP-krystaller for salg i Storbritannia, Europa, EU. Kj\u00f8p 4-CL-PVP-krystaller\u00a0p\u00e5 nettet, gratis frakt av toppkvalitet over hele verden tilgjengelig, billigste noensinne, beste pris \u00e5 bestille.\",\"breadcrumb\":{\"@id\":\"https:\\\/\\\/medicinasinc.com\\\/no\\\/product\\\/kjop-4-cl-pvp-krystaller\\\/#breadcrumb\"},\"inLanguage\":\"nn-NO\",\"potentialAction\":[{\"@type\":\"ReadAction\",\"target\":[\"https:\\\/\\\/medicinasinc.com\\\/no\\\/product\\\/kjop-4-cl-pvp-krystaller\\\/\"]}]},{\"@type\":\"ImageObject\",\"inLanguage\":\"nn-NO\",\"@id\":\"https:\\\/\\\/medicinasinc.com\\\/no\\\/product\\\/kjop-4-cl-pvp-krystaller\\\/#primaryimage\",\"url\":\"https:\\\/\\\/medicinasinc.com\\\/no\\\/wp-content\\\/uploads\\\/sites\\\/14\\\/2022\\\/02\\\/Buy-4-CL-PVP-Crystals.jpg\",\"contentUrl\":\"https:\\\/\\\/medicinasinc.com\\\/no\\\/wp-content\\\/uploads\\\/sites\\\/14\\\/2022\\\/02\\\/Buy-4-CL-PVP-Crystals.jpg\",\"width\":275,\"height\":183},{\"@type\":\"BreadcrumbList\",\"@id\":\"https:\\\/\\\/medicinasinc.com\\\/no\\\/product\\\/kjop-4-cl-pvp-krystaller\\\/#breadcrumb\",\"itemListElement\":[{\"@type\":\"ListItem\",\"position\":1,\"name\":\"Butikk\",\"item\":\"https:\\\/\\\/medicinasinc.com\\\/no\\\/butikk\\\/\"},{\"@type\":\"ListItem\",\"position\":2,\"name\":\"Kj\u00f8p 4-CL-PVP-krystaller\"}]},{\"@type\":\"WebSite\",\"@id\":\"https:\\\/\\\/medicinasinc.com\\\/no\\\/#website\",\"url\":\"https:\\\/\\\/medicinasinc.com\\\/no\\\/\",\"name\":\"Medicinas Inc\",\"description\":\"Helsemedisinsk klinikk\",\"potentialAction\":[{\"@type\":\"SearchAction\",\"target\":{\"@type\":\"EntryPoint\",\"urlTemplate\":\"https:\\\/\\\/medicinasinc.com\\\/no\\\/?s={search_term_string}\"},\"query-input\":{\"@type\":\"PropertyValueSpecification\",\"valueRequired\":true,\"valueName\":\"search_term_string\"}}],\"inLanguage\":\"nn-NO\"}]}<\/script>\n<!-- \/ Yoast SEO plugin. -->","yoast_head_json":{"title":"Kj\u00f8p 4-CL-PVP-krystaller - 4-CL-PVP-krystaller - Beste globale medisiner","description":"Kj\u00f8p 4-CL-PVP-krystaller for salg i Storbritannia, Europa, EU. Kj\u00f8p 4-CL-PVP-krystaller\u00a0p\u00e5 nettet, gratis frakt av toppkvalitet over hele verden tilgjengelig, billigste noensinne, beste pris \u00e5 bestille.","robots":{"index":"index","follow":"follow","max-snippet":"max-snippet:-1","max-image-preview":"max-image-preview:large","max-video-preview":"max-video-preview:-1"},"canonical":"https:\/\/medicinasinc.com\/no\/product\/kjop-4-cl-pvp-krystaller\/","og_locale":"nn_NO","og_type":"article","og_title":"Kj\u00f8p 4-CL-PVP-krystaller - 4-CL-PVP-krystaller - Beste globale medisiner","og_description":"Kj\u00f8p 4-CL-PVP-krystaller for salg i Storbritannia, Europa, EU. Kj\u00f8p 4-CL-PVP-krystaller\u00a0p\u00e5 nettet, gratis frakt av toppkvalitet over hele verden tilgjengelig, billigste noensinne, beste pris \u00e5 bestille.","og_url":"https:\/\/medicinasinc.com\/no\/product\/kjop-4-cl-pvp-krystaller\/","og_site_name":"Medicinas Inc","article_modified_time":"2022-03-22T00:52:33+00:00","og_image":[{"width":275,"height":183,"url":"https:\/\/medicinasinc.com\/no\/wp-content\/uploads\/sites\/14\/2022\/02\/Buy-4-CL-PVP-Crystals.jpg","type":"image\/jpeg"}],"twitter_card":"summary_large_image","twitter_misc":{"Est. reading time":"2 minutt"},"schema":{"@context":"https:\/\/schema.org","@graph":[{"@type":"WebPage","@id":"https:\/\/medicinasinc.com\/no\/product\/kjop-4-cl-pvp-krystaller\/","url":"https:\/\/medicinasinc.com\/no\/product\/kjop-4-cl-pvp-krystaller\/","name":"Kj\u00f8p 4-CL-PVP-krystaller - 4-CL-PVP-krystaller - Beste globale medisiner","isPartOf":{"@id":"https:\/\/medicinasinc.com\/no\/#website"},"primaryImageOfPage":{"@id":"https:\/\/medicinasinc.com\/no\/product\/kjop-4-cl-pvp-krystaller\/#primaryimage"},"image":{"@id":"https:\/\/medicinasinc.com\/no\/product\/kjop-4-cl-pvp-krystaller\/#primaryimage"},"thumbnailUrl":"https:\/\/medicinasinc.com\/no\/wp-content\/uploads\/sites\/14\/2022\/02\/Buy-4-CL-PVP-Crystals.jpg","datePublished":"2022-02-22T00:04:03+00:00","dateModified":"2022-03-22T00:52:33+00:00","description":"Kj\u00f8p 4-CL-PVP-krystaller for salg i Storbritannia, Europa, EU. Kj\u00f8p 4-CL-PVP-krystaller\u00a0p\u00e5 nettet, gratis frakt av toppkvalitet over hele verden tilgjengelig, billigste noensinne, beste pris \u00e5 bestille.","breadcrumb":{"@id":"https:\/\/medicinasinc.com\/no\/product\/kjop-4-cl-pvp-krystaller\/#breadcrumb"},"inLanguage":"nn-NO","potentialAction":[{"@type":"ReadAction","target":["https:\/\/medicinasinc.com\/no\/product\/kjop-4-cl-pvp-krystaller\/"]}]},{"@type":"ImageObject","inLanguage":"nn-NO","@id":"https:\/\/medicinasinc.com\/no\/product\/kjop-4-cl-pvp-krystaller\/#primaryimage","url":"https:\/\/medicinasinc.com\/no\/wp-content\/uploads\/sites\/14\/2022\/02\/Buy-4-CL-PVP-Crystals.jpg","contentUrl":"https:\/\/medicinasinc.com\/no\/wp-content\/uploads\/sites\/14\/2022\/02\/Buy-4-CL-PVP-Crystals.jpg","width":275,"height":183},{"@type":"BreadcrumbList","@id":"https:\/\/medicinasinc.com\/no\/product\/kjop-4-cl-pvp-krystaller\/#breadcrumb","itemListElement":[{"@type":"ListItem","position":1,"name":"Butikk","item":"https:\/\/medicinasinc.com\/no\/butikk\/"},{"@type":"ListItem","position":2,"name":"Kj\u00f8p 4-CL-PVP-krystaller"}]},{"@type":"WebSite","@id":"https:\/\/medicinasinc.com\/no\/#website","url":"https:\/\/medicinasinc.com\/no\/","name":"Medicinas Inc","description":"Helsemedisinsk klinikk","potentialAction":[{"@type":"SearchAction","target":{"@type":"EntryPoint","urlTemplate":"https:\/\/medicinasinc.com\/no\/?s={search_term_string}"},"query-input":{"@type":"PropertyValueSpecification","valueRequired":true,"valueName":"search_term_string"}}],"inLanguage":"nn-NO"}]}},"_links":{"self":[{"href":"https:\/\/medicinasinc.com\/no\/wp-json\/wp\/v2\/product\/5468","targetHints":{"allow":["GET"]}}],"collection":[{"href":"https:\/\/medicinasinc.com\/no\/wp-json\/wp\/v2\/product"}],"about":[{"href":"https:\/\/medicinasinc.com\/no\/wp-json\/wp\/v2\/types\/product"}],"replies":[{"embeddable":true,"href":"https:\/\/medicinasinc.com\/no\/wp-json\/wp\/v2\/comments?post=5468"}],"wp:featuredmedia":[{"embeddable":true,"href":"https:\/\/medicinasinc.com\/no\/wp-json\/wp\/v2\/media\/5477"}],"wp:attachment":[{"href":"https:\/\/medicinasinc.com\/no\/wp-json\/wp\/v2\/media?parent=5468"}],"wp:term":[{"taxonomy":"product_brand","embeddable":true,"href":"https:\/\/medicinasinc.com\/no\/wp-json\/wp\/v2\/product_brand?post=5468"},{"taxonomy":"product_cat","embeddable":true,"href":"https:\/\/medicinasinc.com\/no\/wp-json\/wp\/v2\/product_cat?post=5468"},{"taxonomy":"product_tag","embeddable":true,"href":"https:\/\/medicinasinc.com\/no\/wp-json\/wp\/v2\/product_tag?post=5468"}],"curies":[{"name":"wp","href":"https:\/\/api.w.org\/{rel}","templated":true}]}}