{"id":5443,"date":"2022-02-21T23:37:16","date_gmt":"2022-02-21T23:37:16","guid":{"rendered":"https:\/\/medicinasinc.com\/no\/?post_type=product&#038;p=5443"},"modified":"2022-03-22T00:52:41","modified_gmt":"2022-03-22T00:52:41","slug":"kjop-bufedron-pulver","status":"publish","type":"product","link":"https:\/\/medicinasinc.com\/no\/product\/kjop-bufedron-pulver\/","title":{"rendered":"Kj\u00f8p Buphedrone pulver"},"content":{"rendered":"<p>Kj\u00f8p Buphedrone-pulver<\/p>\n<p>Bla gjennom v\u00e5r online Kj\u00f8p Buphedron-pulver- eller krystallkatalog. Vi tilbyr produkter av h\u00f8y kvalitet til rimelige priser. Bestillinger med en &laquo;subtotal&raquo; p\u00e5 minst 10 g vil f\u00e5 25 % rabatt.<\/p>\n<p>Hva er egentlig bufedron?<br \/> Dette velkjente forskningskjemikaliet er et sentralstimulerende middel i kjemiske klassene fenetylamin og katinon. Bufedron er et beta-keton som er relatert til de naturlig forekommende forbindelsene katinon og katin. Det er ogs\u00e5 kjent som -methylamino-butyrophenone eller Phenylacetoethyl-methylamine.<\/p>\n<p>Bufedronpulver\/Kj\u00f8p bufedronpulver<\/p>\n<p>Pulveret bufedron<\/p>\n<p>Det er ogs\u00e5 relatert til metamfetamin, med -ketonsubstituenten (ved beta-karbonet) og en etylgruppe som erstatter metylgruppen ved aminets karbon-alfa. Effekten p\u00e5 testpersoner har blitt sammenlignet med effekten av metamfetamin, med mer eufori og mindre fysisk stimulering observert i studier. Det \u00f8ker frigj\u00f8ring av dopamin fra dopaminerge nerveterminaler i hjernen.<\/p>\n<p>Bufedron i pulverform<\/p>\n<p>Katinonerstatninger, som etkatinon, er psykoaktive forbindelser som ofte brukes som rusmidler.<\/p>\n<p>Noen av dem har amfetaminlignende effekter.<\/p>\n<p>3 Bufedron (hydroklorid) er et substituert katinon med en etylgruppe i alfaposisjonen og en metylgruppe i N-terminalen. Denne forbindelsen er funnet i sentralstimulerende produkter. 2 Dens biologiske og toksikologiske egenskaper er enn\u00e5 ikke bestemt. Dette produktet er beregnet for rettsmedisinsk bruk.<\/p>\n","protected":false},"excerpt":{"rendered":"<div class=\"woocommerce-product-details__short-description\">\n<p><em>Kj\u00f8p<\/em>\u00a0ren h\u00f8ykvalitets\u00a0<em>Buphedrone Powder<\/em>\u00a0p\u00e5 nettet med Bitcoin &#8211; <em>Kj\u00f8p<\/em>\u00a0lovlige legemidler p\u00e5 nettet,\u00a0<em>kj\u00f8p<\/em>\u00a0forskningskjemikalier,\u00a0<em>kj\u00f8p<\/em>\u00a0r\u00e5 farmas\u00f8ytiske\u00a0<em>pulver<\/em>.<\/p>\n<p>Kj\u00f8p Bufedronpulver i USA Kj\u00f8p i bulk Bufedron, ogs\u00e5 kjent som MABP, er et fenetylamin- og katinon-kjemikaliestimulerende middel.<\/p>\n<p>Kj\u00f8p bufedronpulver p\u00e5 nettet.<\/p>\n<p>Bufedron, ogs\u00e5 kjent som -methylamino -butyrophenone (MABP), er et fenetylamin- og katinonstimulerende middel som f\u00f8rst ble syntetisert i 1928.<\/p>\n<\/p><\/div>\n","protected":false},"featured_media":5455,"comment_status":"open","ping_status":"closed","template":"","meta":[],"product_brand":[],"product_cat":[2014],"product_tag":[2735,2726,2736,2728,2731,2732,2729,2730,2733,2727,2737,2734],"class_list":{"0":"post-5443","1":"product","2":"type-product","3":"status-publish","4":"has-post-thumbnail","6":"product_cat-kjpe-forskning-kjemikalier","7":"product_tag-ordre-bufedron-pulver","8":"product_tag-bufedron-pulver","9":"product_tag-kvalitets-bufedron-pulver","10":"product_tag-bufedron-pulver-europa","11":"product_tag-bufedron-pulver-italia","12":"product_tag-buphedrone-powder-reddit","13":"product_tag-bufedron-pulver-til-salg","14":"product_tag-bufedron-pulver-tyskland","15":"product_tag-bufedron-pulver-uk","16":"product_tag-bufedron-pulver-effekt","17":"product_tag-hvor-kan-kjpe-bufedron-pulver","18":"product_tag-kjp-bufedron-pulver","20":"first","21":"instock","22":"shipping-taxable","23":"purchasable","24":"product-type-variable"},"yoast_head":"<!-- This site is optimized with the Yoast SEO plugin v27.3 - https:\/\/yoast.com\/product\/yoast-seo-wordpress\/ -->\n<title>Kj\u00f8p Buphedrone pulver - Buphedrone pulver - Best Global Meds<\/title>\n<meta name=\"description\" content=\"Kj\u00f8p buphedronpulver til salgs Storbritannia, EU, Europa (\u03b1-methylamino-butyrophenone or MABP) Krystall og pulver med 99,9 % renhet online med sikret .\" \/>\n<meta name=\"robots\" content=\"index, follow, max-snippet:-1, max-image-preview:large, max-video-preview:-1\" \/>\n<link rel=\"canonical\" href=\"https:\/\/medicinasinc.com\/no\/product\/kjop-bufedron-pulver\/\" \/>\n<meta property=\"og:locale\" content=\"nn_NO\" \/>\n<meta property=\"og:type\" content=\"article\" \/>\n<meta property=\"og:title\" content=\"Kj\u00f8p Buphedrone pulver - Buphedrone pulver - Best Global Meds\" \/>\n<meta property=\"og:description\" content=\"Kj\u00f8p buphedronpulver til salgs Storbritannia, EU, Europa (\u03b1-methylamino-butyrophenone or MABP) Krystall og pulver med 99,9 % renhet online med sikret .\" \/>\n<meta property=\"og:url\" content=\"https:\/\/medicinasinc.com\/no\/product\/kjop-bufedron-pulver\/\" \/>\n<meta property=\"og:site_name\" content=\"Medicinas Inc\" \/>\n<meta property=\"article:modified_time\" content=\"2022-03-22T00:52:41+00:00\" \/>\n<meta property=\"og:image\" content=\"https:\/\/medicinasinc.com\/no\/wp-content\/uploads\/sites\/14\/2022\/02\/Buy-Buphedrone-powder.png\" \/>\n\t<meta property=\"og:image:width\" content=\"600\" \/>\n\t<meta property=\"og:image:height\" content=\"400\" \/>\n\t<meta property=\"og:image:type\" content=\"image\/png\" \/>\n<meta name=\"twitter:card\" content=\"summary_large_image\" \/>\n<meta name=\"twitter:label1\" content=\"Est. reading time\" \/>\n\t<meta name=\"twitter:data1\" content=\"1 minutt\" \/>\n<script type=\"application\/ld+json\" class=\"yoast-schema-graph\">{\"@context\":\"https:\\\/\\\/schema.org\",\"@graph\":[{\"@type\":\"WebPage\",\"@id\":\"https:\\\/\\\/medicinasinc.com\\\/no\\\/product\\\/kjop-bufedron-pulver\\\/\",\"url\":\"https:\\\/\\\/medicinasinc.com\\\/no\\\/product\\\/kjop-bufedron-pulver\\\/\",\"name\":\"Kj\u00f8p Buphedrone pulver - Buphedrone pulver - Best Global Meds\",\"isPartOf\":{\"@id\":\"https:\\\/\\\/medicinasinc.com\\\/no\\\/#website\"},\"primaryImageOfPage\":{\"@id\":\"https:\\\/\\\/medicinasinc.com\\\/no\\\/product\\\/kjop-bufedron-pulver\\\/#primaryimage\"},\"image\":{\"@id\":\"https:\\\/\\\/medicinasinc.com\\\/no\\\/product\\\/kjop-bufedron-pulver\\\/#primaryimage\"},\"thumbnailUrl\":\"https:\\\/\\\/medicinasinc.com\\\/no\\\/wp-content\\\/uploads\\\/sites\\\/14\\\/2022\\\/02\\\/Buy-Buphedrone-powder.png\",\"datePublished\":\"2022-02-21T23:37:16+00:00\",\"dateModified\":\"2022-03-22T00:52:41+00:00\",\"description\":\"Kj\u00f8p buphedronpulver til salgs Storbritannia, EU, Europa (\u03b1-methylamino-butyrophenone or MABP) Krystall og pulver med 99,9 % renhet online med sikret .\",\"breadcrumb\":{\"@id\":\"https:\\\/\\\/medicinasinc.com\\\/no\\\/product\\\/kjop-bufedron-pulver\\\/#breadcrumb\"},\"inLanguage\":\"nn-NO\",\"potentialAction\":[{\"@type\":\"ReadAction\",\"target\":[\"https:\\\/\\\/medicinasinc.com\\\/no\\\/product\\\/kjop-bufedron-pulver\\\/\"]}]},{\"@type\":\"ImageObject\",\"inLanguage\":\"nn-NO\",\"@id\":\"https:\\\/\\\/medicinasinc.com\\\/no\\\/product\\\/kjop-bufedron-pulver\\\/#primaryimage\",\"url\":\"https:\\\/\\\/medicinasinc.com\\\/no\\\/wp-content\\\/uploads\\\/sites\\\/14\\\/2022\\\/02\\\/Buy-Buphedrone-powder.png\",\"contentUrl\":\"https:\\\/\\\/medicinasinc.com\\\/no\\\/wp-content\\\/uploads\\\/sites\\\/14\\\/2022\\\/02\\\/Buy-Buphedrone-powder.png\",\"width\":600,\"height\":400},{\"@type\":\"BreadcrumbList\",\"@id\":\"https:\\\/\\\/medicinasinc.com\\\/no\\\/product\\\/kjop-bufedron-pulver\\\/#breadcrumb\",\"itemListElement\":[{\"@type\":\"ListItem\",\"position\":1,\"name\":\"Butikk\",\"item\":\"https:\\\/\\\/medicinasinc.com\\\/no\\\/butikk\\\/\"},{\"@type\":\"ListItem\",\"position\":2,\"name\":\"Kj\u00f8p Buphedrone pulver\"}]},{\"@type\":\"WebSite\",\"@id\":\"https:\\\/\\\/medicinasinc.com\\\/no\\\/#website\",\"url\":\"https:\\\/\\\/medicinasinc.com\\\/no\\\/\",\"name\":\"Medicinas Inc\",\"description\":\"Helsemedisinsk klinikk\",\"potentialAction\":[{\"@type\":\"SearchAction\",\"target\":{\"@type\":\"EntryPoint\",\"urlTemplate\":\"https:\\\/\\\/medicinasinc.com\\\/no\\\/?s={search_term_string}\"},\"query-input\":{\"@type\":\"PropertyValueSpecification\",\"valueRequired\":true,\"valueName\":\"search_term_string\"}}],\"inLanguage\":\"nn-NO\"}]}<\/script>\n<!-- \/ Yoast SEO plugin. -->","yoast_head_json":{"title":"Kj\u00f8p Buphedrone pulver - Buphedrone pulver - Best Global Meds","description":"Kj\u00f8p buphedronpulver til salgs Storbritannia, EU, Europa (\u03b1-methylamino-butyrophenone or MABP) Krystall og pulver med 99,9 % renhet online med sikret .","robots":{"index":"index","follow":"follow","max-snippet":"max-snippet:-1","max-image-preview":"max-image-preview:large","max-video-preview":"max-video-preview:-1"},"canonical":"https:\/\/medicinasinc.com\/no\/product\/kjop-bufedron-pulver\/","og_locale":"nn_NO","og_type":"article","og_title":"Kj\u00f8p Buphedrone pulver - Buphedrone pulver - Best Global Meds","og_description":"Kj\u00f8p buphedronpulver til salgs Storbritannia, EU, Europa (\u03b1-methylamino-butyrophenone or MABP) Krystall og pulver med 99,9 % renhet online med sikret .","og_url":"https:\/\/medicinasinc.com\/no\/product\/kjop-bufedron-pulver\/","og_site_name":"Medicinas Inc","article_modified_time":"2022-03-22T00:52:41+00:00","og_image":[{"width":600,"height":400,"url":"https:\/\/medicinasinc.com\/no\/wp-content\/uploads\/sites\/14\/2022\/02\/Buy-Buphedrone-powder.png","type":"image\/png"}],"twitter_card":"summary_large_image","twitter_misc":{"Est. reading time":"1 minutt"},"schema":{"@context":"https:\/\/schema.org","@graph":[{"@type":"WebPage","@id":"https:\/\/medicinasinc.com\/no\/product\/kjop-bufedron-pulver\/","url":"https:\/\/medicinasinc.com\/no\/product\/kjop-bufedron-pulver\/","name":"Kj\u00f8p Buphedrone pulver - Buphedrone pulver - Best Global Meds","isPartOf":{"@id":"https:\/\/medicinasinc.com\/no\/#website"},"primaryImageOfPage":{"@id":"https:\/\/medicinasinc.com\/no\/product\/kjop-bufedron-pulver\/#primaryimage"},"image":{"@id":"https:\/\/medicinasinc.com\/no\/product\/kjop-bufedron-pulver\/#primaryimage"},"thumbnailUrl":"https:\/\/medicinasinc.com\/no\/wp-content\/uploads\/sites\/14\/2022\/02\/Buy-Buphedrone-powder.png","datePublished":"2022-02-21T23:37:16+00:00","dateModified":"2022-03-22T00:52:41+00:00","description":"Kj\u00f8p buphedronpulver til salgs Storbritannia, EU, Europa (\u03b1-methylamino-butyrophenone or MABP) Krystall og pulver med 99,9 % renhet online med sikret .","breadcrumb":{"@id":"https:\/\/medicinasinc.com\/no\/product\/kjop-bufedron-pulver\/#breadcrumb"},"inLanguage":"nn-NO","potentialAction":[{"@type":"ReadAction","target":["https:\/\/medicinasinc.com\/no\/product\/kjop-bufedron-pulver\/"]}]},{"@type":"ImageObject","inLanguage":"nn-NO","@id":"https:\/\/medicinasinc.com\/no\/product\/kjop-bufedron-pulver\/#primaryimage","url":"https:\/\/medicinasinc.com\/no\/wp-content\/uploads\/sites\/14\/2022\/02\/Buy-Buphedrone-powder.png","contentUrl":"https:\/\/medicinasinc.com\/no\/wp-content\/uploads\/sites\/14\/2022\/02\/Buy-Buphedrone-powder.png","width":600,"height":400},{"@type":"BreadcrumbList","@id":"https:\/\/medicinasinc.com\/no\/product\/kjop-bufedron-pulver\/#breadcrumb","itemListElement":[{"@type":"ListItem","position":1,"name":"Butikk","item":"https:\/\/medicinasinc.com\/no\/butikk\/"},{"@type":"ListItem","position":2,"name":"Kj\u00f8p Buphedrone pulver"}]},{"@type":"WebSite","@id":"https:\/\/medicinasinc.com\/no\/#website","url":"https:\/\/medicinasinc.com\/no\/","name":"Medicinas Inc","description":"Helsemedisinsk klinikk","potentialAction":[{"@type":"SearchAction","target":{"@type":"EntryPoint","urlTemplate":"https:\/\/medicinasinc.com\/no\/?s={search_term_string}"},"query-input":{"@type":"PropertyValueSpecification","valueRequired":true,"valueName":"search_term_string"}}],"inLanguage":"nn-NO"}]}},"_links":{"self":[{"href":"https:\/\/medicinasinc.com\/no\/wp-json\/wp\/v2\/product\/5443","targetHints":{"allow":["GET"]}}],"collection":[{"href":"https:\/\/medicinasinc.com\/no\/wp-json\/wp\/v2\/product"}],"about":[{"href":"https:\/\/medicinasinc.com\/no\/wp-json\/wp\/v2\/types\/product"}],"replies":[{"embeddable":true,"href":"https:\/\/medicinasinc.com\/no\/wp-json\/wp\/v2\/comments?post=5443"}],"wp:featuredmedia":[{"embeddable":true,"href":"https:\/\/medicinasinc.com\/no\/wp-json\/wp\/v2\/media\/5455"}],"wp:attachment":[{"href":"https:\/\/medicinasinc.com\/no\/wp-json\/wp\/v2\/media?parent=5443"}],"wp:term":[{"taxonomy":"product_brand","embeddable":true,"href":"https:\/\/medicinasinc.com\/no\/wp-json\/wp\/v2\/product_brand?post=5443"},{"taxonomy":"product_cat","embeddable":true,"href":"https:\/\/medicinasinc.com\/no\/wp-json\/wp\/v2\/product_cat?post=5443"},{"taxonomy":"product_tag","embeddable":true,"href":"https:\/\/medicinasinc.com\/no\/wp-json\/wp\/v2\/product_tag?post=5443"}],"curies":[{"name":"wp","href":"https:\/\/api.w.org\/{rel}","templated":true}]}}