{"id":5442,"date":"2022-02-21T23:35:16","date_gmt":"2022-02-21T23:35:16","guid":{"rendered":"https:\/\/medicinasinc.com\/no\/?post_type=product&#038;p=5442"},"modified":"2022-03-22T00:52:50","modified_gmt":"2022-03-22T00:52:50","slug":"kjop-alprazolam-pulver","status":"publish","type":"product","link":"https:\/\/medicinasinc.com\/no\/product\/kjop-alprazolam-pulver\/","title":{"rendered":"Kj\u00f8p Alprazolam pulver"},"content":{"rendered":"<p>Salg av Alprazolam<\/p>\n<p>Alprazolam er et kraftig benzodiazepin med kort halveringstid som slapper av sentralnervesystemet. Denne medisinen brukes mest til \u00e5 behandle angst og panikklidelser. Den \u00f8kte geriatriske befolkningen som er s\u00e5rbar for depresjon, samt utbredelsen av angstlidelser som fobi og generalisert angst, driver ettersp\u00f8rselen etter Alprazolam-pulver. Videre er industriens vekst drevet av den fartsfylte og stressende livsstilen som f\u00f8rer til depresjon. Videre er det i prognoseperioden planlagt forsknings- og utviklingsarbeid p\u00e5 Alprazolam for \u00e5 utforske nye muligheter. Strenge myndighetsbestemmelser og ugunstige medikamenteffekter som narkotikaavhengighet p\u00e5 den annen side hindrer vekst. ALPRAZOLAM kan kj\u00f8pes p\u00e5 nett, s\u00e5 vel som ALPRAZOLAM for salg.<\/p>\n<p>Bruk<\/p>\n<p>Alprazolam brukes til \u00e5 behandle angst- og panikklidelser (plutselige, uforutsigbare episoder med intens frykt og bekymring for disse episodene ). Alprazolam tilh\u00f8rer klassen benzodiazepiner. Dette reduserer overdreven opphisselse i hjernen. Alprazolam brukes ogs\u00e5 til \u00e5 behandle depresjon, angst i offentligheten og premenstruelt syndrom. Den kan brukes i smertefulle situasjoner. Diskuter med legen din de potensielle risikoene for tilstanden din hvis du bruker denne medisinen.<\/p>\n<p>Dosering<\/p>\n<p>Alprazolam kommer i tablettform, tablett med forlenget frigivelse og oralt r\u00e5tnende tablett (en tablett som raskt l\u00f8ses opp i munnen). Tabletten, oralt desintegrerende tablett og konsentrerte oppl\u00f8sninger tas vanligvis to til fire ganger per dag. Den eksterne tabletten tas vanligvis en gang om dagen, om morgenen. F\u00f8lg n\u00f8ye med p\u00e5 notatene p\u00e5 reseptskjemaet ditt og be apoteket eller legen din om \u00e5 forklare alt du ikke forst\u00e5r. Ta alprazolam n\u00f8yaktig som anvist. For \u00e5 ta den konsentrerte v\u00e6sken, bruk kun dr\u00e5petappen som fulgte med resepten. Fyll dr\u00e5petelleren med den n\u00f8dvendige dosen. Klem dr\u00e5petelleren inn i flytende eller halvfast mat som te, melk, brus, eplesuppe eller pudding. Bland v\u00e6ske eller mat forsiktig i noen sekunder. V\u00e6sken absorberes fullstendig av maten. Drikk eller spis hele blandingen med en gang. Ta tabletten oralt fra flasken rett f\u00f8r dosen din skal. Med t\u00f8rre h\u00e5ndflater \u00e5pner du flasken, fjerner tabletten og legger den p\u00e5 tungen med en gang. Tabletten kan l\u00f8ses opp og svelges med spytt.<\/p>\n","protected":false},"excerpt":{"rendered":"<div class=\"woocommerce-product-details__short-description\">\n<p><em>Kj\u00f8p<\/em> Alprazolam Online &#8211; bestglobalmeds.com er den beste leverand\u00f8ren og leverand\u00f8ren av <em>Alprazolam-pulver<\/em>\u00a0hvor du kan\u00a0<em>kj\u00f8pe<\/em>\u00a0Xanax-pulver i engros. <em>Bestill<\/em>\u00a0N\u00e5!<\/p>\n<p>Alprazolam-pulver kan kj\u00f8pes p\u00e5 nettet. Ekte Alprazolam pulver til salgs p\u00e5 nett \u2013 Alprazolam pulver til salgs p\u00e5 nett | Kj\u00f8p Alprazolam pulver online | Kj\u00f8p Alprazolam pulver til salgs online | Kj\u00f8p billig Alprazolam pulver p\u00e5 nett | Hvor kan du kj\u00f8pe Alprazolam-pulver online<\/p>\n<\/p><\/div>\n","protected":false},"featured_media":5453,"comment_status":"open","ping_status":"closed","template":"","meta":[],"product_brand":[],"product_cat":[2014],"product_tag":[2719,2723,1152,2720,2721,2722,1153,2725,2724],"class_list":{"0":"post-5442","1":"product","2":"type-product","3":"status-publish","4":"has-post-thumbnail","6":"product_cat-kjpe-forskning-kjemikalier","7":"product_tag-alprazolam-powder-buy","8":"product_tag-alprazolam-powder-uk","9":"product_tag-alprazolam-pulver","10":"product_tag-alprazolam-pulver-effekt","11":"product_tag-alprazolam-pulver-europa","12":"product_tag-alprazolam-powder-reddit","13":"product_tag-alprazolam-pulver-til-salg","14":"product_tag-buy-alprazolam-powder-europe","15":"product_tag-kjp-alprazolam-pulver","17":"first","18":"instock","19":"shipping-taxable","20":"purchasable","21":"product-type-variable","22":"has-default-attributes"},"yoast_head":"<!-- This site is optimized with the Yoast SEO plugin v27.3 - https:\/\/yoast.com\/product\/yoast-seo-wordpress\/ -->\n<title>Kj\u00f8p Alprazolam pulver - Alprazolam pulver - Best Global Meds<\/title>\n<meta name=\"description\" content=\"Kj\u00f8p Alprazolam pulver p\u00e5 nett. Ekte Alprazolam pulver p\u00e5 nett \u2013 Alprazolam pulver til salgs | Kj\u00f8p Alprazolam pulver online | Kj\u00f8p Alprazolam pulver til salgs| Kj\u00f8p billig Alprazolam pulver | Hvor kan du kj\u00f8pe Alprazolam-pulver p\u00e5 nettet\" \/>\n<meta name=\"robots\" content=\"index, follow, max-snippet:-1, max-image-preview:large, max-video-preview:-1\" \/>\n<link rel=\"canonical\" href=\"https:\/\/medicinasinc.com\/no\/product\/kjop-alprazolam-pulver\/\" \/>\n<meta property=\"og:locale\" content=\"nn_NO\" \/>\n<meta property=\"og:type\" content=\"article\" \/>\n<meta property=\"og:title\" content=\"Kj\u00f8p Alprazolam pulver - Alprazolam pulver - Best Global Meds\" \/>\n<meta property=\"og:description\" content=\"Kj\u00f8p Alprazolam pulver p\u00e5 nett. Ekte Alprazolam pulver p\u00e5 nett \u2013 Alprazolam pulver til salgs | Kj\u00f8p Alprazolam pulver online | Kj\u00f8p Alprazolam pulver til salgs| Kj\u00f8p billig Alprazolam pulver | Hvor kan du kj\u00f8pe Alprazolam-pulver p\u00e5 nettet\" \/>\n<meta property=\"og:url\" content=\"https:\/\/medicinasinc.com\/no\/product\/kjop-alprazolam-pulver\/\" \/>\n<meta property=\"og:site_name\" content=\"Medicinas Inc\" \/>\n<meta property=\"article:modified_time\" content=\"2022-03-22T00:52:50+00:00\" \/>\n<meta property=\"og:image\" content=\"https:\/\/medicinasinc.com\/no\/wp-content\/uploads\/sites\/14\/2022\/02\/Buy-Alprazolam-powder.jpg\" \/>\n\t<meta property=\"og:image:width\" content=\"259\" \/>\n\t<meta property=\"og:image:height\" content=\"194\" \/>\n\t<meta property=\"og:image:type\" content=\"image\/jpeg\" \/>\n<meta name=\"twitter:card\" content=\"summary_large_image\" \/>\n<meta name=\"twitter:label1\" content=\"Est. reading time\" \/>\n\t<meta name=\"twitter:data1\" content=\"2 minutt\" \/>\n<script type=\"application\/ld+json\" class=\"yoast-schema-graph\">{\"@context\":\"https:\\\/\\\/schema.org\",\"@graph\":[{\"@type\":\"WebPage\",\"@id\":\"https:\\\/\\\/medicinasinc.com\\\/no\\\/product\\\/kjop-alprazolam-pulver\\\/\",\"url\":\"https:\\\/\\\/medicinasinc.com\\\/no\\\/product\\\/kjop-alprazolam-pulver\\\/\",\"name\":\"Kj\u00f8p Alprazolam pulver - Alprazolam pulver - Best Global Meds\",\"isPartOf\":{\"@id\":\"https:\\\/\\\/medicinasinc.com\\\/no\\\/#website\"},\"primaryImageOfPage\":{\"@id\":\"https:\\\/\\\/medicinasinc.com\\\/no\\\/product\\\/kjop-alprazolam-pulver\\\/#primaryimage\"},\"image\":{\"@id\":\"https:\\\/\\\/medicinasinc.com\\\/no\\\/product\\\/kjop-alprazolam-pulver\\\/#primaryimage\"},\"thumbnailUrl\":\"https:\\\/\\\/medicinasinc.com\\\/no\\\/wp-content\\\/uploads\\\/sites\\\/14\\\/2022\\\/02\\\/Buy-Alprazolam-powder.jpg\",\"datePublished\":\"2022-02-21T23:35:16+00:00\",\"dateModified\":\"2022-03-22T00:52:50+00:00\",\"description\":\"Kj\u00f8p Alprazolam pulver p\u00e5 nett. Ekte Alprazolam pulver p\u00e5 nett \u2013 Alprazolam pulver til salgs | Kj\u00f8p Alprazolam pulver online | Kj\u00f8p Alprazolam pulver til salgs| Kj\u00f8p billig Alprazolam pulver | Hvor kan du kj\u00f8pe Alprazolam-pulver p\u00e5 nettet\",\"breadcrumb\":{\"@id\":\"https:\\\/\\\/medicinasinc.com\\\/no\\\/product\\\/kjop-alprazolam-pulver\\\/#breadcrumb\"},\"inLanguage\":\"nn-NO\",\"potentialAction\":[{\"@type\":\"ReadAction\",\"target\":[\"https:\\\/\\\/medicinasinc.com\\\/no\\\/product\\\/kjop-alprazolam-pulver\\\/\"]}]},{\"@type\":\"ImageObject\",\"inLanguage\":\"nn-NO\",\"@id\":\"https:\\\/\\\/medicinasinc.com\\\/no\\\/product\\\/kjop-alprazolam-pulver\\\/#primaryimage\",\"url\":\"https:\\\/\\\/medicinasinc.com\\\/no\\\/wp-content\\\/uploads\\\/sites\\\/14\\\/2022\\\/02\\\/Buy-Alprazolam-powder.jpg\",\"contentUrl\":\"https:\\\/\\\/medicinasinc.com\\\/no\\\/wp-content\\\/uploads\\\/sites\\\/14\\\/2022\\\/02\\\/Buy-Alprazolam-powder.jpg\",\"width\":259,\"height\":194},{\"@type\":\"BreadcrumbList\",\"@id\":\"https:\\\/\\\/medicinasinc.com\\\/no\\\/product\\\/kjop-alprazolam-pulver\\\/#breadcrumb\",\"itemListElement\":[{\"@type\":\"ListItem\",\"position\":1,\"name\":\"Butikk\",\"item\":\"https:\\\/\\\/medicinasinc.com\\\/no\\\/butikk\\\/\"},{\"@type\":\"ListItem\",\"position\":2,\"name\":\"Kj\u00f8p Alprazolam pulver\"}]},{\"@type\":\"WebSite\",\"@id\":\"https:\\\/\\\/medicinasinc.com\\\/no\\\/#website\",\"url\":\"https:\\\/\\\/medicinasinc.com\\\/no\\\/\",\"name\":\"Medicinas Inc\",\"description\":\"Helsemedisinsk klinikk\",\"potentialAction\":[{\"@type\":\"SearchAction\",\"target\":{\"@type\":\"EntryPoint\",\"urlTemplate\":\"https:\\\/\\\/medicinasinc.com\\\/no\\\/?s={search_term_string}\"},\"query-input\":{\"@type\":\"PropertyValueSpecification\",\"valueRequired\":true,\"valueName\":\"search_term_string\"}}],\"inLanguage\":\"nn-NO\"}]}<\/script>\n<!-- \/ Yoast SEO plugin. -->","yoast_head_json":{"title":"Kj\u00f8p Alprazolam pulver - Alprazolam pulver - Best Global Meds","description":"Kj\u00f8p Alprazolam pulver p\u00e5 nett. Ekte Alprazolam pulver p\u00e5 nett \u2013 Alprazolam pulver til salgs | Kj\u00f8p Alprazolam pulver online | Kj\u00f8p Alprazolam pulver til salgs| Kj\u00f8p billig Alprazolam pulver | Hvor kan du kj\u00f8pe Alprazolam-pulver p\u00e5 nettet","robots":{"index":"index","follow":"follow","max-snippet":"max-snippet:-1","max-image-preview":"max-image-preview:large","max-video-preview":"max-video-preview:-1"},"canonical":"https:\/\/medicinasinc.com\/no\/product\/kjop-alprazolam-pulver\/","og_locale":"nn_NO","og_type":"article","og_title":"Kj\u00f8p Alprazolam pulver - Alprazolam pulver - Best Global Meds","og_description":"Kj\u00f8p Alprazolam pulver p\u00e5 nett. Ekte Alprazolam pulver p\u00e5 nett \u2013 Alprazolam pulver til salgs | Kj\u00f8p Alprazolam pulver online | Kj\u00f8p Alprazolam pulver til salgs| Kj\u00f8p billig Alprazolam pulver | Hvor kan du kj\u00f8pe Alprazolam-pulver p\u00e5 nettet","og_url":"https:\/\/medicinasinc.com\/no\/product\/kjop-alprazolam-pulver\/","og_site_name":"Medicinas Inc","article_modified_time":"2022-03-22T00:52:50+00:00","og_image":[{"width":259,"height":194,"url":"https:\/\/medicinasinc.com\/no\/wp-content\/uploads\/sites\/14\/2022\/02\/Buy-Alprazolam-powder.jpg","type":"image\/jpeg"}],"twitter_card":"summary_large_image","twitter_misc":{"Est. reading time":"2 minutt"},"schema":{"@context":"https:\/\/schema.org","@graph":[{"@type":"WebPage","@id":"https:\/\/medicinasinc.com\/no\/product\/kjop-alprazolam-pulver\/","url":"https:\/\/medicinasinc.com\/no\/product\/kjop-alprazolam-pulver\/","name":"Kj\u00f8p Alprazolam pulver - Alprazolam pulver - Best Global Meds","isPartOf":{"@id":"https:\/\/medicinasinc.com\/no\/#website"},"primaryImageOfPage":{"@id":"https:\/\/medicinasinc.com\/no\/product\/kjop-alprazolam-pulver\/#primaryimage"},"image":{"@id":"https:\/\/medicinasinc.com\/no\/product\/kjop-alprazolam-pulver\/#primaryimage"},"thumbnailUrl":"https:\/\/medicinasinc.com\/no\/wp-content\/uploads\/sites\/14\/2022\/02\/Buy-Alprazolam-powder.jpg","datePublished":"2022-02-21T23:35:16+00:00","dateModified":"2022-03-22T00:52:50+00:00","description":"Kj\u00f8p Alprazolam pulver p\u00e5 nett. Ekte Alprazolam pulver p\u00e5 nett \u2013 Alprazolam pulver til salgs | Kj\u00f8p Alprazolam pulver online | Kj\u00f8p Alprazolam pulver til salgs| Kj\u00f8p billig Alprazolam pulver | Hvor kan du kj\u00f8pe Alprazolam-pulver p\u00e5 nettet","breadcrumb":{"@id":"https:\/\/medicinasinc.com\/no\/product\/kjop-alprazolam-pulver\/#breadcrumb"},"inLanguage":"nn-NO","potentialAction":[{"@type":"ReadAction","target":["https:\/\/medicinasinc.com\/no\/product\/kjop-alprazolam-pulver\/"]}]},{"@type":"ImageObject","inLanguage":"nn-NO","@id":"https:\/\/medicinasinc.com\/no\/product\/kjop-alprazolam-pulver\/#primaryimage","url":"https:\/\/medicinasinc.com\/no\/wp-content\/uploads\/sites\/14\/2022\/02\/Buy-Alprazolam-powder.jpg","contentUrl":"https:\/\/medicinasinc.com\/no\/wp-content\/uploads\/sites\/14\/2022\/02\/Buy-Alprazolam-powder.jpg","width":259,"height":194},{"@type":"BreadcrumbList","@id":"https:\/\/medicinasinc.com\/no\/product\/kjop-alprazolam-pulver\/#breadcrumb","itemListElement":[{"@type":"ListItem","position":1,"name":"Butikk","item":"https:\/\/medicinasinc.com\/no\/butikk\/"},{"@type":"ListItem","position":2,"name":"Kj\u00f8p Alprazolam pulver"}]},{"@type":"WebSite","@id":"https:\/\/medicinasinc.com\/no\/#website","url":"https:\/\/medicinasinc.com\/no\/","name":"Medicinas Inc","description":"Helsemedisinsk klinikk","potentialAction":[{"@type":"SearchAction","target":{"@type":"EntryPoint","urlTemplate":"https:\/\/medicinasinc.com\/no\/?s={search_term_string}"},"query-input":{"@type":"PropertyValueSpecification","valueRequired":true,"valueName":"search_term_string"}}],"inLanguage":"nn-NO"}]}},"_links":{"self":[{"href":"https:\/\/medicinasinc.com\/no\/wp-json\/wp\/v2\/product\/5442","targetHints":{"allow":["GET"]}}],"collection":[{"href":"https:\/\/medicinasinc.com\/no\/wp-json\/wp\/v2\/product"}],"about":[{"href":"https:\/\/medicinasinc.com\/no\/wp-json\/wp\/v2\/types\/product"}],"replies":[{"embeddable":true,"href":"https:\/\/medicinasinc.com\/no\/wp-json\/wp\/v2\/comments?post=5442"}],"wp:featuredmedia":[{"embeddable":true,"href":"https:\/\/medicinasinc.com\/no\/wp-json\/wp\/v2\/media\/5453"}],"wp:attachment":[{"href":"https:\/\/medicinasinc.com\/no\/wp-json\/wp\/v2\/media?parent=5442"}],"wp:term":[{"taxonomy":"product_brand","embeddable":true,"href":"https:\/\/medicinasinc.com\/no\/wp-json\/wp\/v2\/product_brand?post=5442"},{"taxonomy":"product_cat","embeddable":true,"href":"https:\/\/medicinasinc.com\/no\/wp-json\/wp\/v2\/product_cat?post=5442"},{"taxonomy":"product_tag","embeddable":true,"href":"https:\/\/medicinasinc.com\/no\/wp-json\/wp\/v2\/product_tag?post=5442"}],"curies":[{"name":"wp","href":"https:\/\/api.w.org\/{rel}","templated":true}]}}