{"id":5441,"date":"2022-02-21T23:32:20","date_gmt":"2022-02-21T23:32:20","guid":{"rendered":"https:\/\/medicinasinc.com\/no\/?post_type=product&#038;p=5441"},"modified":"2022-03-22T00:53:02","modified_gmt":"2022-03-22T00:53:02","slug":"kjop-alpha-pvp","status":"publish","type":"product","link":"https:\/\/medicinasinc.com\/no\/product\/kjop-alpha-pvp\/","title":{"rendered":"Kj\u00f8p Alpha-PVP"},"content":{"rendered":"<p>Online Alpha-PVP-kj\u00f8p<\/p>\n<p>Alpha-PVP er et syntetisk sentralstimulerende middel som brukes i det medisinske feltet for \u00e5 behandle en rekke sykdommer. Alpha er klassifisert som et prodrug i katinonklassen. Alpha PVP ble opprettet som et designermedisin f\u00f8rst. Det er n\u00e5 veldig popul\u00e6rt blant folk for andre form\u00e5l, for eksempel smertelindring. Dette syntetiske sentralstimulerende midlet brukes for \u00e5 tilfredsstille behovene til narkotikabrukere. Den ble popul\u00e6r 40 \u00e5r etter utgivelsen av sitt f\u00f8rste produkt, i \u00e5r 2000. Det viktigste \u00e5 huske er at det ikke ble brukt av selv et lite samfunn av mennesker mellom disse \u00e5rene. Siden 2000 og frem til n\u00e5 har den imidlertid vokst i popularitet til et punkt hvor den brukes av nesten 70 % av verdens befolkning.<\/p>\n<p>\u00c5rsaken til populariteten til Alpha-PVP psykedeliske stoffer<\/p>\n<p>Hvor kan jeg f\u00e5 PVP? Alpha-PVP<\/p>\n<p>Alpha-PVP er medlem av den vanligste klassen av pro-drugs og er mye brukt. Hoved\u00e5rsaken til dens popularitet er dens h\u00f8ye styrke og raske handling. Den virker p\u00e5 samme m\u00e5te som andre sentralstimulerende midler ved at den virker direkte p\u00e5 sentralnervesystemet.<\/p>\n<p>Den virker imidlertid raskt og frigj\u00f8r hormoner for \u00e5 utf\u00f8re de \u00f8nskede handlingene. P\u00e5 grunn av sin virkem\u00e5te er Alpha PVP ogs\u00e5 kjent som et sentralnervesystemstimulerende middel.<\/p>\n<p>Alpha-PVP psykedeliske legemidler for medisinske form\u00e5l<\/p>\n<p>Alpha-PVP hjelper ogs\u00e5 menneskesinnet i kontrollere flyktige f\u00f8lelser som lykke, tristhet eller smerte. Dette stoffet hjelper sinnet med \u00e5 forestille seg en normal ramme for \u00e5 fungere normalt og uten problemer. P\u00e5 denne m\u00e5ten brukes Alpha-PVP for \u00e5 lindre alle typer sjokk.<\/p>\n<p>Dette pro-stoffet brukes i danseklubber og barer. Dette brukes imidlertid kun i visse behandlinger i henhold til legens anvisninger.<\/p>\n<p>Legene behandler pasientene med Alpha-PVP-baserte medisiner. Den prim\u00e6re applikasjonen er \u00e5 behandle depresjon og angst.<\/p>\n<p>Dette er noen av n\u00f8kkelfunksjonene som driver \u00f8kningen i bruk av alfa-PVP. Det blir stadig mer popul\u00e6rt i begge feltene.<\/p>\n<p>Slik kj\u00f8per du a-PVP trygt \u2013 Beskrivelse<\/p>\n<p>Systematisk IUPAC-navn: 1-Phenyl-2-(1-pyrrolidinyl)-1 -pentanon Fullt kjemisk navn: alfa-Pyrrolidinopentiofenon<br \/> CAS-nr. 14530-33-7<br \/> MolekylformelC15H21NO Molekylmasse231,333 g\/mol ChemSpider Number9324063<\/p>\n<p>Pyrrolidinalopentiofenon, (Pyrrolidinalopentiofenon, PVP, alpha-PVP, O-2387, -keton-prolintane) er en sentralstimulerende forbindelse oppdaget p\u00e5 1960-tallet som er relatert til pyrovaleron og er ketonanalogen til prolintan.<\/p>\n<p>I stor skala, v\u00e5r online butikkavtaler med Alpha-PVP. Du kan f\u00e5 de produktene du \u00f8nsker til sv\u00e6rt lave priser. Du vil ogs\u00e5 motta produktet i l\u00f8pet av kort tid takket v\u00e6re v\u00e5re elektroniske leveringstjenester.<\/p>\n","protected":false},"excerpt":{"rendered":"<div class=\"woocommerce-product-details__short-description\">\n<p>\u00f8nsker \u00e5 kj\u00f8pe billig A-pvp, kj\u00f8pe alpha-Pyrrolidinopentiophenone for salg Storbritannia, Europa i v\u00e5r bestglobalemeds.com-butikk med rask verdensomspennende frakt! Den beste A-pvp for bestilling finner du her! <em>\u03b1<\/em>&#8211;<em>PVP<\/em>(fullt navn er:<em>\u03b1<\/em>&#8211;<em>Pyrrolidinopentiophenone<\/em>) ogs\u00e5 kjent som\u00a0<em>alfa<\/em>-pyrrolidinovalerofenon, A-<em>PVP<\/em>,\u00a0<em>alfa<\/em>&#8211;<em>PVP<\/em>,<\/p>\n<p>Hva akkurat er a-PVP?<br \/> A-PVP (alfa-pyrrolidinovalerofenon, -PVP, alfa-PVP, O-2387, -keton-prolintane) er en sentralstimulerende forbindelse utviklet p\u00e5 1960-tallet som er relatert til pyrovaleron og er ketonanalog av prolintan.<\/p>\n<\/p><\/div>\n","protected":false},"featured_media":5451,"comment_status":"open","ping_status":"closed","template":"","meta":[],"product_brand":[],"product_cat":[2014],"product_tag":[2665,2666,2667,2683,2669,2670,2671,2674,2676,2675,2680,2668,2673,2677,2672,2678,2681,2682,2679,2684,2685,2686,2687,2688,2689,2712,2713,2711,2690,2691,2692,2697,2698,2699,2700,2705,2706,2716,2663,2664,2717,2718,2701,2704,2694,2695,2696,2693,2702,2703,2707,2708,2709,2710,2714,2715],"class_list":{"0":"post-5441","1":"product","2":"type-product","3":"status-publish","4":"has-post-thumbnail","6":"product_cat-kjpe-forskning-kjemikalier","7":"product_tag-a-pvp-powder-or-crystals","8":"product_tag-a-pvp","9":"product_tag-a-pvp-pulver","10":"product_tag-a-pvp-anmeldelse","11":"product_tag-a-pvp-crystal","12":"product_tag-a-pvp-krystall-australia","13":"product_tag-a-pvp-krystall-canada","14":"product_tag-a-pvp-crystal-review","15":"product_tag-a-pvp-crystal-uk","16":"product_tag-a-pvp-crystal-supplier","17":"product_tag-a-pvp-for-sale-online","18":"product_tag-a-pvp-buy-usa","19":"product_tag-a-pvp-krystall-til-salg","20":"product_tag-a-pvp-crystal-usa","21":"product_tag-a-pvp-krystall-dosering","22":"product_tag-en-pvp-krystall-leverandr","23":"product_tag-a-pvp-powders","24":"product_tag-a-pvp-reddit","25":"product_tag-a-pvp-til-salg","26":"product_tag-a-pvp-stimulanter","27":"product_tag-a-pvp-stimulanter-til-salg","28":"product_tag-alpha-pvp-til-salgs","29":"product_tag-alpha-pvp-wiki","30":"product_tag-alpha-pvp-effekt","31":"product_tag-apvp-pulver","32":"product_tag-bestille-en-pvp-krystall","33":"product_tag-bestill-en-pvp-online","34":"product_tag-bestille-en-pvp","35":"product_tag-buy-a-pvp","36":"product_tag-buy-a-pvp-powder-for-sale","37":"product_tag-buy-a-pvp-big-crystal","38":"product_tag-buy-a-pvp-big-crystals-made","39":"product_tag-buy-a-pvp-big-crystals-online","40":"product_tag-buy-a-pvp-big-crystalxp-net","41":"product_tag-buy-a-pvp-crystal-online","42":"product_tag-buy-a-pvp-powders","43":"product_tag-buy-a-pvp-stimulants","44":"product_tag-det-beste-stedet--kjpe-en-pvp-online","45":"product_tag-a-pvp-kjp","46":"product_tag-a-pvp-pulver-til-salg","47":"product_tag-hvor-kan-kjpe-en-pvp","48":"product_tag-hvor-kan-kjpe-en-pvp-online","49":"product_tag-kjp-en-pvp-online","50":"product_tag-buy-a-pvp-powder-anmeldelser","51":"product_tag-kjp-en-pvp-store-krystaller","52":"product_tag-kjp-en-pvp-store-krystaller-til-salg","53":"product_tag-kjp-en-pvp-store-krystaller-fri","54":"product_tag-kjp-en-pvp-big-crystal-rapporter","55":"product_tag-kjp-en-pvp-pulver","56":"product_tag-kjp-en-pvp-pulver-produkter","57":"product_tag-kjp-alpha-pvp","58":"product_tag-kjp-apvp-overnight-shipping","59":"product_tag-kjp-apvp-usa-kredittkort","60":"product_tag-mail-a-pvp","61":"product_tag-purchase-a-pvp-online","62":"product_tag-ren-en-pvp-krystall","64":"first","65":"instock","66":"shipping-taxable","67":"purchasable","68":"product-type-variable"},"yoast_head":"<!-- This site is optimized with the Yoast SEO plugin v27.3 - https:\/\/yoast.com\/product\/yoast-seo-wordpress\/ -->\n<title>Kj\u00f8p Alpha-PVP - Alpha-PVP til salgs - Beste beste globale medisiner<\/title>\n<meta name=\"description\" content=\"Kj\u00f8p A-pvp, kj\u00f8p alpha-Pyrrolidinopentiofenon for salg Storbritannia, Europa i v\u00e5r bestglobalemeds.com-butikk med rask verdensomspennende frakt! Den beste A-pvp for bestilling finner du her!\" \/>\n<meta name=\"robots\" content=\"index, follow, max-snippet:-1, max-image-preview:large, max-video-preview:-1\" \/>\n<link rel=\"canonical\" href=\"https:\/\/medicinasinc.com\/no\/product\/kjop-alpha-pvp\/\" \/>\n<meta property=\"og:locale\" content=\"nn_NO\" \/>\n<meta property=\"og:type\" content=\"article\" \/>\n<meta property=\"og:title\" content=\"Kj\u00f8p Alpha-PVP - Alpha-PVP til salgs - Beste beste globale medisiner\" \/>\n<meta property=\"og:description\" content=\"Kj\u00f8p A-pvp, kj\u00f8p alpha-Pyrrolidinopentiofenon for salg Storbritannia, Europa i v\u00e5r bestglobalemeds.com-butikk med rask verdensomspennende frakt! Den beste A-pvp for bestilling finner du her!\" \/>\n<meta property=\"og:url\" content=\"https:\/\/medicinasinc.com\/no\/product\/kjop-alpha-pvp\/\" \/>\n<meta property=\"og:site_name\" content=\"Medicinas Inc\" \/>\n<meta property=\"article:modified_time\" content=\"2022-03-22T00:53:02+00:00\" \/>\n<meta property=\"og:image\" content=\"https:\/\/medicinasinc.com\/no\/wp-content\/uploads\/sites\/14\/2022\/02\/Buy-alpha-pvp.jpg\" \/>\n\t<meta property=\"og:image:width\" content=\"458\" \/>\n\t<meta property=\"og:image:height\" content=\"458\" \/>\n\t<meta property=\"og:image:type\" content=\"image\/jpeg\" \/>\n<meta name=\"twitter:card\" content=\"summary_large_image\" \/>\n<meta name=\"twitter:label1\" content=\"Est. reading time\" \/>\n\t<meta name=\"twitter:data1\" content=\"2 minutt\" \/>\n<script type=\"application\/ld+json\" class=\"yoast-schema-graph\">{\"@context\":\"https:\\\/\\\/schema.org\",\"@graph\":[{\"@type\":\"WebPage\",\"@id\":\"https:\\\/\\\/medicinasinc.com\\\/no\\\/product\\\/kjop-alpha-pvp\\\/\",\"url\":\"https:\\\/\\\/medicinasinc.com\\\/no\\\/product\\\/kjop-alpha-pvp\\\/\",\"name\":\"Kj\u00f8p Alpha-PVP - Alpha-PVP til salgs - Beste beste globale medisiner\",\"isPartOf\":{\"@id\":\"https:\\\/\\\/medicinasinc.com\\\/no\\\/#website\"},\"primaryImageOfPage\":{\"@id\":\"https:\\\/\\\/medicinasinc.com\\\/no\\\/product\\\/kjop-alpha-pvp\\\/#primaryimage\"},\"image\":{\"@id\":\"https:\\\/\\\/medicinasinc.com\\\/no\\\/product\\\/kjop-alpha-pvp\\\/#primaryimage\"},\"thumbnailUrl\":\"https:\\\/\\\/medicinasinc.com\\\/no\\\/wp-content\\\/uploads\\\/sites\\\/14\\\/2022\\\/02\\\/Buy-alpha-pvp.jpg\",\"datePublished\":\"2022-02-21T23:32:20+00:00\",\"dateModified\":\"2022-03-22T00:53:02+00:00\",\"description\":\"Kj\u00f8p A-pvp, kj\u00f8p alpha-Pyrrolidinopentiofenon for salg Storbritannia, Europa i v\u00e5r bestglobalemeds.com-butikk med rask verdensomspennende frakt! Den beste A-pvp for bestilling finner du her!\",\"breadcrumb\":{\"@id\":\"https:\\\/\\\/medicinasinc.com\\\/no\\\/product\\\/kjop-alpha-pvp\\\/#breadcrumb\"},\"inLanguage\":\"nn-NO\",\"potentialAction\":[{\"@type\":\"ReadAction\",\"target\":[\"https:\\\/\\\/medicinasinc.com\\\/no\\\/product\\\/kjop-alpha-pvp\\\/\"]}]},{\"@type\":\"ImageObject\",\"inLanguage\":\"nn-NO\",\"@id\":\"https:\\\/\\\/medicinasinc.com\\\/no\\\/product\\\/kjop-alpha-pvp\\\/#primaryimage\",\"url\":\"https:\\\/\\\/medicinasinc.com\\\/no\\\/wp-content\\\/uploads\\\/sites\\\/14\\\/2022\\\/02\\\/Buy-alpha-pvp.jpg\",\"contentUrl\":\"https:\\\/\\\/medicinasinc.com\\\/no\\\/wp-content\\\/uploads\\\/sites\\\/14\\\/2022\\\/02\\\/Buy-alpha-pvp.jpg\",\"width\":458,\"height\":458},{\"@type\":\"BreadcrumbList\",\"@id\":\"https:\\\/\\\/medicinasinc.com\\\/no\\\/product\\\/kjop-alpha-pvp\\\/#breadcrumb\",\"itemListElement\":[{\"@type\":\"ListItem\",\"position\":1,\"name\":\"Butikk\",\"item\":\"https:\\\/\\\/medicinasinc.com\\\/no\\\/butikk\\\/\"},{\"@type\":\"ListItem\",\"position\":2,\"name\":\"Kj\u00f8p Alpha-PVP\"}]},{\"@type\":\"WebSite\",\"@id\":\"https:\\\/\\\/medicinasinc.com\\\/no\\\/#website\",\"url\":\"https:\\\/\\\/medicinasinc.com\\\/no\\\/\",\"name\":\"Medicinas Inc\",\"description\":\"Helsemedisinsk klinikk\",\"potentialAction\":[{\"@type\":\"SearchAction\",\"target\":{\"@type\":\"EntryPoint\",\"urlTemplate\":\"https:\\\/\\\/medicinasinc.com\\\/no\\\/?s={search_term_string}\"},\"query-input\":{\"@type\":\"PropertyValueSpecification\",\"valueRequired\":true,\"valueName\":\"search_term_string\"}}],\"inLanguage\":\"nn-NO\"}]}<\/script>\n<!-- \/ Yoast SEO plugin. -->","yoast_head_json":{"title":"Kj\u00f8p Alpha-PVP - Alpha-PVP til salgs - Beste beste globale medisiner","description":"Kj\u00f8p A-pvp, kj\u00f8p alpha-Pyrrolidinopentiofenon for salg Storbritannia, Europa i v\u00e5r bestglobalemeds.com-butikk med rask verdensomspennende frakt! Den beste A-pvp for bestilling finner du her!","robots":{"index":"index","follow":"follow","max-snippet":"max-snippet:-1","max-image-preview":"max-image-preview:large","max-video-preview":"max-video-preview:-1"},"canonical":"https:\/\/medicinasinc.com\/no\/product\/kjop-alpha-pvp\/","og_locale":"nn_NO","og_type":"article","og_title":"Kj\u00f8p Alpha-PVP - Alpha-PVP til salgs - Beste beste globale medisiner","og_description":"Kj\u00f8p A-pvp, kj\u00f8p alpha-Pyrrolidinopentiofenon for salg Storbritannia, Europa i v\u00e5r bestglobalemeds.com-butikk med rask verdensomspennende frakt! Den beste A-pvp for bestilling finner du her!","og_url":"https:\/\/medicinasinc.com\/no\/product\/kjop-alpha-pvp\/","og_site_name":"Medicinas Inc","article_modified_time":"2022-03-22T00:53:02+00:00","og_image":[{"width":458,"height":458,"url":"https:\/\/medicinasinc.com\/no\/wp-content\/uploads\/sites\/14\/2022\/02\/Buy-alpha-pvp.jpg","type":"image\/jpeg"}],"twitter_card":"summary_large_image","twitter_misc":{"Est. reading time":"2 minutt"},"schema":{"@context":"https:\/\/schema.org","@graph":[{"@type":"WebPage","@id":"https:\/\/medicinasinc.com\/no\/product\/kjop-alpha-pvp\/","url":"https:\/\/medicinasinc.com\/no\/product\/kjop-alpha-pvp\/","name":"Kj\u00f8p Alpha-PVP - Alpha-PVP til salgs - Beste beste globale medisiner","isPartOf":{"@id":"https:\/\/medicinasinc.com\/no\/#website"},"primaryImageOfPage":{"@id":"https:\/\/medicinasinc.com\/no\/product\/kjop-alpha-pvp\/#primaryimage"},"image":{"@id":"https:\/\/medicinasinc.com\/no\/product\/kjop-alpha-pvp\/#primaryimage"},"thumbnailUrl":"https:\/\/medicinasinc.com\/no\/wp-content\/uploads\/sites\/14\/2022\/02\/Buy-alpha-pvp.jpg","datePublished":"2022-02-21T23:32:20+00:00","dateModified":"2022-03-22T00:53:02+00:00","description":"Kj\u00f8p A-pvp, kj\u00f8p alpha-Pyrrolidinopentiofenon for salg Storbritannia, Europa i v\u00e5r bestglobalemeds.com-butikk med rask verdensomspennende frakt! Den beste A-pvp for bestilling finner du her!","breadcrumb":{"@id":"https:\/\/medicinasinc.com\/no\/product\/kjop-alpha-pvp\/#breadcrumb"},"inLanguage":"nn-NO","potentialAction":[{"@type":"ReadAction","target":["https:\/\/medicinasinc.com\/no\/product\/kjop-alpha-pvp\/"]}]},{"@type":"ImageObject","inLanguage":"nn-NO","@id":"https:\/\/medicinasinc.com\/no\/product\/kjop-alpha-pvp\/#primaryimage","url":"https:\/\/medicinasinc.com\/no\/wp-content\/uploads\/sites\/14\/2022\/02\/Buy-alpha-pvp.jpg","contentUrl":"https:\/\/medicinasinc.com\/no\/wp-content\/uploads\/sites\/14\/2022\/02\/Buy-alpha-pvp.jpg","width":458,"height":458},{"@type":"BreadcrumbList","@id":"https:\/\/medicinasinc.com\/no\/product\/kjop-alpha-pvp\/#breadcrumb","itemListElement":[{"@type":"ListItem","position":1,"name":"Butikk","item":"https:\/\/medicinasinc.com\/no\/butikk\/"},{"@type":"ListItem","position":2,"name":"Kj\u00f8p Alpha-PVP"}]},{"@type":"WebSite","@id":"https:\/\/medicinasinc.com\/no\/#website","url":"https:\/\/medicinasinc.com\/no\/","name":"Medicinas Inc","description":"Helsemedisinsk klinikk","potentialAction":[{"@type":"SearchAction","target":{"@type":"EntryPoint","urlTemplate":"https:\/\/medicinasinc.com\/no\/?s={search_term_string}"},"query-input":{"@type":"PropertyValueSpecification","valueRequired":true,"valueName":"search_term_string"}}],"inLanguage":"nn-NO"}]}},"_links":{"self":[{"href":"https:\/\/medicinasinc.com\/no\/wp-json\/wp\/v2\/product\/5441","targetHints":{"allow":["GET"]}}],"collection":[{"href":"https:\/\/medicinasinc.com\/no\/wp-json\/wp\/v2\/product"}],"about":[{"href":"https:\/\/medicinasinc.com\/no\/wp-json\/wp\/v2\/types\/product"}],"replies":[{"embeddable":true,"href":"https:\/\/medicinasinc.com\/no\/wp-json\/wp\/v2\/comments?post=5441"}],"wp:featuredmedia":[{"embeddable":true,"href":"https:\/\/medicinasinc.com\/no\/wp-json\/wp\/v2\/media\/5451"}],"wp:attachment":[{"href":"https:\/\/medicinasinc.com\/no\/wp-json\/wp\/v2\/media?parent=5441"}],"wp:term":[{"taxonomy":"product_brand","embeddable":true,"href":"https:\/\/medicinasinc.com\/no\/wp-json\/wp\/v2\/product_brand?post=5441"},{"taxonomy":"product_cat","embeddable":true,"href":"https:\/\/medicinasinc.com\/no\/wp-json\/wp\/v2\/product_cat?post=5441"},{"taxonomy":"product_tag","embeddable":true,"href":"https:\/\/medicinasinc.com\/no\/wp-json\/wp\/v2\/product_tag?post=5441"}],"curies":[{"name":"wp","href":"https:\/\/api.w.org\/{rel}","templated":true}]}}