{"id":5440,"date":"2022-02-21T23:30:16","date_gmt":"2022-02-21T23:30:16","guid":{"rendered":"https:\/\/medicinasinc.com\/no\/?post_type=product&#038;p=5440"},"modified":"2022-03-22T00:53:11","modified_gmt":"2022-03-22T00:53:11","slug":"buy-ald-52-blottere","status":"publish","type":"product","link":"https:\/\/medicinasinc.com\/no\/product\/buy-ald-52-blottere\/","title":{"rendered":"Kj\u00f8p ALD-52 Blotters"},"content":{"rendered":"<p>ALD-52 Blotters kan kj\u00f8pes online. Blottere som inneholder 100mcg ALD-52<\/p>\n<p>ALD-52 Blottere kan kj\u00f8pes p\u00e5 nettet.<\/p>\n<p>Blottere som inneholder 100mcg ALD-52<\/p>\n<p>ALD 52 Blotter, Kj\u00f8p ALD 52 Blotter <\/p>\n<p>ALD-52 er et moteriktig medikament som har blitt konsolidert av ulike res chems p\u00e5 grunn av en forsinket ALD-52 historie og forskjellige andre ALD-52 navn. ALD-52 kj\u00f8pes online av forskere for bruk innen medisinering, rekreasjons- og forskningsdomener. De psykotropiske attributtene til ALD-52 gjorde det utvilsomt blant laboratoriearbeidere og fageksperter. Et bredt spekter av typiske kunder velger \u00e5 kj\u00f8pe tilgjengelig for kj\u00f8p for \u00e5 ha spenning, tilfredshet, opprettholde energihold og \u00f8ke seksuell aktivitet.<\/p>\n<p>Det er viktig \u00e5 velge ALD-52 produsert med de beste typene av fremdrift ved metoder for fullstendig kontrollert innsamlingstiltak. Omfattende bidrag til unders\u00f8kelsesfremstilte blandinger som er tilgjengelige for kj\u00f8p er gjort mulig p\u00e5 markedet for \u00e5 kontrollere produksjonstilstanden i kinesiske laboratorier hvor alt dusjsalt lages.<\/p>\n<p>Som en uovertruffen leverand\u00f8r jobber organisasjonen v\u00e5r direkte med legitime kinesiske organisasjoner. Den lar deg bytte dusjsalter av h\u00f8yeste feilfrihet og kvalitet. ALD-52 blandes under strengt tilsyn og i henhold til alle prinsipper. Bruk av de nyeste konsistente dataene som er tilgjengelige for \u00e5 gi den mest blendende prisen p\u00e5 det beste nettstedet for \u00e5 kj\u00f8pe forskningskonstruerte materialer. ALD-52-pellets, ALD-52-flekkeoverflater og ALD-52-pulver transporteres i kinesiske laboratorier. Avsender av ALD-52 sender ALD-52 til ethvert land. Et tett samarbeid med legitime ALD-52-leverand\u00f8rer sikrer at resultatene av dine tester og unders\u00f8kelser blir realisert i tide.<\/p>\n<p>I lang tid har leverand\u00f8ren v\u00e6rt en p\u00e5litelig produsent av evalueringskjemikalier. Kunder har gitt nettstedet et overveldende rykte gjennom hele res chems-nettverket. ald 52 til salgs, ald 52 kj\u00f8p, ald 52 kj\u00f8p, ald-52 kj\u00f8p Som p\u00e5litelige RC-leverand\u00f8rer gir hele dagen hjelp til organisasjonen med erfarne ledere via live chat, som har betydelige data for \u00e5 hjelpe deg med enhver plagsom tilstand.<\/p>\n<p>P\u00e5 fremragende etterforskningskonstruerte forverringer som er tilgjengelige for kj\u00f8p p\u00e5 nettsamtaler, kan du finne positive reaksjoner fra v\u00e5re kj\u00f8pere, som for \u00f8yeblikket er forn\u00f8yde med den tilbudte typen hjelp og de beste tingene kj\u00f8pt fra denne p\u00e5 nettet.<\/p>\n","protected":false},"excerpt":{"rendered":"<div class=\"char\">SPESIFIKASJON<\/div>\n<div class=\"specification\">\n<div class=\"sprow\"><span class=\"spname\">Produktnavn:<\/span><span class=\"sptext \">ALD-52<\/span><\/div>\n<div class=\"sprow\"><span class=\"spname\">IUPAC-navn:<\/span><span class=\"sptext\">1-Acetyl-N, N-diethyllysergamide, ALD<\/span><\/div>\n<div class=\"sprow\"><span class=\"spname\">Andre navn:<\/span><span class=\"sptext\">N-acetyl-LSD, Acetyllysergsyredietylamid, d-acetyllysergsyredietylamid, d-acetyldietyllysergamid<\/span><\/div>\n<div class=\"sprow\"><span class=\"spname\">Cas Number:<\/span><span class=\"sptext\">3270-02-8<\/span><\/div>\n<div class=\"sprow\"><span class=\"spname\">Molekylformel:<\/span><span class=\"sptext\">C22H27N3O2<\/span><\/div>\n<div class=\"sprow\"><span class=\"spname\">Molar masse:<\/span><span class=\"sptext\">365,477 g\u2022mol-1<\/span><\/div>\n<div class=\"sprow\"><span class=\"spname\">Effekt:<\/span><span class=\"sptext\">psykedelisk, hallusinogent<\/span><\/div>\n<div class=\"sprow\"><\/div>\n<\/p><\/div>\n<p>Kj\u00f8p ALD-52 Blotters p\u00e5 nett. <em>ALD<\/em>\u2013<em>52<\/em>\u00a0er N-acetylderivatet av LSD. <strong>100mcg<\/strong>\u00a0ALD-52 Blotters.<\/p>\n<p>ALD-52 til salgs i Europa, kj\u00f8p med Bitcoin og motta diskr\u00e9 frakt fra EU. ALD-52 Blotters til salgs, ALD-52 r\u00e5pulver til salgs, leverand\u00f8r av forskningskjemikalier<\/p>\n<p>Bestill en pr\u00f8ve for testing eller kj\u00f8p ALD-52 for salg med gratis levering i Storbritannia, USA eller Europa.<\/p>\n","protected":false},"featured_media":5449,"comment_status":"open","ping_status":"closed","template":"","meta":[],"product_brand":[],"product_cat":[2014],"product_tag":[2650,2651,2652,2659,2653,2654,2658,2661,2662,2660,2657,2655,2656],"class_list":{"0":"post-5440","1":"product","2":"type-product","3":"status-publish","4":"has-post-thumbnail","6":"product_cat-kjpe-forskning-kjemikalier","7":"product_tag-ald-52-blottere-til-salg","8":"product_tag-ald-52-blotters-online-salg","9":"product_tag-best-ald-52-blotters-online","10":"product_tag-bestille-ald-52-blotters-online","11":"product_tag-buy-ald-52-blotters-for-resale","12":"product_tag-buy-ald-52-blotters-online","13":"product_tag-diskret-levering-c3-b8r-ald-52","14":"product_tag-hvor-kan-kjpe-rene-ald-52-blotters-online","15":"product_tag-hvor-kan-bestille-legit-ald-52-blotters-online","16":"product_tag-hvor-kan-kjpe-ald-52-blotters-online","17":"product_tag-buy-order-ald-52-blowers-online","18":"product_tag-kjp-legit-ald-52-blotters-online","19":"product_tag-buy-pure-ald-52-blotters-online","21":"first","22":"instock","23":"shipping-taxable","24":"purchasable","25":"product-type-variable","26":"has-default-attributes"},"yoast_head":"<!-- This site is optimized with the Yoast SEO plugin v27.3 - https:\/\/yoast.com\/product\/yoast-seo-wordpress\/ -->\n<title>Kj\u00f8p ALD-52 Blotters - Kvalitet ALD-52 Blotters - Best Global Meds<\/title>\n<meta name=\"description\" content=\"Kj\u00f8p ALD-52 Blotters Online. kj\u00f8p ALD-52\u00a0for salg og f\u00e5 gratis levering i Storbritannia, USA eller Europa ALD\u201352 er N-acetylderivatet av LSD. 100mcg ALD-52 Blotters.\" \/>\n<meta name=\"robots\" content=\"index, follow, max-snippet:-1, max-image-preview:large, max-video-preview:-1\" \/>\n<link rel=\"canonical\" href=\"https:\/\/medicinasinc.com\/no\/product\/buy-ald-52-blottere\/\" \/>\n<meta property=\"og:locale\" content=\"nn_NO\" \/>\n<meta property=\"og:type\" content=\"article\" \/>\n<meta property=\"og:title\" content=\"Kj\u00f8p ALD-52 Blotters - Kvalitet ALD-52 Blotters - Best Global Meds\" \/>\n<meta property=\"og:description\" content=\"Kj\u00f8p ALD-52 Blotters Online. kj\u00f8p ALD-52\u00a0for salg og f\u00e5 gratis levering i Storbritannia, USA eller Europa ALD\u201352 er N-acetylderivatet av LSD. 100mcg ALD-52 Blotters.\" \/>\n<meta property=\"og:url\" content=\"https:\/\/medicinasinc.com\/no\/product\/buy-ald-52-blottere\/\" \/>\n<meta property=\"og:site_name\" content=\"Medicinas Inc\" \/>\n<meta property=\"article:modified_time\" content=\"2022-03-22T00:53:11+00:00\" \/>\n<meta property=\"og:image\" content=\"https:\/\/medicinasinc.com\/no\/wp-content\/uploads\/sites\/14\/2022\/02\/Buy-ALD-52-Blotters.jpg\" \/>\n\t<meta property=\"og:image:width\" content=\"350\" \/>\n\t<meta property=\"og:image:height\" content=\"350\" \/>\n\t<meta property=\"og:image:type\" content=\"image\/jpeg\" \/>\n<meta name=\"twitter:card\" content=\"summary_large_image\" \/>\n<meta name=\"twitter:label1\" content=\"Est. reading time\" \/>\n\t<meta name=\"twitter:data1\" content=\"2 minutt\" \/>\n<script type=\"application\/ld+json\" class=\"yoast-schema-graph\">{\"@context\":\"https:\\\/\\\/schema.org\",\"@graph\":[{\"@type\":\"WebPage\",\"@id\":\"https:\\\/\\\/medicinasinc.com\\\/no\\\/product\\\/buy-ald-52-blottere\\\/\",\"url\":\"https:\\\/\\\/medicinasinc.com\\\/no\\\/product\\\/buy-ald-52-blottere\\\/\",\"name\":\"Kj\u00f8p ALD-52 Blotters - Kvalitet ALD-52 Blotters - Best Global Meds\",\"isPartOf\":{\"@id\":\"https:\\\/\\\/medicinasinc.com\\\/no\\\/#website\"},\"primaryImageOfPage\":{\"@id\":\"https:\\\/\\\/medicinasinc.com\\\/no\\\/product\\\/buy-ald-52-blottere\\\/#primaryimage\"},\"image\":{\"@id\":\"https:\\\/\\\/medicinasinc.com\\\/no\\\/product\\\/buy-ald-52-blottere\\\/#primaryimage\"},\"thumbnailUrl\":\"https:\\\/\\\/medicinasinc.com\\\/no\\\/wp-content\\\/uploads\\\/sites\\\/14\\\/2022\\\/02\\\/Buy-ALD-52-Blotters.jpg\",\"datePublished\":\"2022-02-21T23:30:16+00:00\",\"dateModified\":\"2022-03-22T00:53:11+00:00\",\"description\":\"Kj\u00f8p ALD-52 Blotters Online. kj\u00f8p ALD-52\u00a0for salg og f\u00e5 gratis levering i Storbritannia, USA eller Europa ALD\u201352 er N-acetylderivatet av LSD. 100mcg ALD-52 Blotters.\",\"breadcrumb\":{\"@id\":\"https:\\\/\\\/medicinasinc.com\\\/no\\\/product\\\/buy-ald-52-blottere\\\/#breadcrumb\"},\"inLanguage\":\"nn-NO\",\"potentialAction\":[{\"@type\":\"ReadAction\",\"target\":[\"https:\\\/\\\/medicinasinc.com\\\/no\\\/product\\\/buy-ald-52-blottere\\\/\"]}]},{\"@type\":\"ImageObject\",\"inLanguage\":\"nn-NO\",\"@id\":\"https:\\\/\\\/medicinasinc.com\\\/no\\\/product\\\/buy-ald-52-blottere\\\/#primaryimage\",\"url\":\"https:\\\/\\\/medicinasinc.com\\\/no\\\/wp-content\\\/uploads\\\/sites\\\/14\\\/2022\\\/02\\\/Buy-ALD-52-Blotters.jpg\",\"contentUrl\":\"https:\\\/\\\/medicinasinc.com\\\/no\\\/wp-content\\\/uploads\\\/sites\\\/14\\\/2022\\\/02\\\/Buy-ALD-52-Blotters.jpg\",\"width\":350,\"height\":350},{\"@type\":\"BreadcrumbList\",\"@id\":\"https:\\\/\\\/medicinasinc.com\\\/no\\\/product\\\/buy-ald-52-blottere\\\/#breadcrumb\",\"itemListElement\":[{\"@type\":\"ListItem\",\"position\":1,\"name\":\"Butikk\",\"item\":\"https:\\\/\\\/medicinasinc.com\\\/no\\\/butikk\\\/\"},{\"@type\":\"ListItem\",\"position\":2,\"name\":\"Kj\u00f8p ALD-52 Blotters\"}]},{\"@type\":\"WebSite\",\"@id\":\"https:\\\/\\\/medicinasinc.com\\\/no\\\/#website\",\"url\":\"https:\\\/\\\/medicinasinc.com\\\/no\\\/\",\"name\":\"Medicinas Inc\",\"description\":\"Helsemedisinsk klinikk\",\"potentialAction\":[{\"@type\":\"SearchAction\",\"target\":{\"@type\":\"EntryPoint\",\"urlTemplate\":\"https:\\\/\\\/medicinasinc.com\\\/no\\\/?s={search_term_string}\"},\"query-input\":{\"@type\":\"PropertyValueSpecification\",\"valueRequired\":true,\"valueName\":\"search_term_string\"}}],\"inLanguage\":\"nn-NO\"}]}<\/script>\n<!-- \/ Yoast SEO plugin. -->","yoast_head_json":{"title":"Kj\u00f8p ALD-52 Blotters - Kvalitet ALD-52 Blotters - Best Global Meds","description":"Kj\u00f8p ALD-52 Blotters Online. kj\u00f8p ALD-52\u00a0for salg og f\u00e5 gratis levering i Storbritannia, USA eller Europa ALD\u201352 er N-acetylderivatet av LSD. 100mcg ALD-52 Blotters.","robots":{"index":"index","follow":"follow","max-snippet":"max-snippet:-1","max-image-preview":"max-image-preview:large","max-video-preview":"max-video-preview:-1"},"canonical":"https:\/\/medicinasinc.com\/no\/product\/buy-ald-52-blottere\/","og_locale":"nn_NO","og_type":"article","og_title":"Kj\u00f8p ALD-52 Blotters - Kvalitet ALD-52 Blotters - Best Global Meds","og_description":"Kj\u00f8p ALD-52 Blotters Online. kj\u00f8p ALD-52\u00a0for salg og f\u00e5 gratis levering i Storbritannia, USA eller Europa ALD\u201352 er N-acetylderivatet av LSD. 100mcg ALD-52 Blotters.","og_url":"https:\/\/medicinasinc.com\/no\/product\/buy-ald-52-blottere\/","og_site_name":"Medicinas Inc","article_modified_time":"2022-03-22T00:53:11+00:00","og_image":[{"width":350,"height":350,"url":"https:\/\/medicinasinc.com\/no\/wp-content\/uploads\/sites\/14\/2022\/02\/Buy-ALD-52-Blotters.jpg","type":"image\/jpeg"}],"twitter_card":"summary_large_image","twitter_misc":{"Est. reading time":"2 minutt"},"schema":{"@context":"https:\/\/schema.org","@graph":[{"@type":"WebPage","@id":"https:\/\/medicinasinc.com\/no\/product\/buy-ald-52-blottere\/","url":"https:\/\/medicinasinc.com\/no\/product\/buy-ald-52-blottere\/","name":"Kj\u00f8p ALD-52 Blotters - Kvalitet ALD-52 Blotters - Best Global Meds","isPartOf":{"@id":"https:\/\/medicinasinc.com\/no\/#website"},"primaryImageOfPage":{"@id":"https:\/\/medicinasinc.com\/no\/product\/buy-ald-52-blottere\/#primaryimage"},"image":{"@id":"https:\/\/medicinasinc.com\/no\/product\/buy-ald-52-blottere\/#primaryimage"},"thumbnailUrl":"https:\/\/medicinasinc.com\/no\/wp-content\/uploads\/sites\/14\/2022\/02\/Buy-ALD-52-Blotters.jpg","datePublished":"2022-02-21T23:30:16+00:00","dateModified":"2022-03-22T00:53:11+00:00","description":"Kj\u00f8p ALD-52 Blotters Online. kj\u00f8p ALD-52\u00a0for salg og f\u00e5 gratis levering i Storbritannia, USA eller Europa ALD\u201352 er N-acetylderivatet av LSD. 100mcg ALD-52 Blotters.","breadcrumb":{"@id":"https:\/\/medicinasinc.com\/no\/product\/buy-ald-52-blottere\/#breadcrumb"},"inLanguage":"nn-NO","potentialAction":[{"@type":"ReadAction","target":["https:\/\/medicinasinc.com\/no\/product\/buy-ald-52-blottere\/"]}]},{"@type":"ImageObject","inLanguage":"nn-NO","@id":"https:\/\/medicinasinc.com\/no\/product\/buy-ald-52-blottere\/#primaryimage","url":"https:\/\/medicinasinc.com\/no\/wp-content\/uploads\/sites\/14\/2022\/02\/Buy-ALD-52-Blotters.jpg","contentUrl":"https:\/\/medicinasinc.com\/no\/wp-content\/uploads\/sites\/14\/2022\/02\/Buy-ALD-52-Blotters.jpg","width":350,"height":350},{"@type":"BreadcrumbList","@id":"https:\/\/medicinasinc.com\/no\/product\/buy-ald-52-blottere\/#breadcrumb","itemListElement":[{"@type":"ListItem","position":1,"name":"Butikk","item":"https:\/\/medicinasinc.com\/no\/butikk\/"},{"@type":"ListItem","position":2,"name":"Kj\u00f8p ALD-52 Blotters"}]},{"@type":"WebSite","@id":"https:\/\/medicinasinc.com\/no\/#website","url":"https:\/\/medicinasinc.com\/no\/","name":"Medicinas Inc","description":"Helsemedisinsk klinikk","potentialAction":[{"@type":"SearchAction","target":{"@type":"EntryPoint","urlTemplate":"https:\/\/medicinasinc.com\/no\/?s={search_term_string}"},"query-input":{"@type":"PropertyValueSpecification","valueRequired":true,"valueName":"search_term_string"}}],"inLanguage":"nn-NO"}]}},"_links":{"self":[{"href":"https:\/\/medicinasinc.com\/no\/wp-json\/wp\/v2\/product\/5440","targetHints":{"allow":["GET"]}}],"collection":[{"href":"https:\/\/medicinasinc.com\/no\/wp-json\/wp\/v2\/product"}],"about":[{"href":"https:\/\/medicinasinc.com\/no\/wp-json\/wp\/v2\/types\/product"}],"replies":[{"embeddable":true,"href":"https:\/\/medicinasinc.com\/no\/wp-json\/wp\/v2\/comments?post=5440"}],"wp:featuredmedia":[{"embeddable":true,"href":"https:\/\/medicinasinc.com\/no\/wp-json\/wp\/v2\/media\/5449"}],"wp:attachment":[{"href":"https:\/\/medicinasinc.com\/no\/wp-json\/wp\/v2\/media?parent=5440"}],"wp:term":[{"taxonomy":"product_brand","embeddable":true,"href":"https:\/\/medicinasinc.com\/no\/wp-json\/wp\/v2\/product_brand?post=5440"},{"taxonomy":"product_cat","embeddable":true,"href":"https:\/\/medicinasinc.com\/no\/wp-json\/wp\/v2\/product_cat?post=5440"},{"taxonomy":"product_tag","embeddable":true,"href":"https:\/\/medicinasinc.com\/no\/wp-json\/wp\/v2\/product_tag?post=5440"}],"curies":[{"name":"wp","href":"https:\/\/api.w.org\/{rel}","templated":true}]}}