{"id":5419,"date":"2022-02-21T23:00:46","date_gmt":"2022-02-21T23:00:46","guid":{"rendered":"https:\/\/medicinasinc.com\/no\/?post_type=product&#038;p=5419"},"modified":"2022-03-22T00:53:19","modified_gmt":"2022-03-22T00:53:19","slug":"kjop-adb-pinaca-pulver","status":"publish","type":"product","link":"https:\/\/medicinasinc.com\/no\/product\/kjop-adb-pinaca-pulver\/","title":{"rendered":"Kj\u00f8p ADB-PINACA-pulver"},"content":{"rendered":"<p><strong>ADB-Pinaca-pulver med h\u00f8y renhet er tilgjengelig<\/strong><\/p>\n<p>Pulver og krystall Methiopropamin \/ MPA kan kj\u00f8pes fra ADB-Pinaca Powder Purity 98 % Chemical Stock<\/p>\n<p>Renhet av ADB-Pinaca-pulver<\/p>\n<p>ProName: 5F-MDMB-PINACA 5F-ADB 5FADB ADB-pulver<br \/> CasNo: 68585-34-2<br \/> Molekylformel: ADB<br \/> Utseende: hvitt krystallinsk pulver<br \/> Bruksomr\u00e5de: farmas\u00f8ytisk mellomprodukt<br \/> Leveringstid: 4-7 dager for ferdigvarer<br \/> Pakke: 1kg\/Aluminiumsfoliepose<br \/> Port: Tianjin<br \/> Produksjonskapasitet : 10 000 kilogram\/m\u00e5ned<br \/> Renhet: &gt;99,5 %<br \/> Oppbevaring: hold deg kj\u00f8lig, t\u00f8rt og godt forseglet<br \/> Transport: med EMS, DHL, FEDEX<br \/> Fuktighetsinnhold: \u2264 0,01<\/p>\n<p>Kj\u00f8p <a href=\"https:\/\/en.wikipedia.org\/wiki\/ADB-PINACA\">ADB-Pinaca<\/a> Powder Purity 98% for salg, unders\u00f8k kjemikalier, kj\u00f8p forskning p\u00e5 kjemikalier Kina, beste nettsted for \u00e5 kj\u00f8pe forskning kjemikalier, forskning kjemikalier reddit, bodybuilding forskning kjemikalier, billige forskning kjemikalier usa, kj\u00f8pe forskning c hemicals online europa<\/p>\n<p>&nbsp;<\/p>\n<div class=\"product-next-previous\">\n<div class=\"product-prev\"><\/div><\/div>\n","protected":false},"excerpt":{"rendered":"<p>Kj\u00f8p ADB-Pinaca Powder High Purity. Kj\u00f8p ADB-Pinaca Powder Purity 98% Chemical Stock tilgjengelig i Powder &amp; Krystall<\/p>\n<p>Kj\u00f8p ADB-Pinaca Powder\u00a0for salg i Europa, Storbritannia, EU, Kina Renhet 98 % kjemisk lager tilgjengelig i\u00a0Powder\u00a0&amp; CrystalMethiopropamine \/ MPA\u00a0ADB-Pinaca Powder Purity.<\/p>\n","protected":false},"featured_media":5431,"comment_status":"open","ping_status":"closed","template":"","meta":[],"product_brand":[],"product_cat":[2014],"product_tag":[2634,2635,2632,2633,2649,2638,2648,2637,2640,2643,2641,2642,2636,2644,2645,2646,2647,2639],"class_list":{"0":"post-5419","1":"product","2":"type-product","3":"status-publish","4":"has-post-thumbnail","6":"product_cat-kjpe-forskning-kjemikalier","7":"product_tag-adb-fubinaca-anmeldelse","8":"product_tag-adb-fubinaca-leverandrer","9":"product_tag-adb-fubinaca-per-gram","10":"product_tag-adb-fubinaca-price","11":"product_tag-anmeldelse-adb-fubinaca","12":"product_tag-description-adb-fubinaca","13":"product_tag-ordre-adb-fubinaca","14":"product_tag-buy-online-adb-fubinaca","15":"product_tag-fubinaca-effekter","16":"product_tag-how-to-purchase-adb-fubinaca","17":"product_tag-hvor-mye-koster-hastighet-adb-fubinaca","18":"product_tag-hvordan-kjpe-adb-fubinaca","19":"product_tag-kjp-adb-fubinaca","20":"product_tag-lavpris-adb-fubinaca","21":"product_tag-lavhastighets-adb-fubinaca","22":"product_tag-mdmb-fubinaca","23":"product_tag-online-kjp-adb-fubinaca","24":"product_tag-til-salgs-adb-fubinaca","26":"first","27":"instock","28":"shipping-taxable","29":"purchasable","30":"product-type-variable","31":"has-default-attributes"},"yoast_head":"<!-- This site is optimized with the Yoast SEO plugin v27.3 - https:\/\/yoast.com\/product\/yoast-seo-wordpress\/ -->\n<title>Kj\u00f8p ADB-PINACA-pulver - ADB-PINACA - Beste beste globale medisiner<\/title>\n<meta name=\"description\" content=\"Kj\u00f8p ADB-Pinaca Powder\u00a0for salg i Europa, Storbritannia, EU, Kina Renhet 98 % kjemisk lager i\u00a0pulver\u00a0&amp; Krystallmetiopropamin \/ MPA\u00a0ADB-Pinaca-pulver.\" \/>\n<meta name=\"robots\" content=\"index, follow, max-snippet:-1, max-image-preview:large, max-video-preview:-1\" \/>\n<link rel=\"canonical\" href=\"https:\/\/medicinasinc.com\/no\/product\/kjop-adb-pinaca-pulver\/\" \/>\n<meta property=\"og:locale\" content=\"nn_NO\" \/>\n<meta property=\"og:type\" content=\"article\" \/>\n<meta property=\"og:title\" content=\"Kj\u00f8p ADB-PINACA-pulver - ADB-PINACA - Beste beste globale medisiner\" \/>\n<meta property=\"og:description\" content=\"Kj\u00f8p ADB-Pinaca Powder\u00a0for salg i Europa, Storbritannia, EU, Kina Renhet 98 % kjemisk lager i\u00a0pulver\u00a0&amp; Krystallmetiopropamin \/ MPA\u00a0ADB-Pinaca-pulver.\" \/>\n<meta property=\"og:url\" content=\"https:\/\/medicinasinc.com\/no\/product\/kjop-adb-pinaca-pulver\/\" \/>\n<meta property=\"og:site_name\" content=\"Medicinas Inc\" \/>\n<meta property=\"article:modified_time\" content=\"2022-03-22T00:53:19+00:00\" \/>\n<meta property=\"og:image\" content=\"https:\/\/medicinasinc.com\/no\/wp-content\/uploads\/sites\/14\/2022\/02\/Buy-ADB-Pinaca-Powder.png\" \/>\n\t<meta property=\"og:image:width\" content=\"600\" \/>\n\t<meta property=\"og:image:height\" content=\"400\" \/>\n\t<meta property=\"og:image:type\" content=\"image\/png\" \/>\n<meta name=\"twitter:card\" content=\"summary_large_image\" \/>\n<meta name=\"twitter:label1\" content=\"Est. reading time\" \/>\n\t<meta name=\"twitter:data1\" content=\"1 minutt\" \/>\n<script type=\"application\/ld+json\" class=\"yoast-schema-graph\">{\"@context\":\"https:\\\/\\\/schema.org\",\"@graph\":[{\"@type\":\"WebPage\",\"@id\":\"https:\\\/\\\/medicinasinc.com\\\/no\\\/product\\\/kjop-adb-pinaca-pulver\\\/\",\"url\":\"https:\\\/\\\/medicinasinc.com\\\/no\\\/product\\\/kjop-adb-pinaca-pulver\\\/\",\"name\":\"Kj\u00f8p ADB-PINACA-pulver - ADB-PINACA - Beste beste globale medisiner\",\"isPartOf\":{\"@id\":\"https:\\\/\\\/medicinasinc.com\\\/no\\\/#website\"},\"primaryImageOfPage\":{\"@id\":\"https:\\\/\\\/medicinasinc.com\\\/no\\\/product\\\/kjop-adb-pinaca-pulver\\\/#primaryimage\"},\"image\":{\"@id\":\"https:\\\/\\\/medicinasinc.com\\\/no\\\/product\\\/kjop-adb-pinaca-pulver\\\/#primaryimage\"},\"thumbnailUrl\":\"https:\\\/\\\/medicinasinc.com\\\/no\\\/wp-content\\\/uploads\\\/sites\\\/14\\\/2022\\\/02\\\/Buy-ADB-Pinaca-Powder.png\",\"datePublished\":\"2022-02-21T23:00:46+00:00\",\"dateModified\":\"2022-03-22T00:53:19+00:00\",\"description\":\"Kj\u00f8p ADB-Pinaca Powder\u00a0for salg i Europa, Storbritannia, EU, Kina Renhet 98 % kjemisk lager i\u00a0pulver\u00a0&amp; Krystallmetiopropamin \\\/ MPA\u00a0ADB-Pinaca-pulver.\",\"breadcrumb\":{\"@id\":\"https:\\\/\\\/medicinasinc.com\\\/no\\\/product\\\/kjop-adb-pinaca-pulver\\\/#breadcrumb\"},\"inLanguage\":\"nn-NO\",\"potentialAction\":[{\"@type\":\"ReadAction\",\"target\":[\"https:\\\/\\\/medicinasinc.com\\\/no\\\/product\\\/kjop-adb-pinaca-pulver\\\/\"]}]},{\"@type\":\"ImageObject\",\"inLanguage\":\"nn-NO\",\"@id\":\"https:\\\/\\\/medicinasinc.com\\\/no\\\/product\\\/kjop-adb-pinaca-pulver\\\/#primaryimage\",\"url\":\"https:\\\/\\\/medicinasinc.com\\\/no\\\/wp-content\\\/uploads\\\/sites\\\/14\\\/2022\\\/02\\\/Buy-ADB-Pinaca-Powder.png\",\"contentUrl\":\"https:\\\/\\\/medicinasinc.com\\\/no\\\/wp-content\\\/uploads\\\/sites\\\/14\\\/2022\\\/02\\\/Buy-ADB-Pinaca-Powder.png\",\"width\":600,\"height\":400},{\"@type\":\"BreadcrumbList\",\"@id\":\"https:\\\/\\\/medicinasinc.com\\\/no\\\/product\\\/kjop-adb-pinaca-pulver\\\/#breadcrumb\",\"itemListElement\":[{\"@type\":\"ListItem\",\"position\":1,\"name\":\"Butikk\",\"item\":\"https:\\\/\\\/medicinasinc.com\\\/no\\\/butikk\\\/\"},{\"@type\":\"ListItem\",\"position\":2,\"name\":\"Kj\u00f8p ADB-PINACA-pulver\"}]},{\"@type\":\"WebSite\",\"@id\":\"https:\\\/\\\/medicinasinc.com\\\/no\\\/#website\",\"url\":\"https:\\\/\\\/medicinasinc.com\\\/no\\\/\",\"name\":\"Medicinas Inc\",\"description\":\"Helsemedisinsk klinikk\",\"potentialAction\":[{\"@type\":\"SearchAction\",\"target\":{\"@type\":\"EntryPoint\",\"urlTemplate\":\"https:\\\/\\\/medicinasinc.com\\\/no\\\/?s={search_term_string}\"},\"query-input\":{\"@type\":\"PropertyValueSpecification\",\"valueRequired\":true,\"valueName\":\"search_term_string\"}}],\"inLanguage\":\"nn-NO\"}]}<\/script>\n<!-- \/ Yoast SEO plugin. -->","yoast_head_json":{"title":"Kj\u00f8p ADB-PINACA-pulver - ADB-PINACA - Beste beste globale medisiner","description":"Kj\u00f8p ADB-Pinaca Powder\u00a0for salg i Europa, Storbritannia, EU, Kina Renhet 98 % kjemisk lager i\u00a0pulver\u00a0&amp; Krystallmetiopropamin \/ MPA\u00a0ADB-Pinaca-pulver.","robots":{"index":"index","follow":"follow","max-snippet":"max-snippet:-1","max-image-preview":"max-image-preview:large","max-video-preview":"max-video-preview:-1"},"canonical":"https:\/\/medicinasinc.com\/no\/product\/kjop-adb-pinaca-pulver\/","og_locale":"nn_NO","og_type":"article","og_title":"Kj\u00f8p ADB-PINACA-pulver - ADB-PINACA - Beste beste globale medisiner","og_description":"Kj\u00f8p ADB-Pinaca Powder\u00a0for salg i Europa, Storbritannia, EU, Kina Renhet 98 % kjemisk lager i\u00a0pulver\u00a0&amp; Krystallmetiopropamin \/ MPA\u00a0ADB-Pinaca-pulver.","og_url":"https:\/\/medicinasinc.com\/no\/product\/kjop-adb-pinaca-pulver\/","og_site_name":"Medicinas Inc","article_modified_time":"2022-03-22T00:53:19+00:00","og_image":[{"width":600,"height":400,"url":"https:\/\/medicinasinc.com\/no\/wp-content\/uploads\/sites\/14\/2022\/02\/Buy-ADB-Pinaca-Powder.png","type":"image\/png"}],"twitter_card":"summary_large_image","twitter_misc":{"Est. reading time":"1 minutt"},"schema":{"@context":"https:\/\/schema.org","@graph":[{"@type":"WebPage","@id":"https:\/\/medicinasinc.com\/no\/product\/kjop-adb-pinaca-pulver\/","url":"https:\/\/medicinasinc.com\/no\/product\/kjop-adb-pinaca-pulver\/","name":"Kj\u00f8p ADB-PINACA-pulver - ADB-PINACA - Beste beste globale medisiner","isPartOf":{"@id":"https:\/\/medicinasinc.com\/no\/#website"},"primaryImageOfPage":{"@id":"https:\/\/medicinasinc.com\/no\/product\/kjop-adb-pinaca-pulver\/#primaryimage"},"image":{"@id":"https:\/\/medicinasinc.com\/no\/product\/kjop-adb-pinaca-pulver\/#primaryimage"},"thumbnailUrl":"https:\/\/medicinasinc.com\/no\/wp-content\/uploads\/sites\/14\/2022\/02\/Buy-ADB-Pinaca-Powder.png","datePublished":"2022-02-21T23:00:46+00:00","dateModified":"2022-03-22T00:53:19+00:00","description":"Kj\u00f8p ADB-Pinaca Powder\u00a0for salg i Europa, Storbritannia, EU, Kina Renhet 98 % kjemisk lager i\u00a0pulver\u00a0&amp; Krystallmetiopropamin \/ MPA\u00a0ADB-Pinaca-pulver.","breadcrumb":{"@id":"https:\/\/medicinasinc.com\/no\/product\/kjop-adb-pinaca-pulver\/#breadcrumb"},"inLanguage":"nn-NO","potentialAction":[{"@type":"ReadAction","target":["https:\/\/medicinasinc.com\/no\/product\/kjop-adb-pinaca-pulver\/"]}]},{"@type":"ImageObject","inLanguage":"nn-NO","@id":"https:\/\/medicinasinc.com\/no\/product\/kjop-adb-pinaca-pulver\/#primaryimage","url":"https:\/\/medicinasinc.com\/no\/wp-content\/uploads\/sites\/14\/2022\/02\/Buy-ADB-Pinaca-Powder.png","contentUrl":"https:\/\/medicinasinc.com\/no\/wp-content\/uploads\/sites\/14\/2022\/02\/Buy-ADB-Pinaca-Powder.png","width":600,"height":400},{"@type":"BreadcrumbList","@id":"https:\/\/medicinasinc.com\/no\/product\/kjop-adb-pinaca-pulver\/#breadcrumb","itemListElement":[{"@type":"ListItem","position":1,"name":"Butikk","item":"https:\/\/medicinasinc.com\/no\/butikk\/"},{"@type":"ListItem","position":2,"name":"Kj\u00f8p ADB-PINACA-pulver"}]},{"@type":"WebSite","@id":"https:\/\/medicinasinc.com\/no\/#website","url":"https:\/\/medicinasinc.com\/no\/","name":"Medicinas Inc","description":"Helsemedisinsk klinikk","potentialAction":[{"@type":"SearchAction","target":{"@type":"EntryPoint","urlTemplate":"https:\/\/medicinasinc.com\/no\/?s={search_term_string}"},"query-input":{"@type":"PropertyValueSpecification","valueRequired":true,"valueName":"search_term_string"}}],"inLanguage":"nn-NO"}]}},"_links":{"self":[{"href":"https:\/\/medicinasinc.com\/no\/wp-json\/wp\/v2\/product\/5419","targetHints":{"allow":["GET"]}}],"collection":[{"href":"https:\/\/medicinasinc.com\/no\/wp-json\/wp\/v2\/product"}],"about":[{"href":"https:\/\/medicinasinc.com\/no\/wp-json\/wp\/v2\/types\/product"}],"replies":[{"embeddable":true,"href":"https:\/\/medicinasinc.com\/no\/wp-json\/wp\/v2\/comments?post=5419"}],"wp:featuredmedia":[{"embeddable":true,"href":"https:\/\/medicinasinc.com\/no\/wp-json\/wp\/v2\/media\/5431"}],"wp:attachment":[{"href":"https:\/\/medicinasinc.com\/no\/wp-json\/wp\/v2\/media?parent=5419"}],"wp:term":[{"taxonomy":"product_brand","embeddable":true,"href":"https:\/\/medicinasinc.com\/no\/wp-json\/wp\/v2\/product_brand?post=5419"},{"taxonomy":"product_cat","embeddable":true,"href":"https:\/\/medicinasinc.com\/no\/wp-json\/wp\/v2\/product_cat?post=5419"},{"taxonomy":"product_tag","embeddable":true,"href":"https:\/\/medicinasinc.com\/no\/wp-json\/wp\/v2\/product_tag?post=5419"}],"curies":[{"name":"wp","href":"https:\/\/api.w.org\/{rel}","templated":true}]}}