{"id":5418,"date":"2022-02-21T22:59:50","date_gmt":"2022-02-21T22:59:50","guid":{"rendered":"https:\/\/medicinasinc.com\/no\/?post_type=product&#038;p=5418"},"modified":"2022-03-22T00:53:28","modified_gmt":"2022-03-22T00:53:28","slug":"kjop-acetyl-fentanyl-pulver-99-rent-online","status":"publish","type":"product","link":"https:\/\/medicinasinc.com\/no\/product\/kjop-acetyl-fentanyl-pulver-99-rent-online\/","title":{"rendered":"Kj\u00f8p Acetyl Fentanyl Powder (99%+ Pure) Online"},"content":{"rendered":"<p>Kj\u00f8p Acetyl Fentanyl Powder (99%+ Pure) Online<\/p>\n<p>KJ\u00d8P ACTYL FENTANYL (HYDROCHLORID)<\/p>\n<p>Acetyl Fentanyl (Hydrochloride) er et vanlig foreskrevet syntetisk opioid.<\/p>\n<p>ACETYL FENTANYLS VIRKNING (HYDROCHLORID)<\/p>\n<p>N\u00e5r en bruker tar Acetyl Fentanyl (hydroklorid), kan en bruker oppleve betydelig eufori, hum\u00f8rforh\u00f8yelse, smertelindring og sedasjon.<\/p>\n<p>Forstoppelse, s\u00f8vnighet. , bevisstl\u00f8shet og respirasjonsdepresjon er alle mulige bivirkninger av denne medisinen.<\/p>\n<p>ACETYL FENTANYL (HYDROCHLORID) &#8211; HVOR KJ\u00d8PEES?<\/p>\n<p>Acetyl Fentanyl (Hydrochloride) er tilgjengelig for kj\u00f8p online p\u00e5 All Care Express nettapotek. Dette produktet kan kj\u00f8pes uten resept til de beste prisene tilgjengelig her. Bestill Acetyl Fentanyl (Hydrochloride) online n\u00e5 og f\u00e5 det levert p\u00e5 d\u00f8ren til rett tid.<\/p>\n","protected":false},"excerpt":{"rendered":"<p>Kj\u00f8p Acetyl Fentanyl Powder (99%+ Pure) Online. Brukes ved sterke, vedvarende smerter som ikke kan kontrolleres med andre medisiner. Denne medisinen er en sterk narkotisk smertestillende.<\/p>\n<p>Kj\u00f8p Acetyl Fentanyl Online -Fra bestglobalmeds.com nettapotek til billige og rimelige priser med sikker og rask frakt gratis<\/p>\n","protected":false},"featured_media":5429,"comment_status":"open","ping_status":"closed","template":"","meta":[],"product_brand":[],"product_cat":[2014],"product_tag":[],"class_list":{"0":"post-5418","1":"product","2":"type-product","3":"status-publish","4":"has-post-thumbnail","6":"product_cat-kjpe-forskning-kjemikalier","8":"first","9":"instock","10":"shipping-taxable","11":"purchasable","12":"product-type-variable","13":"has-default-attributes"},"yoast_head":"<!-- This site is optimized with the Yoast SEO plugin v27.3 - https:\/\/yoast.com\/product\/yoast-seo-wordpress\/ -->\n<title>Kj\u00f8p Acetyl Fentanyl Powder (99%+ Pure) Online - Beste globale medisiner<\/title>\n<meta name=\"description\" content=\"Kj\u00f8p Acetyl Fentanyl Powder (99%+ Pure) Online. Brukes ved sterke, vedvarende smerter som ikke kan kontrolleres med andre medisiner. Dette legemidlet er et sterkt narkotisk smertestillende middel.\" \/>\n<meta name=\"robots\" content=\"index, follow, max-snippet:-1, max-image-preview:large, max-video-preview:-1\" \/>\n<link rel=\"canonical\" href=\"https:\/\/medicinasinc.com\/no\/product\/kjop-acetyl-fentanyl-pulver-99-rent-online\/\" \/>\n<meta property=\"og:locale\" content=\"nn_NO\" \/>\n<meta property=\"og:type\" content=\"article\" \/>\n<meta property=\"og:title\" content=\"Kj\u00f8p Acetyl Fentanyl Powder (99%+ Pure) Online - Beste globale medisiner\" \/>\n<meta property=\"og:description\" content=\"Kj\u00f8p Acetyl Fentanyl Powder (99%+ Pure) Online. Brukes ved sterke, vedvarende smerter som ikke kan kontrolleres med andre medisiner. Dette legemidlet er et sterkt narkotisk smertestillende middel.\" \/>\n<meta property=\"og:url\" content=\"https:\/\/medicinasinc.com\/no\/product\/kjop-acetyl-fentanyl-pulver-99-rent-online\/\" \/>\n<meta property=\"og:site_name\" content=\"Medicinas Inc\" \/>\n<meta property=\"article:modified_time\" content=\"2022-03-22T00:53:28+00:00\" \/>\n<meta property=\"og:image\" content=\"https:\/\/medicinasinc.com\/no\/wp-content\/uploads\/sites\/14\/2022\/02\/Buy-Acetyl-Fentanyl-Powder-99-Pure-online.jpg\" \/>\n\t<meta property=\"og:image:width\" content=\"600\" \/>\n\t<meta property=\"og:image:height\" content=\"600\" \/>\n\t<meta property=\"og:image:type\" content=\"image\/jpeg\" \/>\n<meta name=\"twitter:card\" content=\"summary_large_image\" \/>\n<meta name=\"twitter:label1\" content=\"Est. reading time\" \/>\n\t<meta name=\"twitter:data1\" content=\"1 minutt\" \/>\n<script type=\"application\/ld+json\" class=\"yoast-schema-graph\">{\"@context\":\"https:\\\/\\\/schema.org\",\"@graph\":[{\"@type\":\"WebPage\",\"@id\":\"https:\\\/\\\/medicinasinc.com\\\/no\\\/product\\\/kjop-acetyl-fentanyl-pulver-99-rent-online\\\/\",\"url\":\"https:\\\/\\\/medicinasinc.com\\\/no\\\/product\\\/kjop-acetyl-fentanyl-pulver-99-rent-online\\\/\",\"name\":\"Kj\u00f8p Acetyl Fentanyl Powder (99%+ Pure) Online - Beste globale medisiner\",\"isPartOf\":{\"@id\":\"https:\\\/\\\/medicinasinc.com\\\/no\\\/#website\"},\"primaryImageOfPage\":{\"@id\":\"https:\\\/\\\/medicinasinc.com\\\/no\\\/product\\\/kjop-acetyl-fentanyl-pulver-99-rent-online\\\/#primaryimage\"},\"image\":{\"@id\":\"https:\\\/\\\/medicinasinc.com\\\/no\\\/product\\\/kjop-acetyl-fentanyl-pulver-99-rent-online\\\/#primaryimage\"},\"thumbnailUrl\":\"https:\\\/\\\/medicinasinc.com\\\/no\\\/wp-content\\\/uploads\\\/sites\\\/14\\\/2022\\\/02\\\/Buy-Acetyl-Fentanyl-Powder-99-Pure-online.jpg\",\"datePublished\":\"2022-02-21T22:59:50+00:00\",\"dateModified\":\"2022-03-22T00:53:28+00:00\",\"description\":\"Kj\u00f8p Acetyl Fentanyl Powder (99%+ Pure) Online. Brukes ved sterke, vedvarende smerter som ikke kan kontrolleres med andre medisiner. Dette legemidlet er et sterkt narkotisk smertestillende middel.\",\"breadcrumb\":{\"@id\":\"https:\\\/\\\/medicinasinc.com\\\/no\\\/product\\\/kjop-acetyl-fentanyl-pulver-99-rent-online\\\/#breadcrumb\"},\"inLanguage\":\"nn-NO\",\"potentialAction\":[{\"@type\":\"ReadAction\",\"target\":[\"https:\\\/\\\/medicinasinc.com\\\/no\\\/product\\\/kjop-acetyl-fentanyl-pulver-99-rent-online\\\/\"]}]},{\"@type\":\"ImageObject\",\"inLanguage\":\"nn-NO\",\"@id\":\"https:\\\/\\\/medicinasinc.com\\\/no\\\/product\\\/kjop-acetyl-fentanyl-pulver-99-rent-online\\\/#primaryimage\",\"url\":\"https:\\\/\\\/medicinasinc.com\\\/no\\\/wp-content\\\/uploads\\\/sites\\\/14\\\/2022\\\/02\\\/Buy-Acetyl-Fentanyl-Powder-99-Pure-online.jpg\",\"contentUrl\":\"https:\\\/\\\/medicinasinc.com\\\/no\\\/wp-content\\\/uploads\\\/sites\\\/14\\\/2022\\\/02\\\/Buy-Acetyl-Fentanyl-Powder-99-Pure-online.jpg\",\"width\":600,\"height\":600},{\"@type\":\"BreadcrumbList\",\"@id\":\"https:\\\/\\\/medicinasinc.com\\\/no\\\/product\\\/kjop-acetyl-fentanyl-pulver-99-rent-online\\\/#breadcrumb\",\"itemListElement\":[{\"@type\":\"ListItem\",\"position\":1,\"name\":\"Butikk\",\"item\":\"https:\\\/\\\/medicinasinc.com\\\/no\\\/butikk\\\/\"},{\"@type\":\"ListItem\",\"position\":2,\"name\":\"Kj\u00f8p Acetyl Fentanyl Powder (99%+ Pure) Online\"}]},{\"@type\":\"WebSite\",\"@id\":\"https:\\\/\\\/medicinasinc.com\\\/no\\\/#website\",\"url\":\"https:\\\/\\\/medicinasinc.com\\\/no\\\/\",\"name\":\"Medicinas Inc\",\"description\":\"Helsemedisinsk klinikk\",\"potentialAction\":[{\"@type\":\"SearchAction\",\"target\":{\"@type\":\"EntryPoint\",\"urlTemplate\":\"https:\\\/\\\/medicinasinc.com\\\/no\\\/?s={search_term_string}\"},\"query-input\":{\"@type\":\"PropertyValueSpecification\",\"valueRequired\":true,\"valueName\":\"search_term_string\"}}],\"inLanguage\":\"nn-NO\"}]}<\/script>\n<!-- \/ Yoast SEO plugin. -->","yoast_head_json":{"title":"Kj\u00f8p Acetyl Fentanyl Powder (99%+ Pure) Online - Beste globale medisiner","description":"Kj\u00f8p Acetyl Fentanyl Powder (99%+ Pure) Online. Brukes ved sterke, vedvarende smerter som ikke kan kontrolleres med andre medisiner. Dette legemidlet er et sterkt narkotisk smertestillende middel.","robots":{"index":"index","follow":"follow","max-snippet":"max-snippet:-1","max-image-preview":"max-image-preview:large","max-video-preview":"max-video-preview:-1"},"canonical":"https:\/\/medicinasinc.com\/no\/product\/kjop-acetyl-fentanyl-pulver-99-rent-online\/","og_locale":"nn_NO","og_type":"article","og_title":"Kj\u00f8p Acetyl Fentanyl Powder (99%+ Pure) Online - Beste globale medisiner","og_description":"Kj\u00f8p Acetyl Fentanyl Powder (99%+ Pure) Online. Brukes ved sterke, vedvarende smerter som ikke kan kontrolleres med andre medisiner. Dette legemidlet er et sterkt narkotisk smertestillende middel.","og_url":"https:\/\/medicinasinc.com\/no\/product\/kjop-acetyl-fentanyl-pulver-99-rent-online\/","og_site_name":"Medicinas Inc","article_modified_time":"2022-03-22T00:53:28+00:00","og_image":[{"width":600,"height":600,"url":"https:\/\/medicinasinc.com\/no\/wp-content\/uploads\/sites\/14\/2022\/02\/Buy-Acetyl-Fentanyl-Powder-99-Pure-online.jpg","type":"image\/jpeg"}],"twitter_card":"summary_large_image","twitter_misc":{"Est. reading time":"1 minutt"},"schema":{"@context":"https:\/\/schema.org","@graph":[{"@type":"WebPage","@id":"https:\/\/medicinasinc.com\/no\/product\/kjop-acetyl-fentanyl-pulver-99-rent-online\/","url":"https:\/\/medicinasinc.com\/no\/product\/kjop-acetyl-fentanyl-pulver-99-rent-online\/","name":"Kj\u00f8p Acetyl Fentanyl Powder (99%+ Pure) Online - Beste globale medisiner","isPartOf":{"@id":"https:\/\/medicinasinc.com\/no\/#website"},"primaryImageOfPage":{"@id":"https:\/\/medicinasinc.com\/no\/product\/kjop-acetyl-fentanyl-pulver-99-rent-online\/#primaryimage"},"image":{"@id":"https:\/\/medicinasinc.com\/no\/product\/kjop-acetyl-fentanyl-pulver-99-rent-online\/#primaryimage"},"thumbnailUrl":"https:\/\/medicinasinc.com\/no\/wp-content\/uploads\/sites\/14\/2022\/02\/Buy-Acetyl-Fentanyl-Powder-99-Pure-online.jpg","datePublished":"2022-02-21T22:59:50+00:00","dateModified":"2022-03-22T00:53:28+00:00","description":"Kj\u00f8p Acetyl Fentanyl Powder (99%+ Pure) Online. Brukes ved sterke, vedvarende smerter som ikke kan kontrolleres med andre medisiner. Dette legemidlet er et sterkt narkotisk smertestillende middel.","breadcrumb":{"@id":"https:\/\/medicinasinc.com\/no\/product\/kjop-acetyl-fentanyl-pulver-99-rent-online\/#breadcrumb"},"inLanguage":"nn-NO","potentialAction":[{"@type":"ReadAction","target":["https:\/\/medicinasinc.com\/no\/product\/kjop-acetyl-fentanyl-pulver-99-rent-online\/"]}]},{"@type":"ImageObject","inLanguage":"nn-NO","@id":"https:\/\/medicinasinc.com\/no\/product\/kjop-acetyl-fentanyl-pulver-99-rent-online\/#primaryimage","url":"https:\/\/medicinasinc.com\/no\/wp-content\/uploads\/sites\/14\/2022\/02\/Buy-Acetyl-Fentanyl-Powder-99-Pure-online.jpg","contentUrl":"https:\/\/medicinasinc.com\/no\/wp-content\/uploads\/sites\/14\/2022\/02\/Buy-Acetyl-Fentanyl-Powder-99-Pure-online.jpg","width":600,"height":600},{"@type":"BreadcrumbList","@id":"https:\/\/medicinasinc.com\/no\/product\/kjop-acetyl-fentanyl-pulver-99-rent-online\/#breadcrumb","itemListElement":[{"@type":"ListItem","position":1,"name":"Butikk","item":"https:\/\/medicinasinc.com\/no\/butikk\/"},{"@type":"ListItem","position":2,"name":"Kj\u00f8p Acetyl Fentanyl Powder (99%+ Pure) Online"}]},{"@type":"WebSite","@id":"https:\/\/medicinasinc.com\/no\/#website","url":"https:\/\/medicinasinc.com\/no\/","name":"Medicinas Inc","description":"Helsemedisinsk klinikk","potentialAction":[{"@type":"SearchAction","target":{"@type":"EntryPoint","urlTemplate":"https:\/\/medicinasinc.com\/no\/?s={search_term_string}"},"query-input":{"@type":"PropertyValueSpecification","valueRequired":true,"valueName":"search_term_string"}}],"inLanguage":"nn-NO"}]}},"_links":{"self":[{"href":"https:\/\/medicinasinc.com\/no\/wp-json\/wp\/v2\/product\/5418","targetHints":{"allow":["GET"]}}],"collection":[{"href":"https:\/\/medicinasinc.com\/no\/wp-json\/wp\/v2\/product"}],"about":[{"href":"https:\/\/medicinasinc.com\/no\/wp-json\/wp\/v2\/types\/product"}],"replies":[{"embeddable":true,"href":"https:\/\/medicinasinc.com\/no\/wp-json\/wp\/v2\/comments?post=5418"}],"wp:featuredmedia":[{"embeddable":true,"href":"https:\/\/medicinasinc.com\/no\/wp-json\/wp\/v2\/media\/5429"}],"wp:attachment":[{"href":"https:\/\/medicinasinc.com\/no\/wp-json\/wp\/v2\/media?parent=5418"}],"wp:term":[{"taxonomy":"product_brand","embeddable":true,"href":"https:\/\/medicinasinc.com\/no\/wp-json\/wp\/v2\/product_brand?post=5418"},{"taxonomy":"product_cat","embeddable":true,"href":"https:\/\/medicinasinc.com\/no\/wp-json\/wp\/v2\/product_cat?post=5418"},{"taxonomy":"product_tag","embeddable":true,"href":"https:\/\/medicinasinc.com\/no\/wp-json\/wp\/v2\/product_tag?post=5418"}],"curies":[{"name":"wp","href":"https:\/\/api.w.org\/{rel}","templated":true}]}}