{"id":5390,"date":"2022-02-21T22:27:36","date_gmt":"2022-02-21T22:27:36","guid":{"rendered":"https:\/\/medicinasinc.com\/no\/?post_type=product&#038;p=5390"},"modified":"2022-03-22T00:53:57","modified_gmt":"2022-03-22T00:53:57","slug":"kjop-5-metoksymetylon-pulver-pa-nettet","status":"publish","type":"product","link":"https:\/\/medicinasinc.com\/no\/product\/kjop-5-metoksymetylon-pulver-pa-nettet\/","title":{"rendered":"Kj\u00f8p 5-metoksymetylonpulver p\u00e5 nett"},"content":{"rendered":"<p>Kj\u00f8p pulverisert 5-metoksymetylon p\u00e5 nettet.<\/p>\n<p>Katinonbasert designermedikament 2-A1MP, eller 5-metoksymetylonpulver, er en kjemisk forbindelse som har blitt tilbudt p\u00e5 nettet som designermedisin. 5-Methoxy-MDMA er en beta-ketonform av dette stoffet. Molekyl\u00e6r struktur ser ikke ut til \u00e5 v\u00e6re assosiert med den mer utbredte betegnelsen 2-AIMP\/2-A1MP. Tilsetningen av en metoksygruppe ved det femte karbonatomet i den aromatiske ringen skiller de to molekylene fra metylon. Kj\u00f8p 5-metoksymetylonpulver. Denne forbindelsens toksisitet er fortsatt uklar. Kj\u00f8p 5-metoksymetylon p\u00e5 internett.<\/p>\n<p>Under gatenavnet 2-A1MP er 5-metoksymetylon klassifisert som et kontrollert stoff i Ungarn.<\/p>\n<p>Kj\u00f8p 5-metoksymetylon.<\/p>\n<p>Se ogs\u00e5<br \/> Lophophine<br \/> 5-Methylethylone<br \/> 5-Methyl-MDA<br \/> Kj\u00f8p BK-MMDMA-pulver p\u00e5 nett<\/p>\n<div class=\"product- neste-forrige\">\n<div class=\"product-prev\"><\/div><\/div>\n","protected":false},"excerpt":{"rendered":"<div class=\"woocommerce-product-details__short-description\">\n<p>Kj\u00f8p 5-Methoxymethyl One, Kj\u00f8p 5-Methoxymethylone-pulver online. Ekte 5-metoksymetylon p\u00e5 nett \u2013 5-metoksymetylon til salgs | Kj\u00f8p 5-metoksymetylon online | Kj\u00f8p 5-metoksymetylonpulver for salg| Kj\u00f8p billig 5-metoksymetylonpulver | Hvor kan du kj\u00f8pe 5-Methoxymethylone-pulver p\u00e5 nettet.<\/p>\n<\/p><\/div>\n","protected":false},"featured_media":5402,"comment_status":"open","ping_status":"closed","template":"","meta":[],"product_brand":[],"product_cat":[2014],"product_tag":[],"class_list":{"0":"post-5390","1":"product","2":"type-product","3":"status-publish","4":"has-post-thumbnail","6":"product_cat-kjpe-forskning-kjemikalier","8":"first","9":"instock","10":"shipping-taxable","11":"purchasable","12":"product-type-variable","13":"has-default-attributes"},"yoast_head":"<!-- This site is optimized with the Yoast SEO plugin v27.3 - https:\/\/yoast.com\/product\/yoast-seo-wordpress\/ -->\n<title>Kj\u00f8p 5-metoksymetylonpulver p\u00e5 nett - Beste beste globale medisiner<\/title>\n<meta name=\"description\" content=\"Kj\u00f8p 5-Methoxymethyl One, Kj\u00f8p 5-Methoxymethylone-pulver p\u00e5 nett. Ekte 5-metoksymetylon p\u00e5 nett \u2013 5-metoksymetylon til salgs | Kj\u00f8p 5-metoksymetylon online | Kj\u00f8p 5-metoksymetylonpulver for salg| Kj\u00f8p billig 5-metoksymetylonpulver | Hvor kan du kj\u00f8pe 5-Methoxymethylone-pulver p\u00e5 nettet.\" \/>\n<meta name=\"robots\" content=\"index, follow, max-snippet:-1, max-image-preview:large, max-video-preview:-1\" \/>\n<link rel=\"canonical\" href=\"https:\/\/medicinasinc.com\/no\/product\/kjop-5-metoksymetylon-pulver-pa-nettet\/\" \/>\n<meta property=\"og:locale\" content=\"nn_NO\" \/>\n<meta property=\"og:type\" content=\"article\" \/>\n<meta property=\"og:title\" content=\"Kj\u00f8p 5-metoksymetylonpulver p\u00e5 nett - Beste beste globale medisiner\" \/>\n<meta property=\"og:description\" content=\"Kj\u00f8p 5-Methoxymethyl One, Kj\u00f8p 5-Methoxymethylone-pulver p\u00e5 nett. Ekte 5-metoksymetylon p\u00e5 nett \u2013 5-metoksymetylon til salgs | Kj\u00f8p 5-metoksymetylon online | Kj\u00f8p 5-metoksymetylonpulver for salg| Kj\u00f8p billig 5-metoksymetylonpulver | Hvor kan du kj\u00f8pe 5-Methoxymethylone-pulver p\u00e5 nettet.\" \/>\n<meta property=\"og:url\" content=\"https:\/\/medicinasinc.com\/no\/product\/kjop-5-metoksymetylon-pulver-pa-nettet\/\" \/>\n<meta property=\"og:site_name\" content=\"Medicinas Inc\" \/>\n<meta property=\"article:modified_time\" content=\"2022-03-22T00:53:57+00:00\" \/>\n<meta property=\"og:image\" content=\"https:\/\/medicinasinc.com\/no\/wp-content\/uploads\/sites\/14\/2022\/02\/buy-5-methoxymethylone-powder-online.jpg\" \/>\n\t<meta property=\"og:image:width\" content=\"600\" \/>\n\t<meta property=\"og:image:height\" content=\"600\" \/>\n\t<meta property=\"og:image:type\" content=\"image\/jpeg\" \/>\n<meta name=\"twitter:card\" content=\"summary_large_image\" \/>\n<meta name=\"twitter:label1\" content=\"Est. reading time\" \/>\n\t<meta name=\"twitter:data1\" content=\"1 minutt\" \/>\n<script type=\"application\/ld+json\" class=\"yoast-schema-graph\">{\"@context\":\"https:\\\/\\\/schema.org\",\"@graph\":[{\"@type\":\"WebPage\",\"@id\":\"https:\\\/\\\/medicinasinc.com\\\/no\\\/product\\\/kjop-5-metoksymetylon-pulver-pa-nettet\\\/\",\"url\":\"https:\\\/\\\/medicinasinc.com\\\/no\\\/product\\\/kjop-5-metoksymetylon-pulver-pa-nettet\\\/\",\"name\":\"Kj\u00f8p 5-metoksymetylonpulver p\u00e5 nett - Beste beste globale medisiner\",\"isPartOf\":{\"@id\":\"https:\\\/\\\/medicinasinc.com\\\/no\\\/#website\"},\"primaryImageOfPage\":{\"@id\":\"https:\\\/\\\/medicinasinc.com\\\/no\\\/product\\\/kjop-5-metoksymetylon-pulver-pa-nettet\\\/#primaryimage\"},\"image\":{\"@id\":\"https:\\\/\\\/medicinasinc.com\\\/no\\\/product\\\/kjop-5-metoksymetylon-pulver-pa-nettet\\\/#primaryimage\"},\"thumbnailUrl\":\"https:\\\/\\\/medicinasinc.com\\\/no\\\/wp-content\\\/uploads\\\/sites\\\/14\\\/2022\\\/02\\\/buy-5-methoxymethylone-powder-online.jpg\",\"datePublished\":\"2022-02-21T22:27:36+00:00\",\"dateModified\":\"2022-03-22T00:53:57+00:00\",\"description\":\"Kj\u00f8p 5-Methoxymethyl One, Kj\u00f8p 5-Methoxymethylone-pulver p\u00e5 nett. Ekte 5-metoksymetylon p\u00e5 nett \u2013 5-metoksymetylon til salgs | Kj\u00f8p 5-metoksymetylon online | Kj\u00f8p 5-metoksymetylonpulver for salg| Kj\u00f8p billig 5-metoksymetylonpulver | Hvor kan du kj\u00f8pe 5-Methoxymethylone-pulver p\u00e5 nettet.\",\"breadcrumb\":{\"@id\":\"https:\\\/\\\/medicinasinc.com\\\/no\\\/product\\\/kjop-5-metoksymetylon-pulver-pa-nettet\\\/#breadcrumb\"},\"inLanguage\":\"nn-NO\",\"potentialAction\":[{\"@type\":\"ReadAction\",\"target\":[\"https:\\\/\\\/medicinasinc.com\\\/no\\\/product\\\/kjop-5-metoksymetylon-pulver-pa-nettet\\\/\"]}]},{\"@type\":\"ImageObject\",\"inLanguage\":\"nn-NO\",\"@id\":\"https:\\\/\\\/medicinasinc.com\\\/no\\\/product\\\/kjop-5-metoksymetylon-pulver-pa-nettet\\\/#primaryimage\",\"url\":\"https:\\\/\\\/medicinasinc.com\\\/no\\\/wp-content\\\/uploads\\\/sites\\\/14\\\/2022\\\/02\\\/buy-5-methoxymethylone-powder-online.jpg\",\"contentUrl\":\"https:\\\/\\\/medicinasinc.com\\\/no\\\/wp-content\\\/uploads\\\/sites\\\/14\\\/2022\\\/02\\\/buy-5-methoxymethylone-powder-online.jpg\",\"width\":600,\"height\":600},{\"@type\":\"BreadcrumbList\",\"@id\":\"https:\\\/\\\/medicinasinc.com\\\/no\\\/product\\\/kjop-5-metoksymetylon-pulver-pa-nettet\\\/#breadcrumb\",\"itemListElement\":[{\"@type\":\"ListItem\",\"position\":1,\"name\":\"Butikk\",\"item\":\"https:\\\/\\\/medicinasinc.com\\\/no\\\/butikk\\\/\"},{\"@type\":\"ListItem\",\"position\":2,\"name\":\"Kj\u00f8p 5-metoksymetylonpulver p\u00e5 nett\"}]},{\"@type\":\"WebSite\",\"@id\":\"https:\\\/\\\/medicinasinc.com\\\/no\\\/#website\",\"url\":\"https:\\\/\\\/medicinasinc.com\\\/no\\\/\",\"name\":\"Medicinas Inc\",\"description\":\"Helsemedisinsk klinikk\",\"potentialAction\":[{\"@type\":\"SearchAction\",\"target\":{\"@type\":\"EntryPoint\",\"urlTemplate\":\"https:\\\/\\\/medicinasinc.com\\\/no\\\/?s={search_term_string}\"},\"query-input\":{\"@type\":\"PropertyValueSpecification\",\"valueRequired\":true,\"valueName\":\"search_term_string\"}}],\"inLanguage\":\"nn-NO\"}]}<\/script>\n<!-- \/ Yoast SEO plugin. -->","yoast_head_json":{"title":"Kj\u00f8p 5-metoksymetylonpulver p\u00e5 nett - Beste beste globale medisiner","description":"Kj\u00f8p 5-Methoxymethyl One, Kj\u00f8p 5-Methoxymethylone-pulver p\u00e5 nett. Ekte 5-metoksymetylon p\u00e5 nett \u2013 5-metoksymetylon til salgs | Kj\u00f8p 5-metoksymetylon online | Kj\u00f8p 5-metoksymetylonpulver for salg| Kj\u00f8p billig 5-metoksymetylonpulver | Hvor kan du kj\u00f8pe 5-Methoxymethylone-pulver p\u00e5 nettet.","robots":{"index":"index","follow":"follow","max-snippet":"max-snippet:-1","max-image-preview":"max-image-preview:large","max-video-preview":"max-video-preview:-1"},"canonical":"https:\/\/medicinasinc.com\/no\/product\/kjop-5-metoksymetylon-pulver-pa-nettet\/","og_locale":"nn_NO","og_type":"article","og_title":"Kj\u00f8p 5-metoksymetylonpulver p\u00e5 nett - Beste beste globale medisiner","og_description":"Kj\u00f8p 5-Methoxymethyl One, Kj\u00f8p 5-Methoxymethylone-pulver p\u00e5 nett. Ekte 5-metoksymetylon p\u00e5 nett \u2013 5-metoksymetylon til salgs | Kj\u00f8p 5-metoksymetylon online | Kj\u00f8p 5-metoksymetylonpulver for salg| Kj\u00f8p billig 5-metoksymetylonpulver | Hvor kan du kj\u00f8pe 5-Methoxymethylone-pulver p\u00e5 nettet.","og_url":"https:\/\/medicinasinc.com\/no\/product\/kjop-5-metoksymetylon-pulver-pa-nettet\/","og_site_name":"Medicinas Inc","article_modified_time":"2022-03-22T00:53:57+00:00","og_image":[{"width":600,"height":600,"url":"https:\/\/medicinasinc.com\/no\/wp-content\/uploads\/sites\/14\/2022\/02\/buy-5-methoxymethylone-powder-online.jpg","type":"image\/jpeg"}],"twitter_card":"summary_large_image","twitter_misc":{"Est. reading time":"1 minutt"},"schema":{"@context":"https:\/\/schema.org","@graph":[{"@type":"WebPage","@id":"https:\/\/medicinasinc.com\/no\/product\/kjop-5-metoksymetylon-pulver-pa-nettet\/","url":"https:\/\/medicinasinc.com\/no\/product\/kjop-5-metoksymetylon-pulver-pa-nettet\/","name":"Kj\u00f8p 5-metoksymetylonpulver p\u00e5 nett - Beste beste globale medisiner","isPartOf":{"@id":"https:\/\/medicinasinc.com\/no\/#website"},"primaryImageOfPage":{"@id":"https:\/\/medicinasinc.com\/no\/product\/kjop-5-metoksymetylon-pulver-pa-nettet\/#primaryimage"},"image":{"@id":"https:\/\/medicinasinc.com\/no\/product\/kjop-5-metoksymetylon-pulver-pa-nettet\/#primaryimage"},"thumbnailUrl":"https:\/\/medicinasinc.com\/no\/wp-content\/uploads\/sites\/14\/2022\/02\/buy-5-methoxymethylone-powder-online.jpg","datePublished":"2022-02-21T22:27:36+00:00","dateModified":"2022-03-22T00:53:57+00:00","description":"Kj\u00f8p 5-Methoxymethyl One, Kj\u00f8p 5-Methoxymethylone-pulver p\u00e5 nett. Ekte 5-metoksymetylon p\u00e5 nett \u2013 5-metoksymetylon til salgs | Kj\u00f8p 5-metoksymetylon online | Kj\u00f8p 5-metoksymetylonpulver for salg| Kj\u00f8p billig 5-metoksymetylonpulver | Hvor kan du kj\u00f8pe 5-Methoxymethylone-pulver p\u00e5 nettet.","breadcrumb":{"@id":"https:\/\/medicinasinc.com\/no\/product\/kjop-5-metoksymetylon-pulver-pa-nettet\/#breadcrumb"},"inLanguage":"nn-NO","potentialAction":[{"@type":"ReadAction","target":["https:\/\/medicinasinc.com\/no\/product\/kjop-5-metoksymetylon-pulver-pa-nettet\/"]}]},{"@type":"ImageObject","inLanguage":"nn-NO","@id":"https:\/\/medicinasinc.com\/no\/product\/kjop-5-metoksymetylon-pulver-pa-nettet\/#primaryimage","url":"https:\/\/medicinasinc.com\/no\/wp-content\/uploads\/sites\/14\/2022\/02\/buy-5-methoxymethylone-powder-online.jpg","contentUrl":"https:\/\/medicinasinc.com\/no\/wp-content\/uploads\/sites\/14\/2022\/02\/buy-5-methoxymethylone-powder-online.jpg","width":600,"height":600},{"@type":"BreadcrumbList","@id":"https:\/\/medicinasinc.com\/no\/product\/kjop-5-metoksymetylon-pulver-pa-nettet\/#breadcrumb","itemListElement":[{"@type":"ListItem","position":1,"name":"Butikk","item":"https:\/\/medicinasinc.com\/no\/butikk\/"},{"@type":"ListItem","position":2,"name":"Kj\u00f8p 5-metoksymetylonpulver p\u00e5 nett"}]},{"@type":"WebSite","@id":"https:\/\/medicinasinc.com\/no\/#website","url":"https:\/\/medicinasinc.com\/no\/","name":"Medicinas Inc","description":"Helsemedisinsk klinikk","potentialAction":[{"@type":"SearchAction","target":{"@type":"EntryPoint","urlTemplate":"https:\/\/medicinasinc.com\/no\/?s={search_term_string}"},"query-input":{"@type":"PropertyValueSpecification","valueRequired":true,"valueName":"search_term_string"}}],"inLanguage":"nn-NO"}]}},"_links":{"self":[{"href":"https:\/\/medicinasinc.com\/no\/wp-json\/wp\/v2\/product\/5390","targetHints":{"allow":["GET"]}}],"collection":[{"href":"https:\/\/medicinasinc.com\/no\/wp-json\/wp\/v2\/product"}],"about":[{"href":"https:\/\/medicinasinc.com\/no\/wp-json\/wp\/v2\/types\/product"}],"replies":[{"embeddable":true,"href":"https:\/\/medicinasinc.com\/no\/wp-json\/wp\/v2\/comments?post=5390"}],"wp:featuredmedia":[{"embeddable":true,"href":"https:\/\/medicinasinc.com\/no\/wp-json\/wp\/v2\/media\/5402"}],"wp:attachment":[{"href":"https:\/\/medicinasinc.com\/no\/wp-json\/wp\/v2\/media?parent=5390"}],"wp:term":[{"taxonomy":"product_brand","embeddable":true,"href":"https:\/\/medicinasinc.com\/no\/wp-json\/wp\/v2\/product_brand?post=5390"},{"taxonomy":"product_cat","embeddable":true,"href":"https:\/\/medicinasinc.com\/no\/wp-json\/wp\/v2\/product_cat?post=5390"},{"taxonomy":"product_tag","embeddable":true,"href":"https:\/\/medicinasinc.com\/no\/wp-json\/wp\/v2\/product_tag?post=5390"}],"curies":[{"name":"wp","href":"https:\/\/api.w.org\/{rel}","templated":true}]}}