{"id":5389,"date":"2022-02-21T22:26:02","date_gmt":"2022-02-21T22:26:02","guid":{"rendered":"https:\/\/medicinasinc.com\/no\/?post_type=product&#038;p=5389"},"modified":"2022-03-22T00:54:05","modified_gmt":"2022-03-22T00:54:05","slug":"kjop-5-mapb-pulverkrystall","status":"publish","type":"product","link":"https:\/\/medicinasinc.com\/no\/product\/kjop-5-mapb-pulverkrystall\/","title":{"rendered":"Kj\u00f8p 5-MAPB Powder &amp; Krystall"},"content":{"rendered":"<p>Har du behov for 5-mapb-krystall og \u00f8nsker \u00e5 kj\u00f8pe det til en rimelig pris? Du kan da bes\u00f8ke v\u00e5r nettbutikk for kjemikalieforsyninger akkurat n\u00e5. Ved hjelp av Bestglobalmed.com kan du kj\u00f8pe 5-mapb-krystall online til rimelige priser. P\u00e5 v\u00e5r nettkjemibutikk er vi en kjent leverand\u00f8r og leverand\u00f8r som alltid st\u00e5r til tjeneste. Bestill\u00a05-mapb-crystal\u00a0i dag!<\/p>\n<p>5-mapb-crystal er en type krystall.<\/p>\n<p>I struktur og effekter, 5-MAPB (1-(benzofuran-5-yl) )-N-metylpropan-2-amin) ligner p\u00e5 MDMA, et syntetisk entaktogen. 5&#8242;-(2-metylaminopropyl)benzofuran er et syntetisk entaktogen fra den benzo-substituerte kjemifamilien (forkortet til 5-MAPB).<\/p>\n<p>Hvordan p\u00e5virker 5-mapb-krystall kroppen?<\/p>\n<p>5-mapb-krystall har en euforisk, entaktogen, stimulerende og moderat psykedelisk innvirkning p\u00e5 menneskekroppen n\u00e5r den tas oralt.<\/p>\n<p>5 MAPB Crystal er kjent som hva annet?<\/p>\n<p>5 MAPB Crystal er ogs\u00e5 kjent som 5-MAPB.<\/p>\n<p>Hvordan vil du beskrive 5 MAPB Crystal?<\/p>\n<p>Kjemisk sett er 5 MAPB Crystal et benzofuran (amfetamin) molekyl. <\/p>\n<p>Hvordan kan jeg f\u00e5 tak i noen 5-mapb-krystaller?<\/p>\n<p>Du kan f\u00e5 5-mapb-krystaller fra v\u00e5r offisielle nettside og f\u00e5 dem levert til den angitte adressen innen en f\u00e5 dager. Bare i USA, Storbritannia, Canada, Tyskland og Australia har vi \u00e5 gj\u00f8re med 5-mapb-krystall. Koble til akkurat n\u00e5!<\/p>\n<p>Vi er den beste leverand\u00f8ren og distribut\u00f8ren av kjemikalier av h\u00f8y kvalitet til en fornuftig pris. Det er lett for kunder \u00e5 f\u00f8le seg vel n\u00e5r de jobber med v\u00e5rt team av eksperter. Som et resultat er de i stand til \u00e5 opprettholde en tilstrekkelig forsyning og motta rettidig levering for \u00e5 tilfredsstille deres behov. Kunder elsker og respekterer oss fordi vi tilbyr produkter av h\u00f8y kvalitet til rimelige priser og utmerket kundeservice. Det er ikke bare v\u00e5r plikt, men v\u00e5rt ansvar, \u00e5 m\u00f8te eller overg\u00e5 dine forventninger. F\u00f8r du kj\u00f8per mdpt, trenger du ikke opps\u00f8ke lege.<\/p>\n<p>Vi g\u00e5r utover for \u00e5 sikre at kunden er helt forn\u00f8yd. \u00c5 sikte p\u00e5 et globalt rykte for sine produkter og tjenester betyr \u00e5 sette priser i tr\u00e5d med bransjenormer.<\/p>\n<p>I tillegg tilbyr vi lik oppmerksomhet til alle dine bestillinger, uavhengig av hvor store eller sm\u00e5 de er, og vi streber etter for \u00e5 f\u00e5 bestillingen din sendt s\u00e5 raskt som mulig.<\/p>\n<p>Etter \u00e5 ha fullf\u00f8rt kj\u00f8pene dine er vi sikre p\u00e5 at du ikke vil bli skuffet. For \u00e5 gi deg h\u00f8yest mulig kvalitetsniv\u00e5 bruker vi kun materialer som er anskaffet fra best mulige kilder. Du vil motta produktets pakking i en diskret pakke.<\/p>\n<p>Vi har v\u00e6rt i stand til \u00e5 etablere et solid fotfeste i det kjemiske forskningsmarkedet takket v\u00e6re v\u00e5r rikdom av kunnskap. Som en ledende leverand\u00f8r av forskningskjemikalier tror vi p\u00e5 \u00e5 bygge langsiktige relasjoner med v\u00e5re kunder basert p\u00e5 tillit.<\/p>\n","protected":false},"excerpt":{"rendered":"<p>Du kan kj\u00f8pe\u00a05-MAPB Powder Crystal fra Bestglobalmedics.com til en rimelig pris, samt 5-MAPB Research Chemicals for salg. Kjent kjemisk som 1-(benzofuran-5-yl), 5-MAPB er et syntetisk entactogen med effekter og egenskaper som ligner veldig p\u00e5 MDMA.<\/p>\n<p>5-MAPB Powder &amp; Krystall 1 oz. er tilgjengelig for kj\u00f8p. En dose p\u00e5 100-200 milligram 5-MAPB, et pulver som ligner p\u00e5 MDMA, anbefales.<\/p>\n<p>Kj\u00f8p Crystal 5-MAPB Hvis du leter etter 5-mapb-krystall til en god pris , se ikke lenger. Ta da kontakt med kjemikaliebutikken v\u00e5r med en gang via internett.<\/p>\n","protected":false},"featured_media":5400,"comment_status":"open","ping_status":"closed","template":"","meta":[],"product_brand":[],"product_cat":[2014],"product_tag":[2569,2585,2583,2584,2573,2574,2575,2580,2581,2572,2577,2576,2579,2578,2582,2570,2571,2591,2592,2593,2589,2595,2586,2587,2588,2594,2590],"class_list":{"0":"post-5389","1":"product","2":"type-product","3":"status-publish","4":"has-post-thumbnail","6":"product_cat-kjpe-forskning-kjemikalier","7":"product_tag-5-kartb","8":"product_tag-5-mapb-gjennomgang","9":"product_tag-5-mapb-forskning-kjemikalier","10":"product_tag-5-mapb-forskning-kjemikalier-til-salg","11":"product_tag-5-mapb-powder-australia","12":"product_tag-5-mapb-powder-canada","13":"product_tag-5-mapb-powder-dosage","14":"product_tag-5-mapb-powder-usa","15":"product_tag-5-mapb-powder-vendor","16":"product_tag-5-mapb-pulver","17":"product_tag-5-mapb-powder-review","18":"product_tag-5-mapb-pulver-til-salg","19":"product_tag-5-mapb-powder-uk","20":"product_tag-5-mapb-pulverleverandr-c3-b8r","21":"product_tag-5-mapb-reddit","22":"product_tag-5-mapb-til-salgs","23":"product_tag-5-mapb-til-salg-online","24":"product_tag-ordre-5-mapb","25":"product_tag-bestille-5-mapb-online","26":"product_tag-ordre-5-mapb-pulver","27":"product_tag-buy-5-mapb-research-chemicals","28":"product_tag-hvor-kan-kjpe-5-mapb","29":"product_tag-kjp-5-mapb","30":"product_tag-kjp-5-mapb-online","31":"product_tag-buy-5-mapb-powder-online","32":"product_tag-leie-5-mapb-pulver","33":"product_tag-mail-5-mapb","35":"first","36":"instock","37":"shipping-taxable","38":"purchasable","39":"product-type-variable","40":"has-default-attributes"},"yoast_head":"<!-- This site is optimized with the Yoast SEO plugin v27.3 - https:\/\/yoast.com\/product\/yoast-seo-wordpress\/ -->\n<title>Kj\u00f8p 5-MAPB Powder &amp; Crystal - Beste beste globale medisiner<\/title>\n<meta name=\"description\" content=\"Kj\u00f8p 5-MAPB Powder Crystal Online, 5-MAPB Research Chemicals for salg, bestill 5-MAPB Crystal i USA, Storbritannia til en overkommelig pris fra Bestglobalmeds.com. 5-MAPB (1-(benzofuran-5-yl)-N-metylpropan-2-amin) er et entaktogen designermedikament som ligner p\u00e5 MDMA i struktur og effekt\" \/>\n<meta name=\"robots\" content=\"index, follow, max-snippet:-1, max-image-preview:large, max-video-preview:-1\" \/>\n<link rel=\"canonical\" href=\"https:\/\/medicinasinc.com\/no\/product\/kjop-5-mapb-pulverkrystall\/\" \/>\n<meta property=\"og:locale\" content=\"nn_NO\" \/>\n<meta property=\"og:type\" content=\"article\" \/>\n<meta property=\"og:title\" content=\"Kj\u00f8p 5-MAPB Powder &amp; Crystal - Beste beste globale medisiner\" \/>\n<meta property=\"og:description\" content=\"Kj\u00f8p 5-MAPB Powder Crystal Online, 5-MAPB Research Chemicals for salg, bestill 5-MAPB Crystal i USA, Storbritannia til en overkommelig pris fra Bestglobalmeds.com. 5-MAPB (1-(benzofuran-5-yl)-N-metylpropan-2-amin) er et entaktogen designermedikament som ligner p\u00e5 MDMA i struktur og effekt\" \/>\n<meta property=\"og:url\" content=\"https:\/\/medicinasinc.com\/no\/product\/kjop-5-mapb-pulverkrystall\/\" \/>\n<meta property=\"og:site_name\" content=\"Medicinas Inc\" \/>\n<meta property=\"article:modified_time\" content=\"2022-03-22T00:54:05+00:00\" \/>\n<meta property=\"og:image\" content=\"https:\/\/medicinasinc.com\/no\/wp-content\/uploads\/sites\/14\/2022\/02\/Buy-5-MAPB-Powder-Crystal.jpg\" \/>\n\t<meta property=\"og:image:width\" content=\"600\" \/>\n\t<meta property=\"og:image:height\" content=\"488\" \/>\n\t<meta property=\"og:image:type\" content=\"image\/jpeg\" \/>\n<meta name=\"twitter:card\" content=\"summary_large_image\" \/>\n<meta name=\"twitter:label1\" content=\"Est. reading time\" \/>\n\t<meta name=\"twitter:data1\" content=\"2 minutt\" \/>\n<script type=\"application\/ld+json\" class=\"yoast-schema-graph\">{\"@context\":\"https:\\\/\\\/schema.org\",\"@graph\":[{\"@type\":\"WebPage\",\"@id\":\"https:\\\/\\\/medicinasinc.com\\\/no\\\/product\\\/kjop-5-mapb-pulverkrystall\\\/\",\"url\":\"https:\\\/\\\/medicinasinc.com\\\/no\\\/product\\\/kjop-5-mapb-pulverkrystall\\\/\",\"name\":\"Kj\u00f8p 5-MAPB Powder &amp; Crystal - Beste beste globale medisiner\",\"isPartOf\":{\"@id\":\"https:\\\/\\\/medicinasinc.com\\\/no\\\/#website\"},\"primaryImageOfPage\":{\"@id\":\"https:\\\/\\\/medicinasinc.com\\\/no\\\/product\\\/kjop-5-mapb-pulverkrystall\\\/#primaryimage\"},\"image\":{\"@id\":\"https:\\\/\\\/medicinasinc.com\\\/no\\\/product\\\/kjop-5-mapb-pulverkrystall\\\/#primaryimage\"},\"thumbnailUrl\":\"https:\\\/\\\/medicinasinc.com\\\/no\\\/wp-content\\\/uploads\\\/sites\\\/14\\\/2022\\\/02\\\/Buy-5-MAPB-Powder-Crystal.jpg\",\"datePublished\":\"2022-02-21T22:26:02+00:00\",\"dateModified\":\"2022-03-22T00:54:05+00:00\",\"description\":\"Kj\u00f8p 5-MAPB Powder Crystal Online, 5-MAPB Research Chemicals for salg, bestill 5-MAPB Crystal i USA, Storbritannia til en overkommelig pris fra Bestglobalmeds.com. 5-MAPB (1-(benzofuran-5-yl)-N-metylpropan-2-amin) er et entaktogen designermedikament som ligner p\u00e5 MDMA i struktur og effekt\",\"breadcrumb\":{\"@id\":\"https:\\\/\\\/medicinasinc.com\\\/no\\\/product\\\/kjop-5-mapb-pulverkrystall\\\/#breadcrumb\"},\"inLanguage\":\"nn-NO\",\"potentialAction\":[{\"@type\":\"ReadAction\",\"target\":[\"https:\\\/\\\/medicinasinc.com\\\/no\\\/product\\\/kjop-5-mapb-pulverkrystall\\\/\"]}]},{\"@type\":\"ImageObject\",\"inLanguage\":\"nn-NO\",\"@id\":\"https:\\\/\\\/medicinasinc.com\\\/no\\\/product\\\/kjop-5-mapb-pulverkrystall\\\/#primaryimage\",\"url\":\"https:\\\/\\\/medicinasinc.com\\\/no\\\/wp-content\\\/uploads\\\/sites\\\/14\\\/2022\\\/02\\\/Buy-5-MAPB-Powder-Crystal.jpg\",\"contentUrl\":\"https:\\\/\\\/medicinasinc.com\\\/no\\\/wp-content\\\/uploads\\\/sites\\\/14\\\/2022\\\/02\\\/Buy-5-MAPB-Powder-Crystal.jpg\",\"width\":600,\"height\":488},{\"@type\":\"BreadcrumbList\",\"@id\":\"https:\\\/\\\/medicinasinc.com\\\/no\\\/product\\\/kjop-5-mapb-pulverkrystall\\\/#breadcrumb\",\"itemListElement\":[{\"@type\":\"ListItem\",\"position\":1,\"name\":\"Butikk\",\"item\":\"https:\\\/\\\/medicinasinc.com\\\/no\\\/butikk\\\/\"},{\"@type\":\"ListItem\",\"position\":2,\"name\":\"Kj\u00f8p 5-MAPB Powder &amp; Krystall\"}]},{\"@type\":\"WebSite\",\"@id\":\"https:\\\/\\\/medicinasinc.com\\\/no\\\/#website\",\"url\":\"https:\\\/\\\/medicinasinc.com\\\/no\\\/\",\"name\":\"Medicinas Inc\",\"description\":\"Helsemedisinsk klinikk\",\"potentialAction\":[{\"@type\":\"SearchAction\",\"target\":{\"@type\":\"EntryPoint\",\"urlTemplate\":\"https:\\\/\\\/medicinasinc.com\\\/no\\\/?s={search_term_string}\"},\"query-input\":{\"@type\":\"PropertyValueSpecification\",\"valueRequired\":true,\"valueName\":\"search_term_string\"}}],\"inLanguage\":\"nn-NO\"}]}<\/script>\n<!-- \/ Yoast SEO plugin. -->","yoast_head_json":{"title":"Kj\u00f8p 5-MAPB Powder &amp; Crystal - Beste beste globale medisiner","description":"Kj\u00f8p 5-MAPB Powder Crystal Online, 5-MAPB Research Chemicals for salg, bestill 5-MAPB Crystal i USA, Storbritannia til en overkommelig pris fra Bestglobalmeds.com. 5-MAPB (1-(benzofuran-5-yl)-N-metylpropan-2-amin) er et entaktogen designermedikament som ligner p\u00e5 MDMA i struktur og effekt","robots":{"index":"index","follow":"follow","max-snippet":"max-snippet:-1","max-image-preview":"max-image-preview:large","max-video-preview":"max-video-preview:-1"},"canonical":"https:\/\/medicinasinc.com\/no\/product\/kjop-5-mapb-pulverkrystall\/","og_locale":"nn_NO","og_type":"article","og_title":"Kj\u00f8p 5-MAPB Powder &amp; Crystal - Beste beste globale medisiner","og_description":"Kj\u00f8p 5-MAPB Powder Crystal Online, 5-MAPB Research Chemicals for salg, bestill 5-MAPB Crystal i USA, Storbritannia til en overkommelig pris fra Bestglobalmeds.com. 5-MAPB (1-(benzofuran-5-yl)-N-metylpropan-2-amin) er et entaktogen designermedikament som ligner p\u00e5 MDMA i struktur og effekt","og_url":"https:\/\/medicinasinc.com\/no\/product\/kjop-5-mapb-pulverkrystall\/","og_site_name":"Medicinas Inc","article_modified_time":"2022-03-22T00:54:05+00:00","og_image":[{"width":600,"height":488,"url":"https:\/\/medicinasinc.com\/no\/wp-content\/uploads\/sites\/14\/2022\/02\/Buy-5-MAPB-Powder-Crystal.jpg","type":"image\/jpeg"}],"twitter_card":"summary_large_image","twitter_misc":{"Est. reading time":"2 minutt"},"schema":{"@context":"https:\/\/schema.org","@graph":[{"@type":"WebPage","@id":"https:\/\/medicinasinc.com\/no\/product\/kjop-5-mapb-pulverkrystall\/","url":"https:\/\/medicinasinc.com\/no\/product\/kjop-5-mapb-pulverkrystall\/","name":"Kj\u00f8p 5-MAPB Powder &amp; Crystal - Beste beste globale medisiner","isPartOf":{"@id":"https:\/\/medicinasinc.com\/no\/#website"},"primaryImageOfPage":{"@id":"https:\/\/medicinasinc.com\/no\/product\/kjop-5-mapb-pulverkrystall\/#primaryimage"},"image":{"@id":"https:\/\/medicinasinc.com\/no\/product\/kjop-5-mapb-pulverkrystall\/#primaryimage"},"thumbnailUrl":"https:\/\/medicinasinc.com\/no\/wp-content\/uploads\/sites\/14\/2022\/02\/Buy-5-MAPB-Powder-Crystal.jpg","datePublished":"2022-02-21T22:26:02+00:00","dateModified":"2022-03-22T00:54:05+00:00","description":"Kj\u00f8p 5-MAPB Powder Crystal Online, 5-MAPB Research Chemicals for salg, bestill 5-MAPB Crystal i USA, Storbritannia til en overkommelig pris fra Bestglobalmeds.com. 5-MAPB (1-(benzofuran-5-yl)-N-metylpropan-2-amin) er et entaktogen designermedikament som ligner p\u00e5 MDMA i struktur og effekt","breadcrumb":{"@id":"https:\/\/medicinasinc.com\/no\/product\/kjop-5-mapb-pulverkrystall\/#breadcrumb"},"inLanguage":"nn-NO","potentialAction":[{"@type":"ReadAction","target":["https:\/\/medicinasinc.com\/no\/product\/kjop-5-mapb-pulverkrystall\/"]}]},{"@type":"ImageObject","inLanguage":"nn-NO","@id":"https:\/\/medicinasinc.com\/no\/product\/kjop-5-mapb-pulverkrystall\/#primaryimage","url":"https:\/\/medicinasinc.com\/no\/wp-content\/uploads\/sites\/14\/2022\/02\/Buy-5-MAPB-Powder-Crystal.jpg","contentUrl":"https:\/\/medicinasinc.com\/no\/wp-content\/uploads\/sites\/14\/2022\/02\/Buy-5-MAPB-Powder-Crystal.jpg","width":600,"height":488},{"@type":"BreadcrumbList","@id":"https:\/\/medicinasinc.com\/no\/product\/kjop-5-mapb-pulverkrystall\/#breadcrumb","itemListElement":[{"@type":"ListItem","position":1,"name":"Butikk","item":"https:\/\/medicinasinc.com\/no\/butikk\/"},{"@type":"ListItem","position":2,"name":"Kj\u00f8p 5-MAPB Powder &amp; Krystall"}]},{"@type":"WebSite","@id":"https:\/\/medicinasinc.com\/no\/#website","url":"https:\/\/medicinasinc.com\/no\/","name":"Medicinas Inc","description":"Helsemedisinsk klinikk","potentialAction":[{"@type":"SearchAction","target":{"@type":"EntryPoint","urlTemplate":"https:\/\/medicinasinc.com\/no\/?s={search_term_string}"},"query-input":{"@type":"PropertyValueSpecification","valueRequired":true,"valueName":"search_term_string"}}],"inLanguage":"nn-NO"}]}},"_links":{"self":[{"href":"https:\/\/medicinasinc.com\/no\/wp-json\/wp\/v2\/product\/5389","targetHints":{"allow":["GET"]}}],"collection":[{"href":"https:\/\/medicinasinc.com\/no\/wp-json\/wp\/v2\/product"}],"about":[{"href":"https:\/\/medicinasinc.com\/no\/wp-json\/wp\/v2\/types\/product"}],"replies":[{"embeddable":true,"href":"https:\/\/medicinasinc.com\/no\/wp-json\/wp\/v2\/comments?post=5389"}],"wp:featuredmedia":[{"embeddable":true,"href":"https:\/\/medicinasinc.com\/no\/wp-json\/wp\/v2\/media\/5400"}],"wp:attachment":[{"href":"https:\/\/medicinasinc.com\/no\/wp-json\/wp\/v2\/media?parent=5389"}],"wp:term":[{"taxonomy":"product_brand","embeddable":true,"href":"https:\/\/medicinasinc.com\/no\/wp-json\/wp\/v2\/product_brand?post=5389"},{"taxonomy":"product_cat","embeddable":true,"href":"https:\/\/medicinasinc.com\/no\/wp-json\/wp\/v2\/product_cat?post=5389"},{"taxonomy":"product_tag","embeddable":true,"href":"https:\/\/medicinasinc.com\/no\/wp-json\/wp\/v2\/product_tag?post=5389"}],"curies":[{"name":"wp","href":"https:\/\/api.w.org\/{rel}","templated":true}]}}