{"id":5387,"date":"2022-02-21T22:22:34","date_gmt":"2022-02-21T22:22:34","guid":{"rendered":"https:\/\/medicinasinc.com\/no\/?post_type=product&#038;p=5387"},"modified":"2022-03-22T00:54:27","modified_gmt":"2022-03-22T00:54:27","slug":"kjop-4-fa-pulver","status":"publish","type":"product","link":"https:\/\/medicinasinc.com\/no\/product\/kjop-4-fa-pulver\/","title":{"rendered":"Kj\u00f8p 4-FA-pulver"},"content":{"rendered":"<p>Kj\u00f8p 4-FA Powder.<\/p>\n<p>Kj\u00f8p billig 4-FA Powder 1 oz Pure Online.<\/p>\n<p>4-FA (4-fluoramfetamin) er et amfetaminlignende medikament som har f\u00f8rst nylig dukket opp p\u00e5 det nederlandske markedet. Fra 2007 til 2009 ble det f\u00f8rst og fremst markedsf\u00f8rt som speed eller MDMA. Dette var fordi det var mangel p\u00e5 r\u00e5varer for disse spesialistene p\u00e5 den tiden, s\u00e5 4-FA ble brukt som skj\u00e6respesialist. Uansett, siden 2010 har selgere i \u00f8kende grad solgt 4-FA som 4-FA, noe som antyder at kj\u00f8pere ser p\u00e5 det som en &laquo;beslutningstakende medisin.&raquo;<\/p>\n<p>4-FA er ogs\u00e5 kjent som 4-FMP , 4-Fluor, 4-Flava, 4-F og Flux. Det er et stoff klassifisert som et nytt psykoaktivt stoff (NPS). Dette er stoffer som nylig er blitt tilgjengelige og er utviklet som et alternativ til tradisjonelle ulovlige stoffer. NPS er ogs\u00e5 kjent som forskningssyntetiske stoffer eller originalmedisiner. Ved \u00e5 gj\u00f8re mindre endringer i en gjeldende sammensatt struktur, endres stoffnavnet og er som f\u00f8lge av det ikke lenger omfattet av opiumsloven og dermed ulovlig. Dette gj\u00f8r det vanskeligere \u00e5 forhindre opprettelse, transaksjoner og eierskap.<\/p>\n<p>4-FA finnes oftest som pulver eller pille. 4-FA tas oralt i pilleform. Klienter plasserer enten pulveret i en boks eller et papir i bevegelse (bombe) eller, i noen tilfeller, l\u00f8ser det opp i en drikkevare. Det er ingen grunnleggende forskjell mellom 4-FA-piller, 4-FA-pulver og 4-FA-etuier.<\/p>\n<p>Beholdere er laget av en kjedelig eller s\u00f8t substans og kan v\u00e6re enkle eller ha en rekke toner. En sak kan fylles med en lang rekke stoffer. 4-FA, samt diverse andre stoffer, for eksempel amfetamin (speed), MDMA, koffein eller ingenting i det hele tatt. Noen smarte butikkvarer er ogs\u00e5 i kofferter. Koffertene ligger vanligvis i en sekk, og pakken viser hva som er inni. Hvis kundene fyller sine egne beholdere, kan de bruke en mg-skala for \u00e5 bestemme en n\u00f8yaktig porsjon. 4-fa til salgs, hvor kan du kj\u00f8pe 4fa, kj\u00f8pe 4-fa, 4-fa til salgs, 4-fa til salgs, 4-fa til salgs, 4-fa kj\u00f8p, kj\u00f8p 4fa, 4-fa kj\u00f8p, 4-fa til salgs, 4-fa til salgs, 4 -fa til salgs, 4-fa til salgs, 4-fa til salgs, 4-fa til salgs, 4-fa til salgs, 4-fa til salgs, 4-fa til salgs, 4-fa til salgs<\/p>\n<p>Hva noen f\u00f8ler etter \u00e5 ha tatt 4-FA f\u00f8rst, bestemmes av m\u00e5lingene. For \u00e5 l\u00e6re mer kan 4-FA testes ved en testadministrasjon (se meny). Effekten av \u00e5 innta 4-FA tar mellom 20 og en time \u00e5 manifestere. 4-FA fullf\u00f8res p\u00e5 4 til 8 timer, selv om noen klienter rapporterer at de endelige resultatene kan vare i opptil 12 timer.<\/p>\n<p>gr\u00e5, tydelig, passform og forsiktig<\/p>\n<p>A sterk f\u00f8lelse av tilh\u00f8righet<\/p>\n<p>Ber\u00f8ring og musikk gir en ekstrem sanseopplevelse.<\/p>\n<p>Kontakt, prat og n\u00e6rhet er avgj\u00f8rende.<\/p>\n","protected":false},"excerpt":{"rendered":"<p>Kj\u00f8p 4-FA Powder 1 oz Pure online billig. 4-FA-pulver som ligner p\u00e5 MDMA &amp; Oral Metamfetamin<br \/> Anbefalt dosering: 200mg.<\/p>\n<p>I v\u00e5r butikk kan du kj\u00f8pe 4-FMA ren. P\u00e5 samme m\u00e5te som pulver er laget, er 4-FMA, ogs\u00e5 kjent som 4-Fluorometamfetamin, ogs\u00e5 et psykoaktivt stoff.<\/p>\n<p>4-FA-pulver er ogs\u00e5 kjent som para-fluoramfetamin eller 4-fluoramfetamin, men disse er ikke det samme. Folk som studerer medisiner sier at denne er veldig bra.<\/p>\n","protected":false},"featured_media":5396,"comment_status":"open","ping_status":"closed","template":"","meta":[],"product_brand":[],"product_cat":[2014],"product_tag":[2502,2503,2504,2505,2506,2507,2508],"class_list":{"0":"post-5387","1":"product","2":"type-product","3":"status-publish","4":"has-post-thumbnail","6":"product_cat-kjpe-forskning-kjemikalier","7":"product_tag-2-fluoramfetamin","8":"product_tag-4-fa-effekter","9":"product_tag-4-fa-forskning-kjemikalier","10":"product_tag-4-fluoramfetamin-lovlig-status","11":"product_tag-4-fluoramfetamin-syntese","12":"product_tag-is-4-fa-legal-in-the-us-2020","13":"product_tag-er-4-fma-lovlig","15":"first","16":"instock","17":"shipping-taxable","18":"purchasable","19":"product-type-variable","20":"has-default-attributes"},"yoast_head":"<!-- This site is optimized with the Yoast SEO plugin v27.3 - https:\/\/yoast.com\/product\/yoast-seo-wordpress\/ -->\n<title>Kj\u00f8p 4-FA-pulver - 4-fluoramfetamin - Beste beste globale medisiner<\/title>\n<meta name=\"description\" content=\"Kj\u00f8p 4-FA Powder 4-Fluoroamfetamin til salgs Pure Online Billig. 4-FA-pulver som ligner p\u00e5 MDMA &amp; Oral metamfetamin\" \/>\n<meta name=\"robots\" content=\"index, follow, max-snippet:-1, max-image-preview:large, max-video-preview:-1\" \/>\n<link rel=\"canonical\" href=\"https:\/\/medicinasinc.com\/no\/product\/kjop-4-fa-pulver\/\" \/>\n<meta property=\"og:locale\" content=\"nn_NO\" \/>\n<meta property=\"og:type\" content=\"article\" \/>\n<meta property=\"og:title\" content=\"Kj\u00f8p 4-FA-pulver - 4-fluoramfetamin - Beste beste globale medisiner\" \/>\n<meta property=\"og:description\" content=\"Kj\u00f8p 4-FA Powder 4-Fluoroamfetamin til salgs Pure Online Billig. 4-FA-pulver som ligner p\u00e5 MDMA &amp; Oral metamfetamin\" \/>\n<meta property=\"og:url\" content=\"https:\/\/medicinasinc.com\/no\/product\/kjop-4-fa-pulver\/\" \/>\n<meta property=\"og:site_name\" content=\"Medicinas Inc\" \/>\n<meta property=\"article:modified_time\" content=\"2022-03-22T00:54:27+00:00\" \/>\n<meta property=\"og:image\" content=\"https:\/\/medicinasinc.com\/no\/wp-content\/uploads\/sites\/14\/2022\/02\/Buy-4-FA-Powder.jpeg\" \/>\n\t<meta property=\"og:image:width\" content=\"510\" \/>\n\t<meta property=\"og:image:height\" content=\"365\" \/>\n\t<meta property=\"og:image:type\" content=\"image\/jpeg\" \/>\n<meta name=\"twitter:card\" content=\"summary_large_image\" \/>\n<meta name=\"twitter:label1\" content=\"Est. reading time\" \/>\n\t<meta name=\"twitter:data1\" content=\"2 minutt\" \/>\n<script type=\"application\/ld+json\" class=\"yoast-schema-graph\">{\"@context\":\"https:\\\/\\\/schema.org\",\"@graph\":[{\"@type\":\"WebPage\",\"@id\":\"https:\\\/\\\/medicinasinc.com\\\/no\\\/product\\\/kjop-4-fa-pulver\\\/\",\"url\":\"https:\\\/\\\/medicinasinc.com\\\/no\\\/product\\\/kjop-4-fa-pulver\\\/\",\"name\":\"Kj\u00f8p 4-FA-pulver - 4-fluoramfetamin - Beste beste globale medisiner\",\"isPartOf\":{\"@id\":\"https:\\\/\\\/medicinasinc.com\\\/no\\\/#website\"},\"primaryImageOfPage\":{\"@id\":\"https:\\\/\\\/medicinasinc.com\\\/no\\\/product\\\/kjop-4-fa-pulver\\\/#primaryimage\"},\"image\":{\"@id\":\"https:\\\/\\\/medicinasinc.com\\\/no\\\/product\\\/kjop-4-fa-pulver\\\/#primaryimage\"},\"thumbnailUrl\":\"https:\\\/\\\/medicinasinc.com\\\/no\\\/wp-content\\\/uploads\\\/sites\\\/14\\\/2022\\\/02\\\/Buy-4-FA-Powder.jpeg\",\"datePublished\":\"2022-02-21T22:22:34+00:00\",\"dateModified\":\"2022-03-22T00:54:27+00:00\",\"description\":\"Kj\u00f8p 4-FA Powder 4-Fluoroamfetamin til salgs Pure Online Billig. 4-FA-pulver som ligner p\u00e5 MDMA &amp; Oral metamfetamin\",\"breadcrumb\":{\"@id\":\"https:\\\/\\\/medicinasinc.com\\\/no\\\/product\\\/kjop-4-fa-pulver\\\/#breadcrumb\"},\"inLanguage\":\"nn-NO\",\"potentialAction\":[{\"@type\":\"ReadAction\",\"target\":[\"https:\\\/\\\/medicinasinc.com\\\/no\\\/product\\\/kjop-4-fa-pulver\\\/\"]}]},{\"@type\":\"ImageObject\",\"inLanguage\":\"nn-NO\",\"@id\":\"https:\\\/\\\/medicinasinc.com\\\/no\\\/product\\\/kjop-4-fa-pulver\\\/#primaryimage\",\"url\":\"https:\\\/\\\/medicinasinc.com\\\/no\\\/wp-content\\\/uploads\\\/sites\\\/14\\\/2022\\\/02\\\/Buy-4-FA-Powder.jpeg\",\"contentUrl\":\"https:\\\/\\\/medicinasinc.com\\\/no\\\/wp-content\\\/uploads\\\/sites\\\/14\\\/2022\\\/02\\\/Buy-4-FA-Powder.jpeg\",\"width\":510,\"height\":365},{\"@type\":\"BreadcrumbList\",\"@id\":\"https:\\\/\\\/medicinasinc.com\\\/no\\\/product\\\/kjop-4-fa-pulver\\\/#breadcrumb\",\"itemListElement\":[{\"@type\":\"ListItem\",\"position\":1,\"name\":\"Butikk\",\"item\":\"https:\\\/\\\/medicinasinc.com\\\/no\\\/butikk\\\/\"},{\"@type\":\"ListItem\",\"position\":2,\"name\":\"Kj\u00f8p 4-FA-pulver\"}]},{\"@type\":\"WebSite\",\"@id\":\"https:\\\/\\\/medicinasinc.com\\\/no\\\/#website\",\"url\":\"https:\\\/\\\/medicinasinc.com\\\/no\\\/\",\"name\":\"Medicinas Inc\",\"description\":\"Helsemedisinsk klinikk\",\"potentialAction\":[{\"@type\":\"SearchAction\",\"target\":{\"@type\":\"EntryPoint\",\"urlTemplate\":\"https:\\\/\\\/medicinasinc.com\\\/no\\\/?s={search_term_string}\"},\"query-input\":{\"@type\":\"PropertyValueSpecification\",\"valueRequired\":true,\"valueName\":\"search_term_string\"}}],\"inLanguage\":\"nn-NO\"}]}<\/script>\n<!-- \/ Yoast SEO plugin. -->","yoast_head_json":{"title":"Kj\u00f8p 4-FA-pulver - 4-fluoramfetamin - Beste beste globale medisiner","description":"Kj\u00f8p 4-FA Powder 4-Fluoroamfetamin til salgs Pure Online Billig. 4-FA-pulver som ligner p\u00e5 MDMA &amp; Oral metamfetamin","robots":{"index":"index","follow":"follow","max-snippet":"max-snippet:-1","max-image-preview":"max-image-preview:large","max-video-preview":"max-video-preview:-1"},"canonical":"https:\/\/medicinasinc.com\/no\/product\/kjop-4-fa-pulver\/","og_locale":"nn_NO","og_type":"article","og_title":"Kj\u00f8p 4-FA-pulver - 4-fluoramfetamin - Beste beste globale medisiner","og_description":"Kj\u00f8p 4-FA Powder 4-Fluoroamfetamin til salgs Pure Online Billig. 4-FA-pulver som ligner p\u00e5 MDMA &amp; Oral metamfetamin","og_url":"https:\/\/medicinasinc.com\/no\/product\/kjop-4-fa-pulver\/","og_site_name":"Medicinas Inc","article_modified_time":"2022-03-22T00:54:27+00:00","og_image":[{"width":510,"height":365,"url":"https:\/\/medicinasinc.com\/no\/wp-content\/uploads\/sites\/14\/2022\/02\/Buy-4-FA-Powder.jpeg","type":"image\/jpeg"}],"twitter_card":"summary_large_image","twitter_misc":{"Est. reading time":"2 minutt"},"schema":{"@context":"https:\/\/schema.org","@graph":[{"@type":"WebPage","@id":"https:\/\/medicinasinc.com\/no\/product\/kjop-4-fa-pulver\/","url":"https:\/\/medicinasinc.com\/no\/product\/kjop-4-fa-pulver\/","name":"Kj\u00f8p 4-FA-pulver - 4-fluoramfetamin - Beste beste globale medisiner","isPartOf":{"@id":"https:\/\/medicinasinc.com\/no\/#website"},"primaryImageOfPage":{"@id":"https:\/\/medicinasinc.com\/no\/product\/kjop-4-fa-pulver\/#primaryimage"},"image":{"@id":"https:\/\/medicinasinc.com\/no\/product\/kjop-4-fa-pulver\/#primaryimage"},"thumbnailUrl":"https:\/\/medicinasinc.com\/no\/wp-content\/uploads\/sites\/14\/2022\/02\/Buy-4-FA-Powder.jpeg","datePublished":"2022-02-21T22:22:34+00:00","dateModified":"2022-03-22T00:54:27+00:00","description":"Kj\u00f8p 4-FA Powder 4-Fluoroamfetamin til salgs Pure Online Billig. 4-FA-pulver som ligner p\u00e5 MDMA &amp; Oral metamfetamin","breadcrumb":{"@id":"https:\/\/medicinasinc.com\/no\/product\/kjop-4-fa-pulver\/#breadcrumb"},"inLanguage":"nn-NO","potentialAction":[{"@type":"ReadAction","target":["https:\/\/medicinasinc.com\/no\/product\/kjop-4-fa-pulver\/"]}]},{"@type":"ImageObject","inLanguage":"nn-NO","@id":"https:\/\/medicinasinc.com\/no\/product\/kjop-4-fa-pulver\/#primaryimage","url":"https:\/\/medicinasinc.com\/no\/wp-content\/uploads\/sites\/14\/2022\/02\/Buy-4-FA-Powder.jpeg","contentUrl":"https:\/\/medicinasinc.com\/no\/wp-content\/uploads\/sites\/14\/2022\/02\/Buy-4-FA-Powder.jpeg","width":510,"height":365},{"@type":"BreadcrumbList","@id":"https:\/\/medicinasinc.com\/no\/product\/kjop-4-fa-pulver\/#breadcrumb","itemListElement":[{"@type":"ListItem","position":1,"name":"Butikk","item":"https:\/\/medicinasinc.com\/no\/butikk\/"},{"@type":"ListItem","position":2,"name":"Kj\u00f8p 4-FA-pulver"}]},{"@type":"WebSite","@id":"https:\/\/medicinasinc.com\/no\/#website","url":"https:\/\/medicinasinc.com\/no\/","name":"Medicinas Inc","description":"Helsemedisinsk klinikk","potentialAction":[{"@type":"SearchAction","target":{"@type":"EntryPoint","urlTemplate":"https:\/\/medicinasinc.com\/no\/?s={search_term_string}"},"query-input":{"@type":"PropertyValueSpecification","valueRequired":true,"valueName":"search_term_string"}}],"inLanguage":"nn-NO"}]}},"_links":{"self":[{"href":"https:\/\/medicinasinc.com\/no\/wp-json\/wp\/v2\/product\/5387","targetHints":{"allow":["GET"]}}],"collection":[{"href":"https:\/\/medicinasinc.com\/no\/wp-json\/wp\/v2\/product"}],"about":[{"href":"https:\/\/medicinasinc.com\/no\/wp-json\/wp\/v2\/types\/product"}],"replies":[{"embeddable":true,"href":"https:\/\/medicinasinc.com\/no\/wp-json\/wp\/v2\/comments?post=5387"}],"wp:featuredmedia":[{"embeddable":true,"href":"https:\/\/medicinasinc.com\/no\/wp-json\/wp\/v2\/media\/5396"}],"wp:attachment":[{"href":"https:\/\/medicinasinc.com\/no\/wp-json\/wp\/v2\/media?parent=5387"}],"wp:term":[{"taxonomy":"product_brand","embeddable":true,"href":"https:\/\/medicinasinc.com\/no\/wp-json\/wp\/v2\/product_brand?post=5387"},{"taxonomy":"product_cat","embeddable":true,"href":"https:\/\/medicinasinc.com\/no\/wp-json\/wp\/v2\/product_cat?post=5387"},{"taxonomy":"product_tag","embeddable":true,"href":"https:\/\/medicinasinc.com\/no\/wp-json\/wp\/v2\/product_tag?post=5387"}],"curies":[{"name":"wp","href":"https:\/\/api.w.org\/{rel}","templated":true}]}}