{"id":5368,"date":"2022-02-21T21:54:21","date_gmt":"2022-02-21T21:54:21","guid":{"rendered":"https:\/\/medicinasinc.com\/no\/?post_type=product&#038;p=5368"},"modified":"2022-03-22T00:54:36","modified_gmt":"2022-03-22T00:54:36","slug":"kjope-4-emc-4-etylmetkatinon","status":"publish","type":"product","link":"https:\/\/medicinasinc.com\/no\/product\/kjope-4-emc-4-etylmetkatinon\/","title":{"rendered":"Kj\u00f8p 4-EMC 4-Etylmethcathinone"},"content":{"rendered":"<h1 class=\"product_title entry-title\">Kj\u00f8p 4-EMC 4-Ethylmethcathinone Powder Online<\/h1>\n<p><strong>4-EMC er tilgjengelig for kj\u00f8p online.<\/strong><\/p>\n<p> 2-metylaminopropan-1-on, monohydroklorid er det fulle IUPAC-navnet for 4-EMC, som tilh\u00f8rer klassen av forskningsforbindelser kjent som sentralnervesystemstimulerende midler. 4-EMC er ogs\u00e5 kjent som 4-etylfenol.<\/p>\n<p>Et entaktogen og et sentralstimulerende middel, 4-Ethylmethcathinone (4-EMC) er et rekreasjonsdesignermedikament. er en 4-MEC strukturell isomer<\/p>\n<p>C12H17NO er \u200b\u200bmolekylformelen til 4-EMC, som tilh\u00f8rer de kjemiske fenetylamin- og amfetaminfamiliene. Det er 191.270 g\/mnd i oppskriften. Hvor kan du kj\u00f8pe 4-EMC<\/p>\n<p>Vi introduserer et nytt katinonprodukt som kan brukes til sofistikerte vitenskapelige studier p\u00e5 grunn av den h\u00f8ye ettersp\u00f8rselen fra markedet. 4-etylmetkatinon er en isomer versjon av mefedron, som for tiden er forbudt, og alle de nevnte forbindelsene har stimulerende og entaktogene effekter.<\/p>\n<p>Dopamin og serotonin er de mest sannsynlige prim\u00e6re m\u00e5lene for 4-EMC, som er typisk for denne kjemiske klassen og anses \u00e5 hindre gjenopptak p\u00e5 den synaptiske kl\u00f8ften av viktige nevrotransmittere.<\/p>\n<p>Et krystallinsk pulver, stoffet kan enkelt produseres for testing uten risiko for \u00e5 introdusere urenheter under normale forhold. Vannl\u00f8selig 4-EMC m\u00e5 oppbevares i et t\u00f8rt, lufttett milj\u00f8.<\/p>\n<p>Forskere har en unik mulighet til \u00e5 kartlegge stoffets profil fra bunnen av fordi det ikke har v\u00e6rt grundig unders\u00f8kt tidligere og det meste av vi vet om det kommer gjennom paralleller til lignende stoffer. N\u00e5r du utf\u00f8rer fors\u00f8k, er det viktig \u00e5 huske p\u00e5 kjemikaliets nyhet og gi rom for feil. Tilknytning til 4-EMC<\/p>\n","protected":false},"excerpt":{"rendered":"<p>Hvor kan jeg kj\u00f8pe pulverisert 4-EMC 4-etylmetkatinon? Et sentralstimulerende middel og et entaktogen, det faller inn i den siste kategorien. Strukturelle isomerer av 4-MEC finner du her.<\/p>\n<p>4-EMC 4-Ethylmethcathinone Crystal Powder for salg i Europa, EU og Storbritannia. Et sentralstimulerende middel og et entaktogen, det faller inn i den siste kategorien. 4-MEC er en strukturell isomer av denne forbindelsen.<\/p>\n<p>Katinonfamilien inkluderer 4-EMC (ogs\u00e5 kjent som 4-Ethylmethcathinone), et nytt forskningsmolekyl. Blant kjemiske forskere er 4-EMC et foretrukket valg p\u00e5 grunn av dets stimulerende og entaktogene egenskaper.<\/p>\n<h1>Kj\u00f8p 4-EMC p\u00e5 nett<\/h1>\n<p>n\u00e5r du kj\u00f8per 4-EMC p\u00e5 nett, \u00f8nsker du en kvalitet Drug Online er forskningskjemikalier av h\u00f8y kvalitet. Du kan kj\u00f8pe 4-EMC for salg online til engrospris fra p\u00e5litelig leverand\u00f8r Top mark chemical.com Sikker frakt 4-EMC til USA, Nederland, Irland, EU, Storbritannia og andre land. <a href=\"https:\/\/www.bestglobalmeds.com\/product\/research-chemicals\/4-emc\/\">Kj\u00f8p 4-EMC p\u00e5 nett<\/a><\/p>\n<p>Cas No: 1225622-14- 9<br \/> Formel: C12H17NO<br \/> IUPAC: 1-(4-etylfenyl)-2-(metylamino)propan-1-on<br \/> Utseende: Hvite\/gulaktige krystaller<br \/> Renhet:<\/p>\n","protected":false},"featured_media":5380,"comment_status":"open","ping_status":"closed","template":"","meta":[],"product_brand":[],"product_cat":[2014],"product_tag":[2486,2485,2487,2497,2498,2488,2493,2494,2495,2501,2500,2496,2489,2490,2492,2491,2499],"class_list":{"0":"post-5368","1":"product","2":"type-product","3":"status-publish","4":"has-post-thumbnail","6":"product_cat-kjpe-forskning-kjemikalier","7":"product_tag-4-mec-supplier","8":"product_tag-4-mec-til-salgs","9":"product_tag-4-mecs-leverandr-online","10":"product_tag-bestille-4-mec-online","11":"product_tag-bestille-billig-4-mec-online","12":"product_tag-buy-4-mec","13":"product_tag-buy-4-mec-research-chemicals-online","14":"product_tag-buy-4-meconline-usa","15":"product_tag-buy-research-chemicals-for-sale-online","16":"product_tag-hvor-kan-f-4-mec-krystaller-p-nettet","17":"product_tag-hvor-kan-kjpe-4-mec-online","18":"product_tag-hvordan-kan-jeg-f-4-mec-forskning-kjemikalier","19":"product_tag-kjp-4-mec-krystall-online","20":"product_tag-kjp-4-mec-krystaller-med-verdensomspennende-frakt","21":"product_tag-kjp-4-mec-online-for-salg","22":"product_tag-buy-4-mec-online","23":"product_tag-plitelig-leverandr-for-4-mec-online","25":"first","26":"instock","27":"shipping-taxable","28":"purchasable","29":"product-type-variable","30":"has-default-attributes"},"yoast_head":"<!-- This site is optimized with the Yoast SEO plugin v27.3 - https:\/\/yoast.com\/product\/yoast-seo-wordpress\/ -->\n<title>Kj\u00f8p 4-Ethylmethcathinone - Kj\u00f8p 4-EMC - Beste beste globale medisiner<\/title>\n<meta name=\"description\" content=\"Kj\u00f8p 4-EMC 4-Ethylmethcathinone Crystal Powder for salg online i Europa, EU, Storbritannia. Det tilh\u00f8rer klassen av sentralstimulerende midler og entaktogener. Det er en strukturell isomer av 4-MEC.\" \/>\n<meta name=\"robots\" content=\"index, follow, max-snippet:-1, max-image-preview:large, max-video-preview:-1\" \/>\n<link rel=\"canonical\" href=\"https:\/\/medicinasinc.com\/no\/product\/kjope-4-emc-4-etylmetkatinon\/\" \/>\n<meta property=\"og:locale\" content=\"nn_NO\" \/>\n<meta property=\"og:type\" content=\"article\" \/>\n<meta property=\"og:title\" content=\"Kj\u00f8p 4-Ethylmethcathinone - Kj\u00f8p 4-EMC - Beste beste globale medisiner\" \/>\n<meta property=\"og:description\" content=\"Kj\u00f8p 4-EMC 4-Ethylmethcathinone Crystal Powder for salg online i Europa, EU, Storbritannia. Det tilh\u00f8rer klassen av sentralstimulerende midler og entaktogener. Det er en strukturell isomer av 4-MEC.\" \/>\n<meta property=\"og:url\" content=\"https:\/\/medicinasinc.com\/no\/product\/kjope-4-emc-4-etylmetkatinon\/\" \/>\n<meta property=\"og:site_name\" content=\"Medicinas Inc\" \/>\n<meta property=\"article:modified_time\" content=\"2022-03-22T00:54:36+00:00\" \/>\n<meta property=\"og:image\" content=\"https:\/\/medicinasinc.com\/no\/wp-content\/uploads\/sites\/14\/2022\/02\/Buy-4-EMC.jpg\" \/>\n\t<meta property=\"og:image:width\" content=\"230\" \/>\n\t<meta property=\"og:image:height\" content=\"230\" \/>\n\t<meta property=\"og:image:type\" content=\"image\/jpeg\" \/>\n<meta name=\"twitter:card\" content=\"summary_large_image\" \/>\n<meta name=\"twitter:label1\" content=\"Est. reading time\" \/>\n\t<meta name=\"twitter:data1\" content=\"2 minutt\" \/>\n<script type=\"application\/ld+json\" class=\"yoast-schema-graph\">{\"@context\":\"https:\\\/\\\/schema.org\",\"@graph\":[{\"@type\":\"WebPage\",\"@id\":\"https:\\\/\\\/medicinasinc.com\\\/no\\\/product\\\/kjope-4-emc-4-etylmetkatinon\\\/\",\"url\":\"https:\\\/\\\/medicinasinc.com\\\/no\\\/product\\\/kjope-4-emc-4-etylmetkatinon\\\/\",\"name\":\"Kj\u00f8p 4-Ethylmethcathinone - Kj\u00f8p 4-EMC - Beste beste globale medisiner\",\"isPartOf\":{\"@id\":\"https:\\\/\\\/medicinasinc.com\\\/no\\\/#website\"},\"primaryImageOfPage\":{\"@id\":\"https:\\\/\\\/medicinasinc.com\\\/no\\\/product\\\/kjope-4-emc-4-etylmetkatinon\\\/#primaryimage\"},\"image\":{\"@id\":\"https:\\\/\\\/medicinasinc.com\\\/no\\\/product\\\/kjope-4-emc-4-etylmetkatinon\\\/#primaryimage\"},\"thumbnailUrl\":\"https:\\\/\\\/medicinasinc.com\\\/no\\\/wp-content\\\/uploads\\\/sites\\\/14\\\/2022\\\/02\\\/Buy-4-EMC.jpg\",\"datePublished\":\"2022-02-21T21:54:21+00:00\",\"dateModified\":\"2022-03-22T00:54:36+00:00\",\"description\":\"Kj\u00f8p 4-EMC 4-Ethylmethcathinone Crystal Powder for salg online i Europa, EU, Storbritannia. Det tilh\u00f8rer klassen av sentralstimulerende midler og entaktogener. Det er en strukturell isomer av 4-MEC.\",\"breadcrumb\":{\"@id\":\"https:\\\/\\\/medicinasinc.com\\\/no\\\/product\\\/kjope-4-emc-4-etylmetkatinon\\\/#breadcrumb\"},\"inLanguage\":\"nn-NO\",\"potentialAction\":[{\"@type\":\"ReadAction\",\"target\":[\"https:\\\/\\\/medicinasinc.com\\\/no\\\/product\\\/kjope-4-emc-4-etylmetkatinon\\\/\"]}]},{\"@type\":\"ImageObject\",\"inLanguage\":\"nn-NO\",\"@id\":\"https:\\\/\\\/medicinasinc.com\\\/no\\\/product\\\/kjope-4-emc-4-etylmetkatinon\\\/#primaryimage\",\"url\":\"https:\\\/\\\/medicinasinc.com\\\/no\\\/wp-content\\\/uploads\\\/sites\\\/14\\\/2022\\\/02\\\/Buy-4-EMC.jpg\",\"contentUrl\":\"https:\\\/\\\/medicinasinc.com\\\/no\\\/wp-content\\\/uploads\\\/sites\\\/14\\\/2022\\\/02\\\/Buy-4-EMC.jpg\",\"width\":230,\"height\":230},{\"@type\":\"BreadcrumbList\",\"@id\":\"https:\\\/\\\/medicinasinc.com\\\/no\\\/product\\\/kjope-4-emc-4-etylmetkatinon\\\/#breadcrumb\",\"itemListElement\":[{\"@type\":\"ListItem\",\"position\":1,\"name\":\"Butikk\",\"item\":\"https:\\\/\\\/medicinasinc.com\\\/no\\\/butikk\\\/\"},{\"@type\":\"ListItem\",\"position\":2,\"name\":\"Kj\u00f8p 4-EMC 4-Etylmethcathinone\"}]},{\"@type\":\"WebSite\",\"@id\":\"https:\\\/\\\/medicinasinc.com\\\/no\\\/#website\",\"url\":\"https:\\\/\\\/medicinasinc.com\\\/no\\\/\",\"name\":\"Medicinas Inc\",\"description\":\"Helsemedisinsk klinikk\",\"potentialAction\":[{\"@type\":\"SearchAction\",\"target\":{\"@type\":\"EntryPoint\",\"urlTemplate\":\"https:\\\/\\\/medicinasinc.com\\\/no\\\/?s={search_term_string}\"},\"query-input\":{\"@type\":\"PropertyValueSpecification\",\"valueRequired\":true,\"valueName\":\"search_term_string\"}}],\"inLanguage\":\"nn-NO\"}]}<\/script>\n<!-- \/ Yoast SEO plugin. -->","yoast_head_json":{"title":"Kj\u00f8p 4-Ethylmethcathinone - Kj\u00f8p 4-EMC - Beste beste globale medisiner","description":"Kj\u00f8p 4-EMC 4-Ethylmethcathinone Crystal Powder for salg online i Europa, EU, Storbritannia. Det tilh\u00f8rer klassen av sentralstimulerende midler og entaktogener. Det er en strukturell isomer av 4-MEC.","robots":{"index":"index","follow":"follow","max-snippet":"max-snippet:-1","max-image-preview":"max-image-preview:large","max-video-preview":"max-video-preview:-1"},"canonical":"https:\/\/medicinasinc.com\/no\/product\/kjope-4-emc-4-etylmetkatinon\/","og_locale":"nn_NO","og_type":"article","og_title":"Kj\u00f8p 4-Ethylmethcathinone - Kj\u00f8p 4-EMC - Beste beste globale medisiner","og_description":"Kj\u00f8p 4-EMC 4-Ethylmethcathinone Crystal Powder for salg online i Europa, EU, Storbritannia. Det tilh\u00f8rer klassen av sentralstimulerende midler og entaktogener. Det er en strukturell isomer av 4-MEC.","og_url":"https:\/\/medicinasinc.com\/no\/product\/kjope-4-emc-4-etylmetkatinon\/","og_site_name":"Medicinas Inc","article_modified_time":"2022-03-22T00:54:36+00:00","og_image":[{"width":230,"height":230,"url":"https:\/\/medicinasinc.com\/no\/wp-content\/uploads\/sites\/14\/2022\/02\/Buy-4-EMC.jpg","type":"image\/jpeg"}],"twitter_card":"summary_large_image","twitter_misc":{"Est. reading time":"2 minutt"},"schema":{"@context":"https:\/\/schema.org","@graph":[{"@type":"WebPage","@id":"https:\/\/medicinasinc.com\/no\/product\/kjope-4-emc-4-etylmetkatinon\/","url":"https:\/\/medicinasinc.com\/no\/product\/kjope-4-emc-4-etylmetkatinon\/","name":"Kj\u00f8p 4-Ethylmethcathinone - Kj\u00f8p 4-EMC - Beste beste globale medisiner","isPartOf":{"@id":"https:\/\/medicinasinc.com\/no\/#website"},"primaryImageOfPage":{"@id":"https:\/\/medicinasinc.com\/no\/product\/kjope-4-emc-4-etylmetkatinon\/#primaryimage"},"image":{"@id":"https:\/\/medicinasinc.com\/no\/product\/kjope-4-emc-4-etylmetkatinon\/#primaryimage"},"thumbnailUrl":"https:\/\/medicinasinc.com\/no\/wp-content\/uploads\/sites\/14\/2022\/02\/Buy-4-EMC.jpg","datePublished":"2022-02-21T21:54:21+00:00","dateModified":"2022-03-22T00:54:36+00:00","description":"Kj\u00f8p 4-EMC 4-Ethylmethcathinone Crystal Powder for salg online i Europa, EU, Storbritannia. Det tilh\u00f8rer klassen av sentralstimulerende midler og entaktogener. Det er en strukturell isomer av 4-MEC.","breadcrumb":{"@id":"https:\/\/medicinasinc.com\/no\/product\/kjope-4-emc-4-etylmetkatinon\/#breadcrumb"},"inLanguage":"nn-NO","potentialAction":[{"@type":"ReadAction","target":["https:\/\/medicinasinc.com\/no\/product\/kjope-4-emc-4-etylmetkatinon\/"]}]},{"@type":"ImageObject","inLanguage":"nn-NO","@id":"https:\/\/medicinasinc.com\/no\/product\/kjope-4-emc-4-etylmetkatinon\/#primaryimage","url":"https:\/\/medicinasinc.com\/no\/wp-content\/uploads\/sites\/14\/2022\/02\/Buy-4-EMC.jpg","contentUrl":"https:\/\/medicinasinc.com\/no\/wp-content\/uploads\/sites\/14\/2022\/02\/Buy-4-EMC.jpg","width":230,"height":230},{"@type":"BreadcrumbList","@id":"https:\/\/medicinasinc.com\/no\/product\/kjope-4-emc-4-etylmetkatinon\/#breadcrumb","itemListElement":[{"@type":"ListItem","position":1,"name":"Butikk","item":"https:\/\/medicinasinc.com\/no\/butikk\/"},{"@type":"ListItem","position":2,"name":"Kj\u00f8p 4-EMC 4-Etylmethcathinone"}]},{"@type":"WebSite","@id":"https:\/\/medicinasinc.com\/no\/#website","url":"https:\/\/medicinasinc.com\/no\/","name":"Medicinas Inc","description":"Helsemedisinsk klinikk","potentialAction":[{"@type":"SearchAction","target":{"@type":"EntryPoint","urlTemplate":"https:\/\/medicinasinc.com\/no\/?s={search_term_string}"},"query-input":{"@type":"PropertyValueSpecification","valueRequired":true,"valueName":"search_term_string"}}],"inLanguage":"nn-NO"}]}},"_links":{"self":[{"href":"https:\/\/medicinasinc.com\/no\/wp-json\/wp\/v2\/product\/5368","targetHints":{"allow":["GET"]}}],"collection":[{"href":"https:\/\/medicinasinc.com\/no\/wp-json\/wp\/v2\/product"}],"about":[{"href":"https:\/\/medicinasinc.com\/no\/wp-json\/wp\/v2\/types\/product"}],"replies":[{"embeddable":true,"href":"https:\/\/medicinasinc.com\/no\/wp-json\/wp\/v2\/comments?post=5368"}],"wp:featuredmedia":[{"embeddable":true,"href":"https:\/\/medicinasinc.com\/no\/wp-json\/wp\/v2\/media\/5380"}],"wp:attachment":[{"href":"https:\/\/medicinasinc.com\/no\/wp-json\/wp\/v2\/media?parent=5368"}],"wp:term":[{"taxonomy":"product_brand","embeddable":true,"href":"https:\/\/medicinasinc.com\/no\/wp-json\/wp\/v2\/product_brand?post=5368"},{"taxonomy":"product_cat","embeddable":true,"href":"https:\/\/medicinasinc.com\/no\/wp-json\/wp\/v2\/product_cat?post=5368"},{"taxonomy":"product_tag","embeddable":true,"href":"https:\/\/medicinasinc.com\/no\/wp-json\/wp\/v2\/product_tag?post=5368"}],"curies":[{"name":"wp","href":"https:\/\/api.w.org\/{rel}","templated":true}]}}