{"id":5367,"date":"2022-02-21T21:52:55","date_gmt":"2022-02-21T21:52:55","guid":{"rendered":"https:\/\/medicinasinc.com\/no\/?post_type=product&#038;p=5367"},"modified":"2022-03-22T00:54:46","modified_gmt":"2022-03-22T00:54:46","slug":"4-klormetkatinon-4-cmc-hcl-krystall","status":"publish","type":"product","link":"https:\/\/medicinasinc.com\/no\/product\/4-klormetkatinon-4-cmc-hcl-krystall\/","title":{"rendered":"4-klormetkatinon (4-CMC HCl) krystall"},"content":{"rendered":"<p>P\u00e5 nettet kan du kj\u00f8pe 4-CMC-krystaller og pulver til en sv\u00e6rt lav pris.<br \/> Kj\u00f8p en 4-CMC-krystall fra butikken.<\/p>\n<p>4-CMC er forkortelse for 4-klorometkatinon , og det betyr at 4-klorometkatinon 4-CMC er en del av klassen av kjemikalier som kalles katinoner. Det er et stoff. Tidligere har dette forskningskjemikaliet ikke v\u00e6rt p\u00e5 markedet veldig lenge i det hele tatt. Dette betyr at mange mennesker ikke har pr\u00f8vd det enn\u00e5.<\/p>\n<p>Kj\u00f8p etter 4-CMC Crystals, som er 4-klorometkatinon. Disse krystallene er laget av de beste forskningskjemikaliene og kommer med rask levering og gode priser. N\u00e5r du g\u00e5r til globalhomemed.com, kan du bare f\u00e5 medisin der.<\/p>\n<p>Men selv om 4-CMC er nytt, ble forel\u00f8pige tester med dette stoffet sagt \u00e5 vise \u00f8kte f\u00f8lelser, raskere tankeprosesser og h\u00f8y energiniv\u00e5er. Dette ligner mye p\u00e5 4-MMC, bk-MDMA og 3-MMC. 4-CMC er det samme. S\u00e5 hvis du har forsket p\u00e5 noen av disse kjemikaliene, vet du ogs\u00e5 hva du kan forvente av 4-CMC-forskningseksperimenter.<\/p>\n<p>&nbsp;<\/p>\n<p>Hvor kan jeg kj\u00f8pe 4-CMC?<\/p>\n<p>Her p\u00e5 Chemical Planet har vi mange h\u00f8ykvalitets 4-CMC til salgs. I de fleste tilfeller kommer v\u00e5r 4-CMC i krystallform. Kontakt oss hvis du ikke ser skjemaet du \u00f8nsker. Vi kan ha den tilbake snart.<\/p>\n<p>Kj\u00f8p 4-CMC fra Chemical Planet, og du m\u00e5 v\u00e6re minst 18 \u00e5r gammel og i full overensstemmelse med kjemiske forskningslover i landet ditt hvis du \u00f8nsker \u00e5 gj\u00f8re det. Mennesker og dyr kan ikke bruke kjemikaliene v\u00e5re. De er kun for forskning og ikke for bruk av mennesker eller dyr.<\/p>\n<p>Lovligheten til 4-CMC<\/p>\n<p>Folk i Kina og Sverige liker ikke 4-CMC s\u00e5 godt. Hvis du tar dette stoffet i Tyskland, heter det &laquo;Anlage I.&raquo; Mange andre land har ikke satt en dato for dette kjemikaliet enn\u00e5. Dette er mest fordi det er s\u00e5 nytt.<\/p>\n<p>Et kj\u00f8lig, t\u00f8rt sted er alltid best for best holdbarhet. Dette produktet er kun for rettsmedisinsk og forskningsmessig bruk. Det er ikke ment \u00e5 spises av mennesker eller testes p\u00e5 dyr eller noe annet levende.<\/p>\n","protected":false},"excerpt":{"rendered":"<p>Kj\u00f8p 4-CMC-krystaller og pulver p\u00e5 nett for en billig penge fra en nettbutikk. Kj\u00f8p 4-CMC krystaller og pulver i bulk som er 99 prosent rene. Bestill 4-Chloromethcathinone for salg i Storbritannia, Europa og resten av verden<\/p>\n<p>Kj\u00f8p 4-Chloromethcathinone (4-CMC HCl) hydrokloridkrystall til de beste prisene og f\u00e5 det levert hvor som helst i verden. Bestill 4-CMC i Storbritannia og Europa<\/p>\n<p>Kj\u00f8p 4-CMC-krystaller og pulver p\u00e5 nett til en billig penge fra en nettbutikk.<\/p>\n<p>Kj\u00f8p 4-CMC-krystaller og pulver i bulk som er 99 prosent rent.<\/p>\n","protected":false},"featured_media":5378,"comment_status":"open","ping_status":"closed","template":"","meta":[],"product_brand":[],"product_cat":[2014],"product_tag":[2101,2337,2102,2395,2125,2329,2103,2326,2338,2104,2327,2365,2105,2398,2126,2368,2155,2331,2369,2478,2477,2156,2332,2157,2158,2372,2160,2161,2165,2166,2167,2168,2172,2173,2174,2175,2176,2177,2180,2181,2182,2183,2187,2188,2189,2194,2195,2196,2197,2199,2200,2202,2203,2204,2481,2205,2206,2210,2207,2208,2209,2211,2212,2213,2214,2215,2216,2217,2218,2408,2380,2409,2410,2411,2383,2412,2468,2415,2471,2387,2419,2391,2219,2220,2222,2223,2225,2226,2233,2479,2234,2236,2238,2240,2243,2244,2245,2246,2247,2248,2249,2250,2252,2254,2255,2256,2257,2258,2259,2260,2261,2262,2264,2266,2267,2483,2333,2403,2268,2270,2272,2273,2275,2276,2278,2185,2186,2190,2269,2283,2271,2191,2193,2290,2308,2291,2277,2293,2361,2274,2198,2279,2335,2345,2280,2281,2282,2284,2285,2286,2287,2288,2289,2292,2384,2469,2414,2417,2389,2416,2388,2418,2474,2390,2413,2392,2294,2346,2295,2407,2480,2484,2309,2297,2298,2302,2299,2300,2301,2303,2304,2305,2306,2307,2421,2159,2311,2422,2164,2315,2423,2221,2424,2162,2425,2163,2428,2179,2482,2318,2251,2430,2169,2253,2431,2235,2263,2432,2170,2171,2433,2184,2434,2178,2319,2265,2321,2322,2239,2323,2310,2312,2313,2314,2316,2317,2320,2324,2334,2325,2328,2330,2344,2336,2339,2347,2340,2341,2342,2343,2348,2349,2350,2351,2352,2353,2354,2355,2356,2357,2358,2359,2360,2362,2363,2364,2366,2367,2370,2371,2373,2374,2379,2381,2382,2385,2386,2420,2394,2396,2397,2399,2400,2401,2402,2404,2405,2406,2192,2426,2427,2429,2435,2436,2437,2438,2439,2440,2441,2442,2443,2444,2445,2446,2447,2476,2449,2450,2451,2452,2453,2454,2455,2456,2457,2458,2459,2460,2461,2462,2463,2464,2465,2466,2467,2470,2472,2473,2475,2201],"class_list":{"0":"post-5367","1":"product","2":"type-product","3":"status-publish","4":"has-post-thumbnail","6":"product_cat-kjpe-forskning-kjemikalier","7":"product_tag-2-fdck","8":"product_tag-magasin-2-fdck","9":"product_tag-2-mmc","10":"product_tag-store-2-mmc","11":"product_tag-3-mmc-pellets","12":"product_tag-lagre-3-mmc-pellets","13":"product_tag-3-cmc","14":"product_tag-store-3-cmc","15":"product_tag-butikk-3-cmc","16":"product_tag-3-mm","17":"product_tag-store-3-mma","18":"product_tag-butikk-3-mma","19":"product_tag-3-mmc","20":"product_tag-store-3-mmc","21":"product_tag-3-mmc-piller","22":"product_tag-shop-3-mmc-piller","23":"product_tag-4-cmc","24":"product_tag-store-4-cmc","25":"product_tag-butikk-4-cmc","26":"product_tag-4-cmc-crystals-for-sale","27":"product_tag-4-cmc-krystaller","28":"product_tag-5-mmpa","29":"product_tag-store-5-mmpa","30":"product_tag-a-php","31":"product_tag-a-pihp","32":"product_tag-shop-at-pihp","33":"product_tag-acheter-2-mmc","34":"product_tag-acheter-3-cmc","35":"product_tag-acheter-3-mmc-piller","36":"product_tag-acheter-4-cmc","37":"product_tag-acheter-5-mmpa","38":"product_tag-acheter-a-php","39":"product_tag-acquista-2-fdck","40":"product_tag-acquista-2-mmc","41":"product_tag-acquista-3-cmc","42":"product_tag-acquista-3-mma","43":"product_tag-acquista-3-mmc","44":"product_tag-acquista-3-mmc-pellets","45":"product_tag-acquista-5-mmpa","46":"product_tag-acquista-a-php","47":"product_tag-acquista-a-pihp","48":"product_tag-acquista-eutylone","49":"product_tag-al-por-mayor-3-cmc","50":"product_tag-al-por-mayor-3-mma","51":"product_tag-al-por-mayor-3-mmc","52":"product_tag-al-por-mayor-a-php","53":"product_tag-al-por-mayor-a-pihp","54":"product_tag-al-por-mayor-eutylone","55":"product_tag-al-por-mayor-hexedrone","56":"product_tag-best-3-cmc","57":"product_tag-best-3-mmc","58":"product_tag-best-a-pihp","59":"product_tag-beste-heksedron","60":"product_tag-best-hexen","61":"product_tag-bestill-4-cmc-krystaller-online","62":"product_tag-bulk-2-fdck","63":"product_tag-bulk-2-mmc","64":"product_tag-bulk-3-mmc-pellets","65":"product_tag-bulk-3-cmc","66":"product_tag-bulk-3-mma","67":"product_tag-bulk-3-mmc","68":"product_tag-bulk-3-mmc-piller","69":"product_tag-bulk-4-cmc","70":"product_tag-bulk-5-mmpa","71":"product_tag-bulk-a-php","72":"product_tag-bulk-a-pihp","73":"product_tag-bulk-eutylone","74":"product_tag-bulk-heksedron","75":"product_tag-bulk-heksen","76":"product_tag-take-off-2-fdck","77":"product_tag-shop-2-mmc","78":"product_tag-take-off-2-mmc","79":"product_tag-take-off-3-cmc","80":"product_tag-take-off-3-mm","81":"product_tag-shop-3-mmc","82":"product_tag-take-off-3-mmc","83":"product_tag-winkel-3-mmc-pellets","84":"product_tag-take-off-4-cmc","85":"product_tag-butikk-5-mmpa","86":"product_tag-shop-5-mmpa","87":"product_tag-take-off-heksedron","88":"product_tag-butikk-heksedron","89":"product_tag-buy-2-fdck","90":"product_tag-buy-2-mmc","91":"product_tag-buy-3-mma","92":"product_tag-buy-3-mmc","93":"product_tag-buy-3-mmc-pellets","94":"product_tag-buy-3-mmc-pills","95":"product_tag-buy-4-cmc","96":"product_tag-buy-4-cmc-crystals-online","97":"product_tag-buy-5-mmpa","98":"product_tag-buy-a-pihp","99":"product_tag-buy-eutylone","100":"product_tag-buy-hexen","101":"product_tag-comprar-2-fdck","102":"product_tag-comprar-2-mmc","103":"product_tag-comprar-3-cmc","104":"product_tag-comprar-3-mma","105":"product_tag-comprar-3-mmc","106":"product_tag-comprar-3-mmc-pellets","107":"product_tag-comprar-3-mmc-pills","108":"product_tag-comprar-4-cmc","109":"product_tag-comprar-a-php","110":"product_tag-comprar-eutylone","111":"product_tag-comprar-hexedrone","112":"product_tag-comprar-hexen","113":"product_tag-cumpara-2-fdck","114":"product_tag-cumpara-3-cmc","115":"product_tag-cumpara-3-mma","116":"product_tag-cumpara-3-mmc","117":"product_tag-cumpara-4-cmc","118":"product_tag-cumpara-5-mmpa","119":"product_tag-cumpara-a-pihp","120":"product_tag-cumpara-hexedrone","121":"product_tag-cumpara-hexen","122":"product_tag-det-beste-stedet--kjpe-4-cmc-krystaller-p-nettet","123":"product_tag-store-a-php","124":"product_tag-butikk-til-php","125":"product_tag-en-gros-2-fdck","126":"product_tag-en-gros-3-mma","127":"product_tag-en-gros-4-cmc","128":"product_tag-en-gros-5-mmpa","129":"product_tag-en-gros-a-pihp","130":"product_tag-en-gros-eutylone","131":"product_tag-en-gros-hexen","132":"product_tag-engros-2-fdck","133":"product_tag-engros-2-mmc","134":"product_tag-engros-3-mmc-pellets","135":"product_tag-engros-3-cmc","136":"product_tag-engros-3-mma","137":"product_tag-engros-3-mmc","138":"product_tag-engros-3-mmc-piller","139":"product_tag-engros-5-mmpa","140":"product_tag-engros-a-pihp","141":"product_tag-ingrosso-eutylone","142":"product_tag-engros-eutylone","143":"product_tag-engros-heksedron","144":"product_tag-engros-hexes","145":"product_tag-engros-hexen","146":"product_tag-engros-a-php","147":"product_tag-engros-hekser","148":"product_tag-eutylone","149":"product_tag-butikk-eutylone","150":"product_tag-eutylone-butikk","151":"product_tag-groothandel-2-fdck","152":"product_tag-groothandel-2-mmc","153":"product_tag-groothandel-3-cmc","154":"product_tag-groothandel-3-mmc","155":"product_tag-groothandel-3-mmc-pellets","156":"product_tag-groothandel-3-mmc-pills","157":"product_tag-groothandel-4-cmc","158":"product_tag-groothandel-5-mmpa","159":"product_tag-groothandel-a-php","160":"product_tag-groothandel-hexedrone","161":"product_tag-shop-3-mmc-pellets","162":"product_tag-store-3-mmc-piller","163":"product_tag-take-off-3-mmc-piller","164":"product_tag-uzlet-a-pihp","165":"product_tag-shop-a-pihp","166":"product_tag-uzlet-a-php","167":"product_tag-shop-a-php","168":"product_tag-take-off-eutylone","169":"product_tag-handle-eutylone","170":"product_tag-shop-eutylone","171":"product_tag-uzlet-3-mmc-pellets","172":"product_tag-handle-hekser","173":"product_tag-heksedron","174":"product_tag-heksedron-butikk","175":"product_tag-hekser","176":"product_tag-store-hexen","177":"product_tag-how-to-buy-4-cmc-crystals-online","178":"product_tag-hvor-kan-kjpe-4-cmc-krystaller-online","179":"product_tag-ingroso-hekser","180":"product_tag-ingrosso-2-fdck","181":"product_tag-ingroso-2-mmc","182":"product_tag-ingrosso-3-mmc-pellets","183":"product_tag-ingrosso-3-cmc","184":"product_tag-ingrosso-3-mma","185":"product_tag-ingroso-3-mmc","186":"product_tag-ingrosso-3-mmc-piller","187":"product_tag-ingrosso-4-cmc","188":"product_tag-ingrosso-5-mmpa","189":"product_tag-ingroso-a-php","190":"product_tag-ingrosso-a-pihp","191":"product_tag-vasarold-meg-2-fdck","192":"product_tag-kjp-2-fdck","193":"product_tag-koop-2-mmc","194":"product_tag-vasarold-meg-2-mmc","195":"product_tag-kjp-3-mmc-pellets","196":"product_tag-koop-3-mmc-pellets","197":"product_tag-vasarold-meg-3-cmc","198":"product_tag-kjp-3-cmc","199":"product_tag-vasarold-meg-3-mma","200":"product_tag-kjp-3-mma","201":"product_tag-vasarold-meg-3-mmc","202":"product_tag-kjp-3-mmc","203":"product_tag-vasarold-meg-4-cmc","204":"product_tag-kjp-4-cmc","205":"product_tag-kjp-4-cmc-krystaller-online","206":"product_tag-kjp-5-mmpa","207":"product_tag-kj-c3-b8p-5-mmpa","208":"product_tag-vasarold-meg-a-php","209":"product_tag-kjp-p-pihp","210":"product_tag-kjp-en-pihp","211":"product_tag-vasarold-meg-pihp","212":"product_tag-kjp-en-php","213":"product_tag-cumpara-a-php","214":"product_tag-vasarold-meg-eutylon","215":"product_tag-kjp-eutylon","216":"product_tag-acheter-heksen","217":"product_tag-vasarold-meg-heksedron","218":"product_tag-kjp-hekser","219":"product_tag-vasarold-meg-hexen","220":"product_tag-kjp-3-mmc-piller","221":"product_tag-kjp-a-php","222":"product_tag-kjpe-eutylon","223":"product_tag-kjpe-eutylone","224":"product_tag-kjpe-heksedron","225":"product_tag-kj-c3-b8pe-heksedron","226":"product_tag-kjpe-hexes","227":"product_tag-koop-2-fdck","228":"product_tag-koop-3-cmc","229":"product_tag-koop-3-mma","230":"product_tag-koop-3-mmc","231":"product_tag-koop-3-mmc-pills","232":"product_tag-koop-4-cmc","233":"product_tag-koop-a-pihp","234":"product_tag-store-2-fdck","235":"product_tag-store-a-pihp","236":"product_tag-magasin-2-mmc","237":"product_tag-magasin-3-mmc","238":"product_tag-magasin-3-mmc-piller","239":"product_tag-magazine-a-pihp","240":"product_tag-magasin-hekser","241":"product_tag-magasin-3-mma","242":"product_tag-magasinhekser","243":"product_tag-magazin-3-mmc","244":"product_tag-magazin-4-cmc","245":"product_tag-magazin-5-mmpa","246":"product_tag-magazin-a-php","247":"product_tag-nagykereskedelem-2-fdck","248":"product_tag-nagykereskedelem-2-mmc","249":"product_tag-nagykereskedelem-3-cmc","250":"product_tag-nagykereskedelem-3-mma","251":"product_tag-nagykereskedelem-3-mmc","252":"product_tag-nagykereskedelem-3-mmc-pellets","253":"product_tag-nagykereskedelem-3-mmc-pills","254":"product_tag-nagykereskedelem-4-cmc","255":"product_tag-nagykereskedelem-5-mmpa","256":"product_tag-nagykereskedelem-a-php","257":"product_tag-nagykereskedelem-a-pihp","258":"product_tag-nagykereskedelem-eutylone","259":"product_tag-nagykereskedelem-hexedrone","260":"product_tag-negozio-2-fdck","261":"product_tag-negozio-2-mmc","262":"product_tag-negozio-3-cmc","263":"product_tag-negozio-3-mmc","264":"product_tag-negozio-3-mmc-pellets","265":"product_tag-negozio-5-mmpa","266":"product_tag-negozio-a-php","267":"product_tag-negozio-eutylone","268":"product_tag-negozio-hexen","269":"product_tag-shop-2-fdck","270":"product_tag-shop-3-cmc","271":"product_tag-shop-3-mma","272":"product_tag-shop-3-mmc-pills","273":"product_tag-shop-4-cmc","274":"product_tag-take-off-hexen","275":"product_tag-tienda-2-fdck","276":"product_tag-tienda-3-cmc","277":"product_tag-tienda-3-mma","278":"product_tag-tienda-3-mmc-pellets","279":"product_tag-tienda-3-mmc-pills","280":"product_tag-tienda-4-cmc","281":"product_tag-tienda-5-mmpa","282":"product_tag-tienda-a-pihp","283":"product_tag-tienda-eutylone","284":"product_tag-tienda-hexedrone","285":"product_tag-engros-4-cmc","286":"product_tag-vasarold-meg-3-mmc-pellets","287":"product_tag-vasarold-meg-3-mmc-pills","288":"product_tag-vasarold-meg-5-mmpa","289":"product_tag-vente-en-gros-2-fdck","290":"product_tag-vente-en-gros-2-mmc","291":"product_tag-vente-en-gros-3-cmc","292":"product_tag-vente-en-gros-3-mma","293":"product_tag-vente-en-gros-3-mmc","294":"product_tag-vente-en-gros-3-mmc-pellets","295":"product_tag-vente-en-gros-3-mmc-pills","296":"product_tag-vente-en-gros-4-cmc","297":"product_tag-vente-en-gros-5-mmpa","298":"product_tag-vente-en-gros-a-php","299":"product_tag-vente-en-gros-a-pihp","300":"product_tag-vente-en-gros-eutylone","301":"product_tag-vente-en-gros-hexen","302":"product_tag-vinkel-hekser","303":"product_tag-wholesale-2-fdck","304":"product_tag-wholesale-2-mmc","305":"product_tag-wholesale-3-cmc","306":"product_tag-wholesale-3-mma","307":"product_tag-wholesale-3-mmc","308":"product_tag-wholesale-3-mmc-pellets","309":"product_tag-wholesale-3-mmc-pills","310":"product_tag-wholesale-4-cmc","311":"product_tag-wholesale-5-mmpa","312":"product_tag-wholesale-a-php","313":"product_tag-wholesale-a-pihp","314":"product_tag-wholesale-eutylone","315":"product_tag-wholesale-hexedrone","316":"product_tag-wholesale-hexen","317":"product_tag-winkel-2-fdck","318":"product_tag-winkel-2-mmc","319":"product_tag-winkel-3-cmc","320":"product_tag-winkel-3-mma","321":"product_tag-winkel-3-mmc","322":"product_tag-winkel-4-cmc","323":"product_tag-winkel-a-php","324":"product_tag-winkel-a-pihp","325":"product_tag-winkel-hexedrone","326":"product_tag-best-4-cmc","328":"first","329":"instock","330":"shipping-taxable","331":"purchasable","332":"product-type-variable","333":"has-default-attributes"},"yoast_head":"<!-- This site is optimized with the Yoast SEO plugin v27.3 - https:\/\/yoast.com\/product\/yoast-seo-wordpress\/ -->\n<title>Kj\u00f8p 4-klorometkatinon (4-CMC HCl) krystall - Beste beste globale medisiner<\/title>\n<meta name=\"description\" content=\"Kj\u00f8p 4-CMC Crystal &amp; Powder Online Billig. Kj\u00f8p 4-CMC Crystal &amp; Pulver i bulk 99% renhet. Bestill 4-klorometkatinon til salgs Storbritannia, Europa\" \/>\n<meta name=\"robots\" content=\"index, follow, max-snippet:-1, max-image-preview:large, max-video-preview:-1\" \/>\n<link rel=\"canonical\" href=\"https:\/\/medicinasinc.com\/no\/product\/4-klormetkatinon-4-cmc-hcl-krystall\/\" \/>\n<meta property=\"og:locale\" content=\"nn_NO\" \/>\n<meta property=\"og:type\" content=\"article\" \/>\n<meta property=\"og:title\" content=\"Kj\u00f8p 4-klorometkatinon (4-CMC HCl) krystall - Beste beste globale medisiner\" \/>\n<meta property=\"og:description\" content=\"Kj\u00f8p 4-CMC Crystal &amp; Powder Online Billig. Kj\u00f8p 4-CMC Crystal &amp; Pulver i bulk 99% renhet. Bestill 4-klorometkatinon til salgs Storbritannia, Europa\" \/>\n<meta property=\"og:url\" content=\"https:\/\/medicinasinc.com\/no\/product\/4-klormetkatinon-4-cmc-hcl-krystall\/\" \/>\n<meta property=\"og:site_name\" content=\"Medicinas Inc\" \/>\n<meta property=\"article:modified_time\" content=\"2022-03-22T00:54:46+00:00\" \/>\n<meta property=\"og:image\" content=\"https:\/\/medicinasinc.com\/no\/wp-content\/uploads\/sites\/14\/2022\/02\/buy-4-Chloromethcathinone.jpg\" \/>\n\t<meta property=\"og:image:width\" content=\"2560\" \/>\n\t<meta property=\"og:image:height\" content=\"1887\" \/>\n\t<meta property=\"og:image:type\" content=\"image\/jpeg\" \/>\n<meta name=\"twitter:card\" content=\"summary_large_image\" \/>\n<meta name=\"twitter:label1\" content=\"Est. reading time\" \/>\n\t<meta name=\"twitter:data1\" content=\"2 minutt\" \/>\n<script type=\"application\/ld+json\" class=\"yoast-schema-graph\">{\"@context\":\"https:\\\/\\\/schema.org\",\"@graph\":[{\"@type\":\"WebPage\",\"@id\":\"https:\\\/\\\/medicinasinc.com\\\/no\\\/product\\\/4-klormetkatinon-4-cmc-hcl-krystall\\\/\",\"url\":\"https:\\\/\\\/medicinasinc.com\\\/no\\\/product\\\/4-klormetkatinon-4-cmc-hcl-krystall\\\/\",\"name\":\"Kj\u00f8p 4-klorometkatinon (4-CMC HCl) krystall - Beste beste globale medisiner\",\"isPartOf\":{\"@id\":\"https:\\\/\\\/medicinasinc.com\\\/no\\\/#website\"},\"primaryImageOfPage\":{\"@id\":\"https:\\\/\\\/medicinasinc.com\\\/no\\\/product\\\/4-klormetkatinon-4-cmc-hcl-krystall\\\/#primaryimage\"},\"image\":{\"@id\":\"https:\\\/\\\/medicinasinc.com\\\/no\\\/product\\\/4-klormetkatinon-4-cmc-hcl-krystall\\\/#primaryimage\"},\"thumbnailUrl\":\"https:\\\/\\\/medicinasinc.com\\\/no\\\/wp-content\\\/uploads\\\/sites\\\/14\\\/2022\\\/02\\\/buy-4-Chloromethcathinone.jpg\",\"datePublished\":\"2022-02-21T21:52:55+00:00\",\"dateModified\":\"2022-03-22T00:54:46+00:00\",\"description\":\"Kj\u00f8p 4-CMC Crystal &amp; Powder Online Billig. Kj\u00f8p 4-CMC Crystal &amp; Pulver i bulk 99% renhet. Bestill 4-klorometkatinon til salgs Storbritannia, Europa\",\"breadcrumb\":{\"@id\":\"https:\\\/\\\/medicinasinc.com\\\/no\\\/product\\\/4-klormetkatinon-4-cmc-hcl-krystall\\\/#breadcrumb\"},\"inLanguage\":\"nn-NO\",\"potentialAction\":[{\"@type\":\"ReadAction\",\"target\":[\"https:\\\/\\\/medicinasinc.com\\\/no\\\/product\\\/4-klormetkatinon-4-cmc-hcl-krystall\\\/\"]}]},{\"@type\":\"ImageObject\",\"inLanguage\":\"nn-NO\",\"@id\":\"https:\\\/\\\/medicinasinc.com\\\/no\\\/product\\\/4-klormetkatinon-4-cmc-hcl-krystall\\\/#primaryimage\",\"url\":\"https:\\\/\\\/medicinasinc.com\\\/no\\\/wp-content\\\/uploads\\\/sites\\\/14\\\/2022\\\/02\\\/buy-4-Chloromethcathinone.jpg\",\"contentUrl\":\"https:\\\/\\\/medicinasinc.com\\\/no\\\/wp-content\\\/uploads\\\/sites\\\/14\\\/2022\\\/02\\\/buy-4-Chloromethcathinone.jpg\",\"width\":2560,\"height\":1887},{\"@type\":\"BreadcrumbList\",\"@id\":\"https:\\\/\\\/medicinasinc.com\\\/no\\\/product\\\/4-klormetkatinon-4-cmc-hcl-krystall\\\/#breadcrumb\",\"itemListElement\":[{\"@type\":\"ListItem\",\"position\":1,\"name\":\"Butikk\",\"item\":\"https:\\\/\\\/medicinasinc.com\\\/no\\\/butikk\\\/\"},{\"@type\":\"ListItem\",\"position\":2,\"name\":\"4-klormetkatinon (4-CMC HCl) krystall\"}]},{\"@type\":\"WebSite\",\"@id\":\"https:\\\/\\\/medicinasinc.com\\\/no\\\/#website\",\"url\":\"https:\\\/\\\/medicinasinc.com\\\/no\\\/\",\"name\":\"Medicinas Inc\",\"description\":\"Helsemedisinsk klinikk\",\"potentialAction\":[{\"@type\":\"SearchAction\",\"target\":{\"@type\":\"EntryPoint\",\"urlTemplate\":\"https:\\\/\\\/medicinasinc.com\\\/no\\\/?s={search_term_string}\"},\"query-input\":{\"@type\":\"PropertyValueSpecification\",\"valueRequired\":true,\"valueName\":\"search_term_string\"}}],\"inLanguage\":\"nn-NO\"}]}<\/script>\n<!-- \/ Yoast SEO plugin. -->","yoast_head_json":{"title":"Kj\u00f8p 4-klorometkatinon (4-CMC HCl) krystall - Beste beste globale medisiner","description":"Kj\u00f8p 4-CMC Crystal &amp; Powder Online Billig. Kj\u00f8p 4-CMC Crystal &amp; Pulver i bulk 99% renhet. Bestill 4-klorometkatinon til salgs Storbritannia, Europa","robots":{"index":"index","follow":"follow","max-snippet":"max-snippet:-1","max-image-preview":"max-image-preview:large","max-video-preview":"max-video-preview:-1"},"canonical":"https:\/\/medicinasinc.com\/no\/product\/4-klormetkatinon-4-cmc-hcl-krystall\/","og_locale":"nn_NO","og_type":"article","og_title":"Kj\u00f8p 4-klorometkatinon (4-CMC HCl) krystall - Beste beste globale medisiner","og_description":"Kj\u00f8p 4-CMC Crystal &amp; Powder Online Billig. Kj\u00f8p 4-CMC Crystal &amp; Pulver i bulk 99% renhet. Bestill 4-klorometkatinon til salgs Storbritannia, Europa","og_url":"https:\/\/medicinasinc.com\/no\/product\/4-klormetkatinon-4-cmc-hcl-krystall\/","og_site_name":"Medicinas Inc","article_modified_time":"2022-03-22T00:54:46+00:00","og_image":[{"width":2560,"height":1887,"url":"https:\/\/medicinasinc.com\/no\/wp-content\/uploads\/sites\/14\/2022\/02\/buy-4-Chloromethcathinone.jpg","type":"image\/jpeg"}],"twitter_card":"summary_large_image","twitter_misc":{"Est. reading time":"2 minutt"},"schema":{"@context":"https:\/\/schema.org","@graph":[{"@type":"WebPage","@id":"https:\/\/medicinasinc.com\/no\/product\/4-klormetkatinon-4-cmc-hcl-krystall\/","url":"https:\/\/medicinasinc.com\/no\/product\/4-klormetkatinon-4-cmc-hcl-krystall\/","name":"Kj\u00f8p 4-klorometkatinon (4-CMC HCl) krystall - Beste beste globale medisiner","isPartOf":{"@id":"https:\/\/medicinasinc.com\/no\/#website"},"primaryImageOfPage":{"@id":"https:\/\/medicinasinc.com\/no\/product\/4-klormetkatinon-4-cmc-hcl-krystall\/#primaryimage"},"image":{"@id":"https:\/\/medicinasinc.com\/no\/product\/4-klormetkatinon-4-cmc-hcl-krystall\/#primaryimage"},"thumbnailUrl":"https:\/\/medicinasinc.com\/no\/wp-content\/uploads\/sites\/14\/2022\/02\/buy-4-Chloromethcathinone.jpg","datePublished":"2022-02-21T21:52:55+00:00","dateModified":"2022-03-22T00:54:46+00:00","description":"Kj\u00f8p 4-CMC Crystal &amp; Powder Online Billig. Kj\u00f8p 4-CMC Crystal &amp; Pulver i bulk 99% renhet. Bestill 4-klorometkatinon til salgs Storbritannia, Europa","breadcrumb":{"@id":"https:\/\/medicinasinc.com\/no\/product\/4-klormetkatinon-4-cmc-hcl-krystall\/#breadcrumb"},"inLanguage":"nn-NO","potentialAction":[{"@type":"ReadAction","target":["https:\/\/medicinasinc.com\/no\/product\/4-klormetkatinon-4-cmc-hcl-krystall\/"]}]},{"@type":"ImageObject","inLanguage":"nn-NO","@id":"https:\/\/medicinasinc.com\/no\/product\/4-klormetkatinon-4-cmc-hcl-krystall\/#primaryimage","url":"https:\/\/medicinasinc.com\/no\/wp-content\/uploads\/sites\/14\/2022\/02\/buy-4-Chloromethcathinone.jpg","contentUrl":"https:\/\/medicinasinc.com\/no\/wp-content\/uploads\/sites\/14\/2022\/02\/buy-4-Chloromethcathinone.jpg","width":2560,"height":1887},{"@type":"BreadcrumbList","@id":"https:\/\/medicinasinc.com\/no\/product\/4-klormetkatinon-4-cmc-hcl-krystall\/#breadcrumb","itemListElement":[{"@type":"ListItem","position":1,"name":"Butikk","item":"https:\/\/medicinasinc.com\/no\/butikk\/"},{"@type":"ListItem","position":2,"name":"4-klormetkatinon (4-CMC HCl) krystall"}]},{"@type":"WebSite","@id":"https:\/\/medicinasinc.com\/no\/#website","url":"https:\/\/medicinasinc.com\/no\/","name":"Medicinas Inc","description":"Helsemedisinsk klinikk","potentialAction":[{"@type":"SearchAction","target":{"@type":"EntryPoint","urlTemplate":"https:\/\/medicinasinc.com\/no\/?s={search_term_string}"},"query-input":{"@type":"PropertyValueSpecification","valueRequired":true,"valueName":"search_term_string"}}],"inLanguage":"nn-NO"}]}},"_links":{"self":[{"href":"https:\/\/medicinasinc.com\/no\/wp-json\/wp\/v2\/product\/5367","targetHints":{"allow":["GET"]}}],"collection":[{"href":"https:\/\/medicinasinc.com\/no\/wp-json\/wp\/v2\/product"}],"about":[{"href":"https:\/\/medicinasinc.com\/no\/wp-json\/wp\/v2\/types\/product"}],"replies":[{"embeddable":true,"href":"https:\/\/medicinasinc.com\/no\/wp-json\/wp\/v2\/comments?post=5367"}],"wp:featuredmedia":[{"embeddable":true,"href":"https:\/\/medicinasinc.com\/no\/wp-json\/wp\/v2\/media\/5378"}],"wp:attachment":[{"href":"https:\/\/medicinasinc.com\/no\/wp-json\/wp\/v2\/media?parent=5367"}],"wp:term":[{"taxonomy":"product_brand","embeddable":true,"href":"https:\/\/medicinasinc.com\/no\/wp-json\/wp\/v2\/product_brand?post=5367"},{"taxonomy":"product_cat","embeddable":true,"href":"https:\/\/medicinasinc.com\/no\/wp-json\/wp\/v2\/product_cat?post=5367"},{"taxonomy":"product_tag","embeddable":true,"href":"https:\/\/medicinasinc.com\/no\/wp-json\/wp\/v2\/product_tag?post=5367"}],"curies":[{"name":"wp","href":"https:\/\/api.w.org\/{rel}","templated":true}]}}