{"id":5366,"date":"2022-02-21T21:52:02","date_gmt":"2022-02-21T21:52:02","guid":{"rendered":"https:\/\/medicinasinc.com\/no\/?post_type=product&#038;p=5366"},"modified":"2022-03-22T00:55:00","modified_gmt":"2022-03-22T00:55:00","slug":"kjop-3f-fenmetrazin","status":"publish","type":"product","link":"https:\/\/medicinasinc.com\/no\/product\/kjop-3f-fenmetrazin\/","title":{"rendered":"Kj\u00f8p 3F-Fenmetrazin"},"content":{"rendered":"<p>Hva st\u00e5r 3-FPM for?<\/p>\n<p>3-FPM er forkortelse for 3-Fluorophenmetrazine, og det betyr 3-Fluorophenmetrazine. 3-FPM er et kjemikalie som brukes i forskning som har mye kraft til \u00e5 f\u00e5 folk i gang. 3-FPM er en del av klassen av kjemikalier som kalles fenolmorfolin, og det kan skade kroppen din. Resultatene av 3-FPM-eksperimenter antas vanligvis \u00e5 v\u00e6re sv\u00e6rt like eller nesten de samme som resultatene av amfetamineksperimenter. Eksperimenter med 3-FPM viser vanligvis at folk er mer fokuserte og motiverte, tankene deres beveger seg raskere og de f\u00f8ler seg glade. Imidlertid sies disse resultatene ofte \u00e5 v\u00e6re mindre intense enn resultatene av amfetamin eller andre rusmidler som gj\u00f8r deg mer v\u00e5ken. Mange mennesker blir ikke nerv\u00f8se eller s\u00f8vnige n\u00e5r de bruker 3-FPM.<\/p>\n<p>Hvor kan jeg kj\u00f8pe 3-FPM?<\/p>\n<p>P\u00e5 Best Globel Med har vi mange veldig bra 3-FPM til salgs. V\u00e5r 3-FPM kommer i b\u00e5de pulver- og pelletform, s\u00e5 du kan f\u00e5 den. Det spiller ingen rolle hvilken av disse to kjemiske tilstandene du foretrekker. Vi har dekket deg.<\/p>\n<p>Vi har en 3-FPM for salg som kun er for forskning, ikke for salg. Den er ikke til bruk hjemme. Folk som kj\u00f8per 3-FPM fra oss m\u00e5 v\u00e6re minst 18 \u00e5r gamle og i full overensstemmelse med lovene i landet deres.<\/p>\n<p>3-FPM er lovlig.<\/p>\n<p>3-FPM er ikke lovlig \u00e5 kj\u00f8pe, selge eller eie i Israel, Sveits eller USA, s\u00e5 du kan ikke gj\u00f8re det. I Storbritannia antas det \u00e5 ligne p\u00e5 fenmetrazin, som er et stoff som ikke er trygt for folk \u00e5 ta.<\/p>\n<p>Et kj\u00f8lig, t\u00f8rt sted er alltid best for best holdbarhet. Dette produktet er kun for rettsmedisinsk og forskningsmessig bruk. Det er ikke ment \u00e5 spises av mennesker eller testes p\u00e5 dyr eller noe annet levende.<\/p>\n","protected":false},"excerpt":{"rendered":"<div class=\"woocommerce-product-details__short-description\">\n<p>KJ\u00d8P 3-FPM3-FPM (ogs\u00e5 kjent som 3-Fluorophenmetrazine, 3F-Phenmetrazine og PAL-593) er et nytt fenylmorfolinbasert sentralstimulerende middel.<\/p>\n<p>3-Fluorophenmetrazine, ogs\u00e5 kjent som 3F-Fenmetrazine, PAL-593 og 3-FPM, er et nytt fenylmorfolin-stimulerende middel.<\/p>\n<p>Kj\u00f8p 3-FPM online<\/p>\n<p>3F-phenmetrazine kan kj\u00f8pes p\u00e5 nettet.<\/p>\n<p>3F-phenmetrazine er tilgjengelig som en krystallinsk eller pulverisert hvit substans. 3F-fenmetrazin er l\u00f8selig i organiske l\u00f8sningsmidler som metanol, etanol, dimetylformamid (DMF) og diklormetan (DCM), som b\u00f8r renses med en inert gass.<\/p>\n<\/p><\/div>\n","protected":false},"featured_media":5376,"comment_status":"open","ping_status":"closed","template":"","meta":[],"product_brand":[],"product_cat":[2014],"product_tag":[],"class_list":{"0":"post-5366","1":"product","2":"type-product","3":"status-publish","4":"has-post-thumbnail","6":"product_cat-kjpe-forskning-kjemikalier","8":"first","9":"instock","10":"shipping-taxable","11":"purchasable","12":"product-type-variable","13":"has-default-attributes"},"yoast_head":"<!-- This site is optimized with the Yoast SEO plugin v27.3 - https:\/\/yoast.com\/product\/yoast-seo-wordpress\/ -->\n<title>Kj\u00f8p 3F-Fenmetrazin - Beste beste globale medisiner<\/title>\n<meta name=\"description\" content=\"KJ\u00d8P 3-FPM3-FPM for salg (ogs\u00e5 kjent som 3-Fluorophenmetrazine, 3F-Phenmetrazine og PAL-593) er et nytt sentralstimulerende stoff i klassen fenylmorfolin.\" \/>\n<meta name=\"robots\" content=\"index, follow, max-snippet:-1, max-image-preview:large, max-video-preview:-1\" \/>\n<link rel=\"canonical\" href=\"https:\/\/medicinasinc.com\/no\/product\/kjop-3f-fenmetrazin\/\" \/>\n<meta property=\"og:locale\" content=\"nn_NO\" \/>\n<meta property=\"og:type\" content=\"article\" \/>\n<meta property=\"og:title\" content=\"Kj\u00f8p 3F-Fenmetrazin - Beste beste globale medisiner\" \/>\n<meta property=\"og:description\" content=\"KJ\u00d8P 3-FPM3-FPM for salg (ogs\u00e5 kjent som 3-Fluorophenmetrazine, 3F-Phenmetrazine og PAL-593) er et nytt sentralstimulerende stoff i klassen fenylmorfolin.\" \/>\n<meta property=\"og:url\" content=\"https:\/\/medicinasinc.com\/no\/product\/kjop-3f-fenmetrazin\/\" \/>\n<meta property=\"og:site_name\" content=\"Medicinas Inc\" \/>\n<meta property=\"article:modified_time\" content=\"2022-03-22T00:55:00+00:00\" \/>\n<meta property=\"og:image\" content=\"https:\/\/medicinasinc.com\/no\/wp-content\/uploads\/sites\/14\/2022\/02\/3fpm.jpg\" \/>\n\t<meta property=\"og:image:width\" content=\"600\" \/>\n\t<meta property=\"og:image:height\" content=\"600\" \/>\n\t<meta property=\"og:image:type\" content=\"image\/jpeg\" \/>\n<meta name=\"twitter:card\" content=\"summary_large_image\" \/>\n<meta name=\"twitter:label1\" content=\"Est. reading time\" \/>\n\t<meta name=\"twitter:data1\" content=\"2 minutt\" \/>\n<script type=\"application\/ld+json\" class=\"yoast-schema-graph\">{\"@context\":\"https:\\\/\\\/schema.org\",\"@graph\":[{\"@type\":\"WebPage\",\"@id\":\"https:\\\/\\\/medicinasinc.com\\\/no\\\/product\\\/kjop-3f-fenmetrazin\\\/\",\"url\":\"https:\\\/\\\/medicinasinc.com\\\/no\\\/product\\\/kjop-3f-fenmetrazin\\\/\",\"name\":\"Kj\u00f8p 3F-Fenmetrazin - Beste beste globale medisiner\",\"isPartOf\":{\"@id\":\"https:\\\/\\\/medicinasinc.com\\\/no\\\/#website\"},\"primaryImageOfPage\":{\"@id\":\"https:\\\/\\\/medicinasinc.com\\\/no\\\/product\\\/kjop-3f-fenmetrazin\\\/#primaryimage\"},\"image\":{\"@id\":\"https:\\\/\\\/medicinasinc.com\\\/no\\\/product\\\/kjop-3f-fenmetrazin\\\/#primaryimage\"},\"thumbnailUrl\":\"https:\\\/\\\/medicinasinc.com\\\/no\\\/wp-content\\\/uploads\\\/sites\\\/14\\\/2022\\\/02\\\/3fpm.jpg\",\"datePublished\":\"2022-02-21T21:52:02+00:00\",\"dateModified\":\"2022-03-22T00:55:00+00:00\",\"description\":\"KJ\u00d8P 3-FPM3-FPM for salg (ogs\u00e5 kjent som 3-Fluorophenmetrazine, 3F-Phenmetrazine og PAL-593) er et nytt sentralstimulerende stoff i klassen fenylmorfolin.\",\"breadcrumb\":{\"@id\":\"https:\\\/\\\/medicinasinc.com\\\/no\\\/product\\\/kjop-3f-fenmetrazin\\\/#breadcrumb\"},\"inLanguage\":\"nn-NO\",\"potentialAction\":[{\"@type\":\"ReadAction\",\"target\":[\"https:\\\/\\\/medicinasinc.com\\\/no\\\/product\\\/kjop-3f-fenmetrazin\\\/\"]}]},{\"@type\":\"ImageObject\",\"inLanguage\":\"nn-NO\",\"@id\":\"https:\\\/\\\/medicinasinc.com\\\/no\\\/product\\\/kjop-3f-fenmetrazin\\\/#primaryimage\",\"url\":\"https:\\\/\\\/medicinasinc.com\\\/no\\\/wp-content\\\/uploads\\\/sites\\\/14\\\/2022\\\/02\\\/3fpm.jpg\",\"contentUrl\":\"https:\\\/\\\/medicinasinc.com\\\/no\\\/wp-content\\\/uploads\\\/sites\\\/14\\\/2022\\\/02\\\/3fpm.jpg\",\"width\":600,\"height\":600},{\"@type\":\"BreadcrumbList\",\"@id\":\"https:\\\/\\\/medicinasinc.com\\\/no\\\/product\\\/kjop-3f-fenmetrazin\\\/#breadcrumb\",\"itemListElement\":[{\"@type\":\"ListItem\",\"position\":1,\"name\":\"Butikk\",\"item\":\"https:\\\/\\\/medicinasinc.com\\\/no\\\/butikk\\\/\"},{\"@type\":\"ListItem\",\"position\":2,\"name\":\"Kj\u00f8p 3F-Fenmetrazin\"}]},{\"@type\":\"WebSite\",\"@id\":\"https:\\\/\\\/medicinasinc.com\\\/no\\\/#website\",\"url\":\"https:\\\/\\\/medicinasinc.com\\\/no\\\/\",\"name\":\"Medicinas Inc\",\"description\":\"Helsemedisinsk klinikk\",\"potentialAction\":[{\"@type\":\"SearchAction\",\"target\":{\"@type\":\"EntryPoint\",\"urlTemplate\":\"https:\\\/\\\/medicinasinc.com\\\/no\\\/?s={search_term_string}\"},\"query-input\":{\"@type\":\"PropertyValueSpecification\",\"valueRequired\":true,\"valueName\":\"search_term_string\"}}],\"inLanguage\":\"nn-NO\"}]}<\/script>\n<!-- \/ Yoast SEO plugin. -->","yoast_head_json":{"title":"Kj\u00f8p 3F-Fenmetrazin - Beste beste globale medisiner","description":"KJ\u00d8P 3-FPM3-FPM for salg (ogs\u00e5 kjent som 3-Fluorophenmetrazine, 3F-Phenmetrazine og PAL-593) er et nytt sentralstimulerende stoff i klassen fenylmorfolin.","robots":{"index":"index","follow":"follow","max-snippet":"max-snippet:-1","max-image-preview":"max-image-preview:large","max-video-preview":"max-video-preview:-1"},"canonical":"https:\/\/medicinasinc.com\/no\/product\/kjop-3f-fenmetrazin\/","og_locale":"nn_NO","og_type":"article","og_title":"Kj\u00f8p 3F-Fenmetrazin - Beste beste globale medisiner","og_description":"KJ\u00d8P 3-FPM3-FPM for salg (ogs\u00e5 kjent som 3-Fluorophenmetrazine, 3F-Phenmetrazine og PAL-593) er et nytt sentralstimulerende stoff i klassen fenylmorfolin.","og_url":"https:\/\/medicinasinc.com\/no\/product\/kjop-3f-fenmetrazin\/","og_site_name":"Medicinas Inc","article_modified_time":"2022-03-22T00:55:00+00:00","og_image":[{"width":600,"height":600,"url":"https:\/\/medicinasinc.com\/no\/wp-content\/uploads\/sites\/14\/2022\/02\/3fpm.jpg","type":"image\/jpeg"}],"twitter_card":"summary_large_image","twitter_misc":{"Est. reading time":"2 minutt"},"schema":{"@context":"https:\/\/schema.org","@graph":[{"@type":"WebPage","@id":"https:\/\/medicinasinc.com\/no\/product\/kjop-3f-fenmetrazin\/","url":"https:\/\/medicinasinc.com\/no\/product\/kjop-3f-fenmetrazin\/","name":"Kj\u00f8p 3F-Fenmetrazin - Beste beste globale medisiner","isPartOf":{"@id":"https:\/\/medicinasinc.com\/no\/#website"},"primaryImageOfPage":{"@id":"https:\/\/medicinasinc.com\/no\/product\/kjop-3f-fenmetrazin\/#primaryimage"},"image":{"@id":"https:\/\/medicinasinc.com\/no\/product\/kjop-3f-fenmetrazin\/#primaryimage"},"thumbnailUrl":"https:\/\/medicinasinc.com\/no\/wp-content\/uploads\/sites\/14\/2022\/02\/3fpm.jpg","datePublished":"2022-02-21T21:52:02+00:00","dateModified":"2022-03-22T00:55:00+00:00","description":"KJ\u00d8P 3-FPM3-FPM for salg (ogs\u00e5 kjent som 3-Fluorophenmetrazine, 3F-Phenmetrazine og PAL-593) er et nytt sentralstimulerende stoff i klassen fenylmorfolin.","breadcrumb":{"@id":"https:\/\/medicinasinc.com\/no\/product\/kjop-3f-fenmetrazin\/#breadcrumb"},"inLanguage":"nn-NO","potentialAction":[{"@type":"ReadAction","target":["https:\/\/medicinasinc.com\/no\/product\/kjop-3f-fenmetrazin\/"]}]},{"@type":"ImageObject","inLanguage":"nn-NO","@id":"https:\/\/medicinasinc.com\/no\/product\/kjop-3f-fenmetrazin\/#primaryimage","url":"https:\/\/medicinasinc.com\/no\/wp-content\/uploads\/sites\/14\/2022\/02\/3fpm.jpg","contentUrl":"https:\/\/medicinasinc.com\/no\/wp-content\/uploads\/sites\/14\/2022\/02\/3fpm.jpg","width":600,"height":600},{"@type":"BreadcrumbList","@id":"https:\/\/medicinasinc.com\/no\/product\/kjop-3f-fenmetrazin\/#breadcrumb","itemListElement":[{"@type":"ListItem","position":1,"name":"Butikk","item":"https:\/\/medicinasinc.com\/no\/butikk\/"},{"@type":"ListItem","position":2,"name":"Kj\u00f8p 3F-Fenmetrazin"}]},{"@type":"WebSite","@id":"https:\/\/medicinasinc.com\/no\/#website","url":"https:\/\/medicinasinc.com\/no\/","name":"Medicinas Inc","description":"Helsemedisinsk klinikk","potentialAction":[{"@type":"SearchAction","target":{"@type":"EntryPoint","urlTemplate":"https:\/\/medicinasinc.com\/no\/?s={search_term_string}"},"query-input":{"@type":"PropertyValueSpecification","valueRequired":true,"valueName":"search_term_string"}}],"inLanguage":"nn-NO"}]}},"_links":{"self":[{"href":"https:\/\/medicinasinc.com\/no\/wp-json\/wp\/v2\/product\/5366","targetHints":{"allow":["GET"]}}],"collection":[{"href":"https:\/\/medicinasinc.com\/no\/wp-json\/wp\/v2\/product"}],"about":[{"href":"https:\/\/medicinasinc.com\/no\/wp-json\/wp\/v2\/types\/product"}],"replies":[{"embeddable":true,"href":"https:\/\/medicinasinc.com\/no\/wp-json\/wp\/v2\/comments?post=5366"}],"wp:featuredmedia":[{"embeddable":true,"href":"https:\/\/medicinasinc.com\/no\/wp-json\/wp\/v2\/media\/5376"}],"wp:attachment":[{"href":"https:\/\/medicinasinc.com\/no\/wp-json\/wp\/v2\/media?parent=5366"}],"wp:term":[{"taxonomy":"product_brand","embeddable":true,"href":"https:\/\/medicinasinc.com\/no\/wp-json\/wp\/v2\/product_brand?post=5366"},{"taxonomy":"product_cat","embeddable":true,"href":"https:\/\/medicinasinc.com\/no\/wp-json\/wp\/v2\/product_cat?post=5366"},{"taxonomy":"product_tag","embeddable":true,"href":"https:\/\/medicinasinc.com\/no\/wp-json\/wp\/v2\/product_tag?post=5366"}],"curies":[{"name":"wp","href":"https:\/\/api.w.org\/{rel}","templated":true}]}}