{"id":5341,"date":"2022-02-21T21:16:40","date_gmt":"2022-02-21T21:16:40","guid":{"rendered":"https:\/\/medicinasinc.com\/no\/?post_type=product&#038;p=5341"},"modified":"2022-03-22T00:55:33","modified_gmt":"2022-03-22T00:55:33","slug":"buy-2c-e-research-chemical","status":"publish","type":"product","link":"https:\/\/medicinasinc.com\/no\/product\/buy-2c-e-research-chemical\/","title":{"rendered":"Kj\u00f8p 2C-E Research Chemical"},"content":{"rendered":"<p>2C-E forskningskjemikalier kan kj\u00f8pes p\u00e5 nettet.<\/p>\n<p>2C-E forskningskjemikalier kan kj\u00f8pes p\u00e5 nettet.<\/p>\n<p>Selger av 2c e, 2ce research chemical, 2c e buyer, 2c e til salgs<\/p>\n<p>Kj\u00f8p p\u00e5 nett av 2C-E forskningskjemikalier<\/p>\n<p>Alexander Shulgin oppdager stoffet 2C-E og f\u00e5r en stor tilhengerskare.<\/p>\n<p>Kj\u00f8p p\u00e5 nett av 2C-E forskningskjemikalier<\/p>\n<p>Det kjemiske middelet 2C-E (tur) er medlem av 2C-familien, som ogs\u00e5 inkluderer 2C-I og 2C-H. 2C-E er en hallusinogene forbindelse avledet fra fenyletylamin. Etter en rekke forskningstester vet vi n\u00e5 at den typiske dosen av 2C-E-pulver for intranasal administrering ikke b\u00f8r overstige 5 milligram. Likevel b\u00f8r dosen ikke overstige omtrent 10-20 milligram n\u00e5r den brukes oralt. Det er rapportert at etter omtrent 10 minutter med inhalering gjennom nesen, oppst\u00e5r en betydelig brenning. Shulgin omtaler 2C-E, sammen med meskalin, 2C-T-2, 2C-B og 2C-T-7, som det \u00abmagiske halvt dusin\u00bb i sin bok PiHKAL. Kj\u00f8p p\u00e5 nett av 2C-E-forskningskjemikalier<\/p>\n<p>2C-E har f\u00f8lgende effekter: et energiutbrudd, en \u00f8kning i oppfinnsomhet, visuelle effekter og en \u00f8kning i takt. I tillegg er det endringer i bevisstheten, konsentrasjonsvansker, pulsen \u00f8ker og kroppstemperaturen kan stige noe. I tillegg for\u00e5rsaker 2C-E svimmelhet, kvalme, overf\u00f8lsomhet for st\u00f8y og panikk. 2C-E til salgs p\u00e5 internett<\/p>\n<p>Virketiden til 2C-E er vanligvis mellom 4 og 9 timer. N\u00e5r vi sammenligner 2C-E med 2C-I under testing, oppdager vi at 2C-E produserer mer merkbare visuelle og auditive p\u00e5virkninger.<\/p>\n<p>Du kan kj\u00f8pe 2C-E (tur) p\u00e5 nettstedet v\u00e5rt kun for kjemiske unders\u00f8kelser og laboratorietester; Du b\u00f8r imidlertid f\u00f8rst finne ut om dette preparatet er lovlig der du bor. Vi leverer materialer av h\u00f8y kvalitet.<\/p>\n","protected":false},"excerpt":{"rendered":"<p>&nbsp;<\/p>\n<p>Kj\u00f8p 2C-E Research-kjemikalier for salg p\u00e5 nett i Europa, Storbritannia, EU. Kj\u00f8p 2C-E forskningskjemikalier. 2C-E (4-etyl-2,5-dimetoksy) salt\/pulver: et psykedelisk amfetamin.<\/p>\n<p><em>Kj\u00f8p 2C<\/em>&#8211;<em>E<\/em> Forskning Kjemisk godkjent leverand\u00f8r. Toppkvalitetsrenhet, rettferdige priser, Rask garantert levering, Refusjons-\/Returpolicy, God kundeservice.<\/p>\n","protected":false},"featured_media":5352,"comment_status":"open","ping_status":"closed","template":"","meta":[],"product_brand":[],"product_cat":[2014],"product_tag":[2027,2028,2031,2032,2033,2035,2036,2037,2041,2042,2043,2029,2044,2030,2034,2046,2047,2048,2049,2050,2038,2039,2040,2051,2052,2053,2054,2055,2057,2058,2059,2060,2087,2088,2061,2062,2067,2068,2069,2070,2073,2091,2076,2077,2079,2082,2084,2092,2093,2094,2096,2095,2083,2080,2081,2078,2063,2065,2045,2066,2074,2071,2072,2056,2075,2064,2085,2086,2089,2090],"class_list":{"0":"post-5341","1":"product","2":"type-product","3":"status-publish","4":"has-post-thumbnail","6":"product_cat-kjpe-forskning-kjemikalier","7":"product_tag-2c-e-buy-online","8":"product_tag-2c-e","9":"product_tag-2c-e-drug-for-sale","10":"product_tag-2c-e-drug-test","11":"product_tag-2c-e-effekter","12":"product_tag-2c-e-erowid","13":"product_tag-2c-e-europe","14":"product_tag-2c-e-experience","15":"product_tag-2c-e-heroisk-dose","16":"product_tag-2c-e-is-a-psychedelic-phenethylamine-of-the-2c-family-it-was-first-synthesized-by-alexander-shulgin","17":"product_tag-2c-e-kaufen","18":"product_tag-2c-e-kjp","19":"product_tag-2c-e-kopen","20":"product_tag-2c-e-drug","21":"product_tag-2c-e-opplevelse","22":"product_tag-2c-e-online","23":"product_tag-2c-e-psykonaut","24":"product_tag-2c-e-reddit","25":"product_tag-2c-e-selg","26":"product_tag-2c-e-syntese","27":"product_tag-2c-e-til-salgs","28":"product_tag-2c-e-til-salg-kjemisk-element","29":"product_tag-2c-e-til-salg-online","30":"product_tag-2c-e-wiki","31":"product_tag-2c-og-wikipedia","32":"product_tag-2c-e-nbome","33":"product_tag-2c-ef-leverandr","34":"product_tag-2c-i","35":"product_tag-4-etyl-2","36":"product_tag-4-metyl-2-5-dimetoksyamfetamin","37":"product_tag-5-dimetoksy","38":"product_tag-and-other-psychedelics","39":"product_tag-bestille-2c-e-online","40":"product_tag-ordre-2c-i","41":"product_tag-buy-2c-e","42":"product_tag-buy-2c-e-4-ethyl-2","43":"product_tag-buy-2c-e-online-usa","44":"product_tag-buy-2c-e-research-chemical","45":"product_tag-buy-2c-e-research-chemicals-online","46":"product_tag-buy-2c-e-with-next-day-eu-delivery","47":"product_tag-buy-hallucinogenic-drug-2c-e-online","48":"product_tag-det-beste--kjpe-2c-i","49":"product_tag-dmt","50":"product_tag-dmt-nexus-2c-e","51":"product_tag-get-2c-e-research-chemical-online","52":"product_tag-how-to-buy-research-chemicals-online","53":"product_tag-how-to-take-2c-e-research-chemicals","54":"product_tag-hva-nyaktig-er-2c-es-effekter-og-hvorfor-er-det-populrt-blant-folk-som-bruker-narkotika","55":"product_tag-hva-er-forskjellen-mellom-2c-i-og-2c-e","56":"product_tag-hva-er-gateverdien-av-en-ampulle-av-2c-e","57":"product_tag-hvor-kan-kjpe-2c-i","58":"product_tag-hvor-kan-jeg-kjpe-2c-e-online","59":"product_tag-hvordan-finne-forskning-kjemikalier","60":"product_tag-hvordan-kjpe-2c-e-online","61":"product_tag-hvordan-kjpe-2c-i","62":"product_tag-gjre-ssris-forstyrre-med-sopper","63":"product_tag-buy-2c-e-dosage-online","64":"product_tag-kjp-2c-e-muskelspenning-online","65":"product_tag-2c-e-netherlands-buy-rc","66":"product_tag-kjp-2c-e-online","67":"product_tag-buy-online-2c-e-research-chemicals","68":"product_tag-kjp-2c-e2c-online-usa","69":"product_tag-kjp-2c-i","70":"product_tag-2ce-kjp","71":"product_tag-buy-research-chemicals-nederland-doc-2c-e-online","72":"product_tag-kj-c3-b8p-2c-e-drug","73":"product_tag-life-boostr-2c-e-rc-leverandr","74":"product_tag-meskalin","75":"product_tag-pris-per-gram-av-2c-e","76":"product_tag-purchase-2c-i","78":"first","79":"instock","80":"shipping-taxable","81":"purchasable","82":"product-type-variable","83":"has-default-attributes"},"yoast_head":"<!-- This site is optimized with the Yoast SEO plugin v27.3 - https:\/\/yoast.com\/product\/yoast-seo-wordpress\/ -->\n<title>Kj\u00f8p 2C-E Research Chemical - Beste beste globale medisiner<\/title>\n<meta name=\"description\" content=\"Kj\u00f8p 2C-E forskningskjemikalier for salg p\u00e5 nett i Europa, Storbritannia, EU. Kj\u00f8p 2C-E forskningskjemikalier. 2C-E (4-etyl-2,5-dimetoksy) salt\/pulver: et psykedelisk amfetamin.\" \/>\n<meta name=\"robots\" content=\"index, follow, max-snippet:-1, max-image-preview:large, max-video-preview:-1\" \/>\n<link rel=\"canonical\" href=\"https:\/\/medicinasinc.com\/no\/product\/buy-2c-e-research-chemical\/\" \/>\n<meta property=\"og:locale\" content=\"nn_NO\" \/>\n<meta property=\"og:type\" content=\"article\" \/>\n<meta property=\"og:title\" content=\"Kj\u00f8p 2C-E Research Chemical - Beste beste globale medisiner\" \/>\n<meta property=\"og:description\" content=\"Kj\u00f8p 2C-E forskningskjemikalier for salg p\u00e5 nett i Europa, Storbritannia, EU. Kj\u00f8p 2C-E forskningskjemikalier. 2C-E (4-etyl-2,5-dimetoksy) salt\/pulver: et psykedelisk amfetamin.\" \/>\n<meta property=\"og:url\" content=\"https:\/\/medicinasinc.com\/no\/product\/buy-2c-e-research-chemical\/\" \/>\n<meta property=\"og:site_name\" content=\"Medicinas Inc\" \/>\n<meta property=\"article:modified_time\" content=\"2022-03-22T00:55:33+00:00\" \/>\n<meta property=\"og:image\" content=\"https:\/\/medicinasinc.com\/no\/wp-content\/uploads\/sites\/14\/2022\/02\/Buy-2C-E.jpg\" \/>\n\t<meta property=\"og:image:width\" content=\"234\" \/>\n\t<meta property=\"og:image:height\" content=\"215\" \/>\n\t<meta property=\"og:image:type\" content=\"image\/jpeg\" \/>\n<meta name=\"twitter:card\" content=\"summary_large_image\" \/>\n<meta name=\"twitter:label1\" content=\"Est. reading time\" \/>\n\t<meta name=\"twitter:data1\" content=\"2 minutt\" \/>\n<script type=\"application\/ld+json\" class=\"yoast-schema-graph\">{\"@context\":\"https:\\\/\\\/schema.org\",\"@graph\":[{\"@type\":\"WebPage\",\"@id\":\"https:\\\/\\\/medicinasinc.com\\\/no\\\/product\\\/buy-2c-e-research-chemical\\\/\",\"url\":\"https:\\\/\\\/medicinasinc.com\\\/no\\\/product\\\/buy-2c-e-research-chemical\\\/\",\"name\":\"Kj\u00f8p 2C-E Research Chemical - Beste beste globale medisiner\",\"isPartOf\":{\"@id\":\"https:\\\/\\\/medicinasinc.com\\\/no\\\/#website\"},\"primaryImageOfPage\":{\"@id\":\"https:\\\/\\\/medicinasinc.com\\\/no\\\/product\\\/buy-2c-e-research-chemical\\\/#primaryimage\"},\"image\":{\"@id\":\"https:\\\/\\\/medicinasinc.com\\\/no\\\/product\\\/buy-2c-e-research-chemical\\\/#primaryimage\"},\"thumbnailUrl\":\"https:\\\/\\\/medicinasinc.com\\\/no\\\/wp-content\\\/uploads\\\/sites\\\/14\\\/2022\\\/02\\\/Buy-2C-E.jpg\",\"datePublished\":\"2022-02-21T21:16:40+00:00\",\"dateModified\":\"2022-03-22T00:55:33+00:00\",\"description\":\"Kj\u00f8p 2C-E forskningskjemikalier for salg p\u00e5 nett i Europa, Storbritannia, EU. Kj\u00f8p 2C-E forskningskjemikalier. 2C-E (4-etyl-2,5-dimetoksy) salt\\\/pulver: et psykedelisk amfetamin.\",\"breadcrumb\":{\"@id\":\"https:\\\/\\\/medicinasinc.com\\\/no\\\/product\\\/buy-2c-e-research-chemical\\\/#breadcrumb\"},\"inLanguage\":\"nn-NO\",\"potentialAction\":[{\"@type\":\"ReadAction\",\"target\":[\"https:\\\/\\\/medicinasinc.com\\\/no\\\/product\\\/buy-2c-e-research-chemical\\\/\"]}]},{\"@type\":\"ImageObject\",\"inLanguage\":\"nn-NO\",\"@id\":\"https:\\\/\\\/medicinasinc.com\\\/no\\\/product\\\/buy-2c-e-research-chemical\\\/#primaryimage\",\"url\":\"https:\\\/\\\/medicinasinc.com\\\/no\\\/wp-content\\\/uploads\\\/sites\\\/14\\\/2022\\\/02\\\/Buy-2C-E.jpg\",\"contentUrl\":\"https:\\\/\\\/medicinasinc.com\\\/no\\\/wp-content\\\/uploads\\\/sites\\\/14\\\/2022\\\/02\\\/Buy-2C-E.jpg\",\"width\":234,\"height\":215},{\"@type\":\"BreadcrumbList\",\"@id\":\"https:\\\/\\\/medicinasinc.com\\\/no\\\/product\\\/buy-2c-e-research-chemical\\\/#breadcrumb\",\"itemListElement\":[{\"@type\":\"ListItem\",\"position\":1,\"name\":\"Butikk\",\"item\":\"https:\\\/\\\/medicinasinc.com\\\/no\\\/butikk\\\/\"},{\"@type\":\"ListItem\",\"position\":2,\"name\":\"Kj\u00f8p 2C-E Research Chemical\"}]},{\"@type\":\"WebSite\",\"@id\":\"https:\\\/\\\/medicinasinc.com\\\/no\\\/#website\",\"url\":\"https:\\\/\\\/medicinasinc.com\\\/no\\\/\",\"name\":\"Medicinas Inc\",\"description\":\"Helsemedisinsk klinikk\",\"potentialAction\":[{\"@type\":\"SearchAction\",\"target\":{\"@type\":\"EntryPoint\",\"urlTemplate\":\"https:\\\/\\\/medicinasinc.com\\\/no\\\/?s={search_term_string}\"},\"query-input\":{\"@type\":\"PropertyValueSpecification\",\"valueRequired\":true,\"valueName\":\"search_term_string\"}}],\"inLanguage\":\"nn-NO\"}]}<\/script>\n<!-- \/ Yoast SEO plugin. -->","yoast_head_json":{"title":"Kj\u00f8p 2C-E Research Chemical - Beste beste globale medisiner","description":"Kj\u00f8p 2C-E forskningskjemikalier for salg p\u00e5 nett i Europa, Storbritannia, EU. Kj\u00f8p 2C-E forskningskjemikalier. 2C-E (4-etyl-2,5-dimetoksy) salt\/pulver: et psykedelisk amfetamin.","robots":{"index":"index","follow":"follow","max-snippet":"max-snippet:-1","max-image-preview":"max-image-preview:large","max-video-preview":"max-video-preview:-1"},"canonical":"https:\/\/medicinasinc.com\/no\/product\/buy-2c-e-research-chemical\/","og_locale":"nn_NO","og_type":"article","og_title":"Kj\u00f8p 2C-E Research Chemical - Beste beste globale medisiner","og_description":"Kj\u00f8p 2C-E forskningskjemikalier for salg p\u00e5 nett i Europa, Storbritannia, EU. Kj\u00f8p 2C-E forskningskjemikalier. 2C-E (4-etyl-2,5-dimetoksy) salt\/pulver: et psykedelisk amfetamin.","og_url":"https:\/\/medicinasinc.com\/no\/product\/buy-2c-e-research-chemical\/","og_site_name":"Medicinas Inc","article_modified_time":"2022-03-22T00:55:33+00:00","og_image":[{"width":234,"height":215,"url":"https:\/\/medicinasinc.com\/no\/wp-content\/uploads\/sites\/14\/2022\/02\/Buy-2C-E.jpg","type":"image\/jpeg"}],"twitter_card":"summary_large_image","twitter_misc":{"Est. reading time":"2 minutt"},"schema":{"@context":"https:\/\/schema.org","@graph":[{"@type":"WebPage","@id":"https:\/\/medicinasinc.com\/no\/product\/buy-2c-e-research-chemical\/","url":"https:\/\/medicinasinc.com\/no\/product\/buy-2c-e-research-chemical\/","name":"Kj\u00f8p 2C-E Research Chemical - Beste beste globale medisiner","isPartOf":{"@id":"https:\/\/medicinasinc.com\/no\/#website"},"primaryImageOfPage":{"@id":"https:\/\/medicinasinc.com\/no\/product\/buy-2c-e-research-chemical\/#primaryimage"},"image":{"@id":"https:\/\/medicinasinc.com\/no\/product\/buy-2c-e-research-chemical\/#primaryimage"},"thumbnailUrl":"https:\/\/medicinasinc.com\/no\/wp-content\/uploads\/sites\/14\/2022\/02\/Buy-2C-E.jpg","datePublished":"2022-02-21T21:16:40+00:00","dateModified":"2022-03-22T00:55:33+00:00","description":"Kj\u00f8p 2C-E forskningskjemikalier for salg p\u00e5 nett i Europa, Storbritannia, EU. Kj\u00f8p 2C-E forskningskjemikalier. 2C-E (4-etyl-2,5-dimetoksy) salt\/pulver: et psykedelisk amfetamin.","breadcrumb":{"@id":"https:\/\/medicinasinc.com\/no\/product\/buy-2c-e-research-chemical\/#breadcrumb"},"inLanguage":"nn-NO","potentialAction":[{"@type":"ReadAction","target":["https:\/\/medicinasinc.com\/no\/product\/buy-2c-e-research-chemical\/"]}]},{"@type":"ImageObject","inLanguage":"nn-NO","@id":"https:\/\/medicinasinc.com\/no\/product\/buy-2c-e-research-chemical\/#primaryimage","url":"https:\/\/medicinasinc.com\/no\/wp-content\/uploads\/sites\/14\/2022\/02\/Buy-2C-E.jpg","contentUrl":"https:\/\/medicinasinc.com\/no\/wp-content\/uploads\/sites\/14\/2022\/02\/Buy-2C-E.jpg","width":234,"height":215},{"@type":"BreadcrumbList","@id":"https:\/\/medicinasinc.com\/no\/product\/buy-2c-e-research-chemical\/#breadcrumb","itemListElement":[{"@type":"ListItem","position":1,"name":"Butikk","item":"https:\/\/medicinasinc.com\/no\/butikk\/"},{"@type":"ListItem","position":2,"name":"Kj\u00f8p 2C-E Research Chemical"}]},{"@type":"WebSite","@id":"https:\/\/medicinasinc.com\/no\/#website","url":"https:\/\/medicinasinc.com\/no\/","name":"Medicinas Inc","description":"Helsemedisinsk klinikk","potentialAction":[{"@type":"SearchAction","target":{"@type":"EntryPoint","urlTemplate":"https:\/\/medicinasinc.com\/no\/?s={search_term_string}"},"query-input":{"@type":"PropertyValueSpecification","valueRequired":true,"valueName":"search_term_string"}}],"inLanguage":"nn-NO"}]}},"_links":{"self":[{"href":"https:\/\/medicinasinc.com\/no\/wp-json\/wp\/v2\/product\/5341","targetHints":{"allow":["GET"]}}],"collection":[{"href":"https:\/\/medicinasinc.com\/no\/wp-json\/wp\/v2\/product"}],"about":[{"href":"https:\/\/medicinasinc.com\/no\/wp-json\/wp\/v2\/types\/product"}],"replies":[{"embeddable":true,"href":"https:\/\/medicinasinc.com\/no\/wp-json\/wp\/v2\/comments?post=5341"}],"wp:featuredmedia":[{"embeddable":true,"href":"https:\/\/medicinasinc.com\/no\/wp-json\/wp\/v2\/media\/5352"}],"wp:attachment":[{"href":"https:\/\/medicinasinc.com\/no\/wp-json\/wp\/v2\/media?parent=5341"}],"wp:term":[{"taxonomy":"product_brand","embeddable":true,"href":"https:\/\/medicinasinc.com\/no\/wp-json\/wp\/v2\/product_brand?post=5341"},{"taxonomy":"product_cat","embeddable":true,"href":"https:\/\/medicinasinc.com\/no\/wp-json\/wp\/v2\/product_cat?post=5341"},{"taxonomy":"product_tag","embeddable":true,"href":"https:\/\/medicinasinc.com\/no\/wp-json\/wp\/v2\/product_tag?post=5341"}],"curies":[{"name":"wp","href":"https:\/\/api.w.org\/{rel}","templated":true}]}}