{"id":5340,"date":"2022-02-21T21:15:28","date_gmt":"2022-02-21T21:15:28","guid":{"rendered":"https:\/\/medicinasinc.com\/no\/?post_type=product&#038;p=5340"},"modified":"2022-03-22T00:55:45","modified_gmt":"2022-03-22T00:55:45","slug":"kjop-2-mppp-online","status":"publish","type":"product","link":"https:\/\/medicinasinc.com\/no\/product\/kjop-2-mppp-online\/","title":{"rendered":"Kj\u00f8p 2-MPPP online"},"content":{"rendered":"<p>Kj\u00f8p 2-MPPP p\u00e5 nettet<\/p>\n<p>Kj\u00f8p 2-MPPP p\u00e5 nettet<\/p>\n<p>2-metyl-1-fenyl-3-(piperidin-1-yl)<\/p>\n<p>Propan-1-on er et strukturelt beslektet kjemikalie til 2-aminopropan-1-on, bortsett fra at nitrogenet er bundet til karbonet i tredje posisjon. Denne forbindelsens fysiologiske og toksikologiske effekter har ikke blitt unders\u00f8kt.<\/p>\n<p>2-metyl-1-fenyl-3-(piperidin-1-yl)<\/p>\n<p>Propan-1-on kan brukes som en referansepr\u00f8ve for forskere som gj\u00f8r gasskromatografi\/massespektrometri (GC\/MS), Fourier-transform infrar\u00f8d spektroskopi (FTIR) eller kjernemagnetisk resonans (NMR) analyser.<\/p>\n<p>Prosedyrer i laboratoriet<\/p>\n<p>Vi anbefaler \u00e5 oppbevare 2-metyl-1-fenyl-3-(piperidin-1-yl)propan-1-on ved -20\u00b0C for langtidslagring. Den b\u00f8r holde seg stabil i minimum to \u00e5r.<\/p>\n<p>Det hvite krystallinske stoffet 2-metyl-1-fenyl-3-(piperidin-1-yl)propan-1-on leveres. 2-metyl-1-fenyl-3-(piperidin-1-yl) Propan-1-on er l\u00f8selig i organiske l\u00f8semidler som metanol, dimetylsulfoksid (DMSO) og diklormetan (DCM), som b\u00f8r renses med en inert gass \u200b\u200bf\u00f8r bruk. 2-metyl-1-fenyl-3-(piperidin-1-yl)propan-1-on l\u00f8ses opp ved ca. 22 mg\/ml i etanol og DMF og ved ca. 15 mg\/ml i DMSO.<\/p>\n<p> F\u00f8r tester utf\u00f8res, b\u00f8r det foretas ytterligere fortynninger av staml\u00f8sningen i vandige buffere eller isotonisk saltvann. Kontroller at det ikke er rester av organisk l\u00f8semiddel, da organiske l\u00f8semidler kan ha fysiologiske konsekvenser ved lave konsentrasjoner. Vandige organiske l\u00f8semiddelfrie l\u00f8sninger Det krystallinske faste stoffet 2-metyl-1-fenyl-3-(piperidin-1-yl)propan-1-on kan produseres umiddelbart i vandige buffere. 2-metyl-1-fenyl-3-(piperidin-1-yl)propan-1-on oppl\u00f8ses ved en l\u00f8selighet p\u00e5 ca. 11 mg\/ml i PBS, pH 6,4. Vi anbefaler ikke \u00e5 oppbevare den vandige l\u00f8sningen i kj\u00f8leskapet i mer enn \u00e9n dag.<\/p>\n<div id=\"wb_Text13\"><strong>Spesifikasjoner<\/strong><\/div>\n<table id=\"Table1\" cellspacing=\"1\" cellpadding=\"0\">\n<tbody>\n<tr>\n<td class=\"cell0\">Synonymer<\/td>\n<td class=\"cell1\">2-MPPP<\/td>\n<\/tr>\n<tr>\n<td class=\"cell2\">IUPAC<\/td>\n<td class=\"cell3\">2-metyl-1-fenyl-3-(piperidin-1-yl)propan-1-on<\/td>\n<\/tr>\n<tr>\n<td class=\"cell0\">PubChem<\/td>\n<td class=\"cell1\">N\/A<\/td>\n<\/tr>\n<tr>\n<td class=\"cell4\">Cas#<\/td>\n<td class=\"cell5\">N\/A<\/td>\n<\/tr>\n<tr>\n<td class=\"cell0\">Molekylformel<\/td>\n<td class=\"cell1\">C15H21NO<\/td>\n<p> td&gt; <\/tr>\n<tr>\n<td class=\"cell0\">Renhet<\/td>\n<td class=\"cell1\">99 %<\/td>\n<\/tr>\n<tr>\n<td class=\"cell0\">Forum\/utseende<\/td>\n<td class=\"cell1\">Hvitt krystallpulver<\/td>\n<\/tr>\n<\/tbody>\n<\/table>\n<p><strong>Referanser<\/strong><\/p>\n<p>Indian journal of chemistry, 1981, vol. 20 B,\u00a0 # 4\u00a0 s. 303 \u2013 307<\/p>\n<p>Ruddy; Buckley<br \/> Journal of the American Chemical Society, 1950 , vol. 72, s. 718 719<\/p>\n<p>Kjaer; Petersen<br \/> Acta Chemica Scandinavica (1947-1973), 1951 , vol. 5, s. 1145,1148<\/p>\n<p>Nasarow; Tscherkasowa<br \/> Zhurnal Obshchei Khimii, 1958 , vol. 28, s. 122 124, 125<\/p>\n<div class=\"product-next-previous\">\n<div class=\"product-prev\"><\/div><\/div>\n","protected":false},"excerpt":{"rendered":"<div class=\"woocommerce-product-details__short-description\">\n<p>Kj\u00f8p 2-MPPP p\u00e5 nettet. Kj\u00f8p 2-MPPP online p\u00e5 bestglobalmeds.com \u2013 2-metyl-1-fenyl-3-(piperidin-1-yl)propan-1-on, 2mpp hvitt krystallpulver til salgs. vi har den beste kvaliteten og de beste prisene ogs\u00e5.<\/p>\n<p><em>Kj\u00f8p 2<\/em>&#8211;<em>MPPP Online online<\/em> fra et lisensiert apotek Best Global Meds. Vi tilbyr et bredt utvalg av medisiner for salg. Levering over hele verden!<\/p>\n<\/p><\/div>\n","protected":false},"featured_media":5350,"comment_status":"open","ping_status":"closed","template":"","meta":[],"product_brand":[],"product_cat":[2014],"product_tag":[],"class_list":{"0":"post-5340","1":"product","2":"type-product","3":"status-publish","4":"has-post-thumbnail","6":"product_cat-kjpe-forskning-kjemikalier","8":"first","9":"instock","10":"shipping-taxable","11":"purchasable","12":"product-type-variable"},"yoast_head":"<!-- This site is optimized with the Yoast SEO plugin v27.3 - https:\/\/yoast.com\/product\/yoast-seo-wordpress\/ -->\n<title>Kj\u00f8p 2-MPPP online - Beste beste globale medisiner<\/title>\n<meta name=\"description\" content=\"Kj\u00f8p 2-MPPP online. Kj\u00f8p 2-MPPP online p\u00e5 bestglobalmeds.com \u2013 2-metyl-1-fenyl-3-(piperidin-1-yl)propan-1-on, 2mpp hvitt krystallpulver til salgs. vi har den beste kvaliteten og de beste prisene\" \/>\n<meta name=\"robots\" content=\"index, follow, max-snippet:-1, max-image-preview:large, max-video-preview:-1\" \/>\n<link rel=\"canonical\" href=\"https:\/\/medicinasinc.com\/no\/product\/kjop-2-mppp-online\/\" \/>\n<meta property=\"og:locale\" content=\"nn_NO\" \/>\n<meta property=\"og:type\" content=\"article\" \/>\n<meta property=\"og:title\" content=\"Kj\u00f8p 2-MPPP online - Beste beste globale medisiner\" \/>\n<meta property=\"og:description\" content=\"Kj\u00f8p 2-MPPP online. Kj\u00f8p 2-MPPP online p\u00e5 bestglobalmeds.com \u2013 2-metyl-1-fenyl-3-(piperidin-1-yl)propan-1-on, 2mpp hvitt krystallpulver til salgs. vi har den beste kvaliteten og de beste prisene\" \/>\n<meta property=\"og:url\" content=\"https:\/\/medicinasinc.com\/no\/product\/kjop-2-mppp-online\/\" \/>\n<meta property=\"og:site_name\" content=\"Medicinas Inc\" \/>\n<meta property=\"article:modified_time\" content=\"2022-03-22T00:55:45+00:00\" \/>\n<meta property=\"og:image\" content=\"https:\/\/medicinasinc.com\/no\/wp-content\/uploads\/sites\/14\/2022\/02\/2mppp.jpg\" \/>\n\t<meta property=\"og:image:width\" content=\"600\" \/>\n\t<meta property=\"og:image:height\" content=\"600\" \/>\n\t<meta property=\"og:image:type\" content=\"image\/jpeg\" \/>\n<meta name=\"twitter:card\" content=\"summary_large_image\" \/>\n<meta name=\"twitter:label1\" content=\"Est. reading time\" \/>\n\t<meta name=\"twitter:data1\" content=\"2 minutt\" \/>\n<script type=\"application\/ld+json\" class=\"yoast-schema-graph\">{\"@context\":\"https:\\\/\\\/schema.org\",\"@graph\":[{\"@type\":\"WebPage\",\"@id\":\"https:\\\/\\\/medicinasinc.com\\\/no\\\/product\\\/kjop-2-mppp-online\\\/\",\"url\":\"https:\\\/\\\/medicinasinc.com\\\/no\\\/product\\\/kjop-2-mppp-online\\\/\",\"name\":\"Kj\u00f8p 2-MPPP online - Beste beste globale medisiner\",\"isPartOf\":{\"@id\":\"https:\\\/\\\/medicinasinc.com\\\/no\\\/#website\"},\"primaryImageOfPage\":{\"@id\":\"https:\\\/\\\/medicinasinc.com\\\/no\\\/product\\\/kjop-2-mppp-online\\\/#primaryimage\"},\"image\":{\"@id\":\"https:\\\/\\\/medicinasinc.com\\\/no\\\/product\\\/kjop-2-mppp-online\\\/#primaryimage\"},\"thumbnailUrl\":\"https:\\\/\\\/medicinasinc.com\\\/no\\\/wp-content\\\/uploads\\\/sites\\\/14\\\/2022\\\/02\\\/2mppp.jpg\",\"datePublished\":\"2022-02-21T21:15:28+00:00\",\"dateModified\":\"2022-03-22T00:55:45+00:00\",\"description\":\"Kj\u00f8p 2-MPPP online. Kj\u00f8p 2-MPPP online p\u00e5 bestglobalmeds.com \u2013 2-metyl-1-fenyl-3-(piperidin-1-yl)propan-1-on, 2mpp hvitt krystallpulver til salgs. vi har den beste kvaliteten og de beste prisene\",\"breadcrumb\":{\"@id\":\"https:\\\/\\\/medicinasinc.com\\\/no\\\/product\\\/kjop-2-mppp-online\\\/#breadcrumb\"},\"inLanguage\":\"nn-NO\",\"potentialAction\":[{\"@type\":\"ReadAction\",\"target\":[\"https:\\\/\\\/medicinasinc.com\\\/no\\\/product\\\/kjop-2-mppp-online\\\/\"]}]},{\"@type\":\"ImageObject\",\"inLanguage\":\"nn-NO\",\"@id\":\"https:\\\/\\\/medicinasinc.com\\\/no\\\/product\\\/kjop-2-mppp-online\\\/#primaryimage\",\"url\":\"https:\\\/\\\/medicinasinc.com\\\/no\\\/wp-content\\\/uploads\\\/sites\\\/14\\\/2022\\\/02\\\/2mppp.jpg\",\"contentUrl\":\"https:\\\/\\\/medicinasinc.com\\\/no\\\/wp-content\\\/uploads\\\/sites\\\/14\\\/2022\\\/02\\\/2mppp.jpg\",\"width\":600,\"height\":600},{\"@type\":\"BreadcrumbList\",\"@id\":\"https:\\\/\\\/medicinasinc.com\\\/no\\\/product\\\/kjop-2-mppp-online\\\/#breadcrumb\",\"itemListElement\":[{\"@type\":\"ListItem\",\"position\":1,\"name\":\"Butikk\",\"item\":\"https:\\\/\\\/medicinasinc.com\\\/no\\\/butikk\\\/\"},{\"@type\":\"ListItem\",\"position\":2,\"name\":\"Kj\u00f8p 2-MPPP online\"}]},{\"@type\":\"WebSite\",\"@id\":\"https:\\\/\\\/medicinasinc.com\\\/no\\\/#website\",\"url\":\"https:\\\/\\\/medicinasinc.com\\\/no\\\/\",\"name\":\"Medicinas Inc\",\"description\":\"Helsemedisinsk klinikk\",\"potentialAction\":[{\"@type\":\"SearchAction\",\"target\":{\"@type\":\"EntryPoint\",\"urlTemplate\":\"https:\\\/\\\/medicinasinc.com\\\/no\\\/?s={search_term_string}\"},\"query-input\":{\"@type\":\"PropertyValueSpecification\",\"valueRequired\":true,\"valueName\":\"search_term_string\"}}],\"inLanguage\":\"nn-NO\"}]}<\/script>\n<!-- \/ Yoast SEO plugin. -->","yoast_head_json":{"title":"Kj\u00f8p 2-MPPP online - Beste beste globale medisiner","description":"Kj\u00f8p 2-MPPP online. Kj\u00f8p 2-MPPP online p\u00e5 bestglobalmeds.com \u2013 2-metyl-1-fenyl-3-(piperidin-1-yl)propan-1-on, 2mpp hvitt krystallpulver til salgs. vi har den beste kvaliteten og de beste prisene","robots":{"index":"index","follow":"follow","max-snippet":"max-snippet:-1","max-image-preview":"max-image-preview:large","max-video-preview":"max-video-preview:-1"},"canonical":"https:\/\/medicinasinc.com\/no\/product\/kjop-2-mppp-online\/","og_locale":"nn_NO","og_type":"article","og_title":"Kj\u00f8p 2-MPPP online - Beste beste globale medisiner","og_description":"Kj\u00f8p 2-MPPP online. Kj\u00f8p 2-MPPP online p\u00e5 bestglobalmeds.com \u2013 2-metyl-1-fenyl-3-(piperidin-1-yl)propan-1-on, 2mpp hvitt krystallpulver til salgs. vi har den beste kvaliteten og de beste prisene","og_url":"https:\/\/medicinasinc.com\/no\/product\/kjop-2-mppp-online\/","og_site_name":"Medicinas Inc","article_modified_time":"2022-03-22T00:55:45+00:00","og_image":[{"width":600,"height":600,"url":"https:\/\/medicinasinc.com\/no\/wp-content\/uploads\/sites\/14\/2022\/02\/2mppp.jpg","type":"image\/jpeg"}],"twitter_card":"summary_large_image","twitter_misc":{"Est. reading time":"2 minutt"},"schema":{"@context":"https:\/\/schema.org","@graph":[{"@type":"WebPage","@id":"https:\/\/medicinasinc.com\/no\/product\/kjop-2-mppp-online\/","url":"https:\/\/medicinasinc.com\/no\/product\/kjop-2-mppp-online\/","name":"Kj\u00f8p 2-MPPP online - Beste beste globale medisiner","isPartOf":{"@id":"https:\/\/medicinasinc.com\/no\/#website"},"primaryImageOfPage":{"@id":"https:\/\/medicinasinc.com\/no\/product\/kjop-2-mppp-online\/#primaryimage"},"image":{"@id":"https:\/\/medicinasinc.com\/no\/product\/kjop-2-mppp-online\/#primaryimage"},"thumbnailUrl":"https:\/\/medicinasinc.com\/no\/wp-content\/uploads\/sites\/14\/2022\/02\/2mppp.jpg","datePublished":"2022-02-21T21:15:28+00:00","dateModified":"2022-03-22T00:55:45+00:00","description":"Kj\u00f8p 2-MPPP online. Kj\u00f8p 2-MPPP online p\u00e5 bestglobalmeds.com \u2013 2-metyl-1-fenyl-3-(piperidin-1-yl)propan-1-on, 2mpp hvitt krystallpulver til salgs. vi har den beste kvaliteten og de beste prisene","breadcrumb":{"@id":"https:\/\/medicinasinc.com\/no\/product\/kjop-2-mppp-online\/#breadcrumb"},"inLanguage":"nn-NO","potentialAction":[{"@type":"ReadAction","target":["https:\/\/medicinasinc.com\/no\/product\/kjop-2-mppp-online\/"]}]},{"@type":"ImageObject","inLanguage":"nn-NO","@id":"https:\/\/medicinasinc.com\/no\/product\/kjop-2-mppp-online\/#primaryimage","url":"https:\/\/medicinasinc.com\/no\/wp-content\/uploads\/sites\/14\/2022\/02\/2mppp.jpg","contentUrl":"https:\/\/medicinasinc.com\/no\/wp-content\/uploads\/sites\/14\/2022\/02\/2mppp.jpg","width":600,"height":600},{"@type":"BreadcrumbList","@id":"https:\/\/medicinasinc.com\/no\/product\/kjop-2-mppp-online\/#breadcrumb","itemListElement":[{"@type":"ListItem","position":1,"name":"Butikk","item":"https:\/\/medicinasinc.com\/no\/butikk\/"},{"@type":"ListItem","position":2,"name":"Kj\u00f8p 2-MPPP online"}]},{"@type":"WebSite","@id":"https:\/\/medicinasinc.com\/no\/#website","url":"https:\/\/medicinasinc.com\/no\/","name":"Medicinas Inc","description":"Helsemedisinsk klinikk","potentialAction":[{"@type":"SearchAction","target":{"@type":"EntryPoint","urlTemplate":"https:\/\/medicinasinc.com\/no\/?s={search_term_string}"},"query-input":{"@type":"PropertyValueSpecification","valueRequired":true,"valueName":"search_term_string"}}],"inLanguage":"nn-NO"}]}},"_links":{"self":[{"href":"https:\/\/medicinasinc.com\/no\/wp-json\/wp\/v2\/product\/5340","targetHints":{"allow":["GET"]}}],"collection":[{"href":"https:\/\/medicinasinc.com\/no\/wp-json\/wp\/v2\/product"}],"about":[{"href":"https:\/\/medicinasinc.com\/no\/wp-json\/wp\/v2\/types\/product"}],"replies":[{"embeddable":true,"href":"https:\/\/medicinasinc.com\/no\/wp-json\/wp\/v2\/comments?post=5340"}],"wp:featuredmedia":[{"embeddable":true,"href":"https:\/\/medicinasinc.com\/no\/wp-json\/wp\/v2\/media\/5350"}],"wp:attachment":[{"href":"https:\/\/medicinasinc.com\/no\/wp-json\/wp\/v2\/media?parent=5340"}],"wp:term":[{"taxonomy":"product_brand","embeddable":true,"href":"https:\/\/medicinasinc.com\/no\/wp-json\/wp\/v2\/product_brand?post=5340"},{"taxonomy":"product_cat","embeddable":true,"href":"https:\/\/medicinasinc.com\/no\/wp-json\/wp\/v2\/product_cat?post=5340"},{"taxonomy":"product_tag","embeddable":true,"href":"https:\/\/medicinasinc.com\/no\/wp-json\/wp\/v2\/product_tag?post=5340"}],"curies":[{"name":"wp","href":"https:\/\/api.w.org\/{rel}","templated":true}]}}