{"id":5324,"date":"2022-02-21T20:59:08","date_gmt":"2022-02-21T20:59:08","guid":{"rendered":"https:\/\/medicinasinc.com\/no\/?post_type=product&#038;p=5324"},"modified":"2022-03-22T00:56:05","modified_gmt":"2022-03-22T00:56:05","slug":"kjop-vicodin","status":"publish","type":"product","link":"https:\/\/medicinasinc.com\/no\/product\/kjop-vicodin\/","title":{"rendered":"Kj\u00f8p Vicodin"},"content":{"rendered":"<p>Nettkj\u00f8p av Vicodin hydrokodonpiller<\/p>\n<p>VICODIN\u00ae (hydrokodonbitartrat- og paracetamoltabletter, USP 5 mg\/300 mg): En eller to tabletter hver fjerde til sjette time etter behov for smerte hos voksne. Den daglige maksimale dosen b\u00f8r ikke overstige \u00e5tte piller.<\/p>\n<p>Nettkj\u00f8p av Vicodin hydrokodonpiller<br \/> Kj\u00f8p Vicodin p\u00e5 nett<\/p>\n<p>Vicodin inneholder en kombinasjon av hydrokodon og acetaminophen. Hydrokodon er et opioid smertestillende medikament. Ofte blir opioider referert til som narkotika. Acetaminophen er et mindre potent smertestillende middel som forsterker effekten av hydrokodon. Vicodin kan kj\u00f8pes p\u00e5 nett og vicodin er ogs\u00e5 tilgjengelig for salg p\u00e5 nett. Vicodin-piller brukes til \u00e5 behandle mild til moderat alvorlig smerte. Vicodin kan ogs\u00e5 inkluderes for bruk som ikke er angitt i denne legemiddelguiden.<\/p>\n<p>Bruk<\/p>\n<p>Kombinasjonsmedisinen er beregnet p\u00e5 \u00e5 behandle mild til moderat alvorlig smerte. Dette gir smertelindring via morfin (hydrokodon) og ikke-opioid (acetaminophen). Hydrokodon endrer kroppens oppfatning og respons p\u00e5 smerte i hjernen. Acetaminophen kan ogs\u00e5 bidra til \u00e5 redusere alvorlighetsgraden av feber. Medisinen er ikke tillatt for barn yngre enn seks \u00e5r p\u00e5 grunn av \u00f8kt risiko for bivirkninger (som langsom og grunn pust).<\/p>\n<p>Hva er form\u00e5let med denne medisinen?<\/p>\n<p>Hydrokodon er kombinert med andre kjemikalier, og for ulike indikasjoner administreres en rekke kombinasjonsmedisiner. Visse hydrokodonkombinasjonsmedisiner brukes til \u00e5 behandle mild til alvorlig smerte. Andre medisiner som inneholder en hydrokodonkombinasjon brukes for \u00e5 redusere hoste. Hydrocodone er et opioid (narkotisk) smertestillende middel og en familie av medisiner kjent som hostestillende midler. Hydrokodon lindrer smerte ved \u00e5 modifisere hjernens og nervesystemets respons p\u00e5 smerte. Hydrokodon lindrer hoste ved \u00e5 hemme hjerneaktivitet assosiert med hoste. Du tar hydrokodon sammen med minst \u00e9n annen medisin, men monografien gir kun informasjon om hydrokodon. Les om tilleggsstoffene i hydrokodonmedisinen du tar.<\/p>\n<p>Hvordan brukes?<\/p>\n<p>Hydrokodonkombinasjonsprodukter er tilgjengelige i f\u00f8lgende former: pille, gel, pasta, oppl\u00f8sning ( klaring av v\u00e6ske), gel med forlenget frigj\u00f8ring (langtidsvirkende) og langtidsvirkende suspensjon (flytende) for oral administrering. Tabletten, kapselen, sirupen eller l\u00f8sningen kan tas opptil hver 4. til 6. time etter behov. Normalt tas depotkapsler og suspensjoner med forlenget frigivelse hver 12. time etter behov. Hvis du tar hydrokodon regelmessig, b\u00f8r det tas til samme tid hver dag. F\u00f8lg instruksjonene p\u00e5 reseptetiketten n\u00f8ye og f\u00e5 avklaring fra apoteket eller legen om n\u00f8dvendig. Rist den forlengede utslippssuspensjonen godt f\u00f8r bruk for \u00e5 sikre at stoffet er jevnt fordelt. Det anbefales ikke \u00e5 kombinere depotsuspensjonen med andre stoffer eller v\u00e6sker, for eksempel vann.<\/p>\n<p>Hvis du bruker en hydrokodonkombinasjon, sirup eller suspensjon med forlenget frigivelse, m\u00e5 du ikke bruke en tekopp for husholdningsbruk. m\u00e5l dosen din. Hjemme-teskjeer er ikke n\u00f8yaktige m\u00e5leinstrumenter, og hvis du tester dosene dine med en husholdnings-teskje, risikerer du \u00e5 ta for mange eller for lite piller. I stedet for det, bruk et veldefinert m\u00e5leapparat, for eksempel en dr\u00e5peteller, skjemedisin eller oral spr\u00f8yte.<\/p>\n<p>Denne kombinasjonsmedisinen brukes til \u00e5 behandle smerte som varierer fra mild til alvorlig. Den best\u00e5r av et opioidanalgetikum (hydrokodon) s\u00e5 vel som et ikke-opioidanalgetikum (acetaminophen). Hydrokodon endrer m\u00e5ten kroppen din oppfatter og reagerer p\u00e5 smerte ved \u00e5 virke p\u00e5 hjernen. Paracetamol kan ogs\u00e5 bidra til \u00e5 redusere feberen.<\/p>\n<p>Dette produktet er ikke anbefalt for barn under seks \u00e5r p\u00e5 grunn av \u00f8kt risiko for alvorlige bivirkninger (som grunn\/langsom pust).<\/p>\n<p>Er hydrokodon vicodin?, Er hydrokodon vicodin?, Er hydrokodon vicodin?, Er hydrokodon vicodin?, Er hydrokodon vicodin?, Er hydrokodon vicodin?, Er hydrokodon vicodin?, Er hydrokodon vicodin?, Er hydrokodon vicodin? er vicodin hydrocodone, er vicodin hydrocodone, er vicodin hydrocodone, er vicodin hydrocodone, er vicodin hydrocodone, er vicodin hydrocodone, er hydrocodone det samme som vicodin, hva er forskjellen mellom vicodin og hydrocodone, hva er forskjellen mellom vicodin og hydrocodone, vicodin vs hydrokodon Er vicodin og hydrokodon utskiftbare? er hydrokodon ekvivalent med vicodin eller percocet? Er vicodin sterkere enn hydrokodon? Er hydrokodon og vicodin det samme? Hva er forskjellen mellom vicodin og hydrokodon, hydrokodon og vicodin, vicodin hydrocodon, er hydrokodon det samme som vicodin, er vicodin det samme som hydrokodon, hydrokodon eller vicodin, vicodin versus hydrokodon, er hydrokodon vicodin?<\/p>\n","protected":false},"excerpt":{"rendered":"<div class=\"woocommerce-product-details__short-description\">\n<p>Hver Vicodin-tablett inneholder 300 mg Acetaminophen og tre forskjellige Hydrocodone-doseniv\u00e5er: 5 mg, 7,5 mg og 10 mg.<\/p>\n<p>Online apotek hvor du kan kj\u00f8pe Vicodin hydrocodone tabletter.<\/p>\n<p>Informer legen din eller apoteket f\u00f8r du tar dette stoffet hvis du er allergisk mot det; eller til andre narkotiske stoffer (som morfin, kodein); eller til andre medisiner.<\/p>\n<\/p><\/div>\n","protected":false},"featured_media":5335,"comment_status":"open","ping_status":"closed","template":"","meta":[],"product_brand":[],"product_cat":[1117],"product_tag":[1916,1917,1918,1919,1920,1951,1952,1923,1924,1927,1928,1930,1942,1943,1944,1931,1932,1929,1933,1934,1937,1938,1939,2013,2011,2012,2009,1936,2008,2010,1935,1940,1941,1925,1926,1922,1921,1945,1946,1947,1948,1949,1950,1778,1953,1954,1955,1956,1957,1958,1959,1960,1961,1962,1963,1964,1965,1966,1967,1969,1970,1968,1998,2000,1975,1976,1977,1978,1982,1983,1984,1985,1997,1986,1988,1987,1979,1989,1980,1971,1972,1973,1974,1991,1992,1990,1994,1995,1993,1999,1996,2006,2001,2002,1787,2003,2004,2005,2007,1981],"class_list":{"0":"post-5324","1":"product","2":"type-product","3":"status-publish","4":"has-post-thumbnail","6":"product_cat-kjop-smerte-sove-sexpiller","7":"product_tag-1p466-vicodin","8":"product_tag-20-mg-vikodin","9":"product_tag-2172-pille-vicodin","10":"product_tag-5-325-vicodin","11":"product_tag-5mg-vikodin","12":"product_tag-bilder-av-vicodin","13":"product_tag-bivirkninger-av-vicodin","14":"product_tag-buy-vicodin-online","15":"product_tag-buy-vicodin-overnight-delivery","16":"product_tag-cwe-vicodin","17":"product_tag-darvocet-versus-vicodin","18":"product_tag-effects-of-vicodin","19":"product_tag-er-hydrokodon-vikodin","20":"product_tag-er-percocet-sterkere-enn-vicodin","21":"product_tag-er-vikodin-en-opioid","22":"product_tag-erowid-vicodin","23":"product_tag-flexeril-og-vicodin","24":"product_tag-forskjell-mellom-norco-og-vicodin","25":"product_tag-gabapentin-og-vicodin","26":"product_tag-generic-name-for-vicodin","27":"product_tag-how-long-does-vicodin-stay-in-your-system","28":"product_tag-how-long-does-vicodin-stay-in-your-system-for-a-drug-test","29":"product_tag-how-long-does-vicodin-take-to-work","30":"product_tag-hva-er-forskjellen-mellom-vicodin-og-percocet","31":"product_tag-hva-er-i-vicodin","32":"product_tag-hva-er-vicodin","33":"product_tag-hva-gjr-vicodin-gjr","34":"product_tag-hvor-lenge-varer-vicodin","35":"product_tag-hvordan-ser-en-vicodin-pille-ut","36":"product_tag-hvordan-ser-vicodin-ut","37":"product_tag-hvordan-staver-du-vicodin","38":"product_tag-hydrokodon-vikodin","39":"product_tag-ip-109-pille-vicodin","40":"product_tag-kan-du-ta-advil-med-vicodin","41":"product_tag-kan-du-ta-vicodin-og-ibuprofen-sammen","42":"product_tag-kjp-vicodin-fra-canada","43":"product_tag-kjp-vicodin","44":"product_tag-naturlig-vikodin","45":"product_tag-norco-5-325-vs-vicodin","46":"product_tag-norco-vicodin","47":"product_tag-norco-vs-vicodin","48":"product_tag-oksykodon-vs-vicodin","49":"product_tag-percocet-og-vicodin","50":"product_tag-percocet-vs-vicodin","51":"product_tag-snftende-vicodin","52":"product_tag-symptomer-p-vicodin-abstinenser","53":"product_tag-tramadol-hcl-50mg-vs-vicodin","54":"product_tag-tramadol-vs-vicodin","55":"product_tag-vicodin","56":"product_tag-vicodin-10","57":"product_tag-vicodin-10-milligram","58":"product_tag-vicodin-10mg","59":"product_tag-vicodin-30-mg","60":"product_tag-vicodin-5","61":"product_tag-vicodin-5-300","62":"product_tag-vicodin-5-300-mg","63":"product_tag-vicodin-5-325-mg","64":"product_tag-vicodin-7-5","65":"product_tag-vicodin-750","66":"product_tag-vicodin-alkohol","67":"product_tag-vicodin-alternatives","68":"product_tag-vicodin-avhengighet","69":"product_tag-vicodin-bivirkninger","70":"product_tag-vicodin-bruker","71":"product_tag-vicodin-dosage","72":"product_tag-vicodin-dosage-5-325","73":"product_tag-vicodin-dose","74":"product_tag-vicodin-doser","75":"product_tag-vicodin-es","76":"product_tag-vicodin-for-migraines","77":"product_tag-vicodin-generic","78":"product_tag-vicodin-generisk-navn","79":"product_tag-vicodin-holdbarhet","80":"product_tag-vicodin-hy","81":"product_tag-vicodin-hp","82":"product_tag-vicodin-huset","83":"product_tag-vicodin-medikament","84":"product_tag-vicodin-mexico","85":"product_tag-vicodin-legemidler","86":"product_tag-vicodin-og-advil","87":"product_tag-vicodin-og-alkohol","88":"product_tag-vicodin-og-oxycontin-er-eksempler-p-c3-a5","89":"product_tag-vicodin-og-xanax","90":"product_tag-vicodin-online-overnight","91":"product_tag-vicodin-overdose","92":"product_tag-vicodin-online","93":"product_tag-vicodin-pille","94":"product_tag-vicodin-pills","95":"product_tag-vicodin-smerte-piller","96":"product_tag-vicodin-strengths","97":"product_tag-vicodin-plan","98":"product_tag-vicodin-uttak","99":"product_tag-vicodin-vs-norco","100":"product_tag-vicodin-vs-oksykodon","101":"product_tag-vicodin-vs-percocet","102":"product_tag-vicodin-vs-kodein","103":"product_tag-vicodin-vs-tramadol","104":"product_tag-vicodin-vs-tylenol-3","105":"product_tag-vicodin-xanax","106":"product_tag-vicodin-effekter","108":"first","109":"instock","110":"shipping-taxable","111":"purchasable","112":"product-type-variable","113":"has-default-attributes"},"yoast_head":"<!-- This site is optimized with the Yoast SEO plugin v27.3 - https:\/\/yoast.com\/product\/yoast-seo-wordpress\/ -->\n<title>Kj\u00f8p Vicodin hydrokodon-piller p\u00e5 nett - Beste globale medisiner<\/title>\n<meta name=\"description\" content=\"Kj\u00f8p Vicodin hydrokodon piller online. Hver Vicodin-tablett har 300\u00a0mg\u00a0Acetaminophen og kommer i tre forskjellige\u00a0doseringsniv\u00e5er\u00a0Hydrocodone: 5\u00a0mg, 7,5\u00a0mg og 10\u00a0mg.\" \/>\n<meta name=\"robots\" content=\"index, follow, max-snippet:-1, max-image-preview:large, max-video-preview:-1\" \/>\n<link rel=\"canonical\" href=\"https:\/\/medicinasinc.com\/no\/product\/kjop-vicodin\/\" \/>\n<meta property=\"og:locale\" content=\"nn_NO\" \/>\n<meta property=\"og:type\" content=\"article\" \/>\n<meta property=\"og:title\" content=\"Kj\u00f8p Vicodin hydrokodon-piller p\u00e5 nett - Beste globale medisiner\" \/>\n<meta property=\"og:description\" content=\"Kj\u00f8p Vicodin hydrokodon piller online. Hver Vicodin-tablett har 300\u00a0mg\u00a0Acetaminophen og kommer i tre forskjellige\u00a0doseringsniv\u00e5er\u00a0Hydrocodone: 5\u00a0mg, 7,5\u00a0mg og 10\u00a0mg.\" \/>\n<meta property=\"og:url\" content=\"https:\/\/medicinasinc.com\/no\/product\/kjop-vicodin\/\" \/>\n<meta property=\"og:site_name\" content=\"Medicinas Inc\" \/>\n<meta property=\"article:modified_time\" content=\"2022-03-22T00:56:05+00:00\" \/>\n<meta property=\"og:image\" content=\"https:\/\/medicinasinc.com\/no\/wp-content\/uploads\/sites\/14\/2022\/02\/Buy-Vicodin.jpg\" \/>\n\t<meta property=\"og:image:width\" content=\"428\" \/>\n\t<meta property=\"og:image:height\" content=\"293\" \/>\n\t<meta property=\"og:image:type\" content=\"image\/jpeg\" \/>\n<meta name=\"twitter:card\" content=\"summary_large_image\" \/>\n<meta name=\"twitter:label1\" content=\"Est. reading time\" \/>\n\t<meta name=\"twitter:data1\" content=\"4 minutt\" \/>\n<script type=\"application\/ld+json\" class=\"yoast-schema-graph\">{\"@context\":\"https:\\\/\\\/schema.org\",\"@graph\":[{\"@type\":\"WebPage\",\"@id\":\"https:\\\/\\\/medicinasinc.com\\\/no\\\/product\\\/kjop-vicodin\\\/\",\"url\":\"https:\\\/\\\/medicinasinc.com\\\/no\\\/product\\\/kjop-vicodin\\\/\",\"name\":\"Kj\u00f8p Vicodin hydrokodon-piller p\u00e5 nett - Beste globale medisiner\",\"isPartOf\":{\"@id\":\"https:\\\/\\\/medicinasinc.com\\\/no\\\/#website\"},\"primaryImageOfPage\":{\"@id\":\"https:\\\/\\\/medicinasinc.com\\\/no\\\/product\\\/kjop-vicodin\\\/#primaryimage\"},\"image\":{\"@id\":\"https:\\\/\\\/medicinasinc.com\\\/no\\\/product\\\/kjop-vicodin\\\/#primaryimage\"},\"thumbnailUrl\":\"https:\\\/\\\/medicinasinc.com\\\/no\\\/wp-content\\\/uploads\\\/sites\\\/14\\\/2022\\\/02\\\/Buy-Vicodin.jpg\",\"datePublished\":\"2022-02-21T20:59:08+00:00\",\"dateModified\":\"2022-03-22T00:56:05+00:00\",\"description\":\"Kj\u00f8p Vicodin hydrokodon piller online. Hver Vicodin-tablett har 300\u00a0mg\u00a0Acetaminophen og kommer i tre forskjellige\u00a0doseringsniv\u00e5er\u00a0Hydrocodone: 5\u00a0mg, 7,5\u00a0mg og 10\u00a0mg.\",\"breadcrumb\":{\"@id\":\"https:\\\/\\\/medicinasinc.com\\\/no\\\/product\\\/kjop-vicodin\\\/#breadcrumb\"},\"inLanguage\":\"nn-NO\",\"potentialAction\":[{\"@type\":\"ReadAction\",\"target\":[\"https:\\\/\\\/medicinasinc.com\\\/no\\\/product\\\/kjop-vicodin\\\/\"]}]},{\"@type\":\"ImageObject\",\"inLanguage\":\"nn-NO\",\"@id\":\"https:\\\/\\\/medicinasinc.com\\\/no\\\/product\\\/kjop-vicodin\\\/#primaryimage\",\"url\":\"https:\\\/\\\/medicinasinc.com\\\/no\\\/wp-content\\\/uploads\\\/sites\\\/14\\\/2022\\\/02\\\/Buy-Vicodin.jpg\",\"contentUrl\":\"https:\\\/\\\/medicinasinc.com\\\/no\\\/wp-content\\\/uploads\\\/sites\\\/14\\\/2022\\\/02\\\/Buy-Vicodin.jpg\",\"width\":428,\"height\":293},{\"@type\":\"BreadcrumbList\",\"@id\":\"https:\\\/\\\/medicinasinc.com\\\/no\\\/product\\\/kjop-vicodin\\\/#breadcrumb\",\"itemListElement\":[{\"@type\":\"ListItem\",\"position\":1,\"name\":\"Butikk\",\"item\":\"https:\\\/\\\/medicinasinc.com\\\/no\\\/butikk\\\/\"},{\"@type\":\"ListItem\",\"position\":2,\"name\":\"Kj\u00f8p Vicodin\"}]},{\"@type\":\"WebSite\",\"@id\":\"https:\\\/\\\/medicinasinc.com\\\/no\\\/#website\",\"url\":\"https:\\\/\\\/medicinasinc.com\\\/no\\\/\",\"name\":\"Medicinas Inc\",\"description\":\"Helsemedisinsk klinikk\",\"potentialAction\":[{\"@type\":\"SearchAction\",\"target\":{\"@type\":\"EntryPoint\",\"urlTemplate\":\"https:\\\/\\\/medicinasinc.com\\\/no\\\/?s={search_term_string}\"},\"query-input\":{\"@type\":\"PropertyValueSpecification\",\"valueRequired\":true,\"valueName\":\"search_term_string\"}}],\"inLanguage\":\"nn-NO\"}]}<\/script>\n<!-- \/ Yoast SEO plugin. -->","yoast_head_json":{"title":"Kj\u00f8p Vicodin hydrokodon-piller p\u00e5 nett - Beste globale medisiner","description":"Kj\u00f8p Vicodin hydrokodon piller online. Hver Vicodin-tablett har 300\u00a0mg\u00a0Acetaminophen og kommer i tre forskjellige\u00a0doseringsniv\u00e5er\u00a0Hydrocodone: 5\u00a0mg, 7,5\u00a0mg og 10\u00a0mg.","robots":{"index":"index","follow":"follow","max-snippet":"max-snippet:-1","max-image-preview":"max-image-preview:large","max-video-preview":"max-video-preview:-1"},"canonical":"https:\/\/medicinasinc.com\/no\/product\/kjop-vicodin\/","og_locale":"nn_NO","og_type":"article","og_title":"Kj\u00f8p Vicodin hydrokodon-piller p\u00e5 nett - Beste globale medisiner","og_description":"Kj\u00f8p Vicodin hydrokodon piller online. Hver Vicodin-tablett har 300\u00a0mg\u00a0Acetaminophen og kommer i tre forskjellige\u00a0doseringsniv\u00e5er\u00a0Hydrocodone: 5\u00a0mg, 7,5\u00a0mg og 10\u00a0mg.","og_url":"https:\/\/medicinasinc.com\/no\/product\/kjop-vicodin\/","og_site_name":"Medicinas Inc","article_modified_time":"2022-03-22T00:56:05+00:00","og_image":[{"width":428,"height":293,"url":"https:\/\/medicinasinc.com\/no\/wp-content\/uploads\/sites\/14\/2022\/02\/Buy-Vicodin.jpg","type":"image\/jpeg"}],"twitter_card":"summary_large_image","twitter_misc":{"Est. reading time":"4 minutt"},"schema":{"@context":"https:\/\/schema.org","@graph":[{"@type":"WebPage","@id":"https:\/\/medicinasinc.com\/no\/product\/kjop-vicodin\/","url":"https:\/\/medicinasinc.com\/no\/product\/kjop-vicodin\/","name":"Kj\u00f8p Vicodin hydrokodon-piller p\u00e5 nett - Beste globale medisiner","isPartOf":{"@id":"https:\/\/medicinasinc.com\/no\/#website"},"primaryImageOfPage":{"@id":"https:\/\/medicinasinc.com\/no\/product\/kjop-vicodin\/#primaryimage"},"image":{"@id":"https:\/\/medicinasinc.com\/no\/product\/kjop-vicodin\/#primaryimage"},"thumbnailUrl":"https:\/\/medicinasinc.com\/no\/wp-content\/uploads\/sites\/14\/2022\/02\/Buy-Vicodin.jpg","datePublished":"2022-02-21T20:59:08+00:00","dateModified":"2022-03-22T00:56:05+00:00","description":"Kj\u00f8p Vicodin hydrokodon piller online. Hver Vicodin-tablett har 300\u00a0mg\u00a0Acetaminophen og kommer i tre forskjellige\u00a0doseringsniv\u00e5er\u00a0Hydrocodone: 5\u00a0mg, 7,5\u00a0mg og 10\u00a0mg.","breadcrumb":{"@id":"https:\/\/medicinasinc.com\/no\/product\/kjop-vicodin\/#breadcrumb"},"inLanguage":"nn-NO","potentialAction":[{"@type":"ReadAction","target":["https:\/\/medicinasinc.com\/no\/product\/kjop-vicodin\/"]}]},{"@type":"ImageObject","inLanguage":"nn-NO","@id":"https:\/\/medicinasinc.com\/no\/product\/kjop-vicodin\/#primaryimage","url":"https:\/\/medicinasinc.com\/no\/wp-content\/uploads\/sites\/14\/2022\/02\/Buy-Vicodin.jpg","contentUrl":"https:\/\/medicinasinc.com\/no\/wp-content\/uploads\/sites\/14\/2022\/02\/Buy-Vicodin.jpg","width":428,"height":293},{"@type":"BreadcrumbList","@id":"https:\/\/medicinasinc.com\/no\/product\/kjop-vicodin\/#breadcrumb","itemListElement":[{"@type":"ListItem","position":1,"name":"Butikk","item":"https:\/\/medicinasinc.com\/no\/butikk\/"},{"@type":"ListItem","position":2,"name":"Kj\u00f8p Vicodin"}]},{"@type":"WebSite","@id":"https:\/\/medicinasinc.com\/no\/#website","url":"https:\/\/medicinasinc.com\/no\/","name":"Medicinas Inc","description":"Helsemedisinsk klinikk","potentialAction":[{"@type":"SearchAction","target":{"@type":"EntryPoint","urlTemplate":"https:\/\/medicinasinc.com\/no\/?s={search_term_string}"},"query-input":{"@type":"PropertyValueSpecification","valueRequired":true,"valueName":"search_term_string"}}],"inLanguage":"nn-NO"}]}},"_links":{"self":[{"href":"https:\/\/medicinasinc.com\/no\/wp-json\/wp\/v2\/product\/5324","targetHints":{"allow":["GET"]}}],"collection":[{"href":"https:\/\/medicinasinc.com\/no\/wp-json\/wp\/v2\/product"}],"about":[{"href":"https:\/\/medicinasinc.com\/no\/wp-json\/wp\/v2\/types\/product"}],"replies":[{"embeddable":true,"href":"https:\/\/medicinasinc.com\/no\/wp-json\/wp\/v2\/comments?post=5324"}],"wp:featuredmedia":[{"embeddable":true,"href":"https:\/\/medicinasinc.com\/no\/wp-json\/wp\/v2\/media\/5335"}],"wp:attachment":[{"href":"https:\/\/medicinasinc.com\/no\/wp-json\/wp\/v2\/media?parent=5324"}],"wp:term":[{"taxonomy":"product_brand","embeddable":true,"href":"https:\/\/medicinasinc.com\/no\/wp-json\/wp\/v2\/product_brand?post=5324"},{"taxonomy":"product_cat","embeddable":true,"href":"https:\/\/medicinasinc.com\/no\/wp-json\/wp\/v2\/product_cat?post=5324"},{"taxonomy":"product_tag","embeddable":true,"href":"https:\/\/medicinasinc.com\/no\/wp-json\/wp\/v2\/product_tag?post=5324"}],"curies":[{"name":"wp","href":"https:\/\/api.w.org\/{rel}","templated":true}]}}