{"id":5323,"date":"2022-02-21T20:57:56","date_gmt":"2022-02-21T20:57:56","guid":{"rendered":"https:\/\/medicinasinc.com\/no\/?post_type=product&#038;p=5323"},"modified":"2022-03-22T00:56:15","modified_gmt":"2022-03-22T00:56:15","slug":"kjop-ultram-tramadol-200-mg","status":"publish","type":"product","link":"https:\/\/medicinasinc.com\/no\/product\/kjop-ultram-tramadol-200-mg\/","title":{"rendered":"Kj\u00f8p Ultram Tramadol 200 mg"},"content":{"rendered":"<p>200mg tramadol<\/p>\n<p>Tramadol er et virkelig unikt muskelavslappende middel med en mild mu-opioid effekt (i forhold til andre opioider) og en mild monoaminerg effekt (i sammenligning med trisykliske antidepressiva). Tramadol har en tolerabel bivirkningsprofil sammenlignet med trisykliske antidepressiva og antiepileptiske medisiner.<\/p>\n<p>Toleranse og avhengighet er uvanlige medisinske konsekvenser, selv om de eksisterer. Tramadols aktivitet er ikke begrenset til nevropati; det reduserer ogs\u00e5 ubehagelige (nociseptive) opplevelser, noe som gj\u00f8r det til en av de fire typene smerte.<\/p>\n<p>Beskrivelse:<\/p>\n<p>Tramadol er ikke for sarte sjeler, siden det er et kraftig psykoaktivt middel. substans. Den smertestillende effekten tar 15-30 minutter \u00e5 virke og varer i 6 timer. Det kan ogs\u00e5 brukes sammen med paracetamol. Tramadol er et beroligende middel.<\/p>\n<p>Tramadol, som en ekstremt potent medisin, m\u00e5 tas n\u00f8yaktig som foreskrevet. Legen er til syvende og sist ansvarlig for \u00e5 bestemme behandlingens varighet. Ulovlig bruk av narkotika kan ha alvorlige, til og med d\u00f8delige, konsekvenser. Mens du er p\u00e5 Tramadol-terapi, b\u00f8r du unng\u00e5 \u00e5 kj\u00f8re bil eller andre oppgaver som krever et h\u00f8yt konsentrasjonsniv\u00e5.<\/p>\n<p>P\u00e5 grunn av det faktum at tramadol er en opioidagonist, har det potensial til \u00e5 skape b\u00e5de mental og fysisk avhengighet. Den internasjonale konvensjonen klassifiserer dette kjemikaliet som et narkotikum. Som et resultat er det kun tilgjengelig p\u00e5 resept fra en lege. Ikke-opioide smertestillende midler foreskrives kun n\u00e5r ikke-opioide medisiner er ineffektive.<\/p>\n<p>Medikamenter:<\/p>\n<p>Ta tramadol gjennom munnen som legen din foreskriver, ofte hver 4. til 6. time etter behov. Tramadol er trygt \u00e5 ta med eller uten mat. Hvis du opplever kvalme, kan tramadol tatt med mat hjelpe. Ytterligere kvalmestillende tiltak kan tas opp med legen din eller apoteket (som \u00e5 ligge ned i 1 til 2 timer med s\u00e5 lite hodebevegelse som mulig). V\u00e5r nettside lar deg kj\u00f8pe tramadol 200mg online.<\/p>\n<p>Dosen er basert p\u00e5 din medisinske tilstand og reaksjon p\u00e5 behandlingen. For \u00e5 minimere risikoen for u\u00f8nskede effekter, kan legen din foresl\u00e5 deg \u00e5 begynne med en lav dose tramadol og gradvis \u00f8ke den. F\u00f8lg i henhold til legens r\u00e5d. Den h\u00f8yeste anbefalte daglige dosen er 400 mg. Den anbefalte maksimale dosen for personer over 75 \u00e5r er 300 mg per dag. Ikke \u00f8k tramadol-dosen, bruk den oftere eller over lengre tid enn foreskrevet. N\u00e5r tramadol er foreskrevet, b\u00f8r det seponeres umiddelbart.<\/p>\n<p>Det anbefales at billig tramadol p\u00e5 nett brukes ekstremt forsiktig hos<\/p>\n<p>individer som er opioidavhengige; de som har p\u00e5dratt seg en hjerneskade, sjokk eller et redusert bevissthetsniv\u00e5 av ukjent \u00e5rsak; og<\/p>\n<p>I tillegg til forstyrrelser i respirasjonssenter eller respirasjonsfunksjoner,<\/p>\n<p>en tilsvarende \u00f8kning i intrakranielt trykk (ICP).<br \/> funksjonsfeil i nyre- og leversystemet<\/p>\n<p>Tramadolhydroklorid b\u00f8r tas med forsiktighet hos personer som er overf\u00f8lsomme for opiat.<\/p>\n","protected":false},"excerpt":{"rendered":"<p>Nettapotek for \u00e5 kj\u00f8pe Ultram Tramadol 200mg tabletter<\/p>\n<p>Tramadol Ultram Kj\u00f8p p\u00e5 nett.<\/p>\n<p>Bestill Tramadol Cod Overnight. Billig Tramadol levering over natten<\/p>\n<p>Finn ut hvor du kan bestille Tramadol p\u00e5 nett uten resept til den billigste prisen. &#8230; Tabletter tilgjengelig i f\u00f8lgende styrker: 50 mg, 100 mg, 150 mg og 200 mg.<\/p>\n<div class=\"product-next-previous\">\n<div class=\"product-prev\"><\/div>\n<\/p><\/div>\n","protected":false},"featured_media":5333,"comment_status":"open","ping_status":"closed","template":"","meta":[],"product_brand":[],"product_cat":[1117],"product_tag":[1907,1908,1909,1905,1906,1904,1910,1913,1911,1912,1915,1914],"class_list":{"0":"post-5323","1":"product","2":"type-product","3":"status-publish","4":"has-post-thumbnail","6":"product_cat-kjop-smerte-sove-sexpiller","7":"product_tag-billig-tramadol-uten-resept","8":"product_tag-billig-ultram-reseptfri","9":"product_tag-generic-ultram-er","10":"product_tag-kjp-tramadol-online-billig","11":"product_tag-kjp-tramadol-online-over-natten","12":"product_tag-kjp-tramadol-i-florida","13":"product_tag-overnight-tramadol","14":"product_tag-tramadol-bivirkninger-hunder","15":"product_tag-tramadol-hcl-50mg-brukt","16":"product_tag-tramadol-hydroklorid-paracetamol","17":"product_tag-ultram-er-200","18":"product_tag-ultram-legemiddel-interaksjoner","20":"first","21":"instock","22":"shipping-taxable","23":"purchasable","24":"product-type-variable","25":"has-default-attributes"},"yoast_head":"<!-- This site is optimized with the Yoast SEO plugin v27.3 - https:\/\/yoast.com\/product\/yoast-seo-wordpress\/ -->\n<title>Kj\u00f8p Ultram Tramadol 200 mg piller p\u00e5 nett - Beste globale medisiner<\/title>\n<meta name=\"description\" content=\"Kj\u00f8p Tramadol Ultram 200 mg\u00a0p\u00e5 nettet. Bestill Tramadol Overnight Cod. Detaljer:\u00a0Billig Tramadol\u00a0Nettlevering over natten\" \/>\n<meta name=\"robots\" content=\"index, follow, max-snippet:-1, max-image-preview:large, max-video-preview:-1\" \/>\n<link rel=\"canonical\" href=\"https:\/\/medicinasinc.com\/no\/product\/kjop-ultram-tramadol-200-mg\/\" \/>\n<meta property=\"og:locale\" content=\"nn_NO\" \/>\n<meta property=\"og:type\" content=\"article\" \/>\n<meta property=\"og:title\" content=\"Kj\u00f8p Ultram Tramadol 200 mg piller p\u00e5 nett - Beste globale medisiner\" \/>\n<meta property=\"og:description\" content=\"Kj\u00f8p Tramadol Ultram 200 mg\u00a0p\u00e5 nettet. Bestill Tramadol Overnight Cod. Detaljer:\u00a0Billig Tramadol\u00a0Nettlevering over natten\" \/>\n<meta property=\"og:url\" content=\"https:\/\/medicinasinc.com\/no\/product\/kjop-ultram-tramadol-200-mg\/\" \/>\n<meta property=\"og:site_name\" content=\"Medicinas Inc\" \/>\n<meta property=\"article:modified_time\" content=\"2022-03-22T00:56:15+00:00\" \/>\n<meta property=\"og:image\" content=\"https:\/\/medicinasinc.com\/no\/wp-content\/uploads\/sites\/14\/2022\/02\/Buy-Ultram-Tramadol-200mg.jpg\" \/>\n\t<meta property=\"og:image:width\" content=\"300\" \/>\n\t<meta property=\"og:image:height\" content=\"225\" \/>\n\t<meta property=\"og:image:type\" content=\"image\/jpeg\" \/>\n<meta name=\"twitter:card\" content=\"summary_large_image\" \/>\n<meta name=\"twitter:label1\" content=\"Est. reading time\" \/>\n\t<meta name=\"twitter:data1\" content=\"2 minutt\" \/>\n<script type=\"application\/ld+json\" class=\"yoast-schema-graph\">{\"@context\":\"https:\\\/\\\/schema.org\",\"@graph\":[{\"@type\":\"WebPage\",\"@id\":\"https:\\\/\\\/medicinasinc.com\\\/no\\\/product\\\/kjop-ultram-tramadol-200-mg\\\/\",\"url\":\"https:\\\/\\\/medicinasinc.com\\\/no\\\/product\\\/kjop-ultram-tramadol-200-mg\\\/\",\"name\":\"Kj\u00f8p Ultram Tramadol 200 mg piller p\u00e5 nett - Beste globale medisiner\",\"isPartOf\":{\"@id\":\"https:\\\/\\\/medicinasinc.com\\\/no\\\/#website\"},\"primaryImageOfPage\":{\"@id\":\"https:\\\/\\\/medicinasinc.com\\\/no\\\/product\\\/kjop-ultram-tramadol-200-mg\\\/#primaryimage\"},\"image\":{\"@id\":\"https:\\\/\\\/medicinasinc.com\\\/no\\\/product\\\/kjop-ultram-tramadol-200-mg\\\/#primaryimage\"},\"thumbnailUrl\":\"https:\\\/\\\/medicinasinc.com\\\/no\\\/wp-content\\\/uploads\\\/sites\\\/14\\\/2022\\\/02\\\/Buy-Ultram-Tramadol-200mg.jpg\",\"datePublished\":\"2022-02-21T20:57:56+00:00\",\"dateModified\":\"2022-03-22T00:56:15+00:00\",\"description\":\"Kj\u00f8p Tramadol Ultram 200 mg\u00a0p\u00e5 nettet. Bestill Tramadol Overnight Cod. Detaljer:\u00a0Billig Tramadol\u00a0Nettlevering over natten\",\"breadcrumb\":{\"@id\":\"https:\\\/\\\/medicinasinc.com\\\/no\\\/product\\\/kjop-ultram-tramadol-200-mg\\\/#breadcrumb\"},\"inLanguage\":\"nn-NO\",\"potentialAction\":[{\"@type\":\"ReadAction\",\"target\":[\"https:\\\/\\\/medicinasinc.com\\\/no\\\/product\\\/kjop-ultram-tramadol-200-mg\\\/\"]}]},{\"@type\":\"ImageObject\",\"inLanguage\":\"nn-NO\",\"@id\":\"https:\\\/\\\/medicinasinc.com\\\/no\\\/product\\\/kjop-ultram-tramadol-200-mg\\\/#primaryimage\",\"url\":\"https:\\\/\\\/medicinasinc.com\\\/no\\\/wp-content\\\/uploads\\\/sites\\\/14\\\/2022\\\/02\\\/Buy-Ultram-Tramadol-200mg.jpg\",\"contentUrl\":\"https:\\\/\\\/medicinasinc.com\\\/no\\\/wp-content\\\/uploads\\\/sites\\\/14\\\/2022\\\/02\\\/Buy-Ultram-Tramadol-200mg.jpg\",\"width\":300,\"height\":225},{\"@type\":\"BreadcrumbList\",\"@id\":\"https:\\\/\\\/medicinasinc.com\\\/no\\\/product\\\/kjop-ultram-tramadol-200-mg\\\/#breadcrumb\",\"itemListElement\":[{\"@type\":\"ListItem\",\"position\":1,\"name\":\"Butikk\",\"item\":\"https:\\\/\\\/medicinasinc.com\\\/no\\\/butikk\\\/\"},{\"@type\":\"ListItem\",\"position\":2,\"name\":\"Kj\u00f8p Ultram Tramadol 200 mg\"}]},{\"@type\":\"WebSite\",\"@id\":\"https:\\\/\\\/medicinasinc.com\\\/no\\\/#website\",\"url\":\"https:\\\/\\\/medicinasinc.com\\\/no\\\/\",\"name\":\"Medicinas Inc\",\"description\":\"Helsemedisinsk klinikk\",\"potentialAction\":[{\"@type\":\"SearchAction\",\"target\":{\"@type\":\"EntryPoint\",\"urlTemplate\":\"https:\\\/\\\/medicinasinc.com\\\/no\\\/?s={search_term_string}\"},\"query-input\":{\"@type\":\"PropertyValueSpecification\",\"valueRequired\":true,\"valueName\":\"search_term_string\"}}],\"inLanguage\":\"nn-NO\"}]}<\/script>\n<!-- \/ Yoast SEO plugin. -->","yoast_head_json":{"title":"Kj\u00f8p Ultram Tramadol 200 mg piller p\u00e5 nett - Beste globale medisiner","description":"Kj\u00f8p Tramadol Ultram 200 mg\u00a0p\u00e5 nettet. Bestill Tramadol Overnight Cod. Detaljer:\u00a0Billig Tramadol\u00a0Nettlevering over natten","robots":{"index":"index","follow":"follow","max-snippet":"max-snippet:-1","max-image-preview":"max-image-preview:large","max-video-preview":"max-video-preview:-1"},"canonical":"https:\/\/medicinasinc.com\/no\/product\/kjop-ultram-tramadol-200-mg\/","og_locale":"nn_NO","og_type":"article","og_title":"Kj\u00f8p Ultram Tramadol 200 mg piller p\u00e5 nett - Beste globale medisiner","og_description":"Kj\u00f8p Tramadol Ultram 200 mg\u00a0p\u00e5 nettet. Bestill Tramadol Overnight Cod. Detaljer:\u00a0Billig Tramadol\u00a0Nettlevering over natten","og_url":"https:\/\/medicinasinc.com\/no\/product\/kjop-ultram-tramadol-200-mg\/","og_site_name":"Medicinas Inc","article_modified_time":"2022-03-22T00:56:15+00:00","og_image":[{"width":300,"height":225,"url":"https:\/\/medicinasinc.com\/no\/wp-content\/uploads\/sites\/14\/2022\/02\/Buy-Ultram-Tramadol-200mg.jpg","type":"image\/jpeg"}],"twitter_card":"summary_large_image","twitter_misc":{"Est. reading time":"2 minutt"},"schema":{"@context":"https:\/\/schema.org","@graph":[{"@type":"WebPage","@id":"https:\/\/medicinasinc.com\/no\/product\/kjop-ultram-tramadol-200-mg\/","url":"https:\/\/medicinasinc.com\/no\/product\/kjop-ultram-tramadol-200-mg\/","name":"Kj\u00f8p Ultram Tramadol 200 mg piller p\u00e5 nett - Beste globale medisiner","isPartOf":{"@id":"https:\/\/medicinasinc.com\/no\/#website"},"primaryImageOfPage":{"@id":"https:\/\/medicinasinc.com\/no\/product\/kjop-ultram-tramadol-200-mg\/#primaryimage"},"image":{"@id":"https:\/\/medicinasinc.com\/no\/product\/kjop-ultram-tramadol-200-mg\/#primaryimage"},"thumbnailUrl":"https:\/\/medicinasinc.com\/no\/wp-content\/uploads\/sites\/14\/2022\/02\/Buy-Ultram-Tramadol-200mg.jpg","datePublished":"2022-02-21T20:57:56+00:00","dateModified":"2022-03-22T00:56:15+00:00","description":"Kj\u00f8p Tramadol Ultram 200 mg\u00a0p\u00e5 nettet. Bestill Tramadol Overnight Cod. Detaljer:\u00a0Billig Tramadol\u00a0Nettlevering over natten","breadcrumb":{"@id":"https:\/\/medicinasinc.com\/no\/product\/kjop-ultram-tramadol-200-mg\/#breadcrumb"},"inLanguage":"nn-NO","potentialAction":[{"@type":"ReadAction","target":["https:\/\/medicinasinc.com\/no\/product\/kjop-ultram-tramadol-200-mg\/"]}]},{"@type":"ImageObject","inLanguage":"nn-NO","@id":"https:\/\/medicinasinc.com\/no\/product\/kjop-ultram-tramadol-200-mg\/#primaryimage","url":"https:\/\/medicinasinc.com\/no\/wp-content\/uploads\/sites\/14\/2022\/02\/Buy-Ultram-Tramadol-200mg.jpg","contentUrl":"https:\/\/medicinasinc.com\/no\/wp-content\/uploads\/sites\/14\/2022\/02\/Buy-Ultram-Tramadol-200mg.jpg","width":300,"height":225},{"@type":"BreadcrumbList","@id":"https:\/\/medicinasinc.com\/no\/product\/kjop-ultram-tramadol-200-mg\/#breadcrumb","itemListElement":[{"@type":"ListItem","position":1,"name":"Butikk","item":"https:\/\/medicinasinc.com\/no\/butikk\/"},{"@type":"ListItem","position":2,"name":"Kj\u00f8p Ultram Tramadol 200 mg"}]},{"@type":"WebSite","@id":"https:\/\/medicinasinc.com\/no\/#website","url":"https:\/\/medicinasinc.com\/no\/","name":"Medicinas Inc","description":"Helsemedisinsk klinikk","potentialAction":[{"@type":"SearchAction","target":{"@type":"EntryPoint","urlTemplate":"https:\/\/medicinasinc.com\/no\/?s={search_term_string}"},"query-input":{"@type":"PropertyValueSpecification","valueRequired":true,"valueName":"search_term_string"}}],"inLanguage":"nn-NO"}]}},"_links":{"self":[{"href":"https:\/\/medicinasinc.com\/no\/wp-json\/wp\/v2\/product\/5323","targetHints":{"allow":["GET"]}}],"collection":[{"href":"https:\/\/medicinasinc.com\/no\/wp-json\/wp\/v2\/product"}],"about":[{"href":"https:\/\/medicinasinc.com\/no\/wp-json\/wp\/v2\/types\/product"}],"replies":[{"embeddable":true,"href":"https:\/\/medicinasinc.com\/no\/wp-json\/wp\/v2\/comments?post=5323"}],"wp:featuredmedia":[{"embeddable":true,"href":"https:\/\/medicinasinc.com\/no\/wp-json\/wp\/v2\/media\/5333"}],"wp:attachment":[{"href":"https:\/\/medicinasinc.com\/no\/wp-json\/wp\/v2\/media?parent=5323"}],"wp:term":[{"taxonomy":"product_brand","embeddable":true,"href":"https:\/\/medicinasinc.com\/no\/wp-json\/wp\/v2\/product_brand?post=5323"},{"taxonomy":"product_cat","embeddable":true,"href":"https:\/\/medicinasinc.com\/no\/wp-json\/wp\/v2\/product_cat?post=5323"},{"taxonomy":"product_tag","embeddable":true,"href":"https:\/\/medicinasinc.com\/no\/wp-json\/wp\/v2\/product_tag?post=5323"}],"curies":[{"name":"wp","href":"https:\/\/api.w.org\/{rel}","templated":true}]}}