{"id":5322,"date":"2022-02-21T20:57:13","date_gmt":"2022-02-21T20:57:13","guid":{"rendered":"https:\/\/medicinasinc.com\/no\/?post_type=product&#038;p=5322"},"modified":"2022-03-22T00:56:28","modified_gmt":"2022-03-22T00:56:28","slug":"tramadol-100mg","status":"publish","type":"product","link":"https:\/\/medicinasinc.com\/no\/product\/tramadol-100mg\/","title":{"rendered":"Tramadol 100mg"},"content":{"rendered":"<p>Tramadol 100mg for alvorlig smerte<\/p>\n<p>Enkelte skader krever \u00e5revis \u00e5 leges, og i l\u00f8pet av denne tiden m\u00e5 offeret t\u00e5le ubehag. Smerten forbundet med skaden kan variere fra mild til alvorlig, avhengig av dybden og st\u00f8rrelsen p\u00e5 s\u00e5ret. Imidlertid kan skytesmerter av og til forstyrre individets vanlige rutine. I slike tilfeller vil folk m\u00e5tte finne ut et middel for \u00e5 overleve. De kan oppn\u00e5 den tiltenkte overlevelsen ved \u00e5 lindre en del av smerten. De kan kj\u00f8pe tramadol 100mg online fra en rekke kilder for \u00e5 f\u00e5 umiddelbar smertelindring.<\/p>\n<p>Tramadol 100mg er effektivt<\/p>\n<p>Kj\u00f8p Tramadol 100mg p\u00e5 nettet for \u00e5 hjelpe til med \u00e5 lindre smerte og la dem fortsette med deres rutine. Imidlertid virker tramadol annerledes enn de andre medisinene. Tablettens prim\u00e6re funksjon er \u00e5 lindre smerte, ikke \u00e5 helbrede skaden. Tablettene har effekt p\u00e5 hjernens smertenerver. Det bed\u00f8ver venene, og hindrer dem i \u00e5 oppleve smerte. Som et resultat vil nummenhet hjelpe dem til \u00e5 overleve dagen uten \u00e5 forstyrre deres vanlige rutiner.<\/p>\n<p>Alvorlige bivirkninger<\/p>\n<p>Smertebed\u00f8velse oppst\u00e5r i hjernen, og tablettene endrer m\u00e5ten hjernen fungerer, noe som resulterer i en rekke vanskeligheter. Alvorlige bivirkninger inkluderer nummenhet i hjernen, forbig\u00e5ende hukommelsestap og andre lidelser av denne art. Svimmelhet og andre vanskeligheter vil v\u00e6re en vanlig foreteelse. Som et resultat m\u00e5 den enkeltes dose av tablettene justeres for \u00e5 unng\u00e5 alvorlige bivirkninger.<\/p>\n<p>Den anbefalte daglige dosen av tabletten er mellom 50 og 300 mg, og den skal kun brukes en gang om dagen. Du kan f\u00e5 tramadol p\u00e5 nettet fra en rekke nettsteder, men inntak b\u00f8r v\u00e6re basert p\u00e5 en leges anbefaling. Legens r\u00e5d vil v\u00e6re avgj\u00f8rende for \u00e5 forhindre uheldige konsekvenser.<\/p>\n","protected":false},"excerpt":{"rendered":"<div class=\"woocommerce-product-details__short-description\">\n<p>Tramadol SR 100 mg piller kan kj\u00f8pes online. Kj\u00f8p Tramadol Online Tramal SR 100mg uten resept til en pris som er 80 % lavere enn hva du betaler p\u00e5 et amerikansk apotek.<\/p>\n<\/p><\/div>\n","protected":false},"featured_media":5331,"comment_status":"open","ping_status":"closed","template":"","meta":[],"product_brand":[],"product_cat":[1117],"product_tag":[],"class_list":{"0":"post-5322","1":"product","2":"type-product","3":"status-publish","4":"has-post-thumbnail","6":"product_cat-kjop-smerte-sove-sexpiller","8":"first","9":"instock","10":"shipping-taxable","11":"purchasable","12":"product-type-variable","13":"has-default-attributes"},"yoast_head":"<!-- This site is optimized with the Yoast SEO plugin v27.3 - https:\/\/yoast.com\/product\/yoast-seo-wordpress\/ -->\n<title>Kj\u00f8p Tramal SR 100mg piller online - Beste beste globale medisiner<\/title>\n<meta name=\"description\" content=\"Kj\u00f8p Tramal SR 100mg piller online. Kj\u00f8p Tramadol Online Tramal SR 100mg uten resept til 80 % lavere pris enn amerikanske apotek.\" \/>\n<meta name=\"robots\" content=\"index, follow, max-snippet:-1, max-image-preview:large, max-video-preview:-1\" \/>\n<link rel=\"canonical\" href=\"https:\/\/medicinasinc.com\/no\/product\/tramadol-100mg\/\" \/>\n<meta property=\"og:locale\" content=\"nn_NO\" \/>\n<meta property=\"og:type\" content=\"article\" \/>\n<meta property=\"og:title\" content=\"Kj\u00f8p Tramal SR 100mg piller online - Beste beste globale medisiner\" \/>\n<meta property=\"og:description\" content=\"Kj\u00f8p Tramal SR 100mg piller online. Kj\u00f8p Tramadol Online Tramal SR 100mg uten resept til 80 % lavere pris enn amerikanske apotek.\" \/>\n<meta property=\"og:url\" content=\"https:\/\/medicinasinc.com\/no\/product\/tramadol-100mg\/\" \/>\n<meta property=\"og:site_name\" content=\"Medicinas Inc\" \/>\n<meta property=\"article:modified_time\" content=\"2022-03-22T00:56:28+00:00\" \/>\n<meta property=\"og:image\" content=\"https:\/\/medicinasinc.com\/no\/wp-content\/uploads\/sites\/14\/2022\/02\/Tramadol-100mg-1.jpg\" \/>\n\t<meta property=\"og:image:width\" content=\"600\" \/>\n\t<meta property=\"og:image:height\" content=\"358\" \/>\n\t<meta property=\"og:image:type\" content=\"image\/jpeg\" \/>\n<meta name=\"twitter:card\" content=\"summary_large_image\" \/>\n<meta name=\"twitter:label1\" content=\"Est. reading time\" \/>\n\t<meta name=\"twitter:data1\" content=\"2 minutt\" \/>\n<script type=\"application\/ld+json\" class=\"yoast-schema-graph\">{\"@context\":\"https:\\\/\\\/schema.org\",\"@graph\":[{\"@type\":\"WebPage\",\"@id\":\"https:\\\/\\\/medicinasinc.com\\\/no\\\/product\\\/tramadol-100mg\\\/\",\"url\":\"https:\\\/\\\/medicinasinc.com\\\/no\\\/product\\\/tramadol-100mg\\\/\",\"name\":\"Kj\u00f8p Tramal SR 100mg piller online - Beste beste globale medisiner\",\"isPartOf\":{\"@id\":\"https:\\\/\\\/medicinasinc.com\\\/no\\\/#website\"},\"primaryImageOfPage\":{\"@id\":\"https:\\\/\\\/medicinasinc.com\\\/no\\\/product\\\/tramadol-100mg\\\/#primaryimage\"},\"image\":{\"@id\":\"https:\\\/\\\/medicinasinc.com\\\/no\\\/product\\\/tramadol-100mg\\\/#primaryimage\"},\"thumbnailUrl\":\"https:\\\/\\\/medicinasinc.com\\\/no\\\/wp-content\\\/uploads\\\/sites\\\/14\\\/2022\\\/02\\\/Tramadol-100mg-1.jpg\",\"datePublished\":\"2022-02-21T20:57:13+00:00\",\"dateModified\":\"2022-03-22T00:56:28+00:00\",\"description\":\"Kj\u00f8p Tramal SR 100mg piller online. Kj\u00f8p Tramadol Online Tramal SR 100mg uten resept til 80 % lavere pris enn amerikanske apotek.\",\"breadcrumb\":{\"@id\":\"https:\\\/\\\/medicinasinc.com\\\/no\\\/product\\\/tramadol-100mg\\\/#breadcrumb\"},\"inLanguage\":\"nn-NO\",\"potentialAction\":[{\"@type\":\"ReadAction\",\"target\":[\"https:\\\/\\\/medicinasinc.com\\\/no\\\/product\\\/tramadol-100mg\\\/\"]}]},{\"@type\":\"ImageObject\",\"inLanguage\":\"nn-NO\",\"@id\":\"https:\\\/\\\/medicinasinc.com\\\/no\\\/product\\\/tramadol-100mg\\\/#primaryimage\",\"url\":\"https:\\\/\\\/medicinasinc.com\\\/no\\\/wp-content\\\/uploads\\\/sites\\\/14\\\/2022\\\/02\\\/Tramadol-100mg-1.jpg\",\"contentUrl\":\"https:\\\/\\\/medicinasinc.com\\\/no\\\/wp-content\\\/uploads\\\/sites\\\/14\\\/2022\\\/02\\\/Tramadol-100mg-1.jpg\",\"width\":600,\"height\":358},{\"@type\":\"BreadcrumbList\",\"@id\":\"https:\\\/\\\/medicinasinc.com\\\/no\\\/product\\\/tramadol-100mg\\\/#breadcrumb\",\"itemListElement\":[{\"@type\":\"ListItem\",\"position\":1,\"name\":\"Butikk\",\"item\":\"https:\\\/\\\/medicinasinc.com\\\/no\\\/butikk\\\/\"},{\"@type\":\"ListItem\",\"position\":2,\"name\":\"Tramadol 100mg\"}]},{\"@type\":\"WebSite\",\"@id\":\"https:\\\/\\\/medicinasinc.com\\\/no\\\/#website\",\"url\":\"https:\\\/\\\/medicinasinc.com\\\/no\\\/\",\"name\":\"Medicinas Inc\",\"description\":\"Helsemedisinsk klinikk\",\"potentialAction\":[{\"@type\":\"SearchAction\",\"target\":{\"@type\":\"EntryPoint\",\"urlTemplate\":\"https:\\\/\\\/medicinasinc.com\\\/no\\\/?s={search_term_string}\"},\"query-input\":{\"@type\":\"PropertyValueSpecification\",\"valueRequired\":true,\"valueName\":\"search_term_string\"}}],\"inLanguage\":\"nn-NO\"}]}<\/script>\n<!-- \/ Yoast SEO plugin. -->","yoast_head_json":{"title":"Kj\u00f8p Tramal SR 100mg piller online - Beste beste globale medisiner","description":"Kj\u00f8p Tramal SR 100mg piller online. Kj\u00f8p Tramadol Online Tramal SR 100mg uten resept til 80 % lavere pris enn amerikanske apotek.","robots":{"index":"index","follow":"follow","max-snippet":"max-snippet:-1","max-image-preview":"max-image-preview:large","max-video-preview":"max-video-preview:-1"},"canonical":"https:\/\/medicinasinc.com\/no\/product\/tramadol-100mg\/","og_locale":"nn_NO","og_type":"article","og_title":"Kj\u00f8p Tramal SR 100mg piller online - Beste beste globale medisiner","og_description":"Kj\u00f8p Tramal SR 100mg piller online. Kj\u00f8p Tramadol Online Tramal SR 100mg uten resept til 80 % lavere pris enn amerikanske apotek.","og_url":"https:\/\/medicinasinc.com\/no\/product\/tramadol-100mg\/","og_site_name":"Medicinas Inc","article_modified_time":"2022-03-22T00:56:28+00:00","og_image":[{"width":600,"height":358,"url":"https:\/\/medicinasinc.com\/no\/wp-content\/uploads\/sites\/14\/2022\/02\/Tramadol-100mg-1.jpg","type":"image\/jpeg"}],"twitter_card":"summary_large_image","twitter_misc":{"Est. reading time":"2 minutt"},"schema":{"@context":"https:\/\/schema.org","@graph":[{"@type":"WebPage","@id":"https:\/\/medicinasinc.com\/no\/product\/tramadol-100mg\/","url":"https:\/\/medicinasinc.com\/no\/product\/tramadol-100mg\/","name":"Kj\u00f8p Tramal SR 100mg piller online - Beste beste globale medisiner","isPartOf":{"@id":"https:\/\/medicinasinc.com\/no\/#website"},"primaryImageOfPage":{"@id":"https:\/\/medicinasinc.com\/no\/product\/tramadol-100mg\/#primaryimage"},"image":{"@id":"https:\/\/medicinasinc.com\/no\/product\/tramadol-100mg\/#primaryimage"},"thumbnailUrl":"https:\/\/medicinasinc.com\/no\/wp-content\/uploads\/sites\/14\/2022\/02\/Tramadol-100mg-1.jpg","datePublished":"2022-02-21T20:57:13+00:00","dateModified":"2022-03-22T00:56:28+00:00","description":"Kj\u00f8p Tramal SR 100mg piller online. Kj\u00f8p Tramadol Online Tramal SR 100mg uten resept til 80 % lavere pris enn amerikanske apotek.","breadcrumb":{"@id":"https:\/\/medicinasinc.com\/no\/product\/tramadol-100mg\/#breadcrumb"},"inLanguage":"nn-NO","potentialAction":[{"@type":"ReadAction","target":["https:\/\/medicinasinc.com\/no\/product\/tramadol-100mg\/"]}]},{"@type":"ImageObject","inLanguage":"nn-NO","@id":"https:\/\/medicinasinc.com\/no\/product\/tramadol-100mg\/#primaryimage","url":"https:\/\/medicinasinc.com\/no\/wp-content\/uploads\/sites\/14\/2022\/02\/Tramadol-100mg-1.jpg","contentUrl":"https:\/\/medicinasinc.com\/no\/wp-content\/uploads\/sites\/14\/2022\/02\/Tramadol-100mg-1.jpg","width":600,"height":358},{"@type":"BreadcrumbList","@id":"https:\/\/medicinasinc.com\/no\/product\/tramadol-100mg\/#breadcrumb","itemListElement":[{"@type":"ListItem","position":1,"name":"Butikk","item":"https:\/\/medicinasinc.com\/no\/butikk\/"},{"@type":"ListItem","position":2,"name":"Tramadol 100mg"}]},{"@type":"WebSite","@id":"https:\/\/medicinasinc.com\/no\/#website","url":"https:\/\/medicinasinc.com\/no\/","name":"Medicinas Inc","description":"Helsemedisinsk klinikk","potentialAction":[{"@type":"SearchAction","target":{"@type":"EntryPoint","urlTemplate":"https:\/\/medicinasinc.com\/no\/?s={search_term_string}"},"query-input":{"@type":"PropertyValueSpecification","valueRequired":true,"valueName":"search_term_string"}}],"inLanguage":"nn-NO"}]}},"_links":{"self":[{"href":"https:\/\/medicinasinc.com\/no\/wp-json\/wp\/v2\/product\/5322","targetHints":{"allow":["GET"]}}],"collection":[{"href":"https:\/\/medicinasinc.com\/no\/wp-json\/wp\/v2\/product"}],"about":[{"href":"https:\/\/medicinasinc.com\/no\/wp-json\/wp\/v2\/types\/product"}],"replies":[{"embeddable":true,"href":"https:\/\/medicinasinc.com\/no\/wp-json\/wp\/v2\/comments?post=5322"}],"wp:featuredmedia":[{"embeddable":true,"href":"https:\/\/medicinasinc.com\/no\/wp-json\/wp\/v2\/media\/5331"}],"wp:attachment":[{"href":"https:\/\/medicinasinc.com\/no\/wp-json\/wp\/v2\/media?parent=5322"}],"wp:term":[{"taxonomy":"product_brand","embeddable":true,"href":"https:\/\/medicinasinc.com\/no\/wp-json\/wp\/v2\/product_brand?post=5322"},{"taxonomy":"product_cat","embeddable":true,"href":"https:\/\/medicinasinc.com\/no\/wp-json\/wp\/v2\/product_cat?post=5322"},{"taxonomy":"product_tag","embeddable":true,"href":"https:\/\/medicinasinc.com\/no\/wp-json\/wp\/v2\/product_tag?post=5322"}],"curies":[{"name":"wp","href":"https:\/\/api.w.org\/{rel}","templated":true}]}}