{"id":5310,"date":"2022-02-21T18:38:01","date_gmt":"2022-02-21T18:38:01","guid":{"rendered":"https:\/\/medicinasinc.com\/no\/?post_type=product&#038;p=5310"},"modified":"2022-03-22T00:56:39","modified_gmt":"2022-03-22T00:56:39","slug":"kjop-roksikodon-30-mg","status":"publish","type":"product","link":"https:\/\/medicinasinc.com\/no\/product\/kjop-roksikodon-30-mg\/","title":{"rendered":"Kj\u00f8p Roksikodon 30 mg"},"content":{"rendered":"<p>Kj\u00f8p p\u00e5 nett av Roxicodone 30 mg piller<\/p>\n<p>ROXICODONE (oksykodon HCl) tabletter er beregnet for behandling av moderate til sterke smerter som krever et opioidanalgetikum og som ikke-opioide alternativer er ineffektive.<\/p>\n<p>Bruksbegrensninger<\/p>\n<p>P\u00e5 grunn av farene ved opioidavhengighet, misbruk og misbruk, selv ved godkjente doser, reserver ROXICODONE for pasienter som ikke reagerer p\u00e5 alternative behandlingsvalg (f.eks. ikke-opioide analgetika eller opioidkombinasjonsprodukter):<\/p>\n<p>Har ikke blitt tolerert og vil neppe bli tillatt<br \/> Har unnlatt \u00e5 administrere passende analgesi eller sannsynligvis ikke gi tilstrekkelig analgesi<\/p>\n<p>Dette materialet er kun ment for helsepersonell i USA.<br \/> Fullstendig reseptinformasjon for USA, inkludert en advarsel i boks.<\/p>\n<p>Veiledning til medisinering<\/p>\n<div class=\"product -next-previous\">\n<div class=\"product-prev\">\n<div class=\"contraindica\">\n<div class=\"contraindica tion\">\n<div class=\"kontraindikasjon\">\n<div class=\"kontraindikasjon\">\n<div class=\"kontraindikasjon\">\n<div class=\"kontraindikasjon\">\n<div class=\"kontraindikasjon\">\n<h2><b>VIKTIG SIKKERHETSINFORMASJON<\/b><\/h2>\n<div class=\"scroll-wrapper scrolling-table scrollbar-chrome\">\n<div class=\"scrolling-table scrollbar-chrome scroll-content\">\n<table border=\"1\">\n<tbody>\n<tr>\n<td valign=\"top\" width=\"623\">\n<ul>\n<li>ADVARSEL: AVHENGIGHET, MISBRUK OG MISBRUK; STRATEGI FOR RISIKEVURDERING OG BEGRENSNING (REMS); LIVSTRUENDE \u00c5NDEDRETTSDEPRESSJON; UTILSIKTET SVELGING; NEONATALT OPIOID-ABTTREKKINGSSYNDROM; INTERAKSJON MED CYTOCHROM P450 3A4; og RISIKO VED SAMTIDIG BRUK MED stoffmisbruk, misbruk og misbruk\n<p>ROXICODONE utsetter pasienter og andre brukere for farene ved opioidavhengighet, misbruk og misbruk, som alle kan resultere i d\u00f8dsfall p\u00e5 grunn av overdose. F\u00f8r du gir ROXICODONE, m\u00e5 du vurdere hver pasients risiko og overv\u00e5ke alle pasienter med jevne mellomrom for utvikling av visse atferd og tilstander.<\/p>\n<p>Risikovurdering og reduksjonsstrategi for opioidanalgetika (REMS)<\/p>\n<p>The Food and Drug Administration (FDA) krever en REMS for opioidanalgetika for \u00e5 bekrefte at fordelene oppveier farene ved avhengighet, misbruk og misbruk. Farmas\u00f8ytiske selskaper som har godkjente opioidanalgetika, er p\u00e5lagt \u00e5 gj\u00f8re REMS-kompatible utdanningsprogrammer tilgjengelig for helsepersonell. Helsepersonell oppfordres sterkt til \u00e5: \u2022 fullf\u00f8re et REMS-kompatibelt utdanningsprogram; \u2022 gi r\u00e5d til pasienter og\/eller omsorgspersoner om sikker bruk, alvorlige risikoer, oppbevaring og avhending av disse produktene med hver resept; \u2022 understreke overfor pasienter og omsorgspersoner viktigheten av \u00e5 lese medisinveiledningen hver gang den leveres av farmas\u00f8yten deres; og \u2022 vurdere ytterligere verkt\u00f8y for \u00e5 forbedre pasient-, husholdnings- og lokalsamfunnets sikkerhet.<\/p>\n<p>Livstruende respirasjonsdepresjon<\/p>\n<p>ROXICODONE kan for\u00e5rsake alvorlig, livstruende eller d\u00f8delig respirasjonsdepresjon. Hold \u00f8ye med respirasjonsdepresjon, spesielt n\u00e5r du starter ROXICODONE eller \u00f8ker dosen.<\/p>\n<p>Forbruk ved et uhell<\/p>\n<p>Utilsiktet ROXICODONE-inntak, spesielt av ungdom, kan f\u00f8re til en d\u00f8delig ROXICODONE-overdose. <\/p>\n<p>Syndrom ved neonatal opioidabstinens<\/p>\n<p>Langvarig bruk av ROXICODONE under graviditet kan resultere i nyf\u00f8dt opioidabstinenssyndrom, som kan v\u00e6re d\u00f8delig hvis det ikke diagnostiseres og behandles umiddelbart, og trenger behandling i henhold til neonatologi -spesifikke prosedyrer. Hvis langvarig bruk av opioid er n\u00f8dvendig hos en gravid kvinne, informer henne om faren for neonatalt opioidabstinenssyndrom og s\u00f8rg for at riktig behandling er tilgjengelig.<\/p>\n<p>Interaksjon med Cytochrome P450 3A4<\/p>\n<p>Samtidig bruk av ROXICODONE og alle cytokrom P450 3A4-hemmere kan resultere i en \u00f8kning i plasma-oksykodonkonsentrasjoner, noe som kan forverre eller forlenge ubehagelige responser og kan resultere i potensielt d\u00f8delig respirasjonsdepresjon. I tillegg kan det \u00e5 stoppe en samtidig brukt cytokrom P450 3A4-induktor f\u00f8re til en \u00f8kning i plasmaniv\u00e5ene av oksykodon. Pasienter som f\u00e5r ROXICODONE og en hvilken som helst CYP3A4-hemmer eller induser b\u00f8r overv\u00e5kes n\u00f8ye.<\/p>\n<p>Konsekvenser av samtidig bruk med benzodiazepiner eller andre sentralnervesystemdepressiva<\/p>\n<p>Samtidig bruk av opioider med benzodiazepiner eller andre CNS-depressiva. , som alkohol, kan f\u00f8re til ekstrem d\u00f8sighet, respirasjonsdepresjon, koma eller d\u00f8d.<\/p>\n<p>Samtidig administrering av ROXICODONE med benzodiazepiner eller andre CNS-depressiva b\u00f8r forbeholdes personer som ikke reagerer p\u00e5 alternative terapeutiske alternativer. <br \/> Hold doser og varighet p\u00e5 et minimum.<br \/> Hold \u00f8ye med tegn og symptomer p\u00e5 respirasjonsdepresjon og sedasjon hos pasienter.<\/li>\n<\/ul>\n<\/td>\n<\/tr>\n<\/li>\n<p> tbody&gt; <\/table>\n<\/p><\/div><\/div>\n<p>&nbsp;<\/p>\n<h2>KONTRAINDIKASJONER<\/h2>\n<p>ROXICODONE er kontraindisert hos pasienter med:<\/p>\n<ul>\n<li>Betydende respirasjonsdepresjon<\/li>\n<li>Akutt eller alvorlig bronkial astma i en uoverv\u00e5ket setting eller i frav\u00e6r av gjenopplivning utstyr<\/li>\n<li>Kjent eller mistenkt gastrointestinal obstruksjon, inkludert paralytisk ileus<\/li>\n<li>Kjent overf\u00f8lsomhet for oksykodon<\/li>\n<\/ul>\n<h2>\u00a0ADVARSLER OG FORHOLDSREGLER<\/h2>\n<ul>\n<li>ROXICODONE inneholder oksykodon, et Schedule II-kontrollert stoff. Som et opioid utsetter ROXICODONE brukere for risikoen for avhengighet, misbruk og misbruk.<\/li>\n<li>Vurder hver pasients risiko for opioidavhengighet, misbruk eller misbruk f\u00f8r ROXICODONE forskrives, og overv\u00e5k alle pasienter som f\u00e5r ROXICODONE for utvikling av disse atferdene og tilstandene.<\/li>\n<li>For \u00e5 sikre at fordelene med opioidanalgetika oppveier risikoen for avhengighet, misbruk og misbruk, har Food and Drug Administration (FDA) krevd en risikoevaluering og risikoreduksjonsstrategi ( REMS) for disse produktene. I henhold til kravene i REMS m\u00e5 legemiddelfirmaer med godkjente opioidanalgetika gj\u00f8re REMS-kompatible utdanningsprogrammer tilgjengelig for helsepersonell.<\/li>\n<li>Alvorlig, livstruende eller d\u00f8delig respirasjonsdepresjon har blitt rapportert ved bruk av opioider, selv n\u00e5r de brukes som anbefalt. Pasienter med kronisk lungesykdom, eldre, kakektiske eller svekkede pasienter kan ha \u00f8kt risiko. Overv\u00e5k n\u00f8ye, spesielt under oppstart og titrering.<\/li>\n<li>Opioider kan for\u00e5rsake s\u00f8vnrelaterte pusteforstyrrelser, inkludert sentral s\u00f8vnapn\u00e9 (CSA) og s\u00f8vnrelatert hypoksemi. Opioidbruk \u00f8ker risikoen for CSA p\u00e5 en doseavhengig m\u00e5te.<\/li>\n<li>Utilsiktet inntak av selv \u00e9n dose ROXICODONE, spesielt av barn, kan f\u00f8re til respirasjonsdepresjon og d\u00f8d p\u00e5 grunn av en overdose av ROXICODONE. Instruer pasienter om \u00e5 ta skritt for \u00e5 oppbevare ROXICODONE sikkert. Utl\u00f8pt, u\u00f8nsket eller ubrukt ROXICODONE b\u00f8r kastes ved \u00e5 skylle den ubrukte medisinen ned i toalettet hvis et alternativ for retur av medikamenter ikke er lett tilgjengelig.<\/li>\n<li>Neonatalt opioidabstinenssyndrom (NOWS) kan oppst\u00e5 etter langvarig bruk av opioider under graviditet. Observer nyf\u00f8dte for tegn p\u00e5 NOW og administrer deretter; NOWS kan v\u00e6re livstruende hvis den ikke gjenkjennes og behandles hos nyf\u00f8dte.<\/li>\n<li>Ved bruk av CYP3A4-hemmere eller seponering av CYP3A4-induktorer hos ROXICODONE-behandlede pasienter, overv\u00e5k pasienter n\u00f8ye med hyppige intervaller og vurder dosereduksjon av ROXICODONE inntil stabilt legemiddel effekter oppn\u00e5s. Ved bruk av ROXICODONE med CYP3A4-induktorer eller ved seponering av CYP3A4-hemmere, overv\u00e5k pasienter n\u00f8ye med hyppige intervaller og vurder \u00e5 \u00f8ke opioiddosen hvis n\u00f8dvendig for \u00e5 opprettholde adekvat analgesi eller hvis det oppst\u00e5r symptomer p\u00e5 opioidabstinens.<\/li>\n<li>Dyg sedasjon, respirasjonsdepresjon, koma, og d\u00f8d kan v\u00e6re et resultat av samtidig bruk av ROXICODONE og benzodiazepiner eller andre CNS-depressiva (inkludert alkohol og ulovlige stoffer).<\/li>\n<li>Tilfeller av binyrebarksvikt har blitt rapportert med opioidbruk, oftere etter mer enn \u00e9n gang m\u00e5neds bruk. Hvis binyrebarksvikt blir diagnostisert, behandle med fysiologisk erstatning av kortikosteroider og avvenne pasienten av opioidet til binyrefunksjonen kommer seg tilbake.<\/li>\n<li><strong>ROXICODONE<\/strong>\u00a0kan for\u00e5rsake alvorlig hypotensjon inkludert ortostatisk hypotensjon og synkope hos ambulerende pasienter. Overv\u00e5k under oppstart og\/eller titrering av ROXICODONE. Unng\u00e5 bruk hos pasienter med sirkulasjonssjokk.<\/li>\n<li>Bruk hos pasienter med \u00f8kt intrakranielt trykk, hjernesvulster, hodeskade eller nedsatt bevissthet kan redusere respirasjonsdriften og den resulterende CO<sub>2<\/sub>-retensjonen kan ytterligere \u00f8ke intrakranielt trykk. Bruk av\u00a0<strong>ROXICODONE<\/strong>\u00a0b\u00f8r unng\u00e5s hos pasienter med nedsatt bevissthet eller koma.<\/li>\n<li>ROXICODONE er kontraindisert hos pasienter med kjent eller mistenkt gastrointestinal obstruksjon, inkludert paralytisk ileus. Oksykodonet i ROXICODONE kan for\u00e5rsake spasmer i lukkemuskelen til Oddi.<\/li>\n<li>Oksykodonet i ROXICODONE kan \u00f8ke frekvensen av anfall hos pasienter med anfallsforstyrrelser og kan \u00f8ke risikoen for anfall i andre kliniske omgivelser assosiert med anfall. . Overv\u00e5k pasienter med anfallsforstyrrelser i anamnesen for forverret anfallskontroll.<\/li>\n<li>Ikke seponer br\u00e5tt <strong>ROXICODONE<\/strong> hos en pasient som er fysisk avhengig av opioider. Ved seponering av ROXICODONE hos en fysisk avhengig pasient, trappe ned dosen gradvis. Rask nedtrapping av oksykodon hos en pasient som er fysisk avhengig av opioider kan f\u00f8re til abstinenssyndrom og tilbakevendende smerte.<\/li>\n<li>Unng\u00e5 bruk av ROXICODONE med blandede agonister\/antagonister eller partielle agonistanalgetika p\u00e5 grunn av risikoen for utfelling av abstinenssymptomer.<\/li>\n<li>Advar pasienter mot \u00e5 kj\u00f8re bil eller bruke farlige maskiner med mindre de er tolerante for effekten av ROXICODONE og vet hvordan de vil reagere p\u00e5 medisinen.<\/li>\n<li>Opioider kan for\u00e5rsake en sjelden men potensielt livstruende tilstand som f\u00f8lge av samtidig administrering av serotonerge legemidler. Advar pasienter om symptomene p\u00e5 serotonergt syndrom og opps\u00f8k lege umiddelbart hvis symptomene utvikler seg.<\/li>\n<li>Bruk av ROXICODONE anbefales ikke for pasienter som tar MAO-hemmere eller innen 14 dager etter avsluttet slik behandling.<\/li>\n<\/ul>\n<h2>Effekter av roksikodon<\/h2>\n<p>Alvorlige bivirkninger forbundet med bruk av ROXICODONE inkluderer respirasjonsdepresjon, respirasjonsstans, sirkulasjonsdepresjon, hjertestans, hypotensjon og\/eller sjokk. De vanligste bivirkningene inkluderer kvalme, forstoppelse, oppkast, hodepine, kl\u00f8e, s\u00f8vnl\u00f8shet, svimmelhet, asteni og somnolens.<\/p>\n<p>Dette er ikke en fullstendig liste over potensielle bivirkninger forbundet med ROXICODONE. Se fullstendig reseptinformasjon for en fullstendig liste.<\/p>\n<p>&nbsp;<\/p>\n<p>&nbsp;<\/p>\n<\/p><\/div><\/div><\/div><\/div><\/div><\/div><\/div>\n<div class=\"scroll-wrapper scrolling-table scrollbar-chrome\">\n<div class=\"scrolling-table scrollbar-chrome scroll-content\">\n<table>\n<tbody>\n<tr>\n<td><strong>Beskrivelse<\/strong><\/td>\n<td>Bl\u00e5 nettbrett med sk\u00e5r<\/td>\n<\/tr>\n<tr>\n<td><strong>Generisk navn<\/strong><\/td>\n<td>Oksykodonhydrokloridtabletter USP<\/td>\n<\/tr>\n<tr>\n<td><strong>Doseringsstyrke<\/strong><\/td>\n<td>30 mg<\/td>\n<\/tr>\n<tr>\n<td><strong>Identifikasjonskode<\/strong><\/td>\n<td>Bl\u00e5 nettbrett med delestrek (identifisert 54 199) [Preget 54 199 p\u00e5 den ene siden]<\/td>\n<\/tr>\n<\/tbody>\n<\/table>\n<p><strong>roksikodon piller, kj\u00f8p roksikodon piller, liste over runde bl\u00e5 roksikodon piller, piller som ser ut som roksikodon, roksikodon piller endres, roksikodon piller 30, stopptid frigj\u00f8ring piller roksikodon, hvordan v\u00e6re en narkotikaforhandler som selger piller, piller som inneholder roksikodon, kodeinsirup piller roksikodon, hvordan mye er roksikodon 30mg piller i mexico, hva er i de falske k 9 roksikodonpillene?, 30mg roksikodon bl\u00e5 piller,roksikodon, oksykodon 5 mg, rosa pille, m 30 pille, m 30 bl\u00e5 pille, k 56 pille 14, rtoxycodone, pille, percocet 30 mg, molly priser, kan du ta, roxy 30, oxicodona, u17 pille, oksykodon dosering<\/strong><\/p>\n<\/p><\/div><\/div><\/div><\/div>\n<div>\n<div class=\"product-prev\"><\/div><\/div>\n","protected":false},"excerpt":{"rendered":"<p>Kj\u00f8p Roxicodone 30 mg tabletter i Storbritannia og Europa fra v\u00e5rt bestglobalmeds.com nettapotek med rask verdensomspennende frakt! Det beste stedet \u00e5 f\u00e5 OxyContin er akkurat her!<\/p>\n","protected":false},"featured_media":5321,"comment_status":"open","ping_status":"closed","template":"","meta":[],"product_brand":[],"product_cat":[1117],"product_tag":[1879,1880,1881,1903,1884,1885,1886,1882,1883,1887,1888,1889,1890,1670,1891,1648,1750,1892,1893,1895,1896,1897,1898,1900,1894,1899,1901,1902],"class_list":{"0":"post-5310","1":"product","2":"type-product","3":"status-publish","4":"has-post-thumbnail","6":"product_cat-kjop-smerte-sove-sexpiller","7":"product_tag-30mg-roksikodon-bl-piller","8":"product_tag-bruddtid-frigjring-piller-roksikodon","9":"product_tag-buy-roxicodone-pills","10":"product_tag-hva-er-i-de-falske-k-9-roksikodon-piller","11":"product_tag-hvor-mye-er-roksikodon-30mg-piller-i-mexico","12":"product_tag-hvordan-vre-en-narko-dealer-selger-roksikodon-piller","13":"product_tag-k-56-pill","14":"product_tag-kan-du-ta","15":"product_tag-kodein-sirup-piller-roksikodon","16":"product_tag-liste-over-runde-bl-roksikodon-piller","17":"product_tag-m-30-bl-pille","18":"product_tag-m-30-pille","19":"product_tag-molly-priser","20":"product_tag-oksykodon-5-mg","21":"product_tag-oksykodon-dosering","22":"product_tag-oxikodona","23":"product_tag-percocet-30-mg","24":"product_tag-piller-som-inneholder-roksikodon","25":"product_tag-piller-som-ligner-roksikodon","26":"product_tag-roksikodon","27":"product_tag-roksikodon-piller","28":"product_tag-roksikodon-piller-30","29":"product_tag-roksikodon-piller-bytte","30":"product_tag-roksykodon","31":"product_tag-rosa-pille","32":"product_tag-roxy-30","33":"product_tag-t-194-pille","34":"product_tag-u17-pille","36":"first","37":"instock","38":"shipping-taxable","39":"purchasable","40":"product-type-variable","41":"has-default-attributes"},"yoast_head":"<!-- This site is optimized with the Yoast SEO plugin v27.3 - https:\/\/yoast.com\/product\/yoast-seo-wordpress\/ -->\n<title>Kj\u00f8p Roxikodon 30 mg - Beste beste globale medisiner<\/title>\n<meta name=\"description\" content=\"Kj\u00f8p Roxicodone 30 mg tabletter Storbritannia, Europa i v\u00e5r bestglobalmeds.com nettbutikk med rask levering over hele verden! Den beste OxyContin for bestilling finner du her!\" \/>\n<meta name=\"robots\" content=\"index, follow, max-snippet:-1, max-image-preview:large, max-video-preview:-1\" \/>\n<link rel=\"canonical\" href=\"https:\/\/medicinasinc.com\/no\/product\/kjop-roksikodon-30-mg\/\" \/>\n<meta property=\"og:locale\" content=\"nn_NO\" \/>\n<meta property=\"og:type\" content=\"article\" \/>\n<meta property=\"og:title\" content=\"Kj\u00f8p Roxikodon 30 mg - Beste beste globale medisiner\" \/>\n<meta property=\"og:description\" content=\"Kj\u00f8p Roxicodone 30 mg tabletter Storbritannia, Europa i v\u00e5r bestglobalmeds.com nettbutikk med rask levering over hele verden! Den beste OxyContin for bestilling finner du her!\" \/>\n<meta property=\"og:url\" content=\"https:\/\/medicinasinc.com\/no\/product\/kjop-roksikodon-30-mg\/\" \/>\n<meta property=\"og:site_name\" content=\"Medicinas Inc\" \/>\n<meta property=\"article:modified_time\" content=\"2022-03-22T00:56:39+00:00\" \/>\n<meta property=\"og:image\" content=\"https:\/\/medicinasinc.com\/no\/wp-content\/uploads\/sites\/14\/2022\/02\/Roxicodone-30-mg.png\" \/>\n\t<meta property=\"og:image:width\" content=\"400\" \/>\n\t<meta property=\"og:image:height\" content=\"300\" \/>\n\t<meta property=\"og:image:type\" content=\"image\/png\" \/>\n<meta name=\"twitter:card\" content=\"summary_large_image\" \/>\n<meta name=\"twitter:label1\" content=\"Est. reading time\" \/>\n\t<meta name=\"twitter:data1\" content=\"7 minutt\" \/>\n<script type=\"application\/ld+json\" class=\"yoast-schema-graph\">{\"@context\":\"https:\\\/\\\/schema.org\",\"@graph\":[{\"@type\":\"WebPage\",\"@id\":\"https:\\\/\\\/medicinasinc.com\\\/no\\\/product\\\/kjop-roksikodon-30-mg\\\/\",\"url\":\"https:\\\/\\\/medicinasinc.com\\\/no\\\/product\\\/kjop-roksikodon-30-mg\\\/\",\"name\":\"Kj\u00f8p Roxikodon 30 mg - Beste beste globale medisiner\",\"isPartOf\":{\"@id\":\"https:\\\/\\\/medicinasinc.com\\\/no\\\/#website\"},\"primaryImageOfPage\":{\"@id\":\"https:\\\/\\\/medicinasinc.com\\\/no\\\/product\\\/kjop-roksikodon-30-mg\\\/#primaryimage\"},\"image\":{\"@id\":\"https:\\\/\\\/medicinasinc.com\\\/no\\\/product\\\/kjop-roksikodon-30-mg\\\/#primaryimage\"},\"thumbnailUrl\":\"https:\\\/\\\/medicinasinc.com\\\/no\\\/wp-content\\\/uploads\\\/sites\\\/14\\\/2022\\\/02\\\/Roxicodone-30-mg.png\",\"datePublished\":\"2022-02-21T18:38:01+00:00\",\"dateModified\":\"2022-03-22T00:56:39+00:00\",\"description\":\"Kj\u00f8p Roxicodone 30 mg tabletter Storbritannia, Europa i v\u00e5r bestglobalmeds.com nettbutikk med rask levering over hele verden! Den beste OxyContin for bestilling finner du her!\",\"breadcrumb\":{\"@id\":\"https:\\\/\\\/medicinasinc.com\\\/no\\\/product\\\/kjop-roksikodon-30-mg\\\/#breadcrumb\"},\"inLanguage\":\"nn-NO\",\"potentialAction\":[{\"@type\":\"ReadAction\",\"target\":[\"https:\\\/\\\/medicinasinc.com\\\/no\\\/product\\\/kjop-roksikodon-30-mg\\\/\"]}]},{\"@type\":\"ImageObject\",\"inLanguage\":\"nn-NO\",\"@id\":\"https:\\\/\\\/medicinasinc.com\\\/no\\\/product\\\/kjop-roksikodon-30-mg\\\/#primaryimage\",\"url\":\"https:\\\/\\\/medicinasinc.com\\\/no\\\/wp-content\\\/uploads\\\/sites\\\/14\\\/2022\\\/02\\\/Roxicodone-30-mg.png\",\"contentUrl\":\"https:\\\/\\\/medicinasinc.com\\\/no\\\/wp-content\\\/uploads\\\/sites\\\/14\\\/2022\\\/02\\\/Roxicodone-30-mg.png\",\"width\":400,\"height\":300},{\"@type\":\"BreadcrumbList\",\"@id\":\"https:\\\/\\\/medicinasinc.com\\\/no\\\/product\\\/kjop-roksikodon-30-mg\\\/#breadcrumb\",\"itemListElement\":[{\"@type\":\"ListItem\",\"position\":1,\"name\":\"Butikk\",\"item\":\"https:\\\/\\\/medicinasinc.com\\\/no\\\/butikk\\\/\"},{\"@type\":\"ListItem\",\"position\":2,\"name\":\"Kj\u00f8p Roksikodon 30 mg\"}]},{\"@type\":\"WebSite\",\"@id\":\"https:\\\/\\\/medicinasinc.com\\\/no\\\/#website\",\"url\":\"https:\\\/\\\/medicinasinc.com\\\/no\\\/\",\"name\":\"Medicinas Inc\",\"description\":\"Helsemedisinsk klinikk\",\"potentialAction\":[{\"@type\":\"SearchAction\",\"target\":{\"@type\":\"EntryPoint\",\"urlTemplate\":\"https:\\\/\\\/medicinasinc.com\\\/no\\\/?s={search_term_string}\"},\"query-input\":{\"@type\":\"PropertyValueSpecification\",\"valueRequired\":true,\"valueName\":\"search_term_string\"}}],\"inLanguage\":\"nn-NO\"}]}<\/script>\n<!-- \/ Yoast SEO plugin. -->","yoast_head_json":{"title":"Kj\u00f8p Roxikodon 30 mg - Beste beste globale medisiner","description":"Kj\u00f8p Roxicodone 30 mg tabletter Storbritannia, Europa i v\u00e5r bestglobalmeds.com nettbutikk med rask levering over hele verden! Den beste OxyContin for bestilling finner du her!","robots":{"index":"index","follow":"follow","max-snippet":"max-snippet:-1","max-image-preview":"max-image-preview:large","max-video-preview":"max-video-preview:-1"},"canonical":"https:\/\/medicinasinc.com\/no\/product\/kjop-roksikodon-30-mg\/","og_locale":"nn_NO","og_type":"article","og_title":"Kj\u00f8p Roxikodon 30 mg - Beste beste globale medisiner","og_description":"Kj\u00f8p Roxicodone 30 mg tabletter Storbritannia, Europa i v\u00e5r bestglobalmeds.com nettbutikk med rask levering over hele verden! Den beste OxyContin for bestilling finner du her!","og_url":"https:\/\/medicinasinc.com\/no\/product\/kjop-roksikodon-30-mg\/","og_site_name":"Medicinas Inc","article_modified_time":"2022-03-22T00:56:39+00:00","og_image":[{"width":400,"height":300,"url":"https:\/\/medicinasinc.com\/no\/wp-content\/uploads\/sites\/14\/2022\/02\/Roxicodone-30-mg.png","type":"image\/png"}],"twitter_card":"summary_large_image","twitter_misc":{"Est. reading time":"7 minutt"},"schema":{"@context":"https:\/\/schema.org","@graph":[{"@type":"WebPage","@id":"https:\/\/medicinasinc.com\/no\/product\/kjop-roksikodon-30-mg\/","url":"https:\/\/medicinasinc.com\/no\/product\/kjop-roksikodon-30-mg\/","name":"Kj\u00f8p Roxikodon 30 mg - Beste beste globale medisiner","isPartOf":{"@id":"https:\/\/medicinasinc.com\/no\/#website"},"primaryImageOfPage":{"@id":"https:\/\/medicinasinc.com\/no\/product\/kjop-roksikodon-30-mg\/#primaryimage"},"image":{"@id":"https:\/\/medicinasinc.com\/no\/product\/kjop-roksikodon-30-mg\/#primaryimage"},"thumbnailUrl":"https:\/\/medicinasinc.com\/no\/wp-content\/uploads\/sites\/14\/2022\/02\/Roxicodone-30-mg.png","datePublished":"2022-02-21T18:38:01+00:00","dateModified":"2022-03-22T00:56:39+00:00","description":"Kj\u00f8p Roxicodone 30 mg tabletter Storbritannia, Europa i v\u00e5r bestglobalmeds.com nettbutikk med rask levering over hele verden! Den beste OxyContin for bestilling finner du her!","breadcrumb":{"@id":"https:\/\/medicinasinc.com\/no\/product\/kjop-roksikodon-30-mg\/#breadcrumb"},"inLanguage":"nn-NO","potentialAction":[{"@type":"ReadAction","target":["https:\/\/medicinasinc.com\/no\/product\/kjop-roksikodon-30-mg\/"]}]},{"@type":"ImageObject","inLanguage":"nn-NO","@id":"https:\/\/medicinasinc.com\/no\/product\/kjop-roksikodon-30-mg\/#primaryimage","url":"https:\/\/medicinasinc.com\/no\/wp-content\/uploads\/sites\/14\/2022\/02\/Roxicodone-30-mg.png","contentUrl":"https:\/\/medicinasinc.com\/no\/wp-content\/uploads\/sites\/14\/2022\/02\/Roxicodone-30-mg.png","width":400,"height":300},{"@type":"BreadcrumbList","@id":"https:\/\/medicinasinc.com\/no\/product\/kjop-roksikodon-30-mg\/#breadcrumb","itemListElement":[{"@type":"ListItem","position":1,"name":"Butikk","item":"https:\/\/medicinasinc.com\/no\/butikk\/"},{"@type":"ListItem","position":2,"name":"Kj\u00f8p Roksikodon 30 mg"}]},{"@type":"WebSite","@id":"https:\/\/medicinasinc.com\/no\/#website","url":"https:\/\/medicinasinc.com\/no\/","name":"Medicinas Inc","description":"Helsemedisinsk klinikk","potentialAction":[{"@type":"SearchAction","target":{"@type":"EntryPoint","urlTemplate":"https:\/\/medicinasinc.com\/no\/?s={search_term_string}"},"query-input":{"@type":"PropertyValueSpecification","valueRequired":true,"valueName":"search_term_string"}}],"inLanguage":"nn-NO"}]}},"_links":{"self":[{"href":"https:\/\/medicinasinc.com\/no\/wp-json\/wp\/v2\/product\/5310","targetHints":{"allow":["GET"]}}],"collection":[{"href":"https:\/\/medicinasinc.com\/no\/wp-json\/wp\/v2\/product"}],"about":[{"href":"https:\/\/medicinasinc.com\/no\/wp-json\/wp\/v2\/types\/product"}],"replies":[{"embeddable":true,"href":"https:\/\/medicinasinc.com\/no\/wp-json\/wp\/v2\/comments?post=5310"}],"wp:featuredmedia":[{"embeddable":true,"href":"https:\/\/medicinasinc.com\/no\/wp-json\/wp\/v2\/media\/5321"}],"wp:attachment":[{"href":"https:\/\/medicinasinc.com\/no\/wp-json\/wp\/v2\/media?parent=5310"}],"wp:term":[{"taxonomy":"product_brand","embeddable":true,"href":"https:\/\/medicinasinc.com\/no\/wp-json\/wp\/v2\/product_brand?post=5310"},{"taxonomy":"product_cat","embeddable":true,"href":"https:\/\/medicinasinc.com\/no\/wp-json\/wp\/v2\/product_cat?post=5310"},{"taxonomy":"product_tag","embeddable":true,"href":"https:\/\/medicinasinc.com\/no\/wp-json\/wp\/v2\/product_tag?post=5310"}],"curies":[{"name":"wp","href":"https:\/\/api.w.org\/{rel}","templated":true}]}}