{"id":5309,"date":"2022-02-21T18:36:34","date_gmt":"2022-02-21T18:36:34","guid":{"rendered":"https:\/\/medicinasinc.com\/no\/?post_type=product&#038;p=5309"},"modified":"2022-03-22T00:56:49","modified_gmt":"2022-03-22T00:56:49","slug":"kjop-restoril-30-mg-temazepam-piller","status":"publish","type":"product","link":"https:\/\/medicinasinc.com\/no\/product\/kjop-restoril-30-mg-temazepam-piller\/","title":{"rendered":"Kj\u00f8p Restoril 30 mg Temazepam piller"},"content":{"rendered":"<div class=\"product-next-previous\">\n<div>\n<p>Nettapotek for \u00e5 kj\u00f8pe Restoril Temezepam-tabletter (30 mg)<br \/> Restoril: Hva er det og hvordan brukes det?<\/p>\n<p> Restoril er en reseptbelagt medisin som brukes til \u00e5 behandle s\u00f8vnl\u00f8shetsproblemer. Restoril kan tas alene eller i kombinasjon med andre legemidler.<\/p>\n<p>Restoril er et beroligende\/hypnotisk medikament.<\/p>\n<p>Restoril er ikke kjent for \u00e5 v\u00e6re trygt eller effektivt hos barn.<\/p>\n<p>Hva er de sannsynlige risikoene forbundet med Restoril?<\/p>\n<p>Restoril kan ha store bivirkninger, inkludert f\u00f8lgende:<\/p>\n<p>Forvirring, agitasjon, aggressivitet, hallusinasjoner, angst, hukommelsesproblemer, og trist hum\u00f8r er alle symptomer p\u00e5 schizofreni.<\/p>\n<p>&nbsp;<\/p>\n<p>Temazepam, som mange andre lignende og beslektede benzodiazepiner, fungerer som en GABA-modulator og er i stand til \u00e5 indusere en rekke effekter, inkludert d\u00f8sighet, hypnose, skjelettmuskul\u00e6r avslapning, antikonvulsiv aktivitet og angstdempende virkning 6,7,13,14.<\/p>\n<p>Selv om den kjemiske syntesen av temazepam ble oppdaget i 1965 9, begynte den utbredte moderne bruken ikke f\u00f8r Medisinens reelle bruk som behandling for s\u00f8vnl\u00f8shet ble anerkjent og lisensiert senere. F\u00f8r temazepam ble et vanlig foreskrevet medikament for sivile, ble det \u2013 og fortsetter \u00e5 bli \u2013 brukt av det amerikanske milit\u00e6ret som et beroligende-hypnotisk medikament som skal tas av soldater, piloter og andre for \u00e5 oppn\u00e5 n\u00f8dvendig hvile for medisinsk utvinning eller planlagte man\u00f8vrer og operasjoner 10. Uansett har temazepam vokst til \u00e5 bli et av de oftest forskrevne legemidlene p\u00e5 verdensbasis, med millioner av resepter som skrives ut hvert \u00e5r. Dessverre, p\u00e5 grunn av sin utbredte bruk og den iboende karakteren av dets farmakologiske effekter, har temazepam \u2013 som mange andre benzodiazepiner \u2013 et betydelig potensiale for misbruk og er i stand til \u00e5 f\u00e5 brukere til \u00e5 utvikle narkotikatoleranse, fysisk avhengighet og avhengighet.<\/p>\n<p>Grupper Godkjent, Investigational StructureSmall Molecules<\/p>\n<div class=\"structure\"><a class=\"moldbi-vector-thumbnail\" href=\"https:\/\/go.drugbank.com\/structures\/DB00231\/image.svg\"><img decoding=\"async\" src=\"https:\/\/go.drugbank.com\/structures\/DB00231\/thumb.svg\" alt=\"Tommel\" \/><\/a><\/div>\n<dl class=\"right-dl col- xl-6 col-lg-12\"><\/dl>\n<\/p><\/div>\n<div class=\"product-prev\"><strong>temazepam (restoril), temazepam restoril, restoril temazepam, temazepam (restoril) bivirkninger, temazepam (restoril, kj\u00f8p restoril temazepam online, kj\u00f8p temazepam (restoril), generisk restoril temazepam, temazepam restoril kj\u00f8p, restoril (temazepam) 30mg til salgs, er temazepam det samme som restoril, temazepam (restoril) davis, temazepam (restoril) pilleflaske e, hvor kan du kj\u00f8pe temazepam (restoril), temazepam (restoril) cvs, temazepam (restoril) buy, temazepam same as restoril, temazepam (restoril)\u00a0<img decoding=\"async\" class=\"emoji\" role=\"img\" src=\"https:\/ \/sworg\/images\/core\/emoji\/13.1.0\/svg\/2714.svg\" alt=\"\u2714\" \/>\u00a0<img decoding=\"async\" class=\"emoji\" role=\"img\" src=\"https:\/\/sworg\/images \/core\/emoji\/13.1.0\/svg\/2714.svg\" alt=\"\u2714\" \/>\u00a0<img decoding=\"async\" class=\"emoji\" role=\"img\" src=\"https:\/\/sworg\/images\/core\/emoji\/ 13.1.0\/svg\/2714.svg\" alt=\"\u2714\" \/>, restoril temazepam 30mg, trygt alternativ til restoril (temazepam), temazepam (restoril) pris, temazepam (restoril) otc, temazepam restoril bivirkninger, temazepam (merke) navn restoril), restoril (temazepam)<\/strong><\/div><\/div>\n<div class=\"product-next-previous\">\n<div class=\"product-prev\"><\/div><\/div>\n","protected":false},"excerpt":{"rendered":"<p>Kj\u00f8p Restoril 30mg Temezepam-tabletter kan kj\u00f8pes p\u00e5 nettet.<\/p>\n<p>Merkenavn:\u00a0<strong>Restoril<\/strong><br \/> Generisk:\u00a0<strong>Temazepam<\/strong><br \/> Styrke Tilgjengelig: 30mg<br \/> Emballasje: Blister<br \/> Laget av: Novartis<\/p>\n<p>&nbsp;<\/p>\n","protected":false},"featured_media":5319,"comment_status":"open","ping_status":"closed","template":"","meta":[],"product_brand":[],"product_cat":[1117],"product_tag":[1851,1854,1853,1860,1878,1852,1855,1856,1857,1858,1859,1861,1862,1864,1865,1866,1872,1867,1868,1869,1870,1871,1873,1874,1875,1876,1877,1863],"class_list":{"0":"post-5309","1":"product","2":"type-product","3":"status-publish","4":"has-post-thumbnail","6":"product_cat-kjop-smerte-sove-sexpiller","7":"product_tag-buy-restoril-temazepam-online","8":"product_tag-er-temazepam-det-samme-som-restoril","9":"product_tag-generisk-restoril-temazepam","10":"product_tag-restoril-nettbrett-online","11":"product_tag-hvor-kan-du-kjpe-temazepam-restoril","12":"product_tag-kjp-temazepam-restoril","13":"product_tag-reseptfri-erstatning-for-temazepam","14":"product_tag-restoril-temazepam-30mg-til-salg","15":"product_tag-restoril-15-mg","16":"product_tag-restoril-15-mg-online","17":"product_tag-restoril-30-mg-pris","18":"product_tag-restoril-temazepam","19":"product_tag-restoril-temazepam-30mg","20":"product_tag-temazepam-merkenavn-restoril","21":"product_tag-temazepam-restoril","22":"product_tag-temazepam-restoril---","23":"product_tag-temazepam-restoril-bivirkninger","24":"product_tag-temazepam-restoril-cvs","25":"product_tag-temazepam-restoril-davis","26":"product_tag-temazepam-restoril-otc","27":"product_tag-temazepam-restoril-pille-flaske","28":"product_tag-temazepam-restoril-pris","29":"product_tag-temazepam-30-mg","30":"product_tag-temazepam-30-mg-bivirkninger","31":"product_tag-temazepam-restoril-kjp","32":"product_tag-temazepam-samme-som-restoril","33":"product_tag-temazepam-vekttap","34":"product_tag-trygt-alternativ-til-restoril-temazepam","36":"first","37":"instock","38":"shipping-taxable","39":"purchasable","40":"product-type-variable","41":"has-default-attributes"},"yoast_head":"<!-- This site is optimized with the Yoast SEO plugin v27.3 - https:\/\/yoast.com\/product\/yoast-seo-wordpress\/ -->\n<title>Kj\u00f8p Restoril 30 mg Temazepam piller - Beste beste globale medisiner<\/title>\n<meta name=\"description\" content=\"Pille med avtrykk RESTORIL 30 mg M FOR S\u00d8VN er bl\u00e5\/r\u00f8dbrun, kapselformet og har blitt identifisert som Restoril 30 mg. Kj\u00f8p RESTORIL 30 mg M FOR S\u00d8VN.\" \/>\n<meta name=\"robots\" content=\"index, follow, max-snippet:-1, max-image-preview:large, max-video-preview:-1\" \/>\n<link rel=\"canonical\" href=\"https:\/\/medicinasinc.com\/no\/product\/kjop-restoril-30-mg-temazepam-piller\/\" \/>\n<meta property=\"og:locale\" content=\"nn_NO\" \/>\n<meta property=\"og:type\" content=\"article\" \/>\n<meta property=\"og:title\" content=\"Kj\u00f8p Restoril 30 mg Temazepam piller - Beste beste globale medisiner\" \/>\n<meta property=\"og:description\" content=\"Pille med avtrykk RESTORIL 30 mg M FOR S\u00d8VN er bl\u00e5\/r\u00f8dbrun, kapselformet og har blitt identifisert som Restoril 30 mg. Kj\u00f8p RESTORIL 30 mg M FOR S\u00d8VN.\" \/>\n<meta property=\"og:url\" content=\"https:\/\/medicinasinc.com\/no\/product\/kjop-restoril-30-mg-temazepam-piller\/\" \/>\n<meta property=\"og:site_name\" content=\"Medicinas Inc\" \/>\n<meta property=\"article:modified_time\" content=\"2022-03-22T00:56:49+00:00\" \/>\n<meta property=\"og:image\" content=\"https:\/\/medicinasinc.com\/no\/wp-content\/uploads\/sites\/14\/2022\/02\/Buy-Restoril-30-mg-Temazepam-pills.jpg\" \/>\n\t<meta property=\"og:image:width\" content=\"2064\" \/>\n\t<meta property=\"og:image:height\" content=\"1073\" \/>\n\t<meta property=\"og:image:type\" content=\"image\/jpeg\" \/>\n<meta name=\"twitter:card\" content=\"summary_large_image\" \/>\n<meta name=\"twitter:label1\" content=\"Est. reading time\" \/>\n\t<meta name=\"twitter:data1\" content=\"3 minutt\" \/>\n<script type=\"application\/ld+json\" class=\"yoast-schema-graph\">{\"@context\":\"https:\\\/\\\/schema.org\",\"@graph\":[{\"@type\":\"WebPage\",\"@id\":\"https:\\\/\\\/medicinasinc.com\\\/no\\\/product\\\/kjop-restoril-30-mg-temazepam-piller\\\/\",\"url\":\"https:\\\/\\\/medicinasinc.com\\\/no\\\/product\\\/kjop-restoril-30-mg-temazepam-piller\\\/\",\"name\":\"Kj\u00f8p Restoril 30 mg Temazepam piller - Beste beste globale medisiner\",\"isPartOf\":{\"@id\":\"https:\\\/\\\/medicinasinc.com\\\/no\\\/#website\"},\"primaryImageOfPage\":{\"@id\":\"https:\\\/\\\/medicinasinc.com\\\/no\\\/product\\\/kjop-restoril-30-mg-temazepam-piller\\\/#primaryimage\"},\"image\":{\"@id\":\"https:\\\/\\\/medicinasinc.com\\\/no\\\/product\\\/kjop-restoril-30-mg-temazepam-piller\\\/#primaryimage\"},\"thumbnailUrl\":\"https:\\\/\\\/medicinasinc.com\\\/no\\\/wp-content\\\/uploads\\\/sites\\\/14\\\/2022\\\/02\\\/Buy-Restoril-30-mg-Temazepam-pills.jpg\",\"datePublished\":\"2022-02-21T18:36:34+00:00\",\"dateModified\":\"2022-03-22T00:56:49+00:00\",\"description\":\"Pille med avtrykk RESTORIL 30 mg M FOR S\u00d8VN er bl\u00e5\\\/r\u00f8dbrun, kapselformet og har blitt identifisert som Restoril 30 mg. Kj\u00f8p RESTORIL 30 mg M FOR S\u00d8VN.\",\"breadcrumb\":{\"@id\":\"https:\\\/\\\/medicinasinc.com\\\/no\\\/product\\\/kjop-restoril-30-mg-temazepam-piller\\\/#breadcrumb\"},\"inLanguage\":\"nn-NO\",\"potentialAction\":[{\"@type\":\"ReadAction\",\"target\":[\"https:\\\/\\\/medicinasinc.com\\\/no\\\/product\\\/kjop-restoril-30-mg-temazepam-piller\\\/\"]}]},{\"@type\":\"ImageObject\",\"inLanguage\":\"nn-NO\",\"@id\":\"https:\\\/\\\/medicinasinc.com\\\/no\\\/product\\\/kjop-restoril-30-mg-temazepam-piller\\\/#primaryimage\",\"url\":\"https:\\\/\\\/medicinasinc.com\\\/no\\\/wp-content\\\/uploads\\\/sites\\\/14\\\/2022\\\/02\\\/Buy-Restoril-30-mg-Temazepam-pills.jpg\",\"contentUrl\":\"https:\\\/\\\/medicinasinc.com\\\/no\\\/wp-content\\\/uploads\\\/sites\\\/14\\\/2022\\\/02\\\/Buy-Restoril-30-mg-Temazepam-pills.jpg\",\"width\":2064,\"height\":1073},{\"@type\":\"BreadcrumbList\",\"@id\":\"https:\\\/\\\/medicinasinc.com\\\/no\\\/product\\\/kjop-restoril-30-mg-temazepam-piller\\\/#breadcrumb\",\"itemListElement\":[{\"@type\":\"ListItem\",\"position\":1,\"name\":\"Butikk\",\"item\":\"https:\\\/\\\/medicinasinc.com\\\/no\\\/butikk\\\/\"},{\"@type\":\"ListItem\",\"position\":2,\"name\":\"Kj\u00f8p Restoril 30 mg Temazepam piller\"}]},{\"@type\":\"WebSite\",\"@id\":\"https:\\\/\\\/medicinasinc.com\\\/no\\\/#website\",\"url\":\"https:\\\/\\\/medicinasinc.com\\\/no\\\/\",\"name\":\"Medicinas Inc\",\"description\":\"Helsemedisinsk klinikk\",\"potentialAction\":[{\"@type\":\"SearchAction\",\"target\":{\"@type\":\"EntryPoint\",\"urlTemplate\":\"https:\\\/\\\/medicinasinc.com\\\/no\\\/?s={search_term_string}\"},\"query-input\":{\"@type\":\"PropertyValueSpecification\",\"valueRequired\":true,\"valueName\":\"search_term_string\"}}],\"inLanguage\":\"nn-NO\"}]}<\/script>\n<!-- \/ Yoast SEO plugin. -->","yoast_head_json":{"title":"Kj\u00f8p Restoril 30 mg Temazepam piller - Beste beste globale medisiner","description":"Pille med avtrykk RESTORIL 30 mg M FOR S\u00d8VN er bl\u00e5\/r\u00f8dbrun, kapselformet og har blitt identifisert som Restoril 30 mg. Kj\u00f8p RESTORIL 30 mg M FOR S\u00d8VN.","robots":{"index":"index","follow":"follow","max-snippet":"max-snippet:-1","max-image-preview":"max-image-preview:large","max-video-preview":"max-video-preview:-1"},"canonical":"https:\/\/medicinasinc.com\/no\/product\/kjop-restoril-30-mg-temazepam-piller\/","og_locale":"nn_NO","og_type":"article","og_title":"Kj\u00f8p Restoril 30 mg Temazepam piller - Beste beste globale medisiner","og_description":"Pille med avtrykk RESTORIL 30 mg M FOR S\u00d8VN er bl\u00e5\/r\u00f8dbrun, kapselformet og har blitt identifisert som Restoril 30 mg. Kj\u00f8p RESTORIL 30 mg M FOR S\u00d8VN.","og_url":"https:\/\/medicinasinc.com\/no\/product\/kjop-restoril-30-mg-temazepam-piller\/","og_site_name":"Medicinas Inc","article_modified_time":"2022-03-22T00:56:49+00:00","og_image":[{"width":2064,"height":1073,"url":"https:\/\/medicinasinc.com\/no\/wp-content\/uploads\/sites\/14\/2022\/02\/Buy-Restoril-30-mg-Temazepam-pills.jpg","type":"image\/jpeg"}],"twitter_card":"summary_large_image","twitter_misc":{"Est. reading time":"3 minutt"},"schema":{"@context":"https:\/\/schema.org","@graph":[{"@type":"WebPage","@id":"https:\/\/medicinasinc.com\/no\/product\/kjop-restoril-30-mg-temazepam-piller\/","url":"https:\/\/medicinasinc.com\/no\/product\/kjop-restoril-30-mg-temazepam-piller\/","name":"Kj\u00f8p Restoril 30 mg Temazepam piller - Beste beste globale medisiner","isPartOf":{"@id":"https:\/\/medicinasinc.com\/no\/#website"},"primaryImageOfPage":{"@id":"https:\/\/medicinasinc.com\/no\/product\/kjop-restoril-30-mg-temazepam-piller\/#primaryimage"},"image":{"@id":"https:\/\/medicinasinc.com\/no\/product\/kjop-restoril-30-mg-temazepam-piller\/#primaryimage"},"thumbnailUrl":"https:\/\/medicinasinc.com\/no\/wp-content\/uploads\/sites\/14\/2022\/02\/Buy-Restoril-30-mg-Temazepam-pills.jpg","datePublished":"2022-02-21T18:36:34+00:00","dateModified":"2022-03-22T00:56:49+00:00","description":"Pille med avtrykk RESTORIL 30 mg M FOR S\u00d8VN er bl\u00e5\/r\u00f8dbrun, kapselformet og har blitt identifisert som Restoril 30 mg. Kj\u00f8p RESTORIL 30 mg M FOR S\u00d8VN.","breadcrumb":{"@id":"https:\/\/medicinasinc.com\/no\/product\/kjop-restoril-30-mg-temazepam-piller\/#breadcrumb"},"inLanguage":"nn-NO","potentialAction":[{"@type":"ReadAction","target":["https:\/\/medicinasinc.com\/no\/product\/kjop-restoril-30-mg-temazepam-piller\/"]}]},{"@type":"ImageObject","inLanguage":"nn-NO","@id":"https:\/\/medicinasinc.com\/no\/product\/kjop-restoril-30-mg-temazepam-piller\/#primaryimage","url":"https:\/\/medicinasinc.com\/no\/wp-content\/uploads\/sites\/14\/2022\/02\/Buy-Restoril-30-mg-Temazepam-pills.jpg","contentUrl":"https:\/\/medicinasinc.com\/no\/wp-content\/uploads\/sites\/14\/2022\/02\/Buy-Restoril-30-mg-Temazepam-pills.jpg","width":2064,"height":1073},{"@type":"BreadcrumbList","@id":"https:\/\/medicinasinc.com\/no\/product\/kjop-restoril-30-mg-temazepam-piller\/#breadcrumb","itemListElement":[{"@type":"ListItem","position":1,"name":"Butikk","item":"https:\/\/medicinasinc.com\/no\/butikk\/"},{"@type":"ListItem","position":2,"name":"Kj\u00f8p Restoril 30 mg Temazepam piller"}]},{"@type":"WebSite","@id":"https:\/\/medicinasinc.com\/no\/#website","url":"https:\/\/medicinasinc.com\/no\/","name":"Medicinas Inc","description":"Helsemedisinsk klinikk","potentialAction":[{"@type":"SearchAction","target":{"@type":"EntryPoint","urlTemplate":"https:\/\/medicinasinc.com\/no\/?s={search_term_string}"},"query-input":{"@type":"PropertyValueSpecification","valueRequired":true,"valueName":"search_term_string"}}],"inLanguage":"nn-NO"}]}},"_links":{"self":[{"href":"https:\/\/medicinasinc.com\/no\/wp-json\/wp\/v2\/product\/5309","targetHints":{"allow":["GET"]}}],"collection":[{"href":"https:\/\/medicinasinc.com\/no\/wp-json\/wp\/v2\/product"}],"about":[{"href":"https:\/\/medicinasinc.com\/no\/wp-json\/wp\/v2\/types\/product"}],"replies":[{"embeddable":true,"href":"https:\/\/medicinasinc.com\/no\/wp-json\/wp\/v2\/comments?post=5309"}],"wp:featuredmedia":[{"embeddable":true,"href":"https:\/\/medicinasinc.com\/no\/wp-json\/wp\/v2\/media\/5319"}],"wp:attachment":[{"href":"https:\/\/medicinasinc.com\/no\/wp-json\/wp\/v2\/media?parent=5309"}],"wp:term":[{"taxonomy":"product_brand","embeddable":true,"href":"https:\/\/medicinasinc.com\/no\/wp-json\/wp\/v2\/product_brand?post=5309"},{"taxonomy":"product_cat","embeddable":true,"href":"https:\/\/medicinasinc.com\/no\/wp-json\/wp\/v2\/product_cat?post=5309"},{"taxonomy":"product_tag","embeddable":true,"href":"https:\/\/medicinasinc.com\/no\/wp-json\/wp\/v2\/product_tag?post=5309"}],"curies":[{"name":"wp","href":"https:\/\/api.w.org\/{rel}","templated":true}]}}