{"id":5296,"date":"2022-02-21T18:20:49","date_gmt":"2022-02-21T18:20:49","guid":{"rendered":"https:\/\/medicinasinc.com\/no\/?post_type=product&#038;p=5296"},"modified":"2022-03-22T00:56:57","modified_gmt":"2022-03-22T00:56:57","slug":"kjop-phenida-10mg-piller","status":"publish","type":"product","link":"https:\/\/medicinasinc.com\/no\/product\/kjop-phenida-10mg-piller\/","title":{"rendered":"Kj\u00f8p Phenida 10mg piller"},"content":{"rendered":"<p>Phenida (methylphenidat hcl) 10mg piller kan kj\u00f8pes p\u00e5 internett.<\/p>\n<p>Vi har det beste nettapoteket hvor du kan kj\u00f8pe Phenida, s\u00e5 kj\u00f8p det n\u00e5.<\/p>\n<p>PHENIDA er et medikament som hjelper personer med ADD\/ADHD. Det er her du kan finne mer informasjon om ADD\/ADHD og andre phenida.<\/p>\n<p>ADD\/ADHD:<\/p>\n<p>Hvis du har ADHD, vil du kanskje ikke v\u00e6re i stand til \u00e5 beholde oppmerksomheten din, v\u00e6re for aktiv, eller ikke v\u00e6re i stand til \u00e5 kontrollere atferden din. En persons alder og utvikling kan ikke gj\u00f8re disse problemene til ADHD hvis de er utenfor normalomr\u00e5det for den personens alder eller utvikling.<\/p>\n<p>Medikamenter for ADD og ADHD? Denne siden selger phenida (metylfenidat hcl) 10mg.<\/p>\n<p>Attentionssvikt-hyperaktivitetsforstyrrelsen (ADHD) er en av de vanligste lidelsene i barndommen, og den kan ogs\u00e5 vare gjennom ungdoms\u00e5rene og voksen\u00e5rene. Blant symptomene er problemer med \u00e5 holde fokus og v\u00e6re oppmerksom, problemer med \u00e5 kontrollere atferd og hyperaktivitet (overaktivitet).<\/p>\n<p>For \u00e5 kj\u00f8pe ADD-tabletter (Attention Deficit Disorder) online uten resept, kan du g\u00e5 til nettsiden .<\/p>\n<p>F\u00f8lgende er de forskjellige typene metylfenidat: metylfenidat HCL, metylfenidat HCL, metylfenidat HCL ER, metylfenidat HCL, metylfenidat HCL, metylfenidat HCL, metylfenidat HCL 20mg, metylfenidat, HCL10mg, metylfenidat, HCL10mg N\u00e5r du kj\u00f8per metylfenidat hcl-tabletter, hva er det? metylfenidat hcl er 20 mg, metylfenidat hcl 18 mg, metylfenidat hcl er cd, metylfenidat hcl er 10 mg, metylfenidat hcl doseringsformer og metylfenidat hcl vs metylfenidat hcl er noen av sp\u00f8rsm\u00e5lene folk stiller meg.<\/p>\n","protected":false},"excerpt":{"rendered":"<div class=\"woocommerce-product-details__short-description\">\n<p>Phenida 10 mg piller kan kj\u00f8pes online. reseptfrie sovemedisiner, nettapotek uk, steroider til salgs, sterke sovemedisiner, smertestillende medisiner.<\/p>\n<\/p><\/div>\n","protected":false},"featured_media":5307,"comment_status":"open","ping_status":"closed","template":"","meta":[],"product_brand":[],"product_cat":[1117],"product_tag":[1795,1796,1797,1798,1799,1800,1801,1802,1808,1807,1809,1804,1805,1794,1846,1847,1848,1849,1829,1806,1803,1811,1812,1813,1818,1819,1820,1821,1826,1827,1828,1814,1815,1816,1817,1822,1824,1825,1810,1823,1830,1831,1834,1835,1833,1832,1837,1836,1840,1841,1839,1842,1843,1844,1838,1845,1850],"class_list":{"0":"post-5296","1":"product","2":"type-product","3":"status-publish","4":"has-post-thumbnail","6":"product_cat-kjop-smerte-sove-sexpiller","7":"product_tag-adhd","8":"product_tag-best-phenida-methylphenidat-hcl-10mg-online","9":"product_tag-bulgaria-phenida","10":"product_tag-buy-phenida","11":"product_tag-buy-phenida-methylphenidate-hcl-10mg-online","12":"product_tag-buy-phenida-online","13":"product_tag-buy-phenidano-prescription","14":"product_tag-buy-phenida-10mg","15":"product_tag-er-phenida-samme-som-ritalin","16":"product_tag-er-phenida-samme-adderal","17":"product_tag-er-phenida-samme-asadder","18":"product_tag-generisk-ritalin-phenida","19":"product_tag-generisk-phenida","20":"product_tag-aksepterer-paypal","21":"product_tag-hva-betyr-phenida","22":"product_tag-hva-er-metylfenidat-hcl","23":"product_tag-hva-er-phenida","24":"product_tag-hvor-kan-kjpe-phenida","25":"product_tag-reseptfrie","26":"product_tag-er-fokalin-ogs-kalt-phenida","27":"product_tag-kjpphenidakredittkort","28":"product_tag-methylphenidate-hcl-10mg","29":"product_tag-methylphenidate-hcl-18mg","30":"product_tag-methylphenidate-hcl-20-mg","31":"product_tag-methylphenidate-hcl-er","32":"product_tag-methylphenidate-hcl-er-10-mg","33":"product_tag-methylphenidate-hcl-er-18-mg","34":"product_tag-methylphenidate-hcl-er-20-mg","35":"product_tag-methylphenidate-hcl-er-tablets","36":"product_tag-methylphenidate-hcl-side-effects","37":"product_tag-methylphenidate-vs-methylphenidate-hcl","38":"product_tag-metylfenidat-hcl-20-mg","39":"product_tag-metylfenidat-hcl-5mg","40":"product_tag-metylfenidat-hcl-cd","41":"product_tag-metylfenidat-hcl-doseringsformer","42":"product_tag-metylfenidat-hcl-er-27-mg","43":"product_tag-metylfenidat-hcl-er-54-mg","44":"product_tag-metylfenidat-hcl-er-cd","45":"product_tag-metylfenidat-hcl","46":"product_tag-metylfenidat-hcl-er-36-mg","47":"product_tag-feide-ordre","48":"product_tag-phenida","49":"product_tag-phenida-methylphenidate-hcl-10mg-price","50":"product_tag-phenida-methylphenidate-hcl-10mg-review","51":"product_tag-phenida-metylfenidat-hcl-10mg-til-salg-online","52":"product_tag-fenida-metylfenidat-hcl-10mg","53":"product_tag-phenida-bulgeria","54":"product_tag-phenida-flaske","55":"product_tag-phenida-online-trusted-pharmacy","56":"product_tag-phenida-online-trusted-pharmacy-bitcoin","57":"product_tag-phenida-online","58":"product_tag-phenida-reviews","59":"product_tag-phenida-ritalin","60":"product_tag-phenida-ritalin-zafa","61":"product_tag-phenida-uten-resept","62":"product_tag-phenida-zafa","63":"product_tag-zafa-phenida","65":"first","66":"instock","67":"shipping-taxable","68":"purchasable","69":"product-type-variable","70":"has-default-attributes"},"yoast_head":"<!-- This site is optimized with the Yoast SEO plugin v27.3 - https:\/\/yoast.com\/product\/yoast-seo-wordpress\/ -->\n<title>Kj\u00f8p Phenida 10mg piller - Beste beste globale medisiner<\/title>\n<meta name=\"description\" content=\"Kj\u00f8p Phenida 10mg piller online. reseptfrie sovemedisiner, bestille piller p\u00e5 nett, steroider piller til salgs, sterke sovemedisiner, smertestillende medisiner, nettapotek uk.\" \/>\n<meta name=\"robots\" content=\"index, follow, max-snippet:-1, max-image-preview:large, max-video-preview:-1\" \/>\n<link rel=\"canonical\" href=\"https:\/\/medicinasinc.com\/no\/product\/kjop-phenida-10mg-piller\/\" \/>\n<meta property=\"og:locale\" content=\"nn_NO\" \/>\n<meta property=\"og:type\" content=\"article\" \/>\n<meta property=\"og:title\" content=\"Kj\u00f8p Phenida 10mg piller - Beste beste globale medisiner\" \/>\n<meta property=\"og:description\" content=\"Kj\u00f8p Phenida 10mg piller online. reseptfrie sovemedisiner, bestille piller p\u00e5 nett, steroider piller til salgs, sterke sovemedisiner, smertestillende medisiner, nettapotek uk.\" \/>\n<meta property=\"og:url\" content=\"https:\/\/medicinasinc.com\/no\/product\/kjop-phenida-10mg-piller\/\" \/>\n<meta property=\"og:site_name\" content=\"Medicinas Inc\" \/>\n<meta property=\"article:modified_time\" content=\"2022-03-22T00:56:57+00:00\" \/>\n<meta property=\"og:image\" content=\"https:\/\/medicinasinc.com\/no\/wp-content\/uploads\/sites\/14\/2022\/02\/buy-phenida-10mg-pills-online.jpg\" \/>\n\t<meta property=\"og:image:width\" content=\"600\" \/>\n\t<meta property=\"og:image:height\" content=\"600\" \/>\n\t<meta property=\"og:image:type\" content=\"image\/jpeg\" \/>\n<meta name=\"twitter:card\" content=\"summary_large_image\" \/>\n<meta name=\"twitter:label1\" content=\"Est. reading time\" \/>\n\t<meta name=\"twitter:data1\" content=\"2 minutt\" \/>\n<script type=\"application\/ld+json\" class=\"yoast-schema-graph\">{\"@context\":\"https:\\\/\\\/schema.org\",\"@graph\":[{\"@type\":\"WebPage\",\"@id\":\"https:\\\/\\\/medicinasinc.com\\\/no\\\/product\\\/kjop-phenida-10mg-piller\\\/\",\"url\":\"https:\\\/\\\/medicinasinc.com\\\/no\\\/product\\\/kjop-phenida-10mg-piller\\\/\",\"name\":\"Kj\u00f8p Phenida 10mg piller - Beste beste globale medisiner\",\"isPartOf\":{\"@id\":\"https:\\\/\\\/medicinasinc.com\\\/no\\\/#website\"},\"primaryImageOfPage\":{\"@id\":\"https:\\\/\\\/medicinasinc.com\\\/no\\\/product\\\/kjop-phenida-10mg-piller\\\/#primaryimage\"},\"image\":{\"@id\":\"https:\\\/\\\/medicinasinc.com\\\/no\\\/product\\\/kjop-phenida-10mg-piller\\\/#primaryimage\"},\"thumbnailUrl\":\"https:\\\/\\\/medicinasinc.com\\\/no\\\/wp-content\\\/uploads\\\/sites\\\/14\\\/2022\\\/02\\\/buy-phenida-10mg-pills-online.jpg\",\"datePublished\":\"2022-02-21T18:20:49+00:00\",\"dateModified\":\"2022-03-22T00:56:57+00:00\",\"description\":\"Kj\u00f8p Phenida 10mg piller online. reseptfrie sovemedisiner, bestille piller p\u00e5 nett, steroider piller til salgs, sterke sovemedisiner, smertestillende medisiner, nettapotek uk.\",\"breadcrumb\":{\"@id\":\"https:\\\/\\\/medicinasinc.com\\\/no\\\/product\\\/kjop-phenida-10mg-piller\\\/#breadcrumb\"},\"inLanguage\":\"nn-NO\",\"potentialAction\":[{\"@type\":\"ReadAction\",\"target\":[\"https:\\\/\\\/medicinasinc.com\\\/no\\\/product\\\/kjop-phenida-10mg-piller\\\/\"]}]},{\"@type\":\"ImageObject\",\"inLanguage\":\"nn-NO\",\"@id\":\"https:\\\/\\\/medicinasinc.com\\\/no\\\/product\\\/kjop-phenida-10mg-piller\\\/#primaryimage\",\"url\":\"https:\\\/\\\/medicinasinc.com\\\/no\\\/wp-content\\\/uploads\\\/sites\\\/14\\\/2022\\\/02\\\/buy-phenida-10mg-pills-online.jpg\",\"contentUrl\":\"https:\\\/\\\/medicinasinc.com\\\/no\\\/wp-content\\\/uploads\\\/sites\\\/14\\\/2022\\\/02\\\/buy-phenida-10mg-pills-online.jpg\",\"width\":600,\"height\":600},{\"@type\":\"BreadcrumbList\",\"@id\":\"https:\\\/\\\/medicinasinc.com\\\/no\\\/product\\\/kjop-phenida-10mg-piller\\\/#breadcrumb\",\"itemListElement\":[{\"@type\":\"ListItem\",\"position\":1,\"name\":\"Butikk\",\"item\":\"https:\\\/\\\/medicinasinc.com\\\/no\\\/butikk\\\/\"},{\"@type\":\"ListItem\",\"position\":2,\"name\":\"Kj\u00f8p Phenida 10mg piller\"}]},{\"@type\":\"WebSite\",\"@id\":\"https:\\\/\\\/medicinasinc.com\\\/no\\\/#website\",\"url\":\"https:\\\/\\\/medicinasinc.com\\\/no\\\/\",\"name\":\"Medicinas Inc\",\"description\":\"Helsemedisinsk klinikk\",\"potentialAction\":[{\"@type\":\"SearchAction\",\"target\":{\"@type\":\"EntryPoint\",\"urlTemplate\":\"https:\\\/\\\/medicinasinc.com\\\/no\\\/?s={search_term_string}\"},\"query-input\":{\"@type\":\"PropertyValueSpecification\",\"valueRequired\":true,\"valueName\":\"search_term_string\"}}],\"inLanguage\":\"nn-NO\"}]}<\/script>\n<!-- \/ Yoast SEO plugin. -->","yoast_head_json":{"title":"Kj\u00f8p Phenida 10mg piller - Beste beste globale medisiner","description":"Kj\u00f8p Phenida 10mg piller online. reseptfrie sovemedisiner, bestille piller p\u00e5 nett, steroider piller til salgs, sterke sovemedisiner, smertestillende medisiner, nettapotek uk.","robots":{"index":"index","follow":"follow","max-snippet":"max-snippet:-1","max-image-preview":"max-image-preview:large","max-video-preview":"max-video-preview:-1"},"canonical":"https:\/\/medicinasinc.com\/no\/product\/kjop-phenida-10mg-piller\/","og_locale":"nn_NO","og_type":"article","og_title":"Kj\u00f8p Phenida 10mg piller - Beste beste globale medisiner","og_description":"Kj\u00f8p Phenida 10mg piller online. reseptfrie sovemedisiner, bestille piller p\u00e5 nett, steroider piller til salgs, sterke sovemedisiner, smertestillende medisiner, nettapotek uk.","og_url":"https:\/\/medicinasinc.com\/no\/product\/kjop-phenida-10mg-piller\/","og_site_name":"Medicinas Inc","article_modified_time":"2022-03-22T00:56:57+00:00","og_image":[{"width":600,"height":600,"url":"https:\/\/medicinasinc.com\/no\/wp-content\/uploads\/sites\/14\/2022\/02\/buy-phenida-10mg-pills-online.jpg","type":"image\/jpeg"}],"twitter_card":"summary_large_image","twitter_misc":{"Est. reading time":"2 minutt"},"schema":{"@context":"https:\/\/schema.org","@graph":[{"@type":"WebPage","@id":"https:\/\/medicinasinc.com\/no\/product\/kjop-phenida-10mg-piller\/","url":"https:\/\/medicinasinc.com\/no\/product\/kjop-phenida-10mg-piller\/","name":"Kj\u00f8p Phenida 10mg piller - Beste beste globale medisiner","isPartOf":{"@id":"https:\/\/medicinasinc.com\/no\/#website"},"primaryImageOfPage":{"@id":"https:\/\/medicinasinc.com\/no\/product\/kjop-phenida-10mg-piller\/#primaryimage"},"image":{"@id":"https:\/\/medicinasinc.com\/no\/product\/kjop-phenida-10mg-piller\/#primaryimage"},"thumbnailUrl":"https:\/\/medicinasinc.com\/no\/wp-content\/uploads\/sites\/14\/2022\/02\/buy-phenida-10mg-pills-online.jpg","datePublished":"2022-02-21T18:20:49+00:00","dateModified":"2022-03-22T00:56:57+00:00","description":"Kj\u00f8p Phenida 10mg piller online. reseptfrie sovemedisiner, bestille piller p\u00e5 nett, steroider piller til salgs, sterke sovemedisiner, smertestillende medisiner, nettapotek uk.","breadcrumb":{"@id":"https:\/\/medicinasinc.com\/no\/product\/kjop-phenida-10mg-piller\/#breadcrumb"},"inLanguage":"nn-NO","potentialAction":[{"@type":"ReadAction","target":["https:\/\/medicinasinc.com\/no\/product\/kjop-phenida-10mg-piller\/"]}]},{"@type":"ImageObject","inLanguage":"nn-NO","@id":"https:\/\/medicinasinc.com\/no\/product\/kjop-phenida-10mg-piller\/#primaryimage","url":"https:\/\/medicinasinc.com\/no\/wp-content\/uploads\/sites\/14\/2022\/02\/buy-phenida-10mg-pills-online.jpg","contentUrl":"https:\/\/medicinasinc.com\/no\/wp-content\/uploads\/sites\/14\/2022\/02\/buy-phenida-10mg-pills-online.jpg","width":600,"height":600},{"@type":"BreadcrumbList","@id":"https:\/\/medicinasinc.com\/no\/product\/kjop-phenida-10mg-piller\/#breadcrumb","itemListElement":[{"@type":"ListItem","position":1,"name":"Butikk","item":"https:\/\/medicinasinc.com\/no\/butikk\/"},{"@type":"ListItem","position":2,"name":"Kj\u00f8p Phenida 10mg piller"}]},{"@type":"WebSite","@id":"https:\/\/medicinasinc.com\/no\/#website","url":"https:\/\/medicinasinc.com\/no\/","name":"Medicinas Inc","description":"Helsemedisinsk klinikk","potentialAction":[{"@type":"SearchAction","target":{"@type":"EntryPoint","urlTemplate":"https:\/\/medicinasinc.com\/no\/?s={search_term_string}"},"query-input":{"@type":"PropertyValueSpecification","valueRequired":true,"valueName":"search_term_string"}}],"inLanguage":"nn-NO"}]}},"_links":{"self":[{"href":"https:\/\/medicinasinc.com\/no\/wp-json\/wp\/v2\/product\/5296","targetHints":{"allow":["GET"]}}],"collection":[{"href":"https:\/\/medicinasinc.com\/no\/wp-json\/wp\/v2\/product"}],"about":[{"href":"https:\/\/medicinasinc.com\/no\/wp-json\/wp\/v2\/types\/product"}],"replies":[{"embeddable":true,"href":"https:\/\/medicinasinc.com\/no\/wp-json\/wp\/v2\/comments?post=5296"}],"wp:featuredmedia":[{"embeddable":true,"href":"https:\/\/medicinasinc.com\/no\/wp-json\/wp\/v2\/media\/5307"}],"wp:attachment":[{"href":"https:\/\/medicinasinc.com\/no\/wp-json\/wp\/v2\/media?parent=5296"}],"wp:term":[{"taxonomy":"product_brand","embeddable":true,"href":"https:\/\/medicinasinc.com\/no\/wp-json\/wp\/v2\/product_brand?post=5296"},{"taxonomy":"product_cat","embeddable":true,"href":"https:\/\/medicinasinc.com\/no\/wp-json\/wp\/v2\/product_cat?post=5296"},{"taxonomy":"product_tag","embeddable":true,"href":"https:\/\/medicinasinc.com\/no\/wp-json\/wp\/v2\/product_tag?post=5296"}],"curies":[{"name":"wp","href":"https:\/\/api.w.org\/{rel}","templated":true}]}}