{"id":5295,"date":"2022-02-21T18:18:17","date_gmt":"2022-02-21T18:18:17","guid":{"rendered":"https:\/\/medicinasinc.com\/no\/?post_type=product&#038;p=5295"},"modified":"2022-03-22T00:57:11","modified_gmt":"2022-03-22T00:57:11","slug":"kjope-percocet-10mg-piller","status":"publish","type":"product","link":"https:\/\/medicinasinc.com\/no\/product\/kjope-percocet-10mg-piller\/","title":{"rendered":"Kj\u00f8p Percocet 10mg piller"},"content":{"rendered":"<h1 style=\"text-align: center\">Kj\u00f8p Percocet 10 mg piller p\u00e5 nettet.<\/h1>\n<div class=\"Section\" style=\"text-align: center\">\n<h1>BESKRIVELSE<\/h1>\n<p class=\"First\"><span class=\"Bold\">Oxycodone Hydrochloride og Acetaminophen er tilgjengelige i tabletter for oral administrering.<\/span><\/p>\n<p>Hver tablett for oral administrering inneholder oksykodonhydroklorid og paracetamol i f\u00f8lgende styrker :<\/p>\n<p>Oksykodonhydroklorid, USP\u00a0\u00a0\u00a0\u00a0\u00a0\u00a0\u00a0\u00a0\u00a0\u00a0\u00a0\u00a0 2,5 mg*<br \/> (*2,5 mg oksykodon\u00a0hydroklorid tilsvarer 2,2409 mg oksykodon.)<br \/> Acetaminophen, USP\u00a0\u00a0\u00a0\u00a0\u00a0\u00a0\u00a0\u00a0\u00a0\u00a0\u00a0\u00a0\u00a0\u00a0\u00a0\u00a0\u00a0\u00a0\u00a0\u00a0\u00a0\u00a0\u00a0\u00a0\u00a0\u00a0\u00a0\u00a0&gt; 2\u00a0p\u00a0\u00a0\u00a0\u00a0\u00a0\u00a0\u00a0\u00a0\u00a0\u00a0\u00a0\u00a0Oksykodonhydroklorid, USP\u00a0\u00a0\u00a0\u00a0\u00a0\u00a0\u00a0\u00a0\u00a0\u00a0\u00a0\u00a0 5 mg*<br \/> (*5 mg oksykodon\u00a0hydroklorid tilsvarer 4,4815 mg oksykodon.)<br \/> Acetaminophen, USP\u00a0\u00a0\u00a0\u00a0\u00a0\u00a0\u00a0\u00a0\u00a0\u00a0\u00a0\u00a0\u00a0\u00a0\u00a0\u00a0 \u00a0\u00a0\u00a0\u00a0\u00a0\u00a0\u00a0\u00a0\u00a0 \u00a0\u00a0\u00a0\u00a0\u00a0\u00a0\u00a0\u00a0\u00a0 \u00a0\u00a0\u00a0\u00a0\u00a0\u00a0\u00a0\u00a0\u00a0 \u00a0\u00a0\u00a0\u00a0\u00a0\u00a0\u00a0\u00a0\u00a0 \u00a0\u00a0\u00a0\u00a0\u00a0\u00a0\u00a0\u00a0\u00a0 \u00a0\u00a0\u00a0\u00a0\u00a0\u00a0\u00a0\u00a0\u00a0 \u00a0\u00a0\u00a0\u00a0\u00a0\u00a0br \/&gt; (*7,5 mg oksykodon\u00a0hydroklorid tilsvarer 6,7228 mg oksykodon.)<br \/> Acetaminophen, USP\u00a0\u00a0\u00a0\u00a0\u00a0\u00a0\u00a0\u00a0\u00a0\u00a0\u00a0\u00a0\u00a0\u00a0 \u00a0\u00a0\u00a0\u00a0\u00a0\u00a0\u00a0\u00a0\u00a0\u00a0\u00a0\u00a0 325 mg<\/p>\n<p>Oksykodon H ydroklorid, USP\u00a0\u00a0\u00a0\u00a0\u00a0\u00a0\u00a0\u00a0\u00a0\u00a0\u00a0\u00a0 10 mg*<br \/> (*10 mg oksykodon\u00a0hydroklorid tilsvarer 8,9637 mg oksykodon.)<br \/> Acetaminophen, USP\u00a0\u00a0\u00a0\u00a0\u00a0\u00a0\u00a0\u00a0\u00a0\u00a0\u00a0\u00a0\u00a0\u00a0\u00a0\u00a0 \u00a0\u00a0\u00a0\u00a0\u00a0\u00a0\u00a0\u00a0 \u00a0\u00a0\u00a0\u00a0\u00a0\u00a0\u00a0\u00a0 \u00a0\u00a0\u00a0\u00a0\u00a0\u00a0\u00a0\u00a0 \u00a0\u00a0\u00a0\u00a0\u00a0\u00a0\u00a0\u00a0 \u00a0\u00a0\u00a0\u00a0\u00a0\u00a0\u00a0\u00a0\u00a0 \u00a0\u00a0\u00a0\u00a0\u00a0\u00a0\u00a0\u00a0 \u00a0\u00a0\u00a0\u00a0\u00a0\u00a0\u00a0\u00a0 \u00a0\u00a0\u00a0\u00a0\u00a0\u00a0\u00a0strong&gt;\u00a0inneholder ogs\u00e5 f\u00f8lgende inaktive ingredienser: kolloidalt silisiumdioksid, kroskarmellosenatrium, mikrokrystallinsk cellulose, povidon, pregelatinisert maisstivelse og stearinsyre. Kan ogs\u00e5 inneholde krospovidon. I tillegg inneholder styrken p\u00e5 2,5 mg\/325 mg FD&amp;C Red No. 40 Aluminium Lake og styrken p\u00e5 5 mg\/325 mg inneholder FD&amp;C Blue No. 1 Aluminium Lake. Styrken p\u00e5 7,5 mg\/325 mg inneholder FD&amp;C Yellow No. 6 Aluminium Lake. Styrken p\u00e5 10 mg\/325 mg inneholder D&amp;C Yellow No. 10 Aluminium Lake. Styrken 7,5 mg\/325 mg og styrken 10 mg\/325 mg kan ogs\u00e5 inneholde maisstivelse.<\/p>\n<p>Oksykodonhydroklorid og paracetamol-tabletter inneholder oksykodon, 14-hydroksydihydrokodeinon, et halvsyntetisk opioidanalgetikum som forekommer som et hvitt til off-white fint krystallinsk pulver. Molekylformelen for oksykodonhydroklorid er C<span class=\"Sub\">18<\/span>H<span class=\"Sub\">21<\/span>NO<span class=\"Sub\">4<\/span>\u00a0\u2219 HCl og molekylvekten er 351,82. Det er avledet fra opiumalkaloidet, thebaine, og kan representeres av f\u00f8lgende strukturformel:<\/p>\n<div class=\"Figure\"><img decoding=\"async\" src=\"https:\/\/www.endo.com\/Image%20Library \/Endo\/EndoPharma\/Products\/Prescribing_Information\/pert-oxy-and-apap-tab-usp-1.jpg\" alt=\"oksykodonhydroklorid kjemisk struktur\" \/><\/div>\n<p>Oksykodonhydroklorid og paracetamol-tabletter inneholder paracetamol, 4&#8242;-hydroksyacetanilid, er et ikke-opiat, ikke-salisylat smertestillende og febernedsettende middel som oppst\u00e5r som et hvitt, luktfritt, krystallinsk pulver. Molekylformelen for paracetamol er C<span class=\"Sub\">8<\/span>H<span class=\"Sub\">9<\/span>NO<span class=\"Sub\">2<\/span>\u00a0og molekylvekten er 151,16. Den kan representeres av f\u00f8lgende strukturformel:<\/p>\n<div class=\"Figure\"><img decoding=\"async\" src=\"https:\/\/www.endo.com\/Image%20Library\/Endo\/EndoPharma\/Products\/Prescribing_Information\/pert -oxy-and-apap-tab-usp-2.jpg\" alt=\"Acetaminophen-strukturformel\" \/>&nbsp;<\/p>\n<p class=\"MultiMediaCaption\">Acetaminophen-strukturformel<\/p>\n<\/p><\/div><\/div>\n<div class=\"Section\" style=\"text-align: center\">\n<p>Hver tablett, for oral administrering, inneholder oksykodonhydroklorid og paracetamol i f\u00f8lgende styrker:<\/p>\n<p>Oksykodonhydroklorid, USP\u00a02,5 mg*<br \/> Acetaminophen, USP 325 mg<br \/> *2,5 mg oksykodon HCl tilsvarer 2,2409 mg oksykodon.<\/p>\n<p>Oksykodonhydroklorid, USP\u00a05 mg*<br \/> Acetaminophen, USP 325 mg<br \/> *5 mg oksykodon HCl tilsvarer 4,4815 mg oksykodon.<\/p>\n<p>Oksykodonhydroklorid, USP\u00a07,5 mg*<br \/> Acetaminophen, USP 325 mg<br \/> *7,5 mg oksykodon HCl tilsvarer 6,7228 mg oksykodon.<\/p>\n<p>Oksykodonhydroklorid, USP\u00a010 mg*<br \/> Acetami nophen, USP 325 mg<br \/> *10 mg oksykodon HCl tilsvarer 8,9637 mg oksykodon.<\/p>\n<p>Alle styrker av PERCOCET inneholder ogs\u00e5 f\u00f8lgende inaktive ingredienser: Kolloidalt silisiumdioksid, kroskarmellosenatrium, krospovidon, mikrokrystallinsk cellulose, povidon, pregelatinisert maisstivelse og stearinsyre. I tillegg inneholder styrken p\u00e5 2,5 mg\/325 mg FD&amp;C Red No. 40 Aluminium Lake, og styrken p\u00e5 5 mg\/325 mg inneholder FD&amp;C Blue No. 1 Aluminium Lake. Styrken p\u00e5 7,5 mg\/325 mg inneholder FD&amp;C Yellow No. 6 Aluminium Lake. Styrken p\u00e5 10 mg\/325 mg inneholder D&amp;C Yellow No. 10 Aluminium Lake. Styrkene 7,5 mg\/325 mg og 10 mg\/325 mg kan ogs\u00e5 inneholde maisstivelse.<\/p>\n<p>Oksykodon, 14-hydroksydihydrokodeinon, er et halvsyntetisk opioidanalgetikum som oppst\u00e5r som et hvitt, luktfritt, krystallinsk pulver med saltvann , bitter smak. Molekylformelen for oksykodonhydroklorid er C<sub>18<\/sub>H<sub>21<\/sub>NO<sub>4<\/sub>\u2022HCl og molekylvekten er 351,82. Det er avledet fra opiumalkaloidet thebaine, og kan representeres av f\u00f8lgende strukturformel:<\/p>\n<p>&nbsp;<\/p>\n<table class=\"blackpic\" width=\"256\" cellspacing=\"0\">\n<tbody>\n<tr>\n<td><img loading=\"lazy\" decoding=\"async\" title=\"Oksykodon - illustrasjon av strukturformel\" src=\"https:\/\/images.rxlist.com\/images\/rxlist\/oxyapap1.gif\" alt=\"Oksykodon - illustrasjon av strukturformel\" width=\"256\" height=\"154\" \/><\/td>\n<\/tr>\n<\/tbody>\n<\/table>\n<p>&nbsp;<\/p>\n<p>Acetaminophen, 4&#8242;-hydroksyacetanilid, er en\u00a0ikke -opiat, ikke-salisylat smertestillende og febernedsettende, som oppst\u00e5r som et hvitt, luktfritt, krystallinsk pulver med en litt bitter smak. Molekylformelen for paracetamol er C<sub>8<\/sub>H<sub>9<\/sub>NO<sub>2<\/sub>\u00a0og molekylvekten er 151,17. Den kan representeres av f\u00f8lgende strukturformel:<\/p>\n<p>&nbsp;<\/p>\n<table class=\"blackpic\" width=\"232\" cellspacing=\"0\">\n<tbody>\n<tr>\n<td> <img decoding=\"async\" title=\"Acetaminophen - illustrasjon av strukturformel\" src=\"https:\/\/images.rxlist.com\/images\/rxlist\/oxyapap2.gif\" alt=\"Acetaminophen - illustrasjon av strukturformel\" width=\"232\" height=\"106 \" \/><\/td>\n<\/tr>\n<\/tbody>\n<\/table><\/div>\n<p style=\"text-align: center\">Kj\u00f8p Percocet 10mg piller p\u00e5 nett. Andre\u00a0piller\u00a0som oksykodon er ogs\u00e5 tilgjengelige. Reseptfrie sovemedisiner til salgs til sv\u00e6rt billige priser.<\/p>\n<p style=\"text-align: center\"><strong>hvor lenge blir Percocet i systemet ditt, hvor lenge blir Percocet i systemet ditt , hvordan ser en percocet ut, hvordan f\u00f8les percocet, hvor lenge holder percocet seg i urinen din, hvordan er en percocet, hvordan ser percocet ut, hva brukes percocet til, hvordan f\u00e5r man foreskrevet percocet, hvor lenge ser percocet ut opphold i urin, hva er i percocet, hvor lenge varer percocet, hvordan ser en percocet 10 ut, hvor lenge varer percocet-uttak, hvilken farge er percocet, hvorfor f\u00e5r percocet deg til \u00e5 kl\u00f8, hva gj\u00f8r percocet med deg, hva f\u00f8les en percocet high som, hvordan ser percocet piller ut, hvor mye er percocet, hvordan ser en percocet 30 ut, hvor mye kan jeg selge percocet 5 325 for, hvor mange percocet \u00e5 overdose, hva er sterkere norco eller percocet, percocet kl\u00f8e hvordan stoppe, hvor mye koster percocet uten forsikring, hvor lenge varer percocet high, hvor lenge blir en percocet i systemet ditt, som er sterkere oksykodon eller percocet, hva er sterkere vicodin eller percocet, hvor f\u00e5r du tak i percocet, hvordan f\u00e5r percocet deg til \u00e5 f\u00f8le deg<\/strong><\/p>\n","protected":false},"excerpt":{"rendered":"<div class=\"woocommerce-product-details__short-description\">\n<p>Kj\u00f8p Percocet 10 mg piller p\u00e5 nettet. Sterke sovemedisiner, smertestillende medisiner, nettapotek uk, , smertestillende medisiner til salgs, smertestillende medisiner, kj\u00f8p av medisin p\u00e5 nett, kj\u00f8p smertestillende p\u00e5 nett, kj\u00f8p smertestillende p\u00e5 nett.<\/p>\n<\/p><\/div>\n","protected":false},"featured_media":5305,"comment_status":"open","ping_status":"closed","template":"","meta":[],"product_brand":[],"product_cat":[1117],"product_tag":[1721,1722,1780,1725,1784,1723,1726,1732,1727,1728,1785,1729,1793,1792,1791,1730,1731,1790,1789,1788,1724,1733,1734,1735,1691,1736,1738,1739,1740,1741,1743,1742,1744,1745,1746,1747,1748,1749,1750,1751,1752,1753,1754,1755,1756,1757,1758,1774,1761,1762,1763,1764,1776,1765,1767,1759,1760,1768,1766,1770,1771,1773,1772,1775,1769,1777,1778,1779,1781,1782,1783,1737,1786,1787],"class_list":{"0":"post-5295","1":"product","2":"type-product","3":"status-publish","4":"has-post-thumbnail","6":"product_cat-kjop-smerte-sove-sexpiller","7":"product_tag-30-mg-percocet","8":"product_tag-5mg-percocet","9":"product_tag-bilder-av-percocet-piller","10":"product_tag-billig-percocet-piller","11":"product_tag-bivirkninger-av-percocet","12":"product_tag-bl-percocet","13":"product_tag-effekter-av-percocet","14":"product_tag-er-oksykodon-det-samme-som-percocet","15":"product_tag-fake-percocet","16":"product_tag-falske-percocet-piller","17":"product_tag-gate-verdi-av-percocet","18":"product_tag-generisk-percocet","19":"product_tag-gul-percoce","20":"product_tag-hva-brukes-percocet-til","21":"product_tag-hva-er-percocet","22":"product_tag-hvor-lenge-blir-percocet-i-systemet-ditt","23":"product_tag-hvor-lenge-blir-percocet-i-urinen","24":"product_tag-hvordan-fles-percocet-som","25":"product_tag-hvordan-ser-en-percocet-ut","26":"product_tag-hvordan-ser-percocet-piller-ut","27":"product_tag-kjp-percocet-online","28":"product_tag-kle-percocet","29":"product_tag-molly-percocet","30":"product_tag-molly-percocet-sang","31":"product_tag-oksykodon-vs-percocet","32":"product_tag-oxycontin-vs-percocet","33":"product_tag-percocet-10","34":"product_tag-percocet-10-bilder","35":"product_tag-percocet-10-gul","36":"product_tag-percocet-10-325","37":"product_tag-percocet-10-325-efectos-white","38":"product_tag-percocet-10-325-effekter","39":"product_tag-percocet-10-325-espanol","40":"product_tag-percocet-10mg","41":"product_tag-percocet-15","42":"product_tag-percocet-15-mg","43":"product_tag-percocet-20-mg","44":"product_tag-percocet-30","45":"product_tag-percocet-30-mg","46":"product_tag-percocet-325","47":"product_tag-percocet-5","48":"product_tag-percocet-5-mg","49":"product_tag-percocet-5-325","50":"product_tag-percocet-5-325-pris","51":"product_tag-percocet-512","52":"product_tag-percocet-7-5","53":"product_tag-percocet-7-5-325-effekter","54":"product_tag-percocet-bivirkninger","55":"product_tag-percocet-dosering","56":"product_tag-percocet-drug","57":"product_tag-percocet-effects","58":"product_tag-percocet-feeling","59":"product_tag-percocet-gate-verdi","60":"product_tag-percocet-hy","61":"product_tag-percocet-molly","62":"product_tag-percocet-og-alkohol","63":"product_tag-percocet-og-xanax","64":"product_tag-percocet-online","65":"product_tag-percocet-p-spansk","66":"product_tag-percocet-pill","67":"product_tag-percocet-piller","68":"product_tag-percocet-piller-bilder","69":"product_tag-percocet-piller-til-salg","70":"product_tag-percocet-sang","71":"product_tag-percocet-smerte-piller","72":"product_tag-percocet-vs-tramadol","73":"product_tag-percocet-vs-vicodin","74":"product_tag-percocet-uttak","75":"product_tag-piller-som-ligner-percocet","76":"product_tag-piller-som-ligner-percocet-5mg","77":"product_tag-rosa-percocet","78":"product_tag-smerte-piller-til-salg-percocet","79":"product_tag-tramadol-vs-percocet","80":"product_tag-vicodin-vs-percocet","82":"first","83":"instock","84":"shipping-taxable","85":"purchasable","86":"product-type-variable","87":"has-default-attributes"},"yoast_head":"<!-- This site is optimized with the Yoast SEO plugin v27.3 - https:\/\/yoast.com\/product\/yoast-seo-wordpress\/ -->\n<title>Kj\u00f8p Percocet 10mg piller - Beste beste globale medisiner<\/title>\n<meta name=\"description\" content=\"Kj\u00f8p Percocet 10mg piller p\u00e5 nett. Sterke sovemedisiner, smertestillende medisiner, nettapotek uk, , smertestillende medisiner til salgs, smertestillende medisiner, kj\u00f8p av medisin p\u00e5 nett, kj\u00f8p smertestillende p\u00e5 nett, kj\u00f8p smertestillende medisiner p\u00e5 nett.\" \/>\n<meta name=\"robots\" content=\"index, follow, max-snippet:-1, max-image-preview:large, max-video-preview:-1\" \/>\n<link rel=\"canonical\" href=\"https:\/\/medicinasinc.com\/no\/product\/kjope-percocet-10mg-piller\/\" \/>\n<meta property=\"og:locale\" content=\"nn_NO\" \/>\n<meta property=\"og:type\" content=\"article\" \/>\n<meta property=\"og:title\" content=\"Kj\u00f8p Percocet 10mg piller - Beste beste globale medisiner\" \/>\n<meta property=\"og:description\" content=\"Kj\u00f8p Percocet 10mg piller p\u00e5 nett. Sterke sovemedisiner, smertestillende medisiner, nettapotek uk, , smertestillende medisiner til salgs, smertestillende medisiner, kj\u00f8p av medisin p\u00e5 nett, kj\u00f8p smertestillende p\u00e5 nett, kj\u00f8p smertestillende medisiner p\u00e5 nett.\" \/>\n<meta property=\"og:url\" content=\"https:\/\/medicinasinc.com\/no\/product\/kjope-percocet-10mg-piller\/\" \/>\n<meta property=\"og:site_name\" content=\"Medicinas Inc\" \/>\n<meta property=\"article:modified_time\" content=\"2022-03-22T00:57:11+00:00\" \/>\n<meta property=\"og:image\" content=\"https:\/\/medicinasinc.com\/no\/wp-content\/uploads\/sites\/14\/2022\/02\/Buy-Percocet-10mg-pills.jpg\" \/>\n\t<meta property=\"og:image:width\" content=\"600\" \/>\n\t<meta property=\"og:image:height\" content=\"400\" \/>\n\t<meta property=\"og:image:type\" content=\"image\/jpeg\" \/>\n<meta name=\"twitter:card\" content=\"summary_large_image\" \/>\n<meta name=\"twitter:label1\" content=\"Est. reading time\" \/>\n\t<meta name=\"twitter:data1\" content=\"5 minutt\" \/>\n<script type=\"application\/ld+json\" class=\"yoast-schema-graph\">{\"@context\":\"https:\\\/\\\/schema.org\",\"@graph\":[{\"@type\":\"WebPage\",\"@id\":\"https:\\\/\\\/medicinasinc.com\\\/no\\\/product\\\/kjope-percocet-10mg-piller\\\/\",\"url\":\"https:\\\/\\\/medicinasinc.com\\\/no\\\/product\\\/kjope-percocet-10mg-piller\\\/\",\"name\":\"Kj\u00f8p Percocet 10mg piller - Beste beste globale medisiner\",\"isPartOf\":{\"@id\":\"https:\\\/\\\/medicinasinc.com\\\/no\\\/#website\"},\"primaryImageOfPage\":{\"@id\":\"https:\\\/\\\/medicinasinc.com\\\/no\\\/product\\\/kjope-percocet-10mg-piller\\\/#primaryimage\"},\"image\":{\"@id\":\"https:\\\/\\\/medicinasinc.com\\\/no\\\/product\\\/kjope-percocet-10mg-piller\\\/#primaryimage\"},\"thumbnailUrl\":\"https:\\\/\\\/medicinasinc.com\\\/no\\\/wp-content\\\/uploads\\\/sites\\\/14\\\/2022\\\/02\\\/Buy-Percocet-10mg-pills.jpg\",\"datePublished\":\"2022-02-21T18:18:17+00:00\",\"dateModified\":\"2022-03-22T00:57:11+00:00\",\"description\":\"Kj\u00f8p Percocet 10mg piller p\u00e5 nett. Sterke sovemedisiner, smertestillende medisiner, nettapotek uk, , smertestillende medisiner til salgs, smertestillende medisiner, kj\u00f8p av medisin p\u00e5 nett, kj\u00f8p smertestillende p\u00e5 nett, kj\u00f8p smertestillende medisiner p\u00e5 nett.\",\"breadcrumb\":{\"@id\":\"https:\\\/\\\/medicinasinc.com\\\/no\\\/product\\\/kjope-percocet-10mg-piller\\\/#breadcrumb\"},\"inLanguage\":\"nn-NO\",\"potentialAction\":[{\"@type\":\"ReadAction\",\"target\":[\"https:\\\/\\\/medicinasinc.com\\\/no\\\/product\\\/kjope-percocet-10mg-piller\\\/\"]}]},{\"@type\":\"ImageObject\",\"inLanguage\":\"nn-NO\",\"@id\":\"https:\\\/\\\/medicinasinc.com\\\/no\\\/product\\\/kjope-percocet-10mg-piller\\\/#primaryimage\",\"url\":\"https:\\\/\\\/medicinasinc.com\\\/no\\\/wp-content\\\/uploads\\\/sites\\\/14\\\/2022\\\/02\\\/Buy-Percocet-10mg-pills.jpg\",\"contentUrl\":\"https:\\\/\\\/medicinasinc.com\\\/no\\\/wp-content\\\/uploads\\\/sites\\\/14\\\/2022\\\/02\\\/Buy-Percocet-10mg-pills.jpg\",\"width\":600,\"height\":400},{\"@type\":\"BreadcrumbList\",\"@id\":\"https:\\\/\\\/medicinasinc.com\\\/no\\\/product\\\/kjope-percocet-10mg-piller\\\/#breadcrumb\",\"itemListElement\":[{\"@type\":\"ListItem\",\"position\":1,\"name\":\"Butikk\",\"item\":\"https:\\\/\\\/medicinasinc.com\\\/no\\\/butikk\\\/\"},{\"@type\":\"ListItem\",\"position\":2,\"name\":\"Kj\u00f8p Percocet 10mg piller\"}]},{\"@type\":\"WebSite\",\"@id\":\"https:\\\/\\\/medicinasinc.com\\\/no\\\/#website\",\"url\":\"https:\\\/\\\/medicinasinc.com\\\/no\\\/\",\"name\":\"Medicinas Inc\",\"description\":\"Helsemedisinsk klinikk\",\"potentialAction\":[{\"@type\":\"SearchAction\",\"target\":{\"@type\":\"EntryPoint\",\"urlTemplate\":\"https:\\\/\\\/medicinasinc.com\\\/no\\\/?s={search_term_string}\"},\"query-input\":{\"@type\":\"PropertyValueSpecification\",\"valueRequired\":true,\"valueName\":\"search_term_string\"}}],\"inLanguage\":\"nn-NO\"}]}<\/script>\n<!-- \/ Yoast SEO plugin. -->","yoast_head_json":{"title":"Kj\u00f8p Percocet 10mg piller - Beste beste globale medisiner","description":"Kj\u00f8p Percocet 10mg piller p\u00e5 nett. Sterke sovemedisiner, smertestillende medisiner, nettapotek uk, , smertestillende medisiner til salgs, smertestillende medisiner, kj\u00f8p av medisin p\u00e5 nett, kj\u00f8p smertestillende p\u00e5 nett, kj\u00f8p smertestillende medisiner p\u00e5 nett.","robots":{"index":"index","follow":"follow","max-snippet":"max-snippet:-1","max-image-preview":"max-image-preview:large","max-video-preview":"max-video-preview:-1"},"canonical":"https:\/\/medicinasinc.com\/no\/product\/kjope-percocet-10mg-piller\/","og_locale":"nn_NO","og_type":"article","og_title":"Kj\u00f8p Percocet 10mg piller - Beste beste globale medisiner","og_description":"Kj\u00f8p Percocet 10mg piller p\u00e5 nett. Sterke sovemedisiner, smertestillende medisiner, nettapotek uk, , smertestillende medisiner til salgs, smertestillende medisiner, kj\u00f8p av medisin p\u00e5 nett, kj\u00f8p smertestillende p\u00e5 nett, kj\u00f8p smertestillende medisiner p\u00e5 nett.","og_url":"https:\/\/medicinasinc.com\/no\/product\/kjope-percocet-10mg-piller\/","og_site_name":"Medicinas Inc","article_modified_time":"2022-03-22T00:57:11+00:00","og_image":[{"width":600,"height":400,"url":"https:\/\/medicinasinc.com\/no\/wp-content\/uploads\/sites\/14\/2022\/02\/Buy-Percocet-10mg-pills.jpg","type":"image\/jpeg"}],"twitter_card":"summary_large_image","twitter_misc":{"Est. reading time":"5 minutt"},"schema":{"@context":"https:\/\/schema.org","@graph":[{"@type":"WebPage","@id":"https:\/\/medicinasinc.com\/no\/product\/kjope-percocet-10mg-piller\/","url":"https:\/\/medicinasinc.com\/no\/product\/kjope-percocet-10mg-piller\/","name":"Kj\u00f8p Percocet 10mg piller - Beste beste globale medisiner","isPartOf":{"@id":"https:\/\/medicinasinc.com\/no\/#website"},"primaryImageOfPage":{"@id":"https:\/\/medicinasinc.com\/no\/product\/kjope-percocet-10mg-piller\/#primaryimage"},"image":{"@id":"https:\/\/medicinasinc.com\/no\/product\/kjope-percocet-10mg-piller\/#primaryimage"},"thumbnailUrl":"https:\/\/medicinasinc.com\/no\/wp-content\/uploads\/sites\/14\/2022\/02\/Buy-Percocet-10mg-pills.jpg","datePublished":"2022-02-21T18:18:17+00:00","dateModified":"2022-03-22T00:57:11+00:00","description":"Kj\u00f8p Percocet 10mg piller p\u00e5 nett. Sterke sovemedisiner, smertestillende medisiner, nettapotek uk, , smertestillende medisiner til salgs, smertestillende medisiner, kj\u00f8p av medisin p\u00e5 nett, kj\u00f8p smertestillende p\u00e5 nett, kj\u00f8p smertestillende medisiner p\u00e5 nett.","breadcrumb":{"@id":"https:\/\/medicinasinc.com\/no\/product\/kjope-percocet-10mg-piller\/#breadcrumb"},"inLanguage":"nn-NO","potentialAction":[{"@type":"ReadAction","target":["https:\/\/medicinasinc.com\/no\/product\/kjope-percocet-10mg-piller\/"]}]},{"@type":"ImageObject","inLanguage":"nn-NO","@id":"https:\/\/medicinasinc.com\/no\/product\/kjope-percocet-10mg-piller\/#primaryimage","url":"https:\/\/medicinasinc.com\/no\/wp-content\/uploads\/sites\/14\/2022\/02\/Buy-Percocet-10mg-pills.jpg","contentUrl":"https:\/\/medicinasinc.com\/no\/wp-content\/uploads\/sites\/14\/2022\/02\/Buy-Percocet-10mg-pills.jpg","width":600,"height":400},{"@type":"BreadcrumbList","@id":"https:\/\/medicinasinc.com\/no\/product\/kjope-percocet-10mg-piller\/#breadcrumb","itemListElement":[{"@type":"ListItem","position":1,"name":"Butikk","item":"https:\/\/medicinasinc.com\/no\/butikk\/"},{"@type":"ListItem","position":2,"name":"Kj\u00f8p Percocet 10mg piller"}]},{"@type":"WebSite","@id":"https:\/\/medicinasinc.com\/no\/#website","url":"https:\/\/medicinasinc.com\/no\/","name":"Medicinas Inc","description":"Helsemedisinsk klinikk","potentialAction":[{"@type":"SearchAction","target":{"@type":"EntryPoint","urlTemplate":"https:\/\/medicinasinc.com\/no\/?s={search_term_string}"},"query-input":{"@type":"PropertyValueSpecification","valueRequired":true,"valueName":"search_term_string"}}],"inLanguage":"nn-NO"}]}},"_links":{"self":[{"href":"https:\/\/medicinasinc.com\/no\/wp-json\/wp\/v2\/product\/5295","targetHints":{"allow":["GET"]}}],"collection":[{"href":"https:\/\/medicinasinc.com\/no\/wp-json\/wp\/v2\/product"}],"about":[{"href":"https:\/\/medicinasinc.com\/no\/wp-json\/wp\/v2\/types\/product"}],"replies":[{"embeddable":true,"href":"https:\/\/medicinasinc.com\/no\/wp-json\/wp\/v2\/comments?post=5295"}],"wp:featuredmedia":[{"embeddable":true,"href":"https:\/\/medicinasinc.com\/no\/wp-json\/wp\/v2\/media\/5305"}],"wp:attachment":[{"href":"https:\/\/medicinasinc.com\/no\/wp-json\/wp\/v2\/media?parent=5295"}],"wp:term":[{"taxonomy":"product_brand","embeddable":true,"href":"https:\/\/medicinasinc.com\/no\/wp-json\/wp\/v2\/product_brand?post=5295"},{"taxonomy":"product_cat","embeddable":true,"href":"https:\/\/medicinasinc.com\/no\/wp-json\/wp\/v2\/product_cat?post=5295"},{"taxonomy":"product_tag","embeddable":true,"href":"https:\/\/medicinasinc.com\/no\/wp-json\/wp\/v2\/product_tag?post=5295"}],"curies":[{"name":"wp","href":"https:\/\/api.w.org\/{rel}","templated":true}]}}