{"id":5294,"date":"2022-02-21T18:18:05","date_gmt":"2022-02-21T18:18:05","guid":{"rendered":"https:\/\/medicinasinc.com\/no\/?post_type=product&#038;p=5294"},"modified":"2022-03-22T00:57:21","modified_gmt":"2022-03-22T00:57:21","slug":"kjop-oksykodon-80-mg","status":"publish","type":"product","link":"https:\/\/medicinasinc.com\/no\/product\/kjop-oksykodon-80-mg\/","title":{"rendered":"Kj\u00f8p Oxycodone 80 mg"},"content":{"rendered":"<div class=\"woocommerce-tabs wc-tabs-wrapper\">\n<div id=\"tab-description\" class=\"woocommerce-Tabs-panel woocommerce-Tabs-panel--description panel entry-content wc-tab\" style=\"text-align: center\" role=\"tabpanel\" aria-labelledby=\"tab-title-description\">\n<p>Nettapotek for \u00e5 kj\u00f8pe oxycontin 80mg tabletter.<\/p>\n<p>Online kj\u00f8p av Oxycodone 80mg tabletter. I tillegg er 40 mg oksykodon-piller tilgjengelig. Kj\u00f8p kun medisiner av h\u00f8yeste kvalitet fra oss.<\/p>\n<p>SAMMENDRAG Oxycodone er en opioid smertestillende medisin som brukes til \u00e5 behandle moderate til sterke smerter.<br \/> MERKENAVN<br \/> Endocet og Endodan er begge anti- diar\u00e9 medisiner. Mai 2009, omformulert Xolox, Xtampza, Nalocet, Oxaydo, Oxy.IR, Oxycontin, Oxyneo, Percocet, Prolate, Rivacocet, Roxicet, Roxicodone, Targin, Targiniq<br \/> NAVN GENERELT<br \/> DRUGBANK Oxye ACCESS NUMBER -DB0codon <br \/> BAKGRUNN<br \/> Oksykodon er et semisyntetisk opioidanalgetikum som ble utviklet i 1917 i Tyskland fra thebaine.<br \/> 3<br \/> Det er n\u00e5 godkjent som et produkt med umiddelbar frigj\u00f8ring for moderate til sterke smerter og som et produkt med utvidet frigivelse for kronisk moderat til alvorlig smerte som krever kontinuerlige opioidanalgetika over lengre tid.<br \/> FDA godkjente den f\u00f8rste oksykodonholdige medisinen, Percodan, 12. april 1950.<br \/> TYPER SM\u00c5 MOLEKYLER<br \/> GRUPPER<br \/> Godkjente, ulovlige og unders\u00f8kende<\/p>\n<\/p><\/div><\/div>\n","protected":false},"excerpt":{"rendered":"<p>Kj\u00f8p p\u00e5 nett av Oxycodone 80mg tabletter.<\/p>\n<p>Nettkj\u00f8p av Oxycodone 80mg tabletter. Oxycodone 80mg til salgs i Storbritannia og Europa. I tillegg er 80 mg oksykodon-piller tilgjengelig. Kj\u00f8p kun medisiner av h\u00f8yeste kvalitet fra oss.<\/p>\n<p>Kj\u00f8p p\u00e5 nett av Oxycodone 80 mg tabletter. I tillegg er 80 mg oksykodon-piller tilgjengelig. Kj\u00f8p kun medisiner av h\u00f8yeste kvalitet fra oss.<\/p>\n","protected":false},"featured_media":5303,"comment_status":"open","ping_status":"closed","template":"","meta":[],"product_brand":[],"product_cat":[1117],"product_tag":[1638,1639,1640,1714,1644,1645,1646,1681,1719,1718,1720,1717,1643,1649,1650,1651,1652,1653,1705,1657,1658,1660,1661,1662,1663,1665,1667,1668,1669,1670,1688,1689,1677,1678,1679,1680,1685,1672,1673,1674,1686,1687,1684,1691,1692,1676,1693,1694,1671,1675,1682,1683,1703,1704,1654,1707,1647,1655,1656,1659,1664,1666,1690,1696,1697,1056,1698,1700,1701,1702,1699,1706,1708,1709,1710,1711,1712,1713,1715,1716],"class_list":{"0":"post-5294","1":"product","2":"type-product","3":"status-publish","4":"has-post-thumbnail","6":"product_cat-kjop-smerte-sove-sexpiller","7":"product_tag-15-mg-oksykodon","8":"product_tag-20-mg-oksykodon","9":"product_tag-20mg-oxycodone","10":"product_tag-bivirkninger-av-oksykodon","11":"product_tag-er-oksykodon-en-opioid","12":"product_tag-flytende-oksykodon","13":"product_tag-flytende-oksykontin","14":"product_tag-oksykodon-hy","15":"product_tag-hva-er-oksymorfon","16":"product_tag-hva-er-oksy","17":"product_tag-hva-er-roksikodon","18":"product_tag-hva-gjr-oksykodon","19":"product_tag-hvor-lenge-varer-oksykodon","20":"product_tag-oksikodon","21":"product_tag-oksy","22":"product_tag-oksy-10","23":"product_tag-oksy-5-mg","24":"product_tag-oksy-medikament","25":"product_tag-oksycotton","26":"product_tag-oksykodin","27":"product_tag-oksykodon","28":"product_tag-oksykodon-10","29":"product_tag-oksykodon-10-mg","30":"product_tag-oksykodon-10mg-rosa","31":"product_tag-oksykodon-15-mg","32":"product_tag-oksykodon-20-mg","33":"product_tag-oksykodon-30-mg","34":"product_tag-oksykodon-5","35":"product_tag-oksykodon-5-325","36":"product_tag-oksykodon-5-mg","37":"product_tag-oksykodon-bivirkninger","38":"product_tag-oksykodon-bruk","39":"product_tag-oksykodon-halveringstid","40":"product_tag-oksykodon-hcl","41":"product_tag-oksykodon-hcl-5-mg-tablett","42":"product_tag-oksykodon-hcl-5mg","43":"product_tag-oksykodon-ingredienser","44":"product_tag-oksykodon-og-alkohol","45":"product_tag-oksykodon-og-ibuprofen","46":"product_tag-oksykodon-og-tylenol","47":"product_tag-oksykodon-pille","48":"product_tag-oksykodon-piller","49":"product_tag-oksykodon-umiddelbar-frigjring","50":"product_tag-oksykodon-vs-percocet","51":"product_tag-oksykodon-acetaminofen","52":"product_tag-oksykodon-effekter","53":"product_tag-oksykodon-acetaminofen-5-325","54":"product_tag-oksykodon-apap","55":"product_tag-oksykodon-avhengighet","56":"product_tag-oksykodon-doser","57":"product_tag-oksykodon-hydroklorid","58":"product_tag-oksykodon-hydroklorid-5-mg","59":"product_tag-oksykontin-vs-oksykodon","60":"product_tag-oksykoton","61":"product_tag-oksylegemidler","62":"product_tag-oksytocin-piller","63":"product_tag-opioid-smertestillende","64":"product_tag-oxy-pille","65":"product_tag-oxy-piller","66":"product_tag-oxycodone","67":"product_tag-oxycodone-15mg","68":"product_tag-oxycodone-20mg","69":"product_tag-oxycodone-vs-oxycontin","70":"product_tag-oxycontin","71":"product_tag-oxycontin-30-mg","72":"product_tag-oxycontin-80-mg","73":"product_tag-oxycontin-dosering","74":"product_tag-oxycontin-generisk","75":"product_tag-oxycontin-ir","76":"product_tag-oxycontin-overdose","77":"product_tag-oxycontin-effekter","78":"product_tag-oxys","79":"product_tag-pille-20","80":"product_tag-prescription-pain-meds","81":"product_tag-roksikodon-vs-oksykodon","82":"product_tag-roxy-10","83":"product_tag-roxy-30s","84":"product_tag-roxy-medikament","85":"product_tag-typer-opioider","86":"product_tag-typer-smertestillende-midler","88":"first","89":"instock","90":"shipping-taxable","91":"purchasable","92":"product-type-variable","93":"has-default-attributes"},"yoast_head":"<!-- This site is optimized with the Yoast SEO plugin v27.3 - https:\/\/yoast.com\/product\/yoast-seo-wordpress\/ -->\n<title>Kj\u00f8p Oxycodone 80 mg - Beste beste globale medisiner<\/title>\n<meta name=\"description\" content=\"Kj\u00f8p Oxycodone 80mg piller online. Kj\u00f8p Oxycodone 80mg for salg Storbritannia, Europa. Oksykodon 80 mg piller ogs\u00e5 tilgjengelig. Kj\u00f8p pillene av beste kvalitet hos oss.\" \/>\n<meta name=\"robots\" content=\"index, follow, max-snippet:-1, max-image-preview:large, max-video-preview:-1\" \/>\n<link rel=\"canonical\" href=\"https:\/\/medicinasinc.com\/no\/product\/kjop-oksykodon-80-mg\/\" \/>\n<meta property=\"og:locale\" content=\"nn_NO\" \/>\n<meta property=\"og:type\" content=\"article\" \/>\n<meta property=\"og:title\" content=\"Kj\u00f8p Oxycodone 80 mg - Beste beste globale medisiner\" \/>\n<meta property=\"og:description\" content=\"Kj\u00f8p Oxycodone 80mg piller online. Kj\u00f8p Oxycodone 80mg for salg Storbritannia, Europa. Oksykodon 80 mg piller ogs\u00e5 tilgjengelig. Kj\u00f8p pillene av beste kvalitet hos oss.\" \/>\n<meta property=\"og:url\" content=\"https:\/\/medicinasinc.com\/no\/product\/kjop-oksykodon-80-mg\/\" \/>\n<meta property=\"og:site_name\" content=\"Medicinas Inc\" \/>\n<meta property=\"article:modified_time\" content=\"2022-03-22T00:57:21+00:00\" \/>\n<meta property=\"og:image\" content=\"https:\/\/medicinasinc.com\/no\/wp-content\/uploads\/sites\/14\/2022\/02\/Buy-Oxycodone-80mg.jpg\" \/>\n\t<meta property=\"og:image:width\" content=\"600\" \/>\n\t<meta property=\"og:image:height\" content=\"514\" \/>\n\t<meta property=\"og:image:type\" content=\"image\/jpeg\" \/>\n<meta name=\"twitter:card\" content=\"summary_large_image\" \/>\n<meta name=\"twitter:label1\" content=\"Est. reading time\" \/>\n\t<meta name=\"twitter:data1\" content=\"1 minutt\" \/>\n<script type=\"application\/ld+json\" class=\"yoast-schema-graph\">{\"@context\":\"https:\\\/\\\/schema.org\",\"@graph\":[{\"@type\":\"WebPage\",\"@id\":\"https:\\\/\\\/medicinasinc.com\\\/no\\\/product\\\/kjop-oksykodon-80-mg\\\/\",\"url\":\"https:\\\/\\\/medicinasinc.com\\\/no\\\/product\\\/kjop-oksykodon-80-mg\\\/\",\"name\":\"Kj\u00f8p Oxycodone 80 mg - Beste beste globale medisiner\",\"isPartOf\":{\"@id\":\"https:\\\/\\\/medicinasinc.com\\\/no\\\/#website\"},\"primaryImageOfPage\":{\"@id\":\"https:\\\/\\\/medicinasinc.com\\\/no\\\/product\\\/kjop-oksykodon-80-mg\\\/#primaryimage\"},\"image\":{\"@id\":\"https:\\\/\\\/medicinasinc.com\\\/no\\\/product\\\/kjop-oksykodon-80-mg\\\/#primaryimage\"},\"thumbnailUrl\":\"https:\\\/\\\/medicinasinc.com\\\/no\\\/wp-content\\\/uploads\\\/sites\\\/14\\\/2022\\\/02\\\/Buy-Oxycodone-80mg.jpg\",\"datePublished\":\"2022-02-21T18:18:05+00:00\",\"dateModified\":\"2022-03-22T00:57:21+00:00\",\"description\":\"Kj\u00f8p Oxycodone 80mg piller online. Kj\u00f8p Oxycodone 80mg for salg Storbritannia, Europa. Oksykodon 80 mg piller ogs\u00e5 tilgjengelig. Kj\u00f8p pillene av beste kvalitet hos oss.\",\"breadcrumb\":{\"@id\":\"https:\\\/\\\/medicinasinc.com\\\/no\\\/product\\\/kjop-oksykodon-80-mg\\\/#breadcrumb\"},\"inLanguage\":\"nn-NO\",\"potentialAction\":[{\"@type\":\"ReadAction\",\"target\":[\"https:\\\/\\\/medicinasinc.com\\\/no\\\/product\\\/kjop-oksykodon-80-mg\\\/\"]}]},{\"@type\":\"ImageObject\",\"inLanguage\":\"nn-NO\",\"@id\":\"https:\\\/\\\/medicinasinc.com\\\/no\\\/product\\\/kjop-oksykodon-80-mg\\\/#primaryimage\",\"url\":\"https:\\\/\\\/medicinasinc.com\\\/no\\\/wp-content\\\/uploads\\\/sites\\\/14\\\/2022\\\/02\\\/Buy-Oxycodone-80mg.jpg\",\"contentUrl\":\"https:\\\/\\\/medicinasinc.com\\\/no\\\/wp-content\\\/uploads\\\/sites\\\/14\\\/2022\\\/02\\\/Buy-Oxycodone-80mg.jpg\",\"width\":600,\"height\":514},{\"@type\":\"BreadcrumbList\",\"@id\":\"https:\\\/\\\/medicinasinc.com\\\/no\\\/product\\\/kjop-oksykodon-80-mg\\\/#breadcrumb\",\"itemListElement\":[{\"@type\":\"ListItem\",\"position\":1,\"name\":\"Butikk\",\"item\":\"https:\\\/\\\/medicinasinc.com\\\/no\\\/butikk\\\/\"},{\"@type\":\"ListItem\",\"position\":2,\"name\":\"Kj\u00f8p Oxycodone 80 mg\"}]},{\"@type\":\"WebSite\",\"@id\":\"https:\\\/\\\/medicinasinc.com\\\/no\\\/#website\",\"url\":\"https:\\\/\\\/medicinasinc.com\\\/no\\\/\",\"name\":\"Medicinas Inc\",\"description\":\"Helsemedisinsk klinikk\",\"potentialAction\":[{\"@type\":\"SearchAction\",\"target\":{\"@type\":\"EntryPoint\",\"urlTemplate\":\"https:\\\/\\\/medicinasinc.com\\\/no\\\/?s={search_term_string}\"},\"query-input\":{\"@type\":\"PropertyValueSpecification\",\"valueRequired\":true,\"valueName\":\"search_term_string\"}}],\"inLanguage\":\"nn-NO\"}]}<\/script>\n<!-- \/ Yoast SEO plugin. -->","yoast_head_json":{"title":"Kj\u00f8p Oxycodone 80 mg - Beste beste globale medisiner","description":"Kj\u00f8p Oxycodone 80mg piller online. Kj\u00f8p Oxycodone 80mg for salg Storbritannia, Europa. Oksykodon 80 mg piller ogs\u00e5 tilgjengelig. Kj\u00f8p pillene av beste kvalitet hos oss.","robots":{"index":"index","follow":"follow","max-snippet":"max-snippet:-1","max-image-preview":"max-image-preview:large","max-video-preview":"max-video-preview:-1"},"canonical":"https:\/\/medicinasinc.com\/no\/product\/kjop-oksykodon-80-mg\/","og_locale":"nn_NO","og_type":"article","og_title":"Kj\u00f8p Oxycodone 80 mg - Beste beste globale medisiner","og_description":"Kj\u00f8p Oxycodone 80mg piller online. Kj\u00f8p Oxycodone 80mg for salg Storbritannia, Europa. Oksykodon 80 mg piller ogs\u00e5 tilgjengelig. Kj\u00f8p pillene av beste kvalitet hos oss.","og_url":"https:\/\/medicinasinc.com\/no\/product\/kjop-oksykodon-80-mg\/","og_site_name":"Medicinas Inc","article_modified_time":"2022-03-22T00:57:21+00:00","og_image":[{"width":600,"height":514,"url":"https:\/\/medicinasinc.com\/no\/wp-content\/uploads\/sites\/14\/2022\/02\/Buy-Oxycodone-80mg.jpg","type":"image\/jpeg"}],"twitter_card":"summary_large_image","twitter_misc":{"Est. reading time":"1 minutt"},"schema":{"@context":"https:\/\/schema.org","@graph":[{"@type":"WebPage","@id":"https:\/\/medicinasinc.com\/no\/product\/kjop-oksykodon-80-mg\/","url":"https:\/\/medicinasinc.com\/no\/product\/kjop-oksykodon-80-mg\/","name":"Kj\u00f8p Oxycodone 80 mg - Beste beste globale medisiner","isPartOf":{"@id":"https:\/\/medicinasinc.com\/no\/#website"},"primaryImageOfPage":{"@id":"https:\/\/medicinasinc.com\/no\/product\/kjop-oksykodon-80-mg\/#primaryimage"},"image":{"@id":"https:\/\/medicinasinc.com\/no\/product\/kjop-oksykodon-80-mg\/#primaryimage"},"thumbnailUrl":"https:\/\/medicinasinc.com\/no\/wp-content\/uploads\/sites\/14\/2022\/02\/Buy-Oxycodone-80mg.jpg","datePublished":"2022-02-21T18:18:05+00:00","dateModified":"2022-03-22T00:57:21+00:00","description":"Kj\u00f8p Oxycodone 80mg piller online. Kj\u00f8p Oxycodone 80mg for salg Storbritannia, Europa. Oksykodon 80 mg piller ogs\u00e5 tilgjengelig. Kj\u00f8p pillene av beste kvalitet hos oss.","breadcrumb":{"@id":"https:\/\/medicinasinc.com\/no\/product\/kjop-oksykodon-80-mg\/#breadcrumb"},"inLanguage":"nn-NO","potentialAction":[{"@type":"ReadAction","target":["https:\/\/medicinasinc.com\/no\/product\/kjop-oksykodon-80-mg\/"]}]},{"@type":"ImageObject","inLanguage":"nn-NO","@id":"https:\/\/medicinasinc.com\/no\/product\/kjop-oksykodon-80-mg\/#primaryimage","url":"https:\/\/medicinasinc.com\/no\/wp-content\/uploads\/sites\/14\/2022\/02\/Buy-Oxycodone-80mg.jpg","contentUrl":"https:\/\/medicinasinc.com\/no\/wp-content\/uploads\/sites\/14\/2022\/02\/Buy-Oxycodone-80mg.jpg","width":600,"height":514},{"@type":"BreadcrumbList","@id":"https:\/\/medicinasinc.com\/no\/product\/kjop-oksykodon-80-mg\/#breadcrumb","itemListElement":[{"@type":"ListItem","position":1,"name":"Butikk","item":"https:\/\/medicinasinc.com\/no\/butikk\/"},{"@type":"ListItem","position":2,"name":"Kj\u00f8p Oxycodone 80 mg"}]},{"@type":"WebSite","@id":"https:\/\/medicinasinc.com\/no\/#website","url":"https:\/\/medicinasinc.com\/no\/","name":"Medicinas Inc","description":"Helsemedisinsk klinikk","potentialAction":[{"@type":"SearchAction","target":{"@type":"EntryPoint","urlTemplate":"https:\/\/medicinasinc.com\/no\/?s={search_term_string}"},"query-input":{"@type":"PropertyValueSpecification","valueRequired":true,"valueName":"search_term_string"}}],"inLanguage":"nn-NO"}]}},"_links":{"self":[{"href":"https:\/\/medicinasinc.com\/no\/wp-json\/wp\/v2\/product\/5294","targetHints":{"allow":["GET"]}}],"collection":[{"href":"https:\/\/medicinasinc.com\/no\/wp-json\/wp\/v2\/product"}],"about":[{"href":"https:\/\/medicinasinc.com\/no\/wp-json\/wp\/v2\/types\/product"}],"replies":[{"embeddable":true,"href":"https:\/\/medicinasinc.com\/no\/wp-json\/wp\/v2\/comments?post=5294"}],"wp:featuredmedia":[{"embeddable":true,"href":"https:\/\/medicinasinc.com\/no\/wp-json\/wp\/v2\/media\/5303"}],"wp:attachment":[{"href":"https:\/\/medicinasinc.com\/no\/wp-json\/wp\/v2\/media?parent=5294"}],"wp:term":[{"taxonomy":"product_brand","embeddable":true,"href":"https:\/\/medicinasinc.com\/no\/wp-json\/wp\/v2\/product_brand?post=5294"},{"taxonomy":"product_cat","embeddable":true,"href":"https:\/\/medicinasinc.com\/no\/wp-json\/wp\/v2\/product_cat?post=5294"},{"taxonomy":"product_tag","embeddable":true,"href":"https:\/\/medicinasinc.com\/no\/wp-json\/wp\/v2\/product_tag?post=5294"}],"curies":[{"name":"wp","href":"https:\/\/api.w.org\/{rel}","templated":true}]}}