{"id":5293,"date":"2022-02-21T18:15:16","date_gmt":"2022-02-21T18:15:16","guid":{"rendered":"https:\/\/medicinasinc.com\/no\/?post_type=product&#038;p=5293"},"modified":"2022-03-22T00:57:34","modified_gmt":"2022-03-22T00:57:34","slug":"kjope-oksykodon-40mg-piller","status":"publish","type":"product","link":"https:\/\/medicinasinc.com\/no\/product\/kjope-oksykodon-40mg-piller\/","title":{"rendered":"Kj\u00f8p OxyCodone 40mg piller"},"content":{"rendered":"<p>Kj\u00f8p p\u00e5 nett av Oxycodone 40mg tabletter.<\/p>\n<p>Kj\u00f8p p\u00e5 nett av Oxycodone 40mg tabletter. I tillegg selger vi kodein. Over hele verden brukes smertestillende og andre medisiner.<\/p>\n<p>Nettapotek for \u00e5 kj\u00f8pe OxyCodone 40mg tabletter.<\/p>\n<p>Kj\u00f8p Oxycodone Online | Kj\u00f8p Oxycodone 40mg uten resept<\/p>\n<p>Du kan f\u00e5 ekspresslevering ved \u00e5 bruke et kredittkort.<\/p>\n<p>Dette legemidlet brukes til \u00e5 lindre alvorlige, vedvarende smerter (som pga. kreft).<\/p>\n<p>Oksykodon er et opioidanalgetikum. Det virker ved \u00e5 endre hvordan kroppen din oppfatter og reagerer p\u00e5 smerter i hjernen.<\/p>\n<p>De h\u00f8yere dosene av denne medisinen (mer enn 40 mg per tablett) b\u00f8r kun brukes hvis du har tatt moderate til h\u00f8ye doser av opioid smertestillende medikamenter p\u00e5 regelmessig basis. Disse styrkene kan resultere i overdose (og kanskje d\u00f8d) hvis de tas av noen som ikke har brukt opioider p\u00e5 en konsekvent basis.<\/p>\n<p>Unng\u00e5 \u00e5 bruke oksykodon med utvidet frigivelse for \u00e5 behandle smerte som er minimal eller vil forsvinne innen en f\u00e5 dager. Dette stoffet er ikke beregnet for bruk p\u00e5 &laquo;etter behov&raquo;.<\/p>\n","protected":false},"excerpt":{"rendered":"<div class=\"woocommerce-product-details__short-description\">\n<p>Nettapotek for \u00e5 kj\u00f8pe OxyCodone 40 mg tabletter. Kj\u00f8p Oxycodone Online | Kj\u00f8p Oxycodone 40mg uten resept Du kan f\u00e5 ekspresslevering ved \u00e5 bruke en bankoverf\u00f8ring.<\/p>\n<p>Kj\u00f8p Oxycodone 40mg Pills Online i Storbritannia og Europa, Bestill Billige Oxycodone Pills Online med&#8230; Du kan kj\u00f8pe oksykodontabletter online uten resept (ingen RX).<\/p>\n<\/p><\/div>\n","protected":false},"featured_media":5301,"comment_status":"open","ping_status":"closed","template":"","meta":[],"product_brand":[],"product_cat":[1117],"product_tag":[1638,1639,1640,1714,1641,1642,1644,1645,1646,1681,1719,1718,1720,1717,1643,1649,1650,1651,1652,1653,1705,1657,1658,1660,1661,1662,1663,1665,1667,1668,1669,1670,1688,1689,1677,1678,1679,1680,1685,1672,1673,1674,1686,1687,1684,1691,1692,1676,1693,1694,1671,1675,1682,1683,1695,1703,1704,1654,1707,1647,1648,1655,1656,1659,1664,1666,1690,1696,1697,1056,1698,1700,1701,1702,1699,1706,1708,1709,1710,1711,1712,1713,1715,1716],"class_list":{"0":"post-5293","1":"product","2":"type-product","3":"status-publish","4":"has-post-thumbnail","6":"product_cat-kjop-smerte-sove-sexpiller","7":"product_tag-15-mg-oksykodon","8":"product_tag-20-mg-oksykodon","9":"product_tag-20mg-oxycodone","10":"product_tag-bivirkninger-av-oksykodon","11":"product_tag-dihydrohydroxycodeinone","12":"product_tag-dihydroxycodeinone","13":"product_tag-er-oksykodon-en-opioid","14":"product_tag-flytende-oksykodon","15":"product_tag-flytende-oksykontin","16":"product_tag-oksykodon-hy","17":"product_tag-hva-er-oksymorfon","18":"product_tag-hva-er-oksy","19":"product_tag-hva-er-roksikodon","20":"product_tag-hva-gjr-oksykodon","21":"product_tag-hvor-lenge-varer-oksykodon","22":"product_tag-oksikodon","23":"product_tag-oksy","24":"product_tag-oksy-10","25":"product_tag-oksy-5-mg","26":"product_tag-oksy-medikament","27":"product_tag-oksycotton","28":"product_tag-oksykodin","29":"product_tag-oksykodon","30":"product_tag-oksykodon-10","31":"product_tag-oksykodon-10-mg","32":"product_tag-oksykodon-10mg-rosa","33":"product_tag-oksykodon-15-mg","34":"product_tag-oksykodon-20-mg","35":"product_tag-oksykodon-30-mg","36":"product_tag-oksykodon-5","37":"product_tag-oksykodon-5-325","38":"product_tag-oksykodon-5-mg","39":"product_tag-oksykodon-bivirkninger","40":"product_tag-oksykodon-bruk","41":"product_tag-oksykodon-halveringstid","42":"product_tag-oksykodon-hcl","43":"product_tag-oksykodon-hcl-5-mg-tablett","44":"product_tag-oksykodon-hcl-5mg","45":"product_tag-oksykodon-ingredienser","46":"product_tag-oksykodon-og-alkohol","47":"product_tag-oksykodon-og-ibuprofen","48":"product_tag-oksykodon-og-tylenol","49":"product_tag-oksykodon-pille","50":"product_tag-oksykodon-piller","51":"product_tag-oksykodon-umiddelbar-frigjring","52":"product_tag-oksykodon-vs-percocet","53":"product_tag-oksykodon-acetaminofen","54":"product_tag-oksykodon-effekter","55":"product_tag-oksykodon-acetaminofen-5-325","56":"product_tag-oksykodon-apap","57":"product_tag-oksykodon-avhengighet","58":"product_tag-oksykodon-doser","59":"product_tag-oksykodon-hydroklorid","60":"product_tag-oksykodon-hydroklorid-5-mg","61":"product_tag-oksykodonum","62":"product_tag-oksykontin-vs-oksykodon","63":"product_tag-oksykoton","64":"product_tag-oksylegemidler","65":"product_tag-oksytocin-piller","66":"product_tag-opioid-smertestillende","67":"product_tag-oxikodona","68":"product_tag-oxy-pille","69":"product_tag-oxy-piller","70":"product_tag-oxycodone","71":"product_tag-oxycodone-15mg","72":"product_tag-oxycodone-20mg","73":"product_tag-oxycodone-vs-oxycontin","74":"product_tag-oxycontin","75":"product_tag-oxycontin-30-mg","76":"product_tag-oxycontin-80-mg","77":"product_tag-oxycontin-dosering","78":"product_tag-oxycontin-generisk","79":"product_tag-oxycontin-ir","80":"product_tag-oxycontin-overdose","81":"product_tag-oxycontin-effekter","82":"product_tag-oxys","83":"product_tag-pille-20","84":"product_tag-prescription-pain-meds","85":"product_tag-roksikodon-vs-oksykodon","86":"product_tag-roxy-10","87":"product_tag-roxy-30s","88":"product_tag-roxy-medikament","89":"product_tag-typer-opioider","90":"product_tag-typer-smertestillende-midler","92":"first","93":"instock","94":"shipping-taxable","95":"purchasable","96":"product-type-variable","97":"has-default-attributes"},"yoast_head":"<!-- This site is optimized with the Yoast SEO plugin v27.3 - https:\/\/yoast.com\/product\/yoast-seo-wordpress\/ -->\n<title>Kj\u00f8p OxyCodone 40 mg piller - Beste beste globale medisiner<\/title>\n<meta name=\"description\" content=\"Kj\u00f8p oksykodon 40 mg piller for salg Storbritannia, Europa p\u00e5 nett,\u00a0bestill\u00a0billige\u00a0oksykodon 40 mg piller p\u00e5 nettet\u00a0med ... Du kan\u00a0kj\u00f8pe oksykodon nettabletter\u00a0uten resept (ingen RX).\" \/>\n<meta name=\"robots\" content=\"index, follow, max-snippet:-1, max-image-preview:large, max-video-preview:-1\" \/>\n<link rel=\"canonical\" href=\"https:\/\/medicinasinc.com\/no\/product\/kjope-oksykodon-40mg-piller\/\" \/>\n<meta property=\"og:locale\" content=\"nn_NO\" \/>\n<meta property=\"og:type\" content=\"article\" \/>\n<meta property=\"og:title\" content=\"Kj\u00f8p OxyCodone 40 mg piller - Beste beste globale medisiner\" \/>\n<meta property=\"og:description\" content=\"Kj\u00f8p oksykodon 40 mg piller for salg Storbritannia, Europa p\u00e5 nett,\u00a0bestill\u00a0billige\u00a0oksykodon 40 mg piller p\u00e5 nettet\u00a0med ... Du kan\u00a0kj\u00f8pe oksykodon nettabletter\u00a0uten resept (ingen RX).\" \/>\n<meta property=\"og:url\" content=\"https:\/\/medicinasinc.com\/no\/product\/kjope-oksykodon-40mg-piller\/\" \/>\n<meta property=\"og:site_name\" content=\"Medicinas Inc\" \/>\n<meta property=\"article:modified_time\" content=\"2022-03-22T00:57:34+00:00\" \/>\n<meta property=\"og:image\" content=\"https:\/\/medicinasinc.com\/no\/wp-content\/uploads\/sites\/14\/2022\/02\/Buy-OxyCodone-40mg.jpg\" \/>\n\t<meta property=\"og:image:width\" content=\"600\" \/>\n\t<meta property=\"og:image:height\" content=\"400\" \/>\n\t<meta property=\"og:image:type\" content=\"image\/jpeg\" \/>\n<meta name=\"twitter:card\" content=\"summary_large_image\" \/>\n<meta name=\"twitter:label1\" content=\"Est. reading time\" \/>\n\t<meta name=\"twitter:data1\" content=\"1 minutt\" \/>\n<script type=\"application\/ld+json\" class=\"yoast-schema-graph\">{\"@context\":\"https:\\\/\\\/schema.org\",\"@graph\":[{\"@type\":\"WebPage\",\"@id\":\"https:\\\/\\\/medicinasinc.com\\\/no\\\/product\\\/kjope-oksykodon-40mg-piller\\\/\",\"url\":\"https:\\\/\\\/medicinasinc.com\\\/no\\\/product\\\/kjope-oksykodon-40mg-piller\\\/\",\"name\":\"Kj\u00f8p OxyCodone 40 mg piller - Beste beste globale medisiner\",\"isPartOf\":{\"@id\":\"https:\\\/\\\/medicinasinc.com\\\/no\\\/#website\"},\"primaryImageOfPage\":{\"@id\":\"https:\\\/\\\/medicinasinc.com\\\/no\\\/product\\\/kjope-oksykodon-40mg-piller\\\/#primaryimage\"},\"image\":{\"@id\":\"https:\\\/\\\/medicinasinc.com\\\/no\\\/product\\\/kjope-oksykodon-40mg-piller\\\/#primaryimage\"},\"thumbnailUrl\":\"https:\\\/\\\/medicinasinc.com\\\/no\\\/wp-content\\\/uploads\\\/sites\\\/14\\\/2022\\\/02\\\/Buy-OxyCodone-40mg.jpg\",\"datePublished\":\"2022-02-21T18:15:16+00:00\",\"dateModified\":\"2022-03-22T00:57:34+00:00\",\"description\":\"Kj\u00f8p oksykodon 40 mg piller for salg Storbritannia, Europa p\u00e5 nett,\u00a0bestill\u00a0billige\u00a0oksykodon 40 mg piller p\u00e5 nettet\u00a0med ... Du kan\u00a0kj\u00f8pe oksykodon nettabletter\u00a0uten resept (ingen RX).\",\"breadcrumb\":{\"@id\":\"https:\\\/\\\/medicinasinc.com\\\/no\\\/product\\\/kjope-oksykodon-40mg-piller\\\/#breadcrumb\"},\"inLanguage\":\"nn-NO\",\"potentialAction\":[{\"@type\":\"ReadAction\",\"target\":[\"https:\\\/\\\/medicinasinc.com\\\/no\\\/product\\\/kjope-oksykodon-40mg-piller\\\/\"]}]},{\"@type\":\"ImageObject\",\"inLanguage\":\"nn-NO\",\"@id\":\"https:\\\/\\\/medicinasinc.com\\\/no\\\/product\\\/kjope-oksykodon-40mg-piller\\\/#primaryimage\",\"url\":\"https:\\\/\\\/medicinasinc.com\\\/no\\\/wp-content\\\/uploads\\\/sites\\\/14\\\/2022\\\/02\\\/Buy-OxyCodone-40mg.jpg\",\"contentUrl\":\"https:\\\/\\\/medicinasinc.com\\\/no\\\/wp-content\\\/uploads\\\/sites\\\/14\\\/2022\\\/02\\\/Buy-OxyCodone-40mg.jpg\",\"width\":600,\"height\":400},{\"@type\":\"BreadcrumbList\",\"@id\":\"https:\\\/\\\/medicinasinc.com\\\/no\\\/product\\\/kjope-oksykodon-40mg-piller\\\/#breadcrumb\",\"itemListElement\":[{\"@type\":\"ListItem\",\"position\":1,\"name\":\"Butikk\",\"item\":\"https:\\\/\\\/medicinasinc.com\\\/no\\\/butikk\\\/\"},{\"@type\":\"ListItem\",\"position\":2,\"name\":\"Kj\u00f8p OxyCodone 40mg piller\"}]},{\"@type\":\"WebSite\",\"@id\":\"https:\\\/\\\/medicinasinc.com\\\/no\\\/#website\",\"url\":\"https:\\\/\\\/medicinasinc.com\\\/no\\\/\",\"name\":\"Medicinas Inc\",\"description\":\"Helsemedisinsk klinikk\",\"potentialAction\":[{\"@type\":\"SearchAction\",\"target\":{\"@type\":\"EntryPoint\",\"urlTemplate\":\"https:\\\/\\\/medicinasinc.com\\\/no\\\/?s={search_term_string}\"},\"query-input\":{\"@type\":\"PropertyValueSpecification\",\"valueRequired\":true,\"valueName\":\"search_term_string\"}}],\"inLanguage\":\"nn-NO\"}]}<\/script>\n<!-- \/ Yoast SEO plugin. -->","yoast_head_json":{"title":"Kj\u00f8p OxyCodone 40 mg piller - Beste beste globale medisiner","description":"Kj\u00f8p oksykodon 40 mg piller for salg Storbritannia, Europa p\u00e5 nett,\u00a0bestill\u00a0billige\u00a0oksykodon 40 mg piller p\u00e5 nettet\u00a0med ... Du kan\u00a0kj\u00f8pe oksykodon nettabletter\u00a0uten resept (ingen RX).","robots":{"index":"index","follow":"follow","max-snippet":"max-snippet:-1","max-image-preview":"max-image-preview:large","max-video-preview":"max-video-preview:-1"},"canonical":"https:\/\/medicinasinc.com\/no\/product\/kjope-oksykodon-40mg-piller\/","og_locale":"nn_NO","og_type":"article","og_title":"Kj\u00f8p OxyCodone 40 mg piller - Beste beste globale medisiner","og_description":"Kj\u00f8p oksykodon 40 mg piller for salg Storbritannia, Europa p\u00e5 nett,\u00a0bestill\u00a0billige\u00a0oksykodon 40 mg piller p\u00e5 nettet\u00a0med ... Du kan\u00a0kj\u00f8pe oksykodon nettabletter\u00a0uten resept (ingen RX).","og_url":"https:\/\/medicinasinc.com\/no\/product\/kjope-oksykodon-40mg-piller\/","og_site_name":"Medicinas Inc","article_modified_time":"2022-03-22T00:57:34+00:00","og_image":[{"width":600,"height":400,"url":"https:\/\/medicinasinc.com\/no\/wp-content\/uploads\/sites\/14\/2022\/02\/Buy-OxyCodone-40mg.jpg","type":"image\/jpeg"}],"twitter_card":"summary_large_image","twitter_misc":{"Est. reading time":"1 minutt"},"schema":{"@context":"https:\/\/schema.org","@graph":[{"@type":"WebPage","@id":"https:\/\/medicinasinc.com\/no\/product\/kjope-oksykodon-40mg-piller\/","url":"https:\/\/medicinasinc.com\/no\/product\/kjope-oksykodon-40mg-piller\/","name":"Kj\u00f8p OxyCodone 40 mg piller - Beste beste globale medisiner","isPartOf":{"@id":"https:\/\/medicinasinc.com\/no\/#website"},"primaryImageOfPage":{"@id":"https:\/\/medicinasinc.com\/no\/product\/kjope-oksykodon-40mg-piller\/#primaryimage"},"image":{"@id":"https:\/\/medicinasinc.com\/no\/product\/kjope-oksykodon-40mg-piller\/#primaryimage"},"thumbnailUrl":"https:\/\/medicinasinc.com\/no\/wp-content\/uploads\/sites\/14\/2022\/02\/Buy-OxyCodone-40mg.jpg","datePublished":"2022-02-21T18:15:16+00:00","dateModified":"2022-03-22T00:57:34+00:00","description":"Kj\u00f8p oksykodon 40 mg piller for salg Storbritannia, Europa p\u00e5 nett,\u00a0bestill\u00a0billige\u00a0oksykodon 40 mg piller p\u00e5 nettet\u00a0med ... Du kan\u00a0kj\u00f8pe oksykodon nettabletter\u00a0uten resept (ingen RX).","breadcrumb":{"@id":"https:\/\/medicinasinc.com\/no\/product\/kjope-oksykodon-40mg-piller\/#breadcrumb"},"inLanguage":"nn-NO","potentialAction":[{"@type":"ReadAction","target":["https:\/\/medicinasinc.com\/no\/product\/kjope-oksykodon-40mg-piller\/"]}]},{"@type":"ImageObject","inLanguage":"nn-NO","@id":"https:\/\/medicinasinc.com\/no\/product\/kjope-oksykodon-40mg-piller\/#primaryimage","url":"https:\/\/medicinasinc.com\/no\/wp-content\/uploads\/sites\/14\/2022\/02\/Buy-OxyCodone-40mg.jpg","contentUrl":"https:\/\/medicinasinc.com\/no\/wp-content\/uploads\/sites\/14\/2022\/02\/Buy-OxyCodone-40mg.jpg","width":600,"height":400},{"@type":"BreadcrumbList","@id":"https:\/\/medicinasinc.com\/no\/product\/kjope-oksykodon-40mg-piller\/#breadcrumb","itemListElement":[{"@type":"ListItem","position":1,"name":"Butikk","item":"https:\/\/medicinasinc.com\/no\/butikk\/"},{"@type":"ListItem","position":2,"name":"Kj\u00f8p OxyCodone 40mg piller"}]},{"@type":"WebSite","@id":"https:\/\/medicinasinc.com\/no\/#website","url":"https:\/\/medicinasinc.com\/no\/","name":"Medicinas Inc","description":"Helsemedisinsk klinikk","potentialAction":[{"@type":"SearchAction","target":{"@type":"EntryPoint","urlTemplate":"https:\/\/medicinasinc.com\/no\/?s={search_term_string}"},"query-input":{"@type":"PropertyValueSpecification","valueRequired":true,"valueName":"search_term_string"}}],"inLanguage":"nn-NO"}]}},"_links":{"self":[{"href":"https:\/\/medicinasinc.com\/no\/wp-json\/wp\/v2\/product\/5293","targetHints":{"allow":["GET"]}}],"collection":[{"href":"https:\/\/medicinasinc.com\/no\/wp-json\/wp\/v2\/product"}],"about":[{"href":"https:\/\/medicinasinc.com\/no\/wp-json\/wp\/v2\/types\/product"}],"replies":[{"embeddable":true,"href":"https:\/\/medicinasinc.com\/no\/wp-json\/wp\/v2\/comments?post=5293"}],"wp:featuredmedia":[{"embeddable":true,"href":"https:\/\/medicinasinc.com\/no\/wp-json\/wp\/v2\/media\/5301"}],"wp:attachment":[{"href":"https:\/\/medicinasinc.com\/no\/wp-json\/wp\/v2\/media?parent=5293"}],"wp:term":[{"taxonomy":"product_brand","embeddable":true,"href":"https:\/\/medicinasinc.com\/no\/wp-json\/wp\/v2\/product_brand?post=5293"},{"taxonomy":"product_cat","embeddable":true,"href":"https:\/\/medicinasinc.com\/no\/wp-json\/wp\/v2\/product_cat?post=5293"},{"taxonomy":"product_tag","embeddable":true,"href":"https:\/\/medicinasinc.com\/no\/wp-json\/wp\/v2\/product_tag?post=5293"}],"curies":[{"name":"wp","href":"https:\/\/api.w.org\/{rel}","templated":true}]}}