{"id":5265,"date":"2022-02-20T22:55:20","date_gmt":"2022-02-20T22:55:20","guid":{"rendered":"https:\/\/medicinasinc.com\/no\/?post_type=product&#038;p=5265"},"modified":"2022-03-22T00:57:43","modified_gmt":"2022-03-22T00:57:43","slug":"kjop-mogadon-nitrazepam-5mg-piller","status":"publish","type":"product","link":"https:\/\/medicinasinc.com\/no\/product\/kjop-mogadon-nitrazepam-5mg-piller\/","title":{"rendered":"Kj\u00f8p Mogadon Nitrazepam 5mg piller"},"content":{"rendered":"<p>Kj\u00f8p p\u00e5 nett av Mogadon Nitrazepam 5mg piller<br \/> Mogadon koster $0,31 per pille hos oss p\u00e5 PocketPills. Mogadon kan v\u00e6re rimeligere hvis forsikringen din dekker det. For \u00e5 f\u00e5 hele kostnaden for Mogadon, m\u00e5 du i tillegg inkludere i utleverings- og fraktkostnader.<\/p>\n<p>Hvor mye koster Mogadon-dispenseringsgebyret?<\/p>\n<p>Kostnaden for \u00e5 dispensere Mogadon hos oss er ganske enkelt $7 . Pocketpills streber etter \u00e5 gi deg de laveste Mogadon-prisene i Canada.<br \/> Husk at vi tilbyr GRATIS FRAKT p\u00e5 alle bestillinger globalt.<\/p>\n<div>\n<div>\n<div>\n<div class=\"margin- tl\">\n<div class=\"drugcontent-wrapper\">\n<div class=\"h4\">\n<ul>\n<li>Husk at vi tilbyr deg GRATIS frakt i Canada.<\/li>\n<\/ul><\/div><\/div><\/div><\/div><\/div><\/div>\n<div class=\"product-next-previous\">\n<div class=\"product-prev\"><\/div><\/div>\n","protected":false},"excerpt":{"rendered":"<p>Mogadon Nitrazepam 5mg piller til salgs i Storbritannia og Europa. problemer med \u00e5 sovne, gjentatte opphisselser om natten og oppv\u00e5kning tidlig om morgenen. I tillegg brukes den til \u00e5 overv\u00e5ke myokloniske anfall.<\/p>\n<p>Mogadon Kj\u00f8p online &#8211; Piller av h\u00f8yeste kvalitet Kj\u00f8p nitrazepam p\u00e5 nett uten resept, bestill og f\u00e5 Mogadon levert internasjonalt gjennom rask levering.<\/p>\n<p>kj\u00f8p nitrazepam xr 30 mg<\/p>\n<p>kj\u00f8p nitrazepam over natten kj\u00f8p nitrazepam uten resept p\u00e5 nett kj\u00f8p nitrazepam i costa rica, Europa, Dubai, Kina, EU og over hele verden. Tabletter med generisk nitrazepam<\/p>\n","protected":false},"featured_media":5995,"comment_status":"open","ping_status":"closed","template":"","meta":[],"product_brand":[],"product_cat":[1117],"product_tag":[1633,1630,1629,1631,1632,1634,1635,1636,1637],"class_list":{"0":"post-5265","1":"product","2":"type-product","3":"status-publish","4":"has-post-thumbnail","6":"product_cat-kjop-smerte-sove-sexpiller","7":"product_tag-mogadon-nitrazepam-abstinens","8":"product_tag-buy-cheap-mogadon-nitrazepam","9":"product_tag-kjp-nitrazepam-10mg-kjp-mogadon-online-nitrazepam-5mg-til-salg-kjp-mogadon-10mg","10":"product_tag-mogadon-nitrazepam","11":"product_tag-mogadon-nitrazepam-hvordan-slutte","12":"product_tag-nitrazepam-mogadon","13":"product_tag-reddit-mogadon-nitrazepam","14":"product_tag-reddit-mogadon-nitrazepam-uttak","15":"product_tag-reddit-nitrazepam-mogadon-uttak","17":"first","18":"instock","19":"shipping-taxable","20":"purchasable","21":"product-type-variable","22":"has-default-attributes"},"yoast_head":"<!-- This site is optimized with the Yoast SEO plugin v27.3 - https:\/\/yoast.com\/product\/yoast-seo-wordpress\/ -->\n<title>Kj\u00f8p Mogadon Nitrazepam 5mg piller - Beste globale medisiner<\/title>\n<meta name=\"description\" content=\"Kj\u00f8p Mogadon Nitrazepam 5mg piller til salgs Storbritannia, Europa online. problemer med \u00e5 nikke, p\u00e5f\u00f8lgende opphisselser gjennom natten, og opphisselse tidlig om morgenen. Det brukes i tillegg til \u00e5 overv\u00e5ke myokloniske anfall.\" \/>\n<meta name=\"robots\" content=\"index, follow, max-snippet:-1, max-image-preview:large, max-video-preview:-1\" \/>\n<link rel=\"canonical\" href=\"https:\/\/medicinasinc.com\/no\/product\/kjop-mogadon-nitrazepam-5mg-piller\/\" \/>\n<meta property=\"og:locale\" content=\"nn_NO\" \/>\n<meta property=\"og:type\" content=\"article\" \/>\n<meta property=\"og:title\" content=\"Kj\u00f8p Mogadon Nitrazepam 5mg piller - Beste globale medisiner\" \/>\n<meta property=\"og:description\" content=\"Kj\u00f8p Mogadon Nitrazepam 5mg piller til salgs Storbritannia, Europa online. problemer med \u00e5 nikke, p\u00e5f\u00f8lgende opphisselser gjennom natten, og opphisselse tidlig om morgenen. Det brukes i tillegg til \u00e5 overv\u00e5ke myokloniske anfall.\" \/>\n<meta property=\"og:url\" content=\"https:\/\/medicinasinc.com\/no\/product\/kjop-mogadon-nitrazepam-5mg-piller\/\" \/>\n<meta property=\"og:site_name\" content=\"Medicinas Inc\" \/>\n<meta property=\"article:modified_time\" content=\"2022-03-22T00:57:43+00:00\" \/>\n<meta property=\"og:image\" content=\"https:\/\/medicinasinc.com\/no\/wp-content\/uploads\/sites\/14\/2022\/02\/Buy-Mogadon-Nitrazepam-5mg-pills.jpg\" \/>\n\t<meta property=\"og:image:width\" content=\"640\" \/>\n\t<meta property=\"og:image:height\" content=\"480\" \/>\n\t<meta property=\"og:image:type\" content=\"image\/jpeg\" \/>\n<meta name=\"twitter:card\" content=\"summary_large_image\" \/>\n<meta name=\"twitter:label1\" content=\"Est. reading time\" \/>\n\t<meta name=\"twitter:data1\" content=\"1 minutt\" \/>\n<script type=\"application\/ld+json\" class=\"yoast-schema-graph\">{\"@context\":\"https:\\\/\\\/schema.org\",\"@graph\":[{\"@type\":\"WebPage\",\"@id\":\"https:\\\/\\\/medicinasinc.com\\\/no\\\/product\\\/kjop-mogadon-nitrazepam-5mg-piller\\\/\",\"url\":\"https:\\\/\\\/medicinasinc.com\\\/no\\\/product\\\/kjop-mogadon-nitrazepam-5mg-piller\\\/\",\"name\":\"Kj\u00f8p Mogadon Nitrazepam 5mg piller - Beste globale medisiner\",\"isPartOf\":{\"@id\":\"https:\\\/\\\/medicinasinc.com\\\/no\\\/#website\"},\"primaryImageOfPage\":{\"@id\":\"https:\\\/\\\/medicinasinc.com\\\/no\\\/product\\\/kjop-mogadon-nitrazepam-5mg-piller\\\/#primaryimage\"},\"image\":{\"@id\":\"https:\\\/\\\/medicinasinc.com\\\/no\\\/product\\\/kjop-mogadon-nitrazepam-5mg-piller\\\/#primaryimage\"},\"thumbnailUrl\":\"https:\\\/\\\/medicinasinc.com\\\/no\\\/wp-content\\\/uploads\\\/sites\\\/14\\\/2022\\\/02\\\/Buy-Mogadon-Nitrazepam-5mg-pills.jpg\",\"datePublished\":\"2022-02-20T22:55:20+00:00\",\"dateModified\":\"2022-03-22T00:57:43+00:00\",\"description\":\"Kj\u00f8p Mogadon Nitrazepam 5mg piller til salgs Storbritannia, Europa online. problemer med \u00e5 nikke, p\u00e5f\u00f8lgende opphisselser gjennom natten, og opphisselse tidlig om morgenen. Det brukes i tillegg til \u00e5 overv\u00e5ke myokloniske anfall.\",\"breadcrumb\":{\"@id\":\"https:\\\/\\\/medicinasinc.com\\\/no\\\/product\\\/kjop-mogadon-nitrazepam-5mg-piller\\\/#breadcrumb\"},\"inLanguage\":\"nn-NO\",\"potentialAction\":[{\"@type\":\"ReadAction\",\"target\":[\"https:\\\/\\\/medicinasinc.com\\\/no\\\/product\\\/kjop-mogadon-nitrazepam-5mg-piller\\\/\"]}]},{\"@type\":\"ImageObject\",\"inLanguage\":\"nn-NO\",\"@id\":\"https:\\\/\\\/medicinasinc.com\\\/no\\\/product\\\/kjop-mogadon-nitrazepam-5mg-piller\\\/#primaryimage\",\"url\":\"https:\\\/\\\/medicinasinc.com\\\/no\\\/wp-content\\\/uploads\\\/sites\\\/14\\\/2022\\\/02\\\/Buy-Mogadon-Nitrazepam-5mg-pills.jpg\",\"contentUrl\":\"https:\\\/\\\/medicinasinc.com\\\/no\\\/wp-content\\\/uploads\\\/sites\\\/14\\\/2022\\\/02\\\/Buy-Mogadon-Nitrazepam-5mg-pills.jpg\",\"width\":640,\"height\":480,\"caption\":\"Buy Mogadon Nitrazepam 5mg pills\"},{\"@type\":\"BreadcrumbList\",\"@id\":\"https:\\\/\\\/medicinasinc.com\\\/no\\\/product\\\/kjop-mogadon-nitrazepam-5mg-piller\\\/#breadcrumb\",\"itemListElement\":[{\"@type\":\"ListItem\",\"position\":1,\"name\":\"Butikk\",\"item\":\"https:\\\/\\\/medicinasinc.com\\\/no\\\/butikk\\\/\"},{\"@type\":\"ListItem\",\"position\":2,\"name\":\"Kj\u00f8p Mogadon Nitrazepam 5mg piller\"}]},{\"@type\":\"WebSite\",\"@id\":\"https:\\\/\\\/medicinasinc.com\\\/no\\\/#website\",\"url\":\"https:\\\/\\\/medicinasinc.com\\\/no\\\/\",\"name\":\"Medicinas Inc\",\"description\":\"Helsemedisinsk klinikk\",\"potentialAction\":[{\"@type\":\"SearchAction\",\"target\":{\"@type\":\"EntryPoint\",\"urlTemplate\":\"https:\\\/\\\/medicinasinc.com\\\/no\\\/?s={search_term_string}\"},\"query-input\":{\"@type\":\"PropertyValueSpecification\",\"valueRequired\":true,\"valueName\":\"search_term_string\"}}],\"inLanguage\":\"nn-NO\"}]}<\/script>\n<!-- \/ Yoast SEO plugin. -->","yoast_head_json":{"title":"Kj\u00f8p Mogadon Nitrazepam 5mg piller - Beste globale medisiner","description":"Kj\u00f8p Mogadon Nitrazepam 5mg piller til salgs Storbritannia, Europa online. problemer med \u00e5 nikke, p\u00e5f\u00f8lgende opphisselser gjennom natten, og opphisselse tidlig om morgenen. Det brukes i tillegg til \u00e5 overv\u00e5ke myokloniske anfall.","robots":{"index":"index","follow":"follow","max-snippet":"max-snippet:-1","max-image-preview":"max-image-preview:large","max-video-preview":"max-video-preview:-1"},"canonical":"https:\/\/medicinasinc.com\/no\/product\/kjop-mogadon-nitrazepam-5mg-piller\/","og_locale":"nn_NO","og_type":"article","og_title":"Kj\u00f8p Mogadon Nitrazepam 5mg piller - Beste globale medisiner","og_description":"Kj\u00f8p Mogadon Nitrazepam 5mg piller til salgs Storbritannia, Europa online. problemer med \u00e5 nikke, p\u00e5f\u00f8lgende opphisselser gjennom natten, og opphisselse tidlig om morgenen. Det brukes i tillegg til \u00e5 overv\u00e5ke myokloniske anfall.","og_url":"https:\/\/medicinasinc.com\/no\/product\/kjop-mogadon-nitrazepam-5mg-piller\/","og_site_name":"Medicinas Inc","article_modified_time":"2022-03-22T00:57:43+00:00","og_image":[{"width":640,"height":480,"url":"https:\/\/medicinasinc.com\/no\/wp-content\/uploads\/sites\/14\/2022\/02\/Buy-Mogadon-Nitrazepam-5mg-pills.jpg","type":"image\/jpeg"}],"twitter_card":"summary_large_image","twitter_misc":{"Est. reading time":"1 minutt"},"schema":{"@context":"https:\/\/schema.org","@graph":[{"@type":"WebPage","@id":"https:\/\/medicinasinc.com\/no\/product\/kjop-mogadon-nitrazepam-5mg-piller\/","url":"https:\/\/medicinasinc.com\/no\/product\/kjop-mogadon-nitrazepam-5mg-piller\/","name":"Kj\u00f8p Mogadon Nitrazepam 5mg piller - Beste globale medisiner","isPartOf":{"@id":"https:\/\/medicinasinc.com\/no\/#website"},"primaryImageOfPage":{"@id":"https:\/\/medicinasinc.com\/no\/product\/kjop-mogadon-nitrazepam-5mg-piller\/#primaryimage"},"image":{"@id":"https:\/\/medicinasinc.com\/no\/product\/kjop-mogadon-nitrazepam-5mg-piller\/#primaryimage"},"thumbnailUrl":"https:\/\/medicinasinc.com\/no\/wp-content\/uploads\/sites\/14\/2022\/02\/Buy-Mogadon-Nitrazepam-5mg-pills.jpg","datePublished":"2022-02-20T22:55:20+00:00","dateModified":"2022-03-22T00:57:43+00:00","description":"Kj\u00f8p Mogadon Nitrazepam 5mg piller til salgs Storbritannia, Europa online. problemer med \u00e5 nikke, p\u00e5f\u00f8lgende opphisselser gjennom natten, og opphisselse tidlig om morgenen. Det brukes i tillegg til \u00e5 overv\u00e5ke myokloniske anfall.","breadcrumb":{"@id":"https:\/\/medicinasinc.com\/no\/product\/kjop-mogadon-nitrazepam-5mg-piller\/#breadcrumb"},"inLanguage":"nn-NO","potentialAction":[{"@type":"ReadAction","target":["https:\/\/medicinasinc.com\/no\/product\/kjop-mogadon-nitrazepam-5mg-piller\/"]}]},{"@type":"ImageObject","inLanguage":"nn-NO","@id":"https:\/\/medicinasinc.com\/no\/product\/kjop-mogadon-nitrazepam-5mg-piller\/#primaryimage","url":"https:\/\/medicinasinc.com\/no\/wp-content\/uploads\/sites\/14\/2022\/02\/Buy-Mogadon-Nitrazepam-5mg-pills.jpg","contentUrl":"https:\/\/medicinasinc.com\/no\/wp-content\/uploads\/sites\/14\/2022\/02\/Buy-Mogadon-Nitrazepam-5mg-pills.jpg","width":640,"height":480,"caption":"Buy Mogadon Nitrazepam 5mg pills"},{"@type":"BreadcrumbList","@id":"https:\/\/medicinasinc.com\/no\/product\/kjop-mogadon-nitrazepam-5mg-piller\/#breadcrumb","itemListElement":[{"@type":"ListItem","position":1,"name":"Butikk","item":"https:\/\/medicinasinc.com\/no\/butikk\/"},{"@type":"ListItem","position":2,"name":"Kj\u00f8p Mogadon Nitrazepam 5mg piller"}]},{"@type":"WebSite","@id":"https:\/\/medicinasinc.com\/no\/#website","url":"https:\/\/medicinasinc.com\/no\/","name":"Medicinas Inc","description":"Helsemedisinsk klinikk","potentialAction":[{"@type":"SearchAction","target":{"@type":"EntryPoint","urlTemplate":"https:\/\/medicinasinc.com\/no\/?s={search_term_string}"},"query-input":{"@type":"PropertyValueSpecification","valueRequired":true,"valueName":"search_term_string"}}],"inLanguage":"nn-NO"}]}},"_links":{"self":[{"href":"https:\/\/medicinasinc.com\/no\/wp-json\/wp\/v2\/product\/5265","targetHints":{"allow":["GET"]}}],"collection":[{"href":"https:\/\/medicinasinc.com\/no\/wp-json\/wp\/v2\/product"}],"about":[{"href":"https:\/\/medicinasinc.com\/no\/wp-json\/wp\/v2\/types\/product"}],"replies":[{"embeddable":true,"href":"https:\/\/medicinasinc.com\/no\/wp-json\/wp\/v2\/comments?post=5265"}],"wp:featuredmedia":[{"embeddable":true,"href":"https:\/\/medicinasinc.com\/no\/wp-json\/wp\/v2\/media\/5995"}],"wp:attachment":[{"href":"https:\/\/medicinasinc.com\/no\/wp-json\/wp\/v2\/media?parent=5265"}],"wp:term":[{"taxonomy":"product_brand","embeddable":true,"href":"https:\/\/medicinasinc.com\/no\/wp-json\/wp\/v2\/product_brand?post=5265"},{"taxonomy":"product_cat","embeddable":true,"href":"https:\/\/medicinasinc.com\/no\/wp-json\/wp\/v2\/product_cat?post=5265"},{"taxonomy":"product_tag","embeddable":true,"href":"https:\/\/medicinasinc.com\/no\/wp-json\/wp\/v2\/product_tag?post=5265"}],"curies":[{"name":"wp","href":"https:\/\/api.w.org\/{rel}","templated":true}]}}