{"id":5264,"date":"2022-02-20T22:53:05","date_gmt":"2022-02-20T22:53:05","guid":{"rendered":"https:\/\/medicinasinc.com\/no\/?post_type=product&#038;p=5264"},"modified":"2022-03-22T00:57:56","modified_gmt":"2022-03-22T00:57:56","slug":"kjope-motrin-ibuprofen-600mg-piller","status":"publish","type":"product","link":"https:\/\/medicinasinc.com\/no\/product\/kjope-motrin-ibuprofen-600mg-piller\/","title":{"rendered":"Kj\u00f8p Motrin Ibuprofen 600mg piller"},"content":{"rendered":"<p>Motrin \u2013 Ibuprofen 600mg piller kan kj\u00f8pes p\u00e5 nettet.<br \/> Motrin Ibuprofen 600mg piller kan kj\u00f8pes p\u00e5 nettet.<\/p>\n<p>Ibuprofen 600mg er tilgjengelig som tablett. Det er medlem av klassen med medisiner kjent som NSAIDs &#8211; ikke-steroide antiinflammatoriske legemidler. Det brukes til \u00e5 behandle slitasjegikt, revmatoid artritt, spinal leddgikt, hovne ledd, frossen skulder, bursitt, senebetennelse, senebetennelse, ubehag i korsryggen og forstuinger og belastninger.<\/p>\n<p>Ibuprofen 600 mg tabletter b\u00f8r oppbevares utenfor barns bruk. syn og rekkevidde. Den skal oppbevares i originalemballasjen og oppbevares ved en temperatur p\u00e5 ikke mer enn 25 grader Celsius.<\/p>\n","protected":false},"excerpt":{"rendered":"<div class=\"woocommerce-product-details__short-description\">\n<p>Motrin \u2013 Ibuprofen 600 mg piller kan kj\u00f8pes online. Kj\u00f8p Ibuprofen Online til ekstremt lave kostnader. Engrosordrer kvalifiserer for gratis frakt. Hvis du har v\u00e6rt ute etter \u00e5 kj\u00f8pe reseptbelagte medisiner online uten resept, er s\u00f8ket gjort.<\/p>\n<p>Ibuprofen 600mg er tilgjengelig i tablettform. Det er medlem av klassen med medisiner kjent som NSAIDs &#8211; Ikke-steroide antiinflammatoriske legemidler.<\/p>\n<p>Ibuprofen 600 mg tabletter, ibuprofen 600 mg reseptbelagt styrke, ibuprofen 600 mg reseptfritt, ibuprofen 600 mg dosering for voksne, ibuprofen 600 mg kostnad per pille, ibuprofen 600 mg st\u00f8vler, motrin 600 mg, 600 mg ibuprofen reseptfritt uk<\/p>\n<\/p><\/div>\n","protected":false},"featured_media":5282,"comment_status":"open","ping_status":"closed","template":"","meta":[],"product_brand":[],"product_cat":[1117],"product_tag":[1571,1572,1573,1574,1576,1577,1602,1599,1608,1609,1605,1606,1575,1607,1578,1580,1581,1627,1628,1582,1583,1585,1588,1587,1586,1584,1589,1590,1592,1593,1594,1595,1596,1591,1597,1598,1579,1600,1601,1603,1604,1610,1611,1612,1613,1616,1617,1623,1622,1618,1619,1620,1621,1614,1615,1624,1625,1626],"class_list":{"0":"post-5264","1":"product","2":"type-product","3":"status-publish","4":"has-post-thumbnail","6":"product_cat-kjop-smerte-sove-sexpiller","7":"product_tag-600-mg-ibuprofen-reseptfri-uk","8":"product_tag-advil-motrin-ibuprofen","9":"product_tag-are-ibuprofen-and-motrin-the-same","10":"product_tag-are-ibuprofen-and-motrin-the-same-thing","11":"product_tag-are-motrin-and-ibuprofen-the-same-thing","12":"product_tag-difference-between-ibuprofen-and-motrin","13":"product_tag-er-ibuprofen-det-samme-som-motrin","14":"product_tag-er-ibuprofen-og-motrin-det-samme","15":"product_tag-er-motrin-samme-som-ibuprofen","16":"product_tag-er-motrin-det-samme-som-ibuprofen","17":"product_tag-is-motrin-ibuprofen","18":"product_tag-er-motrin-ibuprofen-eller-acetaminophen","19":"product_tag-er-motrin-og-ibuprofen-det-samme","20":"product_tag-er-motrin-lignende-ibuprofen","21":"product_tag-forskjellen-mellom-motrin-og-ibuprofen","22":"product_tag-gjr-motrin-har-ibuprofen","23":"product_tag-har-motrin-ibuprofen-i-det","24":"product_tag-hva-er-forskjellen-mellom-ibuprofen-og-motrin","25":"product_tag-hva-er-forskjellen-mellom-motrin-og-ibuprofen","26":"product_tag-hvor-mye-ibuprofen-i-motrin","27":"product_tag-ibuprofen-200mg-tabletter","28":"product_tag-ibuprofen-600-mg-dosering-for-voksne","29":"product_tag-ibuprofen-600-mg-price-per-pill","30":"product_tag-ibuprofen-600-mg-resept-styrke","31":"product_tag-ibuprofen-600-mg-reseptfritt","32":"product_tag-ibuprofen-600-mg-stvler","33":"product_tag-ibuprofen-600mg-tabletter","34":"product_tag-ibuprofen-advil-motrin","35":"product_tag-ibuprofen-is-motrin","36":"product_tag-ibuprofen-motrin","37":"product_tag-ibuprofen-motrin-600-mg","38":"product_tag-ibuprofen-motrin-800-mg","39":"product_tag-ibuprofen-motrin-800mg","40":"product_tag-ibuprofen-og-motrin","41":"product_tag-ibuprofen-samme-som-motrin","42":"product_tag-ibuprofen-vs-motrin","43":"product_tag-gjr-motrin-inneholder-ibuprofen","44":"product_tag-is-ibuprofen-and-motrin-the-same-thing","45":"product_tag-is-ibuprofen-motrin","46":"product_tag-is-motrin-and-ibuprofen-the-same","47":"product_tag-is-motrin-and-ibuprofen-the-same-thing","48":"product_tag-is-motrin-the-same-thing-as-ibuprofen","49":"product_tag-motrin-600-mg","50":"product_tag-motrin-600-mg-vs-ibuprofen","51":"product_tag-motrin-800-vs-ibuprofen","52":"product_tag-motrin-and-ibuprofen-the-same-thing","53":"product_tag-motrin-and-ibuprofen-together","54":"product_tag-motrin-det-samme-som-ibuprofen","55":"product_tag-motrin-er-ibuprofen","56":"product_tag-motrin-ib","57":"product_tag-motrin-ibuprofen","58":"product_tag-motrin-ibuprofen-200-mg","59":"product_tag-motrin-ibuprofen-dosering","60":"product_tag-motrin-og-ibuprofen","61":"product_tag-motrin-og-ibuprofen-det-samme","62":"product_tag-motrin-versus-ibuprofen","63":"product_tag-motrin-vs-advil-vs-ibuprofen","64":"product_tag-motrin-vs-ibuprofen","66":"first","67":"instock","68":"shipping-taxable","69":"purchasable","70":"product-type-variable","71":"has-default-attributes"},"yoast_head":"<!-- This site is optimized with the Yoast SEO plugin v27.3 - https:\/\/yoast.com\/product\/yoast-seo-wordpress\/ -->\n<title>Kj\u00f8p Motrin Ibuprofen 600 mg piller - Beste beste globale medisiner<\/title>\n<meta name=\"description\" content=\"Kj\u00f8p Motrin Ibuprofen 600 mg piller p\u00e5 nett. Kj\u00f8p Ibuprofen 600mg Online til sv\u00e6rt billige priser. Gratis frakt p\u00e5 engrosordrer. Hvis du har v\u00e6rt ute etter \u00e5 kj\u00f8pe medisiner p\u00e5 nett reseptfritt, er s\u00f8ket ditt over.\" \/>\n<meta name=\"robots\" content=\"index, follow, max-snippet:-1, max-image-preview:large, max-video-preview:-1\" \/>\n<link rel=\"canonical\" href=\"https:\/\/medicinasinc.com\/no\/product\/kjope-motrin-ibuprofen-600mg-piller\/\" \/>\n<meta property=\"og:locale\" content=\"nn_NO\" \/>\n<meta property=\"og:type\" content=\"article\" \/>\n<meta property=\"og:title\" content=\"Kj\u00f8p Motrin Ibuprofen 600 mg piller - Beste beste globale medisiner\" \/>\n<meta property=\"og:description\" content=\"Kj\u00f8p Motrin Ibuprofen 600 mg piller p\u00e5 nett. Kj\u00f8p Ibuprofen 600mg Online til sv\u00e6rt billige priser. Gratis frakt p\u00e5 engrosordrer. Hvis du har v\u00e6rt ute etter \u00e5 kj\u00f8pe medisiner p\u00e5 nett reseptfritt, er s\u00f8ket ditt over.\" \/>\n<meta property=\"og:url\" content=\"https:\/\/medicinasinc.com\/no\/product\/kjope-motrin-ibuprofen-600mg-piller\/\" \/>\n<meta property=\"og:site_name\" content=\"Medicinas Inc\" \/>\n<meta property=\"article:modified_time\" content=\"2022-03-22T00:57:56+00:00\" \/>\n<meta property=\"og:image\" content=\"https:\/\/medicinasinc.com\/no\/wp-content\/uploads\/sites\/14\/2022\/02\/Buy-Motrin-Ibuprofen-600mg.jpg\" \/>\n\t<meta property=\"og:image:width\" content=\"1200\" \/>\n\t<meta property=\"og:image:height\" content=\"1200\" \/>\n\t<meta property=\"og:image:type\" content=\"image\/jpeg\" \/>\n<meta name=\"twitter:card\" content=\"summary_large_image\" \/>\n<meta name=\"twitter:label1\" content=\"Est. reading time\" \/>\n\t<meta name=\"twitter:data1\" content=\"1 minutt\" \/>\n<script type=\"application\/ld+json\" class=\"yoast-schema-graph\">{\"@context\":\"https:\\\/\\\/schema.org\",\"@graph\":[{\"@type\":\"WebPage\",\"@id\":\"https:\\\/\\\/medicinasinc.com\\\/no\\\/product\\\/kjope-motrin-ibuprofen-600mg-piller\\\/\",\"url\":\"https:\\\/\\\/medicinasinc.com\\\/no\\\/product\\\/kjope-motrin-ibuprofen-600mg-piller\\\/\",\"name\":\"Kj\u00f8p Motrin Ibuprofen 600 mg piller - Beste beste globale medisiner\",\"isPartOf\":{\"@id\":\"https:\\\/\\\/medicinasinc.com\\\/no\\\/#website\"},\"primaryImageOfPage\":{\"@id\":\"https:\\\/\\\/medicinasinc.com\\\/no\\\/product\\\/kjope-motrin-ibuprofen-600mg-piller\\\/#primaryimage\"},\"image\":{\"@id\":\"https:\\\/\\\/medicinasinc.com\\\/no\\\/product\\\/kjope-motrin-ibuprofen-600mg-piller\\\/#primaryimage\"},\"thumbnailUrl\":\"https:\\\/\\\/medicinasinc.com\\\/no\\\/wp-content\\\/uploads\\\/sites\\\/14\\\/2022\\\/02\\\/Buy-Motrin-Ibuprofen-600mg.jpg\",\"datePublished\":\"2022-02-20T22:53:05+00:00\",\"dateModified\":\"2022-03-22T00:57:56+00:00\",\"description\":\"Kj\u00f8p Motrin Ibuprofen 600 mg piller p\u00e5 nett. Kj\u00f8p Ibuprofen 600mg Online til sv\u00e6rt billige priser. Gratis frakt p\u00e5 engrosordrer. Hvis du har v\u00e6rt ute etter \u00e5 kj\u00f8pe medisiner p\u00e5 nett reseptfritt, er s\u00f8ket ditt over.\",\"breadcrumb\":{\"@id\":\"https:\\\/\\\/medicinasinc.com\\\/no\\\/product\\\/kjope-motrin-ibuprofen-600mg-piller\\\/#breadcrumb\"},\"inLanguage\":\"nn-NO\",\"potentialAction\":[{\"@type\":\"ReadAction\",\"target\":[\"https:\\\/\\\/medicinasinc.com\\\/no\\\/product\\\/kjope-motrin-ibuprofen-600mg-piller\\\/\"]}]},{\"@type\":\"ImageObject\",\"inLanguage\":\"nn-NO\",\"@id\":\"https:\\\/\\\/medicinasinc.com\\\/no\\\/product\\\/kjope-motrin-ibuprofen-600mg-piller\\\/#primaryimage\",\"url\":\"https:\\\/\\\/medicinasinc.com\\\/no\\\/wp-content\\\/uploads\\\/sites\\\/14\\\/2022\\\/02\\\/Buy-Motrin-Ibuprofen-600mg.jpg\",\"contentUrl\":\"https:\\\/\\\/medicinasinc.com\\\/no\\\/wp-content\\\/uploads\\\/sites\\\/14\\\/2022\\\/02\\\/Buy-Motrin-Ibuprofen-600mg.jpg\",\"width\":1200,\"height\":1200},{\"@type\":\"BreadcrumbList\",\"@id\":\"https:\\\/\\\/medicinasinc.com\\\/no\\\/product\\\/kjope-motrin-ibuprofen-600mg-piller\\\/#breadcrumb\",\"itemListElement\":[{\"@type\":\"ListItem\",\"position\":1,\"name\":\"Butikk\",\"item\":\"https:\\\/\\\/medicinasinc.com\\\/no\\\/butikk\\\/\"},{\"@type\":\"ListItem\",\"position\":2,\"name\":\"Kj\u00f8p Motrin Ibuprofen 600mg piller\"}]},{\"@type\":\"WebSite\",\"@id\":\"https:\\\/\\\/medicinasinc.com\\\/no\\\/#website\",\"url\":\"https:\\\/\\\/medicinasinc.com\\\/no\\\/\",\"name\":\"Medicinas Inc\",\"description\":\"Helsemedisinsk klinikk\",\"potentialAction\":[{\"@type\":\"SearchAction\",\"target\":{\"@type\":\"EntryPoint\",\"urlTemplate\":\"https:\\\/\\\/medicinasinc.com\\\/no\\\/?s={search_term_string}\"},\"query-input\":{\"@type\":\"PropertyValueSpecification\",\"valueRequired\":true,\"valueName\":\"search_term_string\"}}],\"inLanguage\":\"nn-NO\"}]}<\/script>\n<!-- \/ Yoast SEO plugin. -->","yoast_head_json":{"title":"Kj\u00f8p Motrin Ibuprofen 600 mg piller - Beste beste globale medisiner","description":"Kj\u00f8p Motrin Ibuprofen 600 mg piller p\u00e5 nett. Kj\u00f8p Ibuprofen 600mg Online til sv\u00e6rt billige priser. Gratis frakt p\u00e5 engrosordrer. Hvis du har v\u00e6rt ute etter \u00e5 kj\u00f8pe medisiner p\u00e5 nett reseptfritt, er s\u00f8ket ditt over.","robots":{"index":"index","follow":"follow","max-snippet":"max-snippet:-1","max-image-preview":"max-image-preview:large","max-video-preview":"max-video-preview:-1"},"canonical":"https:\/\/medicinasinc.com\/no\/product\/kjope-motrin-ibuprofen-600mg-piller\/","og_locale":"nn_NO","og_type":"article","og_title":"Kj\u00f8p Motrin Ibuprofen 600 mg piller - Beste beste globale medisiner","og_description":"Kj\u00f8p Motrin Ibuprofen 600 mg piller p\u00e5 nett. Kj\u00f8p Ibuprofen 600mg Online til sv\u00e6rt billige priser. Gratis frakt p\u00e5 engrosordrer. Hvis du har v\u00e6rt ute etter \u00e5 kj\u00f8pe medisiner p\u00e5 nett reseptfritt, er s\u00f8ket ditt over.","og_url":"https:\/\/medicinasinc.com\/no\/product\/kjope-motrin-ibuprofen-600mg-piller\/","og_site_name":"Medicinas Inc","article_modified_time":"2022-03-22T00:57:56+00:00","og_image":[{"width":1200,"height":1200,"url":"https:\/\/medicinasinc.com\/no\/wp-content\/uploads\/sites\/14\/2022\/02\/Buy-Motrin-Ibuprofen-600mg.jpg","type":"image\/jpeg"}],"twitter_card":"summary_large_image","twitter_misc":{"Est. reading time":"1 minutt"},"schema":{"@context":"https:\/\/schema.org","@graph":[{"@type":"WebPage","@id":"https:\/\/medicinasinc.com\/no\/product\/kjope-motrin-ibuprofen-600mg-piller\/","url":"https:\/\/medicinasinc.com\/no\/product\/kjope-motrin-ibuprofen-600mg-piller\/","name":"Kj\u00f8p Motrin Ibuprofen 600 mg piller - Beste beste globale medisiner","isPartOf":{"@id":"https:\/\/medicinasinc.com\/no\/#website"},"primaryImageOfPage":{"@id":"https:\/\/medicinasinc.com\/no\/product\/kjope-motrin-ibuprofen-600mg-piller\/#primaryimage"},"image":{"@id":"https:\/\/medicinasinc.com\/no\/product\/kjope-motrin-ibuprofen-600mg-piller\/#primaryimage"},"thumbnailUrl":"https:\/\/medicinasinc.com\/no\/wp-content\/uploads\/sites\/14\/2022\/02\/Buy-Motrin-Ibuprofen-600mg.jpg","datePublished":"2022-02-20T22:53:05+00:00","dateModified":"2022-03-22T00:57:56+00:00","description":"Kj\u00f8p Motrin Ibuprofen 600 mg piller p\u00e5 nett. Kj\u00f8p Ibuprofen 600mg Online til sv\u00e6rt billige priser. Gratis frakt p\u00e5 engrosordrer. Hvis du har v\u00e6rt ute etter \u00e5 kj\u00f8pe medisiner p\u00e5 nett reseptfritt, er s\u00f8ket ditt over.","breadcrumb":{"@id":"https:\/\/medicinasinc.com\/no\/product\/kjope-motrin-ibuprofen-600mg-piller\/#breadcrumb"},"inLanguage":"nn-NO","potentialAction":[{"@type":"ReadAction","target":["https:\/\/medicinasinc.com\/no\/product\/kjope-motrin-ibuprofen-600mg-piller\/"]}]},{"@type":"ImageObject","inLanguage":"nn-NO","@id":"https:\/\/medicinasinc.com\/no\/product\/kjope-motrin-ibuprofen-600mg-piller\/#primaryimage","url":"https:\/\/medicinasinc.com\/no\/wp-content\/uploads\/sites\/14\/2022\/02\/Buy-Motrin-Ibuprofen-600mg.jpg","contentUrl":"https:\/\/medicinasinc.com\/no\/wp-content\/uploads\/sites\/14\/2022\/02\/Buy-Motrin-Ibuprofen-600mg.jpg","width":1200,"height":1200},{"@type":"BreadcrumbList","@id":"https:\/\/medicinasinc.com\/no\/product\/kjope-motrin-ibuprofen-600mg-piller\/#breadcrumb","itemListElement":[{"@type":"ListItem","position":1,"name":"Butikk","item":"https:\/\/medicinasinc.com\/no\/butikk\/"},{"@type":"ListItem","position":2,"name":"Kj\u00f8p Motrin Ibuprofen 600mg piller"}]},{"@type":"WebSite","@id":"https:\/\/medicinasinc.com\/no\/#website","url":"https:\/\/medicinasinc.com\/no\/","name":"Medicinas Inc","description":"Helsemedisinsk klinikk","potentialAction":[{"@type":"SearchAction","target":{"@type":"EntryPoint","urlTemplate":"https:\/\/medicinasinc.com\/no\/?s={search_term_string}"},"query-input":{"@type":"PropertyValueSpecification","valueRequired":true,"valueName":"search_term_string"}}],"inLanguage":"nn-NO"}]}},"_links":{"self":[{"href":"https:\/\/medicinasinc.com\/no\/wp-json\/wp\/v2\/product\/5264","targetHints":{"allow":["GET"]}}],"collection":[{"href":"https:\/\/medicinasinc.com\/no\/wp-json\/wp\/v2\/product"}],"about":[{"href":"https:\/\/medicinasinc.com\/no\/wp-json\/wp\/v2\/types\/product"}],"replies":[{"embeddable":true,"href":"https:\/\/medicinasinc.com\/no\/wp-json\/wp\/v2\/comments?post=5264"}],"wp:featuredmedia":[{"embeddable":true,"href":"https:\/\/medicinasinc.com\/no\/wp-json\/wp\/v2\/media\/5282"}],"wp:attachment":[{"href":"https:\/\/medicinasinc.com\/no\/wp-json\/wp\/v2\/media?parent=5264"}],"wp:term":[{"taxonomy":"product_brand","embeddable":true,"href":"https:\/\/medicinasinc.com\/no\/wp-json\/wp\/v2\/product_brand?post=5264"},{"taxonomy":"product_cat","embeddable":true,"href":"https:\/\/medicinasinc.com\/no\/wp-json\/wp\/v2\/product_cat?post=5264"},{"taxonomy":"product_tag","embeddable":true,"href":"https:\/\/medicinasinc.com\/no\/wp-json\/wp\/v2\/product_tag?post=5264"}],"curies":[{"name":"wp","href":"https:\/\/api.w.org\/{rel}","templated":true}]}}