{"id":5263,"date":"2022-02-20T22:51:56","date_gmt":"2022-02-20T22:51:56","guid":{"rendered":"https:\/\/medicinasinc.com\/no\/?post_type=product&#038;p=5263"},"modified":"2022-03-22T00:58:04","modified_gmt":"2022-03-22T00:58:04","slug":"kjop-naze-2mg-klonazepam","status":"publish","type":"product","link":"https:\/\/medicinasinc.com\/no\/product\/kjop-naze-2mg-klonazepam\/","title":{"rendered":"Kj\u00f8p Naze 2mg Clonazepam"},"content":{"rendered":"<p>Nettkj\u00f8p av Naze 2mg Clonazepam tabletter<\/p>\n<p>Klonazepam brukes til \u00e5 behandle anfall (epilepsi eller anfall) og uventede hendelser med alvorlig frykt, samt angst for disse anfallene (panikklidelse), med eller uten en frykt for offentlige steder (agorafobi).<br \/> Klonazepam er medlem av klassen med medisiner kjent som benzodiazepiner. Klonazepams n\u00f8yaktige virkem\u00e5te er ukjent; det antas imidlertid \u00e5 forbedre funksjonen til et signalkjemikalie i hjernen kalt gamma-aminosm\u00f8rsyre (GABA), som bidrar til \u00e5 roe den overdreven elektriske nerveaktiviteten som for\u00e5rsaker anfall (anfall) og panikklidelser.<\/p>\n<p>Kj\u00f8p Naze (Clonazepam) 2mg online uten resept fra butikken v\u00e5r via bankoverf\u00f8ring. Diskret frakt over natten tilbys fra Europa, Storbritannia og USA.<\/p>\n<p>Naze 2 mg Clonazepam-piller kan kj\u00f8pes p\u00e5 nettet.<\/p>\n<p>Ta klonazepam n\u00f8yaktig som foreskrevet av legen din.<\/p>\n<p>Naze\u00a0(klonazepam)\u00a02mg. Du kan f\u00e5 Naze (Clonazepam) 2 mg tabletter uten resept p\u00e5 nett (Ingen RX). Produktet er priset som f\u00f8lger: per pille.<\/p>\n","protected":false},"excerpt":{"rendered":"<p>Kj\u00f8p Naze (Clonazepam) 2mg online uten resept fra butikken v\u00e5r via bankoverf\u00f8ring. Diskret frakt over natten tilbys fra Europa, Storbritannia og USA.<\/p>\n<p>Naze 2 mg Clonazepam-piller kan kj\u00f8pes p\u00e5 nettet.<\/p>\n<p>Ta klonazepam n\u00f8yaktig som foreskrevet av legen din.<\/p>\n<p>Naze\u00a0(klonazepam)\u00a02mg. Du kan f\u00e5 Naze (Clonazepam) 2 mg tabletter uten resept p\u00e5 nett (Ingen RX)<\/p>\n<div class=\"ULSxyf\">\n<div class=\"EyBRub\">\n<div>\n<div id=\"_QM5vYYzICdD2gQa--6GgAw40\" class=\"yp\" data-jiis=\"up\" data-async-type=\"kp_feedback\" data-ved=\"2ahUKEwiM6ImnxNjzAhVQe8AKHb59CDQQ68cEegQIKhAA\"><\/div>\n<\/p><\/div>\n<div class=\"LnbJhc\" data-count=\"11 \" data-iu=\"1\" data-hveid=\"CCoQAQ\" data-ved=\"2ahUKEwiM6ImnxNjzAhVQe8AKHb59CDQQyA0oAHoECCoQAQ\"><\/div>\n<\/p><\/div>\n<\/p><\/div>\n<p>&nbsp;<\/p>\n","protected":false},"featured_media":5280,"comment_status":"open","ping_status":"closed","template":"","meta":[],"product_brand":[],"product_cat":[1117],"product_tag":[1563,1564,1565,1566,1568,1567,1569,1570],"class_list":{"0":"post-5263","1":"product","2":"type-product","3":"status-publish","4":"has-post-thumbnail","6":"product_cat-kjop-smerte-sove-sexpiller","7":"product_tag-clonazepam-uses","8":"product_tag-naze-2mg-alternativ","9":"product_tag-naze-2mg-online","10":"product_tag-naze-2mg-pris-i-pakistan","11":"product_tag-naze-2mg-tablett-bruker","12":"product_tag-naze-2mg-tablett-pakistan","13":"product_tag-naze-nettbrett-bruker","14":"product_tag-naze-tablett-2mg-bivirkninger","16":"first","17":"instock","18":"shipping-taxable","19":"purchasable","20":"product-type-variable","21":"has-default-attributes"},"yoast_head":"<!-- This site is optimized with the Yoast SEO plugin v27.3 - https:\/\/yoast.com\/product\/yoast-seo-wordpress\/ -->\n<title>Kj\u00f8p Naze 2mg Clonazepam-piller - Beste beste globale medisiner<\/title>\n<meta name=\"description\" content=\"Kj\u00f8p Naze\u00a0(Clonazepam)\u00a02mg online med bankoverf\u00f8ring uten resept fra butikken v\u00e5r. Diskret levering over natten tilgjengelig fra Europa, Storbritannia og USA.\" \/>\n<meta name=\"robots\" content=\"index, follow, max-snippet:-1, max-image-preview:large, max-video-preview:-1\" \/>\n<link rel=\"canonical\" href=\"https:\/\/medicinasinc.com\/no\/product\/kjop-naze-2mg-klonazepam\/\" \/>\n<meta property=\"og:locale\" content=\"nn_NO\" \/>\n<meta property=\"og:type\" content=\"article\" \/>\n<meta property=\"og:title\" content=\"Kj\u00f8p Naze 2mg Clonazepam-piller - Beste beste globale medisiner\" \/>\n<meta property=\"og:description\" content=\"Kj\u00f8p Naze\u00a0(Clonazepam)\u00a02mg online med bankoverf\u00f8ring uten resept fra butikken v\u00e5r. Diskret levering over natten tilgjengelig fra Europa, Storbritannia og USA.\" \/>\n<meta property=\"og:url\" content=\"https:\/\/medicinasinc.com\/no\/product\/kjop-naze-2mg-klonazepam\/\" \/>\n<meta property=\"og:site_name\" content=\"Medicinas Inc\" \/>\n<meta property=\"article:modified_time\" content=\"2022-03-22T00:58:04+00:00\" \/>\n<meta property=\"og:image\" content=\"https:\/\/medicinasinc.com\/no\/wp-content\/uploads\/sites\/14\/2022\/02\/buy-naze-2mg-clonazepam-pills-online.jpg\" \/>\n\t<meta property=\"og:image:width\" content=\"600\" \/>\n\t<meta property=\"og:image:height\" content=\"600\" \/>\n\t<meta property=\"og:image:type\" content=\"image\/jpeg\" \/>\n<meta name=\"twitter:card\" content=\"summary_large_image\" \/>\n<meta name=\"twitter:label1\" content=\"Est. reading time\" \/>\n\t<meta name=\"twitter:data1\" content=\"1 minutt\" \/>\n<script type=\"application\/ld+json\" class=\"yoast-schema-graph\">{\"@context\":\"https:\\\/\\\/schema.org\",\"@graph\":[{\"@type\":\"WebPage\",\"@id\":\"https:\\\/\\\/medicinasinc.com\\\/no\\\/product\\\/kjop-naze-2mg-klonazepam\\\/\",\"url\":\"https:\\\/\\\/medicinasinc.com\\\/no\\\/product\\\/kjop-naze-2mg-klonazepam\\\/\",\"name\":\"Kj\u00f8p Naze 2mg Clonazepam-piller - Beste beste globale medisiner\",\"isPartOf\":{\"@id\":\"https:\\\/\\\/medicinasinc.com\\\/no\\\/#website\"},\"primaryImageOfPage\":{\"@id\":\"https:\\\/\\\/medicinasinc.com\\\/no\\\/product\\\/kjop-naze-2mg-klonazepam\\\/#primaryimage\"},\"image\":{\"@id\":\"https:\\\/\\\/medicinasinc.com\\\/no\\\/product\\\/kjop-naze-2mg-klonazepam\\\/#primaryimage\"},\"thumbnailUrl\":\"https:\\\/\\\/medicinasinc.com\\\/no\\\/wp-content\\\/uploads\\\/sites\\\/14\\\/2022\\\/02\\\/buy-naze-2mg-clonazepam-pills-online.jpg\",\"datePublished\":\"2022-02-20T22:51:56+00:00\",\"dateModified\":\"2022-03-22T00:58:04+00:00\",\"description\":\"Kj\u00f8p Naze\u00a0(Clonazepam)\u00a02mg online med bankoverf\u00f8ring uten resept fra butikken v\u00e5r. Diskret levering over natten tilgjengelig fra Europa, Storbritannia og USA.\",\"breadcrumb\":{\"@id\":\"https:\\\/\\\/medicinasinc.com\\\/no\\\/product\\\/kjop-naze-2mg-klonazepam\\\/#breadcrumb\"},\"inLanguage\":\"nn-NO\",\"potentialAction\":[{\"@type\":\"ReadAction\",\"target\":[\"https:\\\/\\\/medicinasinc.com\\\/no\\\/product\\\/kjop-naze-2mg-klonazepam\\\/\"]}]},{\"@type\":\"ImageObject\",\"inLanguage\":\"nn-NO\",\"@id\":\"https:\\\/\\\/medicinasinc.com\\\/no\\\/product\\\/kjop-naze-2mg-klonazepam\\\/#primaryimage\",\"url\":\"https:\\\/\\\/medicinasinc.com\\\/no\\\/wp-content\\\/uploads\\\/sites\\\/14\\\/2022\\\/02\\\/buy-naze-2mg-clonazepam-pills-online.jpg\",\"contentUrl\":\"https:\\\/\\\/medicinasinc.com\\\/no\\\/wp-content\\\/uploads\\\/sites\\\/14\\\/2022\\\/02\\\/buy-naze-2mg-clonazepam-pills-online.jpg\",\"width\":600,\"height\":600},{\"@type\":\"BreadcrumbList\",\"@id\":\"https:\\\/\\\/medicinasinc.com\\\/no\\\/product\\\/kjop-naze-2mg-klonazepam\\\/#breadcrumb\",\"itemListElement\":[{\"@type\":\"ListItem\",\"position\":1,\"name\":\"Butikk\",\"item\":\"https:\\\/\\\/medicinasinc.com\\\/no\\\/butikk\\\/\"},{\"@type\":\"ListItem\",\"position\":2,\"name\":\"Kj\u00f8p Naze 2mg Clonazepam\"}]},{\"@type\":\"WebSite\",\"@id\":\"https:\\\/\\\/medicinasinc.com\\\/no\\\/#website\",\"url\":\"https:\\\/\\\/medicinasinc.com\\\/no\\\/\",\"name\":\"Medicinas Inc\",\"description\":\"Helsemedisinsk klinikk\",\"potentialAction\":[{\"@type\":\"SearchAction\",\"target\":{\"@type\":\"EntryPoint\",\"urlTemplate\":\"https:\\\/\\\/medicinasinc.com\\\/no\\\/?s={search_term_string}\"},\"query-input\":{\"@type\":\"PropertyValueSpecification\",\"valueRequired\":true,\"valueName\":\"search_term_string\"}}],\"inLanguage\":\"nn-NO\"}]}<\/script>\n<!-- \/ Yoast SEO plugin. -->","yoast_head_json":{"title":"Kj\u00f8p Naze 2mg Clonazepam-piller - Beste beste globale medisiner","description":"Kj\u00f8p Naze\u00a0(Clonazepam)\u00a02mg online med bankoverf\u00f8ring uten resept fra butikken v\u00e5r. Diskret levering over natten tilgjengelig fra Europa, Storbritannia og USA.","robots":{"index":"index","follow":"follow","max-snippet":"max-snippet:-1","max-image-preview":"max-image-preview:large","max-video-preview":"max-video-preview:-1"},"canonical":"https:\/\/medicinasinc.com\/no\/product\/kjop-naze-2mg-klonazepam\/","og_locale":"nn_NO","og_type":"article","og_title":"Kj\u00f8p Naze 2mg Clonazepam-piller - Beste beste globale medisiner","og_description":"Kj\u00f8p Naze\u00a0(Clonazepam)\u00a02mg online med bankoverf\u00f8ring uten resept fra butikken v\u00e5r. Diskret levering over natten tilgjengelig fra Europa, Storbritannia og USA.","og_url":"https:\/\/medicinasinc.com\/no\/product\/kjop-naze-2mg-klonazepam\/","og_site_name":"Medicinas Inc","article_modified_time":"2022-03-22T00:58:04+00:00","og_image":[{"width":600,"height":600,"url":"https:\/\/medicinasinc.com\/no\/wp-content\/uploads\/sites\/14\/2022\/02\/buy-naze-2mg-clonazepam-pills-online.jpg","type":"image\/jpeg"}],"twitter_card":"summary_large_image","twitter_misc":{"Est. reading time":"1 minutt"},"schema":{"@context":"https:\/\/schema.org","@graph":[{"@type":"WebPage","@id":"https:\/\/medicinasinc.com\/no\/product\/kjop-naze-2mg-klonazepam\/","url":"https:\/\/medicinasinc.com\/no\/product\/kjop-naze-2mg-klonazepam\/","name":"Kj\u00f8p Naze 2mg Clonazepam-piller - Beste beste globale medisiner","isPartOf":{"@id":"https:\/\/medicinasinc.com\/no\/#website"},"primaryImageOfPage":{"@id":"https:\/\/medicinasinc.com\/no\/product\/kjop-naze-2mg-klonazepam\/#primaryimage"},"image":{"@id":"https:\/\/medicinasinc.com\/no\/product\/kjop-naze-2mg-klonazepam\/#primaryimage"},"thumbnailUrl":"https:\/\/medicinasinc.com\/no\/wp-content\/uploads\/sites\/14\/2022\/02\/buy-naze-2mg-clonazepam-pills-online.jpg","datePublished":"2022-02-20T22:51:56+00:00","dateModified":"2022-03-22T00:58:04+00:00","description":"Kj\u00f8p Naze\u00a0(Clonazepam)\u00a02mg online med bankoverf\u00f8ring uten resept fra butikken v\u00e5r. Diskret levering over natten tilgjengelig fra Europa, Storbritannia og USA.","breadcrumb":{"@id":"https:\/\/medicinasinc.com\/no\/product\/kjop-naze-2mg-klonazepam\/#breadcrumb"},"inLanguage":"nn-NO","potentialAction":[{"@type":"ReadAction","target":["https:\/\/medicinasinc.com\/no\/product\/kjop-naze-2mg-klonazepam\/"]}]},{"@type":"ImageObject","inLanguage":"nn-NO","@id":"https:\/\/medicinasinc.com\/no\/product\/kjop-naze-2mg-klonazepam\/#primaryimage","url":"https:\/\/medicinasinc.com\/no\/wp-content\/uploads\/sites\/14\/2022\/02\/buy-naze-2mg-clonazepam-pills-online.jpg","contentUrl":"https:\/\/medicinasinc.com\/no\/wp-content\/uploads\/sites\/14\/2022\/02\/buy-naze-2mg-clonazepam-pills-online.jpg","width":600,"height":600},{"@type":"BreadcrumbList","@id":"https:\/\/medicinasinc.com\/no\/product\/kjop-naze-2mg-klonazepam\/#breadcrumb","itemListElement":[{"@type":"ListItem","position":1,"name":"Butikk","item":"https:\/\/medicinasinc.com\/no\/butikk\/"},{"@type":"ListItem","position":2,"name":"Kj\u00f8p Naze 2mg Clonazepam"}]},{"@type":"WebSite","@id":"https:\/\/medicinasinc.com\/no\/#website","url":"https:\/\/medicinasinc.com\/no\/","name":"Medicinas Inc","description":"Helsemedisinsk klinikk","potentialAction":[{"@type":"SearchAction","target":{"@type":"EntryPoint","urlTemplate":"https:\/\/medicinasinc.com\/no\/?s={search_term_string}"},"query-input":{"@type":"PropertyValueSpecification","valueRequired":true,"valueName":"search_term_string"}}],"inLanguage":"nn-NO"}]}},"_links":{"self":[{"href":"https:\/\/medicinasinc.com\/no\/wp-json\/wp\/v2\/product\/5263","targetHints":{"allow":["GET"]}}],"collection":[{"href":"https:\/\/medicinasinc.com\/no\/wp-json\/wp\/v2\/product"}],"about":[{"href":"https:\/\/medicinasinc.com\/no\/wp-json\/wp\/v2\/types\/product"}],"replies":[{"embeddable":true,"href":"https:\/\/medicinasinc.com\/no\/wp-json\/wp\/v2\/comments?post=5263"}],"wp:featuredmedia":[{"embeddable":true,"href":"https:\/\/medicinasinc.com\/no\/wp-json\/wp\/v2\/media\/5280"}],"wp:attachment":[{"href":"https:\/\/medicinasinc.com\/no\/wp-json\/wp\/v2\/media?parent=5263"}],"wp:term":[{"taxonomy":"product_brand","embeddable":true,"href":"https:\/\/medicinasinc.com\/no\/wp-json\/wp\/v2\/product_brand?post=5263"},{"taxonomy":"product_cat","embeddable":true,"href":"https:\/\/medicinasinc.com\/no\/wp-json\/wp\/v2\/product_cat?post=5263"},{"taxonomy":"product_tag","embeddable":true,"href":"https:\/\/medicinasinc.com\/no\/wp-json\/wp\/v2\/product_tag?post=5263"}],"curies":[{"name":"wp","href":"https:\/\/api.w.org\/{rel}","templated":true}]}}