{"id":5262,"date":"2022-02-20T22:49:49","date_gmt":"2022-02-20T22:49:49","guid":{"rendered":"https:\/\/medicinasinc.com\/no\/?post_type=product&#038;p=5262"},"modified":"2022-03-22T00:58:12","modified_gmt":"2022-03-22T00:58:12","slug":"buy-onax-2mg-alprazolam","status":"publish","type":"product","link":"https:\/\/medicinasinc.com\/no\/product\/buy-onax-2mg-alprazolam\/","title":{"rendered":"Kj\u00f8p Onax 2mg Alprazolam"},"content":{"rendered":"<p>Kj\u00f8p Onax 2mg Alprazolam piller online | Kj\u00f8p Onax online | Kj\u00f8p Onax-stenger<\/p>\n<p>Hva er Onax? Onax kj\u00f8p online<\/p>\n<p>Onax 2mg barer (Alprazolam) er kjent for sin beroligende effekt. Det brukes til \u00e5 behandle s\u00f8vnmangel n\u00e5r som helst p\u00e5 dagen eller natten. Xanax XR er et benzodiazepin som brukes til \u00e5 behandle angst, panikklidelse og depresjon. Hvis du kj\u00f8per Onax 2mg barer fra oss, vennligst s\u00f8rg for at du virkelig trenger dem og at Onax er foresl\u00e5tt av en lege. PandaPharmacy.com er ikke ansvarlig for skader eller u\u00f8nskede effekter for\u00e5rsaket av Xanax 3mg.<\/p>\n<p>Misbruk av stoffet kan resultere i en begrenset grad av fysisk eller psykisk avhengighet sammenlignet med plan 3-medisinene. Du kan f\u00e5 Onax 2mg barer online hos oss uavhengig av betalingsmetode. Vi aksepterer ogs\u00e5 PayPal. Bortsett fra PayPal, kan postanvisninger brukes til \u00e5 kj\u00f8pe Onax 2mg barer. V\u00e6r oppmerksom p\u00e5 at dette stoffet er ekstremt skadelig og kan f\u00f8re til avhengighet. V\u00e5r Onax ville v\u00e6re av overlegen karakter. Vennligst les v\u00e5r &laquo;&raquo; for \u00e5 finne de fleste l\u00f8sningene p\u00e5 sp\u00f8rsm\u00e5lene som har dukket opp i hodet ditt.<\/p>\n<p>Hva er Onax? Onax kj\u00f8p online<\/p>\n<p>Onax 2mg barer (Alprazolam) er kjent for sine beroligende egenskaper. Det brukes til \u00e5 behandle s\u00f8vnmangel n\u00e5r som helst p\u00e5 dagen eller natten. Xanax XR er et benzodiazepin som brukes til \u00e5 behandle angst, panikklidelse og depresjon. Hvis du kj\u00f8per Onax 2mg barer fra oss, vennligst s\u00f8rg for at du virkelig trenger dem og at Onax er godkjent av legen din. PandaPharmacy.com er ikke ansvarlig for skader eller u\u00f8nskede effekter for\u00e5rsaket av Xanax 3mg.<\/p>\n<p>Misbruk av stoffet kan resultere i en begrenset grad av fysisk eller psykisk avhengighet sammenlignet med stoffet i plan 3.<\/p>\n<p>Du kan f\u00e5 Onax 2mg barer online hos oss uavhengig av betalingsmetode. Vi aksepterer ogs\u00e5 PayPal. Bortsett fra PayPal, kan postanvisninger brukes til \u00e5 kj\u00f8pe Onax 2mg barer. V\u00e6r oppmerksom p\u00e5 at dette stoffet er ekstremt skadelig og kan f\u00f8re til avhengighet. V\u00e5r Onax ville v\u00e6re av overlegen karakter. Vennligst les v\u00e5r &raquo; for \u00e5 f\u00e5 svar p\u00e5 de fleste problemene som har dukket opp i dine tanker. Bestill<\/p>\n","protected":false},"excerpt":{"rendered":"<p>Kj\u00f8p p\u00e5 nett av Onax 2mg Alprazolam-tabletter. Alprazolam brukes til \u00e5 behandle angst, vanvidd og uroen forbundet med elendighet. Online kj\u00f8p av Onax 2mg Alprazolam tabletter&#8221;. Alprazolam 2mg Onax<\/p>\n<p>Onax 2mg barer\/tabletter \u00e5 kj\u00f8pe<\/p>\n<p>Onax (Alprazolam) brukes til \u00e5 behandle angst, panikkanfall, s\u00f8vnl\u00f8shet (s\u00f8vnvansker) og angst assosiert med depresjon.<\/p>\n<p>Du kan kj\u00f8pe Onax 2mg online fra oss; v\u00e5re Onax 2mg piller er av h\u00f8yeste kvalitet. Onax 2mg er det offisielle navnet p\u00e5 medisinen. Disse pillene vil bli sendt p\u00e5 en diskret m\u00e5te.<\/p>\n<p>Kj\u00f8p Onax 2mg barer (Alprazolam), som er kjent for sin beroligende effekt. Den brukes til \u00e5 bekjempe s\u00f8vnmangel n\u00e5r som helst p\u00e5 dagen eller natten.<\/p>\n","protected":false},"featured_media":5278,"comment_status":"open","ping_status":"closed","template":"","meta":[],"product_brand":[],"product_cat":[1117],"product_tag":[1524,1520,1557,1558,1559,1560,1521,1522,1523,1525,1526,1527,1528,1529,1532,1530,1531,1533,1534,1535,1536,1538,1539,1540,1541,1551,1542,1543,1544,1545,1546,1547,1548,1537,1549,1550,1552,1553,1554,1555,1556,1561,1562],"class_list":{"0":"post-5262","1":"product","2":"type-product","3":"status-publish","4":"has-post-thumbnail","6":"product_cat-kjop-smerte-sove-sexpiller","7":"product_tag-dj-onax","8":"product_tag-er-onax-barer-gode","9":"product_tag-hvit-bar-pille-onax","10":"product_tag-hvit-pille-onax","11":"product_tag-hvit-pille-onax-2","12":"product_tag-hvit-rektangel-pille-onax-2","13":"product_tag-buy-onax","14":"product_tag-buy-onax-2mg","15":"product_tag-kjp-onax-online","16":"product_tag-lang-hvit-pille-onax","17":"product_tag-hav-legemidler-onax","18":"product_tag-onax","19":"product_tag-onax-2","20":"product_tag-onax-2-bars","21":"product_tag-onax-2-hvit-pille","22":"product_tag-onax-2-pille-id","23":"product_tag-onax-2-pille-identifikator","24":"product_tag-onax-2mg","25":"product_tag-onax-2mg-bar","26":"product_tag-onax-2mg-barer","27":"product_tag-onax-ag-it-lsninger","28":"product_tag-onax-bars-3mg","29":"product_tag-onax-barer-til-salg","30":"product_tag-onax-dr-germantown","31":"product_tag-onax-hodepine","32":"product_tag-onax-hvit-pille","33":"product_tag-onax-llc","34":"product_tag-onax-orv-park-mojave-ca-bilder","35":"product_tag-onax-pc-ames","36":"product_tag-onax-pex","37":"product_tag-onax-pille","38":"product_tag-onax-punta-cana","39":"product_tag-onax-statuer","40":"product_tag-onax-stenger","41":"product_tag-onax-vlack-kitchenaid-mikser","42":"product_tag-onax-vs-xanax","43":"product_tag-onax-xanax","44":"product_tag-onax-xanax-stenger","45":"product_tag-pille-onax-2","46":"product_tag-reddit-onax","47":"product_tag-reddit-onax-for-nesen","48":"product_tag-xanax-2mg-onax","49":"product_tag-xanax-bars-onax","51":"first","52":"instock","53":"shipping-taxable","54":"purchasable","55":"product-type-variable","56":"has-default-attributes"},"yoast_head":"<!-- This site is optimized with the Yoast SEO plugin v27.3 - https:\/\/yoast.com\/product\/yoast-seo-wordpress\/ -->\n<title>Kj\u00f8p Onax 2mg Alprazolam piller - Beste beste globale medisiner<\/title>\n<meta name=\"description\" content=\"kj\u00f8p onax 2mg barer\/tabletter:\u00a0Onax\u00a0(Alprazolam) behandler angst, panikklidelse, s\u00f8vnl\u00f8shet (s\u00f8vnproblemer) og angst for\u00e5rsaket av depresjon.\" \/>\n<meta name=\"robots\" content=\"index, follow, max-snippet:-1, max-image-preview:large, max-video-preview:-1\" \/>\n<link rel=\"canonical\" href=\"https:\/\/medicinasinc.com\/no\/product\/buy-onax-2mg-alprazolam\/\" \/>\n<meta property=\"og:locale\" content=\"nn_NO\" \/>\n<meta property=\"og:type\" content=\"article\" \/>\n<meta property=\"og:title\" content=\"Kj\u00f8p Onax 2mg Alprazolam piller - Beste beste globale medisiner\" \/>\n<meta property=\"og:description\" content=\"kj\u00f8p onax 2mg barer\/tabletter:\u00a0Onax\u00a0(Alprazolam) behandler angst, panikklidelse, s\u00f8vnl\u00f8shet (s\u00f8vnproblemer) og angst for\u00e5rsaket av depresjon.\" \/>\n<meta property=\"og:url\" content=\"https:\/\/medicinasinc.com\/no\/product\/buy-onax-2mg-alprazolam\/\" \/>\n<meta property=\"og:site_name\" content=\"Medicinas Inc\" \/>\n<meta property=\"article:modified_time\" content=\"2022-03-22T00:58:12+00:00\" \/>\n<meta property=\"og:image\" content=\"https:\/\/medicinasinc.com\/no\/wp-content\/uploads\/sites\/14\/2022\/02\/Buy-Onax-2mg.jpg\" \/>\n\t<meta property=\"og:image:width\" content=\"400\" \/>\n\t<meta property=\"og:image:height\" content=\"300\" \/>\n\t<meta property=\"og:image:type\" content=\"image\/jpeg\" \/>\n<meta name=\"twitter:card\" content=\"summary_large_image\" \/>\n<meta name=\"twitter:label1\" content=\"Est. reading time\" \/>\n\t<meta name=\"twitter:data1\" content=\"2 minutt\" \/>\n<script type=\"application\/ld+json\" class=\"yoast-schema-graph\">{\"@context\":\"https:\\\/\\\/schema.org\",\"@graph\":[{\"@type\":\"WebPage\",\"@id\":\"https:\\\/\\\/medicinasinc.com\\\/no\\\/product\\\/buy-onax-2mg-alprazolam\\\/\",\"url\":\"https:\\\/\\\/medicinasinc.com\\\/no\\\/product\\\/buy-onax-2mg-alprazolam\\\/\",\"name\":\"Kj\u00f8p Onax 2mg Alprazolam piller - Beste beste globale medisiner\",\"isPartOf\":{\"@id\":\"https:\\\/\\\/medicinasinc.com\\\/no\\\/#website\"},\"primaryImageOfPage\":{\"@id\":\"https:\\\/\\\/medicinasinc.com\\\/no\\\/product\\\/buy-onax-2mg-alprazolam\\\/#primaryimage\"},\"image\":{\"@id\":\"https:\\\/\\\/medicinasinc.com\\\/no\\\/product\\\/buy-onax-2mg-alprazolam\\\/#primaryimage\"},\"thumbnailUrl\":\"https:\\\/\\\/medicinasinc.com\\\/no\\\/wp-content\\\/uploads\\\/sites\\\/14\\\/2022\\\/02\\\/Buy-Onax-2mg.jpg\",\"datePublished\":\"2022-02-20T22:49:49+00:00\",\"dateModified\":\"2022-03-22T00:58:12+00:00\",\"description\":\"kj\u00f8p onax 2mg barer\\\/tabletter:\u00a0Onax\u00a0(Alprazolam) behandler angst, panikklidelse, s\u00f8vnl\u00f8shet (s\u00f8vnproblemer) og angst for\u00e5rsaket av depresjon.\",\"breadcrumb\":{\"@id\":\"https:\\\/\\\/medicinasinc.com\\\/no\\\/product\\\/buy-onax-2mg-alprazolam\\\/#breadcrumb\"},\"inLanguage\":\"nn-NO\",\"potentialAction\":[{\"@type\":\"ReadAction\",\"target\":[\"https:\\\/\\\/medicinasinc.com\\\/no\\\/product\\\/buy-onax-2mg-alprazolam\\\/\"]}]},{\"@type\":\"ImageObject\",\"inLanguage\":\"nn-NO\",\"@id\":\"https:\\\/\\\/medicinasinc.com\\\/no\\\/product\\\/buy-onax-2mg-alprazolam\\\/#primaryimage\",\"url\":\"https:\\\/\\\/medicinasinc.com\\\/no\\\/wp-content\\\/uploads\\\/sites\\\/14\\\/2022\\\/02\\\/Buy-Onax-2mg.jpg\",\"contentUrl\":\"https:\\\/\\\/medicinasinc.com\\\/no\\\/wp-content\\\/uploads\\\/sites\\\/14\\\/2022\\\/02\\\/Buy-Onax-2mg.jpg\",\"width\":400,\"height\":300},{\"@type\":\"BreadcrumbList\",\"@id\":\"https:\\\/\\\/medicinasinc.com\\\/no\\\/product\\\/buy-onax-2mg-alprazolam\\\/#breadcrumb\",\"itemListElement\":[{\"@type\":\"ListItem\",\"position\":1,\"name\":\"Butikk\",\"item\":\"https:\\\/\\\/medicinasinc.com\\\/no\\\/butikk\\\/\"},{\"@type\":\"ListItem\",\"position\":2,\"name\":\"Kj\u00f8p Onax 2mg Alprazolam\"}]},{\"@type\":\"WebSite\",\"@id\":\"https:\\\/\\\/medicinasinc.com\\\/no\\\/#website\",\"url\":\"https:\\\/\\\/medicinasinc.com\\\/no\\\/\",\"name\":\"Medicinas Inc\",\"description\":\"Helsemedisinsk klinikk\",\"potentialAction\":[{\"@type\":\"SearchAction\",\"target\":{\"@type\":\"EntryPoint\",\"urlTemplate\":\"https:\\\/\\\/medicinasinc.com\\\/no\\\/?s={search_term_string}\"},\"query-input\":{\"@type\":\"PropertyValueSpecification\",\"valueRequired\":true,\"valueName\":\"search_term_string\"}}],\"inLanguage\":\"nn-NO\"}]}<\/script>\n<!-- \/ Yoast SEO plugin. -->","yoast_head_json":{"title":"Kj\u00f8p Onax 2mg Alprazolam piller - Beste beste globale medisiner","description":"kj\u00f8p onax 2mg barer\/tabletter:\u00a0Onax\u00a0(Alprazolam) behandler angst, panikklidelse, s\u00f8vnl\u00f8shet (s\u00f8vnproblemer) og angst for\u00e5rsaket av depresjon.","robots":{"index":"index","follow":"follow","max-snippet":"max-snippet:-1","max-image-preview":"max-image-preview:large","max-video-preview":"max-video-preview:-1"},"canonical":"https:\/\/medicinasinc.com\/no\/product\/buy-onax-2mg-alprazolam\/","og_locale":"nn_NO","og_type":"article","og_title":"Kj\u00f8p Onax 2mg Alprazolam piller - Beste beste globale medisiner","og_description":"kj\u00f8p onax 2mg barer\/tabletter:\u00a0Onax\u00a0(Alprazolam) behandler angst, panikklidelse, s\u00f8vnl\u00f8shet (s\u00f8vnproblemer) og angst for\u00e5rsaket av depresjon.","og_url":"https:\/\/medicinasinc.com\/no\/product\/buy-onax-2mg-alprazolam\/","og_site_name":"Medicinas Inc","article_modified_time":"2022-03-22T00:58:12+00:00","og_image":[{"width":400,"height":300,"url":"https:\/\/medicinasinc.com\/no\/wp-content\/uploads\/sites\/14\/2022\/02\/Buy-Onax-2mg.jpg","type":"image\/jpeg"}],"twitter_card":"summary_large_image","twitter_misc":{"Est. reading time":"2 minutt"},"schema":{"@context":"https:\/\/schema.org","@graph":[{"@type":"WebPage","@id":"https:\/\/medicinasinc.com\/no\/product\/buy-onax-2mg-alprazolam\/","url":"https:\/\/medicinasinc.com\/no\/product\/buy-onax-2mg-alprazolam\/","name":"Kj\u00f8p Onax 2mg Alprazolam piller - Beste beste globale medisiner","isPartOf":{"@id":"https:\/\/medicinasinc.com\/no\/#website"},"primaryImageOfPage":{"@id":"https:\/\/medicinasinc.com\/no\/product\/buy-onax-2mg-alprazolam\/#primaryimage"},"image":{"@id":"https:\/\/medicinasinc.com\/no\/product\/buy-onax-2mg-alprazolam\/#primaryimage"},"thumbnailUrl":"https:\/\/medicinasinc.com\/no\/wp-content\/uploads\/sites\/14\/2022\/02\/Buy-Onax-2mg.jpg","datePublished":"2022-02-20T22:49:49+00:00","dateModified":"2022-03-22T00:58:12+00:00","description":"kj\u00f8p onax 2mg barer\/tabletter:\u00a0Onax\u00a0(Alprazolam) behandler angst, panikklidelse, s\u00f8vnl\u00f8shet (s\u00f8vnproblemer) og angst for\u00e5rsaket av depresjon.","breadcrumb":{"@id":"https:\/\/medicinasinc.com\/no\/product\/buy-onax-2mg-alprazolam\/#breadcrumb"},"inLanguage":"nn-NO","potentialAction":[{"@type":"ReadAction","target":["https:\/\/medicinasinc.com\/no\/product\/buy-onax-2mg-alprazolam\/"]}]},{"@type":"ImageObject","inLanguage":"nn-NO","@id":"https:\/\/medicinasinc.com\/no\/product\/buy-onax-2mg-alprazolam\/#primaryimage","url":"https:\/\/medicinasinc.com\/no\/wp-content\/uploads\/sites\/14\/2022\/02\/Buy-Onax-2mg.jpg","contentUrl":"https:\/\/medicinasinc.com\/no\/wp-content\/uploads\/sites\/14\/2022\/02\/Buy-Onax-2mg.jpg","width":400,"height":300},{"@type":"BreadcrumbList","@id":"https:\/\/medicinasinc.com\/no\/product\/buy-onax-2mg-alprazolam\/#breadcrumb","itemListElement":[{"@type":"ListItem","position":1,"name":"Butikk","item":"https:\/\/medicinasinc.com\/no\/butikk\/"},{"@type":"ListItem","position":2,"name":"Kj\u00f8p Onax 2mg Alprazolam"}]},{"@type":"WebSite","@id":"https:\/\/medicinasinc.com\/no\/#website","url":"https:\/\/medicinasinc.com\/no\/","name":"Medicinas Inc","description":"Helsemedisinsk klinikk","potentialAction":[{"@type":"SearchAction","target":{"@type":"EntryPoint","urlTemplate":"https:\/\/medicinasinc.com\/no\/?s={search_term_string}"},"query-input":{"@type":"PropertyValueSpecification","valueRequired":true,"valueName":"search_term_string"}}],"inLanguage":"nn-NO"}]}},"_links":{"self":[{"href":"https:\/\/medicinasinc.com\/no\/wp-json\/wp\/v2\/product\/5262","targetHints":{"allow":["GET"]}}],"collection":[{"href":"https:\/\/medicinasinc.com\/no\/wp-json\/wp\/v2\/product"}],"about":[{"href":"https:\/\/medicinasinc.com\/no\/wp-json\/wp\/v2\/types\/product"}],"replies":[{"embeddable":true,"href":"https:\/\/medicinasinc.com\/no\/wp-json\/wp\/v2\/comments?post=5262"}],"wp:featuredmedia":[{"embeddable":true,"href":"https:\/\/medicinasinc.com\/no\/wp-json\/wp\/v2\/media\/5278"}],"wp:attachment":[{"href":"https:\/\/medicinasinc.com\/no\/wp-json\/wp\/v2\/media?parent=5262"}],"wp:term":[{"taxonomy":"product_brand","embeddable":true,"href":"https:\/\/medicinasinc.com\/no\/wp-json\/wp\/v2\/product_brand?post=5262"},{"taxonomy":"product_cat","embeddable":true,"href":"https:\/\/medicinasinc.com\/no\/wp-json\/wp\/v2\/product_cat?post=5262"},{"taxonomy":"product_tag","embeddable":true,"href":"https:\/\/medicinasinc.com\/no\/wp-json\/wp\/v2\/product_tag?post=5262"}],"curies":[{"name":"wp","href":"https:\/\/api.w.org\/{rel}","templated":true}]}}