{"id":5239,"date":"2022-02-20T22:28:45","date_gmt":"2022-02-20T22:28:45","guid":{"rendered":"https:\/\/medicinasinc.com\/no\/?post_type=product&#038;p=5239"},"modified":"2022-03-22T00:58:22","modified_gmt":"2022-03-22T00:58:22","slug":"kjop-magnus-mr-morfin-30mg-online","status":"publish","type":"product","link":"https:\/\/medicinasinc.com\/no\/product\/kjop-magnus-mr-morfin-30mg-online\/","title":{"rendered":"Kj\u00f8p Magnus MR Morfin 30mg p\u00e5 nett"},"content":{"rendered":"<div id=\"productDescription\" class=\"productGeneral biggerText\">\n<p>Magnus MR Morfin 30 mg kj\u00f8p online<br \/> Magnus MR (morfinsulfat) 30 mg kapsel Kj\u00f8p Magnus MR (morfinsulfat) 30 mg kapsel trygt p\u00e5 nett<\/p>\n<p>Magnus MR (morfinsulfat) 30 mg kapsel \u2013 Bestill uten resept \u2013 levering over natten<\/p>\n<p>Magnus MR (morfinsulfat) 30 mg til salgs i USA \u2013 p\u00e5litelig smerteapotek<\/p>\n<p>Magnus MR til salgs (morfinsulfat) 30mg Online til de laveste prisene i EUROPA &amp; AMERIKA<\/p>\n<p>Hvor og hvordan kan du trygt kj\u00f8pe Magnus MR (morfinsulfat) 30mg online i dag<\/p>\n<p>1. Rhotard Morphine SR 30mg Tabletter Morphgesic SR 30mg Tabletter til salgs<\/p>\n<p>2. Sammensetning i kvalitative og kvantitative termer<br \/> Morphgesic SR 30mg Tabletter\/Rhotard Morphine SR 30mg Tabletter<br \/> 30 mg morfinsulfat inneholder hver pille.<br \/> Hjelpestoffer med veldefinert effekt:<br \/> Glukose (63 000 mg per tablett).<\/p>\n<p>3. Farmakologisk formulering<br \/> Tabletter med kontrollert frigj\u00f8ring<br \/> Hver 30 mg tablett er en bikonveks rund filmdrasjert tablett i en fiolett farge.<\/p>\n<p>4. Kliniske spesifikasjoner<br \/> 4.1 Indikasjoner for bruk<br \/> Rhotard Morphine SR \/ Morphgesic SR tabletter er beregnet p\u00e5 voksne for behandling av sterke smerter over lengre tid.<\/p>\n<p>4.2 Administrasjonsdosering og teknikk <br \/> Dosering Barnepopulasjon<br \/> Bruken av Rhotard Morphine SR \/ Morphgesic SR-piller til barn anbefales ikke.<\/p>\n<p>Voksne: Doseringen bestemmes av intensiteten av smerten og pasientens tidligere historie av smertestillende bruk. Vanligvis b\u00f8r tablettene tas to ganger daglig med 12-timers mellomrom. For pasienter med sterke smerter er en startdose p\u00e5 \u00e9n eller to 10 mg tabletter (10 mg) to ganger daglig indisert. Det anbefales at etter hvert som smerten \u00f8ker, \u00f8kes dosen av morfin for \u00e5 oppn\u00e5 \u00f8nsket lindring. Doseringen kan justeres ved \u00e5 kombinere tabletter med forskjellige styrker (10, 30, 60 og 100 mg) eller ved \u00e5 bruke tabletter med st\u00f8rre styrke alene.<br \/> Det foresl\u00e5s at pasienter som har blitt byttet fra et annet oralt morfinpreparat. med sammenlignbar biotilgjengelighet som oral morfinv\u00e6ske f\u00e5r samme totale morfindose i l\u00f8pet av en 24-timers periode. Hele denne dosen skal deles i to og administreres om morgenen og kvelden. Titrering av dosen og klinisk unders\u00f8kelse kan v\u00e6re n\u00f8dvendig.<br \/> Dersom en pasient fikk parenteralt morfin f\u00f8r byttet til Rhotard Morphine SR\/Morphgesic SR tabletter, kan en st\u00f8rre dose morfin v\u00e6re n\u00f8dvendig. Individuelle dosejusteringer vil v\u00e6re n\u00f8dvendig for \u00e5 kompensere for tap av analgetisk effekt p\u00e5 grunn av oral levering.<br \/> Det anbefales ikke \u00e5 administrere Rhotard Morphine SR\/Morphgesic SR-piller innen de f\u00f8rste 24 timene etter operasjonen for \u00e5 lindre postoperativ smerte. Etter denne f\u00f8rste perioden b\u00f8r doseringen bestemmes av legen.<br \/> Supplerende parenteral morfin kan v\u00e6re n\u00f8dvendig hos noen pasienter, noe som er helt passende. Imidlertid b\u00f8r det utvises forsiktighet med hensyn til den totale morfindosen, s\u00e5 vel som den forsinkede effekten av morfin i Rhotard Morphine SR\/Morphgesic SR-formuleringen.<br \/> Rhotard Morphine SR\/Morphgesic SR-tabletter b\u00f8r brukes med forsiktighet postoperativt (som med alle andre morfinpreparater), men spesielt etter abdominal kirurgi.<br \/> Motiliteten i magen b\u00f8r ha gjenopptatt og b\u00f8r opprettholdes.<\/p>\n<p>Administrasjonsteknikk<br \/> Rhotard Morphine SR \/ Morphgesic SR orale tabletter b\u00f8r ikke brukes. tygges.<\/p>\n<p>5.1 Egenskaper farmakodynamikk<br \/> Gruppe av farmakoterapeutiske midler: Opioider<br \/> N02A er ATC-koden.<\/p>\n<p>Effektivitetsmekanisme<br \/> MAGNUS MR SULFATE ER 30 MG virker som en agonist p\u00e5 sentralnervesystemets opiatreseptorer, prim\u00e6rt Mu- og i mindre grad Kappa-reseptorer. Supraspinal analgesi, respirasjonsdepresjon og eufori antas \u00e5 v\u00e6re mediert av Mu-reseptorer, mens spinal analgesi, miose og sedasjon antas \u00e5 v\u00e6re mediert av Kappa-reseptorer.<\/p>\n<p>Sentralnervesystemet: Morfins prim\u00e6re terapeutiske effekter er analgesi og d\u00f8sighet (dvs. s\u00f8vnighet og anxiolyse). MAGNUS MR SULFATE ER 30 MG har en beroligende effekt p\u00e5 respirasjonssentrene i hjernestammen. Morfin virker direkte p\u00e5 hostesenteret i medulla, og undertrykker hosterefleksen. Hostestillende effekter er mulig ved doser lavere enn de som kreves for smertestillende. Morfin induserer miose i fullstendig m\u00f8rke. Selv om presise pupiller indikerer opioidoverdose, er de ikke diagnostiske (for eksempel kan pontinelesjoner av hemorragisk eller iskemisk opprinnelse gi lignende funn). Hypoksi kan manifestere seg som markert mydriasis i stedet for miose ved overdosering av morfin.<\/p>\n<p>MAGNUS MR SULFATE ER 30 MG og lignende analgetika har potensial til \u00e5 for\u00e5rsake fysisk og psykisk avhengighet og b\u00f8r brukes med forsiktighet. I tillegg kan toleranse utvikles.<\/p>\n<p>Glatte muskler i mage-tarmkanalen og andre glatte muskler<br \/> MAGNUS MR SULFATE ER 30 MG hemmer motiliteten ved \u00e5 \u00f8ke glatt muskeltonus i magen og tolvfingertarmen. Matford\u00f8yelsen bremses i tynntarmen, og fremdrivende sammentrekninger reduseres. Forstoppelse er for\u00e5rsaket av en reduksjon i peristaltiske fremdriftsb\u00f8lger i tykktarmen og en \u00f8kning i tonus til punktet av spasme. Morfin, generelt, \u00f8ker glatt muskeltonus, spesielt i mage-tarm- og gallesystemets lukkemuskler. Morfin kan for\u00e5rsake spasmer i Oddi-sfinkteren, og dermed \u00f8ke intrabili\u00e6rt trykk.<\/p>\n<p>MAGNUS MR SULFATE ER 30 MG kan for\u00e5rsake histaminfrigj\u00f8ring med eller uten medf\u00f8lgende perifer vasodilatasjon. Kl\u00f8e, r\u00f8dming, r\u00f8de \u00f8yne, svette og\/eller ortostatisk hypotensjon er alle tegn p\u00e5 histaminfrigj\u00f8ring og\/eller perifer vasodilatasjon.<\/p>\n<p>Endokrinologi<br \/> Opioider har vist seg \u00e5 ha en effekt p\u00e5 hypothalamus- hypofyse-binyre- eller -gonadeakser. Flere endringer kan observeres, inkludert en \u00f8kning i serumprolaktin og reduksjoner i plasmakortisol og testosteron i n\u00e6rv\u00e6r av unormalt lave eller normale ACTH-, LH- eller FSH-niv\u00e5er. Enkelte premenopausale kvinner kan ha utilstrekkelig \u00f8strogen. Disse hormonelle endringene kan gi kliniske tegn.<\/p>\n<p>Ytterligere farmakologiske konsekvenser<br \/> In vitro- og dyreforskning viser at naturlige opioider, som morfin, har en rekke effekter p\u00e5 immunsystemets komponenter; Den kliniske relevansen av disse funnene er imidlertid usikker.<\/p>\n<p>Oral, subkutan, intramuskul\u00e6r, intraven\u00f8s, intraspinal og rektale administreringsm\u00e5ter er tilgjengelige. Parenterale doser kan administreres som intermitterende injeksjoner eller som kontinuerlige eller intermitterende infusjoner, avhengig av pasientens smertestillende behov.<\/p>\n<p>BRUK <br \/> Dette legemidlet brukes til \u00e5 lindre alvorlige, vedvarende smerter (som f.eks. som p\u00e5 grunn av kreft). Morfin er klassifisert som et opioid (narkotisk) smertestillende middel. Det virker ved \u00e5 endre hvordan kroppen din oppfatter og reagerer p\u00e5 smerter i hjernen.<\/p>\n<p>De h\u00f8yere dosene av denne medisinen (100 mg eller mer per tablett) b\u00f8r kun brukes hvis du har tatt moderate til h\u00f8ye doser av opioide smertestillende medikamenter med jevne mellomrom. Disse styrkene kan f\u00f8re til overdose (og kanskje d\u00f8d) hvis de tas av noen som ikke har brukt opioider p\u00e5 en konsekvent basis.<\/p>\n<p>Unng\u00e5 \u00e5 bruke morfin med forlenget frigivelse for \u00e5 behandle smerte som er moderat eller som vil forsvinne innen en f\u00e5 dager. Dette legemidlet er ikke beregnet for bruk p\u00e5 &laquo;etter behov&raquo;.<\/p>\n<p>MAGNUS MR SULFATE ER 30 MG TABLETTER BRUKSANVISNING<\/p>\n<p>F\u00f8r du begynner \u00e5 bruke morfin, og hver gang du f\u00e5r en refill, les medisinveiledningen utstedt av apoteket. R\u00e5df\u00f8r deg med legen din eller apoteket hvis du har sp\u00f8rsm\u00e5l.<\/p>\n<p>Ta dette stoffet regelmessig, ikke som n\u00f8dvendig for alvorlige (gjennombrudds-)smerter, som anbefalt av legen din. Ta denne medisinen med eller uten m\u00e5ltider, vanligvis hver 8. til 12. time, som anbefalt av legen din. Enkelte merker b\u00f8r kun tas en gang hver 12. time. Hvis du opplever kvalme, kan det v\u00e6re gunstig \u00e5 ta denne medisinen med m\u00e5ltider. R\u00e5df\u00f8r deg med legen din eller apoteket for andre strategier for \u00e5 lindre kvalme (som \u00e5 ligge i 1 til 2 timer med s\u00e5 lite hodebevegelse som mulig). R\u00e5df\u00f8r deg med legen din hvis kvalmen vedvarer.<\/p>\n<p>Spiser tablettene i sin helhet. Tabletten skal ikke knuses, knuses, tygges eller l\u00f8ses opp. Dette kan resultere i hele frigj\u00f8ringen av stoffet, noe som \u00f8ker faren for overdosering av morfin.<\/p>\n<p>Dosering bestemmes av din sykehistorie og reaksjon p\u00e5 behandlingen. Ikke \u00f8k dosen eller ta denne medisinen oftere eller over lengre tid enn foresl\u00e5tt, siden risikoen for \u00e5 oppleve bivirkninger kan \u00f8ke. Seponer medisinen p\u00e5 riktig m\u00e5te n\u00e5r du blir bedt om det.<\/p>\n<p>Hvis du br\u00e5tt avbryter bruken av dette legemidlet, kan du oppleve abstinenssymptomer (som rastl\u00f8shet, rennende \u00f8yne, rennende nese, kvalme, svette, muskelsmerter). For \u00e5 unng\u00e5 abstinenser kan legen din gradvis redusere dosen. Det er mer sannsynlig at abstinenssymptomer oppst\u00e5r hvis du har tatt morfin over en lengre periode eller i store doser. Informer legen din eller apoteket umiddelbart hvis du har abstinenssymptomer.<\/p>\n<p>N\u00e5r denne medisinen brukes over lengre tid, kan den miste effektiviteten. R\u00e5df\u00f8r deg med legen din hvis dette stoffet slutter \u00e5 virke som det skal.<\/p>\n<p>Selv om denne medisinen er til fordel for et stort antall mennesker, kan det noen ganger f\u00f8re til avhengighet. Denne risikoen kan \u00f8ke hvis du har en rusforstyrrelse (som overdreven bruk av narkotika\/alkohol eller avhengighet). For \u00e5 minimere faren for avhengighet, bruk dette stoffet n\u00f8yaktig som anvist. Kontakt legen din eller apoteket for ytterligere informasjon.<\/p>\n<\/p><\/div>\n<div class=\"product-next-previous\">\n<div class=\"product-prev\"><\/div><\/div>\n","protected":false},"excerpt":{"rendered":"<div class=\"woocommerce-product-details__short-description\">\n<p>Magnus MR Morphine 30mg er tilgjengelig for kj\u00f8p online. Morfin fungerer som en opioid smertestillende middel ved \u00e5 fungere som en agonist p\u00e5 mettebare opioidreseptorer i sentralnervesystemet og andre organer.<\/p>\n<p>Magnus MR (morfinsulfat) 30 mg piller er tilgjengelig uten resept p\u00e5 nettet (ingen RX). Morfin 30mg til salgs i Storbritannia og Europa<\/p>\n<\/p><\/div>\n","protected":false},"featured_media":5258,"comment_status":"closed","ping_status":"closed","template":"","meta":[],"product_brand":[],"product_cat":[1117],"product_tag":[1514,1515,1516,1517,1518,1519],"class_list":{"0":"post-5239","1":"product","2":"type-product","3":"status-publish","4":"has-post-thumbnail","6":"product_cat-kjop-smerte-sove-sexpiller","7":"product_tag-kjp-magnus-mr-30mg-morfin-sulfat","8":"product_tag-magnus-mr-morfin-sulfat-30mg","9":"product_tag-magnus-mr-morfin-sulfat-gatepris","10":"product_tag-magnus-mr-morfin-sulfat-gatepris-for-flaske","11":"product_tag-magnus-mr-30-mg-morfin-sulfat","12":"product_tag-magnus-mr-morfin-30mg","14":"first","15":"instock","16":"shipping-taxable","17":"purchasable","18":"product-type-variable"},"yoast_head":"<!-- This site is optimized with the Yoast SEO plugin v27.3 - https:\/\/yoast.com\/product\/yoast-seo-wordpress\/ -->\n<title>Kj\u00f8p Magnus MR Morfin 30mg - Beste beste globale medisiner<\/title>\n<meta name=\"description\" content=\"Du kan\u00a0kj\u00f8pe Magnus MR\u00a0(Morphine\u00a0Sulfate)\u00a030 mg\u00a0kapsler\u00a0online\u00a0uten resept (ingen RX). Morfin 30mg til salgs Storbritannia, Europa\" \/>\n<meta name=\"robots\" content=\"index, follow, max-snippet:-1, max-image-preview:large, max-video-preview:-1\" \/>\n<link rel=\"canonical\" href=\"https:\/\/medicinasinc.com\/no\/product\/kjop-magnus-mr-morfin-30mg-online\/\" \/>\n<meta property=\"og:locale\" content=\"nn_NO\" \/>\n<meta property=\"og:type\" content=\"article\" \/>\n<meta property=\"og:title\" content=\"Kj\u00f8p Magnus MR Morfin 30mg - Beste beste globale medisiner\" \/>\n<meta property=\"og:description\" content=\"Du kan\u00a0kj\u00f8pe Magnus MR\u00a0(Morphine\u00a0Sulfate)\u00a030 mg\u00a0kapsler\u00a0online\u00a0uten resept (ingen RX). Morfin 30mg til salgs Storbritannia, Europa\" \/>\n<meta property=\"og:url\" content=\"https:\/\/medicinasinc.com\/no\/product\/kjop-magnus-mr-morfin-30mg-online\/\" \/>\n<meta property=\"og:site_name\" content=\"Medicinas Inc\" \/>\n<meta property=\"article:modified_time\" content=\"2022-03-22T00:58:22+00:00\" \/>\n<meta property=\"og:image\" content=\"https:\/\/medicinasinc.com\/no\/wp-content\/uploads\/sites\/14\/2022\/02\/Buy-Magnus-MR-Morphine-30mg.jpg\" \/>\n\t<meta property=\"og:image:width\" content=\"600\" \/>\n\t<meta property=\"og:image:height\" content=\"600\" \/>\n\t<meta property=\"og:image:type\" content=\"image\/jpeg\" \/>\n<meta name=\"twitter:card\" content=\"summary_large_image\" \/>\n<meta name=\"twitter:label1\" content=\"Est. reading time\" \/>\n\t<meta name=\"twitter:data1\" content=\"7 minutt\" \/>\n<script type=\"application\/ld+json\" class=\"yoast-schema-graph\">{\"@context\":\"https:\\\/\\\/schema.org\",\"@graph\":[{\"@type\":\"WebPage\",\"@id\":\"https:\\\/\\\/medicinasinc.com\\\/no\\\/product\\\/kjop-magnus-mr-morfin-30mg-online\\\/\",\"url\":\"https:\\\/\\\/medicinasinc.com\\\/no\\\/product\\\/kjop-magnus-mr-morfin-30mg-online\\\/\",\"name\":\"Kj\u00f8p Magnus MR Morfin 30mg - Beste beste globale medisiner\",\"isPartOf\":{\"@id\":\"https:\\\/\\\/medicinasinc.com\\\/no\\\/#website\"},\"primaryImageOfPage\":{\"@id\":\"https:\\\/\\\/medicinasinc.com\\\/no\\\/product\\\/kjop-magnus-mr-morfin-30mg-online\\\/#primaryimage\"},\"image\":{\"@id\":\"https:\\\/\\\/medicinasinc.com\\\/no\\\/product\\\/kjop-magnus-mr-morfin-30mg-online\\\/#primaryimage\"},\"thumbnailUrl\":\"https:\\\/\\\/medicinasinc.com\\\/no\\\/wp-content\\\/uploads\\\/sites\\\/14\\\/2022\\\/02\\\/Buy-Magnus-MR-Morphine-30mg.jpg\",\"datePublished\":\"2022-02-20T22:28:45+00:00\",\"dateModified\":\"2022-03-22T00:58:22+00:00\",\"description\":\"Du kan\u00a0kj\u00f8pe Magnus MR\u00a0(Morphine\u00a0Sulfate)\u00a030 mg\u00a0kapsler\u00a0online\u00a0uten resept (ingen RX). Morfin 30mg til salgs Storbritannia, Europa\",\"breadcrumb\":{\"@id\":\"https:\\\/\\\/medicinasinc.com\\\/no\\\/product\\\/kjop-magnus-mr-morfin-30mg-online\\\/#breadcrumb\"},\"inLanguage\":\"nn-NO\",\"potentialAction\":[{\"@type\":\"ReadAction\",\"target\":[\"https:\\\/\\\/medicinasinc.com\\\/no\\\/product\\\/kjop-magnus-mr-morfin-30mg-online\\\/\"]}]},{\"@type\":\"ImageObject\",\"inLanguage\":\"nn-NO\",\"@id\":\"https:\\\/\\\/medicinasinc.com\\\/no\\\/product\\\/kjop-magnus-mr-morfin-30mg-online\\\/#primaryimage\",\"url\":\"https:\\\/\\\/medicinasinc.com\\\/no\\\/wp-content\\\/uploads\\\/sites\\\/14\\\/2022\\\/02\\\/Buy-Magnus-MR-Morphine-30mg.jpg\",\"contentUrl\":\"https:\\\/\\\/medicinasinc.com\\\/no\\\/wp-content\\\/uploads\\\/sites\\\/14\\\/2022\\\/02\\\/Buy-Magnus-MR-Morphine-30mg.jpg\",\"width\":600,\"height\":600},{\"@type\":\"BreadcrumbList\",\"@id\":\"https:\\\/\\\/medicinasinc.com\\\/no\\\/product\\\/kjop-magnus-mr-morfin-30mg-online\\\/#breadcrumb\",\"itemListElement\":[{\"@type\":\"ListItem\",\"position\":1,\"name\":\"Butikk\",\"item\":\"https:\\\/\\\/medicinasinc.com\\\/no\\\/butikk\\\/\"},{\"@type\":\"ListItem\",\"position\":2,\"name\":\"Kj\u00f8p Magnus MR Morfin 30mg p\u00e5 nett\"}]},{\"@type\":\"WebSite\",\"@id\":\"https:\\\/\\\/medicinasinc.com\\\/no\\\/#website\",\"url\":\"https:\\\/\\\/medicinasinc.com\\\/no\\\/\",\"name\":\"Medicinas Inc\",\"description\":\"Helsemedisinsk klinikk\",\"potentialAction\":[{\"@type\":\"SearchAction\",\"target\":{\"@type\":\"EntryPoint\",\"urlTemplate\":\"https:\\\/\\\/medicinasinc.com\\\/no\\\/?s={search_term_string}\"},\"query-input\":{\"@type\":\"PropertyValueSpecification\",\"valueRequired\":true,\"valueName\":\"search_term_string\"}}],\"inLanguage\":\"nn-NO\"}]}<\/script>\n<!-- \/ Yoast SEO plugin. -->","yoast_head_json":{"title":"Kj\u00f8p Magnus MR Morfin 30mg - Beste beste globale medisiner","description":"Du kan\u00a0kj\u00f8pe Magnus MR\u00a0(Morphine\u00a0Sulfate)\u00a030 mg\u00a0kapsler\u00a0online\u00a0uten resept (ingen RX). Morfin 30mg til salgs Storbritannia, Europa","robots":{"index":"index","follow":"follow","max-snippet":"max-snippet:-1","max-image-preview":"max-image-preview:large","max-video-preview":"max-video-preview:-1"},"canonical":"https:\/\/medicinasinc.com\/no\/product\/kjop-magnus-mr-morfin-30mg-online\/","og_locale":"nn_NO","og_type":"article","og_title":"Kj\u00f8p Magnus MR Morfin 30mg - Beste beste globale medisiner","og_description":"Du kan\u00a0kj\u00f8pe Magnus MR\u00a0(Morphine\u00a0Sulfate)\u00a030 mg\u00a0kapsler\u00a0online\u00a0uten resept (ingen RX). Morfin 30mg til salgs Storbritannia, Europa","og_url":"https:\/\/medicinasinc.com\/no\/product\/kjop-magnus-mr-morfin-30mg-online\/","og_site_name":"Medicinas Inc","article_modified_time":"2022-03-22T00:58:22+00:00","og_image":[{"width":600,"height":600,"url":"https:\/\/medicinasinc.com\/no\/wp-content\/uploads\/sites\/14\/2022\/02\/Buy-Magnus-MR-Morphine-30mg.jpg","type":"image\/jpeg"}],"twitter_card":"summary_large_image","twitter_misc":{"Est. reading time":"7 minutt"},"schema":{"@context":"https:\/\/schema.org","@graph":[{"@type":"WebPage","@id":"https:\/\/medicinasinc.com\/no\/product\/kjop-magnus-mr-morfin-30mg-online\/","url":"https:\/\/medicinasinc.com\/no\/product\/kjop-magnus-mr-morfin-30mg-online\/","name":"Kj\u00f8p Magnus MR Morfin 30mg - Beste beste globale medisiner","isPartOf":{"@id":"https:\/\/medicinasinc.com\/no\/#website"},"primaryImageOfPage":{"@id":"https:\/\/medicinasinc.com\/no\/product\/kjop-magnus-mr-morfin-30mg-online\/#primaryimage"},"image":{"@id":"https:\/\/medicinasinc.com\/no\/product\/kjop-magnus-mr-morfin-30mg-online\/#primaryimage"},"thumbnailUrl":"https:\/\/medicinasinc.com\/no\/wp-content\/uploads\/sites\/14\/2022\/02\/Buy-Magnus-MR-Morphine-30mg.jpg","datePublished":"2022-02-20T22:28:45+00:00","dateModified":"2022-03-22T00:58:22+00:00","description":"Du kan\u00a0kj\u00f8pe Magnus MR\u00a0(Morphine\u00a0Sulfate)\u00a030 mg\u00a0kapsler\u00a0online\u00a0uten resept (ingen RX). Morfin 30mg til salgs Storbritannia, Europa","breadcrumb":{"@id":"https:\/\/medicinasinc.com\/no\/product\/kjop-magnus-mr-morfin-30mg-online\/#breadcrumb"},"inLanguage":"nn-NO","potentialAction":[{"@type":"ReadAction","target":["https:\/\/medicinasinc.com\/no\/product\/kjop-magnus-mr-morfin-30mg-online\/"]}]},{"@type":"ImageObject","inLanguage":"nn-NO","@id":"https:\/\/medicinasinc.com\/no\/product\/kjop-magnus-mr-morfin-30mg-online\/#primaryimage","url":"https:\/\/medicinasinc.com\/no\/wp-content\/uploads\/sites\/14\/2022\/02\/Buy-Magnus-MR-Morphine-30mg.jpg","contentUrl":"https:\/\/medicinasinc.com\/no\/wp-content\/uploads\/sites\/14\/2022\/02\/Buy-Magnus-MR-Morphine-30mg.jpg","width":600,"height":600},{"@type":"BreadcrumbList","@id":"https:\/\/medicinasinc.com\/no\/product\/kjop-magnus-mr-morfin-30mg-online\/#breadcrumb","itemListElement":[{"@type":"ListItem","position":1,"name":"Butikk","item":"https:\/\/medicinasinc.com\/no\/butikk\/"},{"@type":"ListItem","position":2,"name":"Kj\u00f8p Magnus MR Morfin 30mg p\u00e5 nett"}]},{"@type":"WebSite","@id":"https:\/\/medicinasinc.com\/no\/#website","url":"https:\/\/medicinasinc.com\/no\/","name":"Medicinas Inc","description":"Helsemedisinsk klinikk","potentialAction":[{"@type":"SearchAction","target":{"@type":"EntryPoint","urlTemplate":"https:\/\/medicinasinc.com\/no\/?s={search_term_string}"},"query-input":{"@type":"PropertyValueSpecification","valueRequired":true,"valueName":"search_term_string"}}],"inLanguage":"nn-NO"}]}},"_links":{"self":[{"href":"https:\/\/medicinasinc.com\/no\/wp-json\/wp\/v2\/product\/5239","targetHints":{"allow":["GET"]}}],"collection":[{"href":"https:\/\/medicinasinc.com\/no\/wp-json\/wp\/v2\/product"}],"about":[{"href":"https:\/\/medicinasinc.com\/no\/wp-json\/wp\/v2\/types\/product"}],"replies":[{"embeddable":true,"href":"https:\/\/medicinasinc.com\/no\/wp-json\/wp\/v2\/comments?post=5239"}],"wp:featuredmedia":[{"embeddable":true,"href":"https:\/\/medicinasinc.com\/no\/wp-json\/wp\/v2\/media\/5258"}],"wp:attachment":[{"href":"https:\/\/medicinasinc.com\/no\/wp-json\/wp\/v2\/media?parent=5239"}],"wp:term":[{"taxonomy":"product_brand","embeddable":true,"href":"https:\/\/medicinasinc.com\/no\/wp-json\/wp\/v2\/product_brand?post=5239"},{"taxonomy":"product_cat","embeddable":true,"href":"https:\/\/medicinasinc.com\/no\/wp-json\/wp\/v2\/product_cat?post=5239"},{"taxonomy":"product_tag","embeddable":true,"href":"https:\/\/medicinasinc.com\/no\/wp-json\/wp\/v2\/product_tag?post=5239"}],"curies":[{"name":"wp","href":"https:\/\/api.w.org\/{rel}","templated":true}]}}