{"id":5238,"date":"2022-02-20T22:26:29","date_gmt":"2022-02-20T22:26:29","guid":{"rendered":"https:\/\/medicinasinc.com\/no\/?post_type=product&#038;p=5238"},"modified":"2022-03-22T00:58:35","modified_gmt":"2022-03-22T00:58:35","slug":"buy-lortab-10-325mg","status":"publish","type":"product","link":"https:\/\/medicinasinc.com\/no\/product\/buy-lortab-10-325mg\/","title":{"rendered":"Kj\u00f8p Lortab 10\/325mg"},"content":{"rendered":"<p>Lortab 10\/325mg piller kan kj\u00f8pes p\u00e5 nettet.<br \/> Lortab &#8211; Hva er det?<br \/> Lortabs risikoer<\/p>\n<p>Denne kombinasjonsmedisinen brukes til \u00e5 behandle smerte som varierer fra mild til alvorlig. Den best\u00e5r av et opioidanalgetikum (hydrokodon) s\u00e5 vel som et ikke-opioidanalgetikum (acetaminophen). Hydrokodon endrer m\u00e5ten kroppen din oppfatter og reagerer p\u00e5 smerte ved \u00e5 virke p\u00e5 hjernen. Paracetamol kan ogs\u00e5 bidra til \u00e5 redusere feberen.<\/p>\n<p>Dette produktet er ikke anbefalt for barn under seks \u00e5r p\u00e5 grunn av \u00f8kt risiko for alvorlige bivirkninger (som grunn\/langsom pust).<\/p>\n","protected":false},"excerpt":{"rendered":"<div class=\"woocommerce-product-details__short-description\">\n<p>Kj\u00f8p Lortab 10\/325mg piller kan kj\u00f8pes online. kj\u00f8p av smertestillende p\u00e5 nett, kj\u00f8p p\u00e5 nett av smertestillende medisiner, kj\u00f8p p\u00e5 nett av sterke smertestillende midler<\/p>\n<p>Lortab 10\/325mg piller til salgs i Storbritannia og Europa. kj\u00f8p smertestillende p\u00e5 nett, kj\u00f8p smertestillende p\u00e5 nett, reseptfritt, oksykodon p\u00e5 nett, smertestillende piller, smertestillende, ADD\/ADHD piller, Steroide piller, Anti Angst piller, Anti Depresjon piller, Vekttap piller.<\/p>\n<p>Kj\u00f8p lortab paracetamol tabletter 5mg 7,5mg 10mg med avtrykk m367 lovlig fra et anerkjent nettapotek som tilbyr levering over natten.<\/p>\n<\/p><\/div>\n","protected":false},"featured_media":5256,"comment_status":"open","ping_status":"closed","template":"","meta":[],"product_brand":[],"product_cat":[1117],"product_tag":[1490,1471,1472,1513,1473,1474,1511,1510,1475,1470,1320,1476,1477,1479,1478,1480,1481,1482,1485,1483,1484,1486,1497,1499,1500,1488,1489,1491,1492,1493,1494,1495,1496,1498,1501,1502,1487,1506,1503,1504,1505,1507,1508,1509,1512],"class_list":{"0":"post-5238","1":"product","2":"type-product","3":"status-publish","4":"has-post-thumbnail","6":"product_cat-kjop-smerte-sove-sexpiller","7":"product_tag-ottenab-eliksir","8":"product_tag-forskjellen-mellom-lortab-og-percocet","9":"product_tag-generic-lortab","10":"product_tag-gul-lortab-10","11":"product_tag-how-long-does-lortab-stay-in-your-system","12":"product_tag-how-long-does-lortab-stay-in-your-urine","13":"product_tag-hva-er-en-lortab","14":"product_tag-hva-er-lortab","15":"product_tag-hydrokodon-lortab","16":"product_tag-kj-c3-b8p-lortab-online","17":"product_tag-lortab","18":"product_tag-lortab-10","19":"product_tag-lortab-10-325-gateverdi","20":"product_tag-lortab-10-bilder","21":"product_tag-lortab-10-mg","22":"product_tag-lortab-5","23":"product_tag-lortab-5-mg","24":"product_tag-lortab-5-325","25":"product_tag-lortab-7-5-mg","26":"product_tag-lortab-7-5","27":"product_tag-lortab-7-5-325","28":"product_tag-lortab-avhengighet","29":"product_tag-lortab-bilde","30":"product_tag-lortab-bilder","31":"product_tag-lortab-bivirkninger","32":"product_tag-lortab-classification","33":"product_tag-lortab-dosering","34":"product_tag-lortab-generisk-navn","35":"product_tag-lortab-generiske-navn","36":"product_tag-lortab-ingredient","37":"product_tag-lortab-ingredients","38":"product_tag-lortab-m367","39":"product_tag-lortab-on-line","40":"product_tag-lortab-picture","41":"product_tag-lortab-styrke","42":"product_tag-lortab-ten","43":"product_tag-lortab-addisjon","44":"product_tag-lortab-uttak","45":"product_tag-lortab-vs-norco","46":"product_tag-lortab-vs-oksykodon","47":"product_tag-lortab-vs-vicodin","48":"product_tag-m366-lortab","49":"product_tag-norco-lortab","50":"product_tag-norco-vs-lortab","51":"product_tag-what-is-lortab","53":"first","54":"instock","55":"shipping-taxable","56":"purchasable","57":"product-type-variable","58":"has-default-attributes"},"yoast_head":"<!-- This site is optimized with the Yoast SEO plugin v27.3 - https:\/\/yoast.com\/product\/yoast-seo-wordpress\/ -->\n<title>Kj\u00f8p Lortab 10\/325mg - Beste beste globale medisiner<\/title>\n<meta name=\"description\" content=\"Kj\u00f8p Lortab 10\/325mg piller til salgs Storbritannia, Europa. kj\u00f8p smertestillende p\u00e5 nett, kj\u00f8p smertestillende p\u00e5 nett, sterk smertestillende liste, uten resept, oksykodon p\u00e5 nett, smertestillende midler, ADD\/ADHD piller, Steroide piller, Anti Angst piller, Anti Depresjon piller, Vekttap piller.\" \/>\n<meta name=\"robots\" content=\"index, follow, max-snippet:-1, max-image-preview:large, max-video-preview:-1\" \/>\n<link rel=\"canonical\" href=\"https:\/\/medicinasinc.com\/no\/product\/buy-lortab-10-325mg\/\" \/>\n<meta property=\"og:locale\" content=\"nn_NO\" \/>\n<meta property=\"og:type\" content=\"article\" \/>\n<meta property=\"og:title\" content=\"Kj\u00f8p Lortab 10\/325mg - Beste beste globale medisiner\" \/>\n<meta property=\"og:description\" content=\"Kj\u00f8p Lortab 10\/325mg piller til salgs Storbritannia, Europa. kj\u00f8p smertestillende p\u00e5 nett, kj\u00f8p smertestillende p\u00e5 nett, sterk smertestillende liste, uten resept, oksykodon p\u00e5 nett, smertestillende midler, ADD\/ADHD piller, Steroide piller, Anti Angst piller, Anti Depresjon piller, Vekttap piller.\" \/>\n<meta property=\"og:url\" content=\"https:\/\/medicinasinc.com\/no\/product\/buy-lortab-10-325mg\/\" \/>\n<meta property=\"og:site_name\" content=\"Medicinas Inc\" \/>\n<meta property=\"article:modified_time\" content=\"2022-03-22T00:58:35+00:00\" \/>\n<meta property=\"og:image\" content=\"https:\/\/medicinasinc.com\/no\/wp-content\/uploads\/sites\/14\/2022\/02\/buy-lortab-10-325mg-pills-online.jpg\" \/>\n\t<meta property=\"og:image:width\" content=\"600\" \/>\n\t<meta property=\"og:image:height\" content=\"600\" \/>\n\t<meta property=\"og:image:type\" content=\"image\/jpeg\" \/>\n<meta name=\"twitter:card\" content=\"summary_large_image\" \/>\n<meta name=\"twitter:label1\" content=\"Est. reading time\" \/>\n\t<meta name=\"twitter:data1\" content=\"1 minutt\" \/>\n<script type=\"application\/ld+json\" class=\"yoast-schema-graph\">{\"@context\":\"https:\\\/\\\/schema.org\",\"@graph\":[{\"@type\":\"WebPage\",\"@id\":\"https:\\\/\\\/medicinasinc.com\\\/no\\\/product\\\/buy-lortab-10-325mg\\\/\",\"url\":\"https:\\\/\\\/medicinasinc.com\\\/no\\\/product\\\/buy-lortab-10-325mg\\\/\",\"name\":\"Kj\u00f8p Lortab 10\\\/325mg - Beste beste globale medisiner\",\"isPartOf\":{\"@id\":\"https:\\\/\\\/medicinasinc.com\\\/no\\\/#website\"},\"primaryImageOfPage\":{\"@id\":\"https:\\\/\\\/medicinasinc.com\\\/no\\\/product\\\/buy-lortab-10-325mg\\\/#primaryimage\"},\"image\":{\"@id\":\"https:\\\/\\\/medicinasinc.com\\\/no\\\/product\\\/buy-lortab-10-325mg\\\/#primaryimage\"},\"thumbnailUrl\":\"https:\\\/\\\/medicinasinc.com\\\/no\\\/wp-content\\\/uploads\\\/sites\\\/14\\\/2022\\\/02\\\/buy-lortab-10-325mg-pills-online.jpg\",\"datePublished\":\"2022-02-20T22:26:29+00:00\",\"dateModified\":\"2022-03-22T00:58:35+00:00\",\"description\":\"Kj\u00f8p Lortab 10\\\/325mg piller til salgs Storbritannia, Europa. kj\u00f8p smertestillende p\u00e5 nett, kj\u00f8p smertestillende p\u00e5 nett, sterk smertestillende liste, uten resept, oksykodon p\u00e5 nett, smertestillende midler, ADD\\\/ADHD piller, Steroide piller, Anti Angst piller, Anti Depresjon piller, Vekttap piller.\",\"breadcrumb\":{\"@id\":\"https:\\\/\\\/medicinasinc.com\\\/no\\\/product\\\/buy-lortab-10-325mg\\\/#breadcrumb\"},\"inLanguage\":\"nn-NO\",\"potentialAction\":[{\"@type\":\"ReadAction\",\"target\":[\"https:\\\/\\\/medicinasinc.com\\\/no\\\/product\\\/buy-lortab-10-325mg\\\/\"]}]},{\"@type\":\"ImageObject\",\"inLanguage\":\"nn-NO\",\"@id\":\"https:\\\/\\\/medicinasinc.com\\\/no\\\/product\\\/buy-lortab-10-325mg\\\/#primaryimage\",\"url\":\"https:\\\/\\\/medicinasinc.com\\\/no\\\/wp-content\\\/uploads\\\/sites\\\/14\\\/2022\\\/02\\\/buy-lortab-10-325mg-pills-online.jpg\",\"contentUrl\":\"https:\\\/\\\/medicinasinc.com\\\/no\\\/wp-content\\\/uploads\\\/sites\\\/14\\\/2022\\\/02\\\/buy-lortab-10-325mg-pills-online.jpg\",\"width\":600,\"height\":600},{\"@type\":\"BreadcrumbList\",\"@id\":\"https:\\\/\\\/medicinasinc.com\\\/no\\\/product\\\/buy-lortab-10-325mg\\\/#breadcrumb\",\"itemListElement\":[{\"@type\":\"ListItem\",\"position\":1,\"name\":\"Butikk\",\"item\":\"https:\\\/\\\/medicinasinc.com\\\/no\\\/butikk\\\/\"},{\"@type\":\"ListItem\",\"position\":2,\"name\":\"Kj\u00f8p Lortab 10\\\/325mg\"}]},{\"@type\":\"WebSite\",\"@id\":\"https:\\\/\\\/medicinasinc.com\\\/no\\\/#website\",\"url\":\"https:\\\/\\\/medicinasinc.com\\\/no\\\/\",\"name\":\"Medicinas Inc\",\"description\":\"Helsemedisinsk klinikk\",\"potentialAction\":[{\"@type\":\"SearchAction\",\"target\":{\"@type\":\"EntryPoint\",\"urlTemplate\":\"https:\\\/\\\/medicinasinc.com\\\/no\\\/?s={search_term_string}\"},\"query-input\":{\"@type\":\"PropertyValueSpecification\",\"valueRequired\":true,\"valueName\":\"search_term_string\"}}],\"inLanguage\":\"nn-NO\"}]}<\/script>\n<!-- \/ Yoast SEO plugin. -->","yoast_head_json":{"title":"Kj\u00f8p Lortab 10\/325mg - Beste beste globale medisiner","description":"Kj\u00f8p Lortab 10\/325mg piller til salgs Storbritannia, Europa. kj\u00f8p smertestillende p\u00e5 nett, kj\u00f8p smertestillende p\u00e5 nett, sterk smertestillende liste, uten resept, oksykodon p\u00e5 nett, smertestillende midler, ADD\/ADHD piller, Steroide piller, Anti Angst piller, Anti Depresjon piller, Vekttap piller.","robots":{"index":"index","follow":"follow","max-snippet":"max-snippet:-1","max-image-preview":"max-image-preview:large","max-video-preview":"max-video-preview:-1"},"canonical":"https:\/\/medicinasinc.com\/no\/product\/buy-lortab-10-325mg\/","og_locale":"nn_NO","og_type":"article","og_title":"Kj\u00f8p Lortab 10\/325mg - Beste beste globale medisiner","og_description":"Kj\u00f8p Lortab 10\/325mg piller til salgs Storbritannia, Europa. kj\u00f8p smertestillende p\u00e5 nett, kj\u00f8p smertestillende p\u00e5 nett, sterk smertestillende liste, uten resept, oksykodon p\u00e5 nett, smertestillende midler, ADD\/ADHD piller, Steroide piller, Anti Angst piller, Anti Depresjon piller, Vekttap piller.","og_url":"https:\/\/medicinasinc.com\/no\/product\/buy-lortab-10-325mg\/","og_site_name":"Medicinas Inc","article_modified_time":"2022-03-22T00:58:35+00:00","og_image":[{"width":600,"height":600,"url":"https:\/\/medicinasinc.com\/no\/wp-content\/uploads\/sites\/14\/2022\/02\/buy-lortab-10-325mg-pills-online.jpg","type":"image\/jpeg"}],"twitter_card":"summary_large_image","twitter_misc":{"Est. reading time":"1 minutt"},"schema":{"@context":"https:\/\/schema.org","@graph":[{"@type":"WebPage","@id":"https:\/\/medicinasinc.com\/no\/product\/buy-lortab-10-325mg\/","url":"https:\/\/medicinasinc.com\/no\/product\/buy-lortab-10-325mg\/","name":"Kj\u00f8p Lortab 10\/325mg - Beste beste globale medisiner","isPartOf":{"@id":"https:\/\/medicinasinc.com\/no\/#website"},"primaryImageOfPage":{"@id":"https:\/\/medicinasinc.com\/no\/product\/buy-lortab-10-325mg\/#primaryimage"},"image":{"@id":"https:\/\/medicinasinc.com\/no\/product\/buy-lortab-10-325mg\/#primaryimage"},"thumbnailUrl":"https:\/\/medicinasinc.com\/no\/wp-content\/uploads\/sites\/14\/2022\/02\/buy-lortab-10-325mg-pills-online.jpg","datePublished":"2022-02-20T22:26:29+00:00","dateModified":"2022-03-22T00:58:35+00:00","description":"Kj\u00f8p Lortab 10\/325mg piller til salgs Storbritannia, Europa. kj\u00f8p smertestillende p\u00e5 nett, kj\u00f8p smertestillende p\u00e5 nett, sterk smertestillende liste, uten resept, oksykodon p\u00e5 nett, smertestillende midler, ADD\/ADHD piller, Steroide piller, Anti Angst piller, Anti Depresjon piller, Vekttap piller.","breadcrumb":{"@id":"https:\/\/medicinasinc.com\/no\/product\/buy-lortab-10-325mg\/#breadcrumb"},"inLanguage":"nn-NO","potentialAction":[{"@type":"ReadAction","target":["https:\/\/medicinasinc.com\/no\/product\/buy-lortab-10-325mg\/"]}]},{"@type":"ImageObject","inLanguage":"nn-NO","@id":"https:\/\/medicinasinc.com\/no\/product\/buy-lortab-10-325mg\/#primaryimage","url":"https:\/\/medicinasinc.com\/no\/wp-content\/uploads\/sites\/14\/2022\/02\/buy-lortab-10-325mg-pills-online.jpg","contentUrl":"https:\/\/medicinasinc.com\/no\/wp-content\/uploads\/sites\/14\/2022\/02\/buy-lortab-10-325mg-pills-online.jpg","width":600,"height":600},{"@type":"BreadcrumbList","@id":"https:\/\/medicinasinc.com\/no\/product\/buy-lortab-10-325mg\/#breadcrumb","itemListElement":[{"@type":"ListItem","position":1,"name":"Butikk","item":"https:\/\/medicinasinc.com\/no\/butikk\/"},{"@type":"ListItem","position":2,"name":"Kj\u00f8p Lortab 10\/325mg"}]},{"@type":"WebSite","@id":"https:\/\/medicinasinc.com\/no\/#website","url":"https:\/\/medicinasinc.com\/no\/","name":"Medicinas Inc","description":"Helsemedisinsk klinikk","potentialAction":[{"@type":"SearchAction","target":{"@type":"EntryPoint","urlTemplate":"https:\/\/medicinasinc.com\/no\/?s={search_term_string}"},"query-input":{"@type":"PropertyValueSpecification","valueRequired":true,"valueName":"search_term_string"}}],"inLanguage":"nn-NO"}]}},"_links":{"self":[{"href":"https:\/\/medicinasinc.com\/no\/wp-json\/wp\/v2\/product\/5238","targetHints":{"allow":["GET"]}}],"collection":[{"href":"https:\/\/medicinasinc.com\/no\/wp-json\/wp\/v2\/product"}],"about":[{"href":"https:\/\/medicinasinc.com\/no\/wp-json\/wp\/v2\/types\/product"}],"replies":[{"embeddable":true,"href":"https:\/\/medicinasinc.com\/no\/wp-json\/wp\/v2\/comments?post=5238"}],"wp:featuredmedia":[{"embeddable":true,"href":"https:\/\/medicinasinc.com\/no\/wp-json\/wp\/v2\/media\/5256"}],"wp:attachment":[{"href":"https:\/\/medicinasinc.com\/no\/wp-json\/wp\/v2\/media?parent=5238"}],"wp:term":[{"taxonomy":"product_brand","embeddable":true,"href":"https:\/\/medicinasinc.com\/no\/wp-json\/wp\/v2\/product_brand?post=5238"},{"taxonomy":"product_cat","embeddable":true,"href":"https:\/\/medicinasinc.com\/no\/wp-json\/wp\/v2\/product_cat?post=5238"},{"taxonomy":"product_tag","embeddable":true,"href":"https:\/\/medicinasinc.com\/no\/wp-json\/wp\/v2\/product_tag?post=5238"}],"curies":[{"name":"wp","href":"https:\/\/api.w.org\/{rel}","templated":true}]}}