{"id":5237,"date":"2022-02-20T22:24:46","date_gmt":"2022-02-20T22:24:46","guid":{"rendered":"https:\/\/medicinasinc.com\/no\/?post_type=product&#038;p=5237"},"modified":"2022-03-22T00:58:45","modified_gmt":"2022-03-22T00:58:45","slug":"kjope-lioresal-baklofen-25mg-piller","status":"publish","type":"product","link":"https:\/\/medicinasinc.com\/no\/product\/kjope-lioresal-baklofen-25mg-piller\/","title":{"rendered":"Kj\u00f8p Lioresal Baclofen 25mg piller"},"content":{"rendered":"<p>Lioresal Baclofen 25 mg piller kan kj\u00f8pes p\u00e5 nettet.<\/p>\n<p>INDIKASJONER<\/p>\n<p>Lioresal (Baclofen) er et krampel\u00f8sende og muskelavslappende middel.<\/p>\n<p>Baclofen brukes til \u00e5 behandle muskelspasmer, ubehag og stivhet assosiert med multippel sklerose.<\/p>\n<p>Baclofen kan brukes for tilleggstilstander som ikke er inkludert i denne medisinveiledningen.<\/p>\n<p>INSTRUKSJONER<\/p>\n<p>Ta n\u00f8yaktig som anvist av legen din. Bruk ikke mer eller mindre enn den foresl\u00e5tte mengden eller lenger enn anbefalt. F\u00f8lg instruksjonene som er spesifisert p\u00e5 legemiddeletiketten.<\/p>\n<p>Legen din kan av og til justere dosen din for \u00e5 sikre at du f\u00e5r best mulig resultat.<br \/> R\u00e5df\u00f8r deg med legen din hvis muskelplagene dine vedvarer etter to uker med behandling med denne medisinen. Ikke seponer denne medisinen uten f\u00f8rst \u00e5 konsultere legen din. N\u00e5r du slutter \u00e5 ta baklofen etter en lengre tids bruk, kan du f\u00e5 abstinenssymptomer som anfall eller hallusinasjoner. Det kan hende du m\u00e5 bruke stoffet mindre og mindre til du helt slutter \u00e5 ta det.<\/p>\n<p>DOSERING<\/p>\n<p>Ta medisinen n\u00f8yaktig som foreskrevet av legen din.<\/p>\n<p>Voksne pasienter med ryggmargspastisitet: Etter de f\u00f8rste 24 timene b\u00f8r den daglige dosen for voksne pasienter \u00f8kes gradvis med 10-30 % trinn og kun \u00e9n gang hver 24. time, inntil \u00f8nsket terapeutisk effekt er oppn\u00e5dd.<\/p>\n<p>Voksne med cerebral spastisitet: Etter de f\u00f8rste 24 timene b\u00f8r den daglige dosen \u00f8kes gradvis med 5-15 % hver 24. time, inntil \u00f8nsket terapeutisk effekt oppn\u00e5s.<\/p>\n<p>Etter de f\u00f8rste 24 timene, den daglige dosen b\u00f8r \u00f8kes gradvis med 5-15 prosent hver 24. time, inntil \u00f8nsket terapeutisk effekt er oppn\u00e5dd. Hvis en \u00f8kning i den daglige dosen ikke gir en meningsfull klinisk respons, sjekk for god pumpefunksjon og kateter \u00e5penhet. Under screeningsfasen og dosetitreringsperioden umiddelbart etter implantasjon, m\u00e5 pasienter overv\u00e5kes regelmessig i et godt utstyrt og bemannet milj\u00f8. Gjenopplivningsutstyr b\u00f8r v\u00e6re lett tilgjengelig i tilfelle potensielt d\u00f8delige eller uakseptable bivirkninger.<\/p>\n<p>OPPBEVARING<\/p>\n<p>Kj\u00f8ling er ikke n\u00f8dvendig.<\/p>\n<p>Oppbevares under 86\u00b0F ( 30\u00b0C).<\/p>\n<p>Unng\u00e5 frysing.<\/p>\n<p>Unng\u00e5 varmesterilisering.<\/p>\n<p>TILLEGGSINFORMASJON:<\/p>\n<p>Baclofen er den aktive komponenten.<\/p>\n<p>Lioresal er et smertestillende middel. Det reduserer frekvensen og intensiteten av muskelspasmer betraktelig for\u00e5rsaket av nevrologiske sykdommer som multippel sklerose.<\/p>\n<p>VIKTIG SIKKERHETSINFORMASJON<\/p>\n<p>Hvis du er allergisk mot baklofen, b\u00f8r du unng\u00e5 \u00e5 bruke det.<\/p>\n<p>Informer legen din dersom du har noen av f\u00f8lgende tilleggstilstander for \u00e5 sikre at du trygt kan ta baklofen:<\/p>\n<p>nyresykdom<\/p>\n<p>en anfallssykdom som f.eks. epilepsi; eller<\/p>\n<p>en personlig eller familiehistorie med slag eller blodpropp.<\/p>\n<p>Baklofenbruk kan \u00f8ke risikoen for \u00e5 utvikle en ovariecyste. R\u00e5df\u00f8r deg med legen din ang\u00e5ende din spesifikke risiko. FDA graviditetsklassifisering C. Det er ukjent om baklofen er giftig for et uf\u00f8dt barn. Informer legen din dersom du er gravid eller \u00f8nsker \u00e5 bli gravid mens du tar dette legemidlet. Det er ukjent om baklofen kommer inn i morsmelk eller om det er skadelig for ammende spedbarn. Amming b\u00f8r unng\u00e5s n\u00e5r du tar baklofen. Administrer aldri dette stoffet til en ungdom under 12 \u00e5r. Seniorer kan v\u00e6re mer utsatt for effekten av denne medisinen.<\/p>\n<p>Sikkerhetsinformasjon som er kritisk<\/p>\n<p>Dette stoffet har potensial til \u00e5 p\u00e5virke tankegangen og reaksjonene dine. V\u00e6r forsiktig hvis du kj\u00f8rer bil eller gj\u00f8r noe annet som krever \u00e5rv\u00e5kenhet. Inntak av alkohol kan forverre visse bivirkninger av baklofen. Unng\u00e5 \u00e5 bruke baklofen i perioder n\u00e5r muskeltonus er n\u00f8dvendig for riktig balanse og mobilitet under spesifikke aktiviteter. I noen tilfeller kan det sette din fysiske sikkerhet i fare \u00e5 v\u00e6re i en tilstand med lav muskeltonus.<\/p>\n<div class=\"product-next-previous\">\n<div class=\"product-prev\">\n<p><strong>BIVIRKNINGER<\/strong><\/p>\n<p>F\u00e5 akutt medisinsk hjelp hvis du har noen av disse tegnene p\u00e5 en allergisk reaksjon: elveblest; vanskelig \u00e5 puste; hevelse i ansiktet, leppene, tungen eller halsen. Ring legen din med en gang hvis du har en alvorlig bivirkning som:<\/p>\n<p>anfall (kramper);<\/p>\n<p>forvirring, hallusinasjoner; eller<\/p>\n<p>ujevn hjerterytme.<\/p>\n<p>Mindre alvorlige bivirkninger kan omfatte:<\/p>\n<p>t\u00f8sighet, svimmelhet, svakhet, tretthetsf\u00f8lelse;<\/p>\n<p>hodepine ;<\/p>\n<p>s\u00f8vnproblemer (s\u00f8vnl\u00f8shet);<\/p>\n<p>kvalme, forstoppelse; eller<\/p>\n<p>tisser oftere enn vanlig.<\/p>\n<p>Dette er ikke en fullstendig liste over bivirkninger og andre kan forekomme.<\/p>\n<p>Ring legen din for medisinsk r\u00e5d om bivirkninger effekter.<\/p>\n<\/p><\/div><\/div>\n<div class=\"product-next-previous\">\n<div class=\"product-prev\"><\/div><\/div>\n","protected":false},"excerpt":{"rendered":"<p>Kj\u00f8p Lioresal Baclofen 25mg piller for salg i Europa og Storbritannia online. Baclofen tredimensjonal formel Lioresal tabletter b\u00f8r svelges hele sammen med mat. Startdosen er 5 mg tre ganger daglig.<\/p>\n<p>Lioresal 25 mg tablett (10 tab) kan kj\u00f8pes online. BACLOFEN 25MG er det generiske navnet. Lioresal\u00a0&#8230; Baklofen 25 mg er inneholdt i hver ubestr\u00f8ket Lioresal 25 mg tablett.<\/p>\n<p>bruk av baklofen i Storbritannia baklofen piller hva er de&#8230; medicamento lioresal 25 mg baclofen lioresal 10 mg tablett<\/p>\n<p>10 mg baklofen tablett<\/p>\n","protected":false},"featured_media":5254,"comment_status":"open","ping_status":"closed","template":"","meta":[],"product_brand":[],"product_cat":[1117],"product_tag":[1440,1441,1443,1447,1448,1449,1450,1451,1455,1445,1442,1444,1446,1453,1452,1454,1466,1456,1439,1457,1459,1458,1460,1462,1461,1463,1464,1465,1467,1468,1469],"class_list":{"0":"post-5237","1":"product","2":"type-product","3":"status-publish","4":"has-post-thumbnail","6":"product_cat-kjop-smerte-sove-sexpiller","7":"product_tag-baclofen-lioresal","8":"product_tag-baclofen-lioresal-20mg","9":"product_tag-baclofen-lioresal-10-mg-oral-ta","10":"product_tag-baclofen-gablofen-lioresal","11":"product_tag-baclofen-lioresal-10-mg","12":"product_tag-baclofen-lioresal-buy-mexico","13":"product_tag-baclofen-lioresal-drug-class","14":"product_tag-baklofen-lioresal-oral-intratekal","15":"product_tag-baclofen","16":"product_tag-baklofen-lioresal-bivirkninger","17":"product_tag-baklofen-lioresal-1-til-2-mneder","18":"product_tag-baklofen-lioresal-stimulerende-middel","19":"product_tag-baklofen-10-mg-generisk-for-lioresal-trenger-du--spise-fr","20":"product_tag-baklofen-lioresal-hvorfor-er-jeg-s-trtt","21":"product_tag-baklofen-lioresal-tizanidin-zanaflex","22":"product_tag-baklofen-vs-lioresal","23":"product_tag-lioresal-baklofen-prospekt","24":"product_tag-dantrolen-dantrium","25":"product_tag-en-umerket-bruk-for-baklofen-lioresal-er-for-behandling","26":"product_tag-lioresal-10-mg-baklofen","27":"product_tag-lioresal-10-mg-bivirkninger","28":"product_tag-lioresal-10-mg-dosering","29":"product_tag-lioresal-10-mg-tablett-bruker","30":"product_tag-lioresal-25-bivirkninger","31":"product_tag-lioresal-25-mg-baklofen","32":"product_tag-lioresal-baclofen","33":"product_tag-lioresal-baklofen-10-mg","34":"product_tag-lioresal-baklofen-25-mg","35":"product_tag-lioresal-dosering","36":"product_tag-lioresal-bivirkninger","37":"product_tag-tizanidin","39":"first","40":"instock","41":"shipping-taxable","42":"purchasable","43":"product-type-variable","44":"has-default-attributes"},"yoast_head":"<!-- This site is optimized with the Yoast SEO plugin v27.3 - https:\/\/yoast.com\/product\/yoast-seo-wordpress\/ -->\n<title>Kj\u00f8p Lioresal Baclofen 25mg piller - Best Global Meds<\/title>\n<meta name=\"description\" content=\"Kj\u00f8p Lioresal Baclofen 25mg piller til salgs Europa, Storbritannia online. Baclofen 3d formel Lioresal tabletter b\u00f8r tas gjennom munnen, med mat. Startdose er 5 mg 3 ganger daglig.\" \/>\n<meta name=\"robots\" content=\"index, follow, max-snippet:-1, max-image-preview:large, max-video-preview:-1\" \/>\n<link rel=\"canonical\" href=\"https:\/\/medicinasinc.com\/no\/product\/kjope-lioresal-baklofen-25mg-piller\/\" \/>\n<meta property=\"og:locale\" content=\"nn_NO\" \/>\n<meta property=\"og:type\" content=\"article\" \/>\n<meta property=\"og:title\" content=\"Kj\u00f8p Lioresal Baclofen 25mg piller - Best Global Meds\" \/>\n<meta property=\"og:description\" content=\"Kj\u00f8p Lioresal Baclofen 25mg piller til salgs Europa, Storbritannia online. Baclofen 3d formel Lioresal tabletter b\u00f8r tas gjennom munnen, med mat. Startdose er 5 mg 3 ganger daglig.\" \/>\n<meta property=\"og:url\" content=\"https:\/\/medicinasinc.com\/no\/product\/kjope-lioresal-baklofen-25mg-piller\/\" \/>\n<meta property=\"og:site_name\" content=\"Medicinas Inc\" \/>\n<meta property=\"article:modified_time\" content=\"2022-03-22T00:58:45+00:00\" \/>\n<meta property=\"og:image\" content=\"https:\/\/medicinasinc.com\/no\/wp-content\/uploads\/sites\/14\/2022\/02\/Buy-Lioresal-Baclofen-25mg.jpg\" \/>\n\t<meta property=\"og:image:width\" content=\"1280\" \/>\n\t<meta property=\"og:image:height\" content=\"720\" \/>\n\t<meta property=\"og:image:type\" content=\"image\/jpeg\" \/>\n<meta name=\"twitter:card\" content=\"summary_large_image\" \/>\n<meta name=\"twitter:label1\" content=\"Est. reading time\" \/>\n\t<meta name=\"twitter:data1\" content=\"3 minutt\" \/>\n<script type=\"application\/ld+json\" class=\"yoast-schema-graph\">{\"@context\":\"https:\\\/\\\/schema.org\",\"@graph\":[{\"@type\":\"WebPage\",\"@id\":\"https:\\\/\\\/medicinasinc.com\\\/no\\\/product\\\/kjope-lioresal-baklofen-25mg-piller\\\/\",\"url\":\"https:\\\/\\\/medicinasinc.com\\\/no\\\/product\\\/kjope-lioresal-baklofen-25mg-piller\\\/\",\"name\":\"Kj\u00f8p Lioresal Baclofen 25mg piller - Best Global Meds\",\"isPartOf\":{\"@id\":\"https:\\\/\\\/medicinasinc.com\\\/no\\\/#website\"},\"primaryImageOfPage\":{\"@id\":\"https:\\\/\\\/medicinasinc.com\\\/no\\\/product\\\/kjope-lioresal-baklofen-25mg-piller\\\/#primaryimage\"},\"image\":{\"@id\":\"https:\\\/\\\/medicinasinc.com\\\/no\\\/product\\\/kjope-lioresal-baklofen-25mg-piller\\\/#primaryimage\"},\"thumbnailUrl\":\"https:\\\/\\\/medicinasinc.com\\\/no\\\/wp-content\\\/uploads\\\/sites\\\/14\\\/2022\\\/02\\\/Buy-Lioresal-Baclofen-25mg.jpg\",\"datePublished\":\"2022-02-20T22:24:46+00:00\",\"dateModified\":\"2022-03-22T00:58:45+00:00\",\"description\":\"Kj\u00f8p Lioresal Baclofen 25mg piller til salgs Europa, Storbritannia online. Baclofen 3d formel Lioresal tabletter b\u00f8r tas gjennom munnen, med mat. Startdose er 5 mg 3 ganger daglig.\",\"breadcrumb\":{\"@id\":\"https:\\\/\\\/medicinasinc.com\\\/no\\\/product\\\/kjope-lioresal-baklofen-25mg-piller\\\/#breadcrumb\"},\"inLanguage\":\"nn-NO\",\"potentialAction\":[{\"@type\":\"ReadAction\",\"target\":[\"https:\\\/\\\/medicinasinc.com\\\/no\\\/product\\\/kjope-lioresal-baklofen-25mg-piller\\\/\"]}]},{\"@type\":\"ImageObject\",\"inLanguage\":\"nn-NO\",\"@id\":\"https:\\\/\\\/medicinasinc.com\\\/no\\\/product\\\/kjope-lioresal-baklofen-25mg-piller\\\/#primaryimage\",\"url\":\"https:\\\/\\\/medicinasinc.com\\\/no\\\/wp-content\\\/uploads\\\/sites\\\/14\\\/2022\\\/02\\\/Buy-Lioresal-Baclofen-25mg.jpg\",\"contentUrl\":\"https:\\\/\\\/medicinasinc.com\\\/no\\\/wp-content\\\/uploads\\\/sites\\\/14\\\/2022\\\/02\\\/Buy-Lioresal-Baclofen-25mg.jpg\",\"width\":1280,\"height\":720},{\"@type\":\"BreadcrumbList\",\"@id\":\"https:\\\/\\\/medicinasinc.com\\\/no\\\/product\\\/kjope-lioresal-baklofen-25mg-piller\\\/#breadcrumb\",\"itemListElement\":[{\"@type\":\"ListItem\",\"position\":1,\"name\":\"Butikk\",\"item\":\"https:\\\/\\\/medicinasinc.com\\\/no\\\/butikk\\\/\"},{\"@type\":\"ListItem\",\"position\":2,\"name\":\"Kj\u00f8p Lioresal Baclofen 25mg piller\"}]},{\"@type\":\"WebSite\",\"@id\":\"https:\\\/\\\/medicinasinc.com\\\/no\\\/#website\",\"url\":\"https:\\\/\\\/medicinasinc.com\\\/no\\\/\",\"name\":\"Medicinas Inc\",\"description\":\"Helsemedisinsk klinikk\",\"potentialAction\":[{\"@type\":\"SearchAction\",\"target\":{\"@type\":\"EntryPoint\",\"urlTemplate\":\"https:\\\/\\\/medicinasinc.com\\\/no\\\/?s={search_term_string}\"},\"query-input\":{\"@type\":\"PropertyValueSpecification\",\"valueRequired\":true,\"valueName\":\"search_term_string\"}}],\"inLanguage\":\"nn-NO\"}]}<\/script>\n<!-- \/ Yoast SEO plugin. -->","yoast_head_json":{"title":"Kj\u00f8p Lioresal Baclofen 25mg piller - Best Global Meds","description":"Kj\u00f8p Lioresal Baclofen 25mg piller til salgs Europa, Storbritannia online. Baclofen 3d formel Lioresal tabletter b\u00f8r tas gjennom munnen, med mat. Startdose er 5 mg 3 ganger daglig.","robots":{"index":"index","follow":"follow","max-snippet":"max-snippet:-1","max-image-preview":"max-image-preview:large","max-video-preview":"max-video-preview:-1"},"canonical":"https:\/\/medicinasinc.com\/no\/product\/kjope-lioresal-baklofen-25mg-piller\/","og_locale":"nn_NO","og_type":"article","og_title":"Kj\u00f8p Lioresal Baclofen 25mg piller - Best Global Meds","og_description":"Kj\u00f8p Lioresal Baclofen 25mg piller til salgs Europa, Storbritannia online. Baclofen 3d formel Lioresal tabletter b\u00f8r tas gjennom munnen, med mat. Startdose er 5 mg 3 ganger daglig.","og_url":"https:\/\/medicinasinc.com\/no\/product\/kjope-lioresal-baklofen-25mg-piller\/","og_site_name":"Medicinas Inc","article_modified_time":"2022-03-22T00:58:45+00:00","og_image":[{"width":1280,"height":720,"url":"https:\/\/medicinasinc.com\/no\/wp-content\/uploads\/sites\/14\/2022\/02\/Buy-Lioresal-Baclofen-25mg.jpg","type":"image\/jpeg"}],"twitter_card":"summary_large_image","twitter_misc":{"Est. reading time":"3 minutt"},"schema":{"@context":"https:\/\/schema.org","@graph":[{"@type":"WebPage","@id":"https:\/\/medicinasinc.com\/no\/product\/kjope-lioresal-baklofen-25mg-piller\/","url":"https:\/\/medicinasinc.com\/no\/product\/kjope-lioresal-baklofen-25mg-piller\/","name":"Kj\u00f8p Lioresal Baclofen 25mg piller - Best Global Meds","isPartOf":{"@id":"https:\/\/medicinasinc.com\/no\/#website"},"primaryImageOfPage":{"@id":"https:\/\/medicinasinc.com\/no\/product\/kjope-lioresal-baklofen-25mg-piller\/#primaryimage"},"image":{"@id":"https:\/\/medicinasinc.com\/no\/product\/kjope-lioresal-baklofen-25mg-piller\/#primaryimage"},"thumbnailUrl":"https:\/\/medicinasinc.com\/no\/wp-content\/uploads\/sites\/14\/2022\/02\/Buy-Lioresal-Baclofen-25mg.jpg","datePublished":"2022-02-20T22:24:46+00:00","dateModified":"2022-03-22T00:58:45+00:00","description":"Kj\u00f8p Lioresal Baclofen 25mg piller til salgs Europa, Storbritannia online. Baclofen 3d formel Lioresal tabletter b\u00f8r tas gjennom munnen, med mat. Startdose er 5 mg 3 ganger daglig.","breadcrumb":{"@id":"https:\/\/medicinasinc.com\/no\/product\/kjope-lioresal-baklofen-25mg-piller\/#breadcrumb"},"inLanguage":"nn-NO","potentialAction":[{"@type":"ReadAction","target":["https:\/\/medicinasinc.com\/no\/product\/kjope-lioresal-baklofen-25mg-piller\/"]}]},{"@type":"ImageObject","inLanguage":"nn-NO","@id":"https:\/\/medicinasinc.com\/no\/product\/kjope-lioresal-baklofen-25mg-piller\/#primaryimage","url":"https:\/\/medicinasinc.com\/no\/wp-content\/uploads\/sites\/14\/2022\/02\/Buy-Lioresal-Baclofen-25mg.jpg","contentUrl":"https:\/\/medicinasinc.com\/no\/wp-content\/uploads\/sites\/14\/2022\/02\/Buy-Lioresal-Baclofen-25mg.jpg","width":1280,"height":720},{"@type":"BreadcrumbList","@id":"https:\/\/medicinasinc.com\/no\/product\/kjope-lioresal-baklofen-25mg-piller\/#breadcrumb","itemListElement":[{"@type":"ListItem","position":1,"name":"Butikk","item":"https:\/\/medicinasinc.com\/no\/butikk\/"},{"@type":"ListItem","position":2,"name":"Kj\u00f8p Lioresal Baclofen 25mg piller"}]},{"@type":"WebSite","@id":"https:\/\/medicinasinc.com\/no\/#website","url":"https:\/\/medicinasinc.com\/no\/","name":"Medicinas Inc","description":"Helsemedisinsk klinikk","potentialAction":[{"@type":"SearchAction","target":{"@type":"EntryPoint","urlTemplate":"https:\/\/medicinasinc.com\/no\/?s={search_term_string}"},"query-input":{"@type":"PropertyValueSpecification","valueRequired":true,"valueName":"search_term_string"}}],"inLanguage":"nn-NO"}]}},"_links":{"self":[{"href":"https:\/\/medicinasinc.com\/no\/wp-json\/wp\/v2\/product\/5237","targetHints":{"allow":["GET"]}}],"collection":[{"href":"https:\/\/medicinasinc.com\/no\/wp-json\/wp\/v2\/product"}],"about":[{"href":"https:\/\/medicinasinc.com\/no\/wp-json\/wp\/v2\/types\/product"}],"replies":[{"embeddable":true,"href":"https:\/\/medicinasinc.com\/no\/wp-json\/wp\/v2\/comments?post=5237"}],"wp:featuredmedia":[{"embeddable":true,"href":"https:\/\/medicinasinc.com\/no\/wp-json\/wp\/v2\/media\/5254"}],"wp:attachment":[{"href":"https:\/\/medicinasinc.com\/no\/wp-json\/wp\/v2\/media?parent=5237"}],"wp:term":[{"taxonomy":"product_brand","embeddable":true,"href":"https:\/\/medicinasinc.com\/no\/wp-json\/wp\/v2\/product_brand?post=5237"},{"taxonomy":"product_cat","embeddable":true,"href":"https:\/\/medicinasinc.com\/no\/wp-json\/wp\/v2\/product_cat?post=5237"},{"taxonomy":"product_tag","embeddable":true,"href":"https:\/\/medicinasinc.com\/no\/wp-json\/wp\/v2\/product_tag?post=5237"}],"curies":[{"name":"wp","href":"https:\/\/api.w.org\/{rel}","templated":true}]}}