{"id":5236,"date":"2022-02-20T22:23:28","date_gmt":"2022-02-20T22:23:28","guid":{"rendered":"https:\/\/medicinasinc.com\/no\/?post_type=product&#038;p=5236"},"modified":"2022-03-22T00:58:55","modified_gmt":"2022-03-22T00:58:55","slug":"kjop-lexotanil-bromazepam-3mg-piller-online","status":"publish","type":"product","link":"https:\/\/medicinasinc.com\/no\/product\/kjop-lexotanil-bromazepam-3mg-piller-online\/","title":{"rendered":"Kj\u00f8p Lexotanil Bromazepam 3mg piller online"},"content":{"rendered":"<p>Lexotanil Bromazepam 3mg tabletter \u00e5 kj\u00f8pe online<br \/> Lexotanil Bromazepam 3mg piller online | lexotanil bromazepam<br \/> Hva er form\u00e5let med bromazepam lexotanil 3 mg?<br \/> Bromazepam (merkenavn Lexotan\u00ae) er et benzodiazepin. Det brukes f\u00f8rst og fremst til \u00e5 hjelpe til med behandling av angstsymptomer. I tillegg kan det brukes til \u00e5 lindre panikk og sosiale angstsymptomer. Det produseres i tablettform.<\/p>\n<p>Hva er den typiske bromazepamdosen?<\/p>\n<p>Bromazepam foreskrives vanligvis til voksne for angst i en dose p\u00e5 3-18 mg per dag, vanligvis spredt utover dagen. Hos eldre voksne b\u00f8r dosen reduseres til halvparten, dvs. halvparten av voksendosen.<\/p>\n<p>Hvordan og n\u00e5r skal Lexotan lexotanil 3 mg tas?<\/p>\n<p>Svelge mens du sitter eller st\u00e5r. pillene med minst et halvt glass vann. Dette sikrer at den n\u00e5r magen og ikke setter seg fast i halsen. Bromazepam er trygt \u00e5 ta f\u00f8r, med eller etter spising.<\/p>\n<p>Hvor lang tid tar det f\u00f8r bromazepam trer i kraft?<br \/> Bromazepam begynner ofte \u00e5 virke etter omtrent en time. Effekten kan deretter forsterkes i l\u00f8pet av flere dager eller uker.<br \/> Hvor lenge m\u00e5 jeg fortsette \u00e5 ta Lexotanil 3 mg?<br \/> Dette vil variere avhengig av form\u00e5let du tar det til. LEXOTANIL, ofte stavet Lexotan<\/p>\n<p>Kan jeg br\u00e5tt slutte \u00e5 ta bromazepam?<\/p>\n<p>Hvis du tar bromazepam p\u00e5 daglig basis i mer enn omtrent 4 til 6 uker, kan du utvikle en avhengighet av det , men dette er ikke en bekymring hvis du tar det for epilepsi. Hvis du har tatt det regelmessig, kan det v\u00e6re lurt \u00e5 redusere dosen gradvis over noen dager eller uker. Du b\u00f8r diskutere dette i detalj med din forskrivende lege, lege, sykepleier eller farmas\u00f8yt. Hvis du tar det &laquo;etter behov&raquo; med noen f\u00e5 dagers mellomrom, b\u00f8r du kunne slutte n\u00e5r du ikke lenger trenger det. 3 lexotanil<\/p>\n<p>Hva gj\u00f8r jeg hvis jeg glemmer en dose av LEXOTAN?<br \/> Ta den manglende dosen s\u00e5 snart du husker det, med mindre det er mindre enn 4 timer f\u00f8r neste dose.<br \/> Hvis du husker \u00e5 ha fulgt dette, ta bare neste dose som vanlig. Ikke fors\u00f8k \u00e5 ta igjen ved \u00e5 ta to doser samtidig, da dette kan f\u00f8re til \u00f8kte bivirkninger.<br \/> Kan jeg drikke alkohol n\u00e5r jeg bruker bromazepam? Kj\u00f8p BROMAZEPAM LEXOTANIL, ogs\u00e5 kjent som Lexotan 3 MG.<br \/> Hvis du drikker alkohol mens du tar LEXOTANIL, kan du oppleve \u00f8kt s\u00f8vnighet. Dette er spesielt viktig hvis du skal kj\u00f8re bil eller bruke maskiner, og du b\u00f8r f\u00e5 r\u00e5d om dette.<\/p>\n<p>Hvilken type bivirkninger vil jeg sannsynligvis oppleve hvis jeg tar bromazepam? Kj\u00f8p BROMAZEPAM LEXOTANIL, ogs\u00e5 kjent som Lexotan 3 MG.<\/p>\n<p>Mange individer oppn\u00e5r: Bare noen f\u00e5 personer oppn\u00e5r: Bare noen f\u00e5 utvalgte personer oppn\u00e5r:<br \/> Svimmelhet<br \/> S\u00f8vnighet<br \/> neste dag kan du f\u00f8le deg ustabil p\u00e5 f\u00f8ttene.<br \/> Hodepine<br \/> Forvirring<br \/> S\u00f8vnl\u00f8shet (glemmer ting)<br \/> Ikke bli skremt av f\u00f8lgende liste over bivirkninger. Noen individer opplever ingen bivirkninger i det hele tatt, mens andre kan oppleve noen som ikke er inkludert her. Hvis du tror du kan oppleve en bivirkning av medisinen din, kontakt legen din, sykepleier eller apotek.<\/p>\n<p>Er det trygt for meg \u00e5 kj\u00f8re bil eller sykle mens jeg tar LEXOTANIL?<\/p>\n<p> Bromazepam kan svekke kj\u00f8reevnen din og indusere mild svimmelhet og \u00f8rhet.<\/p>\n<p>V\u00e6r forsiktig n\u00e5r du kj\u00f8rer bil eller bruker maskiner til du vet hvordan bromazepam p\u00e5virker deg. Du b\u00f8r v\u00e6re forsiktig siden det kan f\u00f8re til at reaksjonstiden din g\u00e5r langsommere.<\/p>\n","protected":false},"excerpt":{"rendered":"<p>Lexotanil Bromazepam 3mg tabletter kan kj\u00f8pes p\u00e5 nettet. Bromazepam (Lexotanil) er medlem av benzodiazepinklassen av medisiner, som inkluderer antidepressiva, anti-panikkmidler og muskelavslappende midler.<\/p>\n<p>Bromazepam er et korttidsvirkende benzodiazepin med en langsom begynnelse som brukes ofte&#039; 8230; Tablett, 3 mg, oral, alti-bromazepam 3 mg tabletter, beste globale medisiner<\/p>\n<p>Kj\u00f8p bromazepam online uten resept | Kj\u00f8p Lexotan 6mg online uten resept<\/p>\n<p>Bromazepam (Lexotanil) er et benzodiazepin.<\/p>\n","protected":false},"featured_media":5252,"comment_status":"open","ping_status":"closed","template":"","meta":[],"product_brand":[],"product_cat":[1117],"product_tag":[1419,1420,1421,1422,1423,1424,1425,1428,1429,1426,1427,1430,1431,1432,1433,1434,1435,1436,1437,1438],"class_list":{"0":"post-5236","1":"product","2":"type-product","3":"status-publish","4":"has-post-thumbnail","6":"product_cat-kjop-smerte-sove-sexpiller","7":"product_tag-3-mg","8":"product_tag-3mg","9":"product_tag-3mg-klonopin","10":"product_tag-bromazepam","11":"product_tag-bromazepam-lexotanil","12":"product_tag-bromazepam-lexotanil-6mg-til-salg","13":"product_tag-bromazepam-lexotanil-til-salg","14":"product_tag-can-you-overdose-on-lexapro","15":"product_tag-is-lexapro-a-benzodiazepiner","16":"product_tag-kjp-lexotanil-bromazepam","17":"product_tag-kjp-lexotanil-bromazepam-fra-canada","18":"product_tag-lexapro-generisk-navn","19":"product_tag-lexatin","20":"product_tag-lexomil","21":"product_tag-lexotan","22":"product_tag-lexotan-3mg","23":"product_tag-lexotanil","24":"product_tag-lexotanil-bromazepam","25":"product_tag-lexotanil-bromazepam-3mg","26":"product_tag-tabs-piller-legemidler","28":"first","29":"instock","30":"shipping-taxable","31":"purchasable","32":"product-type-variable","33":"has-default-attributes"},"yoast_head":"<!-- This site is optimized with the Yoast SEO plugin v27.3 - https:\/\/yoast.com\/product\/yoast-seo-wordpress\/ -->\n<title>Kj\u00f8p Lexotanil Bromazepam 3mg piller online - Beste beste globale medisiner<\/title>\n<meta name=\"description\" content=\"Kj\u00f8p Lexotanil Bromazepam 3mg piller for salg online uk, europa. Bromazepam (Lexotanil) er i gruppen medikamenter kjent som benzodiazepiner, en klasse antidepressiva, anti-panikkmidler og muskelavslappende midler.\" \/>\n<meta name=\"robots\" content=\"index, follow, max-snippet:-1, max-image-preview:large, max-video-preview:-1\" \/>\n<link rel=\"canonical\" href=\"https:\/\/medicinasinc.com\/no\/product\/kjop-lexotanil-bromazepam-3mg-piller-online\/\" \/>\n<meta property=\"og:locale\" content=\"nn_NO\" \/>\n<meta property=\"og:type\" content=\"article\" \/>\n<meta property=\"og:title\" content=\"Kj\u00f8p Lexotanil Bromazepam 3mg piller online - Beste beste globale medisiner\" \/>\n<meta property=\"og:description\" content=\"Kj\u00f8p Lexotanil Bromazepam 3mg piller for salg online uk, europa. Bromazepam (Lexotanil) er i gruppen medikamenter kjent som benzodiazepiner, en klasse antidepressiva, anti-panikkmidler og muskelavslappende midler.\" \/>\n<meta property=\"og:url\" content=\"https:\/\/medicinasinc.com\/no\/product\/kjop-lexotanil-bromazepam-3mg-piller-online\/\" \/>\n<meta property=\"og:site_name\" content=\"Medicinas Inc\" \/>\n<meta property=\"article:modified_time\" content=\"2022-03-22T00:58:55+00:00\" \/>\n<meta property=\"og:image\" content=\"https:\/\/medicinasinc.com\/no\/wp-content\/uploads\/sites\/14\/2022\/02\/Buy-Lexotan-Bromazepam-3mg.jpg\" \/>\n\t<meta property=\"og:image:width\" content=\"600\" \/>\n\t<meta property=\"og:image:height\" content=\"600\" \/>\n\t<meta property=\"og:image:type\" content=\"image\/jpeg\" \/>\n<meta name=\"twitter:card\" content=\"summary_large_image\" \/>\n<meta name=\"twitter:label1\" content=\"Est. reading time\" \/>\n\t<meta name=\"twitter:data1\" content=\"3 minutt\" \/>\n<script type=\"application\/ld+json\" class=\"yoast-schema-graph\">{\"@context\":\"https:\\\/\\\/schema.org\",\"@graph\":[{\"@type\":\"WebPage\",\"@id\":\"https:\\\/\\\/medicinasinc.com\\\/no\\\/product\\\/kjop-lexotanil-bromazepam-3mg-piller-online\\\/\",\"url\":\"https:\\\/\\\/medicinasinc.com\\\/no\\\/product\\\/kjop-lexotanil-bromazepam-3mg-piller-online\\\/\",\"name\":\"Kj\u00f8p Lexotanil Bromazepam 3mg piller online - Beste beste globale medisiner\",\"isPartOf\":{\"@id\":\"https:\\\/\\\/medicinasinc.com\\\/no\\\/#website\"},\"primaryImageOfPage\":{\"@id\":\"https:\\\/\\\/medicinasinc.com\\\/no\\\/product\\\/kjop-lexotanil-bromazepam-3mg-piller-online\\\/#primaryimage\"},\"image\":{\"@id\":\"https:\\\/\\\/medicinasinc.com\\\/no\\\/product\\\/kjop-lexotanil-bromazepam-3mg-piller-online\\\/#primaryimage\"},\"thumbnailUrl\":\"https:\\\/\\\/medicinasinc.com\\\/no\\\/wp-content\\\/uploads\\\/sites\\\/14\\\/2022\\\/02\\\/Buy-Lexotan-Bromazepam-3mg.jpg\",\"datePublished\":\"2022-02-20T22:23:28+00:00\",\"dateModified\":\"2022-03-22T00:58:55+00:00\",\"description\":\"Kj\u00f8p Lexotanil Bromazepam 3mg piller for salg online uk, europa. Bromazepam (Lexotanil) er i gruppen medikamenter kjent som benzodiazepiner, en klasse antidepressiva, anti-panikkmidler og muskelavslappende midler.\",\"breadcrumb\":{\"@id\":\"https:\\\/\\\/medicinasinc.com\\\/no\\\/product\\\/kjop-lexotanil-bromazepam-3mg-piller-online\\\/#breadcrumb\"},\"inLanguage\":\"nn-NO\",\"potentialAction\":[{\"@type\":\"ReadAction\",\"target\":[\"https:\\\/\\\/medicinasinc.com\\\/no\\\/product\\\/kjop-lexotanil-bromazepam-3mg-piller-online\\\/\"]}]},{\"@type\":\"ImageObject\",\"inLanguage\":\"nn-NO\",\"@id\":\"https:\\\/\\\/medicinasinc.com\\\/no\\\/product\\\/kjop-lexotanil-bromazepam-3mg-piller-online\\\/#primaryimage\",\"url\":\"https:\\\/\\\/medicinasinc.com\\\/no\\\/wp-content\\\/uploads\\\/sites\\\/14\\\/2022\\\/02\\\/Buy-Lexotan-Bromazepam-3mg.jpg\",\"contentUrl\":\"https:\\\/\\\/medicinasinc.com\\\/no\\\/wp-content\\\/uploads\\\/sites\\\/14\\\/2022\\\/02\\\/Buy-Lexotan-Bromazepam-3mg.jpg\",\"width\":600,\"height\":600},{\"@type\":\"BreadcrumbList\",\"@id\":\"https:\\\/\\\/medicinasinc.com\\\/no\\\/product\\\/kjop-lexotanil-bromazepam-3mg-piller-online\\\/#breadcrumb\",\"itemListElement\":[{\"@type\":\"ListItem\",\"position\":1,\"name\":\"Butikk\",\"item\":\"https:\\\/\\\/medicinasinc.com\\\/no\\\/butikk\\\/\"},{\"@type\":\"ListItem\",\"position\":2,\"name\":\"Kj\u00f8p Lexotanil Bromazepam 3mg piller online\"}]},{\"@type\":\"WebSite\",\"@id\":\"https:\\\/\\\/medicinasinc.com\\\/no\\\/#website\",\"url\":\"https:\\\/\\\/medicinasinc.com\\\/no\\\/\",\"name\":\"Medicinas Inc\",\"description\":\"Helsemedisinsk klinikk\",\"potentialAction\":[{\"@type\":\"SearchAction\",\"target\":{\"@type\":\"EntryPoint\",\"urlTemplate\":\"https:\\\/\\\/medicinasinc.com\\\/no\\\/?s={search_term_string}\"},\"query-input\":{\"@type\":\"PropertyValueSpecification\",\"valueRequired\":true,\"valueName\":\"search_term_string\"}}],\"inLanguage\":\"nn-NO\"}]}<\/script>\n<!-- \/ Yoast SEO plugin. -->","yoast_head_json":{"title":"Kj\u00f8p Lexotanil Bromazepam 3mg piller online - Beste beste globale medisiner","description":"Kj\u00f8p Lexotanil Bromazepam 3mg piller for salg online uk, europa. Bromazepam (Lexotanil) er i gruppen medikamenter kjent som benzodiazepiner, en klasse antidepressiva, anti-panikkmidler og muskelavslappende midler.","robots":{"index":"index","follow":"follow","max-snippet":"max-snippet:-1","max-image-preview":"max-image-preview:large","max-video-preview":"max-video-preview:-1"},"canonical":"https:\/\/medicinasinc.com\/no\/product\/kjop-lexotanil-bromazepam-3mg-piller-online\/","og_locale":"nn_NO","og_type":"article","og_title":"Kj\u00f8p Lexotanil Bromazepam 3mg piller online - Beste beste globale medisiner","og_description":"Kj\u00f8p Lexotanil Bromazepam 3mg piller for salg online uk, europa. Bromazepam (Lexotanil) er i gruppen medikamenter kjent som benzodiazepiner, en klasse antidepressiva, anti-panikkmidler og muskelavslappende midler.","og_url":"https:\/\/medicinasinc.com\/no\/product\/kjop-lexotanil-bromazepam-3mg-piller-online\/","og_site_name":"Medicinas Inc","article_modified_time":"2022-03-22T00:58:55+00:00","og_image":[{"width":600,"height":600,"url":"https:\/\/medicinasinc.com\/no\/wp-content\/uploads\/sites\/14\/2022\/02\/Buy-Lexotan-Bromazepam-3mg.jpg","type":"image\/jpeg"}],"twitter_card":"summary_large_image","twitter_misc":{"Est. reading time":"3 minutt"},"schema":{"@context":"https:\/\/schema.org","@graph":[{"@type":"WebPage","@id":"https:\/\/medicinasinc.com\/no\/product\/kjop-lexotanil-bromazepam-3mg-piller-online\/","url":"https:\/\/medicinasinc.com\/no\/product\/kjop-lexotanil-bromazepam-3mg-piller-online\/","name":"Kj\u00f8p Lexotanil Bromazepam 3mg piller online - Beste beste globale medisiner","isPartOf":{"@id":"https:\/\/medicinasinc.com\/no\/#website"},"primaryImageOfPage":{"@id":"https:\/\/medicinasinc.com\/no\/product\/kjop-lexotanil-bromazepam-3mg-piller-online\/#primaryimage"},"image":{"@id":"https:\/\/medicinasinc.com\/no\/product\/kjop-lexotanil-bromazepam-3mg-piller-online\/#primaryimage"},"thumbnailUrl":"https:\/\/medicinasinc.com\/no\/wp-content\/uploads\/sites\/14\/2022\/02\/Buy-Lexotan-Bromazepam-3mg.jpg","datePublished":"2022-02-20T22:23:28+00:00","dateModified":"2022-03-22T00:58:55+00:00","description":"Kj\u00f8p Lexotanil Bromazepam 3mg piller for salg online uk, europa. Bromazepam (Lexotanil) er i gruppen medikamenter kjent som benzodiazepiner, en klasse antidepressiva, anti-panikkmidler og muskelavslappende midler.","breadcrumb":{"@id":"https:\/\/medicinasinc.com\/no\/product\/kjop-lexotanil-bromazepam-3mg-piller-online\/#breadcrumb"},"inLanguage":"nn-NO","potentialAction":[{"@type":"ReadAction","target":["https:\/\/medicinasinc.com\/no\/product\/kjop-lexotanil-bromazepam-3mg-piller-online\/"]}]},{"@type":"ImageObject","inLanguage":"nn-NO","@id":"https:\/\/medicinasinc.com\/no\/product\/kjop-lexotanil-bromazepam-3mg-piller-online\/#primaryimage","url":"https:\/\/medicinasinc.com\/no\/wp-content\/uploads\/sites\/14\/2022\/02\/Buy-Lexotan-Bromazepam-3mg.jpg","contentUrl":"https:\/\/medicinasinc.com\/no\/wp-content\/uploads\/sites\/14\/2022\/02\/Buy-Lexotan-Bromazepam-3mg.jpg","width":600,"height":600},{"@type":"BreadcrumbList","@id":"https:\/\/medicinasinc.com\/no\/product\/kjop-lexotanil-bromazepam-3mg-piller-online\/#breadcrumb","itemListElement":[{"@type":"ListItem","position":1,"name":"Butikk","item":"https:\/\/medicinasinc.com\/no\/butikk\/"},{"@type":"ListItem","position":2,"name":"Kj\u00f8p Lexotanil Bromazepam 3mg piller online"}]},{"@type":"WebSite","@id":"https:\/\/medicinasinc.com\/no\/#website","url":"https:\/\/medicinasinc.com\/no\/","name":"Medicinas Inc","description":"Helsemedisinsk klinikk","potentialAction":[{"@type":"SearchAction","target":{"@type":"EntryPoint","urlTemplate":"https:\/\/medicinasinc.com\/no\/?s={search_term_string}"},"query-input":{"@type":"PropertyValueSpecification","valueRequired":true,"valueName":"search_term_string"}}],"inLanguage":"nn-NO"}]}},"_links":{"self":[{"href":"https:\/\/medicinasinc.com\/no\/wp-json\/wp\/v2\/product\/5236","targetHints":{"allow":["GET"]}}],"collection":[{"href":"https:\/\/medicinasinc.com\/no\/wp-json\/wp\/v2\/product"}],"about":[{"href":"https:\/\/medicinasinc.com\/no\/wp-json\/wp\/v2\/types\/product"}],"replies":[{"embeddable":true,"href":"https:\/\/medicinasinc.com\/no\/wp-json\/wp\/v2\/comments?post=5236"}],"wp:featuredmedia":[{"embeddable":true,"href":"https:\/\/medicinasinc.com\/no\/wp-json\/wp\/v2\/media\/5252"}],"wp:attachment":[{"href":"https:\/\/medicinasinc.com\/no\/wp-json\/wp\/v2\/media?parent=5236"}],"wp:term":[{"taxonomy":"product_brand","embeddable":true,"href":"https:\/\/medicinasinc.com\/no\/wp-json\/wp\/v2\/product_brand?post=5236"},{"taxonomy":"product_cat","embeddable":true,"href":"https:\/\/medicinasinc.com\/no\/wp-json\/wp\/v2\/product_cat?post=5236"},{"taxonomy":"product_tag","embeddable":true,"href":"https:\/\/medicinasinc.com\/no\/wp-json\/wp\/v2\/product_tag?post=5236"}],"curies":[{"name":"wp","href":"https:\/\/api.w.org\/{rel}","templated":true}]}}