{"id":5209,"date":"2022-02-20T21:59:55","date_gmt":"2022-02-20T21:59:55","guid":{"rendered":"https:\/\/medicinasinc.com\/no\/?post_type=product&#038;p=5209"},"modified":"2022-03-22T00:59:04","modified_gmt":"2022-03-22T00:59:04","slug":"kjop-klonopin-2-mg","status":"publish","type":"product","link":"https:\/\/medicinasinc.com\/no\/product\/kjop-klonopin-2-mg\/","title":{"rendered":"Kj\u00f8p Klonopin 2 mg"},"content":{"rendered":"<p>P\u00e5 nettet kan du kj\u00f8pe Klonopin 2 mg piller for salg til en lav pris.<\/p>\n<p>Klonopin er en ekte eliksir som vil hjelpe deg med \u00e5 h\u00e5ndtere problemene dine. Det vil ogs\u00e5 f\u00e5 deg til \u00e5 f\u00f8le deg bedre.<\/p>\n<p>Klonopin er et benzodiazepin beroligende og antikonvulsivt middel, og det kan hjelpe folk \u00e5 slappe av og slutte \u00e5 f\u00e5 anfall. Det brukes mest til \u00e5 behandle angstlidelser, som panikklidelse.<\/p>\n<p>Ta en n\u00e6rmere titt p\u00e5 Klonopin n\u00e5.<\/p>\n<p>Klonopin er det eneste benzodiazepinet som FDA har godkjent for \u00e5 behandle panikklidelse . Mange bruker Klonopin for \u00e5 behandle angst, agitasjon, akutt mani (i kombinasjon med andre legemidler), og for \u00e5 stoppe anfall raskt. Bruk: Det brukes som et langvarig antikonvulsivt medikament, som en sovepille, for \u00e5 behandle nervesmerter.<\/p>\n<p>De kan v\u00e6re rolige, kanskje h\u00f8ye og litt slitne etter \u00e5 ha tatt Klonopin. Bivirkninger varierer fra person til person og er basert p\u00e5 hvor mye du tar. I de fleste tilfeller gis Klonopin to ganger daglig, i omtrent 0,25 mg til 2 mg. Personer med epilepsi kan ta opptil 20 mg daglig.<\/p>\n<p>Slik virker Klonopin: Det p\u00e5virker nevrotransmitteren GABA, som er en motgift. Fordi Klonopin gj\u00f8r s\u00e5 mange ting p\u00e5 en gang, bremser det hjernen ved \u00e5 redusere evnen til nerver til \u00e5 sende impulser. Som et resultat av mindre aktivitet blir folk mindre engstelige, og sjansen for \u00e5 f\u00e5 et anfall g\u00e5r ogs\u00e5 ned.<\/p>\n<p>I medisin brukes Klonopin til \u00e5 behandle anfall og panikkanfall. Det kan ogs\u00e5 brukes som et hypnotisk middel for \u00e5 behandle angstlidelser, panikklidelse og smerte. \u00c5 ta benzodiazepin vil bidra til \u00e5 stoppe anfallet og bringe hjerneaktiviteten tilbake til normal. Dette kan ogs\u00e5 hjelpe mot smerter, spesielt nevropatiske smerter, fordi det gj\u00f8r det vanskelig for nevronene \u00e5 sende smertesignaler, noe som gj\u00f8r dem mindre f\u00f8lsomme.<\/p>\n<p>Ting \u00e5 snakke om med legen f\u00f8r du tar Klonopin<\/p>\n<p>Du b\u00f8r fortelle legen din dersom du:<\/p>\n<p>Minst \u00e9n av disse tilstandene:<\/p>\n<p>\u2022 problemer med leveren<\/p>\n<p>\u2022 alkohol- eller narkotikamisbruk, enten n\u00e5v\u00e6rende eller tidligere;<\/p>\n<p>Folk som har astma, bronkitt, emfysem eller andre luftveissykdommer;<\/p>\n<p>\u2022 tristhet eller selvmordstanker.<\/p>\n<p>A mange mennesker som har sykdommene ovenfor kan ikke ta Klonopin, eller de m\u00e5 ta en lavere dose av stoffet og bli sjekket ut av legen.<\/p>\n<p>Hvis du er over 60 \u00e5r, er sjansen for \u00e5 ha bivirkninger av medisinen er sv\u00e6rt h\u00f8ye. P\u00e5 grunn av dette b\u00f8r Klonopin-dosen endres basert p\u00e5 helsen din.<\/p>\n<p>Bruk:<\/p>\n<p>Klonopin b\u00f8r kun tas p\u00e5 den m\u00e5ten en lege har fortalt deg. Kontakt legen din eller apoteket for r\u00e5d om hvordan du bruker det. N\u00e5r du tar pillen, b\u00f8r du drikke hele greia. Ikke ta mer enn legen din har fortalt deg. F\u00f8r du slutter \u00e5 ta produktet, snakk med legen din.<\/p>\n<p>Ta en titt p\u00e5 hva som skjer n\u00e5r du tar for mye medisin.<\/p>\n<p>I tilfelle en overdose, ring en lege med det samme borte.<\/p>\n<p>Tegn p\u00e5 en overdose:<\/p>\n<p>d\u00f8sighet, svimmelhet, forvirring, langsom hjerterytme, alkohollignende symptomer og bevisstl\u00f8shet er alle tegn p\u00e5 alkoholisme.<\/p>\n<p>Hvis noen tar for mye av stoffet, utf\u00f8res mageskylling og behandling for bivirkninger.<\/p>\n<p>N\u00e5r du kj\u00f8rer bil, bruker maskiner eller gj\u00f8r annet arbeid som kan v\u00e6re farlig, v\u00e6r forsiktig.<\/p>\n<p> p&gt; <\/p>\n<p>I tilfelle av d\u00f8sighet eller svimmelhet, b\u00f8r du ikke gj\u00f8re slike ting.<\/p>\n<p>Alkohol b\u00f8r ikke blandes med Klonopin. Alkohol gj\u00f8r Klonopin mer sannsynlig \u00e5 for\u00e5rsake alvorlige bivirkninger. Som et resultat er det st\u00f8rre sjanse for \u00e5 f\u00e5 anfall ogs\u00e5.<\/p>\n<p>Hva har Klonopin?<\/p>\n<p>allergi: kortpustethet, hevelser i leppene, ansiktet, tungen eller utslett <\/p>\n<p>Det er ogs\u00e5 en sjanse for at andre, mindre alvorlige bivirkninger vil dukke opp.<\/p>\n<p>Fortsett \u00e5 ta stoffet og fortell legen din dersom du har:<\/p>\n<p>S\u00f8vnighet ; svimmelhet eller vanskelige bevegelser; depresjon; svimmelhet, kvalme, diar\u00e9 eller forstoppelse; problemer med vannlating, mareritt, hodepine, munnt\u00f8rrhet, nedsatt seksuell lyst og endringer i atferd er alle tegn p\u00e5 depresjon.<\/p>\n<p>Dosering og hvordan det gj\u00f8res<\/p>\n<p>Klonopin-behandling starter med sm\u00e5 doser og \u00f8ker dem gradvis for \u00e5 f\u00e5 de beste resultatene. Fordi hver person har en annen tilstand og kroppsreaksjon p\u00e5 \u00e5 ta et stoff, er doseringen skreddersydd til hans behov. Den vanligste Klonopin-dosen er 0,5 mg tre ganger daglig. Hvis den terapeutiske effekten ikke oppn\u00e5s, kan dosen \u00f8kes hver tredje dag av behandlingen til den er det.<\/p>\n<p>N\u00e5r legemidlet tas i h\u00f8ye doser, spesielt over lang tid, kan det f\u00f8re til problemer med artikulasjon, diplopi, nystagmus, paradoksale reaksjoner (som plutselig opphisselse) og anterograd amnesi. Noen f\u00e5 ganger f\u00e5r en person en overf\u00f8lsomhetsreaksjon, muskelsvakhet eller depresjon. Personer med enkelte typer epilepsi kan f\u00e5 flere anfall hvis de f\u00e5r behandling over lengre tid.<\/p>\n","protected":false},"excerpt":{"rendered":"<p>Kj\u00f8p Klonopin 2 mg piller for salg i Storbritannia, Europa og resten av verden. Klonopin (Clonazepam) kan hjelpe personer med anfall, panikklidelse og angst. Benzodiazepiner er medisiner som f\u00e5r deg til \u00e5 f\u00f8le deg rolig.<\/p>\n<p>Klonazepam klonopin 2mg kan kj\u00f8pes p\u00e5 nett til den beste prisen p\u00e5 det beste stedet. Best Global Meds er et velkjent nettapotek som kun selger lovlige legemidler. N\u00e5r du bestiller p\u00e5 nett, kan du spare penger og tid.<\/p>\n<p>Storbritannia, Europa: Jeg vil ha Klonopin til salgs. Det er steder i Europa hvor du kan kj\u00f8pe klonazepam p\u00e5 nettet og kj\u00f8pe klonopin 2 mg tabletter.<\/p>\n","protected":false},"featured_media":5228,"comment_status":"open","ping_status":"closed","template":"","meta":[],"product_brand":[],"product_cat":[1117],"product_tag":[1370,1371,1413,1372,1373,1375,1384,1385,1386,1387,1376,1377,1381,1382,1383,1417,1415,1416,1378,1380,1379,1414,1374,1388,1389,1390,1391,1412,1393,1392,1404,1395,1394,1396,1397,1398,1399,1400,1401,1403,1405,1410,1406,1407,1408,1409,1402,1411,1418],"class_list":{"0":"post-5209","1":"product","2":"type-product","3":"status-publish","4":"has-post-thumbnail","6":"product_cat-kjop-smerte-sove-sexpiller","7":"product_tag-1mg-klonopin","8":"product_tag-ativan-vs-klonopin","9":"product_tag-bivirkninger-av-klonopin","10":"product_tag-bl-klonopin","11":"product_tag-bl-klonopin-2mg","12":"product_tag-clonazepam-klonopin-orange-pill-1-2","13":"product_tag-er-1mg-av-klonopin-en-lav-dose","14":"product_tag-er-klonopin-a-benzo","15":"product_tag-er-klonopin-et-kontrollert-stoff","16":"product_tag-er-klonopin-et-narkotisk","17":"product_tag-generisk-klonopin","18":"product_tag-half-life-of-klonopin","19":"product_tag-how-long-does-klonopin-stay-in-your-urine","20":"product_tag-how-long-does-klonopin-take-to-work","21":"product_tag-how-many-hours-between-klonopin-doses","22":"product_tag-hva-brukes-klonopin-til","23":"product_tag-hva-er-en-hy-dose-klonopin","24":"product_tag-hva-er-klonopin","25":"product_tag-hvor-lang-tid-tar-det-for-klonopin--spark-in","26":"product_tag-hvor-lenge-blir-klonopin-i-systemet-ditt","27":"product_tag-hvor-lenge-varer-klonopin","28":"product_tag-hvordan-ser-klonopin-ut","29":"product_tag-kan-du-ta-klonopin-for-livet","30":"product_tag-klonopin","31":"product_tag-klonopin-10-mg","32":"product_tag-klonopin-1mg","33":"product_tag-klonopin-2mg","34":"product_tag-klonopin-abstinenssymptomer","35":"product_tag-klonopin-and-alcohol","36":"product_tag-klonopin-avhengighet","37":"product_tag-klonopin-bivirkninger","38":"product_tag-klonopin-doser","39":"product_tag-klonopin-dosering","40":"product_tag-klonopin-for-angst","41":"product_tag-klonopin-for-svn","42":"product_tag-klonopin-generisk","43":"product_tag-klonopin-halveringstid","44":"product_tag-klonopin-hy","45":"product_tag-klonopin-medisin","46":"product_tag-klonopin-pille","47":"product_tag-klonopin-uses","48":"product_tag-klonopin-vekttap","49":"product_tag-klonopin-vs-ativan","50":"product_tag-klonopin-vs-valium","51":"product_tag-klonopin-vs-xanax","52":"product_tag-klonopin-vs-xanax-reddit","53":"product_tag-klonopin-overdose","54":"product_tag-klonopin-uttak","55":"product_tag-xanax-vs-klonopin","57":"first","58":"instock","59":"shipping-taxable","60":"purchasable","61":"product-type-variable","62":"has-default-attributes"},"yoast_head":"<!-- This site is optimized with the Yoast SEO plugin v27.3 - https:\/\/yoast.com\/product\/yoast-seo-wordpress\/ -->\n<title>Kj\u00f8p Klonopin 2 mg - Klonopin Online Salg - Beste beste globale medisiner<\/title>\n<meta name=\"description\" content=\"Kj\u00f8p Klonopin 2 mg for salg UK, Europe piller online. Klonopin (Clonazepam) behandler anfall, panikklidelse og angst. Dette legemidlet er et benzodiazepin.\" \/>\n<meta name=\"robots\" content=\"index, follow, max-snippet:-1, max-image-preview:large, max-video-preview:-1\" \/>\n<link rel=\"canonical\" href=\"https:\/\/medicinasinc.com\/no\/product\/kjop-klonopin-2-mg\/\" \/>\n<meta property=\"og:locale\" content=\"nn_NO\" \/>\n<meta property=\"og:type\" content=\"article\" \/>\n<meta property=\"og:title\" content=\"Kj\u00f8p Klonopin 2 mg - Klonopin Online Salg - Beste beste globale medisiner\" \/>\n<meta property=\"og:description\" content=\"Kj\u00f8p Klonopin 2 mg for salg UK, Europe piller online. Klonopin (Clonazepam) behandler anfall, panikklidelse og angst. Dette legemidlet er et benzodiazepin.\" \/>\n<meta property=\"og:url\" content=\"https:\/\/medicinasinc.com\/no\/product\/kjop-klonopin-2-mg\/\" \/>\n<meta property=\"og:site_name\" content=\"Medicinas Inc\" \/>\n<meta property=\"article:modified_time\" content=\"2022-03-22T00:59:04+00:00\" \/>\n<meta property=\"og:image\" content=\"https:\/\/medicinasinc.com\/no\/wp-content\/uploads\/sites\/14\/2022\/02\/Buy-Klonopin-2-mg.jpeg\" \/>\n\t<meta property=\"og:image:width\" content=\"236\" \/>\n\t<meta property=\"og:image:height\" content=\"296\" \/>\n\t<meta property=\"og:image:type\" content=\"image\/jpeg\" \/>\n<meta name=\"twitter:card\" content=\"summary_large_image\" \/>\n<meta name=\"twitter:label1\" content=\"Est. reading time\" \/>\n\t<meta name=\"twitter:data1\" content=\"4 minutt\" \/>\n<script type=\"application\/ld+json\" class=\"yoast-schema-graph\">{\"@context\":\"https:\\\/\\\/schema.org\",\"@graph\":[{\"@type\":\"WebPage\",\"@id\":\"https:\\\/\\\/medicinasinc.com\\\/no\\\/product\\\/kjop-klonopin-2-mg\\\/\",\"url\":\"https:\\\/\\\/medicinasinc.com\\\/no\\\/product\\\/kjop-klonopin-2-mg\\\/\",\"name\":\"Kj\u00f8p Klonopin 2 mg - Klonopin Online Salg - Beste beste globale medisiner\",\"isPartOf\":{\"@id\":\"https:\\\/\\\/medicinasinc.com\\\/no\\\/#website\"},\"primaryImageOfPage\":{\"@id\":\"https:\\\/\\\/medicinasinc.com\\\/no\\\/product\\\/kjop-klonopin-2-mg\\\/#primaryimage\"},\"image\":{\"@id\":\"https:\\\/\\\/medicinasinc.com\\\/no\\\/product\\\/kjop-klonopin-2-mg\\\/#primaryimage\"},\"thumbnailUrl\":\"https:\\\/\\\/medicinasinc.com\\\/no\\\/wp-content\\\/uploads\\\/sites\\\/14\\\/2022\\\/02\\\/Buy-Klonopin-2-mg.jpeg\",\"datePublished\":\"2022-02-20T21:59:55+00:00\",\"dateModified\":\"2022-03-22T00:59:04+00:00\",\"description\":\"Kj\u00f8p Klonopin 2 mg for salg UK, Europe piller online. Klonopin (Clonazepam) behandler anfall, panikklidelse og angst. Dette legemidlet er et benzodiazepin.\",\"breadcrumb\":{\"@id\":\"https:\\\/\\\/medicinasinc.com\\\/no\\\/product\\\/kjop-klonopin-2-mg\\\/#breadcrumb\"},\"inLanguage\":\"nn-NO\",\"potentialAction\":[{\"@type\":\"ReadAction\",\"target\":[\"https:\\\/\\\/medicinasinc.com\\\/no\\\/product\\\/kjop-klonopin-2-mg\\\/\"]}]},{\"@type\":\"ImageObject\",\"inLanguage\":\"nn-NO\",\"@id\":\"https:\\\/\\\/medicinasinc.com\\\/no\\\/product\\\/kjop-klonopin-2-mg\\\/#primaryimage\",\"url\":\"https:\\\/\\\/medicinasinc.com\\\/no\\\/wp-content\\\/uploads\\\/sites\\\/14\\\/2022\\\/02\\\/Buy-Klonopin-2-mg.jpeg\",\"contentUrl\":\"https:\\\/\\\/medicinasinc.com\\\/no\\\/wp-content\\\/uploads\\\/sites\\\/14\\\/2022\\\/02\\\/Buy-Klonopin-2-mg.jpeg\",\"width\":236,\"height\":296},{\"@type\":\"BreadcrumbList\",\"@id\":\"https:\\\/\\\/medicinasinc.com\\\/no\\\/product\\\/kjop-klonopin-2-mg\\\/#breadcrumb\",\"itemListElement\":[{\"@type\":\"ListItem\",\"position\":1,\"name\":\"Butikk\",\"item\":\"https:\\\/\\\/medicinasinc.com\\\/no\\\/butikk\\\/\"},{\"@type\":\"ListItem\",\"position\":2,\"name\":\"Kj\u00f8p Klonopin 2 mg\"}]},{\"@type\":\"WebSite\",\"@id\":\"https:\\\/\\\/medicinasinc.com\\\/no\\\/#website\",\"url\":\"https:\\\/\\\/medicinasinc.com\\\/no\\\/\",\"name\":\"Medicinas Inc\",\"description\":\"Helsemedisinsk klinikk\",\"potentialAction\":[{\"@type\":\"SearchAction\",\"target\":{\"@type\":\"EntryPoint\",\"urlTemplate\":\"https:\\\/\\\/medicinasinc.com\\\/no\\\/?s={search_term_string}\"},\"query-input\":{\"@type\":\"PropertyValueSpecification\",\"valueRequired\":true,\"valueName\":\"search_term_string\"}}],\"inLanguage\":\"nn-NO\"}]}<\/script>\n<!-- \/ Yoast SEO plugin. -->","yoast_head_json":{"title":"Kj\u00f8p Klonopin 2 mg - Klonopin Online Salg - Beste beste globale medisiner","description":"Kj\u00f8p Klonopin 2 mg for salg UK, Europe piller online. Klonopin (Clonazepam) behandler anfall, panikklidelse og angst. Dette legemidlet er et benzodiazepin.","robots":{"index":"index","follow":"follow","max-snippet":"max-snippet:-1","max-image-preview":"max-image-preview:large","max-video-preview":"max-video-preview:-1"},"canonical":"https:\/\/medicinasinc.com\/no\/product\/kjop-klonopin-2-mg\/","og_locale":"nn_NO","og_type":"article","og_title":"Kj\u00f8p Klonopin 2 mg - Klonopin Online Salg - Beste beste globale medisiner","og_description":"Kj\u00f8p Klonopin 2 mg for salg UK, Europe piller online. Klonopin (Clonazepam) behandler anfall, panikklidelse og angst. Dette legemidlet er et benzodiazepin.","og_url":"https:\/\/medicinasinc.com\/no\/product\/kjop-klonopin-2-mg\/","og_site_name":"Medicinas Inc","article_modified_time":"2022-03-22T00:59:04+00:00","og_image":[{"width":236,"height":296,"url":"https:\/\/medicinasinc.com\/no\/wp-content\/uploads\/sites\/14\/2022\/02\/Buy-Klonopin-2-mg.jpeg","type":"image\/jpeg"}],"twitter_card":"summary_large_image","twitter_misc":{"Est. reading time":"4 minutt"},"schema":{"@context":"https:\/\/schema.org","@graph":[{"@type":"WebPage","@id":"https:\/\/medicinasinc.com\/no\/product\/kjop-klonopin-2-mg\/","url":"https:\/\/medicinasinc.com\/no\/product\/kjop-klonopin-2-mg\/","name":"Kj\u00f8p Klonopin 2 mg - Klonopin Online Salg - Beste beste globale medisiner","isPartOf":{"@id":"https:\/\/medicinasinc.com\/no\/#website"},"primaryImageOfPage":{"@id":"https:\/\/medicinasinc.com\/no\/product\/kjop-klonopin-2-mg\/#primaryimage"},"image":{"@id":"https:\/\/medicinasinc.com\/no\/product\/kjop-klonopin-2-mg\/#primaryimage"},"thumbnailUrl":"https:\/\/medicinasinc.com\/no\/wp-content\/uploads\/sites\/14\/2022\/02\/Buy-Klonopin-2-mg.jpeg","datePublished":"2022-02-20T21:59:55+00:00","dateModified":"2022-03-22T00:59:04+00:00","description":"Kj\u00f8p Klonopin 2 mg for salg UK, Europe piller online. Klonopin (Clonazepam) behandler anfall, panikklidelse og angst. Dette legemidlet er et benzodiazepin.","breadcrumb":{"@id":"https:\/\/medicinasinc.com\/no\/product\/kjop-klonopin-2-mg\/#breadcrumb"},"inLanguage":"nn-NO","potentialAction":[{"@type":"ReadAction","target":["https:\/\/medicinasinc.com\/no\/product\/kjop-klonopin-2-mg\/"]}]},{"@type":"ImageObject","inLanguage":"nn-NO","@id":"https:\/\/medicinasinc.com\/no\/product\/kjop-klonopin-2-mg\/#primaryimage","url":"https:\/\/medicinasinc.com\/no\/wp-content\/uploads\/sites\/14\/2022\/02\/Buy-Klonopin-2-mg.jpeg","contentUrl":"https:\/\/medicinasinc.com\/no\/wp-content\/uploads\/sites\/14\/2022\/02\/Buy-Klonopin-2-mg.jpeg","width":236,"height":296},{"@type":"BreadcrumbList","@id":"https:\/\/medicinasinc.com\/no\/product\/kjop-klonopin-2-mg\/#breadcrumb","itemListElement":[{"@type":"ListItem","position":1,"name":"Butikk","item":"https:\/\/medicinasinc.com\/no\/butikk\/"},{"@type":"ListItem","position":2,"name":"Kj\u00f8p Klonopin 2 mg"}]},{"@type":"WebSite","@id":"https:\/\/medicinasinc.com\/no\/#website","url":"https:\/\/medicinasinc.com\/no\/","name":"Medicinas Inc","description":"Helsemedisinsk klinikk","potentialAction":[{"@type":"SearchAction","target":{"@type":"EntryPoint","urlTemplate":"https:\/\/medicinasinc.com\/no\/?s={search_term_string}"},"query-input":{"@type":"PropertyValueSpecification","valueRequired":true,"valueName":"search_term_string"}}],"inLanguage":"nn-NO"}]}},"_links":{"self":[{"href":"https:\/\/medicinasinc.com\/no\/wp-json\/wp\/v2\/product\/5209","targetHints":{"allow":["GET"]}}],"collection":[{"href":"https:\/\/medicinasinc.com\/no\/wp-json\/wp\/v2\/product"}],"about":[{"href":"https:\/\/medicinasinc.com\/no\/wp-json\/wp\/v2\/types\/product"}],"replies":[{"embeddable":true,"href":"https:\/\/medicinasinc.com\/no\/wp-json\/wp\/v2\/comments?post=5209"}],"wp:featuredmedia":[{"embeddable":true,"href":"https:\/\/medicinasinc.com\/no\/wp-json\/wp\/v2\/media\/5228"}],"wp:attachment":[{"href":"https:\/\/medicinasinc.com\/no\/wp-json\/wp\/v2\/media?parent=5209"}],"wp:term":[{"taxonomy":"product_brand","embeddable":true,"href":"https:\/\/medicinasinc.com\/no\/wp-json\/wp\/v2\/product_brand?post=5209"},{"taxonomy":"product_cat","embeddable":true,"href":"https:\/\/medicinasinc.com\/no\/wp-json\/wp\/v2\/product_cat?post=5209"},{"taxonomy":"product_tag","embeddable":true,"href":"https:\/\/medicinasinc.com\/no\/wp-json\/wp\/v2\/product_tag?post=5209"}],"curies":[{"name":"wp","href":"https:\/\/api.w.org\/{rel}","templated":true}]}}